{"id":22844,"date":"2024-06-06T17:17:02","date_gmt":"2024-06-06T17:17:02","guid":{"rendered":"https:\/\/lightsteelblue-zebra-299715.hostingersite.com\/?post_type=product&#038;p=22844"},"modified":"2024-06-06T17:17:02","modified_gmt":"2024-06-06T17:17:02","slug":"trixie-tuna-strips-cat-treat-20-g","status":"publish","type":"product","link":"https:\/\/zoo-land.az\/ru\/shop\/cat\/treats-cat\/trixie-tuna-strips-cat-treat-20-g\/","title":{"rendered":"Trixie Tuna Strips Cat Treat 20 g"},"content":{"rendered":"<p>In addition to regular food, it&#8217;s important to occasionally treat pets with snacks. This helps to reward them and provide additional doses of beneficial nutrients.<\/p>\n<p>This product is rich in vitamins, combined with a great taste that your pet will surely enjoy!<\/p>\n<p>Feeding Instructions: Give 3-6 pieces per day, depending on the size of the animal, as a supplement to the main diet.<\/p>\n<p>Ingredients: Tuna (45%), Salmon (45%), vegetable protein extract, sorbitol, glycerin.<\/p>\n<p>Sugar-free, gluten-free.<\/p>\n<p>Composition: Raw protein 20%, raw ash 2.7%, raw fat 0.5%, raw fiber 0.7%, moisture 30.0%.<\/p>\n<p>No artificial colors. Non-GMO. Weight: 20g.<\/p>","protected":false},"excerpt":{"rendered":"<p>In addition to regular food, it&#8217;s important to occasionally treat pets with snacks. This helps to reward them and provide additional doses of beneficial nutrients.<\/p>\n<p>This product is rich in vitamins, combined with a great taste that your pet will surely enjoy!<\/p>\n<p>Feeding Instructions: Give 3-6 pieces per day, depending on the size of the animal, as a supplement to the main diet.<\/p>\n<p>Ingredients: Tuna (45%), Salmon (45%), vegetable protein extract, sorbitol, glycerin.<\/p>\n<p>Sugar-free, gluten-free.<\/p>\n<p>Composition: Raw protein 20%, raw ash 2.7%, raw fat 0.5%, raw fiber 0.7%, moisture 30.0%.<\/p>\n<p>No artificial colors. Non-GMO. Weight: 20g.<\/p>","protected":false},"featured_media":22845,"template":"","meta":{"inline_featured_image":false,"_joinchat":[]},"product_cat":[188,374],"product_tag":[],"class_list":{"0":"post-22844","1":"product","2":"type-product","3":"status-publish","4":"has-post-thumbnail","6":"product_brand-trixie","7":"product_cat-cat","8":"product_cat-treats-cat","10":"first","11":"instock","12":"shipping-taxable","13":"purchasable","14":"product-type-simple"},"yoast_head":"<!-- This site is optimized with the Yoast SEO plugin v26.7 - https:\/\/yoast.com\/wordpress\/plugins\/seo\/ -->\n<title>Trixie Tuna Strips Cat Treat 20 g - Zooland.az<\/title>\n<meta name=\"robots\" content=\"index, follow, max-snippet:-1, max-image-preview:large, max-video-preview:-1\" \/>\n<link rel=\"canonical\" href=\"https:\/\/zoo-land.az\/ru\/shop\/cat\/treats-cat\/trixie-tuna-strips-cat-treat-20-g\/\" \/>\n<meta property=\"og:locale\" content=\"ru_RU\" \/>\n<meta property=\"og:type\" content=\"article\" \/>\n<meta property=\"og:title\" content=\"Trixie Tuna Strips Cat Treat 20 g - Zooland.az\" \/>\n<meta property=\"og:description\" content=\"In addition to regular food, it&#039;s important to occasionally treat pets with snacks. This helps to reward them and provide additional doses of beneficial nutrients.  This product is rich in vitamins, combined with a great taste that your pet will surely enjoy!  Feeding Instructions: Give 3-6 pieces per day, depending on the size of the animal, as a supplement to the main diet.  Ingredients: Tuna (45%), Salmon (45%), vegetable protein extract, sorbitol, glycerin.  Sugar-free, gluten-free.  Composition: Raw protein 20%, raw ash 2.7%, raw fat 0.5%, raw fiber 0.7%, moisture 30.0%.  No artificial colors. Non-GMO. Weight: 20g.\" \/>\n<meta property=\"og:url\" content=\"https:\/\/zoo-land.az\/ru\/shop\/cat\/treats-cat\/trixie-tuna-strips-cat-treat-20-g\/\" \/>\n<meta property=\"og:site_name\" content=\"Zooland.az\" \/>\n<meta property=\"og:image\" content=\"https:\/\/zoo-land.az\/wp-content\/uploads\/2024\/06\/33131-1000x1000-1.jpg\" \/>\n\t<meta property=\"og:image:width\" content=\"1000\" \/>\n\t<meta property=\"og:image:height\" content=\"1000\" \/>\n\t<meta property=\"og:image:type\" content=\"image\/jpeg\" \/>\n<meta name=\"twitter:card\" content=\"summary_large_image\" \/>\n<script type=\"application\/ld+json\" class=\"yoast-schema-graph\">{\"@context\":\"https:\/\/schema.org\",\"@graph\":[{\"@type\":\"WebPage\",\"@id\":\"https:\/\/zoo-land.az\/az\/shop\/cat\/treats-cat\/trixie-tuna-strips-cat-treat-20-g\/\",\"url\":\"https:\/\/zoo-land.az\/az\/shop\/cat\/treats-cat\/trixie-tuna-strips-cat-treat-20-g\/\",\"name\":\"Trixie Tuna Strips Cat Treat 20 g - Zooland.az\",\"isPartOf\":{\"@id\":\"https:\/\/zoo-land.az\/#website\"},\"primaryImageOfPage\":{\"@id\":\"https:\/\/zoo-land.az\/az\/shop\/cat\/treats-cat\/trixie-tuna-strips-cat-treat-20-g\/#primaryimage\"},\"image\":{\"@id\":\"https:\/\/zoo-land.az\/az\/shop\/cat\/treats-cat\/trixie-tuna-strips-cat-treat-20-g\/#primaryimage\"},\"thumbnailUrl\":\"https:\/\/zoo-land.az\/wp-content\/uploads\/2024\/06\/33131-1000x1000-1.jpg\",\"datePublished\":\"2024-06-06T17:17:02+00:00\",\"breadcrumb\":{\"@id\":\"https:\/\/zoo-land.az\/az\/shop\/cat\/treats-cat\/trixie-tuna-strips-cat-treat-20-g\/#breadcrumb\"},\"inLanguage\":\"ru-RU\",\"potentialAction\":[{\"@type\":\"ReadAction\",\"target\":[\"https:\/\/zoo-land.az\/az\/shop\/cat\/treats-cat\/trixie-tuna-strips-cat-treat-20-g\/\"]}]},{\"@type\":\"ImageObject\",\"inLanguage\":\"ru-RU\",\"@id\":\"https:\/\/zoo-land.az\/az\/shop\/cat\/treats-cat\/trixie-tuna-strips-cat-treat-20-g\/#primaryimage\",\"url\":\"https:\/\/zoo-land.az\/wp-content\/uploads\/2024\/06\/33131-1000x1000-1.jpg\",\"contentUrl\":\"https:\/\/zoo-land.az\/wp-content\/uploads\/2024\/06\/33131-1000x1000-1.jpg\",\"width\":1000,\"height\":1000},{\"@type\":\"BreadcrumbList\",\"@id\":\"https:\/\/zoo-land.az\/az\/shop\/cat\/treats-cat\/trixie-tuna-strips-cat-treat-20-g\/#breadcrumb\",\"itemListElement\":[{\"@type\":\"ListItem\",\"position\":1,\"name\":\"Home\",\"item\":\"https:\/\/zoo-land.az\/ru\/\"},{\"@type\":\"ListItem\",\"position\":2,\"name\":\"Shop\",\"item\":\"https:\/\/zoo-land.az\/ru\/\"},{\"@type\":\"ListItem\",\"position\":3,\"name\":\"Trixie Tuna Strips Cat Treat 20 g\"}]},{\"@type\":\"WebSite\",\"@id\":\"https:\/\/zoo-land.az\/#website\",\"url\":\"https:\/\/zoo-land.az\/\",\"name\":\"Zooland.az\",\"description\":\"Xo\u015fb\u0259xt ev heyvanlar\u0131n\u0131n \u00fcnvan\u0131 Zooland.az\",\"publisher\":{\"@id\":\"https:\/\/zoo-land.az\/#organization\"},\"potentialAction\":[{\"@type\":\"SearchAction\",\"target\":{\"@type\":\"EntryPoint\",\"urlTemplate\":\"https:\/\/zoo-land.az\/?s={search_term_string}\"},\"query-input\":{\"@type\":\"PropertyValueSpecification\",\"valueRequired\":true,\"valueName\":\"search_term_string\"}}],\"inLanguage\":\"ru-RU\"},{\"@type\":\"Organization\",\"@id\":\"https:\/\/zoo-land.az\/#organization\",\"name\":\"Zooland.az\",\"url\":\"https:\/\/zoo-land.az\/\",\"logo\":{\"@type\":\"ImageObject\",\"inLanguage\":\"ru-RU\",\"@id\":\"https:\/\/zoo-land.az\/#\/schema\/logo\/image\/\",\"url\":\"https:\/\/zoo-land.az\/wp-content\/uploads\/2022\/05\/logo.svg\",\"contentUrl\":\"https:\/\/zoo-land.az\/wp-content\/uploads\/2022\/05\/logo.svg\",\"width\":113,\"height\":46,\"caption\":\"Zooland.az\"},\"image\":{\"@id\":\"https:\/\/zoo-land.az\/#\/schema\/logo\/image\/\"}}]}<\/script>\n<!-- \/ Yoast SEO plugin. -->","yoast_head_json":{"title":"Trixie Tuna Strips Cat Treat 20 g - Zooland.az","robots":{"index":"index","follow":"follow","max-snippet":"max-snippet:-1","max-image-preview":"max-image-preview:large","max-video-preview":"max-video-preview:-1"},"canonical":"https:\/\/zoo-land.az\/ru\/shop\/cat\/treats-cat\/trixie-tuna-strips-cat-treat-20-g\/","og_locale":"ru_RU","og_type":"article","og_title":"Trixie Tuna Strips Cat Treat 20 g - Zooland.az","og_description":"In addition to regular food, it's important to occasionally treat pets with snacks. This helps to reward them and provide additional doses of beneficial nutrients.  This product is rich in vitamins, combined with a great taste that your pet will surely enjoy!  Feeding Instructions: Give 3-6 pieces per day, depending on the size of the animal, as a supplement to the main diet.  Ingredients: Tuna (45%), Salmon (45%), vegetable protein extract, sorbitol, glycerin.  Sugar-free, gluten-free.  Composition: Raw protein 20%, raw ash 2.7%, raw fat 0.5%, raw fiber 0.7%, moisture 30.0%.  No artificial colors. Non-GMO. Weight: 20g.","og_url":"https:\/\/zoo-land.az\/ru\/shop\/cat\/treats-cat\/trixie-tuna-strips-cat-treat-20-g\/","og_site_name":"Zooland.az","og_image":[{"width":1000,"height":1000,"url":"https:\/\/zoo-land.az\/wp-content\/uploads\/2024\/06\/33131-1000x1000-1.jpg","type":"image\/jpeg"}],"twitter_card":"summary_large_image","schema":{"@context":"https:\/\/schema.org","@graph":[{"@type":"WebPage","@id":"https:\/\/zoo-land.az\/az\/shop\/cat\/treats-cat\/trixie-tuna-strips-cat-treat-20-g\/","url":"https:\/\/zoo-land.az\/az\/shop\/cat\/treats-cat\/trixie-tuna-strips-cat-treat-20-g\/","name":"Trixie Tuna Strips Cat Treat 20 g - Zooland.az","isPartOf":{"@id":"https:\/\/zoo-land.az\/#website"},"primaryImageOfPage":{"@id":"https:\/\/zoo-land.az\/az\/shop\/cat\/treats-cat\/trixie-tuna-strips-cat-treat-20-g\/#primaryimage"},"image":{"@id":"https:\/\/zoo-land.az\/az\/shop\/cat\/treats-cat\/trixie-tuna-strips-cat-treat-20-g\/#primaryimage"},"thumbnailUrl":"https:\/\/zoo-land.az\/wp-content\/uploads\/2024\/06\/33131-1000x1000-1.jpg","datePublished":"2024-06-06T17:17:02+00:00","breadcrumb":{"@id":"https:\/\/zoo-land.az\/az\/shop\/cat\/treats-cat\/trixie-tuna-strips-cat-treat-20-g\/#breadcrumb"},"inLanguage":"ru-RU","potentialAction":[{"@type":"ReadAction","target":["https:\/\/zoo-land.az\/az\/shop\/cat\/treats-cat\/trixie-tuna-strips-cat-treat-20-g\/"]}]},{"@type":"ImageObject","inLanguage":"ru-RU","@id":"https:\/\/zoo-land.az\/az\/shop\/cat\/treats-cat\/trixie-tuna-strips-cat-treat-20-g\/#primaryimage","url":"https:\/\/zoo-land.az\/wp-content\/uploads\/2024\/06\/33131-1000x1000-1.jpg","contentUrl":"https:\/\/zoo-land.az\/wp-content\/uploads\/2024\/06\/33131-1000x1000-1.jpg","width":1000,"height":1000},{"@type":"BreadcrumbList","@id":"https:\/\/zoo-land.az\/az\/shop\/cat\/treats-cat\/trixie-tuna-strips-cat-treat-20-g\/#breadcrumb","itemListElement":[{"@type":"ListItem","position":1,"name":"Home","item":"https:\/\/zoo-land.az\/ru\/"},{"@type":"ListItem","position":2,"name":"Shop","item":"https:\/\/zoo-land.az\/ru\/"},{"@type":"ListItem","position":3,"name":"Trixie Tuna Strips Cat Treat 20 g"}]},{"@type":"WebSite","@id":"https:\/\/zoo-land.az\/#website","url":"https:\/\/zoo-land.az\/","name":"Zooland.az","description":"Xo\u015fb\u0259xt ev heyvanlar\u0131n\u0131n \u00fcnvan\u0131 Zooland.az","publisher":{"@id":"https:\/\/zoo-land.az\/#organization"},"potentialAction":[{"@type":"SearchAction","target":{"@type":"EntryPoint","urlTemplate":"https:\/\/zoo-land.az\/?s={search_term_string}"},"query-input":{"@type":"PropertyValueSpecification","valueRequired":true,"valueName":"search_term_string"}}],"inLanguage":"ru-RU"},{"@type":"Organization","@id":"https:\/\/zoo-land.az\/#organization","name":"Zooland.az","url":"https:\/\/zoo-land.az\/","logo":{"@type":"ImageObject","inLanguage":"ru-RU","@id":"https:\/\/zoo-land.az\/#\/schema\/logo\/image\/","url":"https:\/\/zoo-land.az\/wp-content\/uploads\/2022\/05\/logo.svg","contentUrl":"https:\/\/zoo-land.az\/wp-content\/uploads\/2022\/05\/logo.svg","width":113,"height":46,"caption":"Zooland.az"},"image":{"@id":"https:\/\/zoo-land.az\/#\/schema\/logo\/image\/"}}]}},"_links":{"self":[{"href":"https:\/\/zoo-land.az\/ru\/wp-json\/wp\/v2\/product\/22844","targetHints":{"allow":["GET"]}}],"collection":[{"href":"https:\/\/zoo-land.az\/ru\/wp-json\/wp\/v2\/product"}],"about":[{"href":"https:\/\/zoo-land.az\/ru\/wp-json\/wp\/v2\/types\/product"}],"wp:featuredmedia":[{"embeddable":true,"href":"https:\/\/zoo-land.az\/ru\/wp-json\/wp\/v2\/media\/22845"}],"wp:attachment":[{"href":"https:\/\/zoo-land.az\/ru\/wp-json\/wp\/v2\/media?parent=22844"}],"wp:term":[{"taxonomy":"product_cat","embeddable":true,"href":"https:\/\/zoo-land.az\/ru\/wp-json\/wp\/v2\/product_cat?post=22844"},{"taxonomy":"product_tag","embeddable":true,"href":"https:\/\/zoo-land.az\/ru\/wp-json\/wp\/v2\/product_tag?post=22844"}],"curies":[{"name":"wp","href":"https:\/\/api.w.org\/{rel}","templated":true}]}}