{"id":22852,"date":"2024-06-06T17:25:28","date_gmt":"2024-06-06T17:25:28","guid":{"rendered":"https:\/\/lightsteelblue-zebra-299715.hostingersite.com\/?post_type=product&#038;p=22852"},"modified":"2024-06-06T17:25:29","modified_gmt":"2024-06-06T17:25:29","slug":"trixie-duck-fillet-bites-cat-treats-100-g","status":"publish","type":"product","link":"https:\/\/zoo-land.az\/ru\/shop\/cat\/treats-cat\/trixie-duck-fillet-bites-cat-treats-100-g\/","title":{"rendered":"Trixie Duck Fillet Bites Cat Treats 100 g"},"content":{"rendered":"<p>Trixie Premio delicacies for cats are an excellent treat that your favorite feline will love. Premio delicacies consist only of natural ingredients, without any flavorings or colorings. These treats are used to enhance the playfulness and activity of your cat.<\/p>\n<p>Trixie Premio delicacies stand out for their content of natural ingredients, which will delight your cat and be well absorbed by her body.<\/p>","protected":false},"excerpt":{"rendered":"<p>Trixie Premio delicacies for cats are an excellent treat that your favorite feline will love. Premio delicacies consist only of natural ingredients, without any flavorings or colorings. These treats are used to enhance the playfulness and activity of your cat.<\/p>\n<p>Trixie Premio delicacies stand out for their content of natural ingredients, which will delight your cat and be well absorbed by her body.<\/p>","protected":false},"featured_media":22854,"template":"","meta":{"inline_featured_image":false,"_joinchat":[]},"product_cat":[188,374],"product_tag":[],"class_list":{"0":"post-22852","1":"product","2":"type-product","3":"status-publish","4":"has-post-thumbnail","6":"product_brand-trixie","7":"product_cat-cat","8":"product_cat-treats-cat","10":"first","11":"instock","12":"shipping-taxable","13":"purchasable","14":"product-type-simple"},"yoast_head":"<!-- This site is optimized with the Yoast SEO plugin v26.7 - https:\/\/yoast.com\/wordpress\/plugins\/seo\/ -->\n<title>Trixie Duck Fillet Bites Cat Treats 100 g - Zooland.az<\/title>\n<meta name=\"robots\" content=\"index, follow, max-snippet:-1, max-image-preview:large, max-video-preview:-1\" \/>\n<link rel=\"canonical\" href=\"https:\/\/zoo-land.az\/ru\/shop\/cat\/treats-cat\/trixie-duck-fillet-bites-cat-treats-100-g\/\" \/>\n<meta property=\"og:locale\" content=\"ru_RU\" \/>\n<meta property=\"og:type\" content=\"article\" \/>\n<meta property=\"og:title\" content=\"Trixie Duck Fillet Bites Cat Treats 100 g - Zooland.az\" \/>\n<meta property=\"og:description\" content=\"Trixie Premio delicacies for cats are an excellent treat that your favorite feline will love. Premio delicacies consist only of natural ingredients, without any flavorings or colorings. These treats are used to enhance the playfulness and activity of your cat.  Trixie Premio delicacies stand out for their content of natural ingredients, which will delight your cat and be well absorbed by her body.\" \/>\n<meta property=\"og:url\" content=\"https:\/\/zoo-land.az\/ru\/shop\/cat\/treats-cat\/trixie-duck-fillet-bites-cat-treats-100-g\/\" \/>\n<meta property=\"og:site_name\" content=\"Zooland.az\" \/>\n<meta property=\"article:modified_time\" content=\"2024-06-06T17:25:29+00:00\" \/>\n<meta property=\"og:image\" content=\"https:\/\/zoo-land.az\/wp-content\/uploads\/2024\/06\/389214418.jpg\" \/>\n\t<meta property=\"og:image:width\" content=\"1282\" \/>\n\t<meta property=\"og:image:height\" content=\"1936\" \/>\n\t<meta property=\"og:image:type\" content=\"image\/jpeg\" \/>\n<meta name=\"twitter:card\" content=\"summary_large_image\" \/>\n<script type=\"application\/ld+json\" class=\"yoast-schema-graph\">{\"@context\":\"https:\/\/schema.org\",\"@graph\":[{\"@type\":\"WebPage\",\"@id\":\"https:\/\/zoo-land.az\/az\/shop\/cat\/treats-cat\/trixie-duck-fillet-bites-cat-treats-100-g\/\",\"url\":\"https:\/\/zoo-land.az\/az\/shop\/cat\/treats-cat\/trixie-duck-fillet-bites-cat-treats-100-g\/\",\"name\":\"Trixie Duck Fillet Bites Cat Treats 100 g - Zooland.az\",\"isPartOf\":{\"@id\":\"https:\/\/zoo-land.az\/#website\"},\"primaryImageOfPage\":{\"@id\":\"https:\/\/zoo-land.az\/az\/shop\/cat\/treats-cat\/trixie-duck-fillet-bites-cat-treats-100-g\/#primaryimage\"},\"image\":{\"@id\":\"https:\/\/zoo-land.az\/az\/shop\/cat\/treats-cat\/trixie-duck-fillet-bites-cat-treats-100-g\/#primaryimage\"},\"thumbnailUrl\":\"https:\/\/zoo-land.az\/wp-content\/uploads\/2024\/06\/389214418.jpg\",\"datePublished\":\"2024-06-06T17:25:28+00:00\",\"dateModified\":\"2024-06-06T17:25:29+00:00\",\"breadcrumb\":{\"@id\":\"https:\/\/zoo-land.az\/az\/shop\/cat\/treats-cat\/trixie-duck-fillet-bites-cat-treats-100-g\/#breadcrumb\"},\"inLanguage\":\"ru-RU\",\"potentialAction\":[{\"@type\":\"ReadAction\",\"target\":[\"https:\/\/zoo-land.az\/az\/shop\/cat\/treats-cat\/trixie-duck-fillet-bites-cat-treats-100-g\/\"]}]},{\"@type\":\"ImageObject\",\"inLanguage\":\"ru-RU\",\"@id\":\"https:\/\/zoo-land.az\/az\/shop\/cat\/treats-cat\/trixie-duck-fillet-bites-cat-treats-100-g\/#primaryimage\",\"url\":\"https:\/\/zoo-land.az\/wp-content\/uploads\/2024\/06\/389214418.jpg\",\"contentUrl\":\"https:\/\/zoo-land.az\/wp-content\/uploads\/2024\/06\/389214418.jpg\",\"width\":1282,\"height\":1936},{\"@type\":\"BreadcrumbList\",\"@id\":\"https:\/\/zoo-land.az\/az\/shop\/cat\/treats-cat\/trixie-duck-fillet-bites-cat-treats-100-g\/#breadcrumb\",\"itemListElement\":[{\"@type\":\"ListItem\",\"position\":1,\"name\":\"Home\",\"item\":\"https:\/\/zoo-land.az\/ru\/\"},{\"@type\":\"ListItem\",\"position\":2,\"name\":\"Shop\",\"item\":\"https:\/\/zoo-land.az\/ru\/\"},{\"@type\":\"ListItem\",\"position\":3,\"name\":\"Trixie Duck Fillet Bites Cat Treats 100 g\"}]},{\"@type\":\"WebSite\",\"@id\":\"https:\/\/zoo-land.az\/#website\",\"url\":\"https:\/\/zoo-land.az\/\",\"name\":\"Zooland.az\",\"description\":\"Xo\u015fb\u0259xt ev heyvanlar\u0131n\u0131n \u00fcnvan\u0131 Zooland.az\",\"publisher\":{\"@id\":\"https:\/\/zoo-land.az\/#organization\"},\"potentialAction\":[{\"@type\":\"SearchAction\",\"target\":{\"@type\":\"EntryPoint\",\"urlTemplate\":\"https:\/\/zoo-land.az\/?s={search_term_string}\"},\"query-input\":{\"@type\":\"PropertyValueSpecification\",\"valueRequired\":true,\"valueName\":\"search_term_string\"}}],\"inLanguage\":\"ru-RU\"},{\"@type\":\"Organization\",\"@id\":\"https:\/\/zoo-land.az\/#organization\",\"name\":\"Zooland.az\",\"url\":\"https:\/\/zoo-land.az\/\",\"logo\":{\"@type\":\"ImageObject\",\"inLanguage\":\"ru-RU\",\"@id\":\"https:\/\/zoo-land.az\/#\/schema\/logo\/image\/\",\"url\":\"https:\/\/zoo-land.az\/wp-content\/uploads\/2022\/05\/logo.svg\",\"contentUrl\":\"https:\/\/zoo-land.az\/wp-content\/uploads\/2022\/05\/logo.svg\",\"width\":113,\"height\":46,\"caption\":\"Zooland.az\"},\"image\":{\"@id\":\"https:\/\/zoo-land.az\/#\/schema\/logo\/image\/\"}}]}<\/script>\n<!-- \/ Yoast SEO plugin. -->","yoast_head_json":{"title":"Trixie Duck Fillet Bites Cat Treats 100 g - Zooland.az","robots":{"index":"index","follow":"follow","max-snippet":"max-snippet:-1","max-image-preview":"max-image-preview:large","max-video-preview":"max-video-preview:-1"},"canonical":"https:\/\/zoo-land.az\/ru\/shop\/cat\/treats-cat\/trixie-duck-fillet-bites-cat-treats-100-g\/","og_locale":"ru_RU","og_type":"article","og_title":"Trixie Duck Fillet Bites Cat Treats 100 g - Zooland.az","og_description":"Trixie Premio delicacies for cats are an excellent treat that your favorite feline will love. Premio delicacies consist only of natural ingredients, without any flavorings or colorings. These treats are used to enhance the playfulness and activity of your cat.  Trixie Premio delicacies stand out for their content of natural ingredients, which will delight your cat and be well absorbed by her body.","og_url":"https:\/\/zoo-land.az\/ru\/shop\/cat\/treats-cat\/trixie-duck-fillet-bites-cat-treats-100-g\/","og_site_name":"Zooland.az","article_modified_time":"2024-06-06T17:25:29+00:00","og_image":[{"width":1282,"height":1936,"url":"https:\/\/zoo-land.az\/wp-content\/uploads\/2024\/06\/389214418.jpg","type":"image\/jpeg"}],"twitter_card":"summary_large_image","schema":{"@context":"https:\/\/schema.org","@graph":[{"@type":"WebPage","@id":"https:\/\/zoo-land.az\/az\/shop\/cat\/treats-cat\/trixie-duck-fillet-bites-cat-treats-100-g\/","url":"https:\/\/zoo-land.az\/az\/shop\/cat\/treats-cat\/trixie-duck-fillet-bites-cat-treats-100-g\/","name":"Trixie Duck Fillet Bites Cat Treats 100 g - Zooland.az","isPartOf":{"@id":"https:\/\/zoo-land.az\/#website"},"primaryImageOfPage":{"@id":"https:\/\/zoo-land.az\/az\/shop\/cat\/treats-cat\/trixie-duck-fillet-bites-cat-treats-100-g\/#primaryimage"},"image":{"@id":"https:\/\/zoo-land.az\/az\/shop\/cat\/treats-cat\/trixie-duck-fillet-bites-cat-treats-100-g\/#primaryimage"},"thumbnailUrl":"https:\/\/zoo-land.az\/wp-content\/uploads\/2024\/06\/389214418.jpg","datePublished":"2024-06-06T17:25:28+00:00","dateModified":"2024-06-06T17:25:29+00:00","breadcrumb":{"@id":"https:\/\/zoo-land.az\/az\/shop\/cat\/treats-cat\/trixie-duck-fillet-bites-cat-treats-100-g\/#breadcrumb"},"inLanguage":"ru-RU","potentialAction":[{"@type":"ReadAction","target":["https:\/\/zoo-land.az\/az\/shop\/cat\/treats-cat\/trixie-duck-fillet-bites-cat-treats-100-g\/"]}]},{"@type":"ImageObject","inLanguage":"ru-RU","@id":"https:\/\/zoo-land.az\/az\/shop\/cat\/treats-cat\/trixie-duck-fillet-bites-cat-treats-100-g\/#primaryimage","url":"https:\/\/zoo-land.az\/wp-content\/uploads\/2024\/06\/389214418.jpg","contentUrl":"https:\/\/zoo-land.az\/wp-content\/uploads\/2024\/06\/389214418.jpg","width":1282,"height":1936},{"@type":"BreadcrumbList","@id":"https:\/\/zoo-land.az\/az\/shop\/cat\/treats-cat\/trixie-duck-fillet-bites-cat-treats-100-g\/#breadcrumb","itemListElement":[{"@type":"ListItem","position":1,"name":"Home","item":"https:\/\/zoo-land.az\/ru\/"},{"@type":"ListItem","position":2,"name":"Shop","item":"https:\/\/zoo-land.az\/ru\/"},{"@type":"ListItem","position":3,"name":"Trixie Duck Fillet Bites Cat Treats 100 g"}]},{"@type":"WebSite","@id":"https:\/\/zoo-land.az\/#website","url":"https:\/\/zoo-land.az\/","name":"Zooland.az","description":"Xo\u015fb\u0259xt ev heyvanlar\u0131n\u0131n \u00fcnvan\u0131 Zooland.az","publisher":{"@id":"https:\/\/zoo-land.az\/#organization"},"potentialAction":[{"@type":"SearchAction","target":{"@type":"EntryPoint","urlTemplate":"https:\/\/zoo-land.az\/?s={search_term_string}"},"query-input":{"@type":"PropertyValueSpecification","valueRequired":true,"valueName":"search_term_string"}}],"inLanguage":"ru-RU"},{"@type":"Organization","@id":"https:\/\/zoo-land.az\/#organization","name":"Zooland.az","url":"https:\/\/zoo-land.az\/","logo":{"@type":"ImageObject","inLanguage":"ru-RU","@id":"https:\/\/zoo-land.az\/#\/schema\/logo\/image\/","url":"https:\/\/zoo-land.az\/wp-content\/uploads\/2022\/05\/logo.svg","contentUrl":"https:\/\/zoo-land.az\/wp-content\/uploads\/2022\/05\/logo.svg","width":113,"height":46,"caption":"Zooland.az"},"image":{"@id":"https:\/\/zoo-land.az\/#\/schema\/logo\/image\/"}}]}},"_links":{"self":[{"href":"https:\/\/zoo-land.az\/ru\/wp-json\/wp\/v2\/product\/22852","targetHints":{"allow":["GET"]}}],"collection":[{"href":"https:\/\/zoo-land.az\/ru\/wp-json\/wp\/v2\/product"}],"about":[{"href":"https:\/\/zoo-land.az\/ru\/wp-json\/wp\/v2\/types\/product"}],"wp:featuredmedia":[{"embeddable":true,"href":"https:\/\/zoo-land.az\/ru\/wp-json\/wp\/v2\/media\/22854"}],"wp:attachment":[{"href":"https:\/\/zoo-land.az\/ru\/wp-json\/wp\/v2\/media?parent=22852"}],"wp:term":[{"taxonomy":"product_cat","embeddable":true,"href":"https:\/\/zoo-land.az\/ru\/wp-json\/wp\/v2\/product_cat?post=22852"},{"taxonomy":"product_tag","embeddable":true,"href":"https:\/\/zoo-land.az\/ru\/wp-json\/wp\/v2\/product_tag?post=22852"}],"curies":[{"name":"wp","href":"https:\/\/api.w.org\/{rel}","templated":true}]}}