{"id":22865,"date":"2024-06-06T17:39:01","date_gmt":"2024-06-06T17:39:01","guid":{"rendered":"https:\/\/lightsteelblue-zebra-299715.hostingersite.com\/?post_type=product&#038;p=22865"},"modified":"2024-06-06T17:39:01","modified_gmt":"2024-06-06T17:39:01","slug":"trixie-goose-liver-cubes-dog-treats-100-g","status":"publish","type":"product","link":"https:\/\/zoo-land.az\/ru\/shop\/dog\/treats\/trixie-goose-liver-cubes-dog-treats-100-g\/","title":{"rendered":"Trixie Goose Liver Cubes Dog Treats 100 g"},"content":{"rendered":"<p>Trixie Premio &#8220;Goose Liver Cubes&#8221; dog treats with goose liver are the best way to show love and care for your pet. These delicacies are extremely appetizing, and their ingredients are beneficial for your beloved&#8217;s health.<\/p>\n<p>These crunchy cubes made with goose meat and goose liver are gluten-free and sugar-free.<\/p>\n<p>You can use them to reward or motivate your favorite tail-wagger.<\/p>\n<p>Trixie treats are a tasty part of your love!<\/p>\n<p>Composition: goose liver (63%), goose meat (20%), corn starch, glycerin, vegetable protein extract, mineral additives, rice flour.<\/p>","protected":false},"excerpt":{"rendered":"<p>Trixie Premio &#8220;Goose Liver Cubes&#8221; dog treats with goose liver are the best way to show love and care for your pet. These delicacies are extremely appetizing, and their ingredients are beneficial for your beloved&#8217;s health.<\/p>\n<p>These crunchy cubes made with goose meat and goose liver are gluten-free and sugar-free.<\/p>\n<p>You can use them to reward or motivate your favorite tail-wagger.<\/p>\n<p>Trixie treats are a tasty part of your love!<\/p>\n<p>Composition: goose liver (63%), goose meat (20%), corn starch, glycerin, vegetable protein extract, mineral additives, rice flour.<\/p>","protected":false},"featured_media":22866,"template":"","meta":{"inline_featured_image":false,"_joinchat":[]},"product_cat":[107,340],"product_tag":[],"class_list":{"0":"post-22865","1":"product","2":"type-product","3":"status-publish","4":"has-post-thumbnail","6":"product_brand-trixie","7":"product_cat-dog","8":"product_cat-treats","10":"first","11":"instock","12":"shipping-taxable","13":"purchasable","14":"product-type-simple"},"yoast_head":"<!-- This site is optimized with the Yoast SEO plugin v26.7 - https:\/\/yoast.com\/wordpress\/plugins\/seo\/ -->\n<title>Trixie Goose Liver Cubes Dog Treats 100 g - Zooland.az<\/title>\n<meta name=\"robots\" content=\"index, follow, max-snippet:-1, max-image-preview:large, max-video-preview:-1\" \/>\n<link rel=\"canonical\" href=\"https:\/\/zoo-land.az\/ru\/shop\/dog\/treats\/trixie-goose-liver-cubes-dog-treats-100-g\/\" \/>\n<meta property=\"og:locale\" content=\"ru_RU\" \/>\n<meta property=\"og:type\" content=\"article\" \/>\n<meta property=\"og:title\" content=\"Trixie Goose Liver Cubes Dog Treats 100 g - Zooland.az\" \/>\n<meta property=\"og:description\" content=\"Trixie Premio &quot;Goose Liver Cubes&quot; dog treats with goose liver are the best way to show love and care for your pet. These delicacies are extremely appetizing, and their ingredients are beneficial for your beloved&#039;s health.  These crunchy cubes made with goose meat and goose liver are gluten-free and sugar-free.  You can use them to reward or motivate your favorite tail-wagger.  Trixie treats are a tasty part of your love!  Composition: goose liver (63%), goose meat (20%), corn starch, glycerin, vegetable protein extract, mineral additives, rice flour.\" \/>\n<meta property=\"og:url\" content=\"https:\/\/zoo-land.az\/ru\/shop\/dog\/treats\/trixie-goose-liver-cubes-dog-treats-100-g\/\" \/>\n<meta property=\"og:site_name\" content=\"Zooland.az\" \/>\n<meta property=\"og:image\" content=\"https:\/\/zoo-land.az\/wp-content\/uploads\/2024\/06\/9-1200x800-1.jpg\" \/>\n\t<meta property=\"og:image:width\" content=\"1200\" \/>\n\t<meta property=\"og:image:height\" content=\"800\" \/>\n\t<meta property=\"og:image:type\" content=\"image\/jpeg\" \/>\n<meta name=\"twitter:card\" content=\"summary_large_image\" \/>\n<script type=\"application\/ld+json\" class=\"yoast-schema-graph\">{\"@context\":\"https:\/\/schema.org\",\"@graph\":[{\"@type\":\"WebPage\",\"@id\":\"https:\/\/zoo-land.az\/az\/shop\/dog\/treats\/trixie-goose-liver-cubes-dog-treats-100-g\/\",\"url\":\"https:\/\/zoo-land.az\/az\/shop\/dog\/treats\/trixie-goose-liver-cubes-dog-treats-100-g\/\",\"name\":\"Trixie Goose Liver Cubes Dog Treats 100 g - Zooland.az\",\"isPartOf\":{\"@id\":\"https:\/\/zoo-land.az\/#website\"},\"primaryImageOfPage\":{\"@id\":\"https:\/\/zoo-land.az\/az\/shop\/dog\/treats\/trixie-goose-liver-cubes-dog-treats-100-g\/#primaryimage\"},\"image\":{\"@id\":\"https:\/\/zoo-land.az\/az\/shop\/dog\/treats\/trixie-goose-liver-cubes-dog-treats-100-g\/#primaryimage\"},\"thumbnailUrl\":\"https:\/\/zoo-land.az\/wp-content\/uploads\/2024\/06\/9-1200x800-1.jpg\",\"datePublished\":\"2024-06-06T17:39:01+00:00\",\"breadcrumb\":{\"@id\":\"https:\/\/zoo-land.az\/az\/shop\/dog\/treats\/trixie-goose-liver-cubes-dog-treats-100-g\/#breadcrumb\"},\"inLanguage\":\"ru-RU\",\"potentialAction\":[{\"@type\":\"ReadAction\",\"target\":[\"https:\/\/zoo-land.az\/az\/shop\/dog\/treats\/trixie-goose-liver-cubes-dog-treats-100-g\/\"]}]},{\"@type\":\"ImageObject\",\"inLanguage\":\"ru-RU\",\"@id\":\"https:\/\/zoo-land.az\/az\/shop\/dog\/treats\/trixie-goose-liver-cubes-dog-treats-100-g\/#primaryimage\",\"url\":\"https:\/\/zoo-land.az\/wp-content\/uploads\/2024\/06\/9-1200x800-1.jpg\",\"contentUrl\":\"https:\/\/zoo-land.az\/wp-content\/uploads\/2024\/06\/9-1200x800-1.jpg\",\"width\":1200,\"height\":800},{\"@type\":\"BreadcrumbList\",\"@id\":\"https:\/\/zoo-land.az\/az\/shop\/dog\/treats\/trixie-goose-liver-cubes-dog-treats-100-g\/#breadcrumb\",\"itemListElement\":[{\"@type\":\"ListItem\",\"position\":1,\"name\":\"Home\",\"item\":\"https:\/\/zoo-land.az\/ru\/\"},{\"@type\":\"ListItem\",\"position\":2,\"name\":\"Shop\",\"item\":\"https:\/\/zoo-land.az\/ru\/\"},{\"@type\":\"ListItem\",\"position\":3,\"name\":\"Trixie Goose Liver Cubes Dog Treats 100 g\"}]},{\"@type\":\"WebSite\",\"@id\":\"https:\/\/zoo-land.az\/#website\",\"url\":\"https:\/\/zoo-land.az\/\",\"name\":\"Zooland.az\",\"description\":\"Xo\u015fb\u0259xt ev heyvanlar\u0131n\u0131n \u00fcnvan\u0131 Zooland.az\",\"publisher\":{\"@id\":\"https:\/\/zoo-land.az\/#organization\"},\"potentialAction\":[{\"@type\":\"SearchAction\",\"target\":{\"@type\":\"EntryPoint\",\"urlTemplate\":\"https:\/\/zoo-land.az\/?s={search_term_string}\"},\"query-input\":{\"@type\":\"PropertyValueSpecification\",\"valueRequired\":true,\"valueName\":\"search_term_string\"}}],\"inLanguage\":\"ru-RU\"},{\"@type\":\"Organization\",\"@id\":\"https:\/\/zoo-land.az\/#organization\",\"name\":\"Zooland.az\",\"url\":\"https:\/\/zoo-land.az\/\",\"logo\":{\"@type\":\"ImageObject\",\"inLanguage\":\"ru-RU\",\"@id\":\"https:\/\/zoo-land.az\/#\/schema\/logo\/image\/\",\"url\":\"https:\/\/zoo-land.az\/wp-content\/uploads\/2022\/05\/logo.svg\",\"contentUrl\":\"https:\/\/zoo-land.az\/wp-content\/uploads\/2022\/05\/logo.svg\",\"width\":113,\"height\":46,\"caption\":\"Zooland.az\"},\"image\":{\"@id\":\"https:\/\/zoo-land.az\/#\/schema\/logo\/image\/\"}}]}<\/script>\n<!-- \/ Yoast SEO plugin. -->","yoast_head_json":{"title":"Trixie Goose Liver Cubes Dog Treats 100 g - Zooland.az","robots":{"index":"index","follow":"follow","max-snippet":"max-snippet:-1","max-image-preview":"max-image-preview:large","max-video-preview":"max-video-preview:-1"},"canonical":"https:\/\/zoo-land.az\/ru\/shop\/dog\/treats\/trixie-goose-liver-cubes-dog-treats-100-g\/","og_locale":"ru_RU","og_type":"article","og_title":"Trixie Goose Liver Cubes Dog Treats 100 g - Zooland.az","og_description":"Trixie Premio \"Goose Liver Cubes\" dog treats with goose liver are the best way to show love and care for your pet. These delicacies are extremely appetizing, and their ingredients are beneficial for your beloved's health.  These crunchy cubes made with goose meat and goose liver are gluten-free and sugar-free.  You can use them to reward or motivate your favorite tail-wagger.  Trixie treats are a tasty part of your love!  Composition: goose liver (63%), goose meat (20%), corn starch, glycerin, vegetable protein extract, mineral additives, rice flour.","og_url":"https:\/\/zoo-land.az\/ru\/shop\/dog\/treats\/trixie-goose-liver-cubes-dog-treats-100-g\/","og_site_name":"Zooland.az","og_image":[{"width":1200,"height":800,"url":"https:\/\/zoo-land.az\/wp-content\/uploads\/2024\/06\/9-1200x800-1.jpg","type":"image\/jpeg"}],"twitter_card":"summary_large_image","schema":{"@context":"https:\/\/schema.org","@graph":[{"@type":"WebPage","@id":"https:\/\/zoo-land.az\/az\/shop\/dog\/treats\/trixie-goose-liver-cubes-dog-treats-100-g\/","url":"https:\/\/zoo-land.az\/az\/shop\/dog\/treats\/trixie-goose-liver-cubes-dog-treats-100-g\/","name":"Trixie Goose Liver Cubes Dog Treats 100 g - Zooland.az","isPartOf":{"@id":"https:\/\/zoo-land.az\/#website"},"primaryImageOfPage":{"@id":"https:\/\/zoo-land.az\/az\/shop\/dog\/treats\/trixie-goose-liver-cubes-dog-treats-100-g\/#primaryimage"},"image":{"@id":"https:\/\/zoo-land.az\/az\/shop\/dog\/treats\/trixie-goose-liver-cubes-dog-treats-100-g\/#primaryimage"},"thumbnailUrl":"https:\/\/zoo-land.az\/wp-content\/uploads\/2024\/06\/9-1200x800-1.jpg","datePublished":"2024-06-06T17:39:01+00:00","breadcrumb":{"@id":"https:\/\/zoo-land.az\/az\/shop\/dog\/treats\/trixie-goose-liver-cubes-dog-treats-100-g\/#breadcrumb"},"inLanguage":"ru-RU","potentialAction":[{"@type":"ReadAction","target":["https:\/\/zoo-land.az\/az\/shop\/dog\/treats\/trixie-goose-liver-cubes-dog-treats-100-g\/"]}]},{"@type":"ImageObject","inLanguage":"ru-RU","@id":"https:\/\/zoo-land.az\/az\/shop\/dog\/treats\/trixie-goose-liver-cubes-dog-treats-100-g\/#primaryimage","url":"https:\/\/zoo-land.az\/wp-content\/uploads\/2024\/06\/9-1200x800-1.jpg","contentUrl":"https:\/\/zoo-land.az\/wp-content\/uploads\/2024\/06\/9-1200x800-1.jpg","width":1200,"height":800},{"@type":"BreadcrumbList","@id":"https:\/\/zoo-land.az\/az\/shop\/dog\/treats\/trixie-goose-liver-cubes-dog-treats-100-g\/#breadcrumb","itemListElement":[{"@type":"ListItem","position":1,"name":"Home","item":"https:\/\/zoo-land.az\/ru\/"},{"@type":"ListItem","position":2,"name":"Shop","item":"https:\/\/zoo-land.az\/ru\/"},{"@type":"ListItem","position":3,"name":"Trixie Goose Liver Cubes Dog Treats 100 g"}]},{"@type":"WebSite","@id":"https:\/\/zoo-land.az\/#website","url":"https:\/\/zoo-land.az\/","name":"Zooland.az","description":"Xo\u015fb\u0259xt ev heyvanlar\u0131n\u0131n \u00fcnvan\u0131 Zooland.az","publisher":{"@id":"https:\/\/zoo-land.az\/#organization"},"potentialAction":[{"@type":"SearchAction","target":{"@type":"EntryPoint","urlTemplate":"https:\/\/zoo-land.az\/?s={search_term_string}"},"query-input":{"@type":"PropertyValueSpecification","valueRequired":true,"valueName":"search_term_string"}}],"inLanguage":"ru-RU"},{"@type":"Organization","@id":"https:\/\/zoo-land.az\/#organization","name":"Zooland.az","url":"https:\/\/zoo-land.az\/","logo":{"@type":"ImageObject","inLanguage":"ru-RU","@id":"https:\/\/zoo-land.az\/#\/schema\/logo\/image\/","url":"https:\/\/zoo-land.az\/wp-content\/uploads\/2022\/05\/logo.svg","contentUrl":"https:\/\/zoo-land.az\/wp-content\/uploads\/2022\/05\/logo.svg","width":113,"height":46,"caption":"Zooland.az"},"image":{"@id":"https:\/\/zoo-land.az\/#\/schema\/logo\/image\/"}}]}},"_links":{"self":[{"href":"https:\/\/zoo-land.az\/ru\/wp-json\/wp\/v2\/product\/22865","targetHints":{"allow":["GET"]}}],"collection":[{"href":"https:\/\/zoo-land.az\/ru\/wp-json\/wp\/v2\/product"}],"about":[{"href":"https:\/\/zoo-land.az\/ru\/wp-json\/wp\/v2\/types\/product"}],"wp:featuredmedia":[{"embeddable":true,"href":"https:\/\/zoo-land.az\/ru\/wp-json\/wp\/v2\/media\/22866"}],"wp:attachment":[{"href":"https:\/\/zoo-land.az\/ru\/wp-json\/wp\/v2\/media?parent=22865"}],"wp:term":[{"taxonomy":"product_cat","embeddable":true,"href":"https:\/\/zoo-land.az\/ru\/wp-json\/wp\/v2\/product_cat?post=22865"},{"taxonomy":"product_tag","embeddable":true,"href":"https:\/\/zoo-land.az\/ru\/wp-json\/wp\/v2\/product_tag?post=22865"}],"curies":[{"name":"wp","href":"https:\/\/api.w.org\/{rel}","templated":true}]}}