{"id":22908,"date":"2024-06-06T18:19:10","date_gmt":"2024-06-06T18:19:10","guid":{"rendered":"https:\/\/lightsteelblue-zebra-299715.hostingersite.com\/?post_type=product&#038;p=22908"},"modified":"2024-06-06T18:19:10","modified_gmt":"2024-06-06T18:19:10","slug":"trixie-duck-coins-dog-treats-80-g","status":"publish","type":"product","link":"https:\/\/zoo-land.az\/ru\/shop\/dog\/treats\/trixie-duck-coins-dog-treats-80-g\/","title":{"rendered":"Trixie Duck Coins Dog Treats 80 g"},"content":{"rendered":"<p>Introducing Trixie Premio Dog Treats, featuring the delectable Duck Coins flavour. Suitable for all breeds of dogs, these treats come in an 80g pack, providing a healthy snacking option rich in essential nutrients.<\/p>\n<p><span data-sheets-value=\"{&quot;1&quot;:2,&quot;2&quot;:&quot;Chip Chops brings for your dog a ready-to-eat, pure, tasty, nutritious and highly digestible snack prepared from Chicken Chips. This Chip Chops treats takes care of your dog\u2019s overall well being. So show your pet love and get him a bag full of goodness. All Chip Chops treats are prepared from high-quality, highly nutritious and healthy ingredients.\\nFeatures\\nA unique formula designed to suit all breeds and age\\nMade of fresh meat, the snack is highly palatable with high nutritional value\\nProperly measured for feeding as a snack\\nComes in easy to use reseal-able bag\\nNo added sugar\\nFDA APPA approved&quot;}\" data-sheets-userformat=\"{&quot;2&quot;:513,&quot;3&quot;:{&quot;1&quot;:0},&quot;12&quot;:0}\"><strong>\u041a\u043b\u044e\u0447\u0435\u0432\u0430\u044f \u043e\u0441\u043e\u0431\u0435\u043d\u043d\u043e\u0441\u0442\u044c:<\/strong><\/span><\/p>\n<ul>\n<li>Delicious and rich in nutrients<\/li>\n<li>Healthy treats for dogs<\/li>\n<li>Suitable for all breeds of dogs<\/li>\n<li>Protein Rich, Healthy &amp; Training Snacks<\/li>\n<li>Duck breast<\/li>\n<li>Meat content 86 %<\/li>\n<\/ul>\n<p><strong>\u0421\u043e\u0441\u0442\u0430\u0432:<\/strong><\/p>\n<p>Duck breast (86 %), soy protein, glycerine, tapioca starch, minerals | gluten-free formula | no added sugar | Store in a cool and dry place.<\/p>\n<p>&nbsp;<\/p>","protected":false},"excerpt":{"rendered":"<p>Introducing Trixie Premio Dog Treats, featuring the delectable Duck Coins flavour. Suitable for all breeds of dogs, these treats come in an 80g pack, providing a healthy snacking option rich in essential nutrients.<\/p>","protected":false},"featured_media":22909,"template":"","meta":{"inline_featured_image":false,"_joinchat":[]},"product_cat":[107,340],"product_tag":[],"class_list":{"0":"post-22908","1":"product","2":"type-product","3":"status-publish","4":"has-post-thumbnail","6":"product_brand-trixie","7":"product_cat-dog","8":"product_cat-treats","10":"first","11":"instock","12":"shipping-taxable","13":"purchasable","14":"product-type-simple"},"yoast_head":"<!-- This site is optimized with the Yoast SEO plugin v26.7 - https:\/\/yoast.com\/wordpress\/plugins\/seo\/ -->\n<title>Trixie Duck Coins Dog Treats 80 g - Zooland.az<\/title>\n<meta name=\"robots\" content=\"index, follow, max-snippet:-1, max-image-preview:large, max-video-preview:-1\" \/>\n<link rel=\"canonical\" href=\"https:\/\/zoo-land.az\/ru\/shop\/dog\/treats\/trixie-duck-coins-dog-treats-80-g\/\" \/>\n<meta property=\"og:locale\" content=\"ru_RU\" \/>\n<meta property=\"og:type\" content=\"article\" \/>\n<meta property=\"og:title\" content=\"Trixie Duck Coins Dog Treats 80 g - Zooland.az\" \/>\n<meta property=\"og:description\" content=\"Introducing Trixie Premio Dog Treats, featuring the delectable Duck Coins flavour. Suitable for all breeds of dogs, these treats come in an 80g pack, providing a healthy snacking option rich in essential nutrients.\" \/>\n<meta property=\"og:url\" content=\"https:\/\/zoo-land.az\/ru\/shop\/dog\/treats\/trixie-duck-coins-dog-treats-80-g\/\" \/>\n<meta property=\"og:site_name\" content=\"Zooland.az\" \/>\n<meta property=\"og:image\" content=\"https:\/\/zoo-land.az\/wp-content\/uploads\/2024\/06\/Frame106723771_1.webp\" \/>\n\t<meta property=\"og:image:width\" content=\"1000\" \/>\n\t<meta property=\"og:image:height\" content=\"1000\" \/>\n\t<meta property=\"og:image:type\" content=\"image\/webp\" \/>\n<meta name=\"twitter:card\" content=\"summary_large_image\" \/>\n<script type=\"application\/ld+json\" class=\"yoast-schema-graph\">{\"@context\":\"https:\/\/schema.org\",\"@graph\":[{\"@type\":\"WebPage\",\"@id\":\"https:\/\/zoo-land.az\/ru\/shop\/dog\/treats\/trixie-duck-coins-dog-treats-80-g\/\",\"url\":\"https:\/\/zoo-land.az\/ru\/shop\/dog\/treats\/trixie-duck-coins-dog-treats-80-g\/\",\"name\":\"Trixie Duck Coins Dog Treats 80 g - Zooland.az\",\"isPartOf\":{\"@id\":\"https:\/\/zoo-land.az\/#website\"},\"primaryImageOfPage\":{\"@id\":\"https:\/\/zoo-land.az\/ru\/shop\/dog\/treats\/trixie-duck-coins-dog-treats-80-g\/#primaryimage\"},\"image\":{\"@id\":\"https:\/\/zoo-land.az\/ru\/shop\/dog\/treats\/trixie-duck-coins-dog-treats-80-g\/#primaryimage\"},\"thumbnailUrl\":\"https:\/\/zoo-land.az\/wp-content\/uploads\/2024\/06\/Frame106723771_1.webp\",\"datePublished\":\"2024-06-06T18:19:10+00:00\",\"breadcrumb\":{\"@id\":\"https:\/\/zoo-land.az\/ru\/shop\/dog\/treats\/trixie-duck-coins-dog-treats-80-g\/#breadcrumb\"},\"inLanguage\":\"ru-RU\",\"potentialAction\":[{\"@type\":\"ReadAction\",\"target\":[\"https:\/\/zoo-land.az\/ru\/shop\/dog\/treats\/trixie-duck-coins-dog-treats-80-g\/\"]}]},{\"@type\":\"ImageObject\",\"inLanguage\":\"ru-RU\",\"@id\":\"https:\/\/zoo-land.az\/ru\/shop\/dog\/treats\/trixie-duck-coins-dog-treats-80-g\/#primaryimage\",\"url\":\"https:\/\/zoo-land.az\/wp-content\/uploads\/2024\/06\/Frame106723771_1.webp\",\"contentUrl\":\"https:\/\/zoo-land.az\/wp-content\/uploads\/2024\/06\/Frame106723771_1.webp\",\"width\":1000,\"height\":1000},{\"@type\":\"BreadcrumbList\",\"@id\":\"https:\/\/zoo-land.az\/ru\/shop\/dog\/treats\/trixie-duck-coins-dog-treats-80-g\/#breadcrumb\",\"itemListElement\":[{\"@type\":\"ListItem\",\"position\":1,\"name\":\"Home\",\"item\":\"https:\/\/zoo-land.az\/ru\/\"},{\"@type\":\"ListItem\",\"position\":2,\"name\":\"Shop\",\"item\":\"https:\/\/zoo-land.az\/ru\/\"},{\"@type\":\"ListItem\",\"position\":3,\"name\":\"Trixie Duck Coins Dog Treats 80 g\"}]},{\"@type\":\"WebSite\",\"@id\":\"https:\/\/zoo-land.az\/#website\",\"url\":\"https:\/\/zoo-land.az\/\",\"name\":\"Zooland.az\",\"description\":\"Xo\u015fb\u0259xt ev heyvanlar\u0131n\u0131n \u00fcnvan\u0131 Zooland.az\",\"publisher\":{\"@id\":\"https:\/\/zoo-land.az\/#organization\"},\"potentialAction\":[{\"@type\":\"SearchAction\",\"target\":{\"@type\":\"EntryPoint\",\"urlTemplate\":\"https:\/\/zoo-land.az\/?s={search_term_string}\"},\"query-input\":{\"@type\":\"PropertyValueSpecification\",\"valueRequired\":true,\"valueName\":\"search_term_string\"}}],\"inLanguage\":\"ru-RU\"},{\"@type\":\"Organization\",\"@id\":\"https:\/\/zoo-land.az\/#organization\",\"name\":\"Zooland.az\",\"url\":\"https:\/\/zoo-land.az\/\",\"logo\":{\"@type\":\"ImageObject\",\"inLanguage\":\"ru-RU\",\"@id\":\"https:\/\/zoo-land.az\/#\/schema\/logo\/image\/\",\"url\":\"https:\/\/zoo-land.az\/wp-content\/uploads\/2022\/05\/logo.svg\",\"contentUrl\":\"https:\/\/zoo-land.az\/wp-content\/uploads\/2022\/05\/logo.svg\",\"width\":113,\"height\":46,\"caption\":\"Zooland.az\"},\"image\":{\"@id\":\"https:\/\/zoo-land.az\/#\/schema\/logo\/image\/\"}}]}<\/script>\n<!-- \/ Yoast SEO plugin. -->","yoast_head_json":{"title":"Trixie Duck Coins Dog Treats 80 g - Zooland.az","robots":{"index":"index","follow":"follow","max-snippet":"max-snippet:-1","max-image-preview":"max-image-preview:large","max-video-preview":"max-video-preview:-1"},"canonical":"https:\/\/zoo-land.az\/ru\/shop\/dog\/treats\/trixie-duck-coins-dog-treats-80-g\/","og_locale":"ru_RU","og_type":"article","og_title":"Trixie Duck Coins Dog Treats 80 g - Zooland.az","og_description":"Introducing Trixie Premio Dog Treats, featuring the delectable Duck Coins flavour. Suitable for all breeds of dogs, these treats come in an 80g pack, providing a healthy snacking option rich in essential nutrients.","og_url":"https:\/\/zoo-land.az\/ru\/shop\/dog\/treats\/trixie-duck-coins-dog-treats-80-g\/","og_site_name":"Zooland.az","og_image":[{"width":1000,"height":1000,"url":"https:\/\/zoo-land.az\/wp-content\/uploads\/2024\/06\/Frame106723771_1.webp","type":"image\/webp"}],"twitter_card":"summary_large_image","schema":{"@context":"https:\/\/schema.org","@graph":[{"@type":"WebPage","@id":"https:\/\/zoo-land.az\/ru\/shop\/dog\/treats\/trixie-duck-coins-dog-treats-80-g\/","url":"https:\/\/zoo-land.az\/ru\/shop\/dog\/treats\/trixie-duck-coins-dog-treats-80-g\/","name":"Trixie Duck Coins Dog Treats 80 g - Zooland.az","isPartOf":{"@id":"https:\/\/zoo-land.az\/#website"},"primaryImageOfPage":{"@id":"https:\/\/zoo-land.az\/ru\/shop\/dog\/treats\/trixie-duck-coins-dog-treats-80-g\/#primaryimage"},"image":{"@id":"https:\/\/zoo-land.az\/ru\/shop\/dog\/treats\/trixie-duck-coins-dog-treats-80-g\/#primaryimage"},"thumbnailUrl":"https:\/\/zoo-land.az\/wp-content\/uploads\/2024\/06\/Frame106723771_1.webp","datePublished":"2024-06-06T18:19:10+00:00","breadcrumb":{"@id":"https:\/\/zoo-land.az\/ru\/shop\/dog\/treats\/trixie-duck-coins-dog-treats-80-g\/#breadcrumb"},"inLanguage":"ru-RU","potentialAction":[{"@type":"ReadAction","target":["https:\/\/zoo-land.az\/ru\/shop\/dog\/treats\/trixie-duck-coins-dog-treats-80-g\/"]}]},{"@type":"ImageObject","inLanguage":"ru-RU","@id":"https:\/\/zoo-land.az\/ru\/shop\/dog\/treats\/trixie-duck-coins-dog-treats-80-g\/#primaryimage","url":"https:\/\/zoo-land.az\/wp-content\/uploads\/2024\/06\/Frame106723771_1.webp","contentUrl":"https:\/\/zoo-land.az\/wp-content\/uploads\/2024\/06\/Frame106723771_1.webp","width":1000,"height":1000},{"@type":"BreadcrumbList","@id":"https:\/\/zoo-land.az\/ru\/shop\/dog\/treats\/trixie-duck-coins-dog-treats-80-g\/#breadcrumb","itemListElement":[{"@type":"ListItem","position":1,"name":"Home","item":"https:\/\/zoo-land.az\/ru\/"},{"@type":"ListItem","position":2,"name":"Shop","item":"https:\/\/zoo-land.az\/ru\/"},{"@type":"ListItem","position":3,"name":"Trixie Duck Coins Dog Treats 80 g"}]},{"@type":"WebSite","@id":"https:\/\/zoo-land.az\/#website","url":"https:\/\/zoo-land.az\/","name":"Zooland.az","description":"Xo\u015fb\u0259xt ev heyvanlar\u0131n\u0131n \u00fcnvan\u0131 Zooland.az","publisher":{"@id":"https:\/\/zoo-land.az\/#organization"},"potentialAction":[{"@type":"SearchAction","target":{"@type":"EntryPoint","urlTemplate":"https:\/\/zoo-land.az\/?s={search_term_string}"},"query-input":{"@type":"PropertyValueSpecification","valueRequired":true,"valueName":"search_term_string"}}],"inLanguage":"ru-RU"},{"@type":"Organization","@id":"https:\/\/zoo-land.az\/#organization","name":"Zooland.az","url":"https:\/\/zoo-land.az\/","logo":{"@type":"ImageObject","inLanguage":"ru-RU","@id":"https:\/\/zoo-land.az\/#\/schema\/logo\/image\/","url":"https:\/\/zoo-land.az\/wp-content\/uploads\/2022\/05\/logo.svg","contentUrl":"https:\/\/zoo-land.az\/wp-content\/uploads\/2022\/05\/logo.svg","width":113,"height":46,"caption":"Zooland.az"},"image":{"@id":"https:\/\/zoo-land.az\/#\/schema\/logo\/image\/"}}]}},"_links":{"self":[{"href":"https:\/\/zoo-land.az\/ru\/wp-json\/wp\/v2\/product\/22908","targetHints":{"allow":["GET"]}}],"collection":[{"href":"https:\/\/zoo-land.az\/ru\/wp-json\/wp\/v2\/product"}],"about":[{"href":"https:\/\/zoo-land.az\/ru\/wp-json\/wp\/v2\/types\/product"}],"wp:featuredmedia":[{"embeddable":true,"href":"https:\/\/zoo-land.az\/ru\/wp-json\/wp\/v2\/media\/22909"}],"wp:attachment":[{"href":"https:\/\/zoo-land.az\/ru\/wp-json\/wp\/v2\/media?parent=22908"}],"wp:term":[{"taxonomy":"product_cat","embeddable":true,"href":"https:\/\/zoo-land.az\/ru\/wp-json\/wp\/v2\/product_cat?post=22908"},{"taxonomy":"product_tag","embeddable":true,"href":"https:\/\/zoo-land.az\/ru\/wp-json\/wp\/v2\/product_tag?post=22908"}],"curies":[{"name":"wp","href":"https:\/\/api.w.org\/{rel}","templated":true}]}}