{"id":22947,"date":"2024-06-07T10:56:57","date_gmt":"2024-06-07T10:56:57","guid":{"rendered":"https:\/\/lightsteelblue-zebra-299715.hostingersite.com\/?post_type=product&#038;p=22947"},"modified":"2024-06-07T10:56:58","modified_gmt":"2024-06-07T10:56:58","slug":"np-sterilised-poultry-7-kg","status":"publish","type":"product","link":"https:\/\/zoo-land.az\/ru\/shop\/cat\/cat-foods\/np-sterilised-poultry-7-kg\/","title":{"rendered":"NP Sterilised Poultry 7 kg"},"content":{"rendered":"<p><strong>Nature&#8217;s Protection Sterilised Poultry<\/strong> <strong>COMPLETE DRY FOOD WITH POULTRY FOR ADULT CATS AFTER STERILIZATION\/CASTRATION<\/strong><\/p>\n<p>From 1 year of age.<\/p>\n<ul>\n<li>Food for cats after sterilization\/castration.<\/li>\n<li>100% complete and balanced nutrition with reduced fat content and L-carnitine helps avoid overweight and obesity.<\/li>\n<li>Adequate animal protein content helps maintain strong muscle structure and optimal urine acidity.<\/li>\n<li>Natural antioxidants strengthen the cat&#8217;s natural defense systems.<\/li>\n<li>With added nutraceuticals for efficient digestive system function.<\/li>\n<li>Balanced mineral levels support kidney function and prevent stone formation.<\/li>\n<li>Properly selected ingredients maintain healthy and shiny fur.<\/li>\n<li>Exceptionally tasty and highly digestible food.<\/li>\n<\/ul>\n<p><strong>\u0418\u043d\u0433\u0440\u0435\u0434\u0438\u0435\u043d\u0442\u044b:<\/strong> poultry meat 42% (dried and finely ground), rice, corn, corn gluten, poultry fat, beet pulp, cellulose, brewer&#8217;s yeast, flaxseed, dynamically micronized clinoptilolite (1%), fish meal, powdered eggs, chicory extract, mannan-oligosaccharides (MOS), yucca extract, marigold meal.<\/p>\n<p><strong>Additives per kg:<\/strong> dietary additives: vitamin A (3a672a) \u2013 25,000 IU, vitamin D3 (3a671) \u2013 1,875 IU, vitamin E (3a700) \u2013 688 mg, iron(II) sulfate monohydrate (3b103) \u2013 62.5 mg, anhydrous calcium iodate (3b202) \u2013 1.9 mg, copper(II) sulfate pentahydrate (3b405) \u2013 6.3 mg, manganese(II) sulfate monohydrate (3b503) \u2013 25 mg, zinc sulfate monohydrate (3b605) \u2013 143.75 mg, sodium selenite (3b801) \u2013 0.125 mg, taurine (3a370) \u2013 1,250 mg, DL-methionine, technologically pure (3c301) \u2013 1,000 mg, L-carnitine (3a910) \u2013 100 mg.<\/p>\n<p><strong>Technological additives:<\/strong> rosemary extract, tocopherol extracts from vegetable oils (1b306(i)).<\/p>\n<p><strong>Analytical Constituents:<\/strong> crude protein \u2013 32%, crude oils and fats \u2013 11%, crude ash \u2013 6%, crude fiber \u2013 3.8%, calcium \u2013 0.9%, phosphorus \u2013 0.75%, potassium \u2013 0.9%, sodium \u2013 0.5%, magnesium \u2013 0.06%, omega-3 fatty acids \u2013 0.24%, omega-6 fatty acids \u2013 2.58%.<\/p>","protected":false},"excerpt":{"rendered":"<p><strong>Nature&#8217;s Protection Sterilised Poultry<\/strong> <strong>COMPLETE DRY FOOD WITH POULTRY FOR ADULT CATS AFTER STERILIZATION\/CASTRATION<\/strong><\/p>\n<p>From 1 year of age.<\/p>\n<ul>\n<li>Food for cats after sterilization\/castration.<\/li>\n<li>100% complete and balanced nutrition with reduced fat content and L-carnitine helps avoid overweight and obesity.<\/li>\n<li>Adequate animal protein content helps maintain strong muscle structure and optimal urine acidity.<\/li>\n<li>Natural antioxidants strengthen the cat&#8217;s natural defense systems.<\/li>\n<li>With added nutraceuticals for efficient digestive system function.<\/li>\n<li>Balanced mineral levels support kidney function and prevent stone formation.<\/li>\n<li>Properly selected ingredients maintain healthy and shiny fur.<\/li>\n<li>Exceptionally tasty and highly digestible food.<\/li>\n<\/ul>","protected":false},"featured_media":22948,"template":"","meta":{"inline_featured_image":false,"_joinchat":[]},"product_cat":[189,188],"product_tag":[],"class_list":{"0":"post-22947","1":"product","2":"type-product","3":"status-publish","4":"has-post-thumbnail","6":"product_brand-natures-protection","7":"product_cat-cat-foods","8":"product_cat-cat","10":"first","11":"instock","12":"shipping-taxable","13":"purchasable","14":"product-type-simple"},"yoast_head":"<!-- This site is optimized with the Yoast SEO plugin v26.7 - https:\/\/yoast.com\/wordpress\/plugins\/seo\/ -->\n<title>NP Sterilised Poultry 7 kg - Zooland.az<\/title>\n<meta name=\"robots\" content=\"index, follow, max-snippet:-1, max-image-preview:large, max-video-preview:-1\" \/>\n<link rel=\"canonical\" href=\"https:\/\/zoo-land.az\/ru\/shop\/cat\/cat-foods\/np-sterilised-poultry-7-kg\/\" \/>\n<meta property=\"og:locale\" content=\"ru_RU\" \/>\n<meta property=\"og:type\" content=\"article\" \/>\n<meta property=\"og:title\" content=\"NP Sterilised Poultry 7 kg - Zooland.az\" \/>\n<meta property=\"og:description\" content=\"Nature&#039;s Protection Sterilised Poultry COMPLETE DRY FOOD WITH POULTRY FOR ADULT CATS AFTER STERILIZATION\/CASTRATION  From 1 year of age.   Food for cats after sterilization\/castration.  100% complete and balanced nutrition with reduced fat content and L-carnitine helps avoid overweight and obesity.  Adequate animal protein content helps maintain strong muscle structure and optimal urine acidity.  Natural antioxidants strengthen the cat&#039;s natural defense systems.  With added nutraceuticals for efficient digestive system function.  Balanced mineral levels support kidney function and prevent stone formation.  Properly selected ingredients maintain healthy and shiny fur.  Exceptionally tasty and highly digestible food.\" \/>\n<meta property=\"og:url\" content=\"https:\/\/zoo-land.az\/ru\/shop\/cat\/cat-foods\/np-sterilised-poultry-7-kg\/\" \/>\n<meta property=\"og:site_name\" content=\"Zooland.az\" \/>\n<meta property=\"article:modified_time\" content=\"2024-06-07T10:56:58+00:00\" \/>\n<meta property=\"og:image\" content=\"https:\/\/zoo-land.az\/wp-content\/uploads\/2024\/06\/7577_5452.jpg\" \/>\n\t<meta property=\"og:image:width\" content=\"500\" \/>\n\t<meta property=\"og:image:height\" content=\"500\" \/>\n\t<meta property=\"og:image:type\" content=\"image\/jpeg\" \/>\n<meta name=\"twitter:card\" content=\"summary_large_image\" \/>\n<meta name=\"twitter:label1\" content=\"\u041f\u0440\u0438\u043c\u0435\u0440\u043d\u043e\u0435 \u0432\u0440\u0435\u043c\u044f \u0434\u043b\u044f \u0447\u0442\u0435\u043d\u0438\u044f\" \/>\n\t<meta name=\"twitter:data1\" content=\"1 \u043c\u0438\u043d\u0443\u0442\u0430\" \/>\n<script type=\"application\/ld+json\" class=\"yoast-schema-graph\">{\"@context\":\"https:\/\/schema.org\",\"@graph\":[{\"@type\":\"WebPage\",\"@id\":\"https:\/\/zoo-land.az\/shop\/cat\/cat-foods\/np-sterilised-poultry-7-kg\/\",\"url\":\"https:\/\/zoo-land.az\/shop\/cat\/cat-foods\/np-sterilised-poultry-7-kg\/\",\"name\":\"NP Sterilised Poultry 7 kg - Zooland.az\",\"isPartOf\":{\"@id\":\"https:\/\/zoo-land.az\/#website\"},\"primaryImageOfPage\":{\"@id\":\"https:\/\/zoo-land.az\/shop\/cat\/cat-foods\/np-sterilised-poultry-7-kg\/#primaryimage\"},\"image\":{\"@id\":\"https:\/\/zoo-land.az\/shop\/cat\/cat-foods\/np-sterilised-poultry-7-kg\/#primaryimage\"},\"thumbnailUrl\":\"https:\/\/zoo-land.az\/wp-content\/uploads\/2024\/06\/7577_5452.jpg\",\"datePublished\":\"2024-06-07T10:56:57+00:00\",\"dateModified\":\"2024-06-07T10:56:58+00:00\",\"breadcrumb\":{\"@id\":\"https:\/\/zoo-land.az\/shop\/cat\/cat-foods\/np-sterilised-poultry-7-kg\/#breadcrumb\"},\"inLanguage\":\"ru-RU\",\"potentialAction\":[{\"@type\":\"ReadAction\",\"target\":[\"https:\/\/zoo-land.az\/shop\/cat\/cat-foods\/np-sterilised-poultry-7-kg\/\"]}]},{\"@type\":\"ImageObject\",\"inLanguage\":\"ru-RU\",\"@id\":\"https:\/\/zoo-land.az\/shop\/cat\/cat-foods\/np-sterilised-poultry-7-kg\/#primaryimage\",\"url\":\"https:\/\/zoo-land.az\/wp-content\/uploads\/2024\/06\/7577_5452.jpg\",\"contentUrl\":\"https:\/\/zoo-land.az\/wp-content\/uploads\/2024\/06\/7577_5452.jpg\",\"width\":500,\"height\":500},{\"@type\":\"BreadcrumbList\",\"@id\":\"https:\/\/zoo-land.az\/shop\/cat\/cat-foods\/np-sterilised-poultry-7-kg\/#breadcrumb\",\"itemListElement\":[{\"@type\":\"ListItem\",\"position\":1,\"name\":\"Home\",\"item\":\"https:\/\/zoo-land.az\/ru\/\"},{\"@type\":\"ListItem\",\"position\":2,\"name\":\"Shop\",\"item\":\"https:\/\/zoo-land.az\/ru\/\"},{\"@type\":\"ListItem\",\"position\":3,\"name\":\"NP Sterilised Poultry 7 kg\"}]},{\"@type\":\"WebSite\",\"@id\":\"https:\/\/zoo-land.az\/#website\",\"url\":\"https:\/\/zoo-land.az\/\",\"name\":\"Zooland.az\",\"description\":\"Xo\u015fb\u0259xt ev heyvanlar\u0131n\u0131n \u00fcnvan\u0131 Zooland.az\",\"publisher\":{\"@id\":\"https:\/\/zoo-land.az\/#organization\"},\"potentialAction\":[{\"@type\":\"SearchAction\",\"target\":{\"@type\":\"EntryPoint\",\"urlTemplate\":\"https:\/\/zoo-land.az\/?s={search_term_string}\"},\"query-input\":{\"@type\":\"PropertyValueSpecification\",\"valueRequired\":true,\"valueName\":\"search_term_string\"}}],\"inLanguage\":\"ru-RU\"},{\"@type\":\"Organization\",\"@id\":\"https:\/\/zoo-land.az\/#organization\",\"name\":\"Zooland.az\",\"url\":\"https:\/\/zoo-land.az\/\",\"logo\":{\"@type\":\"ImageObject\",\"inLanguage\":\"ru-RU\",\"@id\":\"https:\/\/zoo-land.az\/#\/schema\/logo\/image\/\",\"url\":\"https:\/\/zoo-land.az\/wp-content\/uploads\/2022\/05\/logo.svg\",\"contentUrl\":\"https:\/\/zoo-land.az\/wp-content\/uploads\/2022\/05\/logo.svg\",\"width\":113,\"height\":46,\"caption\":\"Zooland.az\"},\"image\":{\"@id\":\"https:\/\/zoo-land.az\/#\/schema\/logo\/image\/\"}}]}<\/script>\n<!-- \/ Yoast SEO plugin. -->","yoast_head_json":{"title":"NP Sterilised Poultry 7 kg - Zooland.az","robots":{"index":"index","follow":"follow","max-snippet":"max-snippet:-1","max-image-preview":"max-image-preview:large","max-video-preview":"max-video-preview:-1"},"canonical":"https:\/\/zoo-land.az\/ru\/shop\/cat\/cat-foods\/np-sterilised-poultry-7-kg\/","og_locale":"ru_RU","og_type":"article","og_title":"NP Sterilised Poultry 7 kg - Zooland.az","og_description":"Nature's Protection Sterilised Poultry COMPLETE DRY FOOD WITH POULTRY FOR ADULT CATS AFTER STERILIZATION\/CASTRATION  From 1 year of age.   Food for cats after sterilization\/castration.  100% complete and balanced nutrition with reduced fat content and L-carnitine helps avoid overweight and obesity.  Adequate animal protein content helps maintain strong muscle structure and optimal urine acidity.  Natural antioxidants strengthen the cat's natural defense systems.  With added nutraceuticals for efficient digestive system function.  Balanced mineral levels support kidney function and prevent stone formation.  Properly selected ingredients maintain healthy and shiny fur.  Exceptionally tasty and highly digestible food.","og_url":"https:\/\/zoo-land.az\/ru\/shop\/cat\/cat-foods\/np-sterilised-poultry-7-kg\/","og_site_name":"Zooland.az","article_modified_time":"2024-06-07T10:56:58+00:00","og_image":[{"width":500,"height":500,"url":"https:\/\/zoo-land.az\/wp-content\/uploads\/2024\/06\/7577_5452.jpg","type":"image\/jpeg"}],"twitter_card":"summary_large_image","twitter_misc":{"\u041f\u0440\u0438\u043c\u0435\u0440\u043d\u043e\u0435 \u0432\u0440\u0435\u043c\u044f \u0434\u043b\u044f \u0447\u0442\u0435\u043d\u0438\u044f":"1 \u043c\u0438\u043d\u0443\u0442\u0430"},"schema":{"@context":"https:\/\/schema.org","@graph":[{"@type":"WebPage","@id":"https:\/\/zoo-land.az\/shop\/cat\/cat-foods\/np-sterilised-poultry-7-kg\/","url":"https:\/\/zoo-land.az\/shop\/cat\/cat-foods\/np-sterilised-poultry-7-kg\/","name":"NP Sterilised Poultry 7 kg - Zooland.az","isPartOf":{"@id":"https:\/\/zoo-land.az\/#website"},"primaryImageOfPage":{"@id":"https:\/\/zoo-land.az\/shop\/cat\/cat-foods\/np-sterilised-poultry-7-kg\/#primaryimage"},"image":{"@id":"https:\/\/zoo-land.az\/shop\/cat\/cat-foods\/np-sterilised-poultry-7-kg\/#primaryimage"},"thumbnailUrl":"https:\/\/zoo-land.az\/wp-content\/uploads\/2024\/06\/7577_5452.jpg","datePublished":"2024-06-07T10:56:57+00:00","dateModified":"2024-06-07T10:56:58+00:00","breadcrumb":{"@id":"https:\/\/zoo-land.az\/shop\/cat\/cat-foods\/np-sterilised-poultry-7-kg\/#breadcrumb"},"inLanguage":"ru-RU","potentialAction":[{"@type":"ReadAction","target":["https:\/\/zoo-land.az\/shop\/cat\/cat-foods\/np-sterilised-poultry-7-kg\/"]}]},{"@type":"ImageObject","inLanguage":"ru-RU","@id":"https:\/\/zoo-land.az\/shop\/cat\/cat-foods\/np-sterilised-poultry-7-kg\/#primaryimage","url":"https:\/\/zoo-land.az\/wp-content\/uploads\/2024\/06\/7577_5452.jpg","contentUrl":"https:\/\/zoo-land.az\/wp-content\/uploads\/2024\/06\/7577_5452.jpg","width":500,"height":500},{"@type":"BreadcrumbList","@id":"https:\/\/zoo-land.az\/shop\/cat\/cat-foods\/np-sterilised-poultry-7-kg\/#breadcrumb","itemListElement":[{"@type":"ListItem","position":1,"name":"Home","item":"https:\/\/zoo-land.az\/ru\/"},{"@type":"ListItem","position":2,"name":"Shop","item":"https:\/\/zoo-land.az\/ru\/"},{"@type":"ListItem","position":3,"name":"NP Sterilised Poultry 7 kg"}]},{"@type":"WebSite","@id":"https:\/\/zoo-land.az\/#website","url":"https:\/\/zoo-land.az\/","name":"Zooland.az","description":"Xo\u015fb\u0259xt ev heyvanlar\u0131n\u0131n \u00fcnvan\u0131 Zooland.az","publisher":{"@id":"https:\/\/zoo-land.az\/#organization"},"potentialAction":[{"@type":"SearchAction","target":{"@type":"EntryPoint","urlTemplate":"https:\/\/zoo-land.az\/?s={search_term_string}"},"query-input":{"@type":"PropertyValueSpecification","valueRequired":true,"valueName":"search_term_string"}}],"inLanguage":"ru-RU"},{"@type":"Organization","@id":"https:\/\/zoo-land.az\/#organization","name":"Zooland.az","url":"https:\/\/zoo-land.az\/","logo":{"@type":"ImageObject","inLanguage":"ru-RU","@id":"https:\/\/zoo-land.az\/#\/schema\/logo\/image\/","url":"https:\/\/zoo-land.az\/wp-content\/uploads\/2022\/05\/logo.svg","contentUrl":"https:\/\/zoo-land.az\/wp-content\/uploads\/2022\/05\/logo.svg","width":113,"height":46,"caption":"Zooland.az"},"image":{"@id":"https:\/\/zoo-land.az\/#\/schema\/logo\/image\/"}}]}},"_links":{"self":[{"href":"https:\/\/zoo-land.az\/ru\/wp-json\/wp\/v2\/product\/22947","targetHints":{"allow":["GET"]}}],"collection":[{"href":"https:\/\/zoo-land.az\/ru\/wp-json\/wp\/v2\/product"}],"about":[{"href":"https:\/\/zoo-land.az\/ru\/wp-json\/wp\/v2\/types\/product"}],"wp:featuredmedia":[{"embeddable":true,"href":"https:\/\/zoo-land.az\/ru\/wp-json\/wp\/v2\/media\/22948"}],"wp:attachment":[{"href":"https:\/\/zoo-land.az\/ru\/wp-json\/wp\/v2\/media?parent=22947"}],"wp:term":[{"taxonomy":"product_cat","embeddable":true,"href":"https:\/\/zoo-land.az\/ru\/wp-json\/wp\/v2\/product_cat?post=22947"},{"taxonomy":"product_tag","embeddable":true,"href":"https:\/\/zoo-land.az\/ru\/wp-json\/wp\/v2\/product_tag?post=22947"}],"curies":[{"name":"wp","href":"https:\/\/api.w.org\/{rel}","templated":true}]}}