{"id":22951,"date":"2024-06-07T11:03:52","date_gmt":"2024-06-07T11:03:52","guid":{"rendered":"https:\/\/lightsteelblue-zebra-299715.hostingersite.com\/?post_type=product&#038;p=22951"},"modified":"2024-06-07T11:03:52","modified_gmt":"2024-06-07T11:03:52","slug":"np-kitten-poultry-7-kg","status":"publish","type":"product","link":"https:\/\/zoo-land.az\/ru\/shop\/cat\/cat-foods\/np-kitten-poultry-7-kg\/","title":{"rendered":"NP Kitten Poultry 7 kg"},"content":{"rendered":"<section class=\"product-section page-width spaced-section\">\n<div class=\"product grid grid--1-col grid--2-col-tablet\">\n<div class=\"grid__item product__info-wrapper\">\n<div id=\"ProductInfo\" class=\"product__info-container product__info-container--sticky\">\n<div class=\"product-description product__description rte\">\n<div class=\"fr-view\"><strong>COMPLETE PET FOOD FOR GROWING CATS<\/strong><br \/>\nUntil 1 year of age<br \/>\nSuitable for pregnant and lactating female cats<\/p>\n<ul>\n<li>100% complete and balanced nutrition with unique Antarctic krill for kittens and mothers for healthy growth.<\/li>\n<li>Supports natural defence systems<\/li>\n<li>Easy to digest for a smooth weaning period<\/li>\n<li>Can also be fed to lactating females so that the kittens learn to eat with her<\/li>\n<li>Highest quality animal protein sources for muscle development<\/li>\n<\/ul>\n<p><strong><br \/>\n\u0421\u043e\u0441\u0442\u0430\u0432:<\/strong><br \/>\npoultry meat 44% (dried and finely ground), rice, poultry fat, maize, maize gluten, krill meal (min. 4%), fish meal, dried eggs, salmon oil, sugar beet pulp, dynamic micronized clinoptilolite (1%), linseed, brewer\u2019s yeast, chicory extract, yucca extract.<\/p>\n<p><strong>Additives\/1 kg<\/strong><br \/>\nNutritional additives: vitamin A (3a672a) \u2013 27500 IU, vitamin D3 (3a671) \u2013 2063 IU, vitamin E (3a700) \u2013 756 mg, iron(II) sulphate monohydrate (3b103) \u2013 69 mg, calcium iodate anhydrous (3b202) \u2013 2 mg, copper(II) sulphate pentahydrate (3b405) \u2013 7 mg, manganous sulphate monohydrate (3b503) \u2013 28 mg, zinc sulphate monohydrate (3b605) \u2013 158 mg, sodium selenite (3b801) \u2013 0,14 mg, taurine (3a370) \u2013 1375mg<\/p>\n<p><strong>\u0410\u043d\u0430\u043b\u0438\u0442\u0438\u0447\u0435\u0441\u043a\u0438\u0435 \u0441\u043e\u0441\u0442\u0430\u0432\u043b\u044f\u044e\u0449\u0438\u0435:<\/strong><br \/>\ncrude protein \u2013 36%,<br \/>\ncrude oils and fats \u2013 22%,<br \/>\ncrude ash \u2013 6,8%,<br \/>\ncrude fibres \u2013 1,5%,<br \/>\ncalcium \u2013 1%,<br \/>\nphosphorus \u2013 0,9%,<br \/>\npotassium \u2013 0,7%,<br \/>\nsodium \u2013 0,45%,<br \/>\nomega 3 \u2013 0,32%,<br \/>\nomega 6 \u2013 4,38%.<\/div>\n<\/div>\n<\/div>\n<\/div>\n<\/div>\n<\/section>\n<section class=\"product-section page-width spaced-section\">\n<div id=\"recommend-products-content\" class=\"wrapper\"><\/div>\n<\/section>","protected":false},"excerpt":{"rendered":"<p><strong>COMPLETE PET FOOD FOR GROWING CATS<\/strong><br \/>\nUntil 1 year of age<br \/>\nSuitable for pregnant and lactating female cats<\/p>\n<ul>\n<li>100% complete and balanced nutrition with unique Antarctic krill for kittens and mothers for healthy growth.<\/li>\n<li>Supports natural defence systems<\/li>\n<li>Easy to digest for a smooth weaning period<\/li>\n<li>Can also be fed to lactating females so that the kittens learn to eat with her<\/li>\n<li>Highest quality animal protein sources for muscle development<\/li>\n<\/ul>","protected":false},"featured_media":22953,"template":"","meta":{"inline_featured_image":false,"_joinchat":[]},"product_cat":[189,188],"product_tag":[],"class_list":{"0":"post-22951","1":"product","2":"type-product","3":"status-publish","4":"has-post-thumbnail","6":"product_brand-natures-protection","7":"product_cat-cat-foods","8":"product_cat-cat","10":"first","11":"instock","12":"shipping-taxable","13":"purchasable","14":"product-type-simple"},"yoast_head":"<!-- This site is optimized with the Yoast SEO plugin v26.7 - https:\/\/yoast.com\/wordpress\/plugins\/seo\/ -->\n<title>NP Kitten Poultry 7 kg - Zooland.az<\/title>\n<meta name=\"robots\" content=\"index, follow, max-snippet:-1, max-image-preview:large, max-video-preview:-1\" \/>\n<link rel=\"canonical\" href=\"https:\/\/zoo-land.az\/ru\/shop\/cat\/cat-foods\/np-kitten-poultry-7-kg\/\" \/>\n<meta property=\"og:locale\" content=\"ru_RU\" \/>\n<meta property=\"og:type\" content=\"article\" \/>\n<meta property=\"og:title\" content=\"NP Kitten Poultry 7 kg - Zooland.az\" \/>\n<meta property=\"og:description\" content=\"COMPLETE PET FOOD FOR GROWING CATS Until 1 year of age Suitable for pregnant and lactating female cats   100% complete and balanced nutrition with unique Antarctic krill for kittens and mothers for healthy growth.  Supports natural defence systems  Easy to digest for a smooth weaning period  Can also be fed to lactating females so that the kittens learn to eat with her  Highest quality animal protein sources for muscle development\" \/>\n<meta property=\"og:url\" content=\"https:\/\/zoo-land.az\/ru\/shop\/cat\/cat-foods\/np-kitten-poultry-7-kg\/\" \/>\n<meta property=\"og:site_name\" content=\"Zooland.az\" \/>\n<meta property=\"og:image\" content=\"https:\/\/zoo-land.az\/wp-content\/uploads\/2024\/06\/51379333.webp\" \/>\n\t<meta property=\"og:image:width\" content=\"1024\" \/>\n\t<meta property=\"og:image:height\" content=\"1444\" \/>\n\t<meta property=\"og:image:type\" content=\"image\/webp\" \/>\n<meta name=\"twitter:card\" content=\"summary_large_image\" \/>\n<meta name=\"twitter:label1\" content=\"\u041f\u0440\u0438\u043c\u0435\u0440\u043d\u043e\u0435 \u0432\u0440\u0435\u043c\u044f \u0434\u043b\u044f \u0447\u0442\u0435\u043d\u0438\u044f\" \/>\n\t<meta name=\"twitter:data1\" content=\"1 \u043c\u0438\u043d\u0443\u0442\u0430\" \/>\n<script type=\"application\/ld+json\" class=\"yoast-schema-graph\">{\"@context\":\"https:\/\/schema.org\",\"@graph\":[{\"@type\":\"WebPage\",\"@id\":\"https:\/\/zoo-land.az\/az\/shop\/cat\/cat-foods\/np-kitten-poultry-7-kg\/\",\"url\":\"https:\/\/zoo-land.az\/az\/shop\/cat\/cat-foods\/np-kitten-poultry-7-kg\/\",\"name\":\"NP Kitten Poultry 7 kg - Zooland.az\",\"isPartOf\":{\"@id\":\"https:\/\/zoo-land.az\/#website\"},\"primaryImageOfPage\":{\"@id\":\"https:\/\/zoo-land.az\/az\/shop\/cat\/cat-foods\/np-kitten-poultry-7-kg\/#primaryimage\"},\"image\":{\"@id\":\"https:\/\/zoo-land.az\/az\/shop\/cat\/cat-foods\/np-kitten-poultry-7-kg\/#primaryimage\"},\"thumbnailUrl\":\"https:\/\/zoo-land.az\/wp-content\/uploads\/2024\/06\/51379333.webp\",\"datePublished\":\"2024-06-07T11:03:52+00:00\",\"breadcrumb\":{\"@id\":\"https:\/\/zoo-land.az\/az\/shop\/cat\/cat-foods\/np-kitten-poultry-7-kg\/#breadcrumb\"},\"inLanguage\":\"ru-RU\",\"potentialAction\":[{\"@type\":\"ReadAction\",\"target\":[\"https:\/\/zoo-land.az\/az\/shop\/cat\/cat-foods\/np-kitten-poultry-7-kg\/\"]}]},{\"@type\":\"ImageObject\",\"inLanguage\":\"ru-RU\",\"@id\":\"https:\/\/zoo-land.az\/az\/shop\/cat\/cat-foods\/np-kitten-poultry-7-kg\/#primaryimage\",\"url\":\"https:\/\/zoo-land.az\/wp-content\/uploads\/2024\/06\/51379333.webp\",\"contentUrl\":\"https:\/\/zoo-land.az\/wp-content\/uploads\/2024\/06\/51379333.webp\",\"width\":1024,\"height\":1444},{\"@type\":\"BreadcrumbList\",\"@id\":\"https:\/\/zoo-land.az\/az\/shop\/cat\/cat-foods\/np-kitten-poultry-7-kg\/#breadcrumb\",\"itemListElement\":[{\"@type\":\"ListItem\",\"position\":1,\"name\":\"Home\",\"item\":\"https:\/\/zoo-land.az\/ru\/\"},{\"@type\":\"ListItem\",\"position\":2,\"name\":\"Shop\",\"item\":\"https:\/\/zoo-land.az\/ru\/\"},{\"@type\":\"ListItem\",\"position\":3,\"name\":\"NP Kitten Poultry 7 kg\"}]},{\"@type\":\"WebSite\",\"@id\":\"https:\/\/zoo-land.az\/#website\",\"url\":\"https:\/\/zoo-land.az\/\",\"name\":\"Zooland.az\",\"description\":\"Xo\u015fb\u0259xt ev heyvanlar\u0131n\u0131n \u00fcnvan\u0131 Zooland.az\",\"publisher\":{\"@id\":\"https:\/\/zoo-land.az\/#organization\"},\"potentialAction\":[{\"@type\":\"SearchAction\",\"target\":{\"@type\":\"EntryPoint\",\"urlTemplate\":\"https:\/\/zoo-land.az\/?s={search_term_string}\"},\"query-input\":{\"@type\":\"PropertyValueSpecification\",\"valueRequired\":true,\"valueName\":\"search_term_string\"}}],\"inLanguage\":\"ru-RU\"},{\"@type\":\"Organization\",\"@id\":\"https:\/\/zoo-land.az\/#organization\",\"name\":\"Zooland.az\",\"url\":\"https:\/\/zoo-land.az\/\",\"logo\":{\"@type\":\"ImageObject\",\"inLanguage\":\"ru-RU\",\"@id\":\"https:\/\/zoo-land.az\/#\/schema\/logo\/image\/\",\"url\":\"https:\/\/zoo-land.az\/wp-content\/uploads\/2022\/05\/logo.svg\",\"contentUrl\":\"https:\/\/zoo-land.az\/wp-content\/uploads\/2022\/05\/logo.svg\",\"width\":113,\"height\":46,\"caption\":\"Zooland.az\"},\"image\":{\"@id\":\"https:\/\/zoo-land.az\/#\/schema\/logo\/image\/\"}}]}<\/script>\n<!-- \/ Yoast SEO plugin. -->","yoast_head_json":{"title":"NP Kitten Poultry 7 kg - Zooland.az","robots":{"index":"index","follow":"follow","max-snippet":"max-snippet:-1","max-image-preview":"max-image-preview:large","max-video-preview":"max-video-preview:-1"},"canonical":"https:\/\/zoo-land.az\/ru\/shop\/cat\/cat-foods\/np-kitten-poultry-7-kg\/","og_locale":"ru_RU","og_type":"article","og_title":"NP Kitten Poultry 7 kg - Zooland.az","og_description":"COMPLETE PET FOOD FOR GROWING CATS Until 1 year of age Suitable for pregnant and lactating female cats   100% complete and balanced nutrition with unique Antarctic krill for kittens and mothers for healthy growth.  Supports natural defence systems  Easy to digest for a smooth weaning period  Can also be fed to lactating females so that the kittens learn to eat with her  Highest quality animal protein sources for muscle development","og_url":"https:\/\/zoo-land.az\/ru\/shop\/cat\/cat-foods\/np-kitten-poultry-7-kg\/","og_site_name":"Zooland.az","og_image":[{"width":1024,"height":1444,"url":"https:\/\/zoo-land.az\/wp-content\/uploads\/2024\/06\/51379333.webp","type":"image\/webp"}],"twitter_card":"summary_large_image","twitter_misc":{"\u041f\u0440\u0438\u043c\u0435\u0440\u043d\u043e\u0435 \u0432\u0440\u0435\u043c\u044f \u0434\u043b\u044f \u0447\u0442\u0435\u043d\u0438\u044f":"1 \u043c\u0438\u043d\u0443\u0442\u0430"},"schema":{"@context":"https:\/\/schema.org","@graph":[{"@type":"WebPage","@id":"https:\/\/zoo-land.az\/az\/shop\/cat\/cat-foods\/np-kitten-poultry-7-kg\/","url":"https:\/\/zoo-land.az\/az\/shop\/cat\/cat-foods\/np-kitten-poultry-7-kg\/","name":"NP Kitten Poultry 7 kg - Zooland.az","isPartOf":{"@id":"https:\/\/zoo-land.az\/#website"},"primaryImageOfPage":{"@id":"https:\/\/zoo-land.az\/az\/shop\/cat\/cat-foods\/np-kitten-poultry-7-kg\/#primaryimage"},"image":{"@id":"https:\/\/zoo-land.az\/az\/shop\/cat\/cat-foods\/np-kitten-poultry-7-kg\/#primaryimage"},"thumbnailUrl":"https:\/\/zoo-land.az\/wp-content\/uploads\/2024\/06\/51379333.webp","datePublished":"2024-06-07T11:03:52+00:00","breadcrumb":{"@id":"https:\/\/zoo-land.az\/az\/shop\/cat\/cat-foods\/np-kitten-poultry-7-kg\/#breadcrumb"},"inLanguage":"ru-RU","potentialAction":[{"@type":"ReadAction","target":["https:\/\/zoo-land.az\/az\/shop\/cat\/cat-foods\/np-kitten-poultry-7-kg\/"]}]},{"@type":"ImageObject","inLanguage":"ru-RU","@id":"https:\/\/zoo-land.az\/az\/shop\/cat\/cat-foods\/np-kitten-poultry-7-kg\/#primaryimage","url":"https:\/\/zoo-land.az\/wp-content\/uploads\/2024\/06\/51379333.webp","contentUrl":"https:\/\/zoo-land.az\/wp-content\/uploads\/2024\/06\/51379333.webp","width":1024,"height":1444},{"@type":"BreadcrumbList","@id":"https:\/\/zoo-land.az\/az\/shop\/cat\/cat-foods\/np-kitten-poultry-7-kg\/#breadcrumb","itemListElement":[{"@type":"ListItem","position":1,"name":"Home","item":"https:\/\/zoo-land.az\/ru\/"},{"@type":"ListItem","position":2,"name":"Shop","item":"https:\/\/zoo-land.az\/ru\/"},{"@type":"ListItem","position":3,"name":"NP Kitten Poultry 7 kg"}]},{"@type":"WebSite","@id":"https:\/\/zoo-land.az\/#website","url":"https:\/\/zoo-land.az\/","name":"Zooland.az","description":"Xo\u015fb\u0259xt ev heyvanlar\u0131n\u0131n \u00fcnvan\u0131 Zooland.az","publisher":{"@id":"https:\/\/zoo-land.az\/#organization"},"potentialAction":[{"@type":"SearchAction","target":{"@type":"EntryPoint","urlTemplate":"https:\/\/zoo-land.az\/?s={search_term_string}"},"query-input":{"@type":"PropertyValueSpecification","valueRequired":true,"valueName":"search_term_string"}}],"inLanguage":"ru-RU"},{"@type":"Organization","@id":"https:\/\/zoo-land.az\/#organization","name":"Zooland.az","url":"https:\/\/zoo-land.az\/","logo":{"@type":"ImageObject","inLanguage":"ru-RU","@id":"https:\/\/zoo-land.az\/#\/schema\/logo\/image\/","url":"https:\/\/zoo-land.az\/wp-content\/uploads\/2022\/05\/logo.svg","contentUrl":"https:\/\/zoo-land.az\/wp-content\/uploads\/2022\/05\/logo.svg","width":113,"height":46,"caption":"Zooland.az"},"image":{"@id":"https:\/\/zoo-land.az\/#\/schema\/logo\/image\/"}}]}},"_links":{"self":[{"href":"https:\/\/zoo-land.az\/ru\/wp-json\/wp\/v2\/product\/22951","targetHints":{"allow":["GET"]}}],"collection":[{"href":"https:\/\/zoo-land.az\/ru\/wp-json\/wp\/v2\/product"}],"about":[{"href":"https:\/\/zoo-land.az\/ru\/wp-json\/wp\/v2\/types\/product"}],"wp:featuredmedia":[{"embeddable":true,"href":"https:\/\/zoo-land.az\/ru\/wp-json\/wp\/v2\/media\/22953"}],"wp:attachment":[{"href":"https:\/\/zoo-land.az\/ru\/wp-json\/wp\/v2\/media?parent=22951"}],"wp:term":[{"taxonomy":"product_cat","embeddable":true,"href":"https:\/\/zoo-land.az\/ru\/wp-json\/wp\/v2\/product_cat?post=22951"},{"taxonomy":"product_tag","embeddable":true,"href":"https:\/\/zoo-land.az\/ru\/wp-json\/wp\/v2\/product_tag?post=22951"}],"curies":[{"name":"wp","href":"https:\/\/api.w.org\/{rel}","templated":true}]}}