{"id":22968,"date":"2024-06-07T11:41:22","date_gmt":"2024-06-07T11:41:22","guid":{"rendered":"https:\/\/lightsteelblue-zebra-299715.hostingersite.com\/?post_type=product&#038;p=22968"},"modified":"2024-06-07T11:41:22","modified_gmt":"2024-06-07T11:41:22","slug":"tauro-pro-line-shampoo-nourishing","status":"publish","type":"product","link":"https:\/\/zoo-land.az\/ru\/shop\/cat\/cat-hygenic\/cat-hairwashes\/tauro-pro-line-shampoo-nourishing\/","title":{"rendered":"Tauro Pro Line Shampoo Nourishing"},"content":{"rendered":"<p>Healthy Coat Nourishing Shampoo is made from the highest quality ingredients for caring for and nurturing a smooth coat. Deeply nourishes and is suitable for both dogs and cats.<\/p>\n<p><b>For deep coat feeding:<\/b><\/p>\n<ul>\n<li><b>Smoothes the\u00a0coat<\/b>. Designed to help dogs and cats maintain a nice, smooth coat.<\/li>\n<li><b>Feeds the hair<\/b>. Thanks to the silk proteins contained in the composition, the remedy perfectly absorbs into the hair by feeding it from the inside, thus the coat acquires moisture and silky shine.<\/li>\n<\/ul>\n<p><b>Supplemented with natural ingredients:<\/b><\/p>\n<ul>\n<li>Due to the presence of<strong>\u00a0wheat<\/strong>\u00a0<b>and milk proteins,\u00a0<\/b>the shampoo perfectly absorbs into the hair by feeding it from the inside, so the coat acquires moisture and silky shine.<\/li>\n<li><b>Rosemary extract\u00a0<\/b>promotes hair growth and renewal, prevents environmental negative effects.<\/li>\n<\/ul>\n<p><b>Verified by professionals:<\/b><\/p>\n<ul>\n<li>Safe composition \u2013 without silicones, parabens and SLS.<\/li>\n<li>Created by breeders \u2013 reliable, high-end products.<\/li>\n<\/ul>","protected":false},"excerpt":{"rendered":"<p>Healthy Coat Nourishing Shampoo is made from the highest quality ingredients for caring for and nurturing a smooth coat. Deeply nourishes and is suitable for both dogs and cats.<\/p>\n<p><b>For deep coat feeding:<\/b><\/p>\n<ul>\n<li><b>Smoothes the\u00a0coat<\/b>. Designed to help dogs and cats maintain a nice, smooth coat.<\/li>\n<li><b>Feeds the hair<\/b>. Thanks to the silk proteins contained in the composition, the remedy perfectly absorbs into the hair by feeding it from the inside, thus the coat acquires moisture and silky shine.<\/li>\n<\/ul>","protected":false},"featured_media":22969,"template":"","meta":{"inline_featured_image":false,"_joinchat":[]},"product_cat":[188,107,355,200],"product_tag":[],"class_list":{"0":"post-22968","1":"product","2":"type-product","3":"status-publish","4":"has-post-thumbnail","6":"product_brand-tauro-pro-line","7":"product_cat-cat","8":"product_cat-dog","9":"product_cat-shampoo","10":"product_cat-cat-hairwashes","12":"first","13":"instock","14":"shipping-taxable","15":"purchasable","16":"product-type-simple"},"yoast_head":"<!-- This site is optimized with the Yoast SEO plugin v27.4 - https:\/\/yoast.com\/product\/yoast-seo-wordpress\/ -->\n<title>Tauro Pro Line Shampoo Nourishing - Zooland.az<\/title>\n<meta name=\"robots\" content=\"index, follow, max-snippet:-1, max-image-preview:large, max-video-preview:-1\" \/>\n<link rel=\"canonical\" href=\"https:\/\/zoo-land.az\/ru\/shop\/cat\/cat-hygenic\/cat-hairwashes\/tauro-pro-line-shampoo-nourishing\/\" \/>\n<meta property=\"og:locale\" content=\"ru_RU\" \/>\n<meta property=\"og:type\" content=\"article\" \/>\n<meta property=\"og:title\" content=\"Tauro Pro Line Shampoo Nourishing - Zooland.az\" \/>\n<meta property=\"og:description\" content=\"Healthy Coat Nourishing Shampoo is made from the highest quality ingredients for caring for and nurturing a smooth coat. Deeply nourishes and is suitable for both dogs and cats.  For deep coat feeding:   Smoothes the\u00a0coat. Designed to help dogs and cats maintain a nice, smooth coat.  Feeds the hair. Thanks to the silk proteins contained in the composition, the remedy perfectly absorbs into the hair by feeding it from the inside, thus the coat acquires moisture and silky shine.\" \/>\n<meta property=\"og:url\" content=\"https:\/\/zoo-land.az\/ru\/shop\/cat\/cat-hygenic\/cat-hairwashes\/tauro-pro-line-shampoo-nourishing\/\" \/>\n<meta property=\"og:site_name\" content=\"Zooland.az\" \/>\n<meta property=\"og:image\" content=\"https:\/\/zoo-land.az\/wp-content\/uploads\/2024\/06\/Screenshot-2024-06-07-at-15.39.28.png\" \/>\n\t<meta property=\"og:image:width\" content=\"1048\" \/>\n\t<meta property=\"og:image:height\" content=\"2034\" \/>\n\t<meta property=\"og:image:type\" content=\"image\/png\" \/>\n<meta name=\"twitter:card\" content=\"summary_large_image\" \/>\n<meta name=\"twitter:label1\" content=\"\u041f\u0440\u0438\u043c\u0435\u0440\u043d\u043e\u0435 \u0432\u0440\u0435\u043c\u044f \u0434\u043b\u044f \u0447\u0442\u0435\u043d\u0438\u044f\" \/>\n\t<meta name=\"twitter:data1\" content=\"1 \u043c\u0438\u043d\u0443\u0442\u0430\" \/>\n<script type=\"application\/ld+json\" class=\"yoast-schema-graph\">{\"@context\":\"https:\\\/\\\/schema.org\",\"@graph\":[{\"@type\":\"WebPage\",\"@id\":\"https:\\\/\\\/zoo-land.az\\\/az\\\/shop\\\/cat\\\/cat-hygenic\\\/cat-hairwashes\\\/tauro-pro-line-shampoo-nourishing\\\/\",\"url\":\"https:\\\/\\\/zoo-land.az\\\/az\\\/shop\\\/cat\\\/cat-hygenic\\\/cat-hairwashes\\\/tauro-pro-line-shampoo-nourishing\\\/\",\"name\":\"Tauro Pro Line Shampoo Nourishing - Zooland.az\",\"isPartOf\":{\"@id\":\"https:\\\/\\\/zoo-land.az\\\/#website\"},\"primaryImageOfPage\":{\"@id\":\"https:\\\/\\\/zoo-land.az\\\/az\\\/shop\\\/cat\\\/cat-hygenic\\\/cat-hairwashes\\\/tauro-pro-line-shampoo-nourishing\\\/#primaryimage\"},\"image\":{\"@id\":\"https:\\\/\\\/zoo-land.az\\\/az\\\/shop\\\/cat\\\/cat-hygenic\\\/cat-hairwashes\\\/tauro-pro-line-shampoo-nourishing\\\/#primaryimage\"},\"thumbnailUrl\":\"https:\\\/\\\/zoo-land.az\\\/wp-content\\\/uploads\\\/2024\\\/06\\\/Screenshot-2024-06-07-at-15.39.28.png\",\"datePublished\":\"2024-06-07T11:41:22+00:00\",\"breadcrumb\":{\"@id\":\"https:\\\/\\\/zoo-land.az\\\/az\\\/shop\\\/cat\\\/cat-hygenic\\\/cat-hairwashes\\\/tauro-pro-line-shampoo-nourishing\\\/#breadcrumb\"},\"inLanguage\":\"ru-RU\",\"potentialAction\":[{\"@type\":\"ReadAction\",\"target\":[\"https:\\\/\\\/zoo-land.az\\\/az\\\/shop\\\/cat\\\/cat-hygenic\\\/cat-hairwashes\\\/tauro-pro-line-shampoo-nourishing\\\/\"]}]},{\"@type\":\"ImageObject\",\"inLanguage\":\"ru-RU\",\"@id\":\"https:\\\/\\\/zoo-land.az\\\/az\\\/shop\\\/cat\\\/cat-hygenic\\\/cat-hairwashes\\\/tauro-pro-line-shampoo-nourishing\\\/#primaryimage\",\"url\":\"https:\\\/\\\/zoo-land.az\\\/wp-content\\\/uploads\\\/2024\\\/06\\\/Screenshot-2024-06-07-at-15.39.28.png\",\"contentUrl\":\"https:\\\/\\\/zoo-land.az\\\/wp-content\\\/uploads\\\/2024\\\/06\\\/Screenshot-2024-06-07-at-15.39.28.png\",\"width\":1048,\"height\":2034},{\"@type\":\"BreadcrumbList\",\"@id\":\"https:\\\/\\\/zoo-land.az\\\/az\\\/shop\\\/cat\\\/cat-hygenic\\\/cat-hairwashes\\\/tauro-pro-line-shampoo-nourishing\\\/#breadcrumb\",\"itemListElement\":[{\"@type\":\"ListItem\",\"position\":1,\"name\":\"Home\",\"item\":\"https:\\\/\\\/zoo-land.az\\\/ru\\\/\"},{\"@type\":\"ListItem\",\"position\":2,\"name\":\"Shop\",\"item\":\"https:\\\/\\\/zoo-land.az\\\/ru\\\/\"},{\"@type\":\"ListItem\",\"position\":3,\"name\":\"Tauro Pro Line Shampoo Nourishing\"}]},{\"@type\":\"WebSite\",\"@id\":\"https:\\\/\\\/zoo-land.az\\\/#website\",\"url\":\"https:\\\/\\\/zoo-land.az\\\/\",\"name\":\"Zooland.az\",\"description\":\"Xo\u015fb\u0259xt ev heyvanlar\u0131n\u0131n \u00fcnvan\u0131 Zooland.az\",\"publisher\":{\"@id\":\"https:\\\/\\\/zoo-land.az\\\/#organization\"},\"potentialAction\":[{\"@type\":\"SearchAction\",\"target\":{\"@type\":\"EntryPoint\",\"urlTemplate\":\"https:\\\/\\\/zoo-land.az\\\/?s={search_term_string}\"},\"query-input\":{\"@type\":\"PropertyValueSpecification\",\"valueRequired\":true,\"valueName\":\"search_term_string\"}}],\"inLanguage\":\"ru-RU\"},{\"@type\":\"Organization\",\"@id\":\"https:\\\/\\\/zoo-land.az\\\/#organization\",\"name\":\"Zooland.az\",\"url\":\"https:\\\/\\\/zoo-land.az\\\/\",\"logo\":{\"@type\":\"ImageObject\",\"inLanguage\":\"ru-RU\",\"@id\":\"https:\\\/\\\/zoo-land.az\\\/#\\\/schema\\\/logo\\\/image\\\/\",\"url\":\"https:\\\/\\\/zoo-land.az\\\/wp-content\\\/uploads\\\/2022\\\/05\\\/logo.svg\",\"contentUrl\":\"https:\\\/\\\/zoo-land.az\\\/wp-content\\\/uploads\\\/2022\\\/05\\\/logo.svg\",\"width\":113,\"height\":46,\"caption\":\"Zooland.az\"},\"image\":{\"@id\":\"https:\\\/\\\/zoo-land.az\\\/#\\\/schema\\\/logo\\\/image\\\/\"}}]}<\/script>\n<!-- \/ Yoast SEO plugin. -->","yoast_head_json":{"title":"Tauro Pro Line Shampoo Nourishing - Zooland.az","robots":{"index":"index","follow":"follow","max-snippet":"max-snippet:-1","max-image-preview":"max-image-preview:large","max-video-preview":"max-video-preview:-1"},"canonical":"https:\/\/zoo-land.az\/ru\/shop\/cat\/cat-hygenic\/cat-hairwashes\/tauro-pro-line-shampoo-nourishing\/","og_locale":"ru_RU","og_type":"article","og_title":"Tauro Pro Line Shampoo Nourishing - Zooland.az","og_description":"Healthy Coat Nourishing Shampoo is made from the highest quality ingredients for caring for and nurturing a smooth coat. Deeply nourishes and is suitable for both dogs and cats.  For deep coat feeding:   Smoothes the\u00a0coat. Designed to help dogs and cats maintain a nice, smooth coat.  Feeds the hair. Thanks to the silk proteins contained in the composition, the remedy perfectly absorbs into the hair by feeding it from the inside, thus the coat acquires moisture and silky shine.","og_url":"https:\/\/zoo-land.az\/ru\/shop\/cat\/cat-hygenic\/cat-hairwashes\/tauro-pro-line-shampoo-nourishing\/","og_site_name":"Zooland.az","og_image":[{"width":1048,"height":2034,"url":"https:\/\/zoo-land.az\/wp-content\/uploads\/2024\/06\/Screenshot-2024-06-07-at-15.39.28.png","type":"image\/png"}],"twitter_card":"summary_large_image","twitter_misc":{"\u041f\u0440\u0438\u043c\u0435\u0440\u043d\u043e\u0435 \u0432\u0440\u0435\u043c\u044f \u0434\u043b\u044f \u0447\u0442\u0435\u043d\u0438\u044f":"1 \u043c\u0438\u043d\u0443\u0442\u0430"},"schema":{"@context":"https:\/\/schema.org","@graph":[{"@type":"WebPage","@id":"https:\/\/zoo-land.az\/az\/shop\/cat\/cat-hygenic\/cat-hairwashes\/tauro-pro-line-shampoo-nourishing\/","url":"https:\/\/zoo-land.az\/az\/shop\/cat\/cat-hygenic\/cat-hairwashes\/tauro-pro-line-shampoo-nourishing\/","name":"Tauro Pro Line Shampoo Nourishing - Zooland.az","isPartOf":{"@id":"https:\/\/zoo-land.az\/#website"},"primaryImageOfPage":{"@id":"https:\/\/zoo-land.az\/az\/shop\/cat\/cat-hygenic\/cat-hairwashes\/tauro-pro-line-shampoo-nourishing\/#primaryimage"},"image":{"@id":"https:\/\/zoo-land.az\/az\/shop\/cat\/cat-hygenic\/cat-hairwashes\/tauro-pro-line-shampoo-nourishing\/#primaryimage"},"thumbnailUrl":"https:\/\/zoo-land.az\/wp-content\/uploads\/2024\/06\/Screenshot-2024-06-07-at-15.39.28.png","datePublished":"2024-06-07T11:41:22+00:00","breadcrumb":{"@id":"https:\/\/zoo-land.az\/az\/shop\/cat\/cat-hygenic\/cat-hairwashes\/tauro-pro-line-shampoo-nourishing\/#breadcrumb"},"inLanguage":"ru-RU","potentialAction":[{"@type":"ReadAction","target":["https:\/\/zoo-land.az\/az\/shop\/cat\/cat-hygenic\/cat-hairwashes\/tauro-pro-line-shampoo-nourishing\/"]}]},{"@type":"ImageObject","inLanguage":"ru-RU","@id":"https:\/\/zoo-land.az\/az\/shop\/cat\/cat-hygenic\/cat-hairwashes\/tauro-pro-line-shampoo-nourishing\/#primaryimage","url":"https:\/\/zoo-land.az\/wp-content\/uploads\/2024\/06\/Screenshot-2024-06-07-at-15.39.28.png","contentUrl":"https:\/\/zoo-land.az\/wp-content\/uploads\/2024\/06\/Screenshot-2024-06-07-at-15.39.28.png","width":1048,"height":2034},{"@type":"BreadcrumbList","@id":"https:\/\/zoo-land.az\/az\/shop\/cat\/cat-hygenic\/cat-hairwashes\/tauro-pro-line-shampoo-nourishing\/#breadcrumb","itemListElement":[{"@type":"ListItem","position":1,"name":"Home","item":"https:\/\/zoo-land.az\/ru\/"},{"@type":"ListItem","position":2,"name":"Shop","item":"https:\/\/zoo-land.az\/ru\/"},{"@type":"ListItem","position":3,"name":"Tauro Pro Line Shampoo Nourishing"}]},{"@type":"WebSite","@id":"https:\/\/zoo-land.az\/#website","url":"https:\/\/zoo-land.az\/","name":"Zooland.az","description":"Xo\u015fb\u0259xt ev heyvanlar\u0131n\u0131n \u00fcnvan\u0131 Zooland.az","publisher":{"@id":"https:\/\/zoo-land.az\/#organization"},"potentialAction":[{"@type":"SearchAction","target":{"@type":"EntryPoint","urlTemplate":"https:\/\/zoo-land.az\/?s={search_term_string}"},"query-input":{"@type":"PropertyValueSpecification","valueRequired":true,"valueName":"search_term_string"}}],"inLanguage":"ru-RU"},{"@type":"Organization","@id":"https:\/\/zoo-land.az\/#organization","name":"Zooland.az","url":"https:\/\/zoo-land.az\/","logo":{"@type":"ImageObject","inLanguage":"ru-RU","@id":"https:\/\/zoo-land.az\/#\/schema\/logo\/image\/","url":"https:\/\/zoo-land.az\/wp-content\/uploads\/2022\/05\/logo.svg","contentUrl":"https:\/\/zoo-land.az\/wp-content\/uploads\/2022\/05\/logo.svg","width":113,"height":46,"caption":"Zooland.az"},"image":{"@id":"https:\/\/zoo-land.az\/#\/schema\/logo\/image\/"}}]}},"_links":{"self":[{"href":"https:\/\/zoo-land.az\/ru\/wp-json\/wp\/v2\/product\/22968","targetHints":{"allow":["GET"]}}],"collection":[{"href":"https:\/\/zoo-land.az\/ru\/wp-json\/wp\/v2\/product"}],"about":[{"href":"https:\/\/zoo-land.az\/ru\/wp-json\/wp\/v2\/types\/product"}],"wp:featuredmedia":[{"embeddable":true,"href":"https:\/\/zoo-land.az\/ru\/wp-json\/wp\/v2\/media\/22969"}],"wp:attachment":[{"href":"https:\/\/zoo-land.az\/ru\/wp-json\/wp\/v2\/media?parent=22968"}],"wp:term":[{"taxonomy":"product_cat","embeddable":true,"href":"https:\/\/zoo-land.az\/ru\/wp-json\/wp\/v2\/product_cat?post=22968"},{"taxonomy":"product_tag","embeddable":true,"href":"https:\/\/zoo-land.az\/ru\/wp-json\/wp\/v2\/product_tag?post=22968"}],"curies":[{"name":"wp","href":"https:\/\/api.w.org\/{rel}","templated":true}]}}