{"id":22970,"date":"2024-06-07T11:46:24","date_gmt":"2024-06-07T11:46:24","guid":{"rendered":"https:\/\/lightsteelblue-zebra-299715.hostingersite.com\/?post_type=product&#038;p=22970"},"modified":"2024-06-07T11:46:24","modified_gmt":"2024-06-07T11:46:24","slug":"tauro-pro-line-shampoo-keratin","status":"publish","type":"product","link":"https:\/\/zoo-land.az\/ru\/shop\/cat\/cat-hygenic\/cat-hairwashes\/tauro-pro-line-shampoo-keratin\/","title":{"rendered":"Tauro Pro Line Shampoo Keratin"},"content":{"rendered":"<p>Shampoo &#8220;Healthy Coat Keratin Shampoo&#8221; with the highest quality ingredients and keratin for feeding and moisturizing the pet&#8217;s coat and skin. Suitable for use in all types of dog and cat coat.<\/p>\n<p>This shampoo, developed for dogs and cats, is supplemented with keratin, the main &#8220;building material&#8221; of the hair.<\/p>\n<p>Designed to support healthy coat:<\/p>\n<p>Fed and moistened hair\u00a0. Keratin is the main &#8220;building material&#8221; of the hair, so the tool effectively restores the hair, deeply moisturizes and nourishes the hair by strengthening it from the inside and outside.<\/p>\n<p>Easy combing\u00a0. Due to the panthenol in the composition, the coat becomes easily combed out, tender and acquires a healthy shine.<\/p>\n<p>Optimal pH\u00a0. Does not irritate the pet&#8217;s skin and helps to maintain an optimal pH balance.<\/p>\n<p>With 7 herbs extract<\/p>\n<p>Due to the presence of 7 herbal extracts, a special moisturizing effect is felt. The natural composition of shampoo helps to moisturize and nourish the pet&#8217;s hair and coat. In addition, the remedy smells pleasant and refreshing.<\/p>\n<p>Verified by professionals:<\/p>\n<p>Safe composition \u2013 without silicones, parabens and SLS.<\/p>\n<p>Created by breeders \u2013 reliable, high-end products.<\/p>\n<p>Use\u00a0: Dilute the shampoo with lukewarm water in a ratio of 1:10, moisten the coat and distribute the product. Massage for about 3 minutes and rinse well with lukewarm water. Be sure to use the air conditioner and Tauro Pro Line Pure Mist to get a better effect.<\/p>\n<p>Recommended\u00a0: The tool is designed for pets whose coat and skin are dry, have lost their shine and healthy appearance. Suitable for use in all types of dog<\/p>","protected":false},"excerpt":{"rendered":"<p>Shampoo &#8220;Healthy Coat Keratin Shampoo&#8221; with the highest quality ingredients and keratin for feeding and moisturizing the pet&#8217;s coat and skin. Suitable for use in all types of dog and cat coat.<\/p>\n<p>This shampoo, developed for dogs and cats, is supplemented with keratin, the main &#8220;building material&#8221; of the hair.<\/p>\n<p>Designed to support healthy coat:<\/p>\n<p>Fed and moistened hair\u00a0. Keratin is the main &#8220;building material&#8221; of the hair, so the tool effectively restores the hair, deeply moisturizes and nourishes the hair by strengthening it from the inside and outside.<\/p>\n<p>Easy combing\u00a0. Due to the panthenol in the composition, the coat becomes easily combed out, tender and acquires a healthy shine.<\/p>\n<p>Optimal pH\u00a0. Does not irritate the pet&#8217;s skin and helps to maintain an optimal pH balance.<\/p>","protected":false},"featured_media":22971,"template":"","meta":{"inline_featured_image":false,"_joinchat":[]},"product_cat":[188,107,355,200],"product_tag":[],"class_list":{"0":"post-22970","1":"product","2":"type-product","3":"status-publish","4":"has-post-thumbnail","6":"product_brand-tauro-pro-line","7":"product_cat-cat","8":"product_cat-dog","9":"product_cat-shampoo","10":"product_cat-cat-hairwashes","12":"first","13":"instock","14":"shipping-taxable","15":"purchasable","16":"product-type-simple"},"yoast_head":"<!-- This site is optimized with the Yoast SEO plugin v27.4 - https:\/\/yoast.com\/product\/yoast-seo-wordpress\/ -->\n<title>Tauro Pro Line Shampoo Keratin - Zooland.az<\/title>\n<meta name=\"robots\" content=\"index, follow, max-snippet:-1, max-image-preview:large, max-video-preview:-1\" \/>\n<link rel=\"canonical\" href=\"https:\/\/zoo-land.az\/ru\/shop\/cat\/cat-hygenic\/cat-hairwashes\/tauro-pro-line-shampoo-keratin\/\" \/>\n<meta property=\"og:locale\" content=\"ru_RU\" \/>\n<meta property=\"og:type\" content=\"article\" \/>\n<meta property=\"og:title\" content=\"Tauro Pro Line Shampoo Keratin - Zooland.az\" \/>\n<meta property=\"og:description\" content=\"Shampoo &quot;Healthy Coat Keratin Shampoo&quot; with the highest quality ingredients and keratin for feeding and moisturizing the pet&#039;s coat and skin. Suitable for use in all types of dog and cat coat.  This shampoo, developed for dogs and cats, is supplemented with keratin, the main &quot;building material&quot; of the hair.  Designed to support healthy coat:  Fed and moistened hair\u00a0. Keratin is the main &quot;building material&quot; of the hair, so the tool effectively restores the hair, deeply moisturizes and nourishes the hair by strengthening it from the inside and outside.  Easy combing\u00a0. Due to the panthenol in the composition, the coat becomes easily combed out, tender and acquires a healthy shine.  Optimal pH\u00a0. Does not irritate the pet&#039;s skin and helps to maintain an optimal pH balance.\" \/>\n<meta property=\"og:url\" content=\"https:\/\/zoo-land.az\/ru\/shop\/cat\/cat-hygenic\/cat-hairwashes\/tauro-pro-line-shampoo-keratin\/\" \/>\n<meta property=\"og:site_name\" content=\"Zooland.az\" \/>\n<meta property=\"og:image\" content=\"https:\/\/zoo-land.az\/wp-content\/uploads\/2024\/06\/TPL47044.jpg\" \/>\n\t<meta property=\"og:image:width\" content=\"1200\" \/>\n\t<meta property=\"og:image:height\" content=\"628\" \/>\n\t<meta property=\"og:image:type\" content=\"image\/jpeg\" \/>\n<meta name=\"twitter:card\" content=\"summary_large_image\" \/>\n<meta name=\"twitter:label1\" content=\"\u041f\u0440\u0438\u043c\u0435\u0440\u043d\u043e\u0435 \u0432\u0440\u0435\u043c\u044f \u0434\u043b\u044f \u0447\u0442\u0435\u043d\u0438\u044f\" \/>\n\t<meta name=\"twitter:data1\" content=\"1 \u043c\u0438\u043d\u0443\u0442\u0430\" \/>\n<script type=\"application\/ld+json\" class=\"yoast-schema-graph\">{\"@context\":\"https:\\\/\\\/schema.org\",\"@graph\":[{\"@type\":\"WebPage\",\"@id\":\"https:\\\/\\\/zoo-land.az\\\/shop\\\/cat\\\/cat-hygenic\\\/cat-hairwashes\\\/tauro-pro-line-shampoo-keratin\\\/\",\"url\":\"https:\\\/\\\/zoo-land.az\\\/shop\\\/cat\\\/cat-hygenic\\\/cat-hairwashes\\\/tauro-pro-line-shampoo-keratin\\\/\",\"name\":\"Tauro Pro Line Shampoo Keratin - Zooland.az\",\"isPartOf\":{\"@id\":\"https:\\\/\\\/zoo-land.az\\\/#website\"},\"primaryImageOfPage\":{\"@id\":\"https:\\\/\\\/zoo-land.az\\\/shop\\\/cat\\\/cat-hygenic\\\/cat-hairwashes\\\/tauro-pro-line-shampoo-keratin\\\/#primaryimage\"},\"image\":{\"@id\":\"https:\\\/\\\/zoo-land.az\\\/shop\\\/cat\\\/cat-hygenic\\\/cat-hairwashes\\\/tauro-pro-line-shampoo-keratin\\\/#primaryimage\"},\"thumbnailUrl\":\"https:\\\/\\\/zoo-land.az\\\/wp-content\\\/uploads\\\/2024\\\/06\\\/TPL47044.jpg\",\"datePublished\":\"2024-06-07T11:46:24+00:00\",\"breadcrumb\":{\"@id\":\"https:\\\/\\\/zoo-land.az\\\/shop\\\/cat\\\/cat-hygenic\\\/cat-hairwashes\\\/tauro-pro-line-shampoo-keratin\\\/#breadcrumb\"},\"inLanguage\":\"ru-RU\",\"potentialAction\":[{\"@type\":\"ReadAction\",\"target\":[\"https:\\\/\\\/zoo-land.az\\\/shop\\\/cat\\\/cat-hygenic\\\/cat-hairwashes\\\/tauro-pro-line-shampoo-keratin\\\/\"]}]},{\"@type\":\"ImageObject\",\"inLanguage\":\"ru-RU\",\"@id\":\"https:\\\/\\\/zoo-land.az\\\/shop\\\/cat\\\/cat-hygenic\\\/cat-hairwashes\\\/tauro-pro-line-shampoo-keratin\\\/#primaryimage\",\"url\":\"https:\\\/\\\/zoo-land.az\\\/wp-content\\\/uploads\\\/2024\\\/06\\\/TPL47044.jpg\",\"contentUrl\":\"https:\\\/\\\/zoo-land.az\\\/wp-content\\\/uploads\\\/2024\\\/06\\\/TPL47044.jpg\",\"width\":1200,\"height\":628},{\"@type\":\"BreadcrumbList\",\"@id\":\"https:\\\/\\\/zoo-land.az\\\/shop\\\/cat\\\/cat-hygenic\\\/cat-hairwashes\\\/tauro-pro-line-shampoo-keratin\\\/#breadcrumb\",\"itemListElement\":[{\"@type\":\"ListItem\",\"position\":1,\"name\":\"Home\",\"item\":\"https:\\\/\\\/zoo-land.az\\\/ru\\\/\"},{\"@type\":\"ListItem\",\"position\":2,\"name\":\"Shop\",\"item\":\"https:\\\/\\\/zoo-land.az\\\/ru\\\/\"},{\"@type\":\"ListItem\",\"position\":3,\"name\":\"Tauro Pro Line Shampoo Keratin\"}]},{\"@type\":\"WebSite\",\"@id\":\"https:\\\/\\\/zoo-land.az\\\/#website\",\"url\":\"https:\\\/\\\/zoo-land.az\\\/\",\"name\":\"Zooland.az\",\"description\":\"Xo\u015fb\u0259xt ev heyvanlar\u0131n\u0131n \u00fcnvan\u0131 Zooland.az\",\"publisher\":{\"@id\":\"https:\\\/\\\/zoo-land.az\\\/#organization\"},\"potentialAction\":[{\"@type\":\"SearchAction\",\"target\":{\"@type\":\"EntryPoint\",\"urlTemplate\":\"https:\\\/\\\/zoo-land.az\\\/?s={search_term_string}\"},\"query-input\":{\"@type\":\"PropertyValueSpecification\",\"valueRequired\":true,\"valueName\":\"search_term_string\"}}],\"inLanguage\":\"ru-RU\"},{\"@type\":\"Organization\",\"@id\":\"https:\\\/\\\/zoo-land.az\\\/#organization\",\"name\":\"Zooland.az\",\"url\":\"https:\\\/\\\/zoo-land.az\\\/\",\"logo\":{\"@type\":\"ImageObject\",\"inLanguage\":\"ru-RU\",\"@id\":\"https:\\\/\\\/zoo-land.az\\\/#\\\/schema\\\/logo\\\/image\\\/\",\"url\":\"https:\\\/\\\/zoo-land.az\\\/wp-content\\\/uploads\\\/2022\\\/05\\\/logo.svg\",\"contentUrl\":\"https:\\\/\\\/zoo-land.az\\\/wp-content\\\/uploads\\\/2022\\\/05\\\/logo.svg\",\"width\":113,\"height\":46,\"caption\":\"Zooland.az\"},\"image\":{\"@id\":\"https:\\\/\\\/zoo-land.az\\\/#\\\/schema\\\/logo\\\/image\\\/\"}}]}<\/script>\n<!-- \/ Yoast SEO plugin. -->","yoast_head_json":{"title":"Tauro Pro Line Shampoo Keratin - Zooland.az","robots":{"index":"index","follow":"follow","max-snippet":"max-snippet:-1","max-image-preview":"max-image-preview:large","max-video-preview":"max-video-preview:-1"},"canonical":"https:\/\/zoo-land.az\/ru\/shop\/cat\/cat-hygenic\/cat-hairwashes\/tauro-pro-line-shampoo-keratin\/","og_locale":"ru_RU","og_type":"article","og_title":"Tauro Pro Line Shampoo Keratin - Zooland.az","og_description":"Shampoo \"Healthy Coat Keratin Shampoo\" with the highest quality ingredients and keratin for feeding and moisturizing the pet's coat and skin. Suitable for use in all types of dog and cat coat.  This shampoo, developed for dogs and cats, is supplemented with keratin, the main \"building material\" of the hair.  Designed to support healthy coat:  Fed and moistened hair\u00a0. Keratin is the main \"building material\" of the hair, so the tool effectively restores the hair, deeply moisturizes and nourishes the hair by strengthening it from the inside and outside.  Easy combing\u00a0. Due to the panthenol in the composition, the coat becomes easily combed out, tender and acquires a healthy shine.  Optimal pH\u00a0. Does not irritate the pet's skin and helps to maintain an optimal pH balance.","og_url":"https:\/\/zoo-land.az\/ru\/shop\/cat\/cat-hygenic\/cat-hairwashes\/tauro-pro-line-shampoo-keratin\/","og_site_name":"Zooland.az","og_image":[{"width":1200,"height":628,"url":"https:\/\/zoo-land.az\/wp-content\/uploads\/2024\/06\/TPL47044.jpg","type":"image\/jpeg"}],"twitter_card":"summary_large_image","twitter_misc":{"\u041f\u0440\u0438\u043c\u0435\u0440\u043d\u043e\u0435 \u0432\u0440\u0435\u043c\u044f \u0434\u043b\u044f \u0447\u0442\u0435\u043d\u0438\u044f":"1 \u043c\u0438\u043d\u0443\u0442\u0430"},"schema":{"@context":"https:\/\/schema.org","@graph":[{"@type":"WebPage","@id":"https:\/\/zoo-land.az\/shop\/cat\/cat-hygenic\/cat-hairwashes\/tauro-pro-line-shampoo-keratin\/","url":"https:\/\/zoo-land.az\/shop\/cat\/cat-hygenic\/cat-hairwashes\/tauro-pro-line-shampoo-keratin\/","name":"Tauro Pro Line Shampoo Keratin - Zooland.az","isPartOf":{"@id":"https:\/\/zoo-land.az\/#website"},"primaryImageOfPage":{"@id":"https:\/\/zoo-land.az\/shop\/cat\/cat-hygenic\/cat-hairwashes\/tauro-pro-line-shampoo-keratin\/#primaryimage"},"image":{"@id":"https:\/\/zoo-land.az\/shop\/cat\/cat-hygenic\/cat-hairwashes\/tauro-pro-line-shampoo-keratin\/#primaryimage"},"thumbnailUrl":"https:\/\/zoo-land.az\/wp-content\/uploads\/2024\/06\/TPL47044.jpg","datePublished":"2024-06-07T11:46:24+00:00","breadcrumb":{"@id":"https:\/\/zoo-land.az\/shop\/cat\/cat-hygenic\/cat-hairwashes\/tauro-pro-line-shampoo-keratin\/#breadcrumb"},"inLanguage":"ru-RU","potentialAction":[{"@type":"ReadAction","target":["https:\/\/zoo-land.az\/shop\/cat\/cat-hygenic\/cat-hairwashes\/tauro-pro-line-shampoo-keratin\/"]}]},{"@type":"ImageObject","inLanguage":"ru-RU","@id":"https:\/\/zoo-land.az\/shop\/cat\/cat-hygenic\/cat-hairwashes\/tauro-pro-line-shampoo-keratin\/#primaryimage","url":"https:\/\/zoo-land.az\/wp-content\/uploads\/2024\/06\/TPL47044.jpg","contentUrl":"https:\/\/zoo-land.az\/wp-content\/uploads\/2024\/06\/TPL47044.jpg","width":1200,"height":628},{"@type":"BreadcrumbList","@id":"https:\/\/zoo-land.az\/shop\/cat\/cat-hygenic\/cat-hairwashes\/tauro-pro-line-shampoo-keratin\/#breadcrumb","itemListElement":[{"@type":"ListItem","position":1,"name":"Home","item":"https:\/\/zoo-land.az\/ru\/"},{"@type":"ListItem","position":2,"name":"Shop","item":"https:\/\/zoo-land.az\/ru\/"},{"@type":"ListItem","position":3,"name":"Tauro Pro Line Shampoo Keratin"}]},{"@type":"WebSite","@id":"https:\/\/zoo-land.az\/#website","url":"https:\/\/zoo-land.az\/","name":"Zooland.az","description":"Xo\u015fb\u0259xt ev heyvanlar\u0131n\u0131n \u00fcnvan\u0131 Zooland.az","publisher":{"@id":"https:\/\/zoo-land.az\/#organization"},"potentialAction":[{"@type":"SearchAction","target":{"@type":"EntryPoint","urlTemplate":"https:\/\/zoo-land.az\/?s={search_term_string}"},"query-input":{"@type":"PropertyValueSpecification","valueRequired":true,"valueName":"search_term_string"}}],"inLanguage":"ru-RU"},{"@type":"Organization","@id":"https:\/\/zoo-land.az\/#organization","name":"Zooland.az","url":"https:\/\/zoo-land.az\/","logo":{"@type":"ImageObject","inLanguage":"ru-RU","@id":"https:\/\/zoo-land.az\/#\/schema\/logo\/image\/","url":"https:\/\/zoo-land.az\/wp-content\/uploads\/2022\/05\/logo.svg","contentUrl":"https:\/\/zoo-land.az\/wp-content\/uploads\/2022\/05\/logo.svg","width":113,"height":46,"caption":"Zooland.az"},"image":{"@id":"https:\/\/zoo-land.az\/#\/schema\/logo\/image\/"}}]}},"_links":{"self":[{"href":"https:\/\/zoo-land.az\/ru\/wp-json\/wp\/v2\/product\/22970","targetHints":{"allow":["GET"]}}],"collection":[{"href":"https:\/\/zoo-land.az\/ru\/wp-json\/wp\/v2\/product"}],"about":[{"href":"https:\/\/zoo-land.az\/ru\/wp-json\/wp\/v2\/types\/product"}],"wp:featuredmedia":[{"embeddable":true,"href":"https:\/\/zoo-land.az\/ru\/wp-json\/wp\/v2\/media\/22971"}],"wp:attachment":[{"href":"https:\/\/zoo-land.az\/ru\/wp-json\/wp\/v2\/media?parent=22970"}],"wp:term":[{"taxonomy":"product_cat","embeddable":true,"href":"https:\/\/zoo-land.az\/ru\/wp-json\/wp\/v2\/product_cat?post=22970"},{"taxonomy":"product_tag","embeddable":true,"href":"https:\/\/zoo-land.az\/ru\/wp-json\/wp\/v2\/product_tag?post=22970"}],"curies":[{"name":"wp","href":"https:\/\/api.w.org\/{rel}","templated":true}]}}