{"id":22983,"date":"2024-06-08T07:55:59","date_gmt":"2024-06-08T07:55:59","guid":{"rendered":"https:\/\/lightsteelblue-zebra-299715.hostingersite.com\/?post_type=product&#038;p=22983"},"modified":"2026-02-09T14:41:22","modified_gmt":"2026-02-09T10:41:22","slug":"vitapol-karmeo-premium-big-parrot-900-g","status":"publish","type":"product","link":"https:\/\/zoo-land.az\/ru\/shop\/birdss\/food\/vitapol-karmeo-premium-big-parrot-900-g\/","title":{"rendered":"Vitapol Karmeo Premium Big Parrot 900 g"},"content":{"rendered":"<p>The formula of this perfectly balanced mixture has been developed with large parrots in mind to provide them with exceptionally tasty food, which at the same time provides all the necessary ingredients to support the health and proper functioning of the bird&#8217;s organism. . Composed of a diverse range of seeds and cereals with the addition of parrot delicacies: pumpkin seeds, rosehips, dried chillies, which are the delicacy of parrots. Nuts are a good source of protein, minerals and healthy fats. Mung beans contain a lot of valuable protein, the amino acids of which contribute to the formation of feathers and their healthy appearance. It is also a rich source of fiber, vitamins and mineral salts.<\/p>","protected":false},"excerpt":{"rendered":"<p>The formula of this perfectly balanced mixture has been developed with large parrots in mind to provide them with exceptionally tasty food, which at the same time provides all the necessary ingredients to support the health and proper functioning of the bird&#8217;s organism. . Composed of a diverse range of seeds and cereals with the addition of parrot delicacies: pumpkin seeds, rosehips, dried chillies, which are the delicacy of parrots. Nuts are a good source of protein, minerals and healthy fats. Mung beans contain a lot of valuable protein, the amino acids of which contribute to the formation of feathers and their healthy appearance. It is also a rich source of fiber, vitamins and mineral salts.<\/p>","protected":false},"featured_media":25256,"template":"","meta":{"inline_featured_image":false,"_joinchat":[]},"product_cat":[357,234],"product_tag":[],"class_list":{"0":"post-22983","1":"product","2":"type-product","3":"status-publish","4":"has-post-thumbnail","6":"product_brand-vitapol","7":"product_cat-food","8":"product_cat-birdss","10":"first","11":"instock","12":"shipping-taxable","13":"purchasable","14":"product-type-simple"},"yoast_head":"<!-- This site is optimized with the Yoast SEO plugin v26.7 - https:\/\/yoast.com\/wordpress\/plugins\/seo\/ -->\n<title>Vitapol Karmeo Premium Big Parrot 900 g - Zooland.az<\/title>\n<meta name=\"robots\" content=\"index, follow, max-snippet:-1, max-image-preview:large, max-video-preview:-1\" \/>\n<link rel=\"canonical\" href=\"https:\/\/zoo-land.az\/ru\/shop\/birdss\/food\/vitapol-karmeo-premium-big-parrot-900-g\/\" \/>\n<meta property=\"og:locale\" content=\"ru_RU\" \/>\n<meta property=\"og:type\" content=\"article\" \/>\n<meta property=\"og:title\" content=\"Vitapol Karmeo Premium Big Parrot 900 g - Zooland.az\" \/>\n<meta property=\"og:description\" content=\"The formula of this perfectly balanced mixture has been developed with large parrots in mind to provide them with exceptionally tasty food, which at the same time provides all the necessary ingredients to support the health and proper functioning of the bird&#039;s organism. . Composed of a diverse range of seeds and cereals with the addition of parrot delicacies: pumpkin seeds, rosehips, dried chillies, which are the delicacy of parrots. Nuts are a good source of protein, minerals and healthy fats. Mung beans contain a lot of valuable protein, the amino acids of which contribute to the formation of feathers and their healthy appearance. It is also a rich source of fiber, vitamins and mineral salts.\" \/>\n<meta property=\"og:url\" content=\"https:\/\/zoo-land.az\/ru\/shop\/birdss\/food\/vitapol-karmeo-premium-big-parrot-900-g\/\" \/>\n<meta property=\"og:site_name\" content=\"Zooland.az\" \/>\n<meta property=\"article:modified_time\" content=\"2026-02-09T10:41:22+00:00\" \/>\n<meta property=\"og:image\" content=\"http:\/\/zoo-land.az\/wp-content\/uploads\/2024\/06\/endir-1.jfif_.png\" \/>\n\t<meta property=\"og:image:width\" content=\"800\" \/>\n\t<meta property=\"og:image:height\" content=\"800\" \/>\n\t<meta property=\"og:image:type\" content=\"image\/png\" \/>\n<meta name=\"twitter:card\" content=\"summary_large_image\" \/>\n<meta name=\"twitter:label1\" content=\"\u041f\u0440\u0438\u043c\u0435\u0440\u043d\u043e\u0435 \u0432\u0440\u0435\u043c\u044f \u0434\u043b\u044f \u0447\u0442\u0435\u043d\u0438\u044f\" \/>\n\t<meta name=\"twitter:data1\" content=\"1 \u043c\u0438\u043d\u0443\u0442\u0430\" \/>\n<script type=\"application\/ld+json\" class=\"yoast-schema-graph\">{\"@context\":\"https:\/\/schema.org\",\"@graph\":[{\"@type\":\"WebPage\",\"@id\":\"https:\/\/zoo-land.az\/shop\/birdss\/food\/vitapol-karmeo-premium-big-parrot-900-g\/\",\"url\":\"https:\/\/zoo-land.az\/shop\/birdss\/food\/vitapol-karmeo-premium-big-parrot-900-g\/\",\"name\":\"Vitapol Karmeo Premium Big Parrot 900 g - Zooland.az\",\"isPartOf\":{\"@id\":\"https:\/\/zoo-land.az\/#website\"},\"primaryImageOfPage\":{\"@id\":\"https:\/\/zoo-land.az\/shop\/birdss\/food\/vitapol-karmeo-premium-big-parrot-900-g\/#primaryimage\"},\"image\":{\"@id\":\"https:\/\/zoo-land.az\/shop\/birdss\/food\/vitapol-karmeo-premium-big-parrot-900-g\/#primaryimage\"},\"thumbnailUrl\":\"https:\/\/zoo-land.az\/wp-content\/uploads\/2024\/06\/endir-1.jfif_.png\",\"datePublished\":\"2024-06-08T07:55:59+00:00\",\"dateModified\":\"2026-02-09T10:41:22+00:00\",\"breadcrumb\":{\"@id\":\"https:\/\/zoo-land.az\/shop\/birdss\/food\/vitapol-karmeo-premium-big-parrot-900-g\/#breadcrumb\"},\"inLanguage\":\"ru-RU\",\"potentialAction\":[{\"@type\":\"ReadAction\",\"target\":[\"https:\/\/zoo-land.az\/shop\/birdss\/food\/vitapol-karmeo-premium-big-parrot-900-g\/\"]}]},{\"@type\":\"ImageObject\",\"inLanguage\":\"ru-RU\",\"@id\":\"https:\/\/zoo-land.az\/shop\/birdss\/food\/vitapol-karmeo-premium-big-parrot-900-g\/#primaryimage\",\"url\":\"https:\/\/zoo-land.az\/wp-content\/uploads\/2024\/06\/endir-1.jfif_.png\",\"contentUrl\":\"https:\/\/zoo-land.az\/wp-content\/uploads\/2024\/06\/endir-1.jfif_.png\",\"width\":800,\"height\":800},{\"@type\":\"BreadcrumbList\",\"@id\":\"https:\/\/zoo-land.az\/shop\/birdss\/food\/vitapol-karmeo-premium-big-parrot-900-g\/#breadcrumb\",\"itemListElement\":[{\"@type\":\"ListItem\",\"position\":1,\"name\":\"Home\",\"item\":\"https:\/\/zoo-land.az\/ru\/\"},{\"@type\":\"ListItem\",\"position\":2,\"name\":\"Shop\",\"item\":\"https:\/\/zoo-land.az\/ru\/\"},{\"@type\":\"ListItem\",\"position\":3,\"name\":\"Vitapol Karmeo Premium Big Parrot 900 g\"}]},{\"@type\":\"WebSite\",\"@id\":\"https:\/\/zoo-land.az\/#website\",\"url\":\"https:\/\/zoo-land.az\/\",\"name\":\"Zooland.az\",\"description\":\"Xo\u015fb\u0259xt ev heyvanlar\u0131n\u0131n \u00fcnvan\u0131 Zooland.az\",\"publisher\":{\"@id\":\"https:\/\/zoo-land.az\/#organization\"},\"potentialAction\":[{\"@type\":\"SearchAction\",\"target\":{\"@type\":\"EntryPoint\",\"urlTemplate\":\"https:\/\/zoo-land.az\/?s={search_term_string}\"},\"query-input\":{\"@type\":\"PropertyValueSpecification\",\"valueRequired\":true,\"valueName\":\"search_term_string\"}}],\"inLanguage\":\"ru-RU\"},{\"@type\":\"Organization\",\"@id\":\"https:\/\/zoo-land.az\/#organization\",\"name\":\"Zooland.az\",\"url\":\"https:\/\/zoo-land.az\/\",\"logo\":{\"@type\":\"ImageObject\",\"inLanguage\":\"ru-RU\",\"@id\":\"https:\/\/zoo-land.az\/#\/schema\/logo\/image\/\",\"url\":\"https:\/\/zoo-land.az\/wp-content\/uploads\/2022\/05\/logo.svg\",\"contentUrl\":\"https:\/\/zoo-land.az\/wp-content\/uploads\/2022\/05\/logo.svg\",\"width\":113,\"height\":46,\"caption\":\"Zooland.az\"},\"image\":{\"@id\":\"https:\/\/zoo-land.az\/#\/schema\/logo\/image\/\"}}]}<\/script>\n<!-- \/ Yoast SEO plugin. -->","yoast_head_json":{"title":"Vitapol Karmeo Premium Big Parrot 900 g - Zooland.az","robots":{"index":"index","follow":"follow","max-snippet":"max-snippet:-1","max-image-preview":"max-image-preview:large","max-video-preview":"max-video-preview:-1"},"canonical":"https:\/\/zoo-land.az\/ru\/shop\/birdss\/food\/vitapol-karmeo-premium-big-parrot-900-g\/","og_locale":"ru_RU","og_type":"article","og_title":"Vitapol Karmeo Premium Big Parrot 900 g - Zooland.az","og_description":"The formula of this perfectly balanced mixture has been developed with large parrots in mind to provide them with exceptionally tasty food, which at the same time provides all the necessary ingredients to support the health and proper functioning of the bird's organism. . Composed of a diverse range of seeds and cereals with the addition of parrot delicacies: pumpkin seeds, rosehips, dried chillies, which are the delicacy of parrots. Nuts are a good source of protein, minerals and healthy fats. Mung beans contain a lot of valuable protein, the amino acids of which contribute to the formation of feathers and their healthy appearance. It is also a rich source of fiber, vitamins and mineral salts.","og_url":"https:\/\/zoo-land.az\/ru\/shop\/birdss\/food\/vitapol-karmeo-premium-big-parrot-900-g\/","og_site_name":"Zooland.az","article_modified_time":"2026-02-09T10:41:22+00:00","og_image":[{"width":800,"height":800,"url":"http:\/\/zoo-land.az\/wp-content\/uploads\/2024\/06\/endir-1.jfif_.png","type":"image\/png"}],"twitter_card":"summary_large_image","twitter_misc":{"\u041f\u0440\u0438\u043c\u0435\u0440\u043d\u043e\u0435 \u0432\u0440\u0435\u043c\u044f \u0434\u043b\u044f \u0447\u0442\u0435\u043d\u0438\u044f":"1 \u043c\u0438\u043d\u0443\u0442\u0430"},"schema":{"@context":"https:\/\/schema.org","@graph":[{"@type":"WebPage","@id":"https:\/\/zoo-land.az\/shop\/birdss\/food\/vitapol-karmeo-premium-big-parrot-900-g\/","url":"https:\/\/zoo-land.az\/shop\/birdss\/food\/vitapol-karmeo-premium-big-parrot-900-g\/","name":"Vitapol Karmeo Premium Big Parrot 900 g - Zooland.az","isPartOf":{"@id":"https:\/\/zoo-land.az\/#website"},"primaryImageOfPage":{"@id":"https:\/\/zoo-land.az\/shop\/birdss\/food\/vitapol-karmeo-premium-big-parrot-900-g\/#primaryimage"},"image":{"@id":"https:\/\/zoo-land.az\/shop\/birdss\/food\/vitapol-karmeo-premium-big-parrot-900-g\/#primaryimage"},"thumbnailUrl":"https:\/\/zoo-land.az\/wp-content\/uploads\/2024\/06\/endir-1.jfif_.png","datePublished":"2024-06-08T07:55:59+00:00","dateModified":"2026-02-09T10:41:22+00:00","breadcrumb":{"@id":"https:\/\/zoo-land.az\/shop\/birdss\/food\/vitapol-karmeo-premium-big-parrot-900-g\/#breadcrumb"},"inLanguage":"ru-RU","potentialAction":[{"@type":"ReadAction","target":["https:\/\/zoo-land.az\/shop\/birdss\/food\/vitapol-karmeo-premium-big-parrot-900-g\/"]}]},{"@type":"ImageObject","inLanguage":"ru-RU","@id":"https:\/\/zoo-land.az\/shop\/birdss\/food\/vitapol-karmeo-premium-big-parrot-900-g\/#primaryimage","url":"https:\/\/zoo-land.az\/wp-content\/uploads\/2024\/06\/endir-1.jfif_.png","contentUrl":"https:\/\/zoo-land.az\/wp-content\/uploads\/2024\/06\/endir-1.jfif_.png","width":800,"height":800},{"@type":"BreadcrumbList","@id":"https:\/\/zoo-land.az\/shop\/birdss\/food\/vitapol-karmeo-premium-big-parrot-900-g\/#breadcrumb","itemListElement":[{"@type":"ListItem","position":1,"name":"Home","item":"https:\/\/zoo-land.az\/ru\/"},{"@type":"ListItem","position":2,"name":"Shop","item":"https:\/\/zoo-land.az\/ru\/"},{"@type":"ListItem","position":3,"name":"Vitapol Karmeo Premium Big Parrot 900 g"}]},{"@type":"WebSite","@id":"https:\/\/zoo-land.az\/#website","url":"https:\/\/zoo-land.az\/","name":"Zooland.az","description":"Xo\u015fb\u0259xt ev heyvanlar\u0131n\u0131n \u00fcnvan\u0131 Zooland.az","publisher":{"@id":"https:\/\/zoo-land.az\/#organization"},"potentialAction":[{"@type":"SearchAction","target":{"@type":"EntryPoint","urlTemplate":"https:\/\/zoo-land.az\/?s={search_term_string}"},"query-input":{"@type":"PropertyValueSpecification","valueRequired":true,"valueName":"search_term_string"}}],"inLanguage":"ru-RU"},{"@type":"Organization","@id":"https:\/\/zoo-land.az\/#organization","name":"Zooland.az","url":"https:\/\/zoo-land.az\/","logo":{"@type":"ImageObject","inLanguage":"ru-RU","@id":"https:\/\/zoo-land.az\/#\/schema\/logo\/image\/","url":"https:\/\/zoo-land.az\/wp-content\/uploads\/2022\/05\/logo.svg","contentUrl":"https:\/\/zoo-land.az\/wp-content\/uploads\/2022\/05\/logo.svg","width":113,"height":46,"caption":"Zooland.az"},"image":{"@id":"https:\/\/zoo-land.az\/#\/schema\/logo\/image\/"}}]}},"_links":{"self":[{"href":"https:\/\/zoo-land.az\/ru\/wp-json\/wp\/v2\/product\/22983","targetHints":{"allow":["GET"]}}],"collection":[{"href":"https:\/\/zoo-land.az\/ru\/wp-json\/wp\/v2\/product"}],"about":[{"href":"https:\/\/zoo-land.az\/ru\/wp-json\/wp\/v2\/types\/product"}],"wp:featuredmedia":[{"embeddable":true,"href":"https:\/\/zoo-land.az\/ru\/wp-json\/wp\/v2\/media\/25256"}],"wp:attachment":[{"href":"https:\/\/zoo-land.az\/ru\/wp-json\/wp\/v2\/media?parent=22983"}],"wp:term":[{"taxonomy":"product_cat","embeddable":true,"href":"https:\/\/zoo-land.az\/ru\/wp-json\/wp\/v2\/product_cat?post=22983"},{"taxonomy":"product_tag","embeddable":true,"href":"https:\/\/zoo-land.az\/ru\/wp-json\/wp\/v2\/product_tag?post=22983"}],"curies":[{"name":"wp","href":"https:\/\/api.w.org\/{rel}","templated":true}]}}