{"id":23089,"date":"2024-06-09T20:18:47","date_gmt":"2024-06-09T20:18:47","guid":{"rendered":"https:\/\/lightsteelblue-zebra-299715.hostingersite.com\/?post_type=product&#038;p=23089"},"modified":"2024-06-09T20:18:47","modified_gmt":"2024-06-09T20:18:47","slug":"rocat-lavander-10-l","status":"publish","type":"product","link":"https:\/\/zoo-land.az\/ru\/shop\/cat\/cat-lands\/rocat-lavander-10-l\/","title":{"rendered":"\u0420\u043e\u043a\u0430\u0442 \u041b\u0430\u0432\u0430\u043d\u0434\u0430 10 \u043b"},"content":{"rendered":"<p>Rocat\u00ae Clumping Fine Granule Cat Litters are made from 100% natural bentonite minerals. Their highly porous structure swiftly absorbs liquid and moisture, forming clumps with each use to provide your cat with a highly hygienic environment. Strong and fast clumping prevents urine or feces from sticking to your cat&#8217;s paws and spreading around. The clumping and fine granular structure help maintain the hygiene offered at the first use and support economical consumption by generating minimal waste. They are easy to clean, 99.5% dust-free, and made from natural bentonite clay without any harmful ingredients that could endanger your cat&#8217;s health.<\/p>","protected":false},"excerpt":{"rendered":"<p>Rocat\u00ae Clumping Fine Granule Cat Litters are made from 100% natural bentonite minerals. Their highly porous structure swiftly absorbs liquid and moisture, forming clumps with each use to provide your cat with a highly hygienic environment. Strong and fast clumping prevents urine or feces from sticking to your cat&#8217;s paws and spreading around. The clumping and fine granular structure help maintain the hygiene offered at the first use and support economical consumption by generating minimal waste. They are easy to clean, 99.5% dust-free, and made from natural bentonite clay without any harmful ingredients that could endanger your cat&#8217;s health.<\/p>","protected":false},"featured_media":23090,"template":"","meta":{"inline_featured_image":false,"_joinchat":[]},"product_cat":[193,188],"product_tag":[],"class_list":{"0":"post-23089","1":"product","2":"type-product","3":"status-publish","4":"has-post-thumbnail","6":"product_brand-rocat","7":"product_cat-cat-lands","8":"product_cat-cat","10":"first","11":"instock","12":"shipping-taxable","13":"purchasable","14":"product-type-simple"},"yoast_head":"<!-- This site is optimized with the Yoast SEO plugin v26.7 - https:\/\/yoast.com\/wordpress\/plugins\/seo\/ -->\n<title>Rocat Lavander 10 L - Zooland.az<\/title>\n<meta name=\"robots\" content=\"index, follow, max-snippet:-1, max-image-preview:large, max-video-preview:-1\" \/>\n<link rel=\"canonical\" href=\"https:\/\/zoo-land.az\/ru\/shop\/cat\/cat-lands\/rocat-lavander-10-l\/\" \/>\n<meta property=\"og:locale\" content=\"ru_RU\" \/>\n<meta property=\"og:type\" content=\"article\" \/>\n<meta property=\"og:title\" content=\"Rocat Lavander 10 L - Zooland.az\" \/>\n<meta property=\"og:description\" content=\"Rocat\u00ae Clumping Fine Granule Cat Litters are made from 100% natural bentonite minerals. Their highly porous structure swiftly absorbs liquid and moisture, forming clumps with each use to provide your cat with a highly hygienic environment. Strong and fast clumping prevents urine or feces from sticking to your cat&#039;s paws and spreading around. The clumping and fine granular structure help maintain the hygiene offered at the first use and support economical consumption by generating minimal waste. They are easy to clean, 99.5% dust-free, and made from natural bentonite clay without any harmful ingredients that could endanger your cat&#039;s health.\" \/>\n<meta property=\"og:url\" content=\"https:\/\/zoo-land.az\/ru\/shop\/cat\/cat-lands\/rocat-lavander-10-l\/\" \/>\n<meta property=\"og:site_name\" content=\"Zooland.az\" \/>\n<meta property=\"og:image\" content=\"https:\/\/zoo-land.az\/wp-content\/uploads\/2024\/06\/1649160898_RoCat_10L_Lavender.jpg\" \/>\n\t<meta property=\"og:image:width\" content=\"1112\" \/>\n\t<meta property=\"og:image:height\" content=\"1800\" \/>\n\t<meta property=\"og:image:type\" content=\"image\/jpeg\" \/>\n<meta name=\"twitter:card\" content=\"summary_large_image\" \/>\n<script type=\"application\/ld+json\" class=\"yoast-schema-graph\">{\"@context\":\"https:\/\/schema.org\",\"@graph\":[{\"@type\":\"WebPage\",\"@id\":\"https:\/\/zoo-land.az\/shop\/cat\/cat-lands\/rocat-lavander-10-l\/\",\"url\":\"https:\/\/zoo-land.az\/shop\/cat\/cat-lands\/rocat-lavander-10-l\/\",\"name\":\"Rocat Lavander 10 L - Zooland.az\",\"isPartOf\":{\"@id\":\"https:\/\/zoo-land.az\/#website\"},\"primaryImageOfPage\":{\"@id\":\"https:\/\/zoo-land.az\/shop\/cat\/cat-lands\/rocat-lavander-10-l\/#primaryimage\"},\"image\":{\"@id\":\"https:\/\/zoo-land.az\/shop\/cat\/cat-lands\/rocat-lavander-10-l\/#primaryimage\"},\"thumbnailUrl\":\"https:\/\/zoo-land.az\/wp-content\/uploads\/2024\/06\/1649160898_RoCat_10L_Lavender.jpg\",\"datePublished\":\"2024-06-09T20:18:47+00:00\",\"breadcrumb\":{\"@id\":\"https:\/\/zoo-land.az\/shop\/cat\/cat-lands\/rocat-lavander-10-l\/#breadcrumb\"},\"inLanguage\":\"ru-RU\",\"potentialAction\":[{\"@type\":\"ReadAction\",\"target\":[\"https:\/\/zoo-land.az\/shop\/cat\/cat-lands\/rocat-lavander-10-l\/\"]}]},{\"@type\":\"ImageObject\",\"inLanguage\":\"ru-RU\",\"@id\":\"https:\/\/zoo-land.az\/shop\/cat\/cat-lands\/rocat-lavander-10-l\/#primaryimage\",\"url\":\"https:\/\/zoo-land.az\/wp-content\/uploads\/2024\/06\/1649160898_RoCat_10L_Lavender.jpg\",\"contentUrl\":\"https:\/\/zoo-land.az\/wp-content\/uploads\/2024\/06\/1649160898_RoCat_10L_Lavender.jpg\",\"width\":1112,\"height\":1800},{\"@type\":\"BreadcrumbList\",\"@id\":\"https:\/\/zoo-land.az\/shop\/cat\/cat-lands\/rocat-lavander-10-l\/#breadcrumb\",\"itemListElement\":[{\"@type\":\"ListItem\",\"position\":1,\"name\":\"Home\",\"item\":\"https:\/\/zoo-land.az\/ru\/\"},{\"@type\":\"ListItem\",\"position\":2,\"name\":\"Shop\",\"item\":\"https:\/\/zoo-land.az\/ru\/\"},{\"@type\":\"ListItem\",\"position\":3,\"name\":\"Rocat Lavander 10 L\"}]},{\"@type\":\"WebSite\",\"@id\":\"https:\/\/zoo-land.az\/#website\",\"url\":\"https:\/\/zoo-land.az\/\",\"name\":\"Zooland.az\",\"description\":\"Xo\u015fb\u0259xt ev heyvanlar\u0131n\u0131n \u00fcnvan\u0131 Zooland.az\",\"publisher\":{\"@id\":\"https:\/\/zoo-land.az\/#organization\"},\"potentialAction\":[{\"@type\":\"SearchAction\",\"target\":{\"@type\":\"EntryPoint\",\"urlTemplate\":\"https:\/\/zoo-land.az\/?s={search_term_string}\"},\"query-input\":{\"@type\":\"PropertyValueSpecification\",\"valueRequired\":true,\"valueName\":\"search_term_string\"}}],\"inLanguage\":\"ru-RU\"},{\"@type\":\"Organization\",\"@id\":\"https:\/\/zoo-land.az\/#organization\",\"name\":\"Zooland.az\",\"url\":\"https:\/\/zoo-land.az\/\",\"logo\":{\"@type\":\"ImageObject\",\"inLanguage\":\"ru-RU\",\"@id\":\"https:\/\/zoo-land.az\/#\/schema\/logo\/image\/\",\"url\":\"https:\/\/zoo-land.az\/wp-content\/uploads\/2022\/05\/logo.svg\",\"contentUrl\":\"https:\/\/zoo-land.az\/wp-content\/uploads\/2022\/05\/logo.svg\",\"width\":113,\"height\":46,\"caption\":\"Zooland.az\"},\"image\":{\"@id\":\"https:\/\/zoo-land.az\/#\/schema\/logo\/image\/\"}}]}<\/script>\n<!-- \/ Yoast SEO plugin. -->","yoast_head_json":{"title":"Rocat Lavander 10 L - Zooland.az","robots":{"index":"index","follow":"follow","max-snippet":"max-snippet:-1","max-image-preview":"max-image-preview:large","max-video-preview":"max-video-preview:-1"},"canonical":"https:\/\/zoo-land.az\/ru\/shop\/cat\/cat-lands\/rocat-lavander-10-l\/","og_locale":"ru_RU","og_type":"article","og_title":"Rocat Lavander 10 L - Zooland.az","og_description":"Rocat\u00ae Clumping Fine Granule Cat Litters are made from 100% natural bentonite minerals. Their highly porous structure swiftly absorbs liquid and moisture, forming clumps with each use to provide your cat with a highly hygienic environment. Strong and fast clumping prevents urine or feces from sticking to your cat's paws and spreading around. The clumping and fine granular structure help maintain the hygiene offered at the first use and support economical consumption by generating minimal waste. They are easy to clean, 99.5% dust-free, and made from natural bentonite clay without any harmful ingredients that could endanger your cat's health.","og_url":"https:\/\/zoo-land.az\/ru\/shop\/cat\/cat-lands\/rocat-lavander-10-l\/","og_site_name":"Zooland.az","og_image":[{"width":1112,"height":1800,"url":"https:\/\/zoo-land.az\/wp-content\/uploads\/2024\/06\/1649160898_RoCat_10L_Lavender.jpg","type":"image\/jpeg"}],"twitter_card":"summary_large_image","schema":{"@context":"https:\/\/schema.org","@graph":[{"@type":"WebPage","@id":"https:\/\/zoo-land.az\/shop\/cat\/cat-lands\/rocat-lavander-10-l\/","url":"https:\/\/zoo-land.az\/shop\/cat\/cat-lands\/rocat-lavander-10-l\/","name":"Rocat Lavander 10 L - Zooland.az","isPartOf":{"@id":"https:\/\/zoo-land.az\/#website"},"primaryImageOfPage":{"@id":"https:\/\/zoo-land.az\/shop\/cat\/cat-lands\/rocat-lavander-10-l\/#primaryimage"},"image":{"@id":"https:\/\/zoo-land.az\/shop\/cat\/cat-lands\/rocat-lavander-10-l\/#primaryimage"},"thumbnailUrl":"https:\/\/zoo-land.az\/wp-content\/uploads\/2024\/06\/1649160898_RoCat_10L_Lavender.jpg","datePublished":"2024-06-09T20:18:47+00:00","breadcrumb":{"@id":"https:\/\/zoo-land.az\/shop\/cat\/cat-lands\/rocat-lavander-10-l\/#breadcrumb"},"inLanguage":"ru-RU","potentialAction":[{"@type":"ReadAction","target":["https:\/\/zoo-land.az\/shop\/cat\/cat-lands\/rocat-lavander-10-l\/"]}]},{"@type":"ImageObject","inLanguage":"ru-RU","@id":"https:\/\/zoo-land.az\/shop\/cat\/cat-lands\/rocat-lavander-10-l\/#primaryimage","url":"https:\/\/zoo-land.az\/wp-content\/uploads\/2024\/06\/1649160898_RoCat_10L_Lavender.jpg","contentUrl":"https:\/\/zoo-land.az\/wp-content\/uploads\/2024\/06\/1649160898_RoCat_10L_Lavender.jpg","width":1112,"height":1800},{"@type":"BreadcrumbList","@id":"https:\/\/zoo-land.az\/shop\/cat\/cat-lands\/rocat-lavander-10-l\/#breadcrumb","itemListElement":[{"@type":"ListItem","position":1,"name":"Home","item":"https:\/\/zoo-land.az\/ru\/"},{"@type":"ListItem","position":2,"name":"Shop","item":"https:\/\/zoo-land.az\/ru\/"},{"@type":"ListItem","position":3,"name":"Rocat Lavander 10 L"}]},{"@type":"WebSite","@id":"https:\/\/zoo-land.az\/#website","url":"https:\/\/zoo-land.az\/","name":"Zooland.az","description":"Xo\u015fb\u0259xt ev heyvanlar\u0131n\u0131n \u00fcnvan\u0131 Zooland.az","publisher":{"@id":"https:\/\/zoo-land.az\/#organization"},"potentialAction":[{"@type":"SearchAction","target":{"@type":"EntryPoint","urlTemplate":"https:\/\/zoo-land.az\/?s={search_term_string}"},"query-input":{"@type":"PropertyValueSpecification","valueRequired":true,"valueName":"search_term_string"}}],"inLanguage":"ru-RU"},{"@type":"Organization","@id":"https:\/\/zoo-land.az\/#organization","name":"Zooland.az","url":"https:\/\/zoo-land.az\/","logo":{"@type":"ImageObject","inLanguage":"ru-RU","@id":"https:\/\/zoo-land.az\/#\/schema\/logo\/image\/","url":"https:\/\/zoo-land.az\/wp-content\/uploads\/2022\/05\/logo.svg","contentUrl":"https:\/\/zoo-land.az\/wp-content\/uploads\/2022\/05\/logo.svg","width":113,"height":46,"caption":"Zooland.az"},"image":{"@id":"https:\/\/zoo-land.az\/#\/schema\/logo\/image\/"}}]}},"_links":{"self":[{"href":"https:\/\/zoo-land.az\/ru\/wp-json\/wp\/v2\/product\/23089","targetHints":{"allow":["GET"]}}],"collection":[{"href":"https:\/\/zoo-land.az\/ru\/wp-json\/wp\/v2\/product"}],"about":[{"href":"https:\/\/zoo-land.az\/ru\/wp-json\/wp\/v2\/types\/product"}],"wp:featuredmedia":[{"embeddable":true,"href":"https:\/\/zoo-land.az\/ru\/wp-json\/wp\/v2\/media\/23090"}],"wp:attachment":[{"href":"https:\/\/zoo-land.az\/ru\/wp-json\/wp\/v2\/media?parent=23089"}],"wp:term":[{"taxonomy":"product_cat","embeddable":true,"href":"https:\/\/zoo-land.az\/ru\/wp-json\/wp\/v2\/product_cat?post=23089"},{"taxonomy":"product_tag","embeddable":true,"href":"https:\/\/zoo-land.az\/ru\/wp-json\/wp\/v2\/product_tag?post=23089"}],"curies":[{"name":"wp","href":"https:\/\/api.w.org\/{rel}","templated":true}]}}