{"id":23091,"date":"2024-06-09T20:52:59","date_gmt":"2024-06-09T20:52:59","guid":{"rendered":"https:\/\/lightsteelblue-zebra-299715.hostingersite.com\/?post_type=product&#038;p=23091"},"modified":"2024-06-09T20:52:59","modified_gmt":"2024-06-09T20:52:59","slug":"rocat-baby-powder-10-l","status":"publish","type":"product","link":"https:\/\/zoo-land.az\/ru\/shop\/cat\/cat-lands\/rocat-baby-powder-10-l\/","title":{"rendered":"Rocat \u0414\u0435\u0442\u0441\u043a\u0430\u044f \u043f\u0440\u0438\u0441\u044b\u043f\u043a\u0430 10 \u043b"},"content":{"rendered":"<ul>\n<li>With the scent of baby powder.<\/li>\n<li>The sand&#8217;s structure prevents it from sticking to the animal&#8217;s paws and also makes it easy to remove the grains from the cat&#8217;s litter box.<\/li>\n<li>Made from natural bentonite.<\/li>\n<li>Controls unpleasant odors.<\/li>\n<li>Economical.<\/li>\n<\/ul>","protected":false},"excerpt":{"rendered":"<ul>\n<li>With the scent of baby powder.<\/li>\n<li>The sand&#8217;s structure prevents it from sticking to the animal&#8217;s paws and also makes it easy to remove the grains from the cat&#8217;s litter box.<\/li>\n<li>Made from natural bentonite.<\/li>\n<li>Controls unpleasant odors.<\/li>\n<li>Economical.<\/li>\n<\/ul>","protected":false},"featured_media":23092,"template":"","meta":{"inline_featured_image":false,"_joinchat":[]},"product_cat":[193,188],"product_tag":[],"class_list":{"0":"post-23091","1":"product","2":"type-product","3":"status-publish","4":"has-post-thumbnail","6":"product_brand-rocat","7":"product_cat-cat-lands","8":"product_cat-cat","10":"first","11":"instock","12":"shipping-taxable","13":"purchasable","14":"product-type-simple"},"yoast_head":"<!-- This site is optimized with the Yoast SEO plugin v27.4 - https:\/\/yoast.com\/product\/yoast-seo-wordpress\/ -->\n<title>Rocat Baby Powder 10 L - Zooland.az<\/title>\n<meta name=\"robots\" content=\"index, follow, max-snippet:-1, max-image-preview:large, max-video-preview:-1\" \/>\n<link rel=\"canonical\" href=\"https:\/\/zoo-land.az\/ru\/shop\/cat\/cat-lands\/rocat-baby-powder-10-l\/\" \/>\n<meta property=\"og:locale\" content=\"ru_RU\" \/>\n<meta property=\"og:type\" content=\"article\" \/>\n<meta property=\"og:title\" content=\"Rocat Baby Powder 10 L - Zooland.az\" \/>\n<meta property=\"og:description\" content=\"With the scent of baby powder.  The sand&#039;s structure prevents it from sticking to the animal&#039;s paws and also makes it easy to remove the grains from the cat&#039;s litter box.  Made from natural bentonite.  Controls unpleasant odors.  Economical.\" \/>\n<meta property=\"og:url\" content=\"https:\/\/zoo-land.az\/ru\/shop\/cat\/cat-lands\/rocat-baby-powder-10-l\/\" \/>\n<meta property=\"og:site_name\" content=\"Zooland.az\" \/>\n<meta property=\"og:image\" content=\"https:\/\/zoo-land.az\/wp-content\/uploads\/2024\/06\/\u0421\u043d\u0438\u043c\u043e\u043a-\u044d\u043a\u0440\u0430\u043d\u0430-2024-06-10-\u0432-00.20.50.png\" \/>\n\t<meta property=\"og:image:width\" content=\"580\" \/>\n\t<meta property=\"og:image:height\" content=\"968\" \/>\n\t<meta property=\"og:image:type\" content=\"image\/png\" \/>\n<meta name=\"twitter:card\" content=\"summary_large_image\" \/>\n<script type=\"application\/ld+json\" class=\"yoast-schema-graph\">{\"@context\":\"https:\\\/\\\/schema.org\",\"@graph\":[{\"@type\":\"WebPage\",\"@id\":\"https:\\\/\\\/zoo-land.az\\\/az\\\/shop\\\/cat\\\/cat-lands\\\/rocat-baby-powder-10-l\\\/\",\"url\":\"https:\\\/\\\/zoo-land.az\\\/az\\\/shop\\\/cat\\\/cat-lands\\\/rocat-baby-powder-10-l\\\/\",\"name\":\"Rocat Baby Powder 10 L - Zooland.az\",\"isPartOf\":{\"@id\":\"https:\\\/\\\/zoo-land.az\\\/#website\"},\"primaryImageOfPage\":{\"@id\":\"https:\\\/\\\/zoo-land.az\\\/az\\\/shop\\\/cat\\\/cat-lands\\\/rocat-baby-powder-10-l\\\/#primaryimage\"},\"image\":{\"@id\":\"https:\\\/\\\/zoo-land.az\\\/az\\\/shop\\\/cat\\\/cat-lands\\\/rocat-baby-powder-10-l\\\/#primaryimage\"},\"thumbnailUrl\":\"https:\\\/\\\/zoo-land.az\\\/wp-content\\\/uploads\\\/2024\\\/06\\\/\u0421\u043d\u0438\u043c\u043e\u043a-\u044d\u043a\u0440\u0430\u043d\u0430-2024-06-10-\u0432-00.20.50.png\",\"datePublished\":\"2024-06-09T20:52:59+00:00\",\"breadcrumb\":{\"@id\":\"https:\\\/\\\/zoo-land.az\\\/az\\\/shop\\\/cat\\\/cat-lands\\\/rocat-baby-powder-10-l\\\/#breadcrumb\"},\"inLanguage\":\"ru-RU\",\"potentialAction\":[{\"@type\":\"ReadAction\",\"target\":[\"https:\\\/\\\/zoo-land.az\\\/az\\\/shop\\\/cat\\\/cat-lands\\\/rocat-baby-powder-10-l\\\/\"]}]},{\"@type\":\"ImageObject\",\"inLanguage\":\"ru-RU\",\"@id\":\"https:\\\/\\\/zoo-land.az\\\/az\\\/shop\\\/cat\\\/cat-lands\\\/rocat-baby-powder-10-l\\\/#primaryimage\",\"url\":\"https:\\\/\\\/zoo-land.az\\\/wp-content\\\/uploads\\\/2024\\\/06\\\/\u0421\u043d\u0438\u043c\u043e\u043a-\u044d\u043a\u0440\u0430\u043d\u0430-2024-06-10-\u0432-00.20.50.png\",\"contentUrl\":\"https:\\\/\\\/zoo-land.az\\\/wp-content\\\/uploads\\\/2024\\\/06\\\/\u0421\u043d\u0438\u043c\u043e\u043a-\u044d\u043a\u0440\u0430\u043d\u0430-2024-06-10-\u0432-00.20.50.png\",\"width\":580,\"height\":968},{\"@type\":\"BreadcrumbList\",\"@id\":\"https:\\\/\\\/zoo-land.az\\\/az\\\/shop\\\/cat\\\/cat-lands\\\/rocat-baby-powder-10-l\\\/#breadcrumb\",\"itemListElement\":[{\"@type\":\"ListItem\",\"position\":1,\"name\":\"Home\",\"item\":\"https:\\\/\\\/zoo-land.az\\\/ru\\\/\"},{\"@type\":\"ListItem\",\"position\":2,\"name\":\"Shop\",\"item\":\"https:\\\/\\\/zoo-land.az\\\/ru\\\/\"},{\"@type\":\"ListItem\",\"position\":3,\"name\":\"Rocat Baby Powder 10 L\"}]},{\"@type\":\"WebSite\",\"@id\":\"https:\\\/\\\/zoo-land.az\\\/#website\",\"url\":\"https:\\\/\\\/zoo-land.az\\\/\",\"name\":\"Zooland.az\",\"description\":\"Xo\u015fb\u0259xt ev heyvanlar\u0131n\u0131n \u00fcnvan\u0131 Zooland.az\",\"publisher\":{\"@id\":\"https:\\\/\\\/zoo-land.az\\\/#organization\"},\"potentialAction\":[{\"@type\":\"SearchAction\",\"target\":{\"@type\":\"EntryPoint\",\"urlTemplate\":\"https:\\\/\\\/zoo-land.az\\\/?s={search_term_string}\"},\"query-input\":{\"@type\":\"PropertyValueSpecification\",\"valueRequired\":true,\"valueName\":\"search_term_string\"}}],\"inLanguage\":\"ru-RU\"},{\"@type\":\"Organization\",\"@id\":\"https:\\\/\\\/zoo-land.az\\\/#organization\",\"name\":\"Zooland.az\",\"url\":\"https:\\\/\\\/zoo-land.az\\\/\",\"logo\":{\"@type\":\"ImageObject\",\"inLanguage\":\"ru-RU\",\"@id\":\"https:\\\/\\\/zoo-land.az\\\/#\\\/schema\\\/logo\\\/image\\\/\",\"url\":\"https:\\\/\\\/zoo-land.az\\\/wp-content\\\/uploads\\\/2022\\\/05\\\/logo.svg\",\"contentUrl\":\"https:\\\/\\\/zoo-land.az\\\/wp-content\\\/uploads\\\/2022\\\/05\\\/logo.svg\",\"width\":113,\"height\":46,\"caption\":\"Zooland.az\"},\"image\":{\"@id\":\"https:\\\/\\\/zoo-land.az\\\/#\\\/schema\\\/logo\\\/image\\\/\"}}]}<\/script>\n<!-- \/ Yoast SEO plugin. -->","yoast_head_json":{"title":"Rocat Baby Powder 10 L - Zooland.az","robots":{"index":"index","follow":"follow","max-snippet":"max-snippet:-1","max-image-preview":"max-image-preview:large","max-video-preview":"max-video-preview:-1"},"canonical":"https:\/\/zoo-land.az\/ru\/shop\/cat\/cat-lands\/rocat-baby-powder-10-l\/","og_locale":"ru_RU","og_type":"article","og_title":"Rocat Baby Powder 10 L - Zooland.az","og_description":"With the scent of baby powder.  The sand's structure prevents it from sticking to the animal's paws and also makes it easy to remove the grains from the cat's litter box.  Made from natural bentonite.  Controls unpleasant odors.  Economical.","og_url":"https:\/\/zoo-land.az\/ru\/shop\/cat\/cat-lands\/rocat-baby-powder-10-l\/","og_site_name":"Zooland.az","og_image":[{"width":580,"height":968,"url":"https:\/\/zoo-land.az\/wp-content\/uploads\/2024\/06\/\u0421\u043d\u0438\u043c\u043e\u043a-\u044d\u043a\u0440\u0430\u043d\u0430-2024-06-10-\u0432-00.20.50.png","type":"image\/png"}],"twitter_card":"summary_large_image","schema":{"@context":"https:\/\/schema.org","@graph":[{"@type":"WebPage","@id":"https:\/\/zoo-land.az\/az\/shop\/cat\/cat-lands\/rocat-baby-powder-10-l\/","url":"https:\/\/zoo-land.az\/az\/shop\/cat\/cat-lands\/rocat-baby-powder-10-l\/","name":"Rocat Baby Powder 10 L - Zooland.az","isPartOf":{"@id":"https:\/\/zoo-land.az\/#website"},"primaryImageOfPage":{"@id":"https:\/\/zoo-land.az\/az\/shop\/cat\/cat-lands\/rocat-baby-powder-10-l\/#primaryimage"},"image":{"@id":"https:\/\/zoo-land.az\/az\/shop\/cat\/cat-lands\/rocat-baby-powder-10-l\/#primaryimage"},"thumbnailUrl":"https:\/\/zoo-land.az\/wp-content\/uploads\/2024\/06\/\u0421\u043d\u0438\u043c\u043e\u043a-\u044d\u043a\u0440\u0430\u043d\u0430-2024-06-10-\u0432-00.20.50.png","datePublished":"2024-06-09T20:52:59+00:00","breadcrumb":{"@id":"https:\/\/zoo-land.az\/az\/shop\/cat\/cat-lands\/rocat-baby-powder-10-l\/#breadcrumb"},"inLanguage":"ru-RU","potentialAction":[{"@type":"ReadAction","target":["https:\/\/zoo-land.az\/az\/shop\/cat\/cat-lands\/rocat-baby-powder-10-l\/"]}]},{"@type":"ImageObject","inLanguage":"ru-RU","@id":"https:\/\/zoo-land.az\/az\/shop\/cat\/cat-lands\/rocat-baby-powder-10-l\/#primaryimage","url":"https:\/\/zoo-land.az\/wp-content\/uploads\/2024\/06\/\u0421\u043d\u0438\u043c\u043e\u043a-\u044d\u043a\u0440\u0430\u043d\u0430-2024-06-10-\u0432-00.20.50.png","contentUrl":"https:\/\/zoo-land.az\/wp-content\/uploads\/2024\/06\/\u0421\u043d\u0438\u043c\u043e\u043a-\u044d\u043a\u0440\u0430\u043d\u0430-2024-06-10-\u0432-00.20.50.png","width":580,"height":968},{"@type":"BreadcrumbList","@id":"https:\/\/zoo-land.az\/az\/shop\/cat\/cat-lands\/rocat-baby-powder-10-l\/#breadcrumb","itemListElement":[{"@type":"ListItem","position":1,"name":"Home","item":"https:\/\/zoo-land.az\/ru\/"},{"@type":"ListItem","position":2,"name":"Shop","item":"https:\/\/zoo-land.az\/ru\/"},{"@type":"ListItem","position":3,"name":"Rocat Baby Powder 10 L"}]},{"@type":"WebSite","@id":"https:\/\/zoo-land.az\/#website","url":"https:\/\/zoo-land.az\/","name":"Zooland.az","description":"Xo\u015fb\u0259xt ev heyvanlar\u0131n\u0131n \u00fcnvan\u0131 Zooland.az","publisher":{"@id":"https:\/\/zoo-land.az\/#organization"},"potentialAction":[{"@type":"SearchAction","target":{"@type":"EntryPoint","urlTemplate":"https:\/\/zoo-land.az\/?s={search_term_string}"},"query-input":{"@type":"PropertyValueSpecification","valueRequired":true,"valueName":"search_term_string"}}],"inLanguage":"ru-RU"},{"@type":"Organization","@id":"https:\/\/zoo-land.az\/#organization","name":"Zooland.az","url":"https:\/\/zoo-land.az\/","logo":{"@type":"ImageObject","inLanguage":"ru-RU","@id":"https:\/\/zoo-land.az\/#\/schema\/logo\/image\/","url":"https:\/\/zoo-land.az\/wp-content\/uploads\/2022\/05\/logo.svg","contentUrl":"https:\/\/zoo-land.az\/wp-content\/uploads\/2022\/05\/logo.svg","width":113,"height":46,"caption":"Zooland.az"},"image":{"@id":"https:\/\/zoo-land.az\/#\/schema\/logo\/image\/"}}]}},"_links":{"self":[{"href":"https:\/\/zoo-land.az\/ru\/wp-json\/wp\/v2\/product\/23091","targetHints":{"allow":["GET"]}}],"collection":[{"href":"https:\/\/zoo-land.az\/ru\/wp-json\/wp\/v2\/product"}],"about":[{"href":"https:\/\/zoo-land.az\/ru\/wp-json\/wp\/v2\/types\/product"}],"wp:featuredmedia":[{"embeddable":true,"href":"https:\/\/zoo-land.az\/ru\/wp-json\/wp\/v2\/media\/23092"}],"wp:attachment":[{"href":"https:\/\/zoo-land.az\/ru\/wp-json\/wp\/v2\/media?parent=23091"}],"wp:term":[{"taxonomy":"product_cat","embeddable":true,"href":"https:\/\/zoo-land.az\/ru\/wp-json\/wp\/v2\/product_cat?post=23091"},{"taxonomy":"product_tag","embeddable":true,"href":"https:\/\/zoo-land.az\/ru\/wp-json\/wp\/v2\/product_tag?post=23091"}],"curies":[{"name":"wp","href":"https:\/\/api.w.org\/{rel}","templated":true}]}}