{"id":23128,"date":"2024-06-10T10:17:31","date_gmt":"2024-06-10T10:17:31","guid":{"rendered":"https:\/\/lightsteelblue-zebra-299715.hostingersite.com\/?post_type=product&#038;p=23128"},"modified":"2024-06-10T10:17:32","modified_gmt":"2024-06-10T10:17:32","slug":"vancat-orange-5-kg","status":"publish","type":"product","link":"https:\/\/zoo-land.az\/ru\/shop\/cat\/cat-lands\/vancat-orange-5-kg\/","title":{"rendered":"\u0412\u0430\u043d\u041a\u0430\u0442 \u041e\u0440\u0430\u043d\u0436\u0435\u0432\u044b\u0439 5 \u043a\u0433"},"content":{"rendered":"<p>\u0411\u0435\u043d\u0442\u043e\u043d\u0438\u0442\u043e\u0432\u044b\u0439 \u043d\u0430\u043f\u043e\u043b\u043d\u0438\u0442\u0435\u043b\u044c \u0441\u0443\u043f\u0435\u0440 \u043f\u0440\u0435\u043c\u0438\u0443\u043c \u043a\u043b\u0430\u0441\u0441\u0430 \u0434\u043b\u044f \u043a\u043e\u0448\u0430\u0447\u044c\u0438\u0445 \u0442\u0443\u0430\u043b\u0435\u0442\u043e\u0432 \u043e\u0442 VanCat \u2013 Cat Litter Orange, \u0441\u043e \u0432\u043a\u0443\u0441\u043e\u043c \u0430\u043f\u0435\u043b\u044c\u0441\u0438\u043d\u0430. \u041d\u0430\u043f\u043e\u043b\u043d\u0438\u0442\u0435\u043b\u044c \u043f\u043e\u043b\u043d\u043e\u0441\u0442\u044c\u044e \u0438\u0437\u0433\u043e\u0442\u043e\u0432\u043b\u0435\u043d \u0438\u0437 \u0432\u044b\u0441\u043e\u043a\u043e\u043a\u0430\u0447\u0435\u0441\u0442\u0432\u0435\u043d\u043d\u043e\u0433\u043e \u0431\u0435\u043b\u043e\u0433\u043e \u0431\u0435\u043d\u0442\u043e\u043d\u0438\u0442\u0430. \u0412 \u043e\u0442\u043b\u0438\u0447\u0438\u0435 \u043e\u0442 \u0434\u0440\u0443\u0433\u0438\u0445 \u043d\u0430\u043f\u043e\u043b\u043d\u0438\u0442\u0435\u043b\u0435\u0439, \u0444\u043e\u0440\u043c\u0430 \u043a\u043e\u043c\u043a\u0430 \u043d\u0435 \u043f\u043b\u043e\u0441\u043a\u0430\u044f, \u0430 \u043e\u043a\u0440\u0443\u0433\u043b\u0430\u044f, \u0447\u0442\u043e \u0438\u0434\u0435\u0430\u043b\u044c\u043d\u043e \u043f\u043e\u0434\u0445\u043e\u0434\u0438\u0442 \u0434\u043b\u044f \u0432\u0437\u0440\u043e\u0441\u043b\u044b\u0445 \u043a\u043e\u0448\u0435\u043a. Cat Litter Orange \u043f\u0440\u0435\u043a\u0440\u0430\u0441\u043d\u043e \u0432\u043f\u0438\u0442\u044b\u0432\u0430\u0435\u0442 \u043d\u0435\u043f\u0440\u0438\u044f\u0442\u043d\u044b\u0435 \u0437\u0430\u043f\u0430\u0445\u0438, \u0431\u044b\u0441\u0442\u0440\u043e \u0441\u043b\u0438\u043f\u0430\u0435\u0442\u0441\u044f, \u043e\u0431\u0440\u0430\u0437\u0443\u044f \u043a\u043e\u043c\u043e\u0447\u043a\u0438, \u0438 \u043e\u0441\u0442\u0430\u0432\u043b\u044f\u0435\u0442 \u043f\u0440\u0438\u044f\u0442\u043d\u044b\u0439 \u0430\u043f\u0435\u043b\u044c\u0441\u0438\u043d\u043e\u0432\u044b\u0439 \u0430\u0440\u043e\u043c\u0430\u0442. \u041f\u0440\u043e\u0434\u0443\u043a\u0442 \u0441\u043e\u0434\u0435\u0440\u0436\u0438\u0442 \u0442\u043e\u043b\u044c\u043a\u043e \u043d\u0430\u0442\u0443\u0440\u0430\u043b\u044c\u043d\u044b\u0435 \u0438\u043d\u0433\u0440\u0435\u0434\u0438\u0435\u043d\u0442\u044b, \u043a\u043e\u0442\u043e\u0440\u044b\u0435 \u043f\u0440\u0435\u043a\u0440\u0430\u0441\u043d\u043e \u0432\u043f\u0438\u0442\u044b\u0432\u0430\u044e\u0442 \u0432\u043b\u0430\u0433\u0443 \u0438 \u0431\u043b\u0430\u0433\u043e\u0434\u0430\u0440\u044f \u0441\u0438\u0441\u0442\u0435\u043c\u0435 \u0434\u0432\u043e\u0439\u043d\u043e\u0433\u043e \u043f\u0440\u043e\u0441\u0435\u0438\u0432\u0430\u043d\u0438\u044f \u0441\u043e\u0432\u0435\u0440\u0448\u0435\u043d\u043d\u043e \u043d\u0435 \u0441\u043e\u0434\u0435\u0440\u0436\u0430\u0442 \u043f\u044b\u043b\u0438. \u041e\u0447\u0435\u043d\u044c \u0432\u044b\u0441\u043e\u043a\u0430\u044f \u043f\u043e\u0433\u043b\u043e\u0449\u0430\u044e\u0449\u0430\u044f \u0441\u043f\u043e\u0441\u043e\u0431\u043d\u043e\u0441\u0442\u044c \u043e\u0442 280 \u0434\u043e 300%. \u041d\u0430\u043f\u043e\u043b\u043d\u0438\u0442\u0435\u043b\u044c \u0434\u043b\u044f \u043a\u043e\u0448\u0430\u0447\u044c\u0435\u0433\u043e \u0442\u0443\u0430\u043b\u0435\u0442\u0430 VanCat Orange \u043e\u043f\u0440\u0430\u0432\u0434\u0430\u0435\u0442 \u0432\u0430\u0448\u0438 \u043e\u0436\u0438\u0434\u0430\u043d\u0438\u044f \u0438 \u043e\u0431\u0435\u0441\u043f\u0435\u0447\u0438\u0442 \u043a\u043e\u043c\u0444\u043e\u0440\u0442\u043d\u044b\u0435 \u0443\u0441\u043b\u043e\u0432\u0438\u044f \u0434\u043b\u044f \u0432\u0430\u0448\u0435\u0433\u043e \u043f\u0438\u0442\u043e\u043c\u0446\u0430!\u041f\u0440\u0435\u0438\u043c\u0443\u0449\u0435\u0441\u0442\u0432\u0430 \u043d\u0430\u043f\u043e\u043b\u043d\u0438\u0442\u0435\u043b\u044f \u0434\u043b\u044f \u043a\u043e\u0448\u0430\u0447\u044c\u0435\u0433\u043e \u0442\u0443\u0430\u043b\u0435\u0442\u0430 VanCat Orange:\u0418\u0437\u0433\u043e\u0442\u043e\u0432\u043b\u0435\u043d \u0438\u0437 \u0431\u0435\u043b\u043e\u0433\u043e \u0431\u0435\u043d\u0442\u043e\u043d\u0438\u0442\u0430 100%.\u0412\u044b\u0441\u043e\u043a\u0430\u044f \u0441\u043f\u043e\u0441\u043e\u0431\u043d\u043e\u0441\u0442\u044c \u0432\u043f\u0438\u0442\u044b\u0432\u0430\u0442\u044c \u0436\u0438\u0434\u043a\u043e\u0441\u0442\u044c (280\u2013300%).\u041a\u043e\u043b\u0438\u0447\u0435\u0441\u0442\u0432\u043e \u043f\u044b\u043b\u0438 \u0441\u043d\u0438\u0436\u0430\u0435\u0442\u0441\u044f \u043d\u0430 99,5% \u0431\u043b\u0430\u0433\u043e\u0434\u0430\u0440\u044f \u0441\u0438\u0441\u0442\u0435\u043c\u0435 \u0434\u0432\u043e\u0439\u043d\u043e\u0433\u043e \u043f\u0440\u043e\u0441\u0435\u0438\u0432\u0430\u043d\u0438\u044f.\u0412\u043f\u0438\u0442\u044b\u0432\u0430\u0435\u0442 \u043d\u0435\u043f\u0440\u0438\u044f\u0442\u043d\u044b\u0435 \u0437\u0430\u043f\u0430\u0445\u0438, \u043e\u0441\u0442\u0430\u0432\u043b\u044f\u044f \u043f\u0440\u0438\u044f\u0442\u043d\u044b\u0439 \u0430\u043f\u0435\u043b\u044c\u0441\u0438\u043d\u043e\u0432\u044b\u0439 \u0430\u0440\u043e\u043c\u0430\u0442.\u041d\u0435 \u043f\u0440\u0438\u043b\u0438\u043f\u0430\u0435\u0442 \u043a \u043a\u043e\u0448\u0430\u0447\u044c\u0438\u043c \u043b\u0430\u043f\u0430\u043c \u0438 \u043d\u0435 \u0440\u0430\u0437\u0431\u0440\u0430\u0441\u044b\u0432\u0430\u0435\u0442\u0441\u044f \u043f\u043e \u0434\u043e\u043c\u0443.\u041c\u0430\u043a\u0441\u0438\u043c\u0430\u043b\u044c\u043d\u044b\u0439 \u043a\u043e\u043c\u0444\u043e\u0440\u0442 \u0434\u043b\u044f \u043a\u043e\u0448\u043a\u0438 \u0438 \u0435\u0435 \u0445\u043e\u0437\u044f\u0438\u043d\u0430.<\/p>\n<p>&nbsp;<\/p>","protected":false},"excerpt":{"rendered":"<p>\u0411\u0435\u043d\u0442\u043e\u043d\u0438\u0442\u043e\u0432\u044b\u0439 \u043d\u0430\u043f\u043e\u043b\u043d\u0438\u0442\u0435\u043b\u044c \u0441\u0443\u043f\u0435\u0440 \u043f\u0440\u0435\u043c\u0438\u0443\u043c \u043a\u043b\u0430\u0441\u0441\u0430 \u0434\u043b\u044f \u043a\u043e\u0448\u0430\u0447\u044c\u0438\u0445 \u0442\u0443\u0430\u043b\u0435\u0442\u043e\u0432 \u043e\u0442 VanCat \u2013 Cat Litter Orange, \u0441\u043e \u0432\u043a\u0443\u0441\u043e\u043c \u0430\u043f\u0435\u043b\u044c\u0441\u0438\u043d\u0430. \u041d\u0430\u043f\u043e\u043b\u043d\u0438\u0442\u0435\u043b\u044c \u043f\u043e\u043b\u043d\u043e\u0441\u0442\u044c\u044e \u0438\u0437\u0433\u043e\u0442\u043e\u0432\u043b\u0435\u043d \u0438\u0437 \u0432\u044b\u0441\u043e\u043a\u043e\u043a\u0430\u0447\u0435\u0441\u0442\u0432\u0435\u043d\u043d\u043e\u0433\u043e \u0431\u0435\u043b\u043e\u0433\u043e \u0431\u0435\u043d\u0442\u043e\u043d\u0438\u0442\u0430. \u0412 \u043e\u0442\u043b\u0438\u0447\u0438\u0435 \u043e\u0442 \u0434\u0440\u0443\u0433\u0438\u0445 \u043d\u0430\u043f\u043e\u043b\u043d\u0438\u0442\u0435\u043b\u0435\u0439, \u0444\u043e\u0440\u043c\u0430 \u043a\u043e\u043c\u043a\u0430 \u043d\u0435 \u043f\u043b\u043e\u0441\u043a\u0430\u044f, \u0430 \u043e\u043a\u0440\u0443\u0433\u043b\u0430\u044f, \u0447\u0442\u043e \u0438\u0434\u0435\u0430\u043b\u044c\u043d\u043e \u043f\u043e\u0434\u0445\u043e\u0434\u0438\u0442 \u0434\u043b\u044f \u0432\u0437\u0440\u043e\u0441\u043b\u044b\u0445 \u043a\u043e\u0448\u0435\u043a. Cat Litter Orange \u043f\u0440\u0435\u043a\u0440\u0430\u0441\u043d\u043e \u0432\u043f\u0438\u0442\u044b\u0432\u0430\u0435\u0442 \u043d\u0435\u043f\u0440\u0438\u044f\u0442\u043d\u044b\u0435 \u0437\u0430\u043f\u0430\u0445\u0438, \u0431\u044b\u0441\u0442\u0440\u043e \u0441\u043b\u0438\u043f\u0430\u0435\u0442\u0441\u044f, \u043e\u0431\u0440\u0430\u0437\u0443\u044f \u043a\u043e\u043c\u043e\u0447\u043a\u0438, \u0438 \u043e\u0441\u0442\u0430\u0432\u043b\u044f\u0435\u0442 \u043f\u0440\u0438\u044f\u0442\u043d\u044b\u0439 \u0430\u043f\u0435\u043b\u044c\u0441\u0438\u043d\u043e\u0432\u044b\u0439 \u0430\u0440\u043e\u043c\u0430\u0442. \u041f\u0440\u043e\u0434\u0443\u043a\u0442 \u0441\u043e\u0434\u0435\u0440\u0436\u0438\u0442 \u0442\u043e\u043b\u044c\u043a\u043e \u043d\u0430\u0442\u0443\u0440\u0430\u043b\u044c\u043d\u044b\u0435 \u0438\u043d\u0433\u0440\u0435\u0434\u0438\u0435\u043d\u0442\u044b, \u043a\u043e\u0442\u043e\u0440\u044b\u0435 \u043f\u0440\u0435\u043a\u0440\u0430\u0441\u043d\u043e \u0432\u043f\u0438\u0442\u044b\u0432\u0430\u044e\u0442 \u0432\u043b\u0430\u0433\u0443 \u0438 \u0431\u043b\u0430\u0433\u043e\u0434\u0430\u0440\u044f \u0441\u0438\u0441\u0442\u0435\u043c\u0435 \u0434\u0432\u043e\u0439\u043d\u043e\u0433\u043e \u043f\u0440\u043e\u0441\u0435\u0438\u0432\u0430\u043d\u0438\u044f \u0441\u043e\u0432\u0435\u0440\u0448\u0435\u043d\u043d\u043e \u043d\u0435 \u0441\u043e\u0434\u0435\u0440\u0436\u0430\u0442 \u043f\u044b\u043b\u0438. \u041e\u0447\u0435\u043d\u044c \u0432\u044b\u0441\u043e\u043a\u0430\u044f \u043f\u043e\u0433\u043b\u043e\u0449\u0430\u044e\u0449\u0430\u044f \u0441\u043f\u043e\u0441\u043e\u0431\u043d\u043e\u0441\u0442\u044c \u043e\u0442 280 \u0434\u043e 300%. \u041d\u0430\u043f\u043e\u043b\u043d\u0438\u0442\u0435\u043b\u044c \u0434\u043b\u044f \u043a\u043e\u0448\u0430\u0447\u044c\u0435\u0433\u043e \u0442\u0443\u0430\u043b\u0435\u0442\u0430 VanCat Orange \u043e\u043f\u0440\u0430\u0432\u0434\u0430\u0435\u0442 \u0432\u0430\u0448\u0438 \u043e\u0436\u0438\u0434\u0430\u043d\u0438\u044f \u0438 \u043e\u0431\u0435\u0441\u043f\u0435\u0447\u0438\u0442 \u043a\u043e\u043c\u0444\u043e\u0440\u0442\u043d\u044b\u0435 \u0443\u0441\u043b\u043e\u0432\u0438\u044f \u0434\u043b\u044f \u0432\u0430\u0448\u0435\u0433\u043e \u043f\u0438\u0442\u043e\u043c\u0446\u0430!\u041f\u0440\u0435\u0438\u043c\u0443\u0449\u0435\u0441\u0442\u0432\u0430 \u043d\u0430\u043f\u043e\u043b\u043d\u0438\u0442\u0435\u043b\u044f \u0434\u043b\u044f \u043a\u043e\u0448\u0430\u0447\u044c\u0435\u0433\u043e \u0442\u0443\u0430\u043b\u0435\u0442\u0430 VanCat Orange:\u0418\u0437\u0433\u043e\u0442\u043e\u0432\u043b\u0435\u043d \u0438\u0437 \u0431\u0435\u043b\u043e\u0433\u043e \u0431\u0435\u043d\u0442\u043e\u043d\u0438\u0442\u0430 100%.\u0412\u044b\u0441\u043e\u043a\u0430\u044f \u0441\u043f\u043e\u0441\u043e\u0431\u043d\u043e\u0441\u0442\u044c \u0432\u043f\u0438\u0442\u044b\u0432\u0430\u0442\u044c \u0436\u0438\u0434\u043a\u043e\u0441\u0442\u044c (280\u2013300%).\u041a\u043e\u043b\u0438\u0447\u0435\u0441\u0442\u0432\u043e \u043f\u044b\u043b\u0438 \u0441\u043d\u0438\u0436\u0430\u0435\u0442\u0441\u044f \u043d\u0430 99,5% \u0431\u043b\u0430\u0433\u043e\u0434\u0430\u0440\u044f \u0441\u0438\u0441\u0442\u0435\u043c\u0435 \u0434\u0432\u043e\u0439\u043d\u043e\u0433\u043e \u043f\u0440\u043e\u0441\u0435\u0438\u0432\u0430\u043d\u0438\u044f.\u0412\u043f\u0438\u0442\u044b\u0432\u0430\u0435\u0442 \u043d\u0435\u043f\u0440\u0438\u044f\u0442\u043d\u044b\u0435 \u0437\u0430\u043f\u0430\u0445\u0438, \u043e\u0441\u0442\u0430\u0432\u043b\u044f\u044f \u043f\u0440\u0438\u044f\u0442\u043d\u044b\u0439 \u0430\u043f\u0435\u043b\u044c\u0441\u0438\u043d\u043e\u0432\u044b\u0439 \u0430\u0440\u043e\u043c\u0430\u0442.\u041d\u0435 \u043f\u0440\u0438\u043b\u0438\u043f\u0430\u0435\u0442 \u043a \u043a\u043e\u0448\u0430\u0447\u044c\u0438\u043c \u043b\u0430\u043f\u0430\u043c \u0438 \u043d\u0435 \u0440\u0430\u0437\u0431\u0440\u0430\u0441\u044b\u0432\u0430\u0435\u0442\u0441\u044f \u043f\u043e \u0434\u043e\u043c\u0443.\u041c\u0430\u043a\u0441\u0438\u043c\u0430\u043b\u044c\u043d\u044b\u0439 \u043a\u043e\u043c\u0444\u043e\u0440\u0442 \u0434\u043b\u044f \u043a\u043e\u0448\u043a\u0438 \u0438 \u0435\u0435 \u0445\u043e\u0437\u044f\u0438\u043d\u0430.<\/p>\n<p>&nbsp;<\/p>","protected":false},"featured_media":23133,"template":"","meta":{"inline_featured_image":false,"_joinchat":[]},"product_cat":[193,188],"product_tag":[],"class_list":{"0":"post-23128","1":"product","2":"type-product","3":"status-publish","4":"has-post-thumbnail","6":"product_brand-van-cat","7":"product_cat-cat-lands","8":"product_cat-cat","10":"first","11":"instock","12":"shipping-taxable","13":"purchasable","14":"product-type-simple"},"yoast_head":"<!-- This site is optimized with the Yoast SEO plugin v27.4 - https:\/\/yoast.com\/product\/yoast-seo-wordpress\/ -->\n<title>VanCat Orange 5 kg - Zooland.az<\/title>\n<meta name=\"robots\" content=\"index, follow, max-snippet:-1, max-image-preview:large, max-video-preview:-1\" \/>\n<link rel=\"canonical\" href=\"https:\/\/zoo-land.az\/ru\/shop\/cat\/cat-lands\/vancat-orange-5-kg\/\" \/>\n<meta property=\"og:locale\" content=\"ru_RU\" \/>\n<meta property=\"og:type\" content=\"article\" \/>\n<meta property=\"og:title\" content=\"VanCat Orange 5 kg - Zooland.az\" \/>\n<meta property=\"og:description\" content=\"Super premium bentonite litter for cat litter from VanCat - Cat Litter Orange, with orange flavor. The filler is entirely made from high quality white bentonite.Unlike other litters, the shape of the lump is not flat, but round, which is ideal for adult cats.Cat Litter Orange perfectly absorbs unpleasant odors, quickly sticks together, forming lumps, and leaves a pleasant orange aroma. The product contains only natural ingredients that perfectly absorb moisture and, thanks to the double sifting system, contain no dust at all. Very high absorption capacity from 280 to 300%. VanCat Cat Litter Orange will meet your expectations and provide comfortable conditions for your pet!Advantages of VanCat Cat Litter Orange:Made from 100% white bentonite.High ability to absorb liquid (280\u2013300%).The amount of dust is reduced by 99.5% thanks to the double sifting system.Absorbs unpleasant odors, leaving a pleasant orange aroma.Doesn&#039;t stick to cat&#039;s paws and doesn&#039;t get scattered around the house.Maximum comfort for the cat and its owner.  &nbsp;\" \/>\n<meta property=\"og:url\" content=\"https:\/\/zoo-land.az\/ru\/shop\/cat\/cat-lands\/vancat-orange-5-kg\/\" \/>\n<meta property=\"og:site_name\" content=\"Zooland.az\" \/>\n<meta property=\"article:modified_time\" content=\"2024-06-10T10:17:32+00:00\" \/>\n<meta property=\"og:image\" content=\"https:\/\/zoo-land.az\/wp-content\/uploads\/2024\/06\/van-cat-orange-napolnitel-dlya-koshek-100-naturalnyj-komkuyushchijsya-bez-pyli-s-aromatom-apelsina-5-kg.jpg\" \/>\n\t<meta property=\"og:image:width\" content=\"800\" \/>\n\t<meta property=\"og:image:height\" content=\"800\" \/>\n\t<meta property=\"og:image:type\" content=\"image\/jpeg\" \/>\n<meta name=\"twitter:card\" content=\"summary_large_image\" \/>\n<meta name=\"twitter:label1\" content=\"\u041f\u0440\u0438\u043c\u0435\u0440\u043d\u043e\u0435 \u0432\u0440\u0435\u043c\u044f \u0434\u043b\u044f \u0447\u0442\u0435\u043d\u0438\u044f\" \/>\n\t<meta name=\"twitter:data1\" content=\"1 \u043c\u0438\u043d\u0443\u0442\u0430\" \/>\n<script type=\"application\/ld+json\" class=\"yoast-schema-graph\">{\"@context\":\"https:\\\/\\\/schema.org\",\"@graph\":[{\"@type\":\"WebPage\",\"@id\":\"https:\\\/\\\/zoo-land.az\\\/shop\\\/cat\\\/cat-lands\\\/vancat-orange-5-kg\\\/\",\"url\":\"https:\\\/\\\/zoo-land.az\\\/shop\\\/cat\\\/cat-lands\\\/vancat-orange-5-kg\\\/\",\"name\":\"VanCat Orange 5 kg - Zooland.az\",\"isPartOf\":{\"@id\":\"https:\\\/\\\/zoo-land.az\\\/#website\"},\"primaryImageOfPage\":{\"@id\":\"https:\\\/\\\/zoo-land.az\\\/shop\\\/cat\\\/cat-lands\\\/vancat-orange-5-kg\\\/#primaryimage\"},\"image\":{\"@id\":\"https:\\\/\\\/zoo-land.az\\\/shop\\\/cat\\\/cat-lands\\\/vancat-orange-5-kg\\\/#primaryimage\"},\"thumbnailUrl\":\"https:\\\/\\\/zoo-land.az\\\/wp-content\\\/uploads\\\/2024\\\/06\\\/van-cat-orange-napolnitel-dlya-koshek-100-naturalnyj-komkuyushchijsya-bez-pyli-s-aromatom-apelsina-5-kg.jpg\",\"datePublished\":\"2024-06-10T10:17:31+00:00\",\"dateModified\":\"2024-06-10T10:17:32+00:00\",\"breadcrumb\":{\"@id\":\"https:\\\/\\\/zoo-land.az\\\/shop\\\/cat\\\/cat-lands\\\/vancat-orange-5-kg\\\/#breadcrumb\"},\"inLanguage\":\"ru-RU\",\"potentialAction\":[{\"@type\":\"ReadAction\",\"target\":[\"https:\\\/\\\/zoo-land.az\\\/shop\\\/cat\\\/cat-lands\\\/vancat-orange-5-kg\\\/\"]}]},{\"@type\":\"ImageObject\",\"inLanguage\":\"ru-RU\",\"@id\":\"https:\\\/\\\/zoo-land.az\\\/shop\\\/cat\\\/cat-lands\\\/vancat-orange-5-kg\\\/#primaryimage\",\"url\":\"https:\\\/\\\/zoo-land.az\\\/wp-content\\\/uploads\\\/2024\\\/06\\\/van-cat-orange-napolnitel-dlya-koshek-100-naturalnyj-komkuyushchijsya-bez-pyli-s-aromatom-apelsina-5-kg.jpg\",\"contentUrl\":\"https:\\\/\\\/zoo-land.az\\\/wp-content\\\/uploads\\\/2024\\\/06\\\/van-cat-orange-napolnitel-dlya-koshek-100-naturalnyj-komkuyushchijsya-bez-pyli-s-aromatom-apelsina-5-kg.jpg\",\"width\":800,\"height\":800},{\"@type\":\"BreadcrumbList\",\"@id\":\"https:\\\/\\\/zoo-land.az\\\/shop\\\/cat\\\/cat-lands\\\/vancat-orange-5-kg\\\/#breadcrumb\",\"itemListElement\":[{\"@type\":\"ListItem\",\"position\":1,\"name\":\"Home\",\"item\":\"https:\\\/\\\/zoo-land.az\\\/ru\\\/\"},{\"@type\":\"ListItem\",\"position\":2,\"name\":\"Shop\",\"item\":\"https:\\\/\\\/zoo-land.az\\\/ru\\\/\"},{\"@type\":\"ListItem\",\"position\":3,\"name\":\"VanCat Orange 5 kg\"}]},{\"@type\":\"WebSite\",\"@id\":\"https:\\\/\\\/zoo-land.az\\\/#website\",\"url\":\"https:\\\/\\\/zoo-land.az\\\/\",\"name\":\"Zooland.az\",\"description\":\"Xo\u015fb\u0259xt ev heyvanlar\u0131n\u0131n \u00fcnvan\u0131 Zooland.az\",\"publisher\":{\"@id\":\"https:\\\/\\\/zoo-land.az\\\/#organization\"},\"potentialAction\":[{\"@type\":\"SearchAction\",\"target\":{\"@type\":\"EntryPoint\",\"urlTemplate\":\"https:\\\/\\\/zoo-land.az\\\/?s={search_term_string}\"},\"query-input\":{\"@type\":\"PropertyValueSpecification\",\"valueRequired\":true,\"valueName\":\"search_term_string\"}}],\"inLanguage\":\"ru-RU\"},{\"@type\":\"Organization\",\"@id\":\"https:\\\/\\\/zoo-land.az\\\/#organization\",\"name\":\"Zooland.az\",\"url\":\"https:\\\/\\\/zoo-land.az\\\/\",\"logo\":{\"@type\":\"ImageObject\",\"inLanguage\":\"ru-RU\",\"@id\":\"https:\\\/\\\/zoo-land.az\\\/#\\\/schema\\\/logo\\\/image\\\/\",\"url\":\"https:\\\/\\\/zoo-land.az\\\/wp-content\\\/uploads\\\/2022\\\/05\\\/logo.svg\",\"contentUrl\":\"https:\\\/\\\/zoo-land.az\\\/wp-content\\\/uploads\\\/2022\\\/05\\\/logo.svg\",\"width\":113,\"height\":46,\"caption\":\"Zooland.az\"},\"image\":{\"@id\":\"https:\\\/\\\/zoo-land.az\\\/#\\\/schema\\\/logo\\\/image\\\/\"}}]}<\/script>\n<!-- \/ Yoast SEO plugin. -->","yoast_head_json":{"title":"VanCat Orange 5 kg - Zooland.az","robots":{"index":"index","follow":"follow","max-snippet":"max-snippet:-1","max-image-preview":"max-image-preview:large","max-video-preview":"max-video-preview:-1"},"canonical":"https:\/\/zoo-land.az\/ru\/shop\/cat\/cat-lands\/vancat-orange-5-kg\/","og_locale":"ru_RU","og_type":"article","og_title":"VanCat Orange 5 kg - Zooland.az","og_description":"Super premium bentonite litter for cat litter from VanCat - Cat Litter Orange, with orange flavor. The filler is entirely made from high quality white bentonite.Unlike other litters, the shape of the lump is not flat, but round, which is ideal for adult cats.Cat Litter Orange perfectly absorbs unpleasant odors, quickly sticks together, forming lumps, and leaves a pleasant orange aroma. The product contains only natural ingredients that perfectly absorb moisture and, thanks to the double sifting system, contain no dust at all. Very high absorption capacity from 280 to 300%. VanCat Cat Litter Orange will meet your expectations and provide comfortable conditions for your pet!Advantages of VanCat Cat Litter Orange:Made from 100% white bentonite.High ability to absorb liquid (280\u2013300%).The amount of dust is reduced by 99.5% thanks to the double sifting system.Absorbs unpleasant odors, leaving a pleasant orange aroma.Doesn't stick to cat's paws and doesn't get scattered around the house.Maximum comfort for the cat and its owner.  &nbsp;","og_url":"https:\/\/zoo-land.az\/ru\/shop\/cat\/cat-lands\/vancat-orange-5-kg\/","og_site_name":"Zooland.az","article_modified_time":"2024-06-10T10:17:32+00:00","og_image":[{"width":800,"height":800,"url":"https:\/\/zoo-land.az\/wp-content\/uploads\/2024\/06\/van-cat-orange-napolnitel-dlya-koshek-100-naturalnyj-komkuyushchijsya-bez-pyli-s-aromatom-apelsina-5-kg.jpg","type":"image\/jpeg"}],"twitter_card":"summary_large_image","twitter_misc":{"\u041f\u0440\u0438\u043c\u0435\u0440\u043d\u043e\u0435 \u0432\u0440\u0435\u043c\u044f \u0434\u043b\u044f \u0447\u0442\u0435\u043d\u0438\u044f":"1 \u043c\u0438\u043d\u0443\u0442\u0430"},"schema":{"@context":"https:\/\/schema.org","@graph":[{"@type":"WebPage","@id":"https:\/\/zoo-land.az\/shop\/cat\/cat-lands\/vancat-orange-5-kg\/","url":"https:\/\/zoo-land.az\/shop\/cat\/cat-lands\/vancat-orange-5-kg\/","name":"VanCat Orange 5 kg - Zooland.az","isPartOf":{"@id":"https:\/\/zoo-land.az\/#website"},"primaryImageOfPage":{"@id":"https:\/\/zoo-land.az\/shop\/cat\/cat-lands\/vancat-orange-5-kg\/#primaryimage"},"image":{"@id":"https:\/\/zoo-land.az\/shop\/cat\/cat-lands\/vancat-orange-5-kg\/#primaryimage"},"thumbnailUrl":"https:\/\/zoo-land.az\/wp-content\/uploads\/2024\/06\/van-cat-orange-napolnitel-dlya-koshek-100-naturalnyj-komkuyushchijsya-bez-pyli-s-aromatom-apelsina-5-kg.jpg","datePublished":"2024-06-10T10:17:31+00:00","dateModified":"2024-06-10T10:17:32+00:00","breadcrumb":{"@id":"https:\/\/zoo-land.az\/shop\/cat\/cat-lands\/vancat-orange-5-kg\/#breadcrumb"},"inLanguage":"ru-RU","potentialAction":[{"@type":"ReadAction","target":["https:\/\/zoo-land.az\/shop\/cat\/cat-lands\/vancat-orange-5-kg\/"]}]},{"@type":"ImageObject","inLanguage":"ru-RU","@id":"https:\/\/zoo-land.az\/shop\/cat\/cat-lands\/vancat-orange-5-kg\/#primaryimage","url":"https:\/\/zoo-land.az\/wp-content\/uploads\/2024\/06\/van-cat-orange-napolnitel-dlya-koshek-100-naturalnyj-komkuyushchijsya-bez-pyli-s-aromatom-apelsina-5-kg.jpg","contentUrl":"https:\/\/zoo-land.az\/wp-content\/uploads\/2024\/06\/van-cat-orange-napolnitel-dlya-koshek-100-naturalnyj-komkuyushchijsya-bez-pyli-s-aromatom-apelsina-5-kg.jpg","width":800,"height":800},{"@type":"BreadcrumbList","@id":"https:\/\/zoo-land.az\/shop\/cat\/cat-lands\/vancat-orange-5-kg\/#breadcrumb","itemListElement":[{"@type":"ListItem","position":1,"name":"Home","item":"https:\/\/zoo-land.az\/ru\/"},{"@type":"ListItem","position":2,"name":"Shop","item":"https:\/\/zoo-land.az\/ru\/"},{"@type":"ListItem","position":3,"name":"VanCat Orange 5 kg"}]},{"@type":"WebSite","@id":"https:\/\/zoo-land.az\/#website","url":"https:\/\/zoo-land.az\/","name":"Zooland.az","description":"Xo\u015fb\u0259xt ev heyvanlar\u0131n\u0131n \u00fcnvan\u0131 Zooland.az","publisher":{"@id":"https:\/\/zoo-land.az\/#organization"},"potentialAction":[{"@type":"SearchAction","target":{"@type":"EntryPoint","urlTemplate":"https:\/\/zoo-land.az\/?s={search_term_string}"},"query-input":{"@type":"PropertyValueSpecification","valueRequired":true,"valueName":"search_term_string"}}],"inLanguage":"ru-RU"},{"@type":"Organization","@id":"https:\/\/zoo-land.az\/#organization","name":"Zooland.az","url":"https:\/\/zoo-land.az\/","logo":{"@type":"ImageObject","inLanguage":"ru-RU","@id":"https:\/\/zoo-land.az\/#\/schema\/logo\/image\/","url":"https:\/\/zoo-land.az\/wp-content\/uploads\/2022\/05\/logo.svg","contentUrl":"https:\/\/zoo-land.az\/wp-content\/uploads\/2022\/05\/logo.svg","width":113,"height":46,"caption":"Zooland.az"},"image":{"@id":"https:\/\/zoo-land.az\/#\/schema\/logo\/image\/"}}]}},"_links":{"self":[{"href":"https:\/\/zoo-land.az\/ru\/wp-json\/wp\/v2\/product\/23128","targetHints":{"allow":["GET"]}}],"collection":[{"href":"https:\/\/zoo-land.az\/ru\/wp-json\/wp\/v2\/product"}],"about":[{"href":"https:\/\/zoo-land.az\/ru\/wp-json\/wp\/v2\/types\/product"}],"wp:featuredmedia":[{"embeddable":true,"href":"https:\/\/zoo-land.az\/ru\/wp-json\/wp\/v2\/media\/23133"}],"wp:attachment":[{"href":"https:\/\/zoo-land.az\/ru\/wp-json\/wp\/v2\/media?parent=23128"}],"wp:term":[{"taxonomy":"product_cat","embeddable":true,"href":"https:\/\/zoo-land.az\/ru\/wp-json\/wp\/v2\/product_cat?post=23128"},{"taxonomy":"product_tag","embeddable":true,"href":"https:\/\/zoo-land.az\/ru\/wp-json\/wp\/v2\/product_tag?post=23128"}],"curies":[{"name":"wp","href":"https:\/\/api.w.org\/{rel}","templated":true}]}}