{"id":23161,"date":"2024-06-10T11:03:34","date_gmt":"2024-06-10T11:03:34","guid":{"rendered":"https:\/\/lightsteelblue-zebra-299715.hostingersite.com\/?post_type=product&#038;p=23161"},"modified":"2024-06-10T11:03:34","modified_gmt":"2024-06-10T11:03:34","slug":"fitmin-dog-for-life-adult-12-kg","status":"publish","type":"product","link":"https:\/\/zoo-land.az\/ru\/shop\/dog\/dog-food\/fitmin-dog-for-life-adult-12-kg\/","title":{"rendered":"Fitmin Dog For Life \u0412\u0437\u0440\u043e\u0441\u043b\u044b\u0439 12 \u043a\u0433"},"content":{"rendered":"<p><strong>Fitmin For Life Adult Dog Food<\/strong><\/p>\n<p>Fitmin For Life Adult represents a traditional, complete premium-quality food for adult dogs of all breeds with normal activity levels. It satisfies both taste and balanced nutrition throughout your dog&#8217;s full and healthy life. Additionally, you&#8217;ll be pleased that you can provide your dog with great taste and quality at a reasonable price.<\/p>\n<p>To preserve nutrients at a high quality and ensure delicious taste, the bag of kibble contains fresh boneless meat.<\/p>\n<p>Adult is part of the Fitmin For Life range, designed to meet the needs of dogs according to their life stages and sizes. Thanks to the consistent ingredient content, you can switch between different types of food without the need for a gradual transition or mixing of foods. You can choose from variants for puppies, juniors of large breeds, adult dogs of all breeds, large and giant breed adults, seniors, small breeds, and overweight dogs. This range also includes food for dogs with sensitive digestion, based on rice with lamb, beef, or duck.<\/p>\n<p><strong>\u0418\u043d\u0433\u0440\u0435\u0434\u0438\u0435\u043d\u0442\u044b<\/strong> Meat (dried poultry meat 21%, fresh meat \/poultry, pork, beef\/ &#8211; 20%, hydrolyzed pork liver 3%), wheat, wheat flour, wheat bran, rice, poultry fat, dried beet pulp, brewer&#8217;s yeast, salmon oil 1%, minerals, dried apple pomace 0.5%, wheat germ, natural fiber, chicory root 0.01%, yucca 0.005%.<\/p>","protected":false},"excerpt":{"rendered":"<p><strong>Fitmin For Life Adult Dog Food<\/strong><\/p>\n<p>Fitmin For Life Adult represents a traditional, complete premium-quality food for adult dogs of all breeds with normal activity levels. It satisfies both taste and balanced nutrition throughout your dog&#8217;s full and healthy life. Additionally, you&#8217;ll be pleased that you can provide your dog with great taste and quality at a reasonable price.<\/p>","protected":false},"featured_media":23163,"template":"","meta":{"inline_featured_image":false,"_joinchat":[]},"product_cat":[132,107],"product_tag":[],"class_list":{"0":"post-23161","1":"product","2":"type-product","3":"status-publish","4":"has-post-thumbnail","6":"product_brand-fitmin","7":"product_cat-dog-food","8":"product_cat-dog","10":"first","11":"instock","12":"shipping-taxable","13":"purchasable","14":"product-type-simple"},"yoast_head":"<!-- This site is optimized with the Yoast SEO plugin v27.4 - https:\/\/yoast.com\/product\/yoast-seo-wordpress\/ -->\n<title>Fitmin Dog For Life Adult 12 kg - Zooland.az<\/title>\n<meta name=\"robots\" content=\"index, follow, max-snippet:-1, max-image-preview:large, max-video-preview:-1\" \/>\n<link rel=\"canonical\" href=\"https:\/\/zoo-land.az\/ru\/shop\/dog\/dog-food\/fitmin-dog-for-life-adult-12-kg\/\" \/>\n<meta property=\"og:locale\" content=\"ru_RU\" \/>\n<meta property=\"og:type\" content=\"article\" \/>\n<meta property=\"og:title\" content=\"Fitmin Dog For Life Adult 12 kg - Zooland.az\" \/>\n<meta property=\"og:description\" content=\"Fitmin For Life Adult Dog Food  Fitmin For Life Adult represents a traditional, complete premium-quality food for adult dogs of all breeds with normal activity levels. It satisfies both taste and balanced nutrition throughout your dog&#039;s full and healthy life. Additionally, you&#039;ll be pleased that you can provide your dog with great taste and quality at a reasonable price.\" \/>\n<meta property=\"og:url\" content=\"https:\/\/zoo-land.az\/ru\/shop\/dog\/dog-food\/fitmin-dog-for-life-adult-12-kg\/\" \/>\n<meta property=\"og:site_name\" content=\"Zooland.az\" \/>\n<meta property=\"og:image\" content=\"https:\/\/zoo-land.az\/wp-content\/uploads\/2024\/06\/95833483.webp\" \/>\n\t<meta property=\"og:image:width\" content=\"1108\" \/>\n\t<meta property=\"og:image:height\" content=\"2000\" \/>\n\t<meta property=\"og:image:type\" content=\"image\/webp\" \/>\n<meta name=\"twitter:card\" content=\"summary_large_image\" \/>\n<meta name=\"twitter:label1\" content=\"\u041f\u0440\u0438\u043c\u0435\u0440\u043d\u043e\u0435 \u0432\u0440\u0435\u043c\u044f \u0434\u043b\u044f \u0447\u0442\u0435\u043d\u0438\u044f\" \/>\n\t<meta name=\"twitter:data1\" content=\"1 \u043c\u0438\u043d\u0443\u0442\u0430\" \/>\n<script type=\"application\/ld+json\" class=\"yoast-schema-graph\">{\"@context\":\"https:\\\/\\\/schema.org\",\"@graph\":[{\"@type\":\"WebPage\",\"@id\":\"https:\\\/\\\/zoo-land.az\\\/shop\\\/dog\\\/dog-food\\\/fitmin-dog-for-life-adult-12-kg\\\/\",\"url\":\"https:\\\/\\\/zoo-land.az\\\/shop\\\/dog\\\/dog-food\\\/fitmin-dog-for-life-adult-12-kg\\\/\",\"name\":\"Fitmin Dog For Life Adult 12 kg - Zooland.az\",\"isPartOf\":{\"@id\":\"https:\\\/\\\/zoo-land.az\\\/#website\"},\"primaryImageOfPage\":{\"@id\":\"https:\\\/\\\/zoo-land.az\\\/shop\\\/dog\\\/dog-food\\\/fitmin-dog-for-life-adult-12-kg\\\/#primaryimage\"},\"image\":{\"@id\":\"https:\\\/\\\/zoo-land.az\\\/shop\\\/dog\\\/dog-food\\\/fitmin-dog-for-life-adult-12-kg\\\/#primaryimage\"},\"thumbnailUrl\":\"https:\\\/\\\/zoo-land.az\\\/wp-content\\\/uploads\\\/2024\\\/06\\\/95833483.webp\",\"datePublished\":\"2024-06-10T11:03:34+00:00\",\"breadcrumb\":{\"@id\":\"https:\\\/\\\/zoo-land.az\\\/shop\\\/dog\\\/dog-food\\\/fitmin-dog-for-life-adult-12-kg\\\/#breadcrumb\"},\"inLanguage\":\"ru-RU\",\"potentialAction\":[{\"@type\":\"ReadAction\",\"target\":[\"https:\\\/\\\/zoo-land.az\\\/shop\\\/dog\\\/dog-food\\\/fitmin-dog-for-life-adult-12-kg\\\/\"]}]},{\"@type\":\"ImageObject\",\"inLanguage\":\"ru-RU\",\"@id\":\"https:\\\/\\\/zoo-land.az\\\/shop\\\/dog\\\/dog-food\\\/fitmin-dog-for-life-adult-12-kg\\\/#primaryimage\",\"url\":\"https:\\\/\\\/zoo-land.az\\\/wp-content\\\/uploads\\\/2024\\\/06\\\/95833483.webp\",\"contentUrl\":\"https:\\\/\\\/zoo-land.az\\\/wp-content\\\/uploads\\\/2024\\\/06\\\/95833483.webp\",\"width\":1108,\"height\":2000},{\"@type\":\"BreadcrumbList\",\"@id\":\"https:\\\/\\\/zoo-land.az\\\/shop\\\/dog\\\/dog-food\\\/fitmin-dog-for-life-adult-12-kg\\\/#breadcrumb\",\"itemListElement\":[{\"@type\":\"ListItem\",\"position\":1,\"name\":\"Home\",\"item\":\"https:\\\/\\\/zoo-land.az\\\/ru\\\/\"},{\"@type\":\"ListItem\",\"position\":2,\"name\":\"Shop\",\"item\":\"https:\\\/\\\/zoo-land.az\\\/ru\\\/\"},{\"@type\":\"ListItem\",\"position\":3,\"name\":\"Fitmin Dog For Life Adult 12 kg\"}]},{\"@type\":\"WebSite\",\"@id\":\"https:\\\/\\\/zoo-land.az\\\/#website\",\"url\":\"https:\\\/\\\/zoo-land.az\\\/\",\"name\":\"Zooland.az\",\"description\":\"Xo\u015fb\u0259xt ev heyvanlar\u0131n\u0131n \u00fcnvan\u0131 Zooland.az\",\"publisher\":{\"@id\":\"https:\\\/\\\/zoo-land.az\\\/#organization\"},\"potentialAction\":[{\"@type\":\"SearchAction\",\"target\":{\"@type\":\"EntryPoint\",\"urlTemplate\":\"https:\\\/\\\/zoo-land.az\\\/?s={search_term_string}\"},\"query-input\":{\"@type\":\"PropertyValueSpecification\",\"valueRequired\":true,\"valueName\":\"search_term_string\"}}],\"inLanguage\":\"ru-RU\"},{\"@type\":\"Organization\",\"@id\":\"https:\\\/\\\/zoo-land.az\\\/#organization\",\"name\":\"Zooland.az\",\"url\":\"https:\\\/\\\/zoo-land.az\\\/\",\"logo\":{\"@type\":\"ImageObject\",\"inLanguage\":\"ru-RU\",\"@id\":\"https:\\\/\\\/zoo-land.az\\\/#\\\/schema\\\/logo\\\/image\\\/\",\"url\":\"https:\\\/\\\/zoo-land.az\\\/wp-content\\\/uploads\\\/2022\\\/05\\\/logo.svg\",\"contentUrl\":\"https:\\\/\\\/zoo-land.az\\\/wp-content\\\/uploads\\\/2022\\\/05\\\/logo.svg\",\"width\":113,\"height\":46,\"caption\":\"Zooland.az\"},\"image\":{\"@id\":\"https:\\\/\\\/zoo-land.az\\\/#\\\/schema\\\/logo\\\/image\\\/\"}}]}<\/script>\n<!-- \/ Yoast SEO plugin. -->","yoast_head_json":{"title":"Fitmin Dog For Life Adult 12 kg - Zooland.az","robots":{"index":"index","follow":"follow","max-snippet":"max-snippet:-1","max-image-preview":"max-image-preview:large","max-video-preview":"max-video-preview:-1"},"canonical":"https:\/\/zoo-land.az\/ru\/shop\/dog\/dog-food\/fitmin-dog-for-life-adult-12-kg\/","og_locale":"ru_RU","og_type":"article","og_title":"Fitmin Dog For Life Adult 12 kg - Zooland.az","og_description":"Fitmin For Life Adult Dog Food  Fitmin For Life Adult represents a traditional, complete premium-quality food for adult dogs of all breeds with normal activity levels. It satisfies both taste and balanced nutrition throughout your dog's full and healthy life. Additionally, you'll be pleased that you can provide your dog with great taste and quality at a reasonable price.","og_url":"https:\/\/zoo-land.az\/ru\/shop\/dog\/dog-food\/fitmin-dog-for-life-adult-12-kg\/","og_site_name":"Zooland.az","og_image":[{"width":1108,"height":2000,"url":"https:\/\/zoo-land.az\/wp-content\/uploads\/2024\/06\/95833483.webp","type":"image\/webp"}],"twitter_card":"summary_large_image","twitter_misc":{"\u041f\u0440\u0438\u043c\u0435\u0440\u043d\u043e\u0435 \u0432\u0440\u0435\u043c\u044f \u0434\u043b\u044f \u0447\u0442\u0435\u043d\u0438\u044f":"1 \u043c\u0438\u043d\u0443\u0442\u0430"},"schema":{"@context":"https:\/\/schema.org","@graph":[{"@type":"WebPage","@id":"https:\/\/zoo-land.az\/shop\/dog\/dog-food\/fitmin-dog-for-life-adult-12-kg\/","url":"https:\/\/zoo-land.az\/shop\/dog\/dog-food\/fitmin-dog-for-life-adult-12-kg\/","name":"Fitmin Dog For Life Adult 12 kg - Zooland.az","isPartOf":{"@id":"https:\/\/zoo-land.az\/#website"},"primaryImageOfPage":{"@id":"https:\/\/zoo-land.az\/shop\/dog\/dog-food\/fitmin-dog-for-life-adult-12-kg\/#primaryimage"},"image":{"@id":"https:\/\/zoo-land.az\/shop\/dog\/dog-food\/fitmin-dog-for-life-adult-12-kg\/#primaryimage"},"thumbnailUrl":"https:\/\/zoo-land.az\/wp-content\/uploads\/2024\/06\/95833483.webp","datePublished":"2024-06-10T11:03:34+00:00","breadcrumb":{"@id":"https:\/\/zoo-land.az\/shop\/dog\/dog-food\/fitmin-dog-for-life-adult-12-kg\/#breadcrumb"},"inLanguage":"ru-RU","potentialAction":[{"@type":"ReadAction","target":["https:\/\/zoo-land.az\/shop\/dog\/dog-food\/fitmin-dog-for-life-adult-12-kg\/"]}]},{"@type":"ImageObject","inLanguage":"ru-RU","@id":"https:\/\/zoo-land.az\/shop\/dog\/dog-food\/fitmin-dog-for-life-adult-12-kg\/#primaryimage","url":"https:\/\/zoo-land.az\/wp-content\/uploads\/2024\/06\/95833483.webp","contentUrl":"https:\/\/zoo-land.az\/wp-content\/uploads\/2024\/06\/95833483.webp","width":1108,"height":2000},{"@type":"BreadcrumbList","@id":"https:\/\/zoo-land.az\/shop\/dog\/dog-food\/fitmin-dog-for-life-adult-12-kg\/#breadcrumb","itemListElement":[{"@type":"ListItem","position":1,"name":"Home","item":"https:\/\/zoo-land.az\/ru\/"},{"@type":"ListItem","position":2,"name":"Shop","item":"https:\/\/zoo-land.az\/ru\/"},{"@type":"ListItem","position":3,"name":"Fitmin Dog For Life Adult 12 kg"}]},{"@type":"WebSite","@id":"https:\/\/zoo-land.az\/#website","url":"https:\/\/zoo-land.az\/","name":"Zooland.az","description":"Xo\u015fb\u0259xt ev heyvanlar\u0131n\u0131n \u00fcnvan\u0131 Zooland.az","publisher":{"@id":"https:\/\/zoo-land.az\/#organization"},"potentialAction":[{"@type":"SearchAction","target":{"@type":"EntryPoint","urlTemplate":"https:\/\/zoo-land.az\/?s={search_term_string}"},"query-input":{"@type":"PropertyValueSpecification","valueRequired":true,"valueName":"search_term_string"}}],"inLanguage":"ru-RU"},{"@type":"Organization","@id":"https:\/\/zoo-land.az\/#organization","name":"Zooland.az","url":"https:\/\/zoo-land.az\/","logo":{"@type":"ImageObject","inLanguage":"ru-RU","@id":"https:\/\/zoo-land.az\/#\/schema\/logo\/image\/","url":"https:\/\/zoo-land.az\/wp-content\/uploads\/2022\/05\/logo.svg","contentUrl":"https:\/\/zoo-land.az\/wp-content\/uploads\/2022\/05\/logo.svg","width":113,"height":46,"caption":"Zooland.az"},"image":{"@id":"https:\/\/zoo-land.az\/#\/schema\/logo\/image\/"}}]}},"_links":{"self":[{"href":"https:\/\/zoo-land.az\/ru\/wp-json\/wp\/v2\/product\/23161","targetHints":{"allow":["GET"]}}],"collection":[{"href":"https:\/\/zoo-land.az\/ru\/wp-json\/wp\/v2\/product"}],"about":[{"href":"https:\/\/zoo-land.az\/ru\/wp-json\/wp\/v2\/types\/product"}],"wp:featuredmedia":[{"embeddable":true,"href":"https:\/\/zoo-land.az\/ru\/wp-json\/wp\/v2\/media\/23163"}],"wp:attachment":[{"href":"https:\/\/zoo-land.az\/ru\/wp-json\/wp\/v2\/media?parent=23161"}],"wp:term":[{"taxonomy":"product_cat","embeddable":true,"href":"https:\/\/zoo-land.az\/ru\/wp-json\/wp\/v2\/product_cat?post=23161"},{"taxonomy":"product_tag","embeddable":true,"href":"https:\/\/zoo-land.az\/ru\/wp-json\/wp\/v2\/product_tag?post=23161"}],"curies":[{"name":"wp","href":"https:\/\/api.w.org\/{rel}","templated":true}]}}