{"id":23190,"date":"2024-06-10T12:25:23","date_gmt":"2024-06-10T12:25:23","guid":{"rendered":"https:\/\/lightsteelblue-zebra-299715.hostingersite.com\/?post_type=product&#038;p=23190"},"modified":"2024-06-10T12:25:23","modified_gmt":"2024-06-10T12:25:23","slug":"nunbell-diapers-xs-pack-of-10","status":"publish","type":"product","link":"https:\/\/zoo-land.az\/ru\/shop\/dog\/dog-hygenic\/dog-pampers\/nunbell-diapers-xs-pack-of-10\/","title":{"rendered":"\u041f\u043e\u0434\u0433\u0443\u0437\u043d\u0438\u043a\u0438 Nunbell XS, 10 \u0448\u0442."},"content":{"rendered":"<p>Dog diapers in the form of shorts, suitable for puppies not yet trained, sick dogs, during the heat cycle, and for dogs unable to go outside, also suitable for use during travel. The waist width of the dog urine pad is adjustable. It has high absorption power, instantly absorbs odor and liquid. There is a space for the tail. The elastic band at the waist ensures a snug fit around the legs and prevents slipping. There are large adhesive bands on both sides. It resembles baby diapers in features.<\/p>","protected":false},"excerpt":{"rendered":"<p>Dog diapers in the form of shorts, suitable for puppies not yet trained, sick dogs, during the heat cycle, and for dogs unable to go outside, also suitable for use during travel. The waist width of the dog urine pad is adjustable. It has high absorption power, instantly absorbs odor and liquid. There is a space for the tail. The elastic band at the waist ensures a snug fit around the legs and prevents slipping. There are large adhesive bands on both sides. It resembles baby diapers in features.<\/p>","protected":false},"featured_media":23191,"template":"","meta":{"inline_featured_image":false,"_joinchat":[]},"product_cat":[173,107],"product_tag":[],"class_list":{"0":"post-23190","1":"product","2":"type-product","3":"status-publish","4":"has-post-thumbnail","6":"product_brand-nunbell","7":"product_cat-dog-pampers","8":"product_cat-dog","10":"first","11":"instock","12":"shipping-taxable","13":"purchasable","14":"product-type-simple"},"yoast_head":"<!-- This site is optimized with the Yoast SEO plugin v26.7 - https:\/\/yoast.com\/wordpress\/plugins\/seo\/ -->\n<title>Nunbell Diapers XS, pack of 10 - Zooland.az<\/title>\n<meta name=\"robots\" content=\"index, follow, max-snippet:-1, max-image-preview:large, max-video-preview:-1\" \/>\n<link rel=\"canonical\" href=\"https:\/\/zoo-land.az\/ru\/shop\/dog\/dog-hygenic\/dog-pampers\/nunbell-diapers-xs-pack-of-10\/\" \/>\n<meta property=\"og:locale\" content=\"ru_RU\" \/>\n<meta property=\"og:type\" content=\"article\" \/>\n<meta property=\"og:title\" content=\"Nunbell Diapers XS, pack of 10 - Zooland.az\" \/>\n<meta property=\"og:description\" content=\"Dog diapers in the form of shorts, suitable for puppies not yet trained, sick dogs, during the heat cycle, and for dogs unable to go outside, also suitable for use during travel. The waist width of the dog urine pad is adjustable. It has high absorption power, instantly absorbs odor and liquid. There is a space for the tail. The elastic band at the waist ensures a snug fit around the legs and prevents slipping. There are large adhesive bands on both sides. It resembles baby diapers in features.\" \/>\n<meta property=\"og:url\" content=\"https:\/\/zoo-land.az\/ru\/shop\/dog\/dog-hygenic\/dog-pampers\/nunbell-diapers-xs-pack-of-10\/\" \/>\n<meta property=\"og:site_name\" content=\"Zooland.az\" \/>\n<meta property=\"og:image\" content=\"https:\/\/zoo-land.az\/wp-content\/uploads\/2024\/06\/439732-4cbfbac7ab47a89f77881ce345fe031a.jpg\" \/>\n\t<meta property=\"og:image:width\" content=\"1680\" \/>\n\t<meta property=\"og:image:height\" content=\"1680\" \/>\n\t<meta property=\"og:image:type\" content=\"image\/jpeg\" \/>\n<meta name=\"twitter:card\" content=\"summary_large_image\" \/>\n<script type=\"application\/ld+json\" class=\"yoast-schema-graph\">{\"@context\":\"https:\/\/schema.org\",\"@graph\":[{\"@type\":\"WebPage\",\"@id\":\"https:\/\/zoo-land.az\/az\/shop\/dog\/dog-hygenic\/dog-pampers\/nunbell-diapers-xs-pack-of-10\/\",\"url\":\"https:\/\/zoo-land.az\/az\/shop\/dog\/dog-hygenic\/dog-pampers\/nunbell-diapers-xs-pack-of-10\/\",\"name\":\"Nunbell Diapers XS, pack of 10 - Zooland.az\",\"isPartOf\":{\"@id\":\"https:\/\/zoo-land.az\/#website\"},\"primaryImageOfPage\":{\"@id\":\"https:\/\/zoo-land.az\/az\/shop\/dog\/dog-hygenic\/dog-pampers\/nunbell-diapers-xs-pack-of-10\/#primaryimage\"},\"image\":{\"@id\":\"https:\/\/zoo-land.az\/az\/shop\/dog\/dog-hygenic\/dog-pampers\/nunbell-diapers-xs-pack-of-10\/#primaryimage\"},\"thumbnailUrl\":\"https:\/\/zoo-land.az\/wp-content\/uploads\/2024\/06\/439732-4cbfbac7ab47a89f77881ce345fe031a.jpg\",\"datePublished\":\"2024-06-10T12:25:23+00:00\",\"breadcrumb\":{\"@id\":\"https:\/\/zoo-land.az\/az\/shop\/dog\/dog-hygenic\/dog-pampers\/nunbell-diapers-xs-pack-of-10\/#breadcrumb\"},\"inLanguage\":\"ru-RU\",\"potentialAction\":[{\"@type\":\"ReadAction\",\"target\":[\"https:\/\/zoo-land.az\/az\/shop\/dog\/dog-hygenic\/dog-pampers\/nunbell-diapers-xs-pack-of-10\/\"]}]},{\"@type\":\"ImageObject\",\"inLanguage\":\"ru-RU\",\"@id\":\"https:\/\/zoo-land.az\/az\/shop\/dog\/dog-hygenic\/dog-pampers\/nunbell-diapers-xs-pack-of-10\/#primaryimage\",\"url\":\"https:\/\/zoo-land.az\/wp-content\/uploads\/2024\/06\/439732-4cbfbac7ab47a89f77881ce345fe031a.jpg\",\"contentUrl\":\"https:\/\/zoo-land.az\/wp-content\/uploads\/2024\/06\/439732-4cbfbac7ab47a89f77881ce345fe031a.jpg\",\"width\":1680,\"height\":1680},{\"@type\":\"BreadcrumbList\",\"@id\":\"https:\/\/zoo-land.az\/az\/shop\/dog\/dog-hygenic\/dog-pampers\/nunbell-diapers-xs-pack-of-10\/#breadcrumb\",\"itemListElement\":[{\"@type\":\"ListItem\",\"position\":1,\"name\":\"Home\",\"item\":\"https:\/\/zoo-land.az\/ru\/\"},{\"@type\":\"ListItem\",\"position\":2,\"name\":\"Shop\",\"item\":\"https:\/\/zoo-land.az\/ru\/\"},{\"@type\":\"ListItem\",\"position\":3,\"name\":\"Nunbell Diapers XS, pack of 10\"}]},{\"@type\":\"WebSite\",\"@id\":\"https:\/\/zoo-land.az\/#website\",\"url\":\"https:\/\/zoo-land.az\/\",\"name\":\"Zooland.az\",\"description\":\"Xo\u015fb\u0259xt ev heyvanlar\u0131n\u0131n \u00fcnvan\u0131 Zooland.az\",\"publisher\":{\"@id\":\"https:\/\/zoo-land.az\/#organization\"},\"potentialAction\":[{\"@type\":\"SearchAction\",\"target\":{\"@type\":\"EntryPoint\",\"urlTemplate\":\"https:\/\/zoo-land.az\/?s={search_term_string}\"},\"query-input\":{\"@type\":\"PropertyValueSpecification\",\"valueRequired\":true,\"valueName\":\"search_term_string\"}}],\"inLanguage\":\"ru-RU\"},{\"@type\":\"Organization\",\"@id\":\"https:\/\/zoo-land.az\/#organization\",\"name\":\"Zooland.az\",\"url\":\"https:\/\/zoo-land.az\/\",\"logo\":{\"@type\":\"ImageObject\",\"inLanguage\":\"ru-RU\",\"@id\":\"https:\/\/zoo-land.az\/#\/schema\/logo\/image\/\",\"url\":\"https:\/\/zoo-land.az\/wp-content\/uploads\/2022\/05\/logo.svg\",\"contentUrl\":\"https:\/\/zoo-land.az\/wp-content\/uploads\/2022\/05\/logo.svg\",\"width\":113,\"height\":46,\"caption\":\"Zooland.az\"},\"image\":{\"@id\":\"https:\/\/zoo-land.az\/#\/schema\/logo\/image\/\"}}]}<\/script>\n<!-- \/ Yoast SEO plugin. -->","yoast_head_json":{"title":"Nunbell Diapers XS, pack of 10 - Zooland.az","robots":{"index":"index","follow":"follow","max-snippet":"max-snippet:-1","max-image-preview":"max-image-preview:large","max-video-preview":"max-video-preview:-1"},"canonical":"https:\/\/zoo-land.az\/ru\/shop\/dog\/dog-hygenic\/dog-pampers\/nunbell-diapers-xs-pack-of-10\/","og_locale":"ru_RU","og_type":"article","og_title":"Nunbell Diapers XS, pack of 10 - Zooland.az","og_description":"Dog diapers in the form of shorts, suitable for puppies not yet trained, sick dogs, during the heat cycle, and for dogs unable to go outside, also suitable for use during travel. The waist width of the dog urine pad is adjustable. It has high absorption power, instantly absorbs odor and liquid. There is a space for the tail. The elastic band at the waist ensures a snug fit around the legs and prevents slipping. There are large adhesive bands on both sides. It resembles baby diapers in features.","og_url":"https:\/\/zoo-land.az\/ru\/shop\/dog\/dog-hygenic\/dog-pampers\/nunbell-diapers-xs-pack-of-10\/","og_site_name":"Zooland.az","og_image":[{"width":1680,"height":1680,"url":"https:\/\/zoo-land.az\/wp-content\/uploads\/2024\/06\/439732-4cbfbac7ab47a89f77881ce345fe031a.jpg","type":"image\/jpeg"}],"twitter_card":"summary_large_image","schema":{"@context":"https:\/\/schema.org","@graph":[{"@type":"WebPage","@id":"https:\/\/zoo-land.az\/az\/shop\/dog\/dog-hygenic\/dog-pampers\/nunbell-diapers-xs-pack-of-10\/","url":"https:\/\/zoo-land.az\/az\/shop\/dog\/dog-hygenic\/dog-pampers\/nunbell-diapers-xs-pack-of-10\/","name":"Nunbell Diapers XS, pack of 10 - Zooland.az","isPartOf":{"@id":"https:\/\/zoo-land.az\/#website"},"primaryImageOfPage":{"@id":"https:\/\/zoo-land.az\/az\/shop\/dog\/dog-hygenic\/dog-pampers\/nunbell-diapers-xs-pack-of-10\/#primaryimage"},"image":{"@id":"https:\/\/zoo-land.az\/az\/shop\/dog\/dog-hygenic\/dog-pampers\/nunbell-diapers-xs-pack-of-10\/#primaryimage"},"thumbnailUrl":"https:\/\/zoo-land.az\/wp-content\/uploads\/2024\/06\/439732-4cbfbac7ab47a89f77881ce345fe031a.jpg","datePublished":"2024-06-10T12:25:23+00:00","breadcrumb":{"@id":"https:\/\/zoo-land.az\/az\/shop\/dog\/dog-hygenic\/dog-pampers\/nunbell-diapers-xs-pack-of-10\/#breadcrumb"},"inLanguage":"ru-RU","potentialAction":[{"@type":"ReadAction","target":["https:\/\/zoo-land.az\/az\/shop\/dog\/dog-hygenic\/dog-pampers\/nunbell-diapers-xs-pack-of-10\/"]}]},{"@type":"ImageObject","inLanguage":"ru-RU","@id":"https:\/\/zoo-land.az\/az\/shop\/dog\/dog-hygenic\/dog-pampers\/nunbell-diapers-xs-pack-of-10\/#primaryimage","url":"https:\/\/zoo-land.az\/wp-content\/uploads\/2024\/06\/439732-4cbfbac7ab47a89f77881ce345fe031a.jpg","contentUrl":"https:\/\/zoo-land.az\/wp-content\/uploads\/2024\/06\/439732-4cbfbac7ab47a89f77881ce345fe031a.jpg","width":1680,"height":1680},{"@type":"BreadcrumbList","@id":"https:\/\/zoo-land.az\/az\/shop\/dog\/dog-hygenic\/dog-pampers\/nunbell-diapers-xs-pack-of-10\/#breadcrumb","itemListElement":[{"@type":"ListItem","position":1,"name":"Home","item":"https:\/\/zoo-land.az\/ru\/"},{"@type":"ListItem","position":2,"name":"Shop","item":"https:\/\/zoo-land.az\/ru\/"},{"@type":"ListItem","position":3,"name":"Nunbell Diapers XS, pack of 10"}]},{"@type":"WebSite","@id":"https:\/\/zoo-land.az\/#website","url":"https:\/\/zoo-land.az\/","name":"Zooland.az","description":"Xo\u015fb\u0259xt ev heyvanlar\u0131n\u0131n \u00fcnvan\u0131 Zooland.az","publisher":{"@id":"https:\/\/zoo-land.az\/#organization"},"potentialAction":[{"@type":"SearchAction","target":{"@type":"EntryPoint","urlTemplate":"https:\/\/zoo-land.az\/?s={search_term_string}"},"query-input":{"@type":"PropertyValueSpecification","valueRequired":true,"valueName":"search_term_string"}}],"inLanguage":"ru-RU"},{"@type":"Organization","@id":"https:\/\/zoo-land.az\/#organization","name":"Zooland.az","url":"https:\/\/zoo-land.az\/","logo":{"@type":"ImageObject","inLanguage":"ru-RU","@id":"https:\/\/zoo-land.az\/#\/schema\/logo\/image\/","url":"https:\/\/zoo-land.az\/wp-content\/uploads\/2022\/05\/logo.svg","contentUrl":"https:\/\/zoo-land.az\/wp-content\/uploads\/2022\/05\/logo.svg","width":113,"height":46,"caption":"Zooland.az"},"image":{"@id":"https:\/\/zoo-land.az\/#\/schema\/logo\/image\/"}}]}},"_links":{"self":[{"href":"https:\/\/zoo-land.az\/ru\/wp-json\/wp\/v2\/product\/23190","targetHints":{"allow":["GET"]}}],"collection":[{"href":"https:\/\/zoo-land.az\/ru\/wp-json\/wp\/v2\/product"}],"about":[{"href":"https:\/\/zoo-land.az\/ru\/wp-json\/wp\/v2\/types\/product"}],"wp:featuredmedia":[{"embeddable":true,"href":"https:\/\/zoo-land.az\/ru\/wp-json\/wp\/v2\/media\/23191"}],"wp:attachment":[{"href":"https:\/\/zoo-land.az\/ru\/wp-json\/wp\/v2\/media?parent=23190"}],"wp:term":[{"taxonomy":"product_cat","embeddable":true,"href":"https:\/\/zoo-land.az\/ru\/wp-json\/wp\/v2\/product_cat?post=23190"},{"taxonomy":"product_tag","embeddable":true,"href":"https:\/\/zoo-land.az\/ru\/wp-json\/wp\/v2\/product_tag?post=23190"}],"curies":[{"name":"wp","href":"https:\/\/api.w.org\/{rel}","templated":true}]}}