{"id":23194,"date":"2024-06-10T12:34:39","date_gmt":"2024-06-10T12:34:39","guid":{"rendered":"https:\/\/lightsteelblue-zebra-299715.hostingersite.com\/?post_type=product&#038;p=23194"},"modified":"2024-06-10T12:34:39","modified_gmt":"2024-06-10T12:34:39","slug":"dono-dog-diapers-s-for-dogs-weighing-3-6-kg-pack-of-12","status":"publish","type":"product","link":"https:\/\/zoo-land.az\/ru\/shop\/cat\/cat-hygenic\/cat-pampers-and-categories\/dono-dog-diapers-s-for-dogs-weighing-3-6-kg-pack-of-12\/","title":{"rendered":"\u041f\u043e\u0434\u0433\u0443\u0437\u043d\u0438\u043a\u0438 Dono Dog S, \u0434\u043b\u044f \u0441\u043e\u0431\u0430\u043a \u0432\u0435\u0441\u043e\u043c 3-6 \u043a\u0433, 12 \u0448\u0442. \u0432 \u0443\u043f\u0430\u043a\u043e\u0432\u043a\u0435."},"content":{"rendered":"<p>The pet diapers are designed for female cats, cats, and dogs. They are used for urinary incontinence issues and during the heat cycle of the pet. For males, anatomically shaped diapers are suitable &#8211; disposable belts for males. Before choosing the size, measure the waist circumference of the pet and the required length of the diaper. Since dogs come in different shapes, please do not rely on the weight parameter of the animal. The approximate weight of the pet is 3-6 kg. Size S fits waist sizes from 30 to 45 cm, and the length of the diaper is 37 cm. The inner layer, which is in contact with the pet&#8217;s body, resembles cotton, soft, and comfortable, ensuring the pet&#8217;s skin remains dry. The diaper&#8217;s core is multi-layered, made of fluffy cellulose and super absorbent, allowing the liquid to be instantly absorbed and not leaked back, turning into an impermeable gel. The odor is retained inside the product. The elastic waistband along the waistline stretches on both sides, comfortably fitting the pet&#8217;s body and not hindering its movement. The double row of corrugated side panels reliably prevents leakage and provides greater protection for the animal. The pet product has an adjustable tail hole. You need to tear or cut the existing hole to the required size for your pet. This prevents the pet&#8217;s discharges from leaking past the diaper. The diapers are pink with a mesh ornament.<\/p>","protected":false},"excerpt":{"rendered":"<p>The pet diapers are designed for female cats, cats, and dogs. They are used for urinary incontinence issues and during the heat cycle of the pet. For males, anatomically shaped diapers are suitable &#8211; disposable belts for males. Before choosing the size, measure the waist circumference of the pet and the required length of the diaper. Since dogs come in different shapes, please do not rely on the weight parameter of the animal. The approximate weight of the pet is 3-6 kg. Size S fits waist sizes from 30 to 45 cm, and the length of the diaper is 37 cm. The inner layer, which is in contact with the pet&#8217;s body, resembles cotton, soft, and comfortable, ensuring the pet&#8217;s skin remains dry. The diaper&#8217;s core is multi-layered, made of fluffy cellulose and super absorbent, allowing the liquid to be instantly absorbed and not leaked back, turning into an impermeable gel. The odor is retained inside the product. The elastic waistband along the waistline stretches on both sides, comfortably fitting the pet&#8217;s body and not hindering its movement. The double row of corrugated side panels reliably prevents leakage and provides greater protection for the animal. The pet product has an adjustable tail hole. You need to tear or cut the existing hole to the required size for your pet. This prevents the pet&#8217;s discharges from leaking past the diaper. The diapers are pink with a mesh ornament.<\/p>","protected":false},"featured_media":23195,"template":"","meta":{"inline_featured_image":false,"_joinchat":[]},"product_cat":[173,207,188,107],"product_tag":[],"class_list":{"0":"post-23194","1":"product","2":"type-product","3":"status-publish","4":"has-post-thumbnail","6":"product_brand-dono","7":"product_cat-dog-pampers","8":"product_cat-cat-pampers-and-categories","9":"product_cat-cat","10":"product_cat-dog","12":"first","13":"instock","14":"shipping-taxable","15":"purchasable","16":"product-type-simple"},"yoast_head":"<!-- This site is optimized with the Yoast SEO plugin v26.7 - https:\/\/yoast.com\/wordpress\/plugins\/seo\/ -->\n<title>Dono Dog Diapers S, for dogs weighing 3-6 kg, pack of 12 - Zooland.az<\/title>\n<meta name=\"robots\" content=\"index, follow, max-snippet:-1, max-image-preview:large, max-video-preview:-1\" \/>\n<link rel=\"canonical\" href=\"https:\/\/zoo-land.az\/ru\/shop\/cat\/cat-hygenic\/cat-pampers-and-categories\/dono-dog-diapers-s-for-dogs-weighing-3-6-kg-pack-of-12\/\" \/>\n<meta property=\"og:locale\" content=\"ru_RU\" \/>\n<meta property=\"og:type\" content=\"article\" \/>\n<meta property=\"og:title\" content=\"Dono Dog Diapers S, for dogs weighing 3-6 kg, pack of 12 - Zooland.az\" \/>\n<meta property=\"og:description\" content=\"The pet diapers are designed for female cats, cats, and dogs. They are used for urinary incontinence issues and during the heat cycle of the pet. For males, anatomically shaped diapers are suitable - disposable belts for males. Before choosing the size, measure the waist circumference of the pet and the required length of the diaper. Since dogs come in different shapes, please do not rely on the weight parameter of the animal. The approximate weight of the pet is 3-6 kg. Size S fits waist sizes from 30 to 45 cm, and the length of the diaper is 37 cm. The inner layer, which is in contact with the pet&#039;s body, resembles cotton, soft, and comfortable, ensuring the pet&#039;s skin remains dry. The diaper&#039;s core is multi-layered, made of fluffy cellulose and super absorbent, allowing the liquid to be instantly absorbed and not leaked back, turning into an impermeable gel. The odor is retained inside the product. The elastic waistband along the waistline stretches on both sides, comfortably fitting the pet&#039;s body and not hindering its movement. The double row of corrugated side panels reliably prevents leakage and provides greater protection for the animal. The pet product has an adjustable tail hole. You need to tear or cut the existing hole to the required size for your pet. This prevents the pet&#039;s discharges from leaking past the diaper. The diapers are pink with a mesh ornament.\" \/>\n<meta property=\"og:url\" content=\"https:\/\/zoo-land.az\/ru\/shop\/cat\/cat-hygenic\/cat-pampers-and-categories\/dono-dog-diapers-s-for-dogs-weighing-3-6-kg-pack-of-12\/\" \/>\n<meta property=\"og:site_name\" content=\"Zooland.az\" \/>\n<meta property=\"og:image\" content=\"https:\/\/zoo-land.az\/wp-content\/uploads\/2024\/06\/6189323401.jpg\" \/>\n\t<meta property=\"og:image:width\" content=\"600\" \/>\n\t<meta property=\"og:image:height\" content=\"600\" \/>\n\t<meta property=\"og:image:type\" content=\"image\/jpeg\" \/>\n<meta name=\"twitter:card\" content=\"summary_large_image\" \/>\n<meta name=\"twitter:label1\" content=\"\u041f\u0440\u0438\u043c\u0435\u0440\u043d\u043e\u0435 \u0432\u0440\u0435\u043c\u044f \u0434\u043b\u044f \u0447\u0442\u0435\u043d\u0438\u044f\" \/>\n\t<meta name=\"twitter:data1\" content=\"1 \u043c\u0438\u043d\u0443\u0442\u0430\" \/>\n<script type=\"application\/ld+json\" class=\"yoast-schema-graph\">{\"@context\":\"https:\/\/schema.org\",\"@graph\":[{\"@type\":\"WebPage\",\"@id\":\"https:\/\/zoo-land.az\/shop\/cat\/cat-hygenic\/cat-pampers-and-categories\/dono-dog-diapers-s-for-dogs-weighing-3-6-kg-pack-of-12\/\",\"url\":\"https:\/\/zoo-land.az\/shop\/cat\/cat-hygenic\/cat-pampers-and-categories\/dono-dog-diapers-s-for-dogs-weighing-3-6-kg-pack-of-12\/\",\"name\":\"Dono Dog Diapers S, for dogs weighing 3-6 kg, pack of 12 - Zooland.az\",\"isPartOf\":{\"@id\":\"https:\/\/zoo-land.az\/#website\"},\"primaryImageOfPage\":{\"@id\":\"https:\/\/zoo-land.az\/shop\/cat\/cat-hygenic\/cat-pampers-and-categories\/dono-dog-diapers-s-for-dogs-weighing-3-6-kg-pack-of-12\/#primaryimage\"},\"image\":{\"@id\":\"https:\/\/zoo-land.az\/shop\/cat\/cat-hygenic\/cat-pampers-and-categories\/dono-dog-diapers-s-for-dogs-weighing-3-6-kg-pack-of-12\/#primaryimage\"},\"thumbnailUrl\":\"https:\/\/zoo-land.az\/wp-content\/uploads\/2024\/06\/6189323401.jpg\",\"datePublished\":\"2024-06-10T12:34:39+00:00\",\"breadcrumb\":{\"@id\":\"https:\/\/zoo-land.az\/shop\/cat\/cat-hygenic\/cat-pampers-and-categories\/dono-dog-diapers-s-for-dogs-weighing-3-6-kg-pack-of-12\/#breadcrumb\"},\"inLanguage\":\"ru-RU\",\"potentialAction\":[{\"@type\":\"ReadAction\",\"target\":[\"https:\/\/zoo-land.az\/shop\/cat\/cat-hygenic\/cat-pampers-and-categories\/dono-dog-diapers-s-for-dogs-weighing-3-6-kg-pack-of-12\/\"]}]},{\"@type\":\"ImageObject\",\"inLanguage\":\"ru-RU\",\"@id\":\"https:\/\/zoo-land.az\/shop\/cat\/cat-hygenic\/cat-pampers-and-categories\/dono-dog-diapers-s-for-dogs-weighing-3-6-kg-pack-of-12\/#primaryimage\",\"url\":\"https:\/\/zoo-land.az\/wp-content\/uploads\/2024\/06\/6189323401.jpg\",\"contentUrl\":\"https:\/\/zoo-land.az\/wp-content\/uploads\/2024\/06\/6189323401.jpg\",\"width\":600,\"height\":600},{\"@type\":\"BreadcrumbList\",\"@id\":\"https:\/\/zoo-land.az\/shop\/cat\/cat-hygenic\/cat-pampers-and-categories\/dono-dog-diapers-s-for-dogs-weighing-3-6-kg-pack-of-12\/#breadcrumb\",\"itemListElement\":[{\"@type\":\"ListItem\",\"position\":1,\"name\":\"Home\",\"item\":\"https:\/\/zoo-land.az\/ru\/\"},{\"@type\":\"ListItem\",\"position\":2,\"name\":\"Shop\",\"item\":\"https:\/\/zoo-land.az\/ru\/\"},{\"@type\":\"ListItem\",\"position\":3,\"name\":\"Dono Dog Diapers S, for dogs weighing 3-6 kg, pack of 12\"}]},{\"@type\":\"WebSite\",\"@id\":\"https:\/\/zoo-land.az\/#website\",\"url\":\"https:\/\/zoo-land.az\/\",\"name\":\"Zooland.az\",\"description\":\"Xo\u015fb\u0259xt ev heyvanlar\u0131n\u0131n \u00fcnvan\u0131 Zooland.az\",\"publisher\":{\"@id\":\"https:\/\/zoo-land.az\/#organization\"},\"potentialAction\":[{\"@type\":\"SearchAction\",\"target\":{\"@type\":\"EntryPoint\",\"urlTemplate\":\"https:\/\/zoo-land.az\/?s={search_term_string}\"},\"query-input\":{\"@type\":\"PropertyValueSpecification\",\"valueRequired\":true,\"valueName\":\"search_term_string\"}}],\"inLanguage\":\"ru-RU\"},{\"@type\":\"Organization\",\"@id\":\"https:\/\/zoo-land.az\/#organization\",\"name\":\"Zooland.az\",\"url\":\"https:\/\/zoo-land.az\/\",\"logo\":{\"@type\":\"ImageObject\",\"inLanguage\":\"ru-RU\",\"@id\":\"https:\/\/zoo-land.az\/#\/schema\/logo\/image\/\",\"url\":\"https:\/\/zoo-land.az\/wp-content\/uploads\/2022\/05\/logo.svg\",\"contentUrl\":\"https:\/\/zoo-land.az\/wp-content\/uploads\/2022\/05\/logo.svg\",\"width\":113,\"height\":46,\"caption\":\"Zooland.az\"},\"image\":{\"@id\":\"https:\/\/zoo-land.az\/#\/schema\/logo\/image\/\"}}]}<\/script>\n<!-- \/ Yoast SEO plugin. -->","yoast_head_json":{"title":"Dono Dog Diapers S, for dogs weighing 3-6 kg, pack of 12 - Zooland.az","robots":{"index":"index","follow":"follow","max-snippet":"max-snippet:-1","max-image-preview":"max-image-preview:large","max-video-preview":"max-video-preview:-1"},"canonical":"https:\/\/zoo-land.az\/ru\/shop\/cat\/cat-hygenic\/cat-pampers-and-categories\/dono-dog-diapers-s-for-dogs-weighing-3-6-kg-pack-of-12\/","og_locale":"ru_RU","og_type":"article","og_title":"Dono Dog Diapers S, for dogs weighing 3-6 kg, pack of 12 - Zooland.az","og_description":"The pet diapers are designed for female cats, cats, and dogs. They are used for urinary incontinence issues and during the heat cycle of the pet. For males, anatomically shaped diapers are suitable - disposable belts for males. Before choosing the size, measure the waist circumference of the pet and the required length of the diaper. Since dogs come in different shapes, please do not rely on the weight parameter of the animal. The approximate weight of the pet is 3-6 kg. Size S fits waist sizes from 30 to 45 cm, and the length of the diaper is 37 cm. The inner layer, which is in contact with the pet's body, resembles cotton, soft, and comfortable, ensuring the pet's skin remains dry. The diaper's core is multi-layered, made of fluffy cellulose and super absorbent, allowing the liquid to be instantly absorbed and not leaked back, turning into an impermeable gel. The odor is retained inside the product. The elastic waistband along the waistline stretches on both sides, comfortably fitting the pet's body and not hindering its movement. The double row of corrugated side panels reliably prevents leakage and provides greater protection for the animal. The pet product has an adjustable tail hole. You need to tear or cut the existing hole to the required size for your pet. This prevents the pet's discharges from leaking past the diaper. The diapers are pink with a mesh ornament.","og_url":"https:\/\/zoo-land.az\/ru\/shop\/cat\/cat-hygenic\/cat-pampers-and-categories\/dono-dog-diapers-s-for-dogs-weighing-3-6-kg-pack-of-12\/","og_site_name":"Zooland.az","og_image":[{"width":600,"height":600,"url":"https:\/\/zoo-land.az\/wp-content\/uploads\/2024\/06\/6189323401.jpg","type":"image\/jpeg"}],"twitter_card":"summary_large_image","twitter_misc":{"\u041f\u0440\u0438\u043c\u0435\u0440\u043d\u043e\u0435 \u0432\u0440\u0435\u043c\u044f \u0434\u043b\u044f \u0447\u0442\u0435\u043d\u0438\u044f":"1 \u043c\u0438\u043d\u0443\u0442\u0430"},"schema":{"@context":"https:\/\/schema.org","@graph":[{"@type":"WebPage","@id":"https:\/\/zoo-land.az\/shop\/cat\/cat-hygenic\/cat-pampers-and-categories\/dono-dog-diapers-s-for-dogs-weighing-3-6-kg-pack-of-12\/","url":"https:\/\/zoo-land.az\/shop\/cat\/cat-hygenic\/cat-pampers-and-categories\/dono-dog-diapers-s-for-dogs-weighing-3-6-kg-pack-of-12\/","name":"Dono Dog Diapers S, for dogs weighing 3-6 kg, pack of 12 - Zooland.az","isPartOf":{"@id":"https:\/\/zoo-land.az\/#website"},"primaryImageOfPage":{"@id":"https:\/\/zoo-land.az\/shop\/cat\/cat-hygenic\/cat-pampers-and-categories\/dono-dog-diapers-s-for-dogs-weighing-3-6-kg-pack-of-12\/#primaryimage"},"image":{"@id":"https:\/\/zoo-land.az\/shop\/cat\/cat-hygenic\/cat-pampers-and-categories\/dono-dog-diapers-s-for-dogs-weighing-3-6-kg-pack-of-12\/#primaryimage"},"thumbnailUrl":"https:\/\/zoo-land.az\/wp-content\/uploads\/2024\/06\/6189323401.jpg","datePublished":"2024-06-10T12:34:39+00:00","breadcrumb":{"@id":"https:\/\/zoo-land.az\/shop\/cat\/cat-hygenic\/cat-pampers-and-categories\/dono-dog-diapers-s-for-dogs-weighing-3-6-kg-pack-of-12\/#breadcrumb"},"inLanguage":"ru-RU","potentialAction":[{"@type":"ReadAction","target":["https:\/\/zoo-land.az\/shop\/cat\/cat-hygenic\/cat-pampers-and-categories\/dono-dog-diapers-s-for-dogs-weighing-3-6-kg-pack-of-12\/"]}]},{"@type":"ImageObject","inLanguage":"ru-RU","@id":"https:\/\/zoo-land.az\/shop\/cat\/cat-hygenic\/cat-pampers-and-categories\/dono-dog-diapers-s-for-dogs-weighing-3-6-kg-pack-of-12\/#primaryimage","url":"https:\/\/zoo-land.az\/wp-content\/uploads\/2024\/06\/6189323401.jpg","contentUrl":"https:\/\/zoo-land.az\/wp-content\/uploads\/2024\/06\/6189323401.jpg","width":600,"height":600},{"@type":"BreadcrumbList","@id":"https:\/\/zoo-land.az\/shop\/cat\/cat-hygenic\/cat-pampers-and-categories\/dono-dog-diapers-s-for-dogs-weighing-3-6-kg-pack-of-12\/#breadcrumb","itemListElement":[{"@type":"ListItem","position":1,"name":"Home","item":"https:\/\/zoo-land.az\/ru\/"},{"@type":"ListItem","position":2,"name":"Shop","item":"https:\/\/zoo-land.az\/ru\/"},{"@type":"ListItem","position":3,"name":"Dono Dog Diapers S, for dogs weighing 3-6 kg, pack of 12"}]},{"@type":"WebSite","@id":"https:\/\/zoo-land.az\/#website","url":"https:\/\/zoo-land.az\/","name":"Zooland.az","description":"Xo\u015fb\u0259xt ev heyvanlar\u0131n\u0131n \u00fcnvan\u0131 Zooland.az","publisher":{"@id":"https:\/\/zoo-land.az\/#organization"},"potentialAction":[{"@type":"SearchAction","target":{"@type":"EntryPoint","urlTemplate":"https:\/\/zoo-land.az\/?s={search_term_string}"},"query-input":{"@type":"PropertyValueSpecification","valueRequired":true,"valueName":"search_term_string"}}],"inLanguage":"ru-RU"},{"@type":"Organization","@id":"https:\/\/zoo-land.az\/#organization","name":"Zooland.az","url":"https:\/\/zoo-land.az\/","logo":{"@type":"ImageObject","inLanguage":"ru-RU","@id":"https:\/\/zoo-land.az\/#\/schema\/logo\/image\/","url":"https:\/\/zoo-land.az\/wp-content\/uploads\/2022\/05\/logo.svg","contentUrl":"https:\/\/zoo-land.az\/wp-content\/uploads\/2022\/05\/logo.svg","width":113,"height":46,"caption":"Zooland.az"},"image":{"@id":"https:\/\/zoo-land.az\/#\/schema\/logo\/image\/"}}]}},"_links":{"self":[{"href":"https:\/\/zoo-land.az\/ru\/wp-json\/wp\/v2\/product\/23194","targetHints":{"allow":["GET"]}}],"collection":[{"href":"https:\/\/zoo-land.az\/ru\/wp-json\/wp\/v2\/product"}],"about":[{"href":"https:\/\/zoo-land.az\/ru\/wp-json\/wp\/v2\/types\/product"}],"wp:featuredmedia":[{"embeddable":true,"href":"https:\/\/zoo-land.az\/ru\/wp-json\/wp\/v2\/media\/23195"}],"wp:attachment":[{"href":"https:\/\/zoo-land.az\/ru\/wp-json\/wp\/v2\/media?parent=23194"}],"wp:term":[{"taxonomy":"product_cat","embeddable":true,"href":"https:\/\/zoo-land.az\/ru\/wp-json\/wp\/v2\/product_cat?post=23194"},{"taxonomy":"product_tag","embeddable":true,"href":"https:\/\/zoo-land.az\/ru\/wp-json\/wp\/v2\/product_tag?post=23194"}],"curies":[{"name":"wp","href":"https:\/\/api.w.org\/{rel}","templated":true}]}}