{"id":23198,"date":"2024-06-10T12:52:02","date_gmt":"2024-06-10T12:52:02","guid":{"rendered":"https:\/\/lightsteelblue-zebra-299715.hostingersite.com\/?post_type=product&#038;p=23198"},"modified":"2024-06-10T12:52:03","modified_gmt":"2024-06-10T12:52:03","slug":"the-plastic-biotoilet-grey","status":"publish","type":"product","link":"https:\/\/zoo-land.az\/ru\/shop\/cat\/cat-category-100\/the-plastic-biotoilet-grey\/","title":{"rendered":"\u041f\u043b\u0430\u0441\u0442\u0438\u043a\u043e\u0432\u044b\u0439 \u0431\u0438\u043e\u0442\u0443\u0430\u043b\u0435\u0442 \u0441\u0435\u0440\u044b\u0439"},"content":{"rendered":"<p>\u0422\u0443\u0430\u043b\u0435\u0442 \u043d\u0435\u043e\u0431\u0445\u043e\u0434\u0438\u043c \u0434\u043b\u044f \u0442\u043e\u0433\u043e, \u0447\u0442\u043e\u0431\u044b \u0443 \u0432\u0430\u0448\u0435\u0439 \u043a\u043e\u0448\u043a\u0438 \u0431\u044b\u043b\u043e \u0432\u044b\u0434\u0435\u043b\u0435\u043d\u043d\u043e\u0435 \u043c\u0435\u0441\u0442\u043e \u0432 \u0434\u043e\u043c\u0435, \u0433\u0434\u0435 \u043e\u043d\u0430 \u043c\u043e\u0433\u043b\u0430 \u0431\u044b \u0441\u043f\u0440\u0430\u0432\u0438\u0442\u044c \u043d\u0443\u0436\u0434\u0443, \u043d\u0435 \u0437\u0430\u0433\u0440\u044f\u0437\u043d\u044f\u044f \u043e\u0441\u0442\u0430\u043b\u044c\u043d\u0443\u044e \u0447\u0430\u0441\u0442\u044c \u0434\u043e\u043c\u0430. \u0422\u0443\u0430\u043b\u0435\u0442 \u0441\u043a\u043e\u043d\u0441\u0442\u0440\u0443\u0438\u0440\u043e\u0432\u0430\u043d \u0442\u0430\u043a\u0438\u043c \u043e\u0431\u0440\u0430\u0437\u043e\u043c, \u0447\u0442\u043e\u0431\u044b \u043c\u0443\u0441\u043e\u0440 \u043d\u0435 \u0440\u0430\u0441\u0441\u044b\u043f\u0430\u043b\u0441\u044f, \u0441\u043e\u0445\u0440\u0430\u043d\u044f\u044f \u0447\u0438\u0441\u0442\u043e\u0442\u0443 \u0432 \u0434\u043e\u043c\u0435. \u041f\u043e\u0434\u0445\u043e\u0434\u0438\u0442 \u0434\u043b\u044f \u0432\u0441\u0435\u0445 \u0442\u0438\u043f\u043e\u0432 \u0438 \u043f\u043e\u0440\u043e\u0434 \u043a\u043e\u0448\u0435\u043a, \u0440\u0430\u0437\u043c\u0435\u0440 \u0438 \u0432\u043d\u0435\u0448\u043d\u0438\u0439 \u0432\u0438\u0434 \u0442\u0443\u0430\u043b\u0435\u0442\u0430 \u043e\u0440\u0433\u0430\u043d\u0438\u0447\u043d\u043e \u0432\u043f\u0438\u0448\u0443\u0442\u0441\u044f \u0432 \u043b\u044e\u0431\u043e\u0439 \u0434\u043e\u043c, \u043f\u0440\u0435\u0434\u043e\u0441\u0442\u0430\u0432\u0438\u0432 \u0432\u0430\u0448\u0435\u043c\u0443 \u043f\u0438\u0442\u043e\u043c\u0446\u0443 \u043e\u0434\u043d\u0443 \u0438\u0437 \u0441\u0430\u043c\u044b\u0445 \u0432\u0430\u0436\u043d\u044b\u0445 \u0432\u0435\u0449\u0435\u0439!<\/p>","protected":false},"excerpt":{"rendered":"<p>\u0422\u0443\u0430\u043b\u0435\u0442 \u043d\u0435\u043e\u0431\u0445\u043e\u0434\u0438\u043c \u0434\u043b\u044f \u0442\u043e\u0433\u043e, \u0447\u0442\u043e\u0431\u044b \u0443 \u0432\u0430\u0448\u0435\u0439 \u043a\u043e\u0448\u043a\u0438 \u0431\u044b\u043b\u043e \u0432\u044b\u0434\u0435\u043b\u0435\u043d\u043d\u043e\u0435 \u043c\u0435\u0441\u0442\u043e \u0432 \u0434\u043e\u043c\u0435, \u0433\u0434\u0435 \u043e\u043d\u0430 \u043c\u043e\u0433\u043b\u0430 \u0431\u044b \u0441\u043f\u0440\u0430\u0432\u0438\u0442\u044c \u043d\u0443\u0436\u0434\u0443, \u043d\u0435 \u0437\u0430\u0433\u0440\u044f\u0437\u043d\u044f\u044f \u043e\u0441\u0442\u0430\u043b\u044c\u043d\u0443\u044e \u0447\u0430\u0441\u0442\u044c \u0434\u043e\u043c\u0430. \u0422\u0443\u0430\u043b\u0435\u0442 \u0441\u043a\u043e\u043d\u0441\u0442\u0440\u0443\u0438\u0440\u043e\u0432\u0430\u043d \u0442\u0430\u043a\u0438\u043c \u043e\u0431\u0440\u0430\u0437\u043e\u043c, \u0447\u0442\u043e\u0431\u044b \u043c\u0443\u0441\u043e\u0440 \u043d\u0435 \u0440\u0430\u0441\u0441\u044b\u043f\u0430\u043b\u0441\u044f, \u0441\u043e\u0445\u0440\u0430\u043d\u044f\u044f \u0447\u0438\u0441\u0442\u043e\u0442\u0443 \u0432 \u0434\u043e\u043c\u0435. \u041f\u043e\u0434\u0445\u043e\u0434\u0438\u0442 \u0434\u043b\u044f \u0432\u0441\u0435\u0445 \u0442\u0438\u043f\u043e\u0432 \u0438 \u043f\u043e\u0440\u043e\u0434 \u043a\u043e\u0448\u0435\u043a, \u0440\u0430\u0437\u043c\u0435\u0440 \u0438 \u0432\u043d\u0435\u0448\u043d\u0438\u0439 \u0432\u0438\u0434 \u0442\u0443\u0430\u043b\u0435\u0442\u0430 \u043e\u0440\u0433\u0430\u043d\u0438\u0447\u043d\u043e \u0432\u043f\u0438\u0448\u0443\u0442\u0441\u044f \u0432 \u043b\u044e\u0431\u043e\u0439 \u0434\u043e\u043c, \u043f\u0440\u0435\u0434\u043e\u0441\u0442\u0430\u0432\u0438\u0432 \u0432\u0430\u0448\u0435\u043c\u0443 \u043f\u0438\u0442\u043e\u043c\u0446\u0443 \u043e\u0434\u043d\u0443 \u0438\u0437 \u0441\u0430\u043c\u044b\u0445 \u0432\u0430\u0436\u043d\u044b\u0445 \u0432\u0435\u0449\u0435\u0439!<\/p>","protected":false},"featured_media":23199,"template":"","meta":{"inline_featured_image":false,"_joinchat":[]},"product_cat":[188,233],"product_tag":[],"class_list":{"0":"post-23198","1":"product","2":"type-product","3":"status-publish","4":"has-post-thumbnail","6":"product_brand-brand-1","7":"product_cat-cat","8":"product_cat-cat-category-100","10":"first","11":"instock","12":"shipping-taxable","13":"purchasable","14":"product-type-simple"},"yoast_head":"<!-- This site is optimized with the Yoast SEO plugin v26.7 - https:\/\/yoast.com\/wordpress\/plugins\/seo\/ -->\n<title>The plastic biotoilet grey - Zooland.az<\/title>\n<meta name=\"robots\" content=\"index, follow, max-snippet:-1, max-image-preview:large, max-video-preview:-1\" \/>\n<link rel=\"canonical\" href=\"https:\/\/zoo-land.az\/ru\/shop\/cat\/cat-category-100\/the-plastic-biotoilet-grey\/\" \/>\n<meta property=\"og:locale\" content=\"ru_RU\" \/>\n<meta property=\"og:type\" content=\"article\" \/>\n<meta property=\"og:title\" content=\"The plastic biotoilet grey - Zooland.az\" \/>\n<meta property=\"og:description\" content=\"The toilet is necessary to provide your cat with its own designated area in the house where it can relieve itself without soiling the rest of the home. The toilet is designed in a way that prevents litter from scattering, maintaining cleanliness in the house. Suitable for all types and breeds of cats, the size and appearance of the toilet will seamlessly blend into any home, providing your pet with one of its most important belongings!\" \/>\n<meta property=\"og:url\" content=\"https:\/\/zoo-land.az\/ru\/shop\/cat\/cat-category-100\/the-plastic-biotoilet-grey\/\" \/>\n<meta property=\"og:site_name\" content=\"Zooland.az\" \/>\n<meta property=\"article:modified_time\" content=\"2024-06-10T12:52:03+00:00\" \/>\n<meta property=\"og:image\" content=\"https:\/\/zoo-land.az\/wp-content\/uploads\/2024\/06\/67_1500.jpg\" \/>\n\t<meta property=\"og:image:width\" content=\"960\" \/>\n\t<meta property=\"og:image:height\" content=\"960\" \/>\n\t<meta property=\"og:image:type\" content=\"image\/jpeg\" \/>\n<meta name=\"twitter:card\" content=\"summary_large_image\" \/>\n<script type=\"application\/ld+json\" class=\"yoast-schema-graph\">{\"@context\":\"https:\/\/schema.org\",\"@graph\":[{\"@type\":\"WebPage\",\"@id\":\"https:\/\/zoo-land.az\/shop\/cat\/cat-category-100\/the-plastic-biotoilet-grey\/\",\"url\":\"https:\/\/zoo-land.az\/shop\/cat\/cat-category-100\/the-plastic-biotoilet-grey\/\",\"name\":\"The plastic biotoilet grey - Zooland.az\",\"isPartOf\":{\"@id\":\"https:\/\/zoo-land.az\/#website\"},\"primaryImageOfPage\":{\"@id\":\"https:\/\/zoo-land.az\/shop\/cat\/cat-category-100\/the-plastic-biotoilet-grey\/#primaryimage\"},\"image\":{\"@id\":\"https:\/\/zoo-land.az\/shop\/cat\/cat-category-100\/the-plastic-biotoilet-grey\/#primaryimage\"},\"thumbnailUrl\":\"https:\/\/zoo-land.az\/wp-content\/uploads\/2024\/06\/67_1500.jpg\",\"datePublished\":\"2024-06-10T12:52:02+00:00\",\"dateModified\":\"2024-06-10T12:52:03+00:00\",\"breadcrumb\":{\"@id\":\"https:\/\/zoo-land.az\/shop\/cat\/cat-category-100\/the-plastic-biotoilet-grey\/#breadcrumb\"},\"inLanguage\":\"ru-RU\",\"potentialAction\":[{\"@type\":\"ReadAction\",\"target\":[\"https:\/\/zoo-land.az\/shop\/cat\/cat-category-100\/the-plastic-biotoilet-grey\/\"]}]},{\"@type\":\"ImageObject\",\"inLanguage\":\"ru-RU\",\"@id\":\"https:\/\/zoo-land.az\/shop\/cat\/cat-category-100\/the-plastic-biotoilet-grey\/#primaryimage\",\"url\":\"https:\/\/zoo-land.az\/wp-content\/uploads\/2024\/06\/67_1500.jpg\",\"contentUrl\":\"https:\/\/zoo-land.az\/wp-content\/uploads\/2024\/06\/67_1500.jpg\",\"width\":960,\"height\":960},{\"@type\":\"BreadcrumbList\",\"@id\":\"https:\/\/zoo-land.az\/shop\/cat\/cat-category-100\/the-plastic-biotoilet-grey\/#breadcrumb\",\"itemListElement\":[{\"@type\":\"ListItem\",\"position\":1,\"name\":\"Home\",\"item\":\"https:\/\/zoo-land.az\/ru\/\"},{\"@type\":\"ListItem\",\"position\":2,\"name\":\"Shop\",\"item\":\"https:\/\/zoo-land.az\/ru\/\"},{\"@type\":\"ListItem\",\"position\":3,\"name\":\"The plastic biotoilet grey\"}]},{\"@type\":\"WebSite\",\"@id\":\"https:\/\/zoo-land.az\/#website\",\"url\":\"https:\/\/zoo-land.az\/\",\"name\":\"Zooland.az\",\"description\":\"Xo\u015fb\u0259xt ev heyvanlar\u0131n\u0131n \u00fcnvan\u0131 Zooland.az\",\"publisher\":{\"@id\":\"https:\/\/zoo-land.az\/#organization\"},\"potentialAction\":[{\"@type\":\"SearchAction\",\"target\":{\"@type\":\"EntryPoint\",\"urlTemplate\":\"https:\/\/zoo-land.az\/?s={search_term_string}\"},\"query-input\":{\"@type\":\"PropertyValueSpecification\",\"valueRequired\":true,\"valueName\":\"search_term_string\"}}],\"inLanguage\":\"ru-RU\"},{\"@type\":\"Organization\",\"@id\":\"https:\/\/zoo-land.az\/#organization\",\"name\":\"Zooland.az\",\"url\":\"https:\/\/zoo-land.az\/\",\"logo\":{\"@type\":\"ImageObject\",\"inLanguage\":\"ru-RU\",\"@id\":\"https:\/\/zoo-land.az\/#\/schema\/logo\/image\/\",\"url\":\"https:\/\/zoo-land.az\/wp-content\/uploads\/2022\/05\/logo.svg\",\"contentUrl\":\"https:\/\/zoo-land.az\/wp-content\/uploads\/2022\/05\/logo.svg\",\"width\":113,\"height\":46,\"caption\":\"Zooland.az\"},\"image\":{\"@id\":\"https:\/\/zoo-land.az\/#\/schema\/logo\/image\/\"}}]}<\/script>\n<!-- \/ Yoast SEO plugin. -->","yoast_head_json":{"title":"The plastic biotoilet grey - Zooland.az","robots":{"index":"index","follow":"follow","max-snippet":"max-snippet:-1","max-image-preview":"max-image-preview:large","max-video-preview":"max-video-preview:-1"},"canonical":"https:\/\/zoo-land.az\/ru\/shop\/cat\/cat-category-100\/the-plastic-biotoilet-grey\/","og_locale":"ru_RU","og_type":"article","og_title":"The plastic biotoilet grey - Zooland.az","og_description":"The toilet is necessary to provide your cat with its own designated area in the house where it can relieve itself without soiling the rest of the home. The toilet is designed in a way that prevents litter from scattering, maintaining cleanliness in the house. Suitable for all types and breeds of cats, the size and appearance of the toilet will seamlessly blend into any home, providing your pet with one of its most important belongings!","og_url":"https:\/\/zoo-land.az\/ru\/shop\/cat\/cat-category-100\/the-plastic-biotoilet-grey\/","og_site_name":"Zooland.az","article_modified_time":"2024-06-10T12:52:03+00:00","og_image":[{"width":960,"height":960,"url":"https:\/\/zoo-land.az\/wp-content\/uploads\/2024\/06\/67_1500.jpg","type":"image\/jpeg"}],"twitter_card":"summary_large_image","schema":{"@context":"https:\/\/schema.org","@graph":[{"@type":"WebPage","@id":"https:\/\/zoo-land.az\/shop\/cat\/cat-category-100\/the-plastic-biotoilet-grey\/","url":"https:\/\/zoo-land.az\/shop\/cat\/cat-category-100\/the-plastic-biotoilet-grey\/","name":"The plastic biotoilet grey - Zooland.az","isPartOf":{"@id":"https:\/\/zoo-land.az\/#website"},"primaryImageOfPage":{"@id":"https:\/\/zoo-land.az\/shop\/cat\/cat-category-100\/the-plastic-biotoilet-grey\/#primaryimage"},"image":{"@id":"https:\/\/zoo-land.az\/shop\/cat\/cat-category-100\/the-plastic-biotoilet-grey\/#primaryimage"},"thumbnailUrl":"https:\/\/zoo-land.az\/wp-content\/uploads\/2024\/06\/67_1500.jpg","datePublished":"2024-06-10T12:52:02+00:00","dateModified":"2024-06-10T12:52:03+00:00","breadcrumb":{"@id":"https:\/\/zoo-land.az\/shop\/cat\/cat-category-100\/the-plastic-biotoilet-grey\/#breadcrumb"},"inLanguage":"ru-RU","potentialAction":[{"@type":"ReadAction","target":["https:\/\/zoo-land.az\/shop\/cat\/cat-category-100\/the-plastic-biotoilet-grey\/"]}]},{"@type":"ImageObject","inLanguage":"ru-RU","@id":"https:\/\/zoo-land.az\/shop\/cat\/cat-category-100\/the-plastic-biotoilet-grey\/#primaryimage","url":"https:\/\/zoo-land.az\/wp-content\/uploads\/2024\/06\/67_1500.jpg","contentUrl":"https:\/\/zoo-land.az\/wp-content\/uploads\/2024\/06\/67_1500.jpg","width":960,"height":960},{"@type":"BreadcrumbList","@id":"https:\/\/zoo-land.az\/shop\/cat\/cat-category-100\/the-plastic-biotoilet-grey\/#breadcrumb","itemListElement":[{"@type":"ListItem","position":1,"name":"Home","item":"https:\/\/zoo-land.az\/ru\/"},{"@type":"ListItem","position":2,"name":"Shop","item":"https:\/\/zoo-land.az\/ru\/"},{"@type":"ListItem","position":3,"name":"The plastic biotoilet grey"}]},{"@type":"WebSite","@id":"https:\/\/zoo-land.az\/#website","url":"https:\/\/zoo-land.az\/","name":"Zooland.az","description":"Xo\u015fb\u0259xt ev heyvanlar\u0131n\u0131n \u00fcnvan\u0131 Zooland.az","publisher":{"@id":"https:\/\/zoo-land.az\/#organization"},"potentialAction":[{"@type":"SearchAction","target":{"@type":"EntryPoint","urlTemplate":"https:\/\/zoo-land.az\/?s={search_term_string}"},"query-input":{"@type":"PropertyValueSpecification","valueRequired":true,"valueName":"search_term_string"}}],"inLanguage":"ru-RU"},{"@type":"Organization","@id":"https:\/\/zoo-land.az\/#organization","name":"Zooland.az","url":"https:\/\/zoo-land.az\/","logo":{"@type":"ImageObject","inLanguage":"ru-RU","@id":"https:\/\/zoo-land.az\/#\/schema\/logo\/image\/","url":"https:\/\/zoo-land.az\/wp-content\/uploads\/2022\/05\/logo.svg","contentUrl":"https:\/\/zoo-land.az\/wp-content\/uploads\/2022\/05\/logo.svg","width":113,"height":46,"caption":"Zooland.az"},"image":{"@id":"https:\/\/zoo-land.az\/#\/schema\/logo\/image\/"}}]}},"_links":{"self":[{"href":"https:\/\/zoo-land.az\/ru\/wp-json\/wp\/v2\/product\/23198","targetHints":{"allow":["GET"]}}],"collection":[{"href":"https:\/\/zoo-land.az\/ru\/wp-json\/wp\/v2\/product"}],"about":[{"href":"https:\/\/zoo-land.az\/ru\/wp-json\/wp\/v2\/types\/product"}],"wp:featuredmedia":[{"embeddable":true,"href":"https:\/\/zoo-land.az\/ru\/wp-json\/wp\/v2\/media\/23199"}],"wp:attachment":[{"href":"https:\/\/zoo-land.az\/ru\/wp-json\/wp\/v2\/media?parent=23198"}],"wp:term":[{"taxonomy":"product_cat","embeddable":true,"href":"https:\/\/zoo-land.az\/ru\/wp-json\/wp\/v2\/product_cat?post=23198"},{"taxonomy":"product_tag","embeddable":true,"href":"https:\/\/zoo-land.az\/ru\/wp-json\/wp\/v2\/product_tag?post=23198"}],"curies":[{"name":"wp","href":"https:\/\/api.w.org\/{rel}","templated":true}]}}