{"id":23249,"date":"2024-06-10T16:57:26","date_gmt":"2024-06-10T16:57:26","guid":{"rendered":"https:\/\/lightsteelblue-zebra-299715.hostingersite.com\/?post_type=product&#038;p=23249"},"modified":"2024-06-10T18:56:39","modified_gmt":"2024-06-10T18:56:39","slug":"monge-adult-lamb-rice-potatoes-15-kg","status":"publish","type":"product","link":"https:\/\/zoo-land.az\/ru\/shop\/dog\/dog-food\/monge-adult-lamb-rice-potatoes-15-kg\/","title":{"rendered":"\u041a\u0430\u0440\u0442\u043e\u0444\u0435\u043b\u044c \u0441 \u0440\u0438\u0441\u043e\u043c \u0438 \u0431\u0430\u0440\u0430\u043d\u0438\u043d\u043e\u0439 \u0434\u043b\u044f \u0432\u0437\u0440\u043e\u0441\u043b\u044b\u0445 Monge 1 \u043a\u0433"},"content":{"rendered":"<p>ADULT \u2013 LAMB, RICE AND POTATOES SOY FREE FORMULA COMPLETE FOOD FOR EXTRA SMALL ADULT DOGS<\/p>\n<p>Kibbles Monge Natural Superpremium Speciality Line Extra Small with Lamb, Rice and Potatoes are a complete food for adult dogs of extra small size. They guarantee the well-being of your dog thanks to their very high-quality nutrients, which are the result of Made in Italy research. The main ingredient is lamb and they are enriched with XOS (xylo-oligosaccharides), the last generation of prebiotics, which keep the intestinal wellness. Contains artichoke extract, echinacea, oregan and garlic. Kibble has a proper size suitable for teeth and jaws.<\/p>\n<p>COMPOSITION:<\/p>\n<p>Lamb (fresh 10%, dehydrated 30%), rice, maize, animal fat (chicken oil fat content 99.5%, preserved with natural antioxidants), beet pulp, potato protein concentrate, brewer\u2019s yeast (source of MOS and vitamin B12), corn gluten, hydrolysed animal proteins, fish (dehydrated salmon), fish oil (salmon oil), hydrolysed cartilage (source of chondroitin sulphate), hydrolysed crustaceans (source of glucosamine), methylsulfonylmethane, XOS (xylo-oligosaccharides 3 g\/kg), hydrolysed yeast (MOS), yucca schidigera, spirulina, echinacea root, oregano, powdered dried garlic.<\/p>\n<p>Analytical Components:<\/p>\n<p>Crude protein 26.00%, Crude oils and fats 15.00%, Crude fibre 2.50%, Crude ash 6.00%, Calcium 1.20%, Phosphorus 0.80%, Omega 6 essential fatty acids 6.40%, Omega 3 essential fatty acids 0.70%, Metabolisable energy 4,130 Kcal\/kg.<\/p>\n<p>ADDITIVES\/Kg:<\/p>\n<p>Nutritional Additives\/kg:<\/p>\n<p>Vitamin A 23,000 IU, Vitamin D3 1,600 IU, Vitamin E 200 mg, Vitamin B1 10 mg, Vitamin B2 13 mg, Vitamin B6 6 mg, Vitamin B12 125 mg, Biotin 17 mg, Niacin 26 mg, Vitamin C 180 mg, Pantothenic Acid 15 mg, Folic Acid 1.40 mg, Choline Chloride 2,500 mg, Inositol 3.00 mg, E5 Manganous Sulphate Monohydrate 35 mg, E6 Zinc Oxide 160 mg, E4 Copper Sulphate Pentahydrate 13 mg, E1 Iron Sulphate Monohydrate 110 mg, E8 Sodium Selenite 0.22 mg, E2 Calcium Iodate 1.80 mg, L-Carnitine 105 mg, DL-methionine technically pure 7.30 g.<\/p>\n<p>Techn0logical Additives:<\/p>\n<p>Natural blend of tocopherols and extracts of rosmarinus officinalis.<\/p>\n<p>Organoleptic Additives:<\/p>\n<p>Natural chestnut extract 20 mg, Artichoke extract 300 mg.<\/p>","protected":false},"excerpt":{"rendered":"<p>ADULT \u2013 LAMB, RICE AND POTATOES SOY FREE FORMULA COMPLETE FOOD FOR EXTRA SMALL ADULT DOGS<\/p>\n<p>Kibbles Monge Natural Superpremium Speciality Line Extra Small with Lamb, Rice and Potatoes are a complete food for adult dogs of extra small size. They guarantee the well-being of your dog thanks to their very high-quality nutrients, which are the result of Made in Italy research. The main ingredient is lamb and they are enriched with XOS (xylo-oligosaccharides), the last generation of prebiotics, which keep the intestinal wellness. Contains artichoke extract, echinacea, oregan and garlic. Kibble has a proper size suitable for teeth and jaws.<\/p>","protected":false},"featured_media":23250,"template":"","meta":{"inline_featured_image":false,"_joinchat":[]},"product_cat":[132,107],"product_tag":[],"class_list":{"0":"post-23249","1":"product","2":"type-product","3":"status-publish","4":"has-post-thumbnail","6":"product_brand-monge","7":"product_cat-dog-food","8":"product_cat-dog","10":"first","11":"instock","12":"shipping-taxable","13":"purchasable","14":"product-type-simple"},"yoast_head":"<!-- This site is optimized with the Yoast SEO plugin v26.7 - https:\/\/yoast.com\/wordpress\/plugins\/seo\/ -->\n<title>Monge Adult Lamb Rice Potatoes 1 kg - Zooland.az<\/title>\n<meta name=\"robots\" content=\"index, follow, max-snippet:-1, max-image-preview:large, max-video-preview:-1\" \/>\n<link rel=\"canonical\" href=\"https:\/\/zoo-land.az\/ru\/shop\/dog\/dog-food\/monge-adult-lamb-rice-potatoes-15-kg\/\" \/>\n<meta property=\"og:locale\" content=\"ru_RU\" \/>\n<meta property=\"og:type\" content=\"article\" \/>\n<meta property=\"og:title\" content=\"Monge Adult Lamb Rice Potatoes 1 kg - Zooland.az\" \/>\n<meta property=\"og:description\" content=\"ADULT \u2013 LAMB, RICE AND POTATOES SOY FREE FORMULA COMPLETE FOOD FOR EXTRA SMALL ADULT DOGS  Kibbles Monge Natural Superpremium Speciality Line Extra Small with Lamb, Rice and Potatoes are a complete food for adult dogs of extra small size. They guarantee the well-being of your dog thanks to their very high-quality nutrients, which are the result of Made in Italy research. The main ingredient is lamb and they are enriched with XOS (xylo-oligosaccharides), the last generation of prebiotics, which keep the intestinal wellness. Contains artichoke extract, echinacea, oregan and garlic. Kibble has a proper size suitable for teeth and jaws.\" \/>\n<meta property=\"og:url\" content=\"https:\/\/zoo-land.az\/ru\/shop\/dog\/dog-food\/monge-adult-lamb-rice-potatoes-15-kg\/\" \/>\n<meta property=\"og:site_name\" content=\"Zooland.az\" \/>\n<meta property=\"article:modified_time\" content=\"2024-06-10T18:56:39+00:00\" \/>\n<meta property=\"og:image\" content=\"https:\/\/zoo-land.az\/wp-content\/uploads\/2024\/06\/MO011488.jpg\" \/>\n\t<meta property=\"og:image:width\" content=\"1000\" \/>\n\t<meta property=\"og:image:height\" content=\"1566\" \/>\n\t<meta property=\"og:image:type\" content=\"image\/jpeg\" \/>\n<meta name=\"twitter:card\" content=\"summary_large_image\" \/>\n<meta name=\"twitter:label1\" content=\"\u041f\u0440\u0438\u043c\u0435\u0440\u043d\u043e\u0435 \u0432\u0440\u0435\u043c\u044f \u0434\u043b\u044f \u0447\u0442\u0435\u043d\u0438\u044f\" \/>\n\t<meta name=\"twitter:data1\" content=\"1 \u043c\u0438\u043d\u0443\u0442\u0430\" \/>\n<script type=\"application\/ld+json\" class=\"yoast-schema-graph\">{\"@context\":\"https:\/\/schema.org\",\"@graph\":[{\"@type\":\"WebPage\",\"@id\":\"https:\/\/zoo-land.az\/shop\/dog\/dog-food\/monge-adult-lamb-rice-potatoes-15-kg\/\",\"url\":\"https:\/\/zoo-land.az\/shop\/dog\/dog-food\/monge-adult-lamb-rice-potatoes-15-kg\/\",\"name\":\"Monge Adult Lamb Rice Potatoes 1 kg - Zooland.az\",\"isPartOf\":{\"@id\":\"https:\/\/zoo-land.az\/#website\"},\"primaryImageOfPage\":{\"@id\":\"https:\/\/zoo-land.az\/shop\/dog\/dog-food\/monge-adult-lamb-rice-potatoes-15-kg\/#primaryimage\"},\"image\":{\"@id\":\"https:\/\/zoo-land.az\/shop\/dog\/dog-food\/monge-adult-lamb-rice-potatoes-15-kg\/#primaryimage\"},\"thumbnailUrl\":\"https:\/\/zoo-land.az\/wp-content\/uploads\/2024\/06\/MO011488.jpg\",\"datePublished\":\"2024-06-10T16:57:26+00:00\",\"dateModified\":\"2024-06-10T18:56:39+00:00\",\"breadcrumb\":{\"@id\":\"https:\/\/zoo-land.az\/shop\/dog\/dog-food\/monge-adult-lamb-rice-potatoes-15-kg\/#breadcrumb\"},\"inLanguage\":\"ru-RU\",\"potentialAction\":[{\"@type\":\"ReadAction\",\"target\":[\"https:\/\/zoo-land.az\/shop\/dog\/dog-food\/monge-adult-lamb-rice-potatoes-15-kg\/\"]}]},{\"@type\":\"ImageObject\",\"inLanguage\":\"ru-RU\",\"@id\":\"https:\/\/zoo-land.az\/shop\/dog\/dog-food\/monge-adult-lamb-rice-potatoes-15-kg\/#primaryimage\",\"url\":\"https:\/\/zoo-land.az\/wp-content\/uploads\/2024\/06\/MO011488.jpg\",\"contentUrl\":\"https:\/\/zoo-land.az\/wp-content\/uploads\/2024\/06\/MO011488.jpg\",\"width\":1000,\"height\":1566},{\"@type\":\"BreadcrumbList\",\"@id\":\"https:\/\/zoo-land.az\/shop\/dog\/dog-food\/monge-adult-lamb-rice-potatoes-15-kg\/#breadcrumb\",\"itemListElement\":[{\"@type\":\"ListItem\",\"position\":1,\"name\":\"Home\",\"item\":\"https:\/\/zoo-land.az\/ru\/\"},{\"@type\":\"ListItem\",\"position\":2,\"name\":\"Shop\",\"item\":\"https:\/\/zoo-land.az\/ru\/\"},{\"@type\":\"ListItem\",\"position\":3,\"name\":\"Monge Adult Lamb Rice Potatoes 1 kg\"}]},{\"@type\":\"WebSite\",\"@id\":\"https:\/\/zoo-land.az\/#website\",\"url\":\"https:\/\/zoo-land.az\/\",\"name\":\"Zooland.az\",\"description\":\"Xo\u015fb\u0259xt ev heyvanlar\u0131n\u0131n \u00fcnvan\u0131 Zooland.az\",\"publisher\":{\"@id\":\"https:\/\/zoo-land.az\/#organization\"},\"potentialAction\":[{\"@type\":\"SearchAction\",\"target\":{\"@type\":\"EntryPoint\",\"urlTemplate\":\"https:\/\/zoo-land.az\/?s={search_term_string}\"},\"query-input\":{\"@type\":\"PropertyValueSpecification\",\"valueRequired\":true,\"valueName\":\"search_term_string\"}}],\"inLanguage\":\"ru-RU\"},{\"@type\":\"Organization\",\"@id\":\"https:\/\/zoo-land.az\/#organization\",\"name\":\"Zooland.az\",\"url\":\"https:\/\/zoo-land.az\/\",\"logo\":{\"@type\":\"ImageObject\",\"inLanguage\":\"ru-RU\",\"@id\":\"https:\/\/zoo-land.az\/#\/schema\/logo\/image\/\",\"url\":\"https:\/\/zoo-land.az\/wp-content\/uploads\/2022\/05\/logo.svg\",\"contentUrl\":\"https:\/\/zoo-land.az\/wp-content\/uploads\/2022\/05\/logo.svg\",\"width\":113,\"height\":46,\"caption\":\"Zooland.az\"},\"image\":{\"@id\":\"https:\/\/zoo-land.az\/#\/schema\/logo\/image\/\"}}]}<\/script>\n<!-- \/ Yoast SEO plugin. -->","yoast_head_json":{"title":"Monge Adult Lamb Rice Potatoes 1 kg - Zooland.az","robots":{"index":"index","follow":"follow","max-snippet":"max-snippet:-1","max-image-preview":"max-image-preview:large","max-video-preview":"max-video-preview:-1"},"canonical":"https:\/\/zoo-land.az\/ru\/shop\/dog\/dog-food\/monge-adult-lamb-rice-potatoes-15-kg\/","og_locale":"ru_RU","og_type":"article","og_title":"Monge Adult Lamb Rice Potatoes 1 kg - Zooland.az","og_description":"ADULT \u2013 LAMB, RICE AND POTATOES SOY FREE FORMULA COMPLETE FOOD FOR EXTRA SMALL ADULT DOGS  Kibbles Monge Natural Superpremium Speciality Line Extra Small with Lamb, Rice and Potatoes are a complete food for adult dogs of extra small size. They guarantee the well-being of your dog thanks to their very high-quality nutrients, which are the result of Made in Italy research. The main ingredient is lamb and they are enriched with XOS (xylo-oligosaccharides), the last generation of prebiotics, which keep the intestinal wellness. Contains artichoke extract, echinacea, oregan and garlic. Kibble has a proper size suitable for teeth and jaws.","og_url":"https:\/\/zoo-land.az\/ru\/shop\/dog\/dog-food\/monge-adult-lamb-rice-potatoes-15-kg\/","og_site_name":"Zooland.az","article_modified_time":"2024-06-10T18:56:39+00:00","og_image":[{"width":1000,"height":1566,"url":"https:\/\/zoo-land.az\/wp-content\/uploads\/2024\/06\/MO011488.jpg","type":"image\/jpeg"}],"twitter_card":"summary_large_image","twitter_misc":{"\u041f\u0440\u0438\u043c\u0435\u0440\u043d\u043e\u0435 \u0432\u0440\u0435\u043c\u044f \u0434\u043b\u044f \u0447\u0442\u0435\u043d\u0438\u044f":"1 \u043c\u0438\u043d\u0443\u0442\u0430"},"schema":{"@context":"https:\/\/schema.org","@graph":[{"@type":"WebPage","@id":"https:\/\/zoo-land.az\/shop\/dog\/dog-food\/monge-adult-lamb-rice-potatoes-15-kg\/","url":"https:\/\/zoo-land.az\/shop\/dog\/dog-food\/monge-adult-lamb-rice-potatoes-15-kg\/","name":"Monge Adult Lamb Rice Potatoes 1 kg - Zooland.az","isPartOf":{"@id":"https:\/\/zoo-land.az\/#website"},"primaryImageOfPage":{"@id":"https:\/\/zoo-land.az\/shop\/dog\/dog-food\/monge-adult-lamb-rice-potatoes-15-kg\/#primaryimage"},"image":{"@id":"https:\/\/zoo-land.az\/shop\/dog\/dog-food\/monge-adult-lamb-rice-potatoes-15-kg\/#primaryimage"},"thumbnailUrl":"https:\/\/zoo-land.az\/wp-content\/uploads\/2024\/06\/MO011488.jpg","datePublished":"2024-06-10T16:57:26+00:00","dateModified":"2024-06-10T18:56:39+00:00","breadcrumb":{"@id":"https:\/\/zoo-land.az\/shop\/dog\/dog-food\/monge-adult-lamb-rice-potatoes-15-kg\/#breadcrumb"},"inLanguage":"ru-RU","potentialAction":[{"@type":"ReadAction","target":["https:\/\/zoo-land.az\/shop\/dog\/dog-food\/monge-adult-lamb-rice-potatoes-15-kg\/"]}]},{"@type":"ImageObject","inLanguage":"ru-RU","@id":"https:\/\/zoo-land.az\/shop\/dog\/dog-food\/monge-adult-lamb-rice-potatoes-15-kg\/#primaryimage","url":"https:\/\/zoo-land.az\/wp-content\/uploads\/2024\/06\/MO011488.jpg","contentUrl":"https:\/\/zoo-land.az\/wp-content\/uploads\/2024\/06\/MO011488.jpg","width":1000,"height":1566},{"@type":"BreadcrumbList","@id":"https:\/\/zoo-land.az\/shop\/dog\/dog-food\/monge-adult-lamb-rice-potatoes-15-kg\/#breadcrumb","itemListElement":[{"@type":"ListItem","position":1,"name":"Home","item":"https:\/\/zoo-land.az\/ru\/"},{"@type":"ListItem","position":2,"name":"Shop","item":"https:\/\/zoo-land.az\/ru\/"},{"@type":"ListItem","position":3,"name":"Monge Adult Lamb Rice Potatoes 1 kg"}]},{"@type":"WebSite","@id":"https:\/\/zoo-land.az\/#website","url":"https:\/\/zoo-land.az\/","name":"Zooland.az","description":"Xo\u015fb\u0259xt ev heyvanlar\u0131n\u0131n \u00fcnvan\u0131 Zooland.az","publisher":{"@id":"https:\/\/zoo-land.az\/#organization"},"potentialAction":[{"@type":"SearchAction","target":{"@type":"EntryPoint","urlTemplate":"https:\/\/zoo-land.az\/?s={search_term_string}"},"query-input":{"@type":"PropertyValueSpecification","valueRequired":true,"valueName":"search_term_string"}}],"inLanguage":"ru-RU"},{"@type":"Organization","@id":"https:\/\/zoo-land.az\/#organization","name":"Zooland.az","url":"https:\/\/zoo-land.az\/","logo":{"@type":"ImageObject","inLanguage":"ru-RU","@id":"https:\/\/zoo-land.az\/#\/schema\/logo\/image\/","url":"https:\/\/zoo-land.az\/wp-content\/uploads\/2022\/05\/logo.svg","contentUrl":"https:\/\/zoo-land.az\/wp-content\/uploads\/2022\/05\/logo.svg","width":113,"height":46,"caption":"Zooland.az"},"image":{"@id":"https:\/\/zoo-land.az\/#\/schema\/logo\/image\/"}}]}},"_links":{"self":[{"href":"https:\/\/zoo-land.az\/ru\/wp-json\/wp\/v2\/product\/23249","targetHints":{"allow":["GET"]}}],"collection":[{"href":"https:\/\/zoo-land.az\/ru\/wp-json\/wp\/v2\/product"}],"about":[{"href":"https:\/\/zoo-land.az\/ru\/wp-json\/wp\/v2\/types\/product"}],"wp:featuredmedia":[{"embeddable":true,"href":"https:\/\/zoo-land.az\/ru\/wp-json\/wp\/v2\/media\/23250"}],"wp:attachment":[{"href":"https:\/\/zoo-land.az\/ru\/wp-json\/wp\/v2\/media?parent=23249"}],"wp:term":[{"taxonomy":"product_cat","embeddable":true,"href":"https:\/\/zoo-land.az\/ru\/wp-json\/wp\/v2\/product_cat?post=23249"},{"taxonomy":"product_tag","embeddable":true,"href":"https:\/\/zoo-land.az\/ru\/wp-json\/wp\/v2\/product_tag?post=23249"}],"curies":[{"name":"wp","href":"https:\/\/api.w.org\/{rel}","templated":true}]}}