{"id":23324,"date":"2024-06-10T18:47:00","date_gmt":"2024-06-10T18:47:00","guid":{"rendered":"https:\/\/lightsteelblue-zebra-299715.hostingersite.com\/?post_type=product&#038;p=23324"},"modified":"2024-06-10T18:47:01","modified_gmt":"2024-06-10T18:47:01","slug":"monge-puppy-lamb-rice-15-kg-2","status":"publish","type":"product","link":"https:\/\/zoo-land.az\/ru\/shop\/dog\/dog-food\/monge-puppy-lamb-rice-15-kg-2\/","title":{"rendered":"Monge Puppy Lamb Rice 15 kg"},"content":{"rendered":"<div class=\"elementor-element elementor-element-fc5e6b2 elementor-widget elementor-widget-theme-post-content\" data-id=\"fc5e6b2\" data-element_type=\"widget\" data-widget_type=\"theme-post-content.default\">\n<div class=\"elementor-widget-container\">\n<p>Monge Natural Superpremium All breeds Puppy and Junior Lamb with Rice is a complete pet food for puppy dogs of every size. Specially developed for your dog\u2019s wellness by Made in Italy research of top-quality nutrients. The first ingredient is lamb and the formulation is characterised by its digestibility and palatability due to the inclusion of fresh meat. The recipe is also enhanced with next generation XOS (Xylo-oligosaccharides), which are prebiotics to support the intestinal wellness. Furthermore, the formulation contains glucosamine and chondroitin sulphate to support articulation development and a balanced calcium\/ phosphorous ratio for the regular growth of the puppy\u2019s bones and joints. No added dyes and artificial preservatives.<\/p>\n<\/div>\n<\/div>\n<div class=\"elementor-element elementor-element-67c5a23 elementor-widget__width-auto elementor-widget elementor-widget-button\" data-id=\"67c5a23\" data-element_type=\"widget\" data-widget_type=\"button.default\">\n<div class=\"elementor-widget-container\">\n<div class=\"elementor-button-wrapper\"><\/div>\n<\/div>\n<\/div>","protected":false},"excerpt":{"rendered":"<div class=\"elementor-element elementor-element-fc5e6b2 elementor-widget elementor-widget-theme-post-content\" data-id=\"fc5e6b2\" data-element_type=\"widget\" data-widget_type=\"theme-post-content.default\">\n<div class=\"elementor-widget-container\">\n<p>Monge Natural Superpremium All breeds Puppy and Junior Lamb with Rice is a complete pet food for puppy dogs of every size. Specially developed for your dog\u2019s wellness by Made in Italy research of top-quality nutrients. The first ingredient is lamb and the formulation is characterised by its digestibility and palatability due to the inclusion of fresh meat. The recipe is also enhanced with next generation XOS (Xylo-oligosaccharides), which are prebiotics to support the intestinal wellness. Furthermore, the formulation contains glucosamine and chondroitin sulphate to support articulation development and a balanced calcium\/ phosphorous ratio for the regular growth of the puppy\u2019s bones and joints. No added dyes and artificial preservatives.<\/p>\n<\/div>\n<\/div>\n<div class=\"elementor-element elementor-element-67c5a23 elementor-widget__width-auto elementor-widget elementor-widget-button\" data-id=\"67c5a23\" data-element_type=\"widget\" data-widget_type=\"button.default\">\n<div class=\"elementor-widget-container\">\n<div class=\"elementor-button-wrapper\"><\/div>\n<\/div>\n<\/div>","protected":false},"featured_media":23325,"template":"","meta":{"inline_featured_image":false,"_joinchat":[]},"product_cat":[132,107],"product_tag":[],"class_list":{"0":"post-23324","1":"product","2":"type-product","3":"status-publish","4":"has-post-thumbnail","6":"product_brand-monge","7":"product_cat-dog-food","8":"product_cat-dog","10":"first","11":"instock","12":"shipping-taxable","13":"purchasable","14":"product-type-simple"},"yoast_head":"<!-- This site is optimized with the Yoast SEO plugin v26.7 - https:\/\/yoast.com\/wordpress\/plugins\/seo\/ -->\n<title>Monge Puppy Lamb Rice 15 kg - Zooland.az<\/title>\n<meta name=\"robots\" content=\"index, follow, max-snippet:-1, max-image-preview:large, max-video-preview:-1\" \/>\n<link rel=\"canonical\" href=\"https:\/\/zoo-land.az\/ru\/shop\/dog\/dog-food\/monge-puppy-lamb-rice-15-kg-2\/\" \/>\n<meta property=\"og:locale\" content=\"ru_RU\" \/>\n<meta property=\"og:type\" content=\"article\" \/>\n<meta property=\"og:title\" content=\"Monge Puppy Lamb Rice 15 kg - Zooland.az\" \/>\n<meta property=\"og:description\" content=\"Monge Natural Superpremium All breeds Puppy and Junior Lamb with Rice is a complete pet food for puppy dogs of every size. Specially developed for your dog\u2019s wellness by Made in Italy research of top-quality nutrients. The first ingredient is lamb and the formulation is characterised by its digestibility and palatability due to the inclusion of fresh meat. The recipe is also enhanced with next generation XOS (Xylo-oligosaccharides), which are prebiotics to support the intestinal wellness. Furthermore, the formulation contains glucosamine and chondroitin sulphate to support articulation development and a balanced calcium\/ phosphorous ratio for the regular growth of the puppy\u2019s bones and joints. No added dyes and artificial preservatives.\" \/>\n<meta property=\"og:url\" content=\"https:\/\/zoo-land.az\/ru\/shop\/dog\/dog-food\/monge-puppy-lamb-rice-15-kg-2\/\" \/>\n<meta property=\"og:site_name\" content=\"Zooland.az\" \/>\n<meta property=\"article:modified_time\" content=\"2024-06-10T18:47:01+00:00\" \/>\n<meta property=\"og:image\" content=\"https:\/\/zoo-land.az\/wp-content\/uploads\/2024\/06\/monge_cane_secco_all_breeds_puppy_e_junior_agnello_con_riso-1.jpg\" \/>\n\t<meta property=\"og:image:width\" content=\"384\" \/>\n\t<meta property=\"og:image:height\" content=\"710\" \/>\n\t<meta property=\"og:image:type\" content=\"image\/jpeg\" \/>\n<meta name=\"twitter:card\" content=\"summary_large_image\" \/>\n<meta name=\"twitter:label1\" content=\"\u041f\u0440\u0438\u043c\u0435\u0440\u043d\u043e\u0435 \u0432\u0440\u0435\u043c\u044f \u0434\u043b\u044f \u0447\u0442\u0435\u043d\u0438\u044f\" \/>\n\t<meta name=\"twitter:data1\" content=\"1 \u043c\u0438\u043d\u0443\u0442\u0430\" \/>\n<script type=\"application\/ld+json\" class=\"yoast-schema-graph\">{\"@context\":\"https:\/\/schema.org\",\"@graph\":[{\"@type\":\"WebPage\",\"@id\":\"https:\/\/zoo-land.az\/shop\/dog\/dog-food\/monge-puppy-lamb-rice-15-kg-2\/\",\"url\":\"https:\/\/zoo-land.az\/shop\/dog\/dog-food\/monge-puppy-lamb-rice-15-kg-2\/\",\"name\":\"Monge Puppy Lamb Rice 15 kg - Zooland.az\",\"isPartOf\":{\"@id\":\"https:\/\/zoo-land.az\/#website\"},\"primaryImageOfPage\":{\"@id\":\"https:\/\/zoo-land.az\/shop\/dog\/dog-food\/monge-puppy-lamb-rice-15-kg-2\/#primaryimage\"},\"image\":{\"@id\":\"https:\/\/zoo-land.az\/shop\/dog\/dog-food\/monge-puppy-lamb-rice-15-kg-2\/#primaryimage\"},\"thumbnailUrl\":\"https:\/\/zoo-land.az\/wp-content\/uploads\/2024\/06\/monge_cane_secco_all_breeds_puppy_e_junior_agnello_con_riso-1.jpg\",\"datePublished\":\"2024-06-10T18:47:00+00:00\",\"dateModified\":\"2024-06-10T18:47:01+00:00\",\"breadcrumb\":{\"@id\":\"https:\/\/zoo-land.az\/shop\/dog\/dog-food\/monge-puppy-lamb-rice-15-kg-2\/#breadcrumb\"},\"inLanguage\":\"ru-RU\",\"potentialAction\":[{\"@type\":\"ReadAction\",\"target\":[\"https:\/\/zoo-land.az\/shop\/dog\/dog-food\/monge-puppy-lamb-rice-15-kg-2\/\"]}]},{\"@type\":\"ImageObject\",\"inLanguage\":\"ru-RU\",\"@id\":\"https:\/\/zoo-land.az\/shop\/dog\/dog-food\/monge-puppy-lamb-rice-15-kg-2\/#primaryimage\",\"url\":\"https:\/\/zoo-land.az\/wp-content\/uploads\/2024\/06\/monge_cane_secco_all_breeds_puppy_e_junior_agnello_con_riso-1.jpg\",\"contentUrl\":\"https:\/\/zoo-land.az\/wp-content\/uploads\/2024\/06\/monge_cane_secco_all_breeds_puppy_e_junior_agnello_con_riso-1.jpg\",\"width\":384,\"height\":710},{\"@type\":\"BreadcrumbList\",\"@id\":\"https:\/\/zoo-land.az\/shop\/dog\/dog-food\/monge-puppy-lamb-rice-15-kg-2\/#breadcrumb\",\"itemListElement\":[{\"@type\":\"ListItem\",\"position\":1,\"name\":\"Home\",\"item\":\"https:\/\/zoo-land.az\/ru\/\"},{\"@type\":\"ListItem\",\"position\":2,\"name\":\"Shop\",\"item\":\"https:\/\/zoo-land.az\/ru\/\"},{\"@type\":\"ListItem\",\"position\":3,\"name\":\"Monge Puppy Lamb Rice 15 kg\"}]},{\"@type\":\"WebSite\",\"@id\":\"https:\/\/zoo-land.az\/#website\",\"url\":\"https:\/\/zoo-land.az\/\",\"name\":\"Zooland.az\",\"description\":\"Xo\u015fb\u0259xt ev heyvanlar\u0131n\u0131n \u00fcnvan\u0131 Zooland.az\",\"publisher\":{\"@id\":\"https:\/\/zoo-land.az\/#organization\"},\"potentialAction\":[{\"@type\":\"SearchAction\",\"target\":{\"@type\":\"EntryPoint\",\"urlTemplate\":\"https:\/\/zoo-land.az\/?s={search_term_string}\"},\"query-input\":{\"@type\":\"PropertyValueSpecification\",\"valueRequired\":true,\"valueName\":\"search_term_string\"}}],\"inLanguage\":\"ru-RU\"},{\"@type\":\"Organization\",\"@id\":\"https:\/\/zoo-land.az\/#organization\",\"name\":\"Zooland.az\",\"url\":\"https:\/\/zoo-land.az\/\",\"logo\":{\"@type\":\"ImageObject\",\"inLanguage\":\"ru-RU\",\"@id\":\"https:\/\/zoo-land.az\/#\/schema\/logo\/image\/\",\"url\":\"https:\/\/zoo-land.az\/wp-content\/uploads\/2022\/05\/logo.svg\",\"contentUrl\":\"https:\/\/zoo-land.az\/wp-content\/uploads\/2022\/05\/logo.svg\",\"width\":113,\"height\":46,\"caption\":\"Zooland.az\"},\"image\":{\"@id\":\"https:\/\/zoo-land.az\/#\/schema\/logo\/image\/\"}}]}<\/script>\n<!-- \/ Yoast SEO plugin. -->","yoast_head_json":{"title":"Monge Puppy Lamb Rice 15 kg - Zooland.az","robots":{"index":"index","follow":"follow","max-snippet":"max-snippet:-1","max-image-preview":"max-image-preview:large","max-video-preview":"max-video-preview:-1"},"canonical":"https:\/\/zoo-land.az\/ru\/shop\/dog\/dog-food\/monge-puppy-lamb-rice-15-kg-2\/","og_locale":"ru_RU","og_type":"article","og_title":"Monge Puppy Lamb Rice 15 kg - Zooland.az","og_description":"Monge Natural Superpremium All breeds Puppy and Junior Lamb with Rice is a complete pet food for puppy dogs of every size. Specially developed for your dog\u2019s wellness by Made in Italy research of top-quality nutrients. The first ingredient is lamb and the formulation is characterised by its digestibility and palatability due to the inclusion of fresh meat. The recipe is also enhanced with next generation XOS (Xylo-oligosaccharides), which are prebiotics to support the intestinal wellness. Furthermore, the formulation contains glucosamine and chondroitin sulphate to support articulation development and a balanced calcium\/ phosphorous ratio for the regular growth of the puppy\u2019s bones and joints. No added dyes and artificial preservatives.","og_url":"https:\/\/zoo-land.az\/ru\/shop\/dog\/dog-food\/monge-puppy-lamb-rice-15-kg-2\/","og_site_name":"Zooland.az","article_modified_time":"2024-06-10T18:47:01+00:00","og_image":[{"width":384,"height":710,"url":"https:\/\/zoo-land.az\/wp-content\/uploads\/2024\/06\/monge_cane_secco_all_breeds_puppy_e_junior_agnello_con_riso-1.jpg","type":"image\/jpeg"}],"twitter_card":"summary_large_image","twitter_misc":{"\u041f\u0440\u0438\u043c\u0435\u0440\u043d\u043e\u0435 \u0432\u0440\u0435\u043c\u044f \u0434\u043b\u044f \u0447\u0442\u0435\u043d\u0438\u044f":"1 \u043c\u0438\u043d\u0443\u0442\u0430"},"schema":{"@context":"https:\/\/schema.org","@graph":[{"@type":"WebPage","@id":"https:\/\/zoo-land.az\/shop\/dog\/dog-food\/monge-puppy-lamb-rice-15-kg-2\/","url":"https:\/\/zoo-land.az\/shop\/dog\/dog-food\/monge-puppy-lamb-rice-15-kg-2\/","name":"Monge Puppy Lamb Rice 15 kg - Zooland.az","isPartOf":{"@id":"https:\/\/zoo-land.az\/#website"},"primaryImageOfPage":{"@id":"https:\/\/zoo-land.az\/shop\/dog\/dog-food\/monge-puppy-lamb-rice-15-kg-2\/#primaryimage"},"image":{"@id":"https:\/\/zoo-land.az\/shop\/dog\/dog-food\/monge-puppy-lamb-rice-15-kg-2\/#primaryimage"},"thumbnailUrl":"https:\/\/zoo-land.az\/wp-content\/uploads\/2024\/06\/monge_cane_secco_all_breeds_puppy_e_junior_agnello_con_riso-1.jpg","datePublished":"2024-06-10T18:47:00+00:00","dateModified":"2024-06-10T18:47:01+00:00","breadcrumb":{"@id":"https:\/\/zoo-land.az\/shop\/dog\/dog-food\/monge-puppy-lamb-rice-15-kg-2\/#breadcrumb"},"inLanguage":"ru-RU","potentialAction":[{"@type":"ReadAction","target":["https:\/\/zoo-land.az\/shop\/dog\/dog-food\/monge-puppy-lamb-rice-15-kg-2\/"]}]},{"@type":"ImageObject","inLanguage":"ru-RU","@id":"https:\/\/zoo-land.az\/shop\/dog\/dog-food\/monge-puppy-lamb-rice-15-kg-2\/#primaryimage","url":"https:\/\/zoo-land.az\/wp-content\/uploads\/2024\/06\/monge_cane_secco_all_breeds_puppy_e_junior_agnello_con_riso-1.jpg","contentUrl":"https:\/\/zoo-land.az\/wp-content\/uploads\/2024\/06\/monge_cane_secco_all_breeds_puppy_e_junior_agnello_con_riso-1.jpg","width":384,"height":710},{"@type":"BreadcrumbList","@id":"https:\/\/zoo-land.az\/shop\/dog\/dog-food\/monge-puppy-lamb-rice-15-kg-2\/#breadcrumb","itemListElement":[{"@type":"ListItem","position":1,"name":"Home","item":"https:\/\/zoo-land.az\/ru\/"},{"@type":"ListItem","position":2,"name":"Shop","item":"https:\/\/zoo-land.az\/ru\/"},{"@type":"ListItem","position":3,"name":"Monge Puppy Lamb Rice 15 kg"}]},{"@type":"WebSite","@id":"https:\/\/zoo-land.az\/#website","url":"https:\/\/zoo-land.az\/","name":"Zooland.az","description":"Xo\u015fb\u0259xt ev heyvanlar\u0131n\u0131n \u00fcnvan\u0131 Zooland.az","publisher":{"@id":"https:\/\/zoo-land.az\/#organization"},"potentialAction":[{"@type":"SearchAction","target":{"@type":"EntryPoint","urlTemplate":"https:\/\/zoo-land.az\/?s={search_term_string}"},"query-input":{"@type":"PropertyValueSpecification","valueRequired":true,"valueName":"search_term_string"}}],"inLanguage":"ru-RU"},{"@type":"Organization","@id":"https:\/\/zoo-land.az\/#organization","name":"Zooland.az","url":"https:\/\/zoo-land.az\/","logo":{"@type":"ImageObject","inLanguage":"ru-RU","@id":"https:\/\/zoo-land.az\/#\/schema\/logo\/image\/","url":"https:\/\/zoo-land.az\/wp-content\/uploads\/2022\/05\/logo.svg","contentUrl":"https:\/\/zoo-land.az\/wp-content\/uploads\/2022\/05\/logo.svg","width":113,"height":46,"caption":"Zooland.az"},"image":{"@id":"https:\/\/zoo-land.az\/#\/schema\/logo\/image\/"}}]}},"_links":{"self":[{"href":"https:\/\/zoo-land.az\/ru\/wp-json\/wp\/v2\/product\/23324","targetHints":{"allow":["GET"]}}],"collection":[{"href":"https:\/\/zoo-land.az\/ru\/wp-json\/wp\/v2\/product"}],"about":[{"href":"https:\/\/zoo-land.az\/ru\/wp-json\/wp\/v2\/types\/product"}],"wp:featuredmedia":[{"embeddable":true,"href":"https:\/\/zoo-land.az\/ru\/wp-json\/wp\/v2\/media\/23325"}],"wp:attachment":[{"href":"https:\/\/zoo-land.az\/ru\/wp-json\/wp\/v2\/media?parent=23324"}],"wp:term":[{"taxonomy":"product_cat","embeddable":true,"href":"https:\/\/zoo-land.az\/ru\/wp-json\/wp\/v2\/product_cat?post=23324"},{"taxonomy":"product_tag","embeddable":true,"href":"https:\/\/zoo-land.az\/ru\/wp-json\/wp\/v2\/product_tag?post=23324"}],"curies":[{"name":"wp","href":"https:\/\/api.w.org\/{rel}","templated":true}]}}