{"id":23328,"date":"2024-06-10T19:04:16","date_gmt":"2024-06-10T19:04:16","guid":{"rendered":"https:\/\/lightsteelblue-zebra-299715.hostingersite.com\/?post_type=product&#038;p=23328"},"modified":"2024-06-10T19:04:16","modified_gmt":"2024-06-10T19:04:16","slug":"monge-hypoallergenic-salmon-tuna-15-kg-2","status":"publish","type":"product","link":"https:\/\/zoo-land.az\/ru\/shop\/dog\/dog-food\/monge-hypoallergenic-salmon-tuna-15-kg-2\/","title":{"rendered":"Monge \u0413\u0438\u043f\u043e\u0430\u043b\u043b\u0435\u0440\u0433\u0435\u043d\u043d\u044b\u0439 \u043b\u043e\u0441\u043e\u0441\u044c \u0441 \u0442\u0443\u043d\u0446\u043e\u043c 15 \u043a\u0433"},"content":{"rendered":"<p>\u0415\u0436\u0435\u0434\u043d\u0435\u0432\u043d\u044b\u0439 \u0441\u0443\u0445\u043e\u0439 \u043a\u043e\u0440\u043c, \u0440\u0430\u0437\u0440\u0430\u0431\u043e\u0442\u0430\u043d\u043d\u044b\u0439 \u0434\u043b\u044f \u0432\u0437\u0440\u043e\u0441\u043b\u044b\u0445 \u0441\u043e\u0431\u0430\u043a \u0432\u0441\u0435\u0445 \u043f\u043e\u0440\u043e\u0434, \u043e\u0441\u043e\u0431\u0435\u043d\u043d\u043e \u0441\u043a\u043b\u043e\u043d\u043d\u044b\u0445 \u043a \u0430\u043b\u043b\u0435\u0440\u0433\u0438\u0438 \u0438 \u043f\u0440\u043e\u0431\u043b\u0435\u043c\u0430\u043c \u0441 \u043f\u0438\u0449\u0435\u0432\u0430\u0440\u0435\u043d\u0438\u0435\u043c. \u042d\u0442\u043e\u0442 \u043a\u043e\u0440\u043c \u0441\u0443\u043f\u0435\u0440-\u043f\u0440\u0435\u043c\u0438\u0443\u043c-\u043a\u043b\u0430\u0441\u0441\u0430 \u0432\u043a\u043b\u044e\u0447\u0430\u0435\u0442 \u0432 \u0441\u0435\u0431\u044f \u0432\u044b\u0441\u043e\u043a\u043e\u043a\u0430\u0447\u0435\u0441\u0442\u0432\u0435\u043d\u043d\u044b\u0439 \u043b\u043e\u0441\u043e\u0441\u044c \u0438 \u0442\u0443\u043d\u0435\u0446 \u0432 \u043a\u0430\u0447\u0435\u0441\u0442\u0432\u0435 \u043e\u0441\u043d\u043e\u0432\u043d\u044b\u0445 \u0438\u0441\u0442\u043e\u0447\u043d\u0438\u043a\u043e\u0432 \u0431\u0435\u043b\u043a\u0430, \u043a\u043e\u0442\u043e\u0440\u044b\u0435 \u043e\u0431\u0435\u0441\u043f\u0435\u0447\u0438\u0432\u0430\u044e\u0442 \u043d\u0435\u043e\u0431\u0445\u043e\u0434\u0438\u043c\u044b\u0435 \u043f\u0438\u0442\u0430\u0442\u0435\u043b\u044c\u043d\u044b\u0435 \u0432\u0435\u0449\u0435\u0441\u0442\u0432\u0430 \u0438 \u0441\u043f\u043e\u0441\u043e\u0431\u0441\u0442\u0432\u0443\u044e\u0442 \u043e\u0431\u0449\u0435\u043c\u0443 \u0437\u0434\u043e\u0440\u043e\u0432\u044c\u044e.<\/p>","protected":false},"excerpt":{"rendered":"<p>\u0415\u0436\u0435\u0434\u043d\u0435\u0432\u043d\u044b\u0439 \u0441\u0443\u0445\u043e\u0439 \u043a\u043e\u0440\u043c, \u0440\u0430\u0437\u0440\u0430\u0431\u043e\u0442\u0430\u043d\u043d\u044b\u0439 \u0434\u043b\u044f \u0432\u0437\u0440\u043e\u0441\u043b\u044b\u0445 \u0441\u043e\u0431\u0430\u043a \u0432\u0441\u0435\u0445 \u043f\u043e\u0440\u043e\u0434, \u043e\u0441\u043e\u0431\u0435\u043d\u043d\u043e \u0441\u043a\u043b\u043e\u043d\u043d\u044b\u0445 \u043a \u0430\u043b\u043b\u0435\u0440\u0433\u0438\u0438 \u0438 \u043f\u0440\u043e\u0431\u043b\u0435\u043c\u0430\u043c \u0441 \u043f\u0438\u0449\u0435\u0432\u0430\u0440\u0435\u043d\u0438\u0435\u043c. \u042d\u0442\u043e\u0442 \u043a\u043e\u0440\u043c \u0441\u0443\u043f\u0435\u0440-\u043f\u0440\u0435\u043c\u0438\u0443\u043c-\u043a\u043b\u0430\u0441\u0441\u0430 \u0432\u043a\u043b\u044e\u0447\u0430\u0435\u0442 \u0432 \u0441\u0435\u0431\u044f \u0432\u044b\u0441\u043e\u043a\u043e\u043a\u0430\u0447\u0435\u0441\u0442\u0432\u0435\u043d\u043d\u044b\u0439 \u043b\u043e\u0441\u043e\u0441\u044c \u0438 \u0442\u0443\u043d\u0435\u0446 \u0432 \u043a\u0430\u0447\u0435\u0441\u0442\u0432\u0435 \u043e\u0441\u043d\u043e\u0432\u043d\u044b\u0445 \u0438\u0441\u0442\u043e\u0447\u043d\u0438\u043a\u043e\u0432 \u0431\u0435\u043b\u043a\u0430, \u043a\u043e\u0442\u043e\u0440\u044b\u0435 \u043e\u0431\u0435\u0441\u043f\u0435\u0447\u0438\u0432\u0430\u044e\u0442 \u043d\u0435\u043e\u0431\u0445\u043e\u0434\u0438\u043c\u044b\u0435 \u043f\u0438\u0442\u0430\u0442\u0435\u043b\u044c\u043d\u044b\u0435 \u0432\u0435\u0449\u0435\u0441\u0442\u0432\u0430 \u0438 \u0441\u043f\u043e\u0441\u043e\u0431\u0441\u0442\u0432\u0443\u044e\u0442 \u043e\u0431\u0449\u0435\u043c\u0443 \u0437\u0434\u043e\u0440\u043e\u0432\u044c\u044e.<\/p>","protected":false},"featured_media":23329,"template":"","meta":{"inline_featured_image":false,"_joinchat":[]},"product_cat":[132,107],"product_tag":[],"class_list":{"0":"post-23328","1":"product","2":"type-product","3":"status-publish","4":"has-post-thumbnail","6":"product_brand-monge","7":"product_cat-dog-food","8":"product_cat-dog","10":"first","11":"instock","12":"shipping-taxable","13":"purchasable","14":"product-type-simple"},"yoast_head":"<!-- This site is optimized with the Yoast SEO plugin v26.7 - https:\/\/yoast.com\/wordpress\/plugins\/seo\/ -->\n<title>Monge Hypoallergenic Salmon Tuna 15 kg - Zooland.az<\/title>\n<meta name=\"robots\" content=\"index, follow, max-snippet:-1, max-image-preview:large, max-video-preview:-1\" \/>\n<link rel=\"canonical\" href=\"https:\/\/zoo-land.az\/ru\/shop\/dog\/dog-food\/monge-hypoallergenic-salmon-tuna-15-kg-2\/\" \/>\n<meta property=\"og:locale\" content=\"ru_RU\" \/>\n<meta property=\"og:type\" content=\"article\" \/>\n<meta property=\"og:title\" content=\"Monge Hypoallergenic Salmon Tuna 15 kg - Zooland.az\" \/>\n<meta property=\"og:description\" content=\"A daily dry food formulated for adult dogs of all breeds, particularly those prone to allergies and digestive issues. This super-premium food includes high-quality salmon and tuna as the primary protein sources, providing essential nutrients and promoting overall health.\" \/>\n<meta property=\"og:url\" content=\"https:\/\/zoo-land.az\/ru\/shop\/dog\/dog-food\/monge-hypoallergenic-salmon-tuna-15-kg-2\/\" \/>\n<meta property=\"og:site_name\" content=\"Zooland.az\" \/>\n<meta property=\"og:image\" content=\"https:\/\/zoo-land.az\/wp-content\/uploads\/2024\/06\/monge_cane_secco_all_breeds_adult_hypo_salmone_con_tonno.jpg\" \/>\n\t<meta property=\"og:image:width\" content=\"384\" \/>\n\t<meta property=\"og:image:height\" content=\"710\" \/>\n\t<meta property=\"og:image:type\" content=\"image\/jpeg\" \/>\n<meta name=\"twitter:card\" content=\"summary_large_image\" \/>\n<script type=\"application\/ld+json\" class=\"yoast-schema-graph\">{\"@context\":\"https:\/\/schema.org\",\"@graph\":[{\"@type\":\"WebPage\",\"@id\":\"https:\/\/zoo-land.az\/shop\/dog\/dog-food\/monge-hypoallergenic-salmon-tuna-15-kg-2\/\",\"url\":\"https:\/\/zoo-land.az\/shop\/dog\/dog-food\/monge-hypoallergenic-salmon-tuna-15-kg-2\/\",\"name\":\"Monge Hypoallergenic Salmon Tuna 15 kg - Zooland.az\",\"isPartOf\":{\"@id\":\"https:\/\/zoo-land.az\/#website\"},\"primaryImageOfPage\":{\"@id\":\"https:\/\/zoo-land.az\/shop\/dog\/dog-food\/monge-hypoallergenic-salmon-tuna-15-kg-2\/#primaryimage\"},\"image\":{\"@id\":\"https:\/\/zoo-land.az\/shop\/dog\/dog-food\/monge-hypoallergenic-salmon-tuna-15-kg-2\/#primaryimage\"},\"thumbnailUrl\":\"https:\/\/zoo-land.az\/wp-content\/uploads\/2024\/06\/monge_cane_secco_all_breeds_adult_hypo_salmone_con_tonno.jpg\",\"datePublished\":\"2024-06-10T19:04:16+00:00\",\"breadcrumb\":{\"@id\":\"https:\/\/zoo-land.az\/shop\/dog\/dog-food\/monge-hypoallergenic-salmon-tuna-15-kg-2\/#breadcrumb\"},\"inLanguage\":\"ru-RU\",\"potentialAction\":[{\"@type\":\"ReadAction\",\"target\":[\"https:\/\/zoo-land.az\/shop\/dog\/dog-food\/monge-hypoallergenic-salmon-tuna-15-kg-2\/\"]}]},{\"@type\":\"ImageObject\",\"inLanguage\":\"ru-RU\",\"@id\":\"https:\/\/zoo-land.az\/shop\/dog\/dog-food\/monge-hypoallergenic-salmon-tuna-15-kg-2\/#primaryimage\",\"url\":\"https:\/\/zoo-land.az\/wp-content\/uploads\/2024\/06\/monge_cane_secco_all_breeds_adult_hypo_salmone_con_tonno.jpg\",\"contentUrl\":\"https:\/\/zoo-land.az\/wp-content\/uploads\/2024\/06\/monge_cane_secco_all_breeds_adult_hypo_salmone_con_tonno.jpg\",\"width\":384,\"height\":710},{\"@type\":\"BreadcrumbList\",\"@id\":\"https:\/\/zoo-land.az\/shop\/dog\/dog-food\/monge-hypoallergenic-salmon-tuna-15-kg-2\/#breadcrumb\",\"itemListElement\":[{\"@type\":\"ListItem\",\"position\":1,\"name\":\"Home\",\"item\":\"https:\/\/zoo-land.az\/ru\/\"},{\"@type\":\"ListItem\",\"position\":2,\"name\":\"Shop\",\"item\":\"https:\/\/zoo-land.az\/ru\/\"},{\"@type\":\"ListItem\",\"position\":3,\"name\":\"Monge Hypoallergenic Salmon Tuna 15 kg\"}]},{\"@type\":\"WebSite\",\"@id\":\"https:\/\/zoo-land.az\/#website\",\"url\":\"https:\/\/zoo-land.az\/\",\"name\":\"Zooland.az\",\"description\":\"Xo\u015fb\u0259xt ev heyvanlar\u0131n\u0131n \u00fcnvan\u0131 Zooland.az\",\"publisher\":{\"@id\":\"https:\/\/zoo-land.az\/#organization\"},\"potentialAction\":[{\"@type\":\"SearchAction\",\"target\":{\"@type\":\"EntryPoint\",\"urlTemplate\":\"https:\/\/zoo-land.az\/?s={search_term_string}\"},\"query-input\":{\"@type\":\"PropertyValueSpecification\",\"valueRequired\":true,\"valueName\":\"search_term_string\"}}],\"inLanguage\":\"ru-RU\"},{\"@type\":\"Organization\",\"@id\":\"https:\/\/zoo-land.az\/#organization\",\"name\":\"Zooland.az\",\"url\":\"https:\/\/zoo-land.az\/\",\"logo\":{\"@type\":\"ImageObject\",\"inLanguage\":\"ru-RU\",\"@id\":\"https:\/\/zoo-land.az\/#\/schema\/logo\/image\/\",\"url\":\"https:\/\/zoo-land.az\/wp-content\/uploads\/2022\/05\/logo.svg\",\"contentUrl\":\"https:\/\/zoo-land.az\/wp-content\/uploads\/2022\/05\/logo.svg\",\"width\":113,\"height\":46,\"caption\":\"Zooland.az\"},\"image\":{\"@id\":\"https:\/\/zoo-land.az\/#\/schema\/logo\/image\/\"}}]}<\/script>\n<!-- \/ Yoast SEO plugin. -->","yoast_head_json":{"title":"Monge Hypoallergenic Salmon Tuna 15 kg - Zooland.az","robots":{"index":"index","follow":"follow","max-snippet":"max-snippet:-1","max-image-preview":"max-image-preview:large","max-video-preview":"max-video-preview:-1"},"canonical":"https:\/\/zoo-land.az\/ru\/shop\/dog\/dog-food\/monge-hypoallergenic-salmon-tuna-15-kg-2\/","og_locale":"ru_RU","og_type":"article","og_title":"Monge Hypoallergenic Salmon Tuna 15 kg - Zooland.az","og_description":"A daily dry food formulated for adult dogs of all breeds, particularly those prone to allergies and digestive issues. This super-premium food includes high-quality salmon and tuna as the primary protein sources, providing essential nutrients and promoting overall health.","og_url":"https:\/\/zoo-land.az\/ru\/shop\/dog\/dog-food\/monge-hypoallergenic-salmon-tuna-15-kg-2\/","og_site_name":"Zooland.az","og_image":[{"width":384,"height":710,"url":"https:\/\/zoo-land.az\/wp-content\/uploads\/2024\/06\/monge_cane_secco_all_breeds_adult_hypo_salmone_con_tonno.jpg","type":"image\/jpeg"}],"twitter_card":"summary_large_image","schema":{"@context":"https:\/\/schema.org","@graph":[{"@type":"WebPage","@id":"https:\/\/zoo-land.az\/shop\/dog\/dog-food\/monge-hypoallergenic-salmon-tuna-15-kg-2\/","url":"https:\/\/zoo-land.az\/shop\/dog\/dog-food\/monge-hypoallergenic-salmon-tuna-15-kg-2\/","name":"Monge Hypoallergenic Salmon Tuna 15 kg - Zooland.az","isPartOf":{"@id":"https:\/\/zoo-land.az\/#website"},"primaryImageOfPage":{"@id":"https:\/\/zoo-land.az\/shop\/dog\/dog-food\/monge-hypoallergenic-salmon-tuna-15-kg-2\/#primaryimage"},"image":{"@id":"https:\/\/zoo-land.az\/shop\/dog\/dog-food\/monge-hypoallergenic-salmon-tuna-15-kg-2\/#primaryimage"},"thumbnailUrl":"https:\/\/zoo-land.az\/wp-content\/uploads\/2024\/06\/monge_cane_secco_all_breeds_adult_hypo_salmone_con_tonno.jpg","datePublished":"2024-06-10T19:04:16+00:00","breadcrumb":{"@id":"https:\/\/zoo-land.az\/shop\/dog\/dog-food\/monge-hypoallergenic-salmon-tuna-15-kg-2\/#breadcrumb"},"inLanguage":"ru-RU","potentialAction":[{"@type":"ReadAction","target":["https:\/\/zoo-land.az\/shop\/dog\/dog-food\/monge-hypoallergenic-salmon-tuna-15-kg-2\/"]}]},{"@type":"ImageObject","inLanguage":"ru-RU","@id":"https:\/\/zoo-land.az\/shop\/dog\/dog-food\/monge-hypoallergenic-salmon-tuna-15-kg-2\/#primaryimage","url":"https:\/\/zoo-land.az\/wp-content\/uploads\/2024\/06\/monge_cane_secco_all_breeds_adult_hypo_salmone_con_tonno.jpg","contentUrl":"https:\/\/zoo-land.az\/wp-content\/uploads\/2024\/06\/monge_cane_secco_all_breeds_adult_hypo_salmone_con_tonno.jpg","width":384,"height":710},{"@type":"BreadcrumbList","@id":"https:\/\/zoo-land.az\/shop\/dog\/dog-food\/monge-hypoallergenic-salmon-tuna-15-kg-2\/#breadcrumb","itemListElement":[{"@type":"ListItem","position":1,"name":"Home","item":"https:\/\/zoo-land.az\/ru\/"},{"@type":"ListItem","position":2,"name":"Shop","item":"https:\/\/zoo-land.az\/ru\/"},{"@type":"ListItem","position":3,"name":"Monge Hypoallergenic Salmon Tuna 15 kg"}]},{"@type":"WebSite","@id":"https:\/\/zoo-land.az\/#website","url":"https:\/\/zoo-land.az\/","name":"Zooland.az","description":"Xo\u015fb\u0259xt ev heyvanlar\u0131n\u0131n \u00fcnvan\u0131 Zooland.az","publisher":{"@id":"https:\/\/zoo-land.az\/#organization"},"potentialAction":[{"@type":"SearchAction","target":{"@type":"EntryPoint","urlTemplate":"https:\/\/zoo-land.az\/?s={search_term_string}"},"query-input":{"@type":"PropertyValueSpecification","valueRequired":true,"valueName":"search_term_string"}}],"inLanguage":"ru-RU"},{"@type":"Organization","@id":"https:\/\/zoo-land.az\/#organization","name":"Zooland.az","url":"https:\/\/zoo-land.az\/","logo":{"@type":"ImageObject","inLanguage":"ru-RU","@id":"https:\/\/zoo-land.az\/#\/schema\/logo\/image\/","url":"https:\/\/zoo-land.az\/wp-content\/uploads\/2022\/05\/logo.svg","contentUrl":"https:\/\/zoo-land.az\/wp-content\/uploads\/2022\/05\/logo.svg","width":113,"height":46,"caption":"Zooland.az"},"image":{"@id":"https:\/\/zoo-land.az\/#\/schema\/logo\/image\/"}}]}},"_links":{"self":[{"href":"https:\/\/zoo-land.az\/ru\/wp-json\/wp\/v2\/product\/23328","targetHints":{"allow":["GET"]}}],"collection":[{"href":"https:\/\/zoo-land.az\/ru\/wp-json\/wp\/v2\/product"}],"about":[{"href":"https:\/\/zoo-land.az\/ru\/wp-json\/wp\/v2\/types\/product"}],"wp:featuredmedia":[{"embeddable":true,"href":"https:\/\/zoo-land.az\/ru\/wp-json\/wp\/v2\/media\/23329"}],"wp:attachment":[{"href":"https:\/\/zoo-land.az\/ru\/wp-json\/wp\/v2\/media?parent=23328"}],"wp:term":[{"taxonomy":"product_cat","embeddable":true,"href":"https:\/\/zoo-land.az\/ru\/wp-json\/wp\/v2\/product_cat?post=23328"},{"taxonomy":"product_tag","embeddable":true,"href":"https:\/\/zoo-land.az\/ru\/wp-json\/wp\/v2\/product_tag?post=23328"}],"curies":[{"name":"wp","href":"https:\/\/api.w.org\/{rel}","templated":true}]}}