{"id":23368,"date":"2024-06-11T08:51:32","date_gmt":"2024-06-11T08:51:32","guid":{"rendered":"https:\/\/lightsteelblue-zebra-299715.hostingersite.com\/?post_type=product&#038;p=23368"},"modified":"2024-06-11T08:55:18","modified_gmt":"2024-06-11T08:55:18","slug":"excel-vitamin-teeth-and-bones-calcium-470-pcs","status":"publish","type":"product","link":"https:\/\/zoo-land.az\/ru\/shop\/dog\/dog-food-adds\/excel-vitamin-teeth-and-bones-calcium-470-pcs\/","title":{"rendered":"Excel Vitamin Teeth and Bones Calcium 470 pcs"},"content":{"rendered":"<p>Excel Calcium is a supplement for puppies and adult dogs containing calcium and phosphorus, which ensures the health of bones and teeth. The formula is enriched with vitamin D3 for optimal calcium absorption.<\/p>\n<p>Excel Calcium tablets are particularly recommended for puppies during their active growth period, as well as for pregnant and nursing dogs.<\/p>\n<p>\u0424\u0443\u043d\u043a\u0446\u0438\u0438:<\/p>\n<ul>\n<li><strong>Calcium Supplement<\/strong>: Essential for puppies during active growth, pregnant dogs, and nursing mothers.<\/li>\n<li><strong>Balanced Formula<\/strong>: Phosphorus and vitamin D included in the supplement aid in calcium absorption, crucial during growth periods.<\/li>\n<li><strong>Versatile Use<\/strong>: Can be used in combination with multivitamin complexes and balanced diets.<\/li>\n<li><strong>Vet-Approved<\/strong>: Developed with the participation of veterinarians.<\/li>\n<\/ul>","protected":false},"excerpt":{"rendered":"<p>Excel Calcium is a supplement for puppies and adult dogs containing calcium and phosphorus, which ensures the health of bones and teeth. The formula is enriched with vitamin D3 for optimal calcium absorption.<\/p>\n<p>Excel Calcium tablets are particularly recommended for puppies during their active growth period, as well as for pregnant and nursing dogs.<\/p>","protected":false},"featured_media":23369,"template":"","meta":{"inline_featured_image":false,"_joinchat":[]},"product_cat":[155,107],"product_tag":[],"class_list":{"0":"post-23368","1":"product","2":"type-product","3":"status-publish","4":"has-post-thumbnail","6":"product_brand-excel","7":"product_cat-dog-food-adds","8":"product_cat-dog","10":"first","11":"instock","12":"shipping-taxable","13":"purchasable","14":"product-type-simple"},"yoast_head":"<!-- This site is optimized with the Yoast SEO plugin v27.4 - https:\/\/yoast.com\/product\/yoast-seo-wordpress\/ -->\n<title>Excel Vitamin Teeth and Bones Calcium 470 pcs - Zooland.az<\/title>\n<meta name=\"robots\" content=\"index, follow, max-snippet:-1, max-image-preview:large, max-video-preview:-1\" \/>\n<link rel=\"canonical\" href=\"https:\/\/zoo-land.az\/ru\/shop\/dog\/dog-food-adds\/excel-vitamin-teeth-and-bones-calcium-470-pcs\/\" \/>\n<meta property=\"og:locale\" content=\"ru_RU\" \/>\n<meta property=\"og:type\" content=\"article\" \/>\n<meta property=\"og:title\" content=\"Excel Vitamin Teeth and Bones Calcium 470 pcs - Zooland.az\" \/>\n<meta property=\"og:description\" content=\"Excel Calcium is a supplement for puppies and adult dogs containing calcium and phosphorus, which ensures the health of bones and teeth. The formula is enriched with vitamin D3 for optimal calcium absorption.  Excel Calcium tablets are particularly recommended for puppies during their active growth period, as well as for pregnant and nursing dogs.\" \/>\n<meta property=\"og:url\" content=\"https:\/\/zoo-land.az\/ru\/shop\/dog\/dog-food-adds\/excel-vitamin-teeth-and-bones-calcium-470-pcs\/\" \/>\n<meta property=\"og:site_name\" content=\"Zooland.az\" \/>\n<meta property=\"article:modified_time\" content=\"2024-06-11T08:55:18+00:00\" \/>\n<meta property=\"og:image\" content=\"https:\/\/zoo-land.az\/wp-content\/uploads\/2024\/06\/136844-7de4f335008f96a21959264ee49dd45f.jpg\" \/>\n\t<meta property=\"og:image:width\" content=\"840\" \/>\n\t<meta property=\"og:image:height\" content=\"1120\" \/>\n\t<meta property=\"og:image:type\" content=\"image\/jpeg\" \/>\n<meta name=\"twitter:card\" content=\"summary_large_image\" \/>\n<meta name=\"twitter:label1\" content=\"\u041f\u0440\u0438\u043c\u0435\u0440\u043d\u043e\u0435 \u0432\u0440\u0435\u043c\u044f \u0434\u043b\u044f \u0447\u0442\u0435\u043d\u0438\u044f\" \/>\n\t<meta name=\"twitter:data1\" content=\"1 \u043c\u0438\u043d\u0443\u0442\u0430\" \/>\n<script type=\"application\/ld+json\" class=\"yoast-schema-graph\">{\"@context\":\"https:\\\/\\\/schema.org\",\"@graph\":[{\"@type\":\"WebPage\",\"@id\":\"https:\\\/\\\/zoo-land.az\\\/shop\\\/dog\\\/dog-food-adds\\\/excel-vitamin-teeth-and-bones-calcium-470-pcs\\\/\",\"url\":\"https:\\\/\\\/zoo-land.az\\\/shop\\\/dog\\\/dog-food-adds\\\/excel-vitamin-teeth-and-bones-calcium-470-pcs\\\/\",\"name\":\"Excel Vitamin Teeth and Bones Calcium 470 pcs - Zooland.az\",\"isPartOf\":{\"@id\":\"https:\\\/\\\/zoo-land.az\\\/#website\"},\"primaryImageOfPage\":{\"@id\":\"https:\\\/\\\/zoo-land.az\\\/shop\\\/dog\\\/dog-food-adds\\\/excel-vitamin-teeth-and-bones-calcium-470-pcs\\\/#primaryimage\"},\"image\":{\"@id\":\"https:\\\/\\\/zoo-land.az\\\/shop\\\/dog\\\/dog-food-adds\\\/excel-vitamin-teeth-and-bones-calcium-470-pcs\\\/#primaryimage\"},\"thumbnailUrl\":\"https:\\\/\\\/zoo-land.az\\\/wp-content\\\/uploads\\\/2024\\\/06\\\/136844-7de4f335008f96a21959264ee49dd45f.jpg\",\"datePublished\":\"2024-06-11T08:51:32+00:00\",\"dateModified\":\"2024-06-11T08:55:18+00:00\",\"breadcrumb\":{\"@id\":\"https:\\\/\\\/zoo-land.az\\\/shop\\\/dog\\\/dog-food-adds\\\/excel-vitamin-teeth-and-bones-calcium-470-pcs\\\/#breadcrumb\"},\"inLanguage\":\"ru-RU\",\"potentialAction\":[{\"@type\":\"ReadAction\",\"target\":[\"https:\\\/\\\/zoo-land.az\\\/shop\\\/dog\\\/dog-food-adds\\\/excel-vitamin-teeth-and-bones-calcium-470-pcs\\\/\"]}]},{\"@type\":\"ImageObject\",\"inLanguage\":\"ru-RU\",\"@id\":\"https:\\\/\\\/zoo-land.az\\\/shop\\\/dog\\\/dog-food-adds\\\/excel-vitamin-teeth-and-bones-calcium-470-pcs\\\/#primaryimage\",\"url\":\"https:\\\/\\\/zoo-land.az\\\/wp-content\\\/uploads\\\/2024\\\/06\\\/136844-7de4f335008f96a21959264ee49dd45f.jpg\",\"contentUrl\":\"https:\\\/\\\/zoo-land.az\\\/wp-content\\\/uploads\\\/2024\\\/06\\\/136844-7de4f335008f96a21959264ee49dd45f.jpg\",\"width\":840,\"height\":1120},{\"@type\":\"BreadcrumbList\",\"@id\":\"https:\\\/\\\/zoo-land.az\\\/shop\\\/dog\\\/dog-food-adds\\\/excel-vitamin-teeth-and-bones-calcium-470-pcs\\\/#breadcrumb\",\"itemListElement\":[{\"@type\":\"ListItem\",\"position\":1,\"name\":\"Home\",\"item\":\"https:\\\/\\\/zoo-land.az\\\/ru\\\/\"},{\"@type\":\"ListItem\",\"position\":2,\"name\":\"Shop\",\"item\":\"https:\\\/\\\/zoo-land.az\\\/ru\\\/\"},{\"@type\":\"ListItem\",\"position\":3,\"name\":\"Excel Vitamin Teeth and Bones Calcium 470 pcs\"}]},{\"@type\":\"WebSite\",\"@id\":\"https:\\\/\\\/zoo-land.az\\\/#website\",\"url\":\"https:\\\/\\\/zoo-land.az\\\/\",\"name\":\"Zooland.az\",\"description\":\"Xo\u015fb\u0259xt ev heyvanlar\u0131n\u0131n \u00fcnvan\u0131 Zooland.az\",\"publisher\":{\"@id\":\"https:\\\/\\\/zoo-land.az\\\/#organization\"},\"potentialAction\":[{\"@type\":\"SearchAction\",\"target\":{\"@type\":\"EntryPoint\",\"urlTemplate\":\"https:\\\/\\\/zoo-land.az\\\/?s={search_term_string}\"},\"query-input\":{\"@type\":\"PropertyValueSpecification\",\"valueRequired\":true,\"valueName\":\"search_term_string\"}}],\"inLanguage\":\"ru-RU\"},{\"@type\":\"Organization\",\"@id\":\"https:\\\/\\\/zoo-land.az\\\/#organization\",\"name\":\"Zooland.az\",\"url\":\"https:\\\/\\\/zoo-land.az\\\/\",\"logo\":{\"@type\":\"ImageObject\",\"inLanguage\":\"ru-RU\",\"@id\":\"https:\\\/\\\/zoo-land.az\\\/#\\\/schema\\\/logo\\\/image\\\/\",\"url\":\"https:\\\/\\\/zoo-land.az\\\/wp-content\\\/uploads\\\/2022\\\/05\\\/logo.svg\",\"contentUrl\":\"https:\\\/\\\/zoo-land.az\\\/wp-content\\\/uploads\\\/2022\\\/05\\\/logo.svg\",\"width\":113,\"height\":46,\"caption\":\"Zooland.az\"},\"image\":{\"@id\":\"https:\\\/\\\/zoo-land.az\\\/#\\\/schema\\\/logo\\\/image\\\/\"}}]}<\/script>\n<!-- \/ Yoast SEO plugin. -->","yoast_head_json":{"title":"Excel Vitamin Teeth and Bones Calcium 470 pcs - Zooland.az","robots":{"index":"index","follow":"follow","max-snippet":"max-snippet:-1","max-image-preview":"max-image-preview:large","max-video-preview":"max-video-preview:-1"},"canonical":"https:\/\/zoo-land.az\/ru\/shop\/dog\/dog-food-adds\/excel-vitamin-teeth-and-bones-calcium-470-pcs\/","og_locale":"ru_RU","og_type":"article","og_title":"Excel Vitamin Teeth and Bones Calcium 470 pcs - Zooland.az","og_description":"Excel Calcium is a supplement for puppies and adult dogs containing calcium and phosphorus, which ensures the health of bones and teeth. The formula is enriched with vitamin D3 for optimal calcium absorption.  Excel Calcium tablets are particularly recommended for puppies during their active growth period, as well as for pregnant and nursing dogs.","og_url":"https:\/\/zoo-land.az\/ru\/shop\/dog\/dog-food-adds\/excel-vitamin-teeth-and-bones-calcium-470-pcs\/","og_site_name":"Zooland.az","article_modified_time":"2024-06-11T08:55:18+00:00","og_image":[{"width":840,"height":1120,"url":"https:\/\/zoo-land.az\/wp-content\/uploads\/2024\/06\/136844-7de4f335008f96a21959264ee49dd45f.jpg","type":"image\/jpeg"}],"twitter_card":"summary_large_image","twitter_misc":{"\u041f\u0440\u0438\u043c\u0435\u0440\u043d\u043e\u0435 \u0432\u0440\u0435\u043c\u044f \u0434\u043b\u044f \u0447\u0442\u0435\u043d\u0438\u044f":"1 \u043c\u0438\u043d\u0443\u0442\u0430"},"schema":{"@context":"https:\/\/schema.org","@graph":[{"@type":"WebPage","@id":"https:\/\/zoo-land.az\/shop\/dog\/dog-food-adds\/excel-vitamin-teeth-and-bones-calcium-470-pcs\/","url":"https:\/\/zoo-land.az\/shop\/dog\/dog-food-adds\/excel-vitamin-teeth-and-bones-calcium-470-pcs\/","name":"Excel Vitamin Teeth and Bones Calcium 470 pcs - Zooland.az","isPartOf":{"@id":"https:\/\/zoo-land.az\/#website"},"primaryImageOfPage":{"@id":"https:\/\/zoo-land.az\/shop\/dog\/dog-food-adds\/excel-vitamin-teeth-and-bones-calcium-470-pcs\/#primaryimage"},"image":{"@id":"https:\/\/zoo-land.az\/shop\/dog\/dog-food-adds\/excel-vitamin-teeth-and-bones-calcium-470-pcs\/#primaryimage"},"thumbnailUrl":"https:\/\/zoo-land.az\/wp-content\/uploads\/2024\/06\/136844-7de4f335008f96a21959264ee49dd45f.jpg","datePublished":"2024-06-11T08:51:32+00:00","dateModified":"2024-06-11T08:55:18+00:00","breadcrumb":{"@id":"https:\/\/zoo-land.az\/shop\/dog\/dog-food-adds\/excel-vitamin-teeth-and-bones-calcium-470-pcs\/#breadcrumb"},"inLanguage":"ru-RU","potentialAction":[{"@type":"ReadAction","target":["https:\/\/zoo-land.az\/shop\/dog\/dog-food-adds\/excel-vitamin-teeth-and-bones-calcium-470-pcs\/"]}]},{"@type":"ImageObject","inLanguage":"ru-RU","@id":"https:\/\/zoo-land.az\/shop\/dog\/dog-food-adds\/excel-vitamin-teeth-and-bones-calcium-470-pcs\/#primaryimage","url":"https:\/\/zoo-land.az\/wp-content\/uploads\/2024\/06\/136844-7de4f335008f96a21959264ee49dd45f.jpg","contentUrl":"https:\/\/zoo-land.az\/wp-content\/uploads\/2024\/06\/136844-7de4f335008f96a21959264ee49dd45f.jpg","width":840,"height":1120},{"@type":"BreadcrumbList","@id":"https:\/\/zoo-land.az\/shop\/dog\/dog-food-adds\/excel-vitamin-teeth-and-bones-calcium-470-pcs\/#breadcrumb","itemListElement":[{"@type":"ListItem","position":1,"name":"Home","item":"https:\/\/zoo-land.az\/ru\/"},{"@type":"ListItem","position":2,"name":"Shop","item":"https:\/\/zoo-land.az\/ru\/"},{"@type":"ListItem","position":3,"name":"Excel Vitamin Teeth and Bones Calcium 470 pcs"}]},{"@type":"WebSite","@id":"https:\/\/zoo-land.az\/#website","url":"https:\/\/zoo-land.az\/","name":"Zooland.az","description":"Xo\u015fb\u0259xt ev heyvanlar\u0131n\u0131n \u00fcnvan\u0131 Zooland.az","publisher":{"@id":"https:\/\/zoo-land.az\/#organization"},"potentialAction":[{"@type":"SearchAction","target":{"@type":"EntryPoint","urlTemplate":"https:\/\/zoo-land.az\/?s={search_term_string}"},"query-input":{"@type":"PropertyValueSpecification","valueRequired":true,"valueName":"search_term_string"}}],"inLanguage":"ru-RU"},{"@type":"Organization","@id":"https:\/\/zoo-land.az\/#organization","name":"Zooland.az","url":"https:\/\/zoo-land.az\/","logo":{"@type":"ImageObject","inLanguage":"ru-RU","@id":"https:\/\/zoo-land.az\/#\/schema\/logo\/image\/","url":"https:\/\/zoo-land.az\/wp-content\/uploads\/2022\/05\/logo.svg","contentUrl":"https:\/\/zoo-land.az\/wp-content\/uploads\/2022\/05\/logo.svg","width":113,"height":46,"caption":"Zooland.az"},"image":{"@id":"https:\/\/zoo-land.az\/#\/schema\/logo\/image\/"}}]}},"_links":{"self":[{"href":"https:\/\/zoo-land.az\/ru\/wp-json\/wp\/v2\/product\/23368","targetHints":{"allow":["GET"]}}],"collection":[{"href":"https:\/\/zoo-land.az\/ru\/wp-json\/wp\/v2\/product"}],"about":[{"href":"https:\/\/zoo-land.az\/ru\/wp-json\/wp\/v2\/types\/product"}],"wp:featuredmedia":[{"embeddable":true,"href":"https:\/\/zoo-land.az\/ru\/wp-json\/wp\/v2\/media\/23369"}],"wp:attachment":[{"href":"https:\/\/zoo-land.az\/ru\/wp-json\/wp\/v2\/media?parent=23368"}],"wp:term":[{"taxonomy":"product_cat","embeddable":true,"href":"https:\/\/zoo-land.az\/ru\/wp-json\/wp\/v2\/product_cat?post=23368"},{"taxonomy":"product_tag","embeddable":true,"href":"https:\/\/zoo-land.az\/ru\/wp-json\/wp\/v2\/product_tag?post=23368"}],"curies":[{"name":"wp","href":"https:\/\/api.w.org\/{rel}","templated":true}]}}