{"id":23370,"date":"2024-06-11T08:54:25","date_gmt":"2024-06-11T08:54:25","guid":{"rendered":"https:\/\/lightsteelblue-zebra-299715.hostingersite.com\/?post_type=product&#038;p=23370"},"modified":"2024-06-11T08:54:54","modified_gmt":"2024-06-11T08:54:54","slug":"excel-multi-vitamin-adult-70-pcs","status":"publish","type":"product","link":"https:\/\/zoo-land.az\/ru\/shop\/dog\/dog-food-adds\/excel-multi-vitamin-adult-70-pcs\/","title":{"rendered":"Excel Multi Vitamin Adult 70 pcs"},"content":{"rendered":"<p>A comprehensive vitamin-mineral supplement specifically designed to meet the needs of adult dogs. The balanced formula of essential vitamins and minerals helps prevent issues related to dietary deficiencies and keeps your dog active and healthy.<\/p>\n<h4>\u0421\u043e\u0441\u0442\u0430\u0432:<\/h4>\n<ul>\n<li><strong>Minerals<\/strong><\/li>\n<li><strong>Yeast<\/strong><\/li>\n<li><strong>Plant products<\/strong><\/li>\n<li><strong>Oils and fats<\/strong><\/li>\n<li><strong>Fish and fish by-products<\/strong><\/li>\n<li><strong>Milk and dairy derivatives<\/strong><\/li>\n<li><strong>Sugar<\/strong><\/li>\n<li><strong>Stearic acid<\/strong><\/li>\n<li><strong>Magnesium stearate<\/strong><\/li>\n<\/ul>\n<h4>Additives per kg:<\/h4>\n<ul>\n<li><strong>Vitamin A<\/strong>: 400,000 IU<\/li>\n<li><strong>Vitamin D3<\/strong>: 50,000 IU<\/li>\n<li><strong>Vitamin E<\/strong>: 800 mg<\/li>\n<li><strong>Vitamin B6<\/strong>: 70 mg<\/li>\n<li><strong>Vitamin B12<\/strong>: 350 mcg<\/li>\n<li><strong>Biotin<\/strong>: 12 mg<\/li>\n<li><strong>Copper<\/strong>: 20 mg<\/li>\n<\/ul>","protected":false},"excerpt":{"rendered":"<p>A comprehensive vitamin-mineral supplement specifically designed to meet the needs of adult dogs. The balanced formula of essential vitamins and minerals helps prevent issues related to dietary deficiencies and keeps your dog active and healthy.<\/p>","protected":false},"featured_media":23371,"template":"","meta":{"inline_featured_image":false,"_joinchat":[]},"product_cat":[155,107],"product_tag":[],"class_list":{"0":"post-23370","1":"product","2":"type-product","3":"status-publish","4":"has-post-thumbnail","6":"product_brand-excel","7":"product_cat-dog-food-adds","8":"product_cat-dog","10":"first","11":"instock","12":"shipping-taxable","13":"purchasable","14":"product-type-simple"},"yoast_head":"<!-- This site is optimized with the Yoast SEO plugin v27.4 - https:\/\/yoast.com\/product\/yoast-seo-wordpress\/ -->\n<title>Excel Multi Vitamin Adult 70 pcs - Zooland.az<\/title>\n<meta name=\"robots\" content=\"index, follow, max-snippet:-1, max-image-preview:large, max-video-preview:-1\" \/>\n<link rel=\"canonical\" href=\"https:\/\/zoo-land.az\/ru\/shop\/dog\/dog-food-adds\/excel-multi-vitamin-adult-70-pcs\/\" \/>\n<meta property=\"og:locale\" content=\"ru_RU\" \/>\n<meta property=\"og:type\" content=\"article\" \/>\n<meta property=\"og:title\" content=\"Excel Multi Vitamin Adult 70 pcs - Zooland.az\" \/>\n<meta property=\"og:description\" content=\"A comprehensive vitamin-mineral supplement specifically designed to meet the needs of adult dogs. The balanced formula of essential vitamins and minerals helps prevent issues related to dietary deficiencies and keeps your dog active and healthy.\" \/>\n<meta property=\"og:url\" content=\"https:\/\/zoo-land.az\/ru\/shop\/dog\/dog-food-adds\/excel-multi-vitamin-adult-70-pcs\/\" \/>\n<meta property=\"og:site_name\" content=\"Zooland.az\" \/>\n<meta property=\"article:modified_time\" content=\"2024-06-11T08:54:54+00:00\" \/>\n<meta property=\"og:image\" content=\"https:\/\/zoo-land.az\/wp-content\/uploads\/2024\/06\/136845-2479afb4c2df8f34951ccb371d3c564b.jpg\" \/>\n\t<meta property=\"og:image:width\" content=\"1680\" \/>\n\t<meta property=\"og:image:height\" content=\"2240\" \/>\n\t<meta property=\"og:image:type\" content=\"image\/jpeg\" \/>\n<meta name=\"twitter:card\" content=\"summary_large_image\" \/>\n<script type=\"application\/ld+json\" class=\"yoast-schema-graph\">{\"@context\":\"https:\\\/\\\/schema.org\",\"@graph\":[{\"@type\":\"WebPage\",\"@id\":\"https:\\\/\\\/zoo-land.az\\\/shop\\\/dog\\\/dog-food-adds\\\/excel-multi-vitamin-adult-70-pcs\\\/\",\"url\":\"https:\\\/\\\/zoo-land.az\\\/shop\\\/dog\\\/dog-food-adds\\\/excel-multi-vitamin-adult-70-pcs\\\/\",\"name\":\"Excel Multi Vitamin Adult 70 pcs - Zooland.az\",\"isPartOf\":{\"@id\":\"https:\\\/\\\/zoo-land.az\\\/#website\"},\"primaryImageOfPage\":{\"@id\":\"https:\\\/\\\/zoo-land.az\\\/shop\\\/dog\\\/dog-food-adds\\\/excel-multi-vitamin-adult-70-pcs\\\/#primaryimage\"},\"image\":{\"@id\":\"https:\\\/\\\/zoo-land.az\\\/shop\\\/dog\\\/dog-food-adds\\\/excel-multi-vitamin-adult-70-pcs\\\/#primaryimage\"},\"thumbnailUrl\":\"https:\\\/\\\/zoo-land.az\\\/wp-content\\\/uploads\\\/2024\\\/06\\\/136845-2479afb4c2df8f34951ccb371d3c564b.jpg\",\"datePublished\":\"2024-06-11T08:54:25+00:00\",\"dateModified\":\"2024-06-11T08:54:54+00:00\",\"breadcrumb\":{\"@id\":\"https:\\\/\\\/zoo-land.az\\\/shop\\\/dog\\\/dog-food-adds\\\/excel-multi-vitamin-adult-70-pcs\\\/#breadcrumb\"},\"inLanguage\":\"ru-RU\",\"potentialAction\":[{\"@type\":\"ReadAction\",\"target\":[\"https:\\\/\\\/zoo-land.az\\\/shop\\\/dog\\\/dog-food-adds\\\/excel-multi-vitamin-adult-70-pcs\\\/\"]}]},{\"@type\":\"ImageObject\",\"inLanguage\":\"ru-RU\",\"@id\":\"https:\\\/\\\/zoo-land.az\\\/shop\\\/dog\\\/dog-food-adds\\\/excel-multi-vitamin-adult-70-pcs\\\/#primaryimage\",\"url\":\"https:\\\/\\\/zoo-land.az\\\/wp-content\\\/uploads\\\/2024\\\/06\\\/136845-2479afb4c2df8f34951ccb371d3c564b.jpg\",\"contentUrl\":\"https:\\\/\\\/zoo-land.az\\\/wp-content\\\/uploads\\\/2024\\\/06\\\/136845-2479afb4c2df8f34951ccb371d3c564b.jpg\",\"width\":1680,\"height\":2240},{\"@type\":\"BreadcrumbList\",\"@id\":\"https:\\\/\\\/zoo-land.az\\\/shop\\\/dog\\\/dog-food-adds\\\/excel-multi-vitamin-adult-70-pcs\\\/#breadcrumb\",\"itemListElement\":[{\"@type\":\"ListItem\",\"position\":1,\"name\":\"Home\",\"item\":\"https:\\\/\\\/zoo-land.az\\\/ru\\\/\"},{\"@type\":\"ListItem\",\"position\":2,\"name\":\"Shop\",\"item\":\"https:\\\/\\\/zoo-land.az\\\/ru\\\/\"},{\"@type\":\"ListItem\",\"position\":3,\"name\":\"Excel Multi Vitamin Adult 70 pcs\"}]},{\"@type\":\"WebSite\",\"@id\":\"https:\\\/\\\/zoo-land.az\\\/#website\",\"url\":\"https:\\\/\\\/zoo-land.az\\\/\",\"name\":\"Zooland.az\",\"description\":\"Xo\u015fb\u0259xt ev heyvanlar\u0131n\u0131n \u00fcnvan\u0131 Zooland.az\",\"publisher\":{\"@id\":\"https:\\\/\\\/zoo-land.az\\\/#organization\"},\"potentialAction\":[{\"@type\":\"SearchAction\",\"target\":{\"@type\":\"EntryPoint\",\"urlTemplate\":\"https:\\\/\\\/zoo-land.az\\\/?s={search_term_string}\"},\"query-input\":{\"@type\":\"PropertyValueSpecification\",\"valueRequired\":true,\"valueName\":\"search_term_string\"}}],\"inLanguage\":\"ru-RU\"},{\"@type\":\"Organization\",\"@id\":\"https:\\\/\\\/zoo-land.az\\\/#organization\",\"name\":\"Zooland.az\",\"url\":\"https:\\\/\\\/zoo-land.az\\\/\",\"logo\":{\"@type\":\"ImageObject\",\"inLanguage\":\"ru-RU\",\"@id\":\"https:\\\/\\\/zoo-land.az\\\/#\\\/schema\\\/logo\\\/image\\\/\",\"url\":\"https:\\\/\\\/zoo-land.az\\\/wp-content\\\/uploads\\\/2022\\\/05\\\/logo.svg\",\"contentUrl\":\"https:\\\/\\\/zoo-land.az\\\/wp-content\\\/uploads\\\/2022\\\/05\\\/logo.svg\",\"width\":113,\"height\":46,\"caption\":\"Zooland.az\"},\"image\":{\"@id\":\"https:\\\/\\\/zoo-land.az\\\/#\\\/schema\\\/logo\\\/image\\\/\"}}]}<\/script>\n<!-- \/ Yoast SEO plugin. -->","yoast_head_json":{"title":"Excel Multi Vitamin Adult 70 pcs - Zooland.az","robots":{"index":"index","follow":"follow","max-snippet":"max-snippet:-1","max-image-preview":"max-image-preview:large","max-video-preview":"max-video-preview:-1"},"canonical":"https:\/\/zoo-land.az\/ru\/shop\/dog\/dog-food-adds\/excel-multi-vitamin-adult-70-pcs\/","og_locale":"ru_RU","og_type":"article","og_title":"Excel Multi Vitamin Adult 70 pcs - Zooland.az","og_description":"A comprehensive vitamin-mineral supplement specifically designed to meet the needs of adult dogs. The balanced formula of essential vitamins and minerals helps prevent issues related to dietary deficiencies and keeps your dog active and healthy.","og_url":"https:\/\/zoo-land.az\/ru\/shop\/dog\/dog-food-adds\/excel-multi-vitamin-adult-70-pcs\/","og_site_name":"Zooland.az","article_modified_time":"2024-06-11T08:54:54+00:00","og_image":[{"width":1680,"height":2240,"url":"https:\/\/zoo-land.az\/wp-content\/uploads\/2024\/06\/136845-2479afb4c2df8f34951ccb371d3c564b.jpg","type":"image\/jpeg"}],"twitter_card":"summary_large_image","schema":{"@context":"https:\/\/schema.org","@graph":[{"@type":"WebPage","@id":"https:\/\/zoo-land.az\/shop\/dog\/dog-food-adds\/excel-multi-vitamin-adult-70-pcs\/","url":"https:\/\/zoo-land.az\/shop\/dog\/dog-food-adds\/excel-multi-vitamin-adult-70-pcs\/","name":"Excel Multi Vitamin Adult 70 pcs - Zooland.az","isPartOf":{"@id":"https:\/\/zoo-land.az\/#website"},"primaryImageOfPage":{"@id":"https:\/\/zoo-land.az\/shop\/dog\/dog-food-adds\/excel-multi-vitamin-adult-70-pcs\/#primaryimage"},"image":{"@id":"https:\/\/zoo-land.az\/shop\/dog\/dog-food-adds\/excel-multi-vitamin-adult-70-pcs\/#primaryimage"},"thumbnailUrl":"https:\/\/zoo-land.az\/wp-content\/uploads\/2024\/06\/136845-2479afb4c2df8f34951ccb371d3c564b.jpg","datePublished":"2024-06-11T08:54:25+00:00","dateModified":"2024-06-11T08:54:54+00:00","breadcrumb":{"@id":"https:\/\/zoo-land.az\/shop\/dog\/dog-food-adds\/excel-multi-vitamin-adult-70-pcs\/#breadcrumb"},"inLanguage":"ru-RU","potentialAction":[{"@type":"ReadAction","target":["https:\/\/zoo-land.az\/shop\/dog\/dog-food-adds\/excel-multi-vitamin-adult-70-pcs\/"]}]},{"@type":"ImageObject","inLanguage":"ru-RU","@id":"https:\/\/zoo-land.az\/shop\/dog\/dog-food-adds\/excel-multi-vitamin-adult-70-pcs\/#primaryimage","url":"https:\/\/zoo-land.az\/wp-content\/uploads\/2024\/06\/136845-2479afb4c2df8f34951ccb371d3c564b.jpg","contentUrl":"https:\/\/zoo-land.az\/wp-content\/uploads\/2024\/06\/136845-2479afb4c2df8f34951ccb371d3c564b.jpg","width":1680,"height":2240},{"@type":"BreadcrumbList","@id":"https:\/\/zoo-land.az\/shop\/dog\/dog-food-adds\/excel-multi-vitamin-adult-70-pcs\/#breadcrumb","itemListElement":[{"@type":"ListItem","position":1,"name":"Home","item":"https:\/\/zoo-land.az\/ru\/"},{"@type":"ListItem","position":2,"name":"Shop","item":"https:\/\/zoo-land.az\/ru\/"},{"@type":"ListItem","position":3,"name":"Excel Multi Vitamin Adult 70 pcs"}]},{"@type":"WebSite","@id":"https:\/\/zoo-land.az\/#website","url":"https:\/\/zoo-land.az\/","name":"Zooland.az","description":"Xo\u015fb\u0259xt ev heyvanlar\u0131n\u0131n \u00fcnvan\u0131 Zooland.az","publisher":{"@id":"https:\/\/zoo-land.az\/#organization"},"potentialAction":[{"@type":"SearchAction","target":{"@type":"EntryPoint","urlTemplate":"https:\/\/zoo-land.az\/?s={search_term_string}"},"query-input":{"@type":"PropertyValueSpecification","valueRequired":true,"valueName":"search_term_string"}}],"inLanguage":"ru-RU"},{"@type":"Organization","@id":"https:\/\/zoo-land.az\/#organization","name":"Zooland.az","url":"https:\/\/zoo-land.az\/","logo":{"@type":"ImageObject","inLanguage":"ru-RU","@id":"https:\/\/zoo-land.az\/#\/schema\/logo\/image\/","url":"https:\/\/zoo-land.az\/wp-content\/uploads\/2022\/05\/logo.svg","contentUrl":"https:\/\/zoo-land.az\/wp-content\/uploads\/2022\/05\/logo.svg","width":113,"height":46,"caption":"Zooland.az"},"image":{"@id":"https:\/\/zoo-land.az\/#\/schema\/logo\/image\/"}}]}},"_links":{"self":[{"href":"https:\/\/zoo-land.az\/ru\/wp-json\/wp\/v2\/product\/23370","targetHints":{"allow":["GET"]}}],"collection":[{"href":"https:\/\/zoo-land.az\/ru\/wp-json\/wp\/v2\/product"}],"about":[{"href":"https:\/\/zoo-land.az\/ru\/wp-json\/wp\/v2\/types\/product"}],"wp:featuredmedia":[{"embeddable":true,"href":"https:\/\/zoo-land.az\/ru\/wp-json\/wp\/v2\/media\/23371"}],"wp:attachment":[{"href":"https:\/\/zoo-land.az\/ru\/wp-json\/wp\/v2\/media?parent=23370"}],"wp:term":[{"taxonomy":"product_cat","embeddable":true,"href":"https:\/\/zoo-land.az\/ru\/wp-json\/wp\/v2\/product_cat?post=23370"},{"taxonomy":"product_tag","embeddable":true,"href":"https:\/\/zoo-land.az\/ru\/wp-json\/wp\/v2\/product_tag?post=23370"}],"curies":[{"name":"wp","href":"https:\/\/api.w.org\/{rel}","templated":true}]}}