{"id":23378,"date":"2024-06-11T09:06:41","date_gmt":"2024-06-11T09:06:41","guid":{"rendered":"https:\/\/lightsteelblue-zebra-299715.hostingersite.com\/?post_type=product&#038;p=23378"},"modified":"2024-06-11T09:06:41","modified_gmt":"2024-06-11T09:06:41","slug":"vancat-lavender-1-kg","status":"publish","type":"product","link":"https:\/\/zoo-land.az\/ru\/shop\/cat\/cat-lands\/vancat-lavender-1-kg\/","title":{"rendered":"VanCat \u041b\u0430\u0432\u0430\u043d\u0434\u0430 1 \u043a\u0433"},"content":{"rendered":"<p>VanCat Cat Litter Lavender \u0441 \u0430\u0440\u043e\u043c\u0430\u0442\u043e\u043c \u043b\u0430\u0432\u0430\u043d\u0434\u044b \u043e\u0447\u0435\u043d\u044c \u0431\u044b\u0441\u0442\u0440\u043e \u0441\u043b\u0438\u043f\u0430\u0435\u0442\u0441\u044f, \u043e\u0431\u0440\u0430\u0437\u0443\u044f \u043a\u043e\u043c\u043a\u0438 \u0438 \u043e\u0441\u0442\u0430\u0432\u043b\u044f\u044f \u0430\u0440\u043e\u043c\u0430\u0442 \u043b\u0430\u0432\u0430\u043d\u0434\u044b \u0432\u043e\u043a\u0440\u0443\u0433 \u0442\u0443\u0430\u043b\u0435\u0442\u043d\u043e\u0433\u043e \u043b\u043e\u0442\u043a\u0430. \u042d\u0442\u043e\u0442 \u043d\u0430\u043f\u043e\u043b\u043d\u0438\u0442\u0435\u043b\u044c \u044d\u043a\u043e\u043b\u043e\u0433\u0438\u0447\u0435\u0441\u043a\u0438 \u0431\u0435\u0437\u043e\u043f\u0430\u0441\u0435\u043d, \u043f\u043e\u0441\u043a\u043e\u043b\u044c\u043a\u0443 \u0438\u0437\u0433\u043e\u0442\u0430\u0432\u043b\u0438\u0432\u0430\u0435\u0442\u0441\u044f \u0438\u0437 \u0431\u0435\u043b\u043e\u0433\u043e \u0431\u0435\u043d\u0442\u043e\u043d\u0438\u0442\u0430 1001\u0422\u041f3\u0422, \u0440\u0430\u0437\u043c\u0435\u0440\u044b \u0433\u0440\u0430\u043d\u0443\u043b \u043a\u043e\u0442\u043e\u0440\u043e\u0433\u043e \u0441\u043e\u0441\u0442\u0430\u0432\u043b\u044f\u044e\u0442 \u043e\u0442 0,6 \u0434\u043e 2,25 \u043c\u043c. \u0411\u043b\u0430\u0433\u043e\u0434\u0430\u0440\u044f \u0442\u0430\u043a\u043e\u043c\u0443 \u0441\u043e\u0447\u0435\u0442\u0430\u043d\u0438\u044e \u043c\u0430\u0442\u0435\u0440\u0438\u0430\u043b\u0430 \u0438 \u0440\u0430\u0437\u043c\u0435\u0440\u043e\u0432 \u0433\u0440\u0430\u043d\u0443\u043b \u043d\u0430\u043f\u043e\u043b\u043d\u0438\u0442\u0435\u043b\u044c \u043d\u0435 \u043f\u0440\u0438\u043b\u0438\u043f\u0430\u0435\u0442 \u043a \u043b\u0430\u043f\u0430\u043c \u043a\u043e\u0448\u0435\u043a \u0438 \u043d\u0435 \u0440\u0430\u0437\u043d\u043e\u0441\u0438\u0442\u0441\u044f \u043f\u043e \u0434\u043e\u043c\u0443. \u0410 \u0431\u043b\u0430\u0433\u043e\u0434\u0430\u0440\u044f \u043a\u0440\u0443\u0433\u043b\u043e\u0439 \u0444\u043e\u0440\u043c\u0435 \u0433\u0440\u0430\u043d\u0443\u043b \u043d\u0430\u043f\u043e\u043b\u043d\u0438\u0442\u0435\u043b\u044c \u043b\u0443\u0447\u0448\u0435 \u0432\u0441\u0435\u0433\u043e \u043f\u043e\u0434\u0445\u043e\u0434\u0438\u0442 \u0434\u043b\u044f \u0432\u0437\u0440\u043e\u0441\u043b\u044b\u0445 \u043a\u043e\u0448\u0435\u043a. Cat Litter Lavender \u0441\u043e\u0434\u0435\u0440\u0436\u0438\u0442 \u0442\u043e\u043b\u044c\u043a\u043e \u043d\u0430\u0442\u0443\u0440\u0430\u043b\u044c\u043d\u044b\u0435 \u0438\u043d\u0433\u0440\u0435\u0434\u0438\u0435\u043d\u0442\u044b, \u043a\u043e\u0442\u043e\u0440\u044b\u0435 \u043f\u0440\u0435\u043a\u0440\u0430\u0441\u043d\u043e \u0432\u043f\u0438\u0442\u044b\u0432\u0430\u044e\u0442 \u0432\u043b\u0430\u0433\u0443 \u043d\u0430 280-300%, \u0430 \u0431\u043b\u0430\u0433\u043e\u0434\u0430\u0440\u044f \u0441\u0438\u0441\u0442\u0435\u043c\u0435 \u0434\u0432\u043e\u0439\u043d\u043e\u0433\u043e \u0441\u0438\u0442\u0430 \u0441\u043e\u0434\u0435\u0440\u0436\u0430\u043d\u0438\u0435 \u043f\u044b\u043b\u0438 \u0441\u043d\u0438\u0436\u0430\u0435\u0442\u0441\u044f \u043d\u0430 99,5%. \u041d\u0430\u043f\u043e\u043b\u043d\u0438\u0442\u0435\u043b\u044c \u0434\u043b\u044f \u043a\u043e\u0448\u0430\u0447\u044c\u0435\u0433\u043e \u0442\u0443\u0430\u043b\u0435\u0442\u0430 VanCat (\u0412\u0430\u043d\u041a\u0430\u0442) \u041b\u0430\u0432\u0430\u043d\u0434\u0430 \u043e\u043f\u0440\u0430\u0432\u0434\u0430\u0435\u0442 \u0432\u0430\u0448\u0438 \u043e\u0436\u0438\u0434\u0430\u043d\u0438\u044f \u0438 \u043e\u0431\u0435\u0441\u043f\u0435\u0447\u0438\u0442 \u043a\u043e\u043c\u0444\u043e\u0440\u0442\u043d\u044b\u0435 \u0443\u0441\u043b\u043e\u0432\u0438\u044f \u0434\u043b\u044f \u0432\u0430\u0448\u0435\u0433\u043e \u043f\u0438\u0442\u043e\u043c\u0446\u0430! \u041f\u0440\u0435\u0438\u043c\u0443\u0449\u0435\u0441\u0442\u0432\u0430 \u043d\u0430\u043f\u043e\u043b\u043d\u0438\u0442\u0435\u043b\u044f \u0434\u043b\u044f \u043a\u043e\u0448\u0430\u0447\u044c\u0438\u0445 \u0442\u0443\u0430\u043b\u0435\u0442\u043e\u0432 VanCat (\u0412\u0430\u043d\u041a\u0430\u0442) \u041b\u0430\u0432\u0430\u043d\u0434\u0430: \u0418\u0437\u0433\u043e\u0442\u043e\u0432\u043b\u0435\u043d \u0438\u0437 \u0431\u0435\u043b\u043e\u0433\u043e \u0431\u0435\u043d\u0442\u043e\u043d\u0438\u0442\u0430 1001\u0422\u041f3\u0422. \u0412\u044b\u0441\u043e\u043a\u0430\u044f \u0441\u043f\u043e\u0441\u043e\u0431\u043d\u043e\u0441\u0442\u044c \u0432\u043f\u0438\u0442\u044b\u0432\u0430\u0442\u044c \u0432\u043b\u0430\u0433\u0443 \u2013 280-3001\u0422\u041f3\u0422. \u041f\u043e\u0433\u043b\u043e\u0449\u0430\u0435\u0442 \u043d\u0435\u043f\u0440\u0438\u044f\u0442\u043d\u044b\u0435 \u0437\u0430\u043f\u0430\u0445\u0438, \u043e\u0441\u0442\u0430\u0432\u043b\u044f\u044f \u043f\u0440\u0438\u044f\u0442\u043d\u044b\u0439 \u0430\u0440\u043e\u043c\u0430\u0442 \u043b\u0430\u0432\u0430\u043d\u0434\u044b. \u041a\u043e\u043b\u0438\u0447\u0435\u0441\u0442\u0432\u043e \u043f\u044b\u043b\u0438 \u0441\u043d\u0438\u0436\u0430\u0435\u0442\u0441\u044f \u043d\u0430 99,5% \u0431\u043b\u0430\u0433\u043e\u0434\u0430\u0440\u044f \u0434\u0432\u043e\u0439\u043d\u043e\u0439 \u0441\u0438\u0441\u0442\u0435\u043c\u0435 \u043f\u0440\u043e\u0441\u0435\u0438\u0432\u0430\u043d\u0438\u044f \u043d\u0430\u043f\u043e\u043b\u043d\u0438\u0442\u0435\u043b\u044f. \u041c\u0435\u043b\u043a\u043e\u0437\u0435\u0440\u043d\u0438\u0441\u0442\u0430\u044f, \u043e\u043a\u0440\u0443\u0433\u043b\u0430\u044f \u0444\u043e\u0440\u043c\u0430 \u043a\u043e\u043c\u043a\u043e\u0432. \u041d\u0435 \u043f\u0440\u0438\u043b\u0438\u043f\u0430\u0435\u0442 \u043a \u043a\u043e\u0448\u0430\u0447\u044c\u0438\u043c \u043b\u0430\u043f\u0430\u043c \u0438 \u043d\u0435 \u0440\u0430\u0437\u0431\u0440\u0430\u0441\u044b\u0432\u0430\u0435\u0442\u0441\u044f \u043f\u043e \u0434\u043e\u043c\u0443.<\/p>","protected":false},"excerpt":{"rendered":"<p>VanCat Cat Litter Lavender \u0441 \u0430\u0440\u043e\u043c\u0430\u0442\u043e\u043c \u043b\u0430\u0432\u0430\u043d\u0434\u044b \u043e\u0447\u0435\u043d\u044c \u0431\u044b\u0441\u0442\u0440\u043e \u0441\u043b\u0438\u043f\u0430\u0435\u0442\u0441\u044f, \u043e\u0431\u0440\u0430\u0437\u0443\u044f \u043a\u043e\u043c\u043a\u0438 \u0438 \u043e\u0441\u0442\u0430\u0432\u043b\u044f\u044f \u0430\u0440\u043e\u043c\u0430\u0442 \u043b\u0430\u0432\u0430\u043d\u0434\u044b \u0432\u043e\u043a\u0440\u0443\u0433 \u0442\u0443\u0430\u043b\u0435\u0442\u043d\u043e\u0433\u043e \u043b\u043e\u0442\u043a\u0430. \u042d\u0442\u043e\u0442 \u043d\u0430\u043f\u043e\u043b\u043d\u0438\u0442\u0435\u043b\u044c \u044d\u043a\u043e\u043b\u043e\u0433\u0438\u0447\u0435\u0441\u043a\u0438 \u0431\u0435\u0437\u043e\u043f\u0430\u0441\u0435\u043d, \u043f\u043e\u0441\u043a\u043e\u043b\u044c\u043a\u0443 \u0438\u0437\u0433\u043e\u0442\u0430\u0432\u043b\u0438\u0432\u0430\u0435\u0442\u0441\u044f \u0438\u0437 \u0431\u0435\u043b\u043e\u0433\u043e \u0431\u0435\u043d\u0442\u043e\u043d\u0438\u0442\u0430 1001\u0422\u041f3\u0422, \u0440\u0430\u0437\u043c\u0435\u0440\u044b \u0433\u0440\u0430\u043d\u0443\u043b \u043a\u043e\u0442\u043e\u0440\u043e\u0433\u043e \u0441\u043e\u0441\u0442\u0430\u0432\u043b\u044f\u044e\u0442 \u043e\u0442 0,6 \u0434\u043e 2,25 \u043c\u043c. \u0411\u043b\u0430\u0433\u043e\u0434\u0430\u0440\u044f \u0442\u0430\u043a\u043e\u043c\u0443 \u0441\u043e\u0447\u0435\u0442\u0430\u043d\u0438\u044e \u043c\u0430\u0442\u0435\u0440\u0438\u0430\u043b\u0430 \u0438 \u0440\u0430\u0437\u043c\u0435\u0440\u043e\u0432 \u0433\u0440\u0430\u043d\u0443\u043b \u043d\u0430\u043f\u043e\u043b\u043d\u0438\u0442\u0435\u043b\u044c \u043d\u0435 \u043f\u0440\u0438\u043b\u0438\u043f\u0430\u0435\u0442 \u043a \u043b\u0430\u043f\u0430\u043c \u043a\u043e\u0448\u0435\u043a \u0438 \u043d\u0435 \u0440\u0430\u0437\u043d\u043e\u0441\u0438\u0442\u0441\u044f \u043f\u043e \u0434\u043e\u043c\u0443. \u0410 \u0431\u043b\u0430\u0433\u043e\u0434\u0430\u0440\u044f \u043a\u0440\u0443\u0433\u043b\u043e\u0439 \u0444\u043e\u0440\u043c\u0435 \u0433\u0440\u0430\u043d\u0443\u043b \u043d\u0430\u043f\u043e\u043b\u043d\u0438\u0442\u0435\u043b\u044c \u043b\u0443\u0447\u0448\u0435 \u0432\u0441\u0435\u0433\u043e \u043f\u043e\u0434\u0445\u043e\u0434\u0438\u0442 \u0434\u043b\u044f \u0432\u0437\u0440\u043e\u0441\u043b\u044b\u0445 \u043a\u043e\u0448\u0435\u043a. Cat Litter Lavender \u0441\u043e\u0434\u0435\u0440\u0436\u0438\u0442 \u0442\u043e\u043b\u044c\u043a\u043e \u043d\u0430\u0442\u0443\u0440\u0430\u043b\u044c\u043d\u044b\u0435 \u0438\u043d\u0433\u0440\u0435\u0434\u0438\u0435\u043d\u0442\u044b, \u043a\u043e\u0442\u043e\u0440\u044b\u0435 \u043f\u0440\u0435\u043a\u0440\u0430\u0441\u043d\u043e \u0432\u043f\u0438\u0442\u044b\u0432\u0430\u044e\u0442 \u0432\u043b\u0430\u0433\u0443 \u043d\u0430 280-300%, \u0430 \u0431\u043b\u0430\u0433\u043e\u0434\u0430\u0440\u044f \u0441\u0438\u0441\u0442\u0435\u043c\u0435 \u0434\u0432\u043e\u0439\u043d\u043e\u0433\u043e \u0441\u0438\u0442\u0430 \u0441\u043e\u0434\u0435\u0440\u0436\u0430\u043d\u0438\u0435 \u043f\u044b\u043b\u0438 \u0441\u043d\u0438\u0436\u0430\u0435\u0442\u0441\u044f \u043d\u0430 99,5%. \u041d\u0430\u043f\u043e\u043b\u043d\u0438\u0442\u0435\u043b\u044c \u0434\u043b\u044f \u043a\u043e\u0448\u0430\u0447\u044c\u0435\u0433\u043e \u0442\u0443\u0430\u043b\u0435\u0442\u0430 VanCat (\u0412\u0430\u043d\u041a\u0430\u0442) \u041b\u0430\u0432\u0430\u043d\u0434\u0430 \u043e\u043f\u0440\u0430\u0432\u0434\u0430\u0435\u0442 \u0432\u0430\u0448\u0438 \u043e\u0436\u0438\u0434\u0430\u043d\u0438\u044f \u0438 \u043e\u0431\u0435\u0441\u043f\u0435\u0447\u0438\u0442 \u043a\u043e\u043c\u0444\u043e\u0440\u0442\u043d\u044b\u0435 \u0443\u0441\u043b\u043e\u0432\u0438\u044f \u0434\u043b\u044f \u0432\u0430\u0448\u0435\u0433\u043e \u043f\u0438\u0442\u043e\u043c\u0446\u0430! \u041f\u0440\u0435\u0438\u043c\u0443\u0449\u0435\u0441\u0442\u0432\u0430 \u043d\u0430\u043f\u043e\u043b\u043d\u0438\u0442\u0435\u043b\u044f \u0434\u043b\u044f \u043a\u043e\u0448\u0430\u0447\u044c\u0438\u0445 \u0442\u0443\u0430\u043b\u0435\u0442\u043e\u0432 VanCat (\u0412\u0430\u043d\u041a\u0430\u0442) \u041b\u0430\u0432\u0430\u043d\u0434\u0430: \u0418\u0437\u0433\u043e\u0442\u043e\u0432\u043b\u0435\u043d \u0438\u0437 \u0431\u0435\u043b\u043e\u0433\u043e \u0431\u0435\u043d\u0442\u043e\u043d\u0438\u0442\u0430 1001\u0422\u041f3\u0422. \u0412\u044b\u0441\u043e\u043a\u0430\u044f \u0441\u043f\u043e\u0441\u043e\u0431\u043d\u043e\u0441\u0442\u044c \u0432\u043f\u0438\u0442\u044b\u0432\u0430\u0442\u044c \u0432\u043b\u0430\u0433\u0443 \u2013 280-3001\u0422\u041f3\u0422. \u041f\u043e\u0433\u043b\u043e\u0449\u0430\u0435\u0442 \u043d\u0435\u043f\u0440\u0438\u044f\u0442\u043d\u044b\u0435 \u0437\u0430\u043f\u0430\u0445\u0438, \u043e\u0441\u0442\u0430\u0432\u043b\u044f\u044f \u043f\u0440\u0438\u044f\u0442\u043d\u044b\u0439 \u0430\u0440\u043e\u043c\u0430\u0442 \u043b\u0430\u0432\u0430\u043d\u0434\u044b. \u041a\u043e\u043b\u0438\u0447\u0435\u0441\u0442\u0432\u043e \u043f\u044b\u043b\u0438 \u0441\u043d\u0438\u0436\u0430\u0435\u0442\u0441\u044f \u043d\u0430 99,5% \u0431\u043b\u0430\u0433\u043e\u0434\u0430\u0440\u044f \u0434\u0432\u043e\u0439\u043d\u043e\u0439 \u0441\u0438\u0441\u0442\u0435\u043c\u0435 \u043f\u0440\u043e\u0441\u0435\u0438\u0432\u0430\u043d\u0438\u044f \u043d\u0430\u043f\u043e\u043b\u043d\u0438\u0442\u0435\u043b\u044f. \u041c\u0435\u043b\u043a\u043e\u0437\u0435\u0440\u043d\u0438\u0441\u0442\u0430\u044f, \u043e\u043a\u0440\u0443\u0433\u043b\u0430\u044f \u0444\u043e\u0440\u043c\u0430 \u043a\u043e\u043c\u043a\u043e\u0432. \u041d\u0435 \u043f\u0440\u0438\u043b\u0438\u043f\u0430\u0435\u0442 \u043a \u043a\u043e\u0448\u0430\u0447\u044c\u0438\u043c \u043b\u0430\u043f\u0430\u043c \u0438 \u043d\u0435 \u0440\u0430\u0437\u0431\u0440\u0430\u0441\u044b\u0432\u0430\u0435\u0442\u0441\u044f \u043f\u043e \u0434\u043e\u043c\u0443.<\/p>","protected":false},"featured_media":23117,"template":"","meta":{"inline_featured_image":false,"_joinchat":[]},"product_cat":[193,188],"product_tag":[],"class_list":{"0":"post-23378","1":"product","2":"type-product","3":"status-publish","4":"has-post-thumbnail","6":"product_brand-van-cat","7":"product_cat-cat-lands","8":"product_cat-cat","10":"first","11":"instock","12":"shipping-taxable","13":"purchasable","14":"product-type-simple"},"yoast_head":"<!-- This site is optimized with the Yoast SEO plugin v26.7 - https:\/\/yoast.com\/wordpress\/plugins\/seo\/ -->\n<title>VanCat Lavender 1 kg - Zooland.az<\/title>\n<meta name=\"robots\" content=\"index, follow, max-snippet:-1, max-image-preview:large, max-video-preview:-1\" \/>\n<link rel=\"canonical\" href=\"https:\/\/zoo-land.az\/ru\/shop\/cat\/cat-lands\/vancat-lavender-1-kg\/\" \/>\n<meta property=\"og:locale\" content=\"ru_RU\" \/>\n<meta property=\"og:type\" content=\"article\" \/>\n<meta property=\"og:title\" content=\"VanCat Lavender 1 kg - Zooland.az\" \/>\n<meta property=\"og:description\" content=\"VanCat Cat Litter Lavender with lavender scent clumps very quickly, forming clumps and leaving a lavender scent around the litter box. This filler is environmentally friendly, because it is made 100% of white bentonite, the granule sizes of which range from 0.6 to 2.25 mm. Thanks to this combination of material and granule sizes, the litter does not stick to the cats&#039; paws and does not spread around the house.And thanks to the round shape of the granules, the litter is best suited for adult cats. Cat Litter Lavender contains only natural ingredients that perfectly absorb moisture by 280-300%, and thanks to the double sieving system, dust content is reduced by 99.5%. VanCat (VanKat) Cat Litter Lavender will meet your expectations and provide comfortable conditions for your pet! Advantages of VanCat (VanKat) Cat Litter Lavender: Made from 100% white bentonite. High ability to absorb moisture \u2013 280-300%. Absorbs unpleasant odors, leaving a pleasant lavender scent. The amount of dust is reduced by 99.5% thanks to the double filler sifting system. Fine grain, round lump shape. Doesn&#039;t stick to cat&#039;s paws and doesn&#039;t get scattered around the house.\" \/>\n<meta property=\"og:url\" content=\"https:\/\/zoo-land.az\/ru\/shop\/cat\/cat-lands\/vancat-lavender-1-kg\/\" \/>\n<meta property=\"og:site_name\" content=\"Zooland.az\" \/>\n<meta name=\"twitter:card\" content=\"summary_large_image\" \/>\n<meta name=\"twitter:label1\" content=\"\u041f\u0440\u0438\u043c\u0435\u0440\u043d\u043e\u0435 \u0432\u0440\u0435\u043c\u044f \u0434\u043b\u044f \u0447\u0442\u0435\u043d\u0438\u044f\" \/>\n\t<meta name=\"twitter:data1\" content=\"1 \u043c\u0438\u043d\u0443\u0442\u0430\" \/>\n<script type=\"application\/ld+json\" class=\"yoast-schema-graph\">{\"@context\":\"https:\/\/schema.org\",\"@graph\":[{\"@type\":\"WebPage\",\"@id\":\"https:\/\/zoo-land.az\/az\/shop\/cat\/cat-lands\/vancat-lavender-1-kg\/\",\"url\":\"https:\/\/zoo-land.az\/az\/shop\/cat\/cat-lands\/vancat-lavender-1-kg\/\",\"name\":\"VanCat Lavender 1 kg - Zooland.az\",\"isPartOf\":{\"@id\":\"https:\/\/zoo-land.az\/#website\"},\"primaryImageOfPage\":{\"@id\":\"https:\/\/zoo-land.az\/az\/shop\/cat\/cat-lands\/vancat-lavender-1-kg\/#primaryimage\"},\"image\":{\"@id\":\"https:\/\/zoo-land.az\/az\/shop\/cat\/cat-lands\/vancat-lavender-1-kg\/#primaryimage\"},\"thumbnailUrl\":\"https:\/\/zoo-land.az\/wp-content\/uploads\/2024\/05\/7660199e-e4cf-11ed-806a-ea2b398fc236_tv___1___2023_04_27t114515.789-1.avif\",\"datePublished\":\"2024-06-11T09:06:41+00:00\",\"breadcrumb\":{\"@id\":\"https:\/\/zoo-land.az\/az\/shop\/cat\/cat-lands\/vancat-lavender-1-kg\/#breadcrumb\"},\"inLanguage\":\"ru-RU\",\"potentialAction\":[{\"@type\":\"ReadAction\",\"target\":[\"https:\/\/zoo-land.az\/az\/shop\/cat\/cat-lands\/vancat-lavender-1-kg\/\"]}]},{\"@type\":\"ImageObject\",\"inLanguage\":\"ru-RU\",\"@id\":\"https:\/\/zoo-land.az\/az\/shop\/cat\/cat-lands\/vancat-lavender-1-kg\/#primaryimage\",\"url\":\"https:\/\/zoo-land.az\/wp-content\/uploads\/2024\/05\/7660199e-e4cf-11ed-806a-ea2b398fc236_tv___1___2023_04_27t114515.789-1.avif\",\"contentUrl\":\"https:\/\/zoo-land.az\/wp-content\/uploads\/2024\/05\/7660199e-e4cf-11ed-806a-ea2b398fc236_tv___1___2023_04_27t114515.789-1.avif\",\"width\":1184,\"height\":666},{\"@type\":\"BreadcrumbList\",\"@id\":\"https:\/\/zoo-land.az\/az\/shop\/cat\/cat-lands\/vancat-lavender-1-kg\/#breadcrumb\",\"itemListElement\":[{\"@type\":\"ListItem\",\"position\":1,\"name\":\"Home\",\"item\":\"https:\/\/zoo-land.az\/ru\/\"},{\"@type\":\"ListItem\",\"position\":2,\"name\":\"Shop\",\"item\":\"https:\/\/zoo-land.az\/ru\/\"},{\"@type\":\"ListItem\",\"position\":3,\"name\":\"VanCat Lavender 1 kg\"}]},{\"@type\":\"WebSite\",\"@id\":\"https:\/\/zoo-land.az\/#website\",\"url\":\"https:\/\/zoo-land.az\/\",\"name\":\"Zooland.az\",\"description\":\"Xo\u015fb\u0259xt ev heyvanlar\u0131n\u0131n \u00fcnvan\u0131 Zooland.az\",\"publisher\":{\"@id\":\"https:\/\/zoo-land.az\/#organization\"},\"potentialAction\":[{\"@type\":\"SearchAction\",\"target\":{\"@type\":\"EntryPoint\",\"urlTemplate\":\"https:\/\/zoo-land.az\/?s={search_term_string}\"},\"query-input\":{\"@type\":\"PropertyValueSpecification\",\"valueRequired\":true,\"valueName\":\"search_term_string\"}}],\"inLanguage\":\"ru-RU\"},{\"@type\":\"Organization\",\"@id\":\"https:\/\/zoo-land.az\/#organization\",\"name\":\"Zooland.az\",\"url\":\"https:\/\/zoo-land.az\/\",\"logo\":{\"@type\":\"ImageObject\",\"inLanguage\":\"ru-RU\",\"@id\":\"https:\/\/zoo-land.az\/#\/schema\/logo\/image\/\",\"url\":\"https:\/\/zoo-land.az\/wp-content\/uploads\/2022\/05\/logo.svg\",\"contentUrl\":\"https:\/\/zoo-land.az\/wp-content\/uploads\/2022\/05\/logo.svg\",\"width\":113,\"height\":46,\"caption\":\"Zooland.az\"},\"image\":{\"@id\":\"https:\/\/zoo-land.az\/#\/schema\/logo\/image\/\"}}]}<\/script>\n<!-- \/ Yoast SEO plugin. -->","yoast_head_json":{"title":"VanCat Lavender 1 kg - Zooland.az","robots":{"index":"index","follow":"follow","max-snippet":"max-snippet:-1","max-image-preview":"max-image-preview:large","max-video-preview":"max-video-preview:-1"},"canonical":"https:\/\/zoo-land.az\/ru\/shop\/cat\/cat-lands\/vancat-lavender-1-kg\/","og_locale":"ru_RU","og_type":"article","og_title":"VanCat Lavender 1 kg - Zooland.az","og_description":"VanCat Cat Litter Lavender with lavender scent clumps very quickly, forming clumps and leaving a lavender scent around the litter box. This filler is environmentally friendly, because it is made 100% of white bentonite, the granule sizes of which range from 0.6 to 2.25 mm. Thanks to this combination of material and granule sizes, the litter does not stick to the cats' paws and does not spread around the house.And thanks to the round shape of the granules, the litter is best suited for adult cats. Cat Litter Lavender contains only natural ingredients that perfectly absorb moisture by 280-300%, and thanks to the double sieving system, dust content is reduced by 99.5%. VanCat (VanKat) Cat Litter Lavender will meet your expectations and provide comfortable conditions for your pet! Advantages of VanCat (VanKat) Cat Litter Lavender: Made from 100% white bentonite. High ability to absorb moisture \u2013 280-300%. Absorbs unpleasant odors, leaving a pleasant lavender scent. The amount of dust is reduced by 99.5% thanks to the double filler sifting system. Fine grain, round lump shape. Doesn't stick to cat's paws and doesn't get scattered around the house.","og_url":"https:\/\/zoo-land.az\/ru\/shop\/cat\/cat-lands\/vancat-lavender-1-kg\/","og_site_name":"Zooland.az","twitter_card":"summary_large_image","twitter_misc":{"\u041f\u0440\u0438\u043c\u0435\u0440\u043d\u043e\u0435 \u0432\u0440\u0435\u043c\u044f \u0434\u043b\u044f \u0447\u0442\u0435\u043d\u0438\u044f":"1 \u043c\u0438\u043d\u0443\u0442\u0430"},"schema":{"@context":"https:\/\/schema.org","@graph":[{"@type":"WebPage","@id":"https:\/\/zoo-land.az\/az\/shop\/cat\/cat-lands\/vancat-lavender-1-kg\/","url":"https:\/\/zoo-land.az\/az\/shop\/cat\/cat-lands\/vancat-lavender-1-kg\/","name":"VanCat Lavender 1 kg - Zooland.az","isPartOf":{"@id":"https:\/\/zoo-land.az\/#website"},"primaryImageOfPage":{"@id":"https:\/\/zoo-land.az\/az\/shop\/cat\/cat-lands\/vancat-lavender-1-kg\/#primaryimage"},"image":{"@id":"https:\/\/zoo-land.az\/az\/shop\/cat\/cat-lands\/vancat-lavender-1-kg\/#primaryimage"},"thumbnailUrl":"https:\/\/zoo-land.az\/wp-content\/uploads\/2024\/05\/7660199e-e4cf-11ed-806a-ea2b398fc236_tv___1___2023_04_27t114515.789-1.avif","datePublished":"2024-06-11T09:06:41+00:00","breadcrumb":{"@id":"https:\/\/zoo-land.az\/az\/shop\/cat\/cat-lands\/vancat-lavender-1-kg\/#breadcrumb"},"inLanguage":"ru-RU","potentialAction":[{"@type":"ReadAction","target":["https:\/\/zoo-land.az\/az\/shop\/cat\/cat-lands\/vancat-lavender-1-kg\/"]}]},{"@type":"ImageObject","inLanguage":"ru-RU","@id":"https:\/\/zoo-land.az\/az\/shop\/cat\/cat-lands\/vancat-lavender-1-kg\/#primaryimage","url":"https:\/\/zoo-land.az\/wp-content\/uploads\/2024\/05\/7660199e-e4cf-11ed-806a-ea2b398fc236_tv___1___2023_04_27t114515.789-1.avif","contentUrl":"https:\/\/zoo-land.az\/wp-content\/uploads\/2024\/05\/7660199e-e4cf-11ed-806a-ea2b398fc236_tv___1___2023_04_27t114515.789-1.avif","width":1184,"height":666},{"@type":"BreadcrumbList","@id":"https:\/\/zoo-land.az\/az\/shop\/cat\/cat-lands\/vancat-lavender-1-kg\/#breadcrumb","itemListElement":[{"@type":"ListItem","position":1,"name":"Home","item":"https:\/\/zoo-land.az\/ru\/"},{"@type":"ListItem","position":2,"name":"Shop","item":"https:\/\/zoo-land.az\/ru\/"},{"@type":"ListItem","position":3,"name":"VanCat Lavender 1 kg"}]},{"@type":"WebSite","@id":"https:\/\/zoo-land.az\/#website","url":"https:\/\/zoo-land.az\/","name":"Zooland.az","description":"Xo\u015fb\u0259xt ev heyvanlar\u0131n\u0131n \u00fcnvan\u0131 Zooland.az","publisher":{"@id":"https:\/\/zoo-land.az\/#organization"},"potentialAction":[{"@type":"SearchAction","target":{"@type":"EntryPoint","urlTemplate":"https:\/\/zoo-land.az\/?s={search_term_string}"},"query-input":{"@type":"PropertyValueSpecification","valueRequired":true,"valueName":"search_term_string"}}],"inLanguage":"ru-RU"},{"@type":"Organization","@id":"https:\/\/zoo-land.az\/#organization","name":"Zooland.az","url":"https:\/\/zoo-land.az\/","logo":{"@type":"ImageObject","inLanguage":"ru-RU","@id":"https:\/\/zoo-land.az\/#\/schema\/logo\/image\/","url":"https:\/\/zoo-land.az\/wp-content\/uploads\/2022\/05\/logo.svg","contentUrl":"https:\/\/zoo-land.az\/wp-content\/uploads\/2022\/05\/logo.svg","width":113,"height":46,"caption":"Zooland.az"},"image":{"@id":"https:\/\/zoo-land.az\/#\/schema\/logo\/image\/"}}]}},"_links":{"self":[{"href":"https:\/\/zoo-land.az\/ru\/wp-json\/wp\/v2\/product\/23378","targetHints":{"allow":["GET"]}}],"collection":[{"href":"https:\/\/zoo-land.az\/ru\/wp-json\/wp\/v2\/product"}],"about":[{"href":"https:\/\/zoo-land.az\/ru\/wp-json\/wp\/v2\/types\/product"}],"wp:featuredmedia":[{"embeddable":true,"href":"https:\/\/zoo-land.az\/ru\/wp-json\/wp\/v2\/media\/23117"}],"wp:attachment":[{"href":"https:\/\/zoo-land.az\/ru\/wp-json\/wp\/v2\/media?parent=23378"}],"wp:term":[{"taxonomy":"product_cat","embeddable":true,"href":"https:\/\/zoo-land.az\/ru\/wp-json\/wp\/v2\/product_cat?post=23378"},{"taxonomy":"product_tag","embeddable":true,"href":"https:\/\/zoo-land.az\/ru\/wp-json\/wp\/v2\/product_tag?post=23378"}],"curies":[{"name":"wp","href":"https:\/\/api.w.org\/{rel}","templated":true}]}}