{"id":23383,"date":"2024-06-11T15:14:53","date_gmt":"2024-06-11T15:14:53","guid":{"rendered":"https:\/\/lightsteelblue-zebra-299715.hostingersite.com\/?post_type=product&#038;p=23383"},"modified":"2024-06-11T15:15:26","modified_gmt":"2024-06-11T15:15:26","slug":"pro-plan-large-athletic-1-kg","status":"publish","type":"product","link":"https:\/\/zoo-land.az\/ru\/shop\/dog\/dog-food\/pro-plan-large-athletic-1-kg\/","title":{"rendered":"Pro Plan Large Athletic 1 \u043a\u0433"},"content":{"rendered":"<p>For large atheltic-breed adult dogs, choose PURINA\u00ae PRO PLAN\u00ae DOG Large Athletic Adult with OPTIBALANCE\u2122 to support their nutritional needs. OPTIBALANCE\u2122 is a combination of specific nutrients at the appropriate levels for your dog&#8217;s age and physique, helping them to stay happy and healthy as part of an active lifestyle.<\/p>\n<p>OPTIBALANCE TM is made with quality pieces of chicken and includes Vit. D and other key nutrients, to deliver high nutritional performance and help to promote adult dogs&#8217; overall health<\/p>\n<p>PURINA\u00ae PRO PLAN\u00ae DOG Large Athletic adult food with OPTIBALANCE\u2122 helps support your dog&#8217;s healthy joints, helps look after their dental health, and encourages high nutrient absorption to ensure they get everything they need from their food with every meal. Made with high quality pieces of chicken, this complete dry dog food contains everything your athletic dog needs to help keep him healthy every day.<\/p>\n<p><strong>\u041f\u0440\u0435\u0438\u043c\u0443\u0449\u0435\u0441\u0442\u0432\u0430:<\/strong><\/p>\n<ul>\n<li>Specially formulated for dental care<\/li>\n<li>Helps support healthy joints<\/li>\n<li>High nutrient absorption<\/li>\n<li>Specially formulated for large breed dogs with an athletic physique<\/li>\n<li>Contains high quality pieces of chicken<\/li>\n<\/ul>","protected":false},"excerpt":{"rendered":"<p>For large atheltic-breed adult dogs, choose PURINA\u00ae PRO PLAN\u00ae DOG Large Athletic Adult with OPTIBALANCE\u2122 to support their nutritional needs. OPTIBALANCE\u2122 is a combination of specific nutrients at the appropriate levels for your dog&#8217;s age and physique, helping them to stay happy and healthy as part of an active lifestyle.<\/p>","protected":false},"featured_media":22397,"template":"","meta":{"inline_featured_image":false,"_joinchat":[]},"product_cat":[132,107],"product_tag":[],"class_list":{"0":"post-23383","1":"product","2":"type-product","3":"status-publish","4":"has-post-thumbnail","6":"product_brand-proplan","7":"product_cat-dog-food","8":"product_cat-dog","10":"first","11":"instock","12":"shipping-taxable","13":"purchasable","14":"product-type-simple"},"yoast_head":"<!-- This site is optimized with the Yoast SEO plugin v26.7 - https:\/\/yoast.com\/wordpress\/plugins\/seo\/ -->\n<title>Pro Plan Large Athletic 1 kg - Zooland.az<\/title>\n<meta name=\"robots\" content=\"index, follow, max-snippet:-1, max-image-preview:large, max-video-preview:-1\" \/>\n<link rel=\"canonical\" href=\"https:\/\/zoo-land.az\/ru\/shop\/dog\/dog-food\/pro-plan-large-athletic-1-kg\/\" \/>\n<meta property=\"og:locale\" content=\"ru_RU\" \/>\n<meta property=\"og:type\" content=\"article\" \/>\n<meta property=\"og:title\" content=\"Pro Plan Large Athletic 1 kg - Zooland.az\" \/>\n<meta property=\"og:description\" content=\"For large atheltic-breed adult dogs, choose PURINA\u00ae PRO PLAN\u00ae DOG Large Athletic Adult with OPTIBALANCE\u2122 to support their nutritional needs. OPTIBALANCE\u2122 is a combination of specific nutrients at the appropriate levels for your dog&#039;s age and physique, helping them to stay happy and healthy as part of an active lifestyle.\" \/>\n<meta property=\"og:url\" content=\"https:\/\/zoo-land.az\/ru\/shop\/dog\/dog-food\/pro-plan-large-athletic-1-kg\/\" \/>\n<meta property=\"og:site_name\" content=\"Zooland.az\" \/>\n<meta property=\"article:modified_time\" content=\"2024-06-11T15:15:26+00:00\" \/>\n<meta property=\"og:image\" content=\"https:\/\/zoo-land.az\/wp-content\/uploads\/2024\/06\/01_1_051b2d93-3016-4cf2-92ed-36df0a58358f.webp\" \/>\n\t<meta property=\"og:image:width\" content=\"2000\" \/>\n\t<meta property=\"og:image:height\" content=\"2000\" \/>\n\t<meta property=\"og:image:type\" content=\"image\/webp\" \/>\n<meta name=\"twitter:card\" content=\"summary_large_image\" \/>\n<meta name=\"twitter:label1\" content=\"\u041f\u0440\u0438\u043c\u0435\u0440\u043d\u043e\u0435 \u0432\u0440\u0435\u043c\u044f \u0434\u043b\u044f \u0447\u0442\u0435\u043d\u0438\u044f\" \/>\n\t<meta name=\"twitter:data1\" content=\"1 \u043c\u0438\u043d\u0443\u0442\u0430\" \/>\n<script type=\"application\/ld+json\" class=\"yoast-schema-graph\">{\"@context\":\"https:\/\/schema.org\",\"@graph\":[{\"@type\":\"WebPage\",\"@id\":\"https:\/\/zoo-land.az\/ru\/shop\/dog\/dog-food\/pro-plan-large-athletic-1-kg\/\",\"url\":\"https:\/\/zoo-land.az\/ru\/shop\/dog\/dog-food\/pro-plan-large-athletic-1-kg\/\",\"name\":\"Pro Plan Large Athletic 1 kg - Zooland.az\",\"isPartOf\":{\"@id\":\"https:\/\/zoo-land.az\/#website\"},\"primaryImageOfPage\":{\"@id\":\"https:\/\/zoo-land.az\/ru\/shop\/dog\/dog-food\/pro-plan-large-athletic-1-kg\/#primaryimage\"},\"image\":{\"@id\":\"https:\/\/zoo-land.az\/ru\/shop\/dog\/dog-food\/pro-plan-large-athletic-1-kg\/#primaryimage\"},\"thumbnailUrl\":\"https:\/\/zoo-land.az\/wp-content\/uploads\/2024\/06\/01_1_051b2d93-3016-4cf2-92ed-36df0a58358f.webp\",\"datePublished\":\"2024-06-11T15:14:53+00:00\",\"dateModified\":\"2024-06-11T15:15:26+00:00\",\"breadcrumb\":{\"@id\":\"https:\/\/zoo-land.az\/ru\/shop\/dog\/dog-food\/pro-plan-large-athletic-1-kg\/#breadcrumb\"},\"inLanguage\":\"ru-RU\",\"potentialAction\":[{\"@type\":\"ReadAction\",\"target\":[\"https:\/\/zoo-land.az\/ru\/shop\/dog\/dog-food\/pro-plan-large-athletic-1-kg\/\"]}]},{\"@type\":\"ImageObject\",\"inLanguage\":\"ru-RU\",\"@id\":\"https:\/\/zoo-land.az\/ru\/shop\/dog\/dog-food\/pro-plan-large-athletic-1-kg\/#primaryimage\",\"url\":\"https:\/\/zoo-land.az\/wp-content\/uploads\/2024\/06\/01_1_051b2d93-3016-4cf2-92ed-36df0a58358f.webp\",\"contentUrl\":\"https:\/\/zoo-land.az\/wp-content\/uploads\/2024\/06\/01_1_051b2d93-3016-4cf2-92ed-36df0a58358f.webp\",\"width\":2000,\"height\":2000},{\"@type\":\"BreadcrumbList\",\"@id\":\"https:\/\/zoo-land.az\/ru\/shop\/dog\/dog-food\/pro-plan-large-athletic-1-kg\/#breadcrumb\",\"itemListElement\":[{\"@type\":\"ListItem\",\"position\":1,\"name\":\"Home\",\"item\":\"https:\/\/zoo-land.az\/ru\/\"},{\"@type\":\"ListItem\",\"position\":2,\"name\":\"Shop\",\"item\":\"https:\/\/zoo-land.az\/ru\/\"},{\"@type\":\"ListItem\",\"position\":3,\"name\":\"Pro Plan Large Athletic 1 kg\"}]},{\"@type\":\"WebSite\",\"@id\":\"https:\/\/zoo-land.az\/#website\",\"url\":\"https:\/\/zoo-land.az\/\",\"name\":\"Zooland.az\",\"description\":\"Xo\u015fb\u0259xt ev heyvanlar\u0131n\u0131n \u00fcnvan\u0131 Zooland.az\",\"publisher\":{\"@id\":\"https:\/\/zoo-land.az\/#organization\"},\"potentialAction\":[{\"@type\":\"SearchAction\",\"target\":{\"@type\":\"EntryPoint\",\"urlTemplate\":\"https:\/\/zoo-land.az\/?s={search_term_string}\"},\"query-input\":{\"@type\":\"PropertyValueSpecification\",\"valueRequired\":true,\"valueName\":\"search_term_string\"}}],\"inLanguage\":\"ru-RU\"},{\"@type\":\"Organization\",\"@id\":\"https:\/\/zoo-land.az\/#organization\",\"name\":\"Zooland.az\",\"url\":\"https:\/\/zoo-land.az\/\",\"logo\":{\"@type\":\"ImageObject\",\"inLanguage\":\"ru-RU\",\"@id\":\"https:\/\/zoo-land.az\/#\/schema\/logo\/image\/\",\"url\":\"https:\/\/zoo-land.az\/wp-content\/uploads\/2022\/05\/logo.svg\",\"contentUrl\":\"https:\/\/zoo-land.az\/wp-content\/uploads\/2022\/05\/logo.svg\",\"width\":113,\"height\":46,\"caption\":\"Zooland.az\"},\"image\":{\"@id\":\"https:\/\/zoo-land.az\/#\/schema\/logo\/image\/\"}}]}<\/script>\n<!-- \/ Yoast SEO plugin. -->","yoast_head_json":{"title":"Pro Plan Large Athletic 1 kg - Zooland.az","robots":{"index":"index","follow":"follow","max-snippet":"max-snippet:-1","max-image-preview":"max-image-preview:large","max-video-preview":"max-video-preview:-1"},"canonical":"https:\/\/zoo-land.az\/ru\/shop\/dog\/dog-food\/pro-plan-large-athletic-1-kg\/","og_locale":"ru_RU","og_type":"article","og_title":"Pro Plan Large Athletic 1 kg - Zooland.az","og_description":"For large atheltic-breed adult dogs, choose PURINA\u00ae PRO PLAN\u00ae DOG Large Athletic Adult with OPTIBALANCE\u2122 to support their nutritional needs. OPTIBALANCE\u2122 is a combination of specific nutrients at the appropriate levels for your dog's age and physique, helping them to stay happy and healthy as part of an active lifestyle.","og_url":"https:\/\/zoo-land.az\/ru\/shop\/dog\/dog-food\/pro-plan-large-athletic-1-kg\/","og_site_name":"Zooland.az","article_modified_time":"2024-06-11T15:15:26+00:00","og_image":[{"width":2000,"height":2000,"url":"https:\/\/zoo-land.az\/wp-content\/uploads\/2024\/06\/01_1_051b2d93-3016-4cf2-92ed-36df0a58358f.webp","type":"image\/webp"}],"twitter_card":"summary_large_image","twitter_misc":{"\u041f\u0440\u0438\u043c\u0435\u0440\u043d\u043e\u0435 \u0432\u0440\u0435\u043c\u044f \u0434\u043b\u044f \u0447\u0442\u0435\u043d\u0438\u044f":"1 \u043c\u0438\u043d\u0443\u0442\u0430"},"schema":{"@context":"https:\/\/schema.org","@graph":[{"@type":"WebPage","@id":"https:\/\/zoo-land.az\/ru\/shop\/dog\/dog-food\/pro-plan-large-athletic-1-kg\/","url":"https:\/\/zoo-land.az\/ru\/shop\/dog\/dog-food\/pro-plan-large-athletic-1-kg\/","name":"Pro Plan Large Athletic 1 kg - Zooland.az","isPartOf":{"@id":"https:\/\/zoo-land.az\/#website"},"primaryImageOfPage":{"@id":"https:\/\/zoo-land.az\/ru\/shop\/dog\/dog-food\/pro-plan-large-athletic-1-kg\/#primaryimage"},"image":{"@id":"https:\/\/zoo-land.az\/ru\/shop\/dog\/dog-food\/pro-plan-large-athletic-1-kg\/#primaryimage"},"thumbnailUrl":"https:\/\/zoo-land.az\/wp-content\/uploads\/2024\/06\/01_1_051b2d93-3016-4cf2-92ed-36df0a58358f.webp","datePublished":"2024-06-11T15:14:53+00:00","dateModified":"2024-06-11T15:15:26+00:00","breadcrumb":{"@id":"https:\/\/zoo-land.az\/ru\/shop\/dog\/dog-food\/pro-plan-large-athletic-1-kg\/#breadcrumb"},"inLanguage":"ru-RU","potentialAction":[{"@type":"ReadAction","target":["https:\/\/zoo-land.az\/ru\/shop\/dog\/dog-food\/pro-plan-large-athletic-1-kg\/"]}]},{"@type":"ImageObject","inLanguage":"ru-RU","@id":"https:\/\/zoo-land.az\/ru\/shop\/dog\/dog-food\/pro-plan-large-athletic-1-kg\/#primaryimage","url":"https:\/\/zoo-land.az\/wp-content\/uploads\/2024\/06\/01_1_051b2d93-3016-4cf2-92ed-36df0a58358f.webp","contentUrl":"https:\/\/zoo-land.az\/wp-content\/uploads\/2024\/06\/01_1_051b2d93-3016-4cf2-92ed-36df0a58358f.webp","width":2000,"height":2000},{"@type":"BreadcrumbList","@id":"https:\/\/zoo-land.az\/ru\/shop\/dog\/dog-food\/pro-plan-large-athletic-1-kg\/#breadcrumb","itemListElement":[{"@type":"ListItem","position":1,"name":"Home","item":"https:\/\/zoo-land.az\/ru\/"},{"@type":"ListItem","position":2,"name":"Shop","item":"https:\/\/zoo-land.az\/ru\/"},{"@type":"ListItem","position":3,"name":"Pro Plan Large Athletic 1 kg"}]},{"@type":"WebSite","@id":"https:\/\/zoo-land.az\/#website","url":"https:\/\/zoo-land.az\/","name":"Zooland.az","description":"Xo\u015fb\u0259xt ev heyvanlar\u0131n\u0131n \u00fcnvan\u0131 Zooland.az","publisher":{"@id":"https:\/\/zoo-land.az\/#organization"},"potentialAction":[{"@type":"SearchAction","target":{"@type":"EntryPoint","urlTemplate":"https:\/\/zoo-land.az\/?s={search_term_string}"},"query-input":{"@type":"PropertyValueSpecification","valueRequired":true,"valueName":"search_term_string"}}],"inLanguage":"ru-RU"},{"@type":"Organization","@id":"https:\/\/zoo-land.az\/#organization","name":"Zooland.az","url":"https:\/\/zoo-land.az\/","logo":{"@type":"ImageObject","inLanguage":"ru-RU","@id":"https:\/\/zoo-land.az\/#\/schema\/logo\/image\/","url":"https:\/\/zoo-land.az\/wp-content\/uploads\/2022\/05\/logo.svg","contentUrl":"https:\/\/zoo-land.az\/wp-content\/uploads\/2022\/05\/logo.svg","width":113,"height":46,"caption":"Zooland.az"},"image":{"@id":"https:\/\/zoo-land.az\/#\/schema\/logo\/image\/"}}]}},"_links":{"self":[{"href":"https:\/\/zoo-land.az\/ru\/wp-json\/wp\/v2\/product\/23383","targetHints":{"allow":["GET"]}}],"collection":[{"href":"https:\/\/zoo-land.az\/ru\/wp-json\/wp\/v2\/product"}],"about":[{"href":"https:\/\/zoo-land.az\/ru\/wp-json\/wp\/v2\/types\/product"}],"wp:featuredmedia":[{"embeddable":true,"href":"https:\/\/zoo-land.az\/ru\/wp-json\/wp\/v2\/media\/22397"}],"wp:attachment":[{"href":"https:\/\/zoo-land.az\/ru\/wp-json\/wp\/v2\/media?parent=23383"}],"wp:term":[{"taxonomy":"product_cat","embeddable":true,"href":"https:\/\/zoo-land.az\/ru\/wp-json\/wp\/v2\/product_cat?post=23383"},{"taxonomy":"product_tag","embeddable":true,"href":"https:\/\/zoo-land.az\/ru\/wp-json\/wp\/v2\/product_tag?post=23383"}],"curies":[{"name":"wp","href":"https:\/\/api.w.org\/{rel}","templated":true}]}}