{"id":23389,"date":"2024-06-11T15:21:41","date_gmt":"2024-06-11T15:21:41","guid":{"rendered":"https:\/\/lightsteelblue-zebra-299715.hostingersite.com\/?post_type=product&#038;p=23389"},"modified":"2026-03-13T15:25:40","modified_gmt":"2026-03-13T11:25:40","slug":"pro-plan-sterilised-cat-turkey-10-kg-copy","status":"publish","type":"product","link":"https:\/\/zoo-land.az\/ru\/shop\/cat\/cat-foods\/pro-plan-sterilised-cat-turkey-10-kg-copy\/","title":{"rendered":"Pro Plan Sterilised cat Turkey 1 kg"},"content":{"rendered":"<div class=\"flex flex-grow flex-col max-w-full\">\n<div class=\"min-h-[20px] text-message flex flex-col items-start whitespace-pre-wrap break-words [.text-message+&amp;]:mt-5 juice:w-full juice:items-end overflow-x-auto gap-2\" dir=\"auto\" data-message-author-role=\"assistant\" data-message-id=\"4ab0774b-922e-4214-bf74-e457a566e237\">\n<div class=\"flex w-full flex-col gap-1 juice:empty:hidden juice:first:pt-[3px]\">\n<div class=\"markdown prose w-full break-words dark:prose-invert light\">\n<p>The proven Longevis formula, included in Purina Pro Plan Sterilized Senior 7+ with Turkey, was developed with the help of scientists and veterinarians. This formula can help improve the longevity and overall health of your senior cat. It helps cats aged 7+ stay healthy and active by supporting their vital organs, maintaining body weight, and strengthening the immune system with a vital combination of beta-carotene, vitamins C, A, and E, omega fatty acids, and antioxidants.<\/p>\n<p><strong>\u041a\u043b\u044e\u0447\u0435\u0432\u044b\u0435 \u043f\u0440\u0435\u0438\u043c\u0443\u0449\u0435\u0441\u0442\u0432\u0430:<\/strong><\/p>\n<ul>\n<li><strong>Longevity and Vitality:<\/strong> The Longevis formula supports a longer, healthier life.<\/li>\n<li><strong>Organ Support:<\/strong> Helps support the main organs of senior cats.<\/li>\n<li><strong>Weight Management:<\/strong> Assists in maintaining a healthy body weight.<\/li>\n<li><strong>Immune System Boost:<\/strong> Strengthens the immune system with beta-carotene, vitamins C, A, and E, omega fatty acids, and antioxidants.<\/li>\n<li><strong>Kidney Health:<\/strong> Contains optimal levels of minerals to support kidney function, ideal for sterilized cats or those prone to urinary tract infections.<\/li>\n<li><strong>Digestive Health:<\/strong> Rich in natural prebiotics from chicory, which supports a healthy digestive system and balanced gut flora.<\/li>\n<\/ul>\n<p><strong>\u0418\u043d\u0433\u0440\u0435\u0434\u0438\u0435\u043d\u0442\u044b:<\/strong><\/p>\n<ul>\n<li><strong>Primary Protein:<\/strong> High-quality turkey, which is easily digestible and flavorful.<\/li>\n<li><strong>Natural Chicory:<\/strong> Promotes healthy digestion through natural prebiotics.<\/li>\n<\/ul>\n<p><strong>Overall Benefits:<\/strong><\/p>\n<ul>\n<li>Supports senior cats&#8217; health and prevents kidney or urinary tract issues.<\/li>\n<li>Ensures a balanced diet tailored to the needs of senior, sterilized cats.<\/li>\n<\/ul>\n<p>By choosing Purina Pro Plan Sterilized Senior 7+ with Turkey, you provide your senior cat with a nutritionally balanced diet that promotes longevity, organ health, and overall well-being.<\/p>\n<\/div>\n<\/div>\n<\/div>\n<\/div>\n<div class=\"mt-1 flex gap-3 empty:hidden juice:-ml-3\">\n<div class=\"items-center justify-start rounded-xl p-1 flex\">\n<div class=\"flex items-center\">\n<p>&nbsp;<\/p>\n<div class=\"flex\"><\/div>\n<div class=\"flex items-center pb-0.5 juice:pb-0\">\n<div class=\"[&amp;_svg]:h-full [&amp;_svg]:w-full icon-md h-4 w-4\"><\/div>\n<\/div>\n<\/div>\n<\/div>\n<\/div>","protected":false},"excerpt":{"rendered":"<p>The proven Longevis formula, included in Purina Pro Plan Sterilized Senior 7+ with Turkey, was developed with the help of scientists and veterinarians. This formula can help improve the longevity and overall health of your senior cat. It helps cats aged 7+ stay healthy and active by supporting their vital organs, maintaining body weight, and strengthening the immune system with a vital combination of beta-carotene, vitamins C, A, and E, omega fatty acids, and antioxidants.<\/p>","protected":false},"featured_media":22407,"template":"","meta":{"inline_featured_image":false,"_joinchat":[]},"product_cat":[189,188],"product_tag":[],"class_list":{"0":"post-23389","1":"product","2":"type-product","3":"status-publish","4":"has-post-thumbnail","6":"product_brand-proplan","7":"product_cat-cat-foods","8":"product_cat-cat","10":"first","11":"instock","12":"shipping-taxable","13":"purchasable","14":"product-type-simple"},"yoast_head":"<!-- This site is optimized with the Yoast SEO plugin v26.7 - https:\/\/yoast.com\/wordpress\/plugins\/seo\/ -->\n<title>Pro Plan Sterilised cat Turkey 1 kg - Zooland.az<\/title>\n<meta name=\"robots\" content=\"index, follow, max-snippet:-1, max-image-preview:large, max-video-preview:-1\" \/>\n<link rel=\"canonical\" href=\"https:\/\/zoo-land.az\/ru\/shop\/cat\/cat-foods\/pro-plan-sterilised-cat-turkey-10-kg-copy\/\" \/>\n<meta property=\"og:locale\" content=\"ru_RU\" \/>\n<meta property=\"og:type\" content=\"article\" \/>\n<meta property=\"og:title\" content=\"Pro Plan Sterilised cat Turkey 1 kg - Zooland.az\" \/>\n<meta property=\"og:description\" content=\"The proven Longevis formula, included in Purina Pro Plan Sterilized Senior 7+ with Turkey, was developed with the help of scientists and veterinarians. This formula can help improve the longevity and overall health of your senior cat. It helps cats aged 7+ stay healthy and active by supporting their vital organs, maintaining body weight, and strengthening the immune system with a vital combination of beta-carotene, vitamins C, A, and E, omega fatty acids, and antioxidants.\" \/>\n<meta property=\"og:url\" content=\"https:\/\/zoo-land.az\/ru\/shop\/cat\/cat-foods\/pro-plan-sterilised-cat-turkey-10-kg-copy\/\" \/>\n<meta property=\"og:site_name\" content=\"Zooland.az\" \/>\n<meta property=\"article:modified_time\" content=\"2026-03-13T11:25:40+00:00\" \/>\n<meta property=\"og:image\" content=\"http:\/\/zoo-land.az\/wp-content\/uploads\/2024\/06\/korm-dlja-koshek-pro-plan-sterilised-cat-turkey-renal-1-5-kg-original.jpg\" \/>\n\t<meta property=\"og:image:width\" content=\"800\" \/>\n\t<meta property=\"og:image:height\" content=\"800\" \/>\n\t<meta property=\"og:image:type\" content=\"image\/jpeg\" \/>\n<meta name=\"twitter:card\" content=\"summary_large_image\" \/>\n<meta name=\"twitter:label1\" content=\"\u041f\u0440\u0438\u043c\u0435\u0440\u043d\u043e\u0435 \u0432\u0440\u0435\u043c\u044f \u0434\u043b\u044f \u0447\u0442\u0435\u043d\u0438\u044f\" \/>\n\t<meta name=\"twitter:data1\" content=\"1 \u043c\u0438\u043d\u0443\u0442\u0430\" \/>\n<script type=\"application\/ld+json\" class=\"yoast-schema-graph\">{\"@context\":\"https:\/\/schema.org\",\"@graph\":[{\"@type\":\"WebPage\",\"@id\":\"https:\/\/zoo-land.az\/shop\/cat\/cat-foods\/pro-plan-sterilised-cat-turkey-10-kg-copy\/\",\"url\":\"https:\/\/zoo-land.az\/shop\/cat\/cat-foods\/pro-plan-sterilised-cat-turkey-10-kg-copy\/\",\"name\":\"Pro Plan Sterilised cat Turkey 1 kg - Zooland.az\",\"isPartOf\":{\"@id\":\"https:\/\/zoo-land.az\/#website\"},\"primaryImageOfPage\":{\"@id\":\"https:\/\/zoo-land.az\/shop\/cat\/cat-foods\/pro-plan-sterilised-cat-turkey-10-kg-copy\/#primaryimage\"},\"image\":{\"@id\":\"https:\/\/zoo-land.az\/shop\/cat\/cat-foods\/pro-plan-sterilised-cat-turkey-10-kg-copy\/#primaryimage\"},\"thumbnailUrl\":\"https:\/\/zoo-land.az\/wp-content\/uploads\/2024\/06\/korm-dlja-koshek-pro-plan-sterilised-cat-turkey-renal-1-5-kg-original.jpg\",\"datePublished\":\"2024-06-11T15:21:41+00:00\",\"dateModified\":\"2026-03-13T11:25:40+00:00\",\"breadcrumb\":{\"@id\":\"https:\/\/zoo-land.az\/shop\/cat\/cat-foods\/pro-plan-sterilised-cat-turkey-10-kg-copy\/#breadcrumb\"},\"inLanguage\":\"ru-RU\",\"potentialAction\":[{\"@type\":\"ReadAction\",\"target\":[\"https:\/\/zoo-land.az\/shop\/cat\/cat-foods\/pro-plan-sterilised-cat-turkey-10-kg-copy\/\"]}]},{\"@type\":\"ImageObject\",\"inLanguage\":\"ru-RU\",\"@id\":\"https:\/\/zoo-land.az\/shop\/cat\/cat-foods\/pro-plan-sterilised-cat-turkey-10-kg-copy\/#primaryimage\",\"url\":\"https:\/\/zoo-land.az\/wp-content\/uploads\/2024\/06\/korm-dlja-koshek-pro-plan-sterilised-cat-turkey-renal-1-5-kg-original.jpg\",\"contentUrl\":\"https:\/\/zoo-land.az\/wp-content\/uploads\/2024\/06\/korm-dlja-koshek-pro-plan-sterilised-cat-turkey-renal-1-5-kg-original.jpg\",\"width\":800,\"height\":800},{\"@type\":\"BreadcrumbList\",\"@id\":\"https:\/\/zoo-land.az\/shop\/cat\/cat-foods\/pro-plan-sterilised-cat-turkey-10-kg-copy\/#breadcrumb\",\"itemListElement\":[{\"@type\":\"ListItem\",\"position\":1,\"name\":\"Home\",\"item\":\"https:\/\/zoo-land.az\/ru\/\"},{\"@type\":\"ListItem\",\"position\":2,\"name\":\"Shop\",\"item\":\"https:\/\/zoo-land.az\/ru\/\"},{\"@type\":\"ListItem\",\"position\":3,\"name\":\"Pro Plan Sterilised cat Turkey 1 kg\"}]},{\"@type\":\"WebSite\",\"@id\":\"https:\/\/zoo-land.az\/#website\",\"url\":\"https:\/\/zoo-land.az\/\",\"name\":\"Zooland.az\",\"description\":\"Xo\u015fb\u0259xt ev heyvanlar\u0131n\u0131n \u00fcnvan\u0131 Zooland.az\",\"publisher\":{\"@id\":\"https:\/\/zoo-land.az\/#organization\"},\"potentialAction\":[{\"@type\":\"SearchAction\",\"target\":{\"@type\":\"EntryPoint\",\"urlTemplate\":\"https:\/\/zoo-land.az\/?s={search_term_string}\"},\"query-input\":{\"@type\":\"PropertyValueSpecification\",\"valueRequired\":true,\"valueName\":\"search_term_string\"}}],\"inLanguage\":\"ru-RU\"},{\"@type\":\"Organization\",\"@id\":\"https:\/\/zoo-land.az\/#organization\",\"name\":\"Zooland.az\",\"url\":\"https:\/\/zoo-land.az\/\",\"logo\":{\"@type\":\"ImageObject\",\"inLanguage\":\"ru-RU\",\"@id\":\"https:\/\/zoo-land.az\/#\/schema\/logo\/image\/\",\"url\":\"https:\/\/zoo-land.az\/wp-content\/uploads\/2022\/05\/logo.svg\",\"contentUrl\":\"https:\/\/zoo-land.az\/wp-content\/uploads\/2022\/05\/logo.svg\",\"width\":113,\"height\":46,\"caption\":\"Zooland.az\"},\"image\":{\"@id\":\"https:\/\/zoo-land.az\/#\/schema\/logo\/image\/\"}}]}<\/script>\n<!-- \/ Yoast SEO plugin. -->","yoast_head_json":{"title":"Pro Plan Sterilised cat Turkey 1 kg - Zooland.az","robots":{"index":"index","follow":"follow","max-snippet":"max-snippet:-1","max-image-preview":"max-image-preview:large","max-video-preview":"max-video-preview:-1"},"canonical":"https:\/\/zoo-land.az\/ru\/shop\/cat\/cat-foods\/pro-plan-sterilised-cat-turkey-10-kg-copy\/","og_locale":"ru_RU","og_type":"article","og_title":"Pro Plan Sterilised cat Turkey 1 kg - Zooland.az","og_description":"The proven Longevis formula, included in Purina Pro Plan Sterilized Senior 7+ with Turkey, was developed with the help of scientists and veterinarians. This formula can help improve the longevity and overall health of your senior cat. It helps cats aged 7+ stay healthy and active by supporting their vital organs, maintaining body weight, and strengthening the immune system with a vital combination of beta-carotene, vitamins C, A, and E, omega fatty acids, and antioxidants.","og_url":"https:\/\/zoo-land.az\/ru\/shop\/cat\/cat-foods\/pro-plan-sterilised-cat-turkey-10-kg-copy\/","og_site_name":"Zooland.az","article_modified_time":"2026-03-13T11:25:40+00:00","og_image":[{"width":800,"height":800,"url":"http:\/\/zoo-land.az\/wp-content\/uploads\/2024\/06\/korm-dlja-koshek-pro-plan-sterilised-cat-turkey-renal-1-5-kg-original.jpg","type":"image\/jpeg"}],"twitter_card":"summary_large_image","twitter_misc":{"\u041f\u0440\u0438\u043c\u0435\u0440\u043d\u043e\u0435 \u0432\u0440\u0435\u043c\u044f \u0434\u043b\u044f \u0447\u0442\u0435\u043d\u0438\u044f":"1 \u043c\u0438\u043d\u0443\u0442\u0430"},"schema":{"@context":"https:\/\/schema.org","@graph":[{"@type":"WebPage","@id":"https:\/\/zoo-land.az\/shop\/cat\/cat-foods\/pro-plan-sterilised-cat-turkey-10-kg-copy\/","url":"https:\/\/zoo-land.az\/shop\/cat\/cat-foods\/pro-plan-sterilised-cat-turkey-10-kg-copy\/","name":"Pro Plan Sterilised cat Turkey 1 kg - Zooland.az","isPartOf":{"@id":"https:\/\/zoo-land.az\/#website"},"primaryImageOfPage":{"@id":"https:\/\/zoo-land.az\/shop\/cat\/cat-foods\/pro-plan-sterilised-cat-turkey-10-kg-copy\/#primaryimage"},"image":{"@id":"https:\/\/zoo-land.az\/shop\/cat\/cat-foods\/pro-plan-sterilised-cat-turkey-10-kg-copy\/#primaryimage"},"thumbnailUrl":"https:\/\/zoo-land.az\/wp-content\/uploads\/2024\/06\/korm-dlja-koshek-pro-plan-sterilised-cat-turkey-renal-1-5-kg-original.jpg","datePublished":"2024-06-11T15:21:41+00:00","dateModified":"2026-03-13T11:25:40+00:00","breadcrumb":{"@id":"https:\/\/zoo-land.az\/shop\/cat\/cat-foods\/pro-plan-sterilised-cat-turkey-10-kg-copy\/#breadcrumb"},"inLanguage":"ru-RU","potentialAction":[{"@type":"ReadAction","target":["https:\/\/zoo-land.az\/shop\/cat\/cat-foods\/pro-plan-sterilised-cat-turkey-10-kg-copy\/"]}]},{"@type":"ImageObject","inLanguage":"ru-RU","@id":"https:\/\/zoo-land.az\/shop\/cat\/cat-foods\/pro-plan-sterilised-cat-turkey-10-kg-copy\/#primaryimage","url":"https:\/\/zoo-land.az\/wp-content\/uploads\/2024\/06\/korm-dlja-koshek-pro-plan-sterilised-cat-turkey-renal-1-5-kg-original.jpg","contentUrl":"https:\/\/zoo-land.az\/wp-content\/uploads\/2024\/06\/korm-dlja-koshek-pro-plan-sterilised-cat-turkey-renal-1-5-kg-original.jpg","width":800,"height":800},{"@type":"BreadcrumbList","@id":"https:\/\/zoo-land.az\/shop\/cat\/cat-foods\/pro-plan-sterilised-cat-turkey-10-kg-copy\/#breadcrumb","itemListElement":[{"@type":"ListItem","position":1,"name":"Home","item":"https:\/\/zoo-land.az\/ru\/"},{"@type":"ListItem","position":2,"name":"Shop","item":"https:\/\/zoo-land.az\/ru\/"},{"@type":"ListItem","position":3,"name":"Pro Plan Sterilised cat Turkey 1 kg"}]},{"@type":"WebSite","@id":"https:\/\/zoo-land.az\/#website","url":"https:\/\/zoo-land.az\/","name":"Zooland.az","description":"Xo\u015fb\u0259xt ev heyvanlar\u0131n\u0131n \u00fcnvan\u0131 Zooland.az","publisher":{"@id":"https:\/\/zoo-land.az\/#organization"},"potentialAction":[{"@type":"SearchAction","target":{"@type":"EntryPoint","urlTemplate":"https:\/\/zoo-land.az\/?s={search_term_string}"},"query-input":{"@type":"PropertyValueSpecification","valueRequired":true,"valueName":"search_term_string"}}],"inLanguage":"ru-RU"},{"@type":"Organization","@id":"https:\/\/zoo-land.az\/#organization","name":"Zooland.az","url":"https:\/\/zoo-land.az\/","logo":{"@type":"ImageObject","inLanguage":"ru-RU","@id":"https:\/\/zoo-land.az\/#\/schema\/logo\/image\/","url":"https:\/\/zoo-land.az\/wp-content\/uploads\/2022\/05\/logo.svg","contentUrl":"https:\/\/zoo-land.az\/wp-content\/uploads\/2022\/05\/logo.svg","width":113,"height":46,"caption":"Zooland.az"},"image":{"@id":"https:\/\/zoo-land.az\/#\/schema\/logo\/image\/"}}]}},"_links":{"self":[{"href":"https:\/\/zoo-land.az\/ru\/wp-json\/wp\/v2\/product\/23389","targetHints":{"allow":["GET"]}}],"collection":[{"href":"https:\/\/zoo-land.az\/ru\/wp-json\/wp\/v2\/product"}],"about":[{"href":"https:\/\/zoo-land.az\/ru\/wp-json\/wp\/v2\/types\/product"}],"wp:featuredmedia":[{"embeddable":true,"href":"https:\/\/zoo-land.az\/ru\/wp-json\/wp\/v2\/media\/22407"}],"wp:attachment":[{"href":"https:\/\/zoo-land.az\/ru\/wp-json\/wp\/v2\/media?parent=23389"}],"wp:term":[{"taxonomy":"product_cat","embeddable":true,"href":"https:\/\/zoo-land.az\/ru\/wp-json\/wp\/v2\/product_cat?post=23389"},{"taxonomy":"product_tag","embeddable":true,"href":"https:\/\/zoo-land.az\/ru\/wp-json\/wp\/v2\/product_tag?post=23389"}],"curies":[{"name":"wp","href":"https:\/\/api.w.org\/{rel}","templated":true}]}}