{"id":23393,"date":"2024-06-11T15:26:39","date_gmt":"2024-06-11T15:26:39","guid":{"rendered":"https:\/\/lightsteelblue-zebra-299715.hostingersite.com\/?post_type=product&#038;p=23393"},"modified":"2026-03-13T15:18:44","modified_gmt":"2026-03-13T11:18:44","slug":"pro-plan-delicate-cat-turkey-1-kg","status":"publish","type":"product","link":"https:\/\/zoo-land.az\/ru\/shop\/cat\/cat-foods\/pro-plan-delicate-cat-turkey-1-kg\/","title":{"rendered":"Pro Plan Delicate Cat \u0418\u043d\u0434\u0435\u0439\u043a\u0430 1 \u043a\u0433"},"content":{"rendered":"<ul>\n<li>A complete and balanced dry food for adult cats 1+ specially formulated for cats with sensitive digestion or fussy appetites. Specially formulated with selected protein sources, to help support food tolerance.<\/li>\n<li>Contains OPTIDIGEST, a special combination of ingredients including natural prebiotics to help promote digestive health.<\/li>\n<li>Our unique blend of ingredients including antioxidants and essential fatty acids that help to promote healthy kidneys.<\/li>\n<li>This highly palatable recipe is made with high quality ingredients, with turkey as No.1 ingredient, offering great taste cats love.<\/li>\n<\/ul>","protected":false},"excerpt":{"rendered":"<ul>\n<li>A complete and balanced dry food for adult cats 1+ specially formulated for cats with sensitive digestion or fussy appetites. Specially formulated with selected protein sources, to help support food tolerance.<\/li>\n<li>Contains OPTIDIGEST, a special combination of ingredients including natural prebiotics to help promote digestive health.<\/li>\n<li>Our unique blend of ingredients including antioxidants and essential fatty acids that help to promote healthy kidneys.<\/li>\n<li>This highly palatable recipe is made with high quality ingredients, with turkey as No.1 ingredient, offering great taste cats love.<\/li>\n<\/ul>","protected":false},"featured_media":22400,"template":"","meta":{"inline_featured_image":false,"_joinchat":[]},"product_cat":[189,188],"product_tag":[],"class_list":{"0":"post-23393","1":"product","2":"type-product","3":"status-publish","4":"has-post-thumbnail","6":"product_brand-proplan","7":"product_cat-cat-foods","8":"product_cat-cat","10":"first","11":"instock","12":"shipping-taxable","13":"purchasable","14":"product-type-simple"},"yoast_head":"<!-- This site is optimized with the Yoast SEO plugin v26.7 - https:\/\/yoast.com\/wordpress\/plugins\/seo\/ -->\n<title>Pro Plan Delicate Cat Turkey 1 kg - Zooland.az<\/title>\n<meta name=\"robots\" content=\"index, follow, max-snippet:-1, max-image-preview:large, max-video-preview:-1\" \/>\n<link rel=\"canonical\" href=\"https:\/\/zoo-land.az\/ru\/shop\/cat\/cat-foods\/pro-plan-delicate-cat-turkey-1-kg\/\" \/>\n<meta property=\"og:locale\" content=\"ru_RU\" \/>\n<meta property=\"og:type\" content=\"article\" \/>\n<meta property=\"og:title\" content=\"Pro Plan Delicate Cat Turkey 1 kg - Zooland.az\" \/>\n<meta property=\"og:description\" content=\"A complete and balanced dry food for adult cats 1+ specially formulated for cats with sensitive digestion or fussy appetites. Specially formulated with selected protein sources, to help support food tolerance.  Contains OPTIDIGEST, a special combination of ingredients including natural prebiotics to help promote digestive health.  Our unique blend of ingredients including antioxidants and essential fatty acids that help to promote healthy kidneys.  This highly palatable recipe is made with high quality ingredients, with turkey as No.1 ingredient, offering great taste cats love.\" \/>\n<meta property=\"og:url\" content=\"https:\/\/zoo-land.az\/ru\/shop\/cat\/cat-foods\/pro-plan-delicate-cat-turkey-1-kg\/\" \/>\n<meta property=\"og:site_name\" content=\"Zooland.az\" \/>\n<meta property=\"article:modified_time\" content=\"2026-03-13T11:18:44+00:00\" \/>\n<meta property=\"og:image\" content=\"http:\/\/zoo-land.az\/wp-content\/uploads\/2024\/06\/13_1.webp\" \/>\n\t<meta property=\"og:image:width\" content=\"2000\" \/>\n\t<meta property=\"og:image:height\" content=\"2000\" \/>\n\t<meta property=\"og:image:type\" content=\"image\/webp\" \/>\n<meta name=\"twitter:card\" content=\"summary_large_image\" \/>\n<script type=\"application\/ld+json\" class=\"yoast-schema-graph\">{\"@context\":\"https:\/\/schema.org\",\"@graph\":[{\"@type\":\"WebPage\",\"@id\":\"https:\/\/zoo-land.az\/shop\/cat\/cat-foods\/pro-plan-delicate-cat-turkey-1-kg\/\",\"url\":\"https:\/\/zoo-land.az\/shop\/cat\/cat-foods\/pro-plan-delicate-cat-turkey-1-kg\/\",\"name\":\"Pro Plan Delicate Cat Turkey 1 kg - Zooland.az\",\"isPartOf\":{\"@id\":\"https:\/\/zoo-land.az\/#website\"},\"primaryImageOfPage\":{\"@id\":\"https:\/\/zoo-land.az\/shop\/cat\/cat-foods\/pro-plan-delicate-cat-turkey-1-kg\/#primaryimage\"},\"image\":{\"@id\":\"https:\/\/zoo-land.az\/shop\/cat\/cat-foods\/pro-plan-delicate-cat-turkey-1-kg\/#primaryimage\"},\"thumbnailUrl\":\"https:\/\/zoo-land.az\/wp-content\/uploads\/2024\/06\/13_1.webp\",\"datePublished\":\"2024-06-11T15:26:39+00:00\",\"dateModified\":\"2026-03-13T11:18:44+00:00\",\"breadcrumb\":{\"@id\":\"https:\/\/zoo-land.az\/shop\/cat\/cat-foods\/pro-plan-delicate-cat-turkey-1-kg\/#breadcrumb\"},\"inLanguage\":\"ru-RU\",\"potentialAction\":[{\"@type\":\"ReadAction\",\"target\":[\"https:\/\/zoo-land.az\/shop\/cat\/cat-foods\/pro-plan-delicate-cat-turkey-1-kg\/\"]}]},{\"@type\":\"ImageObject\",\"inLanguage\":\"ru-RU\",\"@id\":\"https:\/\/zoo-land.az\/shop\/cat\/cat-foods\/pro-plan-delicate-cat-turkey-1-kg\/#primaryimage\",\"url\":\"https:\/\/zoo-land.az\/wp-content\/uploads\/2024\/06\/13_1.webp\",\"contentUrl\":\"https:\/\/zoo-land.az\/wp-content\/uploads\/2024\/06\/13_1.webp\",\"width\":2000,\"height\":2000},{\"@type\":\"BreadcrumbList\",\"@id\":\"https:\/\/zoo-land.az\/shop\/cat\/cat-foods\/pro-plan-delicate-cat-turkey-1-kg\/#breadcrumb\",\"itemListElement\":[{\"@type\":\"ListItem\",\"position\":1,\"name\":\"Home\",\"item\":\"https:\/\/zoo-land.az\/ru\/\"},{\"@type\":\"ListItem\",\"position\":2,\"name\":\"Shop\",\"item\":\"https:\/\/zoo-land.az\/ru\/\"},{\"@type\":\"ListItem\",\"position\":3,\"name\":\"Pro Plan Delicate Cat Turkey 1 kg\"}]},{\"@type\":\"WebSite\",\"@id\":\"https:\/\/zoo-land.az\/#website\",\"url\":\"https:\/\/zoo-land.az\/\",\"name\":\"Zooland.az\",\"description\":\"Xo\u015fb\u0259xt ev heyvanlar\u0131n\u0131n \u00fcnvan\u0131 Zooland.az\",\"publisher\":{\"@id\":\"https:\/\/zoo-land.az\/#organization\"},\"potentialAction\":[{\"@type\":\"SearchAction\",\"target\":{\"@type\":\"EntryPoint\",\"urlTemplate\":\"https:\/\/zoo-land.az\/?s={search_term_string}\"},\"query-input\":{\"@type\":\"PropertyValueSpecification\",\"valueRequired\":true,\"valueName\":\"search_term_string\"}}],\"inLanguage\":\"ru-RU\"},{\"@type\":\"Organization\",\"@id\":\"https:\/\/zoo-land.az\/#organization\",\"name\":\"Zooland.az\",\"url\":\"https:\/\/zoo-land.az\/\",\"logo\":{\"@type\":\"ImageObject\",\"inLanguage\":\"ru-RU\",\"@id\":\"https:\/\/zoo-land.az\/#\/schema\/logo\/image\/\",\"url\":\"https:\/\/zoo-land.az\/wp-content\/uploads\/2022\/05\/logo.svg\",\"contentUrl\":\"https:\/\/zoo-land.az\/wp-content\/uploads\/2022\/05\/logo.svg\",\"width\":113,\"height\":46,\"caption\":\"Zooland.az\"},\"image\":{\"@id\":\"https:\/\/zoo-land.az\/#\/schema\/logo\/image\/\"}}]}<\/script>\n<!-- \/ Yoast SEO plugin. -->","yoast_head_json":{"title":"Pro Plan Delicate Cat Turkey 1 kg - Zooland.az","robots":{"index":"index","follow":"follow","max-snippet":"max-snippet:-1","max-image-preview":"max-image-preview:large","max-video-preview":"max-video-preview:-1"},"canonical":"https:\/\/zoo-land.az\/ru\/shop\/cat\/cat-foods\/pro-plan-delicate-cat-turkey-1-kg\/","og_locale":"ru_RU","og_type":"article","og_title":"Pro Plan Delicate Cat Turkey 1 kg - Zooland.az","og_description":"A complete and balanced dry food for adult cats 1+ specially formulated for cats with sensitive digestion or fussy appetites. Specially formulated with selected protein sources, to help support food tolerance.  Contains OPTIDIGEST, a special combination of ingredients including natural prebiotics to help promote digestive health.  Our unique blend of ingredients including antioxidants and essential fatty acids that help to promote healthy kidneys.  This highly palatable recipe is made with high quality ingredients, with turkey as No.1 ingredient, offering great taste cats love.","og_url":"https:\/\/zoo-land.az\/ru\/shop\/cat\/cat-foods\/pro-plan-delicate-cat-turkey-1-kg\/","og_site_name":"Zooland.az","article_modified_time":"2026-03-13T11:18:44+00:00","og_image":[{"width":2000,"height":2000,"url":"http:\/\/zoo-land.az\/wp-content\/uploads\/2024\/06\/13_1.webp","type":"image\/webp"}],"twitter_card":"summary_large_image","schema":{"@context":"https:\/\/schema.org","@graph":[{"@type":"WebPage","@id":"https:\/\/zoo-land.az\/shop\/cat\/cat-foods\/pro-plan-delicate-cat-turkey-1-kg\/","url":"https:\/\/zoo-land.az\/shop\/cat\/cat-foods\/pro-plan-delicate-cat-turkey-1-kg\/","name":"Pro Plan Delicate Cat Turkey 1 kg - Zooland.az","isPartOf":{"@id":"https:\/\/zoo-land.az\/#website"},"primaryImageOfPage":{"@id":"https:\/\/zoo-land.az\/shop\/cat\/cat-foods\/pro-plan-delicate-cat-turkey-1-kg\/#primaryimage"},"image":{"@id":"https:\/\/zoo-land.az\/shop\/cat\/cat-foods\/pro-plan-delicate-cat-turkey-1-kg\/#primaryimage"},"thumbnailUrl":"https:\/\/zoo-land.az\/wp-content\/uploads\/2024\/06\/13_1.webp","datePublished":"2024-06-11T15:26:39+00:00","dateModified":"2026-03-13T11:18:44+00:00","breadcrumb":{"@id":"https:\/\/zoo-land.az\/shop\/cat\/cat-foods\/pro-plan-delicate-cat-turkey-1-kg\/#breadcrumb"},"inLanguage":"ru-RU","potentialAction":[{"@type":"ReadAction","target":["https:\/\/zoo-land.az\/shop\/cat\/cat-foods\/pro-plan-delicate-cat-turkey-1-kg\/"]}]},{"@type":"ImageObject","inLanguage":"ru-RU","@id":"https:\/\/zoo-land.az\/shop\/cat\/cat-foods\/pro-plan-delicate-cat-turkey-1-kg\/#primaryimage","url":"https:\/\/zoo-land.az\/wp-content\/uploads\/2024\/06\/13_1.webp","contentUrl":"https:\/\/zoo-land.az\/wp-content\/uploads\/2024\/06\/13_1.webp","width":2000,"height":2000},{"@type":"BreadcrumbList","@id":"https:\/\/zoo-land.az\/shop\/cat\/cat-foods\/pro-plan-delicate-cat-turkey-1-kg\/#breadcrumb","itemListElement":[{"@type":"ListItem","position":1,"name":"Home","item":"https:\/\/zoo-land.az\/ru\/"},{"@type":"ListItem","position":2,"name":"Shop","item":"https:\/\/zoo-land.az\/ru\/"},{"@type":"ListItem","position":3,"name":"Pro Plan Delicate Cat Turkey 1 kg"}]},{"@type":"WebSite","@id":"https:\/\/zoo-land.az\/#website","url":"https:\/\/zoo-land.az\/","name":"Zooland.az","description":"Xo\u015fb\u0259xt ev heyvanlar\u0131n\u0131n \u00fcnvan\u0131 Zooland.az","publisher":{"@id":"https:\/\/zoo-land.az\/#organization"},"potentialAction":[{"@type":"SearchAction","target":{"@type":"EntryPoint","urlTemplate":"https:\/\/zoo-land.az\/?s={search_term_string}"},"query-input":{"@type":"PropertyValueSpecification","valueRequired":true,"valueName":"search_term_string"}}],"inLanguage":"ru-RU"},{"@type":"Organization","@id":"https:\/\/zoo-land.az\/#organization","name":"Zooland.az","url":"https:\/\/zoo-land.az\/","logo":{"@type":"ImageObject","inLanguage":"ru-RU","@id":"https:\/\/zoo-land.az\/#\/schema\/logo\/image\/","url":"https:\/\/zoo-land.az\/wp-content\/uploads\/2022\/05\/logo.svg","contentUrl":"https:\/\/zoo-land.az\/wp-content\/uploads\/2022\/05\/logo.svg","width":113,"height":46,"caption":"Zooland.az"},"image":{"@id":"https:\/\/zoo-land.az\/#\/schema\/logo\/image\/"}}]}},"_links":{"self":[{"href":"https:\/\/zoo-land.az\/ru\/wp-json\/wp\/v2\/product\/23393","targetHints":{"allow":["GET"]}}],"collection":[{"href":"https:\/\/zoo-land.az\/ru\/wp-json\/wp\/v2\/product"}],"about":[{"href":"https:\/\/zoo-land.az\/ru\/wp-json\/wp\/v2\/types\/product"}],"wp:featuredmedia":[{"embeddable":true,"href":"https:\/\/zoo-land.az\/ru\/wp-json\/wp\/v2\/media\/22400"}],"wp:attachment":[{"href":"https:\/\/zoo-land.az\/ru\/wp-json\/wp\/v2\/media?parent=23393"}],"wp:term":[{"taxonomy":"product_cat","embeddable":true,"href":"https:\/\/zoo-land.az\/ru\/wp-json\/wp\/v2\/product_cat?post=23393"},{"taxonomy":"product_tag","embeddable":true,"href":"https:\/\/zoo-land.az\/ru\/wp-json\/wp\/v2\/product_tag?post=23393"}],"curies":[{"name":"wp","href":"https:\/\/api.w.org\/{rel}","templated":true}]}}