{"id":23394,"date":"2024-06-11T15:27:57","date_gmt":"2024-06-11T15:27:57","guid":{"rendered":"https:\/\/lightsteelblue-zebra-299715.hostingersite.com\/?post_type=product&#038;p=23394"},"modified":"2026-03-13T15:22:19","modified_gmt":"2026-03-13T11:22:19","slug":"pro-plan-derma-cat-salmon-1-kg","status":"publish","type":"product","link":"https:\/\/zoo-land.az\/ru\/shop\/cat\/cat-foods\/pro-plan-derma-cat-salmon-1-kg\/","title":{"rendered":"Pro Plan Derma Cat \u041b\u043e\u0441\u043e\u0441\u044c 1 \u043a\u0433"},"content":{"rendered":"<p><strong>High-Quality Dry Cat Food with Salmon for Adult Cats<\/strong><\/p>\n<p>Scientifically developed for sensitive cats, this dry food contains all necessary nutrients, including B vitamins, vitamin E, zinc, Omega 3 and Omega 6 fatty acids, and dietary fibers.<\/p>\n<p><strong>\u041a\u043b\u044e\u0447\u0435\u0432\u0430\u044f \u043e\u0441\u043e\u0431\u0435\u043d\u043d\u043e\u0441\u0442\u044c:<\/strong><\/p>\n<ul>\n<li><strong>OPTIDERMA Nutritional Complex:<\/strong> Helps maintain healthy skin and coat.<\/li>\n<li><strong>Hair Loss Control:<\/strong> Helps limit excessive shedding and supports safe digestive processes.<\/li>\n<\/ul>\n<p><strong>\u0418\u043d\u0433\u0440\u0435\u0434\u0438\u0435\u043d\u0442\u044b:<\/strong><\/p>\n<ul>\n<li>Salmon (15%)<\/li>\n<li>Wheat<\/li>\n<li>Corn gluten meal<\/li>\n<li>Wheat gluten meal<\/li>\n<li>Dried salmon protein<\/li>\n<li>Animal fat<\/li>\n<li>Cornmeal<\/li>\n<li>Cellulose<\/li>\n<li>Corn<\/li>\n<li>Dried beet pulp<\/li>\n<li>Egg powder<\/li>\n<li>Minerals<\/li>\n<li>Dried chicory root (2%)<\/li>\n<li>Yeast<\/li>\n<\/ul>\n<p><strong>Analytical Constituents:<\/strong><\/p>\n<ul>\n<li>Protein: 36%<\/li>\n<li>Fat: 16%<\/li>\n<li>Ash: 7%<\/li>\n<li>Fiber: 6%<\/li>\n<\/ul>\n<p>This dry food provides a complete and balanced diet for your cat, promoting skin and coat health, reducing shedding, and ensuring optimal digestion.<\/p>","protected":false},"excerpt":{"rendered":"<p>Scientifically developed for sensitive cats, this dry food contains all necessary nutrients, including B vitamins, vitamin E, zinc, Omega 3 and Omega 6 fatty acids, and dietary fibers.<\/p>","protected":false},"featured_media":22411,"template":"","meta":{"inline_featured_image":false,"_joinchat":[]},"product_cat":[189,188],"product_tag":[],"class_list":{"0":"post-23394","1":"product","2":"type-product","3":"status-publish","4":"has-post-thumbnail","6":"product_brand-proplan","7":"product_cat-cat-foods","8":"product_cat-cat","10":"first","11":"instock","12":"shipping-taxable","13":"purchasable","14":"product-type-simple"},"yoast_head":"<!-- This site is optimized with the Yoast SEO plugin v26.7 - https:\/\/yoast.com\/wordpress\/plugins\/seo\/ -->\n<title>Pro Plan Derma cat Salmon 1 kg - Zooland.az<\/title>\n<meta name=\"robots\" content=\"index, follow, max-snippet:-1, max-image-preview:large, max-video-preview:-1\" \/>\n<link rel=\"canonical\" href=\"https:\/\/zoo-land.az\/ru\/shop\/cat\/cat-foods\/pro-plan-derma-cat-salmon-1-kg\/\" \/>\n<meta property=\"og:locale\" content=\"ru_RU\" \/>\n<meta property=\"og:type\" content=\"article\" \/>\n<meta property=\"og:title\" content=\"Pro Plan Derma cat Salmon 1 kg - Zooland.az\" \/>\n<meta property=\"og:description\" content=\"Scientifically developed for sensitive cats, this dry food contains all necessary nutrients, including B vitamins, vitamin E, zinc, Omega 3 and Omega 6 fatty acids, and dietary fibers.\" \/>\n<meta property=\"og:url\" content=\"https:\/\/zoo-land.az\/ru\/shop\/cat\/cat-foods\/pro-plan-derma-cat-salmon-1-kg\/\" \/>\n<meta property=\"og:site_name\" content=\"Zooland.az\" \/>\n<meta property=\"article:modified_time\" content=\"2026-03-13T11:22:19+00:00\" \/>\n<meta property=\"og:image\" content=\"http:\/\/zoo-land.az\/wp-content\/uploads\/2024\/06\/korm-dlja-koshek-pro-plan-derma-care-salmon-10-kg-default.png\" \/>\n\t<meta property=\"og:image:width\" content=\"480\" \/>\n\t<meta property=\"og:image:height\" content=\"567\" \/>\n\t<meta property=\"og:image:type\" content=\"image\/png\" \/>\n<meta name=\"twitter:card\" content=\"summary_large_image\" \/>\n<meta name=\"twitter:label1\" content=\"\u041f\u0440\u0438\u043c\u0435\u0440\u043d\u043e\u0435 \u0432\u0440\u0435\u043c\u044f \u0434\u043b\u044f \u0447\u0442\u0435\u043d\u0438\u044f\" \/>\n\t<meta name=\"twitter:data1\" content=\"1 \u043c\u0438\u043d\u0443\u0442\u0430\" \/>\n<script type=\"application\/ld+json\" class=\"yoast-schema-graph\">{\"@context\":\"https:\/\/schema.org\",\"@graph\":[{\"@type\":\"WebPage\",\"@id\":\"https:\/\/zoo-land.az\/shop\/cat\/cat-foods\/pro-plan-derma-cat-salmon-1-kg\/\",\"url\":\"https:\/\/zoo-land.az\/shop\/cat\/cat-foods\/pro-plan-derma-cat-salmon-1-kg\/\",\"name\":\"Pro Plan Derma cat Salmon 1 kg - Zooland.az\",\"isPartOf\":{\"@id\":\"https:\/\/zoo-land.az\/#website\"},\"primaryImageOfPage\":{\"@id\":\"https:\/\/zoo-land.az\/shop\/cat\/cat-foods\/pro-plan-derma-cat-salmon-1-kg\/#primaryimage\"},\"image\":{\"@id\":\"https:\/\/zoo-land.az\/shop\/cat\/cat-foods\/pro-plan-derma-cat-salmon-1-kg\/#primaryimage\"},\"thumbnailUrl\":\"https:\/\/zoo-land.az\/wp-content\/uploads\/2024\/06\/korm-dlja-koshek-pro-plan-derma-care-salmon-10-kg-default.png\",\"datePublished\":\"2024-06-11T15:27:57+00:00\",\"dateModified\":\"2026-03-13T11:22:19+00:00\",\"breadcrumb\":{\"@id\":\"https:\/\/zoo-land.az\/shop\/cat\/cat-foods\/pro-plan-derma-cat-salmon-1-kg\/#breadcrumb\"},\"inLanguage\":\"ru-RU\",\"potentialAction\":[{\"@type\":\"ReadAction\",\"target\":[\"https:\/\/zoo-land.az\/shop\/cat\/cat-foods\/pro-plan-derma-cat-salmon-1-kg\/\"]}]},{\"@type\":\"ImageObject\",\"inLanguage\":\"ru-RU\",\"@id\":\"https:\/\/zoo-land.az\/shop\/cat\/cat-foods\/pro-plan-derma-cat-salmon-1-kg\/#primaryimage\",\"url\":\"https:\/\/zoo-land.az\/wp-content\/uploads\/2024\/06\/korm-dlja-koshek-pro-plan-derma-care-salmon-10-kg-default.png\",\"contentUrl\":\"https:\/\/zoo-land.az\/wp-content\/uploads\/2024\/06\/korm-dlja-koshek-pro-plan-derma-care-salmon-10-kg-default.png\",\"width\":480,\"height\":567},{\"@type\":\"BreadcrumbList\",\"@id\":\"https:\/\/zoo-land.az\/shop\/cat\/cat-foods\/pro-plan-derma-cat-salmon-1-kg\/#breadcrumb\",\"itemListElement\":[{\"@type\":\"ListItem\",\"position\":1,\"name\":\"Home\",\"item\":\"https:\/\/zoo-land.az\/ru\/\"},{\"@type\":\"ListItem\",\"position\":2,\"name\":\"Shop\",\"item\":\"https:\/\/zoo-land.az\/ru\/\"},{\"@type\":\"ListItem\",\"position\":3,\"name\":\"Pro Plan Derma cat Salmon 1 kg\"}]},{\"@type\":\"WebSite\",\"@id\":\"https:\/\/zoo-land.az\/#website\",\"url\":\"https:\/\/zoo-land.az\/\",\"name\":\"Zooland.az\",\"description\":\"Xo\u015fb\u0259xt ev heyvanlar\u0131n\u0131n \u00fcnvan\u0131 Zooland.az\",\"publisher\":{\"@id\":\"https:\/\/zoo-land.az\/#organization\"},\"potentialAction\":[{\"@type\":\"SearchAction\",\"target\":{\"@type\":\"EntryPoint\",\"urlTemplate\":\"https:\/\/zoo-land.az\/?s={search_term_string}\"},\"query-input\":{\"@type\":\"PropertyValueSpecification\",\"valueRequired\":true,\"valueName\":\"search_term_string\"}}],\"inLanguage\":\"ru-RU\"},{\"@type\":\"Organization\",\"@id\":\"https:\/\/zoo-land.az\/#organization\",\"name\":\"Zooland.az\",\"url\":\"https:\/\/zoo-land.az\/\",\"logo\":{\"@type\":\"ImageObject\",\"inLanguage\":\"ru-RU\",\"@id\":\"https:\/\/zoo-land.az\/#\/schema\/logo\/image\/\",\"url\":\"https:\/\/zoo-land.az\/wp-content\/uploads\/2022\/05\/logo.svg\",\"contentUrl\":\"https:\/\/zoo-land.az\/wp-content\/uploads\/2022\/05\/logo.svg\",\"width\":113,\"height\":46,\"caption\":\"Zooland.az\"},\"image\":{\"@id\":\"https:\/\/zoo-land.az\/#\/schema\/logo\/image\/\"}}]}<\/script>\n<!-- \/ Yoast SEO plugin. -->","yoast_head_json":{"title":"Pro Plan Derma cat Salmon 1 kg - Zooland.az","robots":{"index":"index","follow":"follow","max-snippet":"max-snippet:-1","max-image-preview":"max-image-preview:large","max-video-preview":"max-video-preview:-1"},"canonical":"https:\/\/zoo-land.az\/ru\/shop\/cat\/cat-foods\/pro-plan-derma-cat-salmon-1-kg\/","og_locale":"ru_RU","og_type":"article","og_title":"Pro Plan Derma cat Salmon 1 kg - Zooland.az","og_description":"Scientifically developed for sensitive cats, this dry food contains all necessary nutrients, including B vitamins, vitamin E, zinc, Omega 3 and Omega 6 fatty acids, and dietary fibers.","og_url":"https:\/\/zoo-land.az\/ru\/shop\/cat\/cat-foods\/pro-plan-derma-cat-salmon-1-kg\/","og_site_name":"Zooland.az","article_modified_time":"2026-03-13T11:22:19+00:00","og_image":[{"width":480,"height":567,"url":"http:\/\/zoo-land.az\/wp-content\/uploads\/2024\/06\/korm-dlja-koshek-pro-plan-derma-care-salmon-10-kg-default.png","type":"image\/png"}],"twitter_card":"summary_large_image","twitter_misc":{"\u041f\u0440\u0438\u043c\u0435\u0440\u043d\u043e\u0435 \u0432\u0440\u0435\u043c\u044f \u0434\u043b\u044f \u0447\u0442\u0435\u043d\u0438\u044f":"1 \u043c\u0438\u043d\u0443\u0442\u0430"},"schema":{"@context":"https:\/\/schema.org","@graph":[{"@type":"WebPage","@id":"https:\/\/zoo-land.az\/shop\/cat\/cat-foods\/pro-plan-derma-cat-salmon-1-kg\/","url":"https:\/\/zoo-land.az\/shop\/cat\/cat-foods\/pro-plan-derma-cat-salmon-1-kg\/","name":"Pro Plan Derma cat Salmon 1 kg - Zooland.az","isPartOf":{"@id":"https:\/\/zoo-land.az\/#website"},"primaryImageOfPage":{"@id":"https:\/\/zoo-land.az\/shop\/cat\/cat-foods\/pro-plan-derma-cat-salmon-1-kg\/#primaryimage"},"image":{"@id":"https:\/\/zoo-land.az\/shop\/cat\/cat-foods\/pro-plan-derma-cat-salmon-1-kg\/#primaryimage"},"thumbnailUrl":"https:\/\/zoo-land.az\/wp-content\/uploads\/2024\/06\/korm-dlja-koshek-pro-plan-derma-care-salmon-10-kg-default.png","datePublished":"2024-06-11T15:27:57+00:00","dateModified":"2026-03-13T11:22:19+00:00","breadcrumb":{"@id":"https:\/\/zoo-land.az\/shop\/cat\/cat-foods\/pro-plan-derma-cat-salmon-1-kg\/#breadcrumb"},"inLanguage":"ru-RU","potentialAction":[{"@type":"ReadAction","target":["https:\/\/zoo-land.az\/shop\/cat\/cat-foods\/pro-plan-derma-cat-salmon-1-kg\/"]}]},{"@type":"ImageObject","inLanguage":"ru-RU","@id":"https:\/\/zoo-land.az\/shop\/cat\/cat-foods\/pro-plan-derma-cat-salmon-1-kg\/#primaryimage","url":"https:\/\/zoo-land.az\/wp-content\/uploads\/2024\/06\/korm-dlja-koshek-pro-plan-derma-care-salmon-10-kg-default.png","contentUrl":"https:\/\/zoo-land.az\/wp-content\/uploads\/2024\/06\/korm-dlja-koshek-pro-plan-derma-care-salmon-10-kg-default.png","width":480,"height":567},{"@type":"BreadcrumbList","@id":"https:\/\/zoo-land.az\/shop\/cat\/cat-foods\/pro-plan-derma-cat-salmon-1-kg\/#breadcrumb","itemListElement":[{"@type":"ListItem","position":1,"name":"Home","item":"https:\/\/zoo-land.az\/ru\/"},{"@type":"ListItem","position":2,"name":"Shop","item":"https:\/\/zoo-land.az\/ru\/"},{"@type":"ListItem","position":3,"name":"Pro Plan Derma cat Salmon 1 kg"}]},{"@type":"WebSite","@id":"https:\/\/zoo-land.az\/#website","url":"https:\/\/zoo-land.az\/","name":"Zooland.az","description":"Xo\u015fb\u0259xt ev heyvanlar\u0131n\u0131n \u00fcnvan\u0131 Zooland.az","publisher":{"@id":"https:\/\/zoo-land.az\/#organization"},"potentialAction":[{"@type":"SearchAction","target":{"@type":"EntryPoint","urlTemplate":"https:\/\/zoo-land.az\/?s={search_term_string}"},"query-input":{"@type":"PropertyValueSpecification","valueRequired":true,"valueName":"search_term_string"}}],"inLanguage":"ru-RU"},{"@type":"Organization","@id":"https:\/\/zoo-land.az\/#organization","name":"Zooland.az","url":"https:\/\/zoo-land.az\/","logo":{"@type":"ImageObject","inLanguage":"ru-RU","@id":"https:\/\/zoo-land.az\/#\/schema\/logo\/image\/","url":"https:\/\/zoo-land.az\/wp-content\/uploads\/2022\/05\/logo.svg","contentUrl":"https:\/\/zoo-land.az\/wp-content\/uploads\/2022\/05\/logo.svg","width":113,"height":46,"caption":"Zooland.az"},"image":{"@id":"https:\/\/zoo-land.az\/#\/schema\/logo\/image\/"}}]}},"_links":{"self":[{"href":"https:\/\/zoo-land.az\/ru\/wp-json\/wp\/v2\/product\/23394","targetHints":{"allow":["GET"]}}],"collection":[{"href":"https:\/\/zoo-land.az\/ru\/wp-json\/wp\/v2\/product"}],"about":[{"href":"https:\/\/zoo-land.az\/ru\/wp-json\/wp\/v2\/types\/product"}],"wp:featuredmedia":[{"embeddable":true,"href":"https:\/\/zoo-land.az\/ru\/wp-json\/wp\/v2\/media\/22411"}],"wp:attachment":[{"href":"https:\/\/zoo-land.az\/ru\/wp-json\/wp\/v2\/media?parent=23394"}],"wp:term":[{"taxonomy":"product_cat","embeddable":true,"href":"https:\/\/zoo-land.az\/ru\/wp-json\/wp\/v2\/product_cat?post=23394"},{"taxonomy":"product_tag","embeddable":true,"href":"https:\/\/zoo-land.az\/ru\/wp-json\/wp\/v2\/product_tag?post=23394"}],"curies":[{"name":"wp","href":"https:\/\/api.w.org\/{rel}","templated":true}]}}