{"id":23399,"date":"2024-06-11T15:39:34","date_gmt":"2024-06-11T15:39:34","guid":{"rendered":"https:\/\/lightsteelblue-zebra-299715.hostingersite.com\/?post_type=product&#038;p=23399"},"modified":"2024-06-11T15:39:34","modified_gmt":"2024-06-11T15:39:34","slug":"gemon-adult-cat-beef-415-g","status":"publish","type":"product","link":"https:\/\/zoo-land.az\/ru\/shop\/cat\/cat-wetfoods\/gemon-adult-cat-beef-415-g\/","title":{"rendered":"Gemon Adult Cat \u0413\u043e\u0432\u044f\u0434\u0438\u043d\u0430 415 \u0433"},"content":{"rendered":"<div class=\"elementor-element elementor-element-fc5e6b2 elementor-widget elementor-widget-theme-post-content\" data-id=\"fc5e6b2\" data-element_type=\"widget\" data-widget_type=\"theme-post-content.default\">\n<div class=\"elementor-widget-container\">\n<p>Gemon Adult Cat Pat\u00e9 with Beef is a complete pet food for adult cats, formulated to provide all necessary nutrients for the daily vitality of our four-legged friends. GEMON HIGH PREMIUM QUALITY is a line of complete pet foods formulated with quality ingredients, selected to meet the nutritional needs of your animals. Highly palatable recipes, tailored to the different ages and lifestyles of the animal. No added artificial dyes and preservatives. Made in Italy and No Cruelty Test.<\/p>\n<\/div>\n<\/div>\n<div class=\"elementor-element elementor-element-67c5a23 elementor-widget__width-auto elementor-widget elementor-widget-button\" data-id=\"67c5a23\" data-element_type=\"widget\" data-widget_type=\"button.default\">\n<div class=\"elementor-widget-container\">\n<div class=\"elementor-button-wrapper\"><\/div>\n<\/div>\n<\/div>","protected":false},"excerpt":{"rendered":"<div class=\"elementor-element elementor-element-fc5e6b2 elementor-widget elementor-widget-theme-post-content\" data-id=\"fc5e6b2\" data-element_type=\"widget\" data-widget_type=\"theme-post-content.default\">\n<div class=\"elementor-widget-container\">\n<p>Gemon Adult Cat Pat\u00e9 with Beef is a complete pet food for adult cats, formulated to provide all necessary nutrients for the daily vitality of our four-legged friends. GEMON HIGH PREMIUM QUALITY is a line of complete pet foods formulated with quality ingredients, selected to meet the nutritional needs of your animals. Highly palatable recipes, tailored to the different ages and lifestyles of the animal. No added artificial dyes and preservatives. Made in Italy and No Cruelty Test.<\/p>\n<\/div>\n<\/div>\n<div class=\"elementor-element elementor-element-67c5a23 elementor-widget__width-auto elementor-widget elementor-widget-button\" data-id=\"67c5a23\" data-element_type=\"widget\" data-widget_type=\"button.default\">\n<div class=\"elementor-widget-container\">\n<div class=\"elementor-button-wrapper\"><\/div>\n<\/div>\n<\/div>","protected":false},"featured_media":23400,"template":"","meta":{"inline_featured_image":false,"_joinchat":[]},"product_cat":[188,190],"product_tag":[],"class_list":{"0":"post-23399","1":"product","2":"type-product","3":"status-publish","4":"has-post-thumbnail","6":"product_brand-gemon","7":"product_cat-cat","8":"product_cat-cat-wetfoods","10":"first","11":"instock","12":"shipping-taxable","13":"purchasable","14":"product-type-simple"},"yoast_head":"<!-- This site is optimized with the Yoast SEO plugin v26.7 - https:\/\/yoast.com\/wordpress\/plugins\/seo\/ -->\n<title>Gemon Adult Cat Beef 415 g - Zooland.az<\/title>\n<meta name=\"robots\" content=\"index, follow, max-snippet:-1, max-image-preview:large, max-video-preview:-1\" \/>\n<link rel=\"canonical\" href=\"https:\/\/zoo-land.az\/ru\/shop\/cat\/cat-wetfoods\/gemon-adult-cat-beef-415-g\/\" \/>\n<meta property=\"og:locale\" content=\"ru_RU\" \/>\n<meta property=\"og:type\" content=\"article\" \/>\n<meta property=\"og:title\" content=\"Gemon Adult Cat Beef 415 g - Zooland.az\" \/>\n<meta property=\"og:description\" content=\"Gemon Adult Cat Pat\u00e9 with Beef is a complete pet food for adult cats, formulated to provide all necessary nutrients for the daily vitality of our four-legged friends. GEMON HIGH PREMIUM QUALITY is a line of complete pet foods formulated with quality ingredients, selected to meet the nutritional needs of your animals. Highly palatable recipes, tailored to the different ages and lifestyles of the animal. No added artificial dyes and preservatives. Made in Italy and No Cruelty Test.\" \/>\n<meta property=\"og:url\" content=\"https:\/\/zoo-land.az\/ru\/shop\/cat\/cat-wetfoods\/gemon-adult-cat-beef-415-g\/\" \/>\n<meta property=\"og:site_name\" content=\"Zooland.az\" \/>\n<meta property=\"og:image\" content=\"https:\/\/zoo-land.az\/wp-content\/uploads\/2024\/06\/ADULT_Manzo_Pate400g_8009470299961.jpg\" \/>\n\t<meta property=\"og:image:width\" content=\"600\" \/>\n\t<meta property=\"og:image:height\" content=\"840\" \/>\n\t<meta property=\"og:image:type\" content=\"image\/jpeg\" \/>\n<meta name=\"twitter:card\" content=\"summary_large_image\" \/>\n<script type=\"application\/ld+json\" class=\"yoast-schema-graph\">{\"@context\":\"https:\/\/schema.org\",\"@graph\":[{\"@type\":\"WebPage\",\"@id\":\"https:\/\/zoo-land.az\/az\/shop\/cat\/cat-wetfoods\/gemon-adult-cat-beef-415-g\/\",\"url\":\"https:\/\/zoo-land.az\/az\/shop\/cat\/cat-wetfoods\/gemon-adult-cat-beef-415-g\/\",\"name\":\"Gemon Adult Cat Beef 415 g - Zooland.az\",\"isPartOf\":{\"@id\":\"https:\/\/zoo-land.az\/#website\"},\"primaryImageOfPage\":{\"@id\":\"https:\/\/zoo-land.az\/az\/shop\/cat\/cat-wetfoods\/gemon-adult-cat-beef-415-g\/#primaryimage\"},\"image\":{\"@id\":\"https:\/\/zoo-land.az\/az\/shop\/cat\/cat-wetfoods\/gemon-adult-cat-beef-415-g\/#primaryimage\"},\"thumbnailUrl\":\"https:\/\/zoo-land.az\/wp-content\/uploads\/2024\/06\/ADULT_Manzo_Pate400g_8009470299961.jpg\",\"datePublished\":\"2024-06-11T15:39:34+00:00\",\"breadcrumb\":{\"@id\":\"https:\/\/zoo-land.az\/az\/shop\/cat\/cat-wetfoods\/gemon-adult-cat-beef-415-g\/#breadcrumb\"},\"inLanguage\":\"ru-RU\",\"potentialAction\":[{\"@type\":\"ReadAction\",\"target\":[\"https:\/\/zoo-land.az\/az\/shop\/cat\/cat-wetfoods\/gemon-adult-cat-beef-415-g\/\"]}]},{\"@type\":\"ImageObject\",\"inLanguage\":\"ru-RU\",\"@id\":\"https:\/\/zoo-land.az\/az\/shop\/cat\/cat-wetfoods\/gemon-adult-cat-beef-415-g\/#primaryimage\",\"url\":\"https:\/\/zoo-land.az\/wp-content\/uploads\/2024\/06\/ADULT_Manzo_Pate400g_8009470299961.jpg\",\"contentUrl\":\"https:\/\/zoo-land.az\/wp-content\/uploads\/2024\/06\/ADULT_Manzo_Pate400g_8009470299961.jpg\",\"width\":600,\"height\":840},{\"@type\":\"BreadcrumbList\",\"@id\":\"https:\/\/zoo-land.az\/az\/shop\/cat\/cat-wetfoods\/gemon-adult-cat-beef-415-g\/#breadcrumb\",\"itemListElement\":[{\"@type\":\"ListItem\",\"position\":1,\"name\":\"Home\",\"item\":\"https:\/\/zoo-land.az\/ru\/\"},{\"@type\":\"ListItem\",\"position\":2,\"name\":\"Shop\",\"item\":\"https:\/\/zoo-land.az\/ru\/\"},{\"@type\":\"ListItem\",\"position\":3,\"name\":\"Gemon Adult Cat Beef 415 g\"}]},{\"@type\":\"WebSite\",\"@id\":\"https:\/\/zoo-land.az\/#website\",\"url\":\"https:\/\/zoo-land.az\/\",\"name\":\"Zooland.az\",\"description\":\"Xo\u015fb\u0259xt ev heyvanlar\u0131n\u0131n \u00fcnvan\u0131 Zooland.az\",\"publisher\":{\"@id\":\"https:\/\/zoo-land.az\/#organization\"},\"potentialAction\":[{\"@type\":\"SearchAction\",\"target\":{\"@type\":\"EntryPoint\",\"urlTemplate\":\"https:\/\/zoo-land.az\/?s={search_term_string}\"},\"query-input\":{\"@type\":\"PropertyValueSpecification\",\"valueRequired\":true,\"valueName\":\"search_term_string\"}}],\"inLanguage\":\"ru-RU\"},{\"@type\":\"Organization\",\"@id\":\"https:\/\/zoo-land.az\/#organization\",\"name\":\"Zooland.az\",\"url\":\"https:\/\/zoo-land.az\/\",\"logo\":{\"@type\":\"ImageObject\",\"inLanguage\":\"ru-RU\",\"@id\":\"https:\/\/zoo-land.az\/#\/schema\/logo\/image\/\",\"url\":\"https:\/\/zoo-land.az\/wp-content\/uploads\/2022\/05\/logo.svg\",\"contentUrl\":\"https:\/\/zoo-land.az\/wp-content\/uploads\/2022\/05\/logo.svg\",\"width\":113,\"height\":46,\"caption\":\"Zooland.az\"},\"image\":{\"@id\":\"https:\/\/zoo-land.az\/#\/schema\/logo\/image\/\"}}]}<\/script>\n<!-- \/ Yoast SEO plugin. -->","yoast_head_json":{"title":"Gemon Adult Cat Beef 415 g - Zooland.az","robots":{"index":"index","follow":"follow","max-snippet":"max-snippet:-1","max-image-preview":"max-image-preview:large","max-video-preview":"max-video-preview:-1"},"canonical":"https:\/\/zoo-land.az\/ru\/shop\/cat\/cat-wetfoods\/gemon-adult-cat-beef-415-g\/","og_locale":"ru_RU","og_type":"article","og_title":"Gemon Adult Cat Beef 415 g - Zooland.az","og_description":"Gemon Adult Cat Pat\u00e9 with Beef is a complete pet food for adult cats, formulated to provide all necessary nutrients for the daily vitality of our four-legged friends. GEMON HIGH PREMIUM QUALITY is a line of complete pet foods formulated with quality ingredients, selected to meet the nutritional needs of your animals. Highly palatable recipes, tailored to the different ages and lifestyles of the animal. No added artificial dyes and preservatives. Made in Italy and No Cruelty Test.","og_url":"https:\/\/zoo-land.az\/ru\/shop\/cat\/cat-wetfoods\/gemon-adult-cat-beef-415-g\/","og_site_name":"Zooland.az","og_image":[{"width":600,"height":840,"url":"https:\/\/zoo-land.az\/wp-content\/uploads\/2024\/06\/ADULT_Manzo_Pate400g_8009470299961.jpg","type":"image\/jpeg"}],"twitter_card":"summary_large_image","schema":{"@context":"https:\/\/schema.org","@graph":[{"@type":"WebPage","@id":"https:\/\/zoo-land.az\/az\/shop\/cat\/cat-wetfoods\/gemon-adult-cat-beef-415-g\/","url":"https:\/\/zoo-land.az\/az\/shop\/cat\/cat-wetfoods\/gemon-adult-cat-beef-415-g\/","name":"Gemon Adult Cat Beef 415 g - Zooland.az","isPartOf":{"@id":"https:\/\/zoo-land.az\/#website"},"primaryImageOfPage":{"@id":"https:\/\/zoo-land.az\/az\/shop\/cat\/cat-wetfoods\/gemon-adult-cat-beef-415-g\/#primaryimage"},"image":{"@id":"https:\/\/zoo-land.az\/az\/shop\/cat\/cat-wetfoods\/gemon-adult-cat-beef-415-g\/#primaryimage"},"thumbnailUrl":"https:\/\/zoo-land.az\/wp-content\/uploads\/2024\/06\/ADULT_Manzo_Pate400g_8009470299961.jpg","datePublished":"2024-06-11T15:39:34+00:00","breadcrumb":{"@id":"https:\/\/zoo-land.az\/az\/shop\/cat\/cat-wetfoods\/gemon-adult-cat-beef-415-g\/#breadcrumb"},"inLanguage":"ru-RU","potentialAction":[{"@type":"ReadAction","target":["https:\/\/zoo-land.az\/az\/shop\/cat\/cat-wetfoods\/gemon-adult-cat-beef-415-g\/"]}]},{"@type":"ImageObject","inLanguage":"ru-RU","@id":"https:\/\/zoo-land.az\/az\/shop\/cat\/cat-wetfoods\/gemon-adult-cat-beef-415-g\/#primaryimage","url":"https:\/\/zoo-land.az\/wp-content\/uploads\/2024\/06\/ADULT_Manzo_Pate400g_8009470299961.jpg","contentUrl":"https:\/\/zoo-land.az\/wp-content\/uploads\/2024\/06\/ADULT_Manzo_Pate400g_8009470299961.jpg","width":600,"height":840},{"@type":"BreadcrumbList","@id":"https:\/\/zoo-land.az\/az\/shop\/cat\/cat-wetfoods\/gemon-adult-cat-beef-415-g\/#breadcrumb","itemListElement":[{"@type":"ListItem","position":1,"name":"Home","item":"https:\/\/zoo-land.az\/ru\/"},{"@type":"ListItem","position":2,"name":"Shop","item":"https:\/\/zoo-land.az\/ru\/"},{"@type":"ListItem","position":3,"name":"Gemon Adult Cat Beef 415 g"}]},{"@type":"WebSite","@id":"https:\/\/zoo-land.az\/#website","url":"https:\/\/zoo-land.az\/","name":"Zooland.az","description":"Xo\u015fb\u0259xt ev heyvanlar\u0131n\u0131n \u00fcnvan\u0131 Zooland.az","publisher":{"@id":"https:\/\/zoo-land.az\/#organization"},"potentialAction":[{"@type":"SearchAction","target":{"@type":"EntryPoint","urlTemplate":"https:\/\/zoo-land.az\/?s={search_term_string}"},"query-input":{"@type":"PropertyValueSpecification","valueRequired":true,"valueName":"search_term_string"}}],"inLanguage":"ru-RU"},{"@type":"Organization","@id":"https:\/\/zoo-land.az\/#organization","name":"Zooland.az","url":"https:\/\/zoo-land.az\/","logo":{"@type":"ImageObject","inLanguage":"ru-RU","@id":"https:\/\/zoo-land.az\/#\/schema\/logo\/image\/","url":"https:\/\/zoo-land.az\/wp-content\/uploads\/2022\/05\/logo.svg","contentUrl":"https:\/\/zoo-land.az\/wp-content\/uploads\/2022\/05\/logo.svg","width":113,"height":46,"caption":"Zooland.az"},"image":{"@id":"https:\/\/zoo-land.az\/#\/schema\/logo\/image\/"}}]}},"_links":{"self":[{"href":"https:\/\/zoo-land.az\/ru\/wp-json\/wp\/v2\/product\/23399","targetHints":{"allow":["GET"]}}],"collection":[{"href":"https:\/\/zoo-land.az\/ru\/wp-json\/wp\/v2\/product"}],"about":[{"href":"https:\/\/zoo-land.az\/ru\/wp-json\/wp\/v2\/types\/product"}],"wp:featuredmedia":[{"embeddable":true,"href":"https:\/\/zoo-land.az\/ru\/wp-json\/wp\/v2\/media\/23400"}],"wp:attachment":[{"href":"https:\/\/zoo-land.az\/ru\/wp-json\/wp\/v2\/media?parent=23399"}],"wp:term":[{"taxonomy":"product_cat","embeddable":true,"href":"https:\/\/zoo-land.az\/ru\/wp-json\/wp\/v2\/product_cat?post=23399"},{"taxonomy":"product_tag","embeddable":true,"href":"https:\/\/zoo-land.az\/ru\/wp-json\/wp\/v2\/product_tag?post=23399"}],"curies":[{"name":"wp","href":"https:\/\/api.w.org\/{rel}","templated":true}]}}