{"id":23409,"date":"2024-06-11T15:47:24","date_gmt":"2024-06-11T15:47:24","guid":{"rendered":"https:\/\/lightsteelblue-zebra-299715.hostingersite.com\/?post_type=product&#038;p=23409"},"modified":"2024-06-11T15:47:25","modified_gmt":"2024-06-11T15:47:25","slug":"gemon-pate-adult-cat-duck-100-g","status":"publish","type":"product","link":"https:\/\/zoo-land.az\/ru\/shop\/cat\/cat-wetfoods\/gemon-pate-adult-cat-duck-100-g\/","title":{"rendered":"\u041f\u0430\u0448\u0442\u0435\u0442 Gemon \u0434\u043b\u044f \u0432\u0437\u0440\u043e\u0441\u043b\u044b\u0445 \u043a\u043e\u0448\u0435\u043a \u0438 \u0443\u0442\u043e\u043a 100 \u0433"},"content":{"rendered":"<div class=\"elementor-element elementor-element-fc5e6b2 elementor-widget elementor-widget-theme-post-content\" data-id=\"fc5e6b2\" data-element_type=\"widget\" data-widget_type=\"theme-post-content.default\">\n<div class=\"elementor-widget-container\">\n<p>Gemon Adult Cat Pat\u00e9 and Chunkies with Duck is a complete pet food for adult cats, formulated to provide all necessary nutrients for the daily vitality of our four-legged friends. GEMON HIGH PREMIUM QUALITY is a line of complete pet foods formulated withquality ingredients, selected to meet the nutritional needs of your animals. Highly palatable recipes, tailored to the different ages and lifestyles of the animal. No added artificial colours or preservatives, No Cruelty Test and Made in Italy.<\/p>\n<\/div>\n<\/div>\n<div class=\"elementor-element elementor-element-67c5a23 elementor-widget__width-auto elementor-widget elementor-widget-button\" data-id=\"67c5a23\" data-element_type=\"widget\" data-widget_type=\"button.default\">\n<div class=\"elementor-widget-container\">\n<div class=\"elementor-button-wrapper\"><\/div>\n<\/div>\n<\/div>","protected":false},"excerpt":{"rendered":"<div class=\"elementor-element elementor-element-fc5e6b2 elementor-widget elementor-widget-theme-post-content\" data-id=\"fc5e6b2\" data-element_type=\"widget\" data-widget_type=\"theme-post-content.default\">\n<div class=\"elementor-widget-container\">\n<p>Gemon Adult Cat Pat\u00e9 and Chunkies with Duck is a complete pet food for adult cats, formulated to provide all necessary nutrients for the daily vitality of our four-legged friends. GEMON HIGH PREMIUM QUALITY is a line of complete pet foods formulated withquality ingredients, selected to meet the nutritional needs of your animals. Highly palatable recipes, tailored to the different ages and lifestyles of the animal. No added artificial colours or preservatives, No Cruelty Test and Made in Italy.<\/p>\n<\/div>\n<\/div>\n<div class=\"elementor-element elementor-element-67c5a23 elementor-widget__width-auto elementor-widget elementor-widget-button\" data-id=\"67c5a23\" data-element_type=\"widget\" data-widget_type=\"button.default\">\n<div class=\"elementor-widget-container\">\n<div class=\"elementor-button-wrapper\"><\/div>\n<\/div>\n<\/div>","protected":false},"featured_media":23410,"template":"","meta":{"inline_featured_image":false,"_joinchat":[]},"product_cat":[188,190],"product_tag":[],"class_list":{"0":"post-23409","1":"product","2":"type-product","3":"status-publish","4":"has-post-thumbnail","6":"product_brand-gemon","7":"product_cat-cat","8":"product_cat-cat-wetfoods","10":"first","11":"instock","12":"shipping-taxable","13":"purchasable","14":"product-type-simple"},"yoast_head":"<!-- This site is optimized with the Yoast SEO plugin v27.4 - https:\/\/yoast.com\/product\/yoast-seo-wordpress\/ -->\n<title>Gemon Pate Adult Cat Duck 100 g - Zooland.az<\/title>\n<meta name=\"robots\" content=\"index, follow, max-snippet:-1, max-image-preview:large, max-video-preview:-1\" \/>\n<link rel=\"canonical\" href=\"https:\/\/zoo-land.az\/ru\/shop\/cat\/cat-wetfoods\/gemon-pate-adult-cat-duck-100-g\/\" \/>\n<meta property=\"og:locale\" content=\"ru_RU\" \/>\n<meta property=\"og:type\" content=\"article\" \/>\n<meta property=\"og:title\" content=\"Gemon Pate Adult Cat Duck 100 g - Zooland.az\" \/>\n<meta property=\"og:description\" content=\"Gemon Adult Cat Pat\u00e9 and Chunkies with Duck is a complete pet food for adult cats, formulated to provide all necessary nutrients for the daily vitality of our four-legged friends. GEMON HIGH PREMIUM QUALITY is a line of complete pet foods formulated withquality ingredients, selected to meet the nutritional needs of your animals. Highly palatable recipes, tailored to the different ages and lifestyles of the animal. No added artificial colours or preservatives, No Cruelty Test and Made in Italy.\" \/>\n<meta property=\"og:url\" content=\"https:\/\/zoo-land.az\/ru\/shop\/cat\/cat-wetfoods\/gemon-pate-adult-cat-duck-100-g\/\" \/>\n<meta property=\"og:site_name\" content=\"Zooland.az\" \/>\n<meta property=\"article:modified_time\" content=\"2024-06-11T15:47:25+00:00\" \/>\n<meta property=\"og:image\" content=\"https:\/\/zoo-land.az\/wp-content\/uploads\/2024\/06\/gemon_gatto_umido_pate_e_bocconcini_con_anatra_adult.jpg\" \/>\n\t<meta property=\"og:image:width\" content=\"567\" \/>\n\t<meta property=\"og:image:height\" content=\"567\" \/>\n\t<meta property=\"og:image:type\" content=\"image\/jpeg\" \/>\n<meta name=\"twitter:card\" content=\"summary_large_image\" \/>\n<script type=\"application\/ld+json\" class=\"yoast-schema-graph\">{\"@context\":\"https:\\\/\\\/schema.org\",\"@graph\":[{\"@type\":\"WebPage\",\"@id\":\"https:\\\/\\\/zoo-land.az\\\/az\\\/shop\\\/cat\\\/cat-wetfoods\\\/gemon-pate-adult-cat-duck-100-g\\\/\",\"url\":\"https:\\\/\\\/zoo-land.az\\\/az\\\/shop\\\/cat\\\/cat-wetfoods\\\/gemon-pate-adult-cat-duck-100-g\\\/\",\"name\":\"Gemon Pate Adult Cat Duck 100 g - Zooland.az\",\"isPartOf\":{\"@id\":\"https:\\\/\\\/zoo-land.az\\\/#website\"},\"primaryImageOfPage\":{\"@id\":\"https:\\\/\\\/zoo-land.az\\\/az\\\/shop\\\/cat\\\/cat-wetfoods\\\/gemon-pate-adult-cat-duck-100-g\\\/#primaryimage\"},\"image\":{\"@id\":\"https:\\\/\\\/zoo-land.az\\\/az\\\/shop\\\/cat\\\/cat-wetfoods\\\/gemon-pate-adult-cat-duck-100-g\\\/#primaryimage\"},\"thumbnailUrl\":\"https:\\\/\\\/zoo-land.az\\\/wp-content\\\/uploads\\\/2024\\\/06\\\/gemon_gatto_umido_pate_e_bocconcini_con_anatra_adult.jpg\",\"datePublished\":\"2024-06-11T15:47:24+00:00\",\"dateModified\":\"2024-06-11T15:47:25+00:00\",\"breadcrumb\":{\"@id\":\"https:\\\/\\\/zoo-land.az\\\/az\\\/shop\\\/cat\\\/cat-wetfoods\\\/gemon-pate-adult-cat-duck-100-g\\\/#breadcrumb\"},\"inLanguage\":\"ru-RU\",\"potentialAction\":[{\"@type\":\"ReadAction\",\"target\":[\"https:\\\/\\\/zoo-land.az\\\/az\\\/shop\\\/cat\\\/cat-wetfoods\\\/gemon-pate-adult-cat-duck-100-g\\\/\"]}]},{\"@type\":\"ImageObject\",\"inLanguage\":\"ru-RU\",\"@id\":\"https:\\\/\\\/zoo-land.az\\\/az\\\/shop\\\/cat\\\/cat-wetfoods\\\/gemon-pate-adult-cat-duck-100-g\\\/#primaryimage\",\"url\":\"https:\\\/\\\/zoo-land.az\\\/wp-content\\\/uploads\\\/2024\\\/06\\\/gemon_gatto_umido_pate_e_bocconcini_con_anatra_adult.jpg\",\"contentUrl\":\"https:\\\/\\\/zoo-land.az\\\/wp-content\\\/uploads\\\/2024\\\/06\\\/gemon_gatto_umido_pate_e_bocconcini_con_anatra_adult.jpg\",\"width\":567,\"height\":567},{\"@type\":\"BreadcrumbList\",\"@id\":\"https:\\\/\\\/zoo-land.az\\\/az\\\/shop\\\/cat\\\/cat-wetfoods\\\/gemon-pate-adult-cat-duck-100-g\\\/#breadcrumb\",\"itemListElement\":[{\"@type\":\"ListItem\",\"position\":1,\"name\":\"Home\",\"item\":\"https:\\\/\\\/zoo-land.az\\\/ru\\\/\"},{\"@type\":\"ListItem\",\"position\":2,\"name\":\"Shop\",\"item\":\"https:\\\/\\\/zoo-land.az\\\/ru\\\/\"},{\"@type\":\"ListItem\",\"position\":3,\"name\":\"Gemon Pate Adult Cat Duck 100 g\"}]},{\"@type\":\"WebSite\",\"@id\":\"https:\\\/\\\/zoo-land.az\\\/#website\",\"url\":\"https:\\\/\\\/zoo-land.az\\\/\",\"name\":\"Zooland.az\",\"description\":\"Xo\u015fb\u0259xt ev heyvanlar\u0131n\u0131n \u00fcnvan\u0131 Zooland.az\",\"publisher\":{\"@id\":\"https:\\\/\\\/zoo-land.az\\\/#organization\"},\"potentialAction\":[{\"@type\":\"SearchAction\",\"target\":{\"@type\":\"EntryPoint\",\"urlTemplate\":\"https:\\\/\\\/zoo-land.az\\\/?s={search_term_string}\"},\"query-input\":{\"@type\":\"PropertyValueSpecification\",\"valueRequired\":true,\"valueName\":\"search_term_string\"}}],\"inLanguage\":\"ru-RU\"},{\"@type\":\"Organization\",\"@id\":\"https:\\\/\\\/zoo-land.az\\\/#organization\",\"name\":\"Zooland.az\",\"url\":\"https:\\\/\\\/zoo-land.az\\\/\",\"logo\":{\"@type\":\"ImageObject\",\"inLanguage\":\"ru-RU\",\"@id\":\"https:\\\/\\\/zoo-land.az\\\/#\\\/schema\\\/logo\\\/image\\\/\",\"url\":\"https:\\\/\\\/zoo-land.az\\\/wp-content\\\/uploads\\\/2022\\\/05\\\/logo.svg\",\"contentUrl\":\"https:\\\/\\\/zoo-land.az\\\/wp-content\\\/uploads\\\/2022\\\/05\\\/logo.svg\",\"width\":113,\"height\":46,\"caption\":\"Zooland.az\"},\"image\":{\"@id\":\"https:\\\/\\\/zoo-land.az\\\/#\\\/schema\\\/logo\\\/image\\\/\"}}]}<\/script>\n<!-- \/ Yoast SEO plugin. -->","yoast_head_json":{"title":"Gemon Pate Adult Cat Duck 100 g - Zooland.az","robots":{"index":"index","follow":"follow","max-snippet":"max-snippet:-1","max-image-preview":"max-image-preview:large","max-video-preview":"max-video-preview:-1"},"canonical":"https:\/\/zoo-land.az\/ru\/shop\/cat\/cat-wetfoods\/gemon-pate-adult-cat-duck-100-g\/","og_locale":"ru_RU","og_type":"article","og_title":"Gemon Pate Adult Cat Duck 100 g - Zooland.az","og_description":"Gemon Adult Cat Pat\u00e9 and Chunkies with Duck is a complete pet food for adult cats, formulated to provide all necessary nutrients for the daily vitality of our four-legged friends. GEMON HIGH PREMIUM QUALITY is a line of complete pet foods formulated withquality ingredients, selected to meet the nutritional needs of your animals. Highly palatable recipes, tailored to the different ages and lifestyles of the animal. No added artificial colours or preservatives, No Cruelty Test and Made in Italy.","og_url":"https:\/\/zoo-land.az\/ru\/shop\/cat\/cat-wetfoods\/gemon-pate-adult-cat-duck-100-g\/","og_site_name":"Zooland.az","article_modified_time":"2024-06-11T15:47:25+00:00","og_image":[{"width":567,"height":567,"url":"https:\/\/zoo-land.az\/wp-content\/uploads\/2024\/06\/gemon_gatto_umido_pate_e_bocconcini_con_anatra_adult.jpg","type":"image\/jpeg"}],"twitter_card":"summary_large_image","schema":{"@context":"https:\/\/schema.org","@graph":[{"@type":"WebPage","@id":"https:\/\/zoo-land.az\/az\/shop\/cat\/cat-wetfoods\/gemon-pate-adult-cat-duck-100-g\/","url":"https:\/\/zoo-land.az\/az\/shop\/cat\/cat-wetfoods\/gemon-pate-adult-cat-duck-100-g\/","name":"Gemon Pate Adult Cat Duck 100 g - Zooland.az","isPartOf":{"@id":"https:\/\/zoo-land.az\/#website"},"primaryImageOfPage":{"@id":"https:\/\/zoo-land.az\/az\/shop\/cat\/cat-wetfoods\/gemon-pate-adult-cat-duck-100-g\/#primaryimage"},"image":{"@id":"https:\/\/zoo-land.az\/az\/shop\/cat\/cat-wetfoods\/gemon-pate-adult-cat-duck-100-g\/#primaryimage"},"thumbnailUrl":"https:\/\/zoo-land.az\/wp-content\/uploads\/2024\/06\/gemon_gatto_umido_pate_e_bocconcini_con_anatra_adult.jpg","datePublished":"2024-06-11T15:47:24+00:00","dateModified":"2024-06-11T15:47:25+00:00","breadcrumb":{"@id":"https:\/\/zoo-land.az\/az\/shop\/cat\/cat-wetfoods\/gemon-pate-adult-cat-duck-100-g\/#breadcrumb"},"inLanguage":"ru-RU","potentialAction":[{"@type":"ReadAction","target":["https:\/\/zoo-land.az\/az\/shop\/cat\/cat-wetfoods\/gemon-pate-adult-cat-duck-100-g\/"]}]},{"@type":"ImageObject","inLanguage":"ru-RU","@id":"https:\/\/zoo-land.az\/az\/shop\/cat\/cat-wetfoods\/gemon-pate-adult-cat-duck-100-g\/#primaryimage","url":"https:\/\/zoo-land.az\/wp-content\/uploads\/2024\/06\/gemon_gatto_umido_pate_e_bocconcini_con_anatra_adult.jpg","contentUrl":"https:\/\/zoo-land.az\/wp-content\/uploads\/2024\/06\/gemon_gatto_umido_pate_e_bocconcini_con_anatra_adult.jpg","width":567,"height":567},{"@type":"BreadcrumbList","@id":"https:\/\/zoo-land.az\/az\/shop\/cat\/cat-wetfoods\/gemon-pate-adult-cat-duck-100-g\/#breadcrumb","itemListElement":[{"@type":"ListItem","position":1,"name":"Home","item":"https:\/\/zoo-land.az\/ru\/"},{"@type":"ListItem","position":2,"name":"Shop","item":"https:\/\/zoo-land.az\/ru\/"},{"@type":"ListItem","position":3,"name":"Gemon Pate Adult Cat Duck 100 g"}]},{"@type":"WebSite","@id":"https:\/\/zoo-land.az\/#website","url":"https:\/\/zoo-land.az\/","name":"Zooland.az","description":"Xo\u015fb\u0259xt ev heyvanlar\u0131n\u0131n \u00fcnvan\u0131 Zooland.az","publisher":{"@id":"https:\/\/zoo-land.az\/#organization"},"potentialAction":[{"@type":"SearchAction","target":{"@type":"EntryPoint","urlTemplate":"https:\/\/zoo-land.az\/?s={search_term_string}"},"query-input":{"@type":"PropertyValueSpecification","valueRequired":true,"valueName":"search_term_string"}}],"inLanguage":"ru-RU"},{"@type":"Organization","@id":"https:\/\/zoo-land.az\/#organization","name":"Zooland.az","url":"https:\/\/zoo-land.az\/","logo":{"@type":"ImageObject","inLanguage":"ru-RU","@id":"https:\/\/zoo-land.az\/#\/schema\/logo\/image\/","url":"https:\/\/zoo-land.az\/wp-content\/uploads\/2022\/05\/logo.svg","contentUrl":"https:\/\/zoo-land.az\/wp-content\/uploads\/2022\/05\/logo.svg","width":113,"height":46,"caption":"Zooland.az"},"image":{"@id":"https:\/\/zoo-land.az\/#\/schema\/logo\/image\/"}}]}},"_links":{"self":[{"href":"https:\/\/zoo-land.az\/ru\/wp-json\/wp\/v2\/product\/23409","targetHints":{"allow":["GET"]}}],"collection":[{"href":"https:\/\/zoo-land.az\/ru\/wp-json\/wp\/v2\/product"}],"about":[{"href":"https:\/\/zoo-land.az\/ru\/wp-json\/wp\/v2\/types\/product"}],"wp:featuredmedia":[{"embeddable":true,"href":"https:\/\/zoo-land.az\/ru\/wp-json\/wp\/v2\/media\/23410"}],"wp:attachment":[{"href":"https:\/\/zoo-land.az\/ru\/wp-json\/wp\/v2\/media?parent=23409"}],"wp:term":[{"taxonomy":"product_cat","embeddable":true,"href":"https:\/\/zoo-land.az\/ru\/wp-json\/wp\/v2\/product_cat?post=23409"},{"taxonomy":"product_tag","embeddable":true,"href":"https:\/\/zoo-land.az\/ru\/wp-json\/wp\/v2\/product_tag?post=23409"}],"curies":[{"name":"wp","href":"https:\/\/api.w.org\/{rel}","templated":true}]}}