{"id":23415,"date":"2024-06-11T15:54:22","date_gmt":"2024-06-11T15:54:22","guid":{"rendered":"https:\/\/lightsteelblue-zebra-299715.hostingersite.com\/?post_type=product&#038;p=23415"},"modified":"2024-06-11T15:54:23","modified_gmt":"2024-06-11T15:54:23","slug":"gemon-pouch-adult-dog-chicken-100-g","status":"publish","type":"product","link":"https:\/\/zoo-land.az\/ru\/shop\/dog\/dog-wetfoods-conserves\/gemon-pouch-adult-dog-chicken-100-g\/","title":{"rendered":"Gemon Pouch Adult Dog Chicken 100 g"},"content":{"rendered":"<p>GEMON HIGH PREMIUM QUALITY is a line of complete pet foods formulated with quality ingredients, selected to meet the nutritional needs of your animals. Highly palatable recipes, tailored to the different ages and lifestyles of the animal. No added artificial dyes and preservatives. Made in Italy and No Cruelty Test.<br \/>\nGEMON CHUNKIES WITH CHICKEN AND TURKEY is a complete pet food for sterilised adult dogs of every sizes, formulated to provide all necessary nutrients for the daily vitality of our four-legged friends.<\/p>","protected":false},"excerpt":{"rendered":"<p>GEMON HIGH PREMIUM QUALITY is a line of complete pet foods formulated with quality ingredients, selected to meet the nutritional needs of your animals. Highly palatable recipes, tailored to the different ages and lifestyles of the animal. No added artificial dyes and preservatives. Made in Italy and No Cruelty Test.<br \/>\nGEMON CHUNKIES WITH CHICKEN AND TURKEY is a complete pet food for sterilised adult dogs of every sizes, formulated to provide all necessary nutrients for the daily vitality of our four-legged friends.<\/p>","protected":false},"featured_media":23416,"template":"","meta":{"inline_featured_image":false,"_joinchat":[]},"product_cat":[107,154],"product_tag":[],"class_list":{"0":"post-23415","1":"product","2":"type-product","3":"status-publish","4":"has-post-thumbnail","6":"product_brand-gemon","7":"product_cat-dog","8":"product_cat-dog-wetfoods-conserves","10":"first","11":"instock","12":"shipping-taxable","13":"purchasable","14":"product-type-simple"},"yoast_head":"<!-- This site is optimized with the Yoast SEO plugin v27.4 - https:\/\/yoast.com\/product\/yoast-seo-wordpress\/ -->\n<title>Gemon Pouch Adult Dog Chicken 100 g - Zooland.az<\/title>\n<meta name=\"robots\" content=\"index, follow, max-snippet:-1, max-image-preview:large, max-video-preview:-1\" \/>\n<link rel=\"canonical\" href=\"https:\/\/zoo-land.az\/ru\/shop\/dog\/dog-wetfoods-conserves\/gemon-pouch-adult-dog-chicken-100-g\/\" \/>\n<meta property=\"og:locale\" content=\"ru_RU\" \/>\n<meta property=\"og:type\" content=\"article\" \/>\n<meta property=\"og:title\" content=\"Gemon Pouch Adult Dog Chicken 100 g - Zooland.az\" \/>\n<meta property=\"og:description\" content=\"GEMON HIGH PREMIUM QUALITY is a line of complete pet foods formulated with quality ingredients, selected to meet the nutritional needs of your animals. Highly palatable recipes, tailored to the different ages and lifestyles of the animal. No added artificial dyes and preservatives. Made in Italy and No Cruelty Test. GEMON CHUNKIES WITH CHICKEN AND TURKEY is a complete pet food for sterilised adult dogs of every sizes, formulated to provide all necessary nutrients for the daily vitality of our four-legged friends.\" \/>\n<meta property=\"og:url\" content=\"https:\/\/zoo-land.az\/ru\/shop\/dog\/dog-wetfoods-conserves\/gemon-pouch-adult-dog-chicken-100-g\/\" \/>\n<meta property=\"og:site_name\" content=\"Zooland.az\" \/>\n<meta property=\"article:modified_time\" content=\"2024-06-11T15:54:23+00:00\" \/>\n<meta property=\"og:image\" content=\"https:\/\/zoo-land.az\/wp-content\/uploads\/2024\/06\/ALL-BREEDS-STERILISED_PolloeTacchino_100g_8009470300643.jpg\" \/>\n\t<meta property=\"og:image:width\" content=\"425\" \/>\n\t<meta property=\"og:image:height\" content=\"594\" \/>\n\t<meta property=\"og:image:type\" content=\"image\/jpeg\" \/>\n<meta name=\"twitter:card\" content=\"summary_large_image\" \/>\n<script type=\"application\/ld+json\" class=\"yoast-schema-graph\">{\"@context\":\"https:\\\/\\\/schema.org\",\"@graph\":[{\"@type\":\"WebPage\",\"@id\":\"https:\\\/\\\/zoo-land.az\\\/ru\\\/shop\\\/dog\\\/dog-wetfoods-conserves\\\/gemon-pouch-adult-dog-chicken-100-g\\\/\",\"url\":\"https:\\\/\\\/zoo-land.az\\\/ru\\\/shop\\\/dog\\\/dog-wetfoods-conserves\\\/gemon-pouch-adult-dog-chicken-100-g\\\/\",\"name\":\"Gemon Pouch Adult Dog Chicken 100 g - Zooland.az\",\"isPartOf\":{\"@id\":\"https:\\\/\\\/zoo-land.az\\\/ru\\\/#website\"},\"primaryImageOfPage\":{\"@id\":\"https:\\\/\\\/zoo-land.az\\\/ru\\\/shop\\\/dog\\\/dog-wetfoods-conserves\\\/gemon-pouch-adult-dog-chicken-100-g\\\/#primaryimage\"},\"image\":{\"@id\":\"https:\\\/\\\/zoo-land.az\\\/ru\\\/shop\\\/dog\\\/dog-wetfoods-conserves\\\/gemon-pouch-adult-dog-chicken-100-g\\\/#primaryimage\"},\"thumbnailUrl\":\"https:\\\/\\\/zoo-land.az\\\/wp-content\\\/uploads\\\/2024\\\/06\\\/ALL-BREEDS-STERILISED_PolloeTacchino_100g_8009470300643.jpg\",\"datePublished\":\"2024-06-11T15:54:22+00:00\",\"dateModified\":\"2024-06-11T15:54:23+00:00\",\"breadcrumb\":{\"@id\":\"https:\\\/\\\/zoo-land.az\\\/ru\\\/shop\\\/dog\\\/dog-wetfoods-conserves\\\/gemon-pouch-adult-dog-chicken-100-g\\\/#breadcrumb\"},\"inLanguage\":\"ru-RU\",\"potentialAction\":[{\"@type\":\"ReadAction\",\"target\":[\"https:\\\/\\\/zoo-land.az\\\/ru\\\/shop\\\/dog\\\/dog-wetfoods-conserves\\\/gemon-pouch-adult-dog-chicken-100-g\\\/\"]}]},{\"@type\":\"ImageObject\",\"inLanguage\":\"ru-RU\",\"@id\":\"https:\\\/\\\/zoo-land.az\\\/ru\\\/shop\\\/dog\\\/dog-wetfoods-conserves\\\/gemon-pouch-adult-dog-chicken-100-g\\\/#primaryimage\",\"url\":\"https:\\\/\\\/zoo-land.az\\\/wp-content\\\/uploads\\\/2024\\\/06\\\/ALL-BREEDS-STERILISED_PolloeTacchino_100g_8009470300643.jpg\",\"contentUrl\":\"https:\\\/\\\/zoo-land.az\\\/wp-content\\\/uploads\\\/2024\\\/06\\\/ALL-BREEDS-STERILISED_PolloeTacchino_100g_8009470300643.jpg\",\"width\":425,\"height\":594},{\"@type\":\"BreadcrumbList\",\"@id\":\"https:\\\/\\\/zoo-land.az\\\/ru\\\/shop\\\/dog\\\/dog-wetfoods-conserves\\\/gemon-pouch-adult-dog-chicken-100-g\\\/#breadcrumb\",\"itemListElement\":[{\"@type\":\"ListItem\",\"position\":1,\"name\":\"Home\",\"item\":\"https:\\\/\\\/zoo-land.az\\\/ru\\\/\"},{\"@type\":\"ListItem\",\"position\":2,\"name\":\"Shop\",\"item\":\"https:\\\/\\\/zoo-land.az\\\/ru\\\/\"},{\"@type\":\"ListItem\",\"position\":3,\"name\":\"Gemon Pouch Adult Dog Chicken 100 g\"}]},{\"@type\":\"WebSite\",\"@id\":\"https:\\\/\\\/zoo-land.az\\\/ru\\\/#website\",\"url\":\"https:\\\/\\\/zoo-land.az\\\/ru\\\/\",\"name\":\"Zooland.az\",\"description\":\"Xo\u015fb\u0259xt ev heyvanlar\u0131n\u0131n \u00fcnvan\u0131 Zooland.az\",\"publisher\":{\"@id\":\"https:\\\/\\\/zoo-land.az\\\/ru\\\/#organization\"},\"potentialAction\":[{\"@type\":\"SearchAction\",\"target\":{\"@type\":\"EntryPoint\",\"urlTemplate\":\"https:\\\/\\\/zoo-land.az\\\/ru\\\/?s={search_term_string}\"},\"query-input\":{\"@type\":\"PropertyValueSpecification\",\"valueRequired\":true,\"valueName\":\"search_term_string\"}}],\"inLanguage\":\"ru-RU\"},{\"@type\":\"Organization\",\"@id\":\"https:\\\/\\\/zoo-land.az\\\/ru\\\/#organization\",\"name\":\"Zooland.az\",\"url\":\"https:\\\/\\\/zoo-land.az\\\/ru\\\/\",\"logo\":{\"@type\":\"ImageObject\",\"inLanguage\":\"ru-RU\",\"@id\":\"https:\\\/\\\/zoo-land.az\\\/ru\\\/#\\\/schema\\\/logo\\\/image\\\/\",\"url\":\"https:\\\/\\\/zoo-land.az\\\/wp-content\\\/uploads\\\/2022\\\/05\\\/logo.svg\",\"contentUrl\":\"https:\\\/\\\/zoo-land.az\\\/wp-content\\\/uploads\\\/2022\\\/05\\\/logo.svg\",\"width\":113,\"height\":46,\"caption\":\"Zooland.az\"},\"image\":{\"@id\":\"https:\\\/\\\/zoo-land.az\\\/ru\\\/#\\\/schema\\\/logo\\\/image\\\/\"}}]}<\/script>\n<!-- \/ Yoast SEO plugin. -->","yoast_head_json":{"title":"Gemon Pouch Adult Dog Chicken 100 g - Zooland.az","robots":{"index":"index","follow":"follow","max-snippet":"max-snippet:-1","max-image-preview":"max-image-preview:large","max-video-preview":"max-video-preview:-1"},"canonical":"https:\/\/zoo-land.az\/ru\/shop\/dog\/dog-wetfoods-conserves\/gemon-pouch-adult-dog-chicken-100-g\/","og_locale":"ru_RU","og_type":"article","og_title":"Gemon Pouch Adult Dog Chicken 100 g - Zooland.az","og_description":"GEMON HIGH PREMIUM QUALITY is a line of complete pet foods formulated with quality ingredients, selected to meet the nutritional needs of your animals. Highly palatable recipes, tailored to the different ages and lifestyles of the animal. No added artificial dyes and preservatives. Made in Italy and No Cruelty Test. GEMON CHUNKIES WITH CHICKEN AND TURKEY is a complete pet food for sterilised adult dogs of every sizes, formulated to provide all necessary nutrients for the daily vitality of our four-legged friends.","og_url":"https:\/\/zoo-land.az\/ru\/shop\/dog\/dog-wetfoods-conserves\/gemon-pouch-adult-dog-chicken-100-g\/","og_site_name":"Zooland.az","article_modified_time":"2024-06-11T15:54:23+00:00","og_image":[{"width":425,"height":594,"url":"https:\/\/zoo-land.az\/wp-content\/uploads\/2024\/06\/ALL-BREEDS-STERILISED_PolloeTacchino_100g_8009470300643.jpg","type":"image\/jpeg"}],"twitter_card":"summary_large_image","schema":{"@context":"https:\/\/schema.org","@graph":[{"@type":"WebPage","@id":"https:\/\/zoo-land.az\/ru\/shop\/dog\/dog-wetfoods-conserves\/gemon-pouch-adult-dog-chicken-100-g\/","url":"https:\/\/zoo-land.az\/ru\/shop\/dog\/dog-wetfoods-conserves\/gemon-pouch-adult-dog-chicken-100-g\/","name":"Gemon Pouch Adult Dog Chicken 100 g - Zooland.az","isPartOf":{"@id":"https:\/\/zoo-land.az\/ru\/#website"},"primaryImageOfPage":{"@id":"https:\/\/zoo-land.az\/ru\/shop\/dog\/dog-wetfoods-conserves\/gemon-pouch-adult-dog-chicken-100-g\/#primaryimage"},"image":{"@id":"https:\/\/zoo-land.az\/ru\/shop\/dog\/dog-wetfoods-conserves\/gemon-pouch-adult-dog-chicken-100-g\/#primaryimage"},"thumbnailUrl":"https:\/\/zoo-land.az\/wp-content\/uploads\/2024\/06\/ALL-BREEDS-STERILISED_PolloeTacchino_100g_8009470300643.jpg","datePublished":"2024-06-11T15:54:22+00:00","dateModified":"2024-06-11T15:54:23+00:00","breadcrumb":{"@id":"https:\/\/zoo-land.az\/ru\/shop\/dog\/dog-wetfoods-conserves\/gemon-pouch-adult-dog-chicken-100-g\/#breadcrumb"},"inLanguage":"ru-RU","potentialAction":[{"@type":"ReadAction","target":["https:\/\/zoo-land.az\/ru\/shop\/dog\/dog-wetfoods-conserves\/gemon-pouch-adult-dog-chicken-100-g\/"]}]},{"@type":"ImageObject","inLanguage":"ru-RU","@id":"https:\/\/zoo-land.az\/ru\/shop\/dog\/dog-wetfoods-conserves\/gemon-pouch-adult-dog-chicken-100-g\/#primaryimage","url":"https:\/\/zoo-land.az\/wp-content\/uploads\/2024\/06\/ALL-BREEDS-STERILISED_PolloeTacchino_100g_8009470300643.jpg","contentUrl":"https:\/\/zoo-land.az\/wp-content\/uploads\/2024\/06\/ALL-BREEDS-STERILISED_PolloeTacchino_100g_8009470300643.jpg","width":425,"height":594},{"@type":"BreadcrumbList","@id":"https:\/\/zoo-land.az\/ru\/shop\/dog\/dog-wetfoods-conserves\/gemon-pouch-adult-dog-chicken-100-g\/#breadcrumb","itemListElement":[{"@type":"ListItem","position":1,"name":"Home","item":"https:\/\/zoo-land.az\/ru\/"},{"@type":"ListItem","position":2,"name":"Shop","item":"https:\/\/zoo-land.az\/ru\/"},{"@type":"ListItem","position":3,"name":"Gemon Pouch Adult Dog Chicken 100 g"}]},{"@type":"WebSite","@id":"https:\/\/zoo-land.az\/ru\/#website","url":"https:\/\/zoo-land.az\/ru\/","name":"Zooland.az","description":"Xo\u015fb\u0259xt ev heyvanlar\u0131n\u0131n \u00fcnvan\u0131 Zooland.az","publisher":{"@id":"https:\/\/zoo-land.az\/ru\/#organization"},"potentialAction":[{"@type":"SearchAction","target":{"@type":"EntryPoint","urlTemplate":"https:\/\/zoo-land.az\/ru\/?s={search_term_string}"},"query-input":{"@type":"PropertyValueSpecification","valueRequired":true,"valueName":"search_term_string"}}],"inLanguage":"ru-RU"},{"@type":"Organization","@id":"https:\/\/zoo-land.az\/ru\/#organization","name":"Zooland.az","url":"https:\/\/zoo-land.az\/ru\/","logo":{"@type":"ImageObject","inLanguage":"ru-RU","@id":"https:\/\/zoo-land.az\/ru\/#\/schema\/logo\/image\/","url":"https:\/\/zoo-land.az\/wp-content\/uploads\/2022\/05\/logo.svg","contentUrl":"https:\/\/zoo-land.az\/wp-content\/uploads\/2022\/05\/logo.svg","width":113,"height":46,"caption":"Zooland.az"},"image":{"@id":"https:\/\/zoo-land.az\/ru\/#\/schema\/logo\/image\/"}}]}},"_links":{"self":[{"href":"https:\/\/zoo-land.az\/ru\/wp-json\/wp\/v2\/product\/23415","targetHints":{"allow":["GET"]}}],"collection":[{"href":"https:\/\/zoo-land.az\/ru\/wp-json\/wp\/v2\/product"}],"about":[{"href":"https:\/\/zoo-land.az\/ru\/wp-json\/wp\/v2\/types\/product"}],"wp:featuredmedia":[{"embeddable":true,"href":"https:\/\/zoo-land.az\/ru\/wp-json\/wp\/v2\/media\/23416"}],"wp:attachment":[{"href":"https:\/\/zoo-land.az\/ru\/wp-json\/wp\/v2\/media?parent=23415"}],"wp:term":[{"taxonomy":"product_cat","embeddable":true,"href":"https:\/\/zoo-land.az\/ru\/wp-json\/wp\/v2\/product_cat?post=23415"},{"taxonomy":"product_tag","embeddable":true,"href":"https:\/\/zoo-land.az\/ru\/wp-json\/wp\/v2\/product_tag?post=23415"}],"curies":[{"name":"wp","href":"https:\/\/api.w.org\/{rel}","templated":true}]}}