{"id":23487,"date":"2024-06-12T17:50:42","date_gmt":"2024-06-12T17:50:42","guid":{"rendered":"https:\/\/lightsteelblue-zebra-299715.hostingersite.com\/?post_type=product&#038;p=23487"},"modified":"2024-06-12T17:50:42","modified_gmt":"2024-06-12T17:50:42","slug":"bars-spray-for-dogs-100-ml","status":"publish","type":"product","link":"https:\/\/zoo-land.az\/ru\/shop\/dog\/medications\/bars-spray-for-dogs-100-ml\/","title":{"rendered":"\u0411\u0430\u0440\u0441 \u0441\u043f\u0440\u0435\u0439 \u0434\u043b\u044f \u0441\u043e\u0431\u0430\u043a 100 \u043c\u043b"},"content":{"rendered":"<p>\u0411\u0430\u0440\u0441 \u2013 \u0418\u043d\u0441\u0435\u043a\u0442\u043e\u0430\u043a\u0430\u0440\u0438\u0446\u0438\u0434\u043d\u044b\u0439 \u0441\u043f\u0440\u0435\u0439 \u0434\u043b\u044f \u0441\u043e\u0431\u0430\u043a<\/p>\n<p>\u0420\u0435\u043a\u043e\u043c\u0435\u043d\u0434\u043e\u0432\u0430\u043d\u043e \u0432\u0435\u0442\u0435\u0440\u0438\u043d\u0430\u0440\u0430\u043c\u0438 \u043a\u0430\u043a \u044d\u0444\u0444\u0435\u043a\u0442\u0438\u0432\u043d\u043e\u0435 \u0441\u0440\u0435\u0434\u0441\u0442\u0432\u043e \u0431\u043e\u0440\u044c\u0431\u044b \u0441 \u044d\u043a\u0442\u043e\u043f\u0430\u0440\u0430\u0437\u0438\u0442\u0430\u043c\u0438, \u0432 \u0442\u043e\u043c \u0447\u0438\u0441\u043b\u0435:<\/p>\n<ul>\n<li>\u0411\u043b\u043e\u0445\u0438<\/li>\n<li>\u0418\u043a\u0441\u043e\u0434\u043e\u0432\u044b\u0435 \u043a\u043b\u0435\u0449\u0438<\/li>\n<li>\u0412\u0448\u0438<\/li>\n<li>\u0421\u0430\u0440\u043a\u043e\u043f\u0442\u043e\u0438\u0434\u043d\u044b\u0435 \u043a\u043b\u0435\u0449\u0438<\/li>\n<\/ul>\n<p>\u0418\u043d\u0441\u0435\u043a\u0442\u043e\u0430\u043a\u0430\u0440\u0438\u0446\u0438\u0434\u043d\u044b\u0439 \u0441\u043f\u0440\u0435\u0439 \u00ab\u0411\u0430\u0440\u0441\u00bb \u043e\u043a\u0430\u0437\u044b\u0432\u0430\u0435\u0442 \u043a\u0430\u043a \u0441\u0438\u0441\u0442\u0435\u043c\u043d\u043e\u0435, \u0442\u0430\u043a \u0438 \u043a\u043e\u043d\u0442\u0430\u043a\u0442\u043d\u043e\u0435 \u0434\u0435\u0439\u0441\u0442\u0432\u0438\u0435, \u0441\u043f\u043e\u0441\u043e\u0431\u0441\u0442\u0432\u0443\u044f \u0431\u044b\u0441\u0442\u0440\u043e\u0439 \u0433\u0438\u0431\u0435\u043b\u0438 \u044d\u043a\u0442\u043e\u043f\u0430\u0440\u0430\u0437\u0438\u0442\u043e\u0432. \u041a\u0440\u043e\u043c\u0435 \u0442\u043e\u0433\u043e, \u043f\u0440\u043e\u0434\u0443\u043a\u0442 \u0438\u043c\u0435\u0435\u0442 \u043f\u0440\u0438\u044f\u0442\u043d\u044b\u0439 \u0437\u0430\u043f\u0430\u0445 \u0438 \u043d\u0435 \u0432\u044b\u0437\u044b\u0432\u0430\u0435\u0442 \u0440\u0430\u0437\u0434\u0440\u0430\u0436\u0435\u043d\u0438\u044f \u043a\u043e\u0436\u0438 \u0434\u0430\u0436\u0435 \u0443 \u043f\u0438\u0442\u043e\u043c\u0446\u0435\u0432 \u0441 \u043f\u043e\u0432\u044b\u0448\u0435\u043d\u043d\u043e\u0439 \u0447\u0443\u0432\u0441\u0442\u0432\u0438\u0442\u0435\u043b\u044c\u043d\u043e\u0441\u0442\u044c\u044e. \u041f\u0440\u0438 \u0440\u0430\u0437\u043b\u0438\u0447\u043d\u044b\u0445 \u044d\u043d\u0442\u043e\u043c\u043e\u0437\u0430\u0445 \u0438 \u043a\u043b\u0435\u0449\u0435\u0432\u044b\u0445 \u0438\u043d\u0432\u0430\u0437\u0438\u044f\u0445 \u0441\u043f\u0435\u0446\u0438\u0430\u043b\u0438\u0441\u0442\u044b \u043d\u0430\u0437\u043d\u0430\u0447\u0430\u044e\u0442 \u0438\u043d\u0441\u0435\u043a\u0442\u043e\u0430\u043a\u0430\u0440\u0438\u0446\u0438\u0434\u043d\u044b\u0439 \u0441\u043f\u0440\u0435\u0439 \u00ab\u0411\u0430\u0440\u0441\u00bb.<\/p>\n<p>\u041a\u0430\u043a \u043f\u0440\u0430\u0432\u0438\u043b\u044c\u043d\u043e \u043f\u0440\u0438\u043c\u0435\u043d\u044f\u0442\u044c \u0438\u043d\u0441\u0435\u043a\u0442\u043e\u0430\u043a\u0430\u0440\u0438\u0446\u0438\u0434\u043d\u044b\u0439 \u0441\u043f\u0440\u0435\u0439 \u00ab\u0411\u0430\u0440\u0441\u00bb? \u0412 \u0438\u043d\u0441\u0442\u0440\u0443\u043a\u0446\u0438\u0438 \u0440\u0435\u043a\u043e\u043c\u0435\u043d\u0434\u0443\u0435\u0442\u0441\u044f \u043b\u0435\u0447\u0438\u0442\u044c \u043f\u0438\u0442\u043e\u043c\u0446\u0430 \u043d\u0430 \u043e\u0442\u043a\u0440\u044b\u0442\u043e\u043c \u0432\u043e\u0437\u0434\u0443\u0445\u0435 \u0438\u043b\u0438 \u0432 \u0445\u043e\u0440\u043e\u0448\u043e \u043f\u0440\u043e\u0432\u0435\u0442\u0440\u0438\u0432\u0430\u0435\u043c\u043e\u043c \u043f\u043e\u043c\u0435\u0449\u0435\u043d\u0438\u0438. \u041f\u043e\u0441\u043b\u0435\u0434\u043e\u0432\u0430\u0442\u0435\u043b\u044c\u043d\u043e \u043e\u0431\u0440\u0430\u0431\u043e\u0442\u0430\u0439\u0442\u0435 \u0448\u0435\u044e \u0438 \u0433\u0440\u0443\u0434\u044c, \u0443\u0448\u0438, \u0442\u0443\u043b\u043e\u0432\u0438\u0449\u0435, \u043b\u0430\u043f\u043a\u0438 \u0438 \u0445\u0432\u043e\u0441\u0442. \u0418\u0437\u0431\u0435\u0433\u0430\u0442\u044c \u043f\u043e\u043f\u0430\u0434\u0430\u043d\u0438\u044f \u0441\u0440\u0435\u0434\u0441\u0442\u0432\u0430 \u043d\u0430 \u0441\u043b\u0438\u0437\u0438\u0441\u0442\u044b\u0435 \u043e\u0431\u043e\u043b\u043e\u0447\u043a\u0438 \u0433\u043b\u0430\u0437 \u0438 \u0440\u0442\u0430.<\/p>\n<p>\u0421\u043e\u0431\u0430\u043a \u0441\u043b\u0435\u0434\u0443\u0435\u0442 \u043e\u0431\u0440\u0430\u0431\u0430\u0442\u044b\u0432\u0430\u0442\u044c \u043d\u0435 \u0447\u0430\u0449\u0435 \u043e\u0434\u043d\u043e\u0433\u043e \u0440\u0430\u0437\u0430 \u0432 \u043c\u0435\u0441\u044f\u0446, \u0430 \u043f\u043e\u0434\u0441\u0442\u0438\u043b\u043a\u0443 \u0434\u0435\u0437\u0438\u043d\u0444\u0438\u0446\u0438\u0440\u043e\u0432\u0430\u0442\u044c \u0438\u0437 \u0440\u0430\u0441\u0447\u0435\u0442\u0430 4 \u0440\u0430\u0441\u043f\u044b\u043b\u0438\u0442\u0435\u043b\u044f \u043d\u0430 1\u043c\u00b2. \u041e\u0433\u0440\u0430\u043d\u0438\u0447\u0435\u043d\u0438\u044f \u0432\u043a\u043b\u044e\u0447\u0430\u044e\u0442 \u0432 \u0441\u0435\u0431\u044f \u043f\u0440\u0435\u0434\u043e\u0442\u0432\u0440\u0430\u0449\u0435\u043d\u0438\u0435 \u043a\u043e\u043d\u0442\u0430\u043a\u0442\u0430 \u0434\u043e\u043c\u0430\u0448\u043d\u0435\u0433\u043e \u0436\u0438\u0432\u043e\u0442\u043d\u043e\u0433\u043e \u0441 \u043e\u0431\u0440\u0430\u0431\u043e\u0442\u0430\u043d\u043d\u043e\u0439 \u043f\u043e\u0434\u0441\u0442\u0438\u043b\u043a\u043e\u0439 \u0438 \u043f\u0440\u0435\u0434\u043c\u0435\u0442\u0430\u043c\u0438.<\/p>\n<p>\u041f\u0420\u0415\u0414\u0423\u041f\u0420\u0415\u0416\u0414\u0415\u041d\u0418\u0415! \u041f\u0440\u0435\u0434\u043e\u0441\u0442\u0430\u0432\u043b\u0435\u043d\u043d\u043e\u0435 \u043e\u043f\u0438\u0441\u0430\u043d\u0438\u0435 \u043d\u0435 \u044f\u0432\u043b\u044f\u0435\u0442\u0441\u044f \u0437\u0430\u043c\u0435\u043d\u043e\u0439 \u043e\u0444\u0438\u0446\u0438\u0430\u043b\u044c\u043d\u043e\u0439 \u0438\u043d\u0441\u0442\u0440\u0443\u043a\u0446\u0438\u0438.<\/p>","protected":false},"excerpt":{"rendered":"<p>\u0418\u043d\u0441\u0435\u043a\u0442\u043e\u0430\u043a\u0430\u0440\u0438\u0446\u0438\u0434\u043d\u044b\u0439 \u0441\u043f\u0440\u0435\u0439 \u00ab\u0411\u0430\u0440\u0441\u00bb \u043e\u043a\u0430\u0437\u044b\u0432\u0430\u0435\u0442 \u043a\u0430\u043a \u0441\u0438\u0441\u0442\u0435\u043c\u043d\u043e\u0435, \u0442\u0430\u043a \u0438 \u043a\u043e\u043d\u0442\u0430\u043a\u0442\u043d\u043e\u0435 \u0434\u0435\u0439\u0441\u0442\u0432\u0438\u0435, \u0441\u043f\u043e\u0441\u043e\u0431\u0441\u0442\u0432\u0443\u044f \u0431\u044b\u0441\u0442\u0440\u043e\u0439 \u0433\u0438\u0431\u0435\u043b\u0438 \u044d\u043a\u0442\u043e\u043f\u0430\u0440\u0430\u0437\u0438\u0442\u043e\u0432. \u041a\u0440\u043e\u043c\u0435 \u0442\u043e\u0433\u043e, \u043f\u0440\u043e\u0434\u0443\u043a\u0442 \u0438\u043c\u0435\u0435\u0442 \u043f\u0440\u0438\u044f\u0442\u043d\u044b\u0439 \u0437\u0430\u043f\u0430\u0445 \u0438 \u043d\u0435 \u0432\u044b\u0437\u044b\u0432\u0430\u0435\u0442 \u0440\u0430\u0437\u0434\u0440\u0430\u0436\u0435\u043d\u0438\u044f \u043a\u043e\u0436\u0438 \u0434\u0430\u0436\u0435 \u0443 \u043f\u0438\u0442\u043e\u043c\u0446\u0435\u0432 \u0441 \u043f\u043e\u0432\u044b\u0448\u0435\u043d\u043d\u043e\u0439 \u0447\u0443\u0432\u0441\u0442\u0432\u0438\u0442\u0435\u043b\u044c\u043d\u043e\u0441\u0442\u044c\u044e. \u041f\u0440\u0438 \u0440\u0430\u0437\u043b\u0438\u0447\u043d\u044b\u0445 \u044d\u043d\u0442\u043e\u043c\u043e\u0437\u0430\u0445 \u0438 \u043a\u043b\u0435\u0449\u0435\u0432\u044b\u0445 \u0438\u043d\u0432\u0430\u0437\u0438\u044f\u0445 \u0441\u043f\u0435\u0446\u0438\u0430\u043b\u0438\u0441\u0442\u044b \u043d\u0430\u0437\u043d\u0430\u0447\u0430\u044e\u0442 \u0438\u043d\u0441\u0435\u043a\u0442\u043e\u0430\u043a\u0430\u0440\u0438\u0446\u0438\u0434\u043d\u044b\u0439 \u0441\u043f\u0440\u0435\u0439 \u00ab\u0411\u0430\u0440\u0441\u00bb.<\/p>","protected":false},"featured_media":23511,"template":"","meta":{"inline_featured_image":false,"_joinchat":[]},"product_cat":[107,388],"product_tag":[],"class_list":{"0":"post-23487","1":"product","2":"type-product","3":"status-publish","4":"has-post-thumbnail","6":"product_brand-394","7":"product_cat-dog","8":"product_cat-medications","10":"first","11":"instock","12":"shipping-taxable","13":"purchasable","14":"product-type-simple"},"yoast_head":"<!-- This site is optimized with the Yoast SEO plugin v26.7 - https:\/\/yoast.com\/wordpress\/plugins\/seo\/ -->\n<title>Bars Spray for Dogs 100 ml - Zooland.az<\/title>\n<meta name=\"robots\" content=\"index, follow, max-snippet:-1, max-image-preview:large, max-video-preview:-1\" \/>\n<link rel=\"canonical\" href=\"https:\/\/zoo-land.az\/ru\/shop\/dog\/medications\/bars-spray-for-dogs-100-ml\/\" \/>\n<meta property=\"og:locale\" content=\"ru_RU\" \/>\n<meta property=\"og:type\" content=\"article\" \/>\n<meta property=\"og:title\" content=\"Bars Spray for Dogs 100 ml - Zooland.az\" \/>\n<meta property=\"og:description\" content=\"The Bars insectoacaricidal spray has both systemic and contact action, contributing to the rapid death of ectoparasites. Additionally, the product has a pleasant smell and does not cause skin irritation, even in pets with increased sensitivity. Specialists prescribe Bars insectoacaricidal spray for various entomoses and tick infestations.\" \/>\n<meta property=\"og:url\" content=\"https:\/\/zoo-land.az\/ru\/shop\/dog\/medications\/bars-spray-for-dogs-100-ml\/\" \/>\n<meta property=\"og:site_name\" content=\"Zooland.az\" \/>\n<meta property=\"og:image\" content=\"https:\/\/zoo-land.az\/wp-content\/uploads\/2024\/06\/142400-15ab17fef141adedfd630d0c21989e79.webp\" \/>\n\t<meta property=\"og:image:width\" content=\"840\" \/>\n\t<meta property=\"og:image:height\" content=\"840\" \/>\n\t<meta property=\"og:image:type\" content=\"image\/webp\" \/>\n<meta name=\"twitter:card\" content=\"summary_large_image\" \/>\n<meta name=\"twitter:label1\" content=\"\u041f\u0440\u0438\u043c\u0435\u0440\u043d\u043e\u0435 \u0432\u0440\u0435\u043c\u044f \u0434\u043b\u044f \u0447\u0442\u0435\u043d\u0438\u044f\" \/>\n\t<meta name=\"twitter:data1\" content=\"1 \u043c\u0438\u043d\u0443\u0442\u0430\" \/>\n<script type=\"application\/ld+json\" class=\"yoast-schema-graph\">{\"@context\":\"https:\/\/schema.org\",\"@graph\":[{\"@type\":\"WebPage\",\"@id\":\"https:\/\/zoo-land.az\/shop\/dog\/medications\/bars-spray-for-dogs-100-ml\/\",\"url\":\"https:\/\/zoo-land.az\/shop\/dog\/medications\/bars-spray-for-dogs-100-ml\/\",\"name\":\"Bars Spray for Dogs 100 ml - Zooland.az\",\"isPartOf\":{\"@id\":\"https:\/\/zoo-land.az\/#website\"},\"primaryImageOfPage\":{\"@id\":\"https:\/\/zoo-land.az\/shop\/dog\/medications\/bars-spray-for-dogs-100-ml\/#primaryimage\"},\"image\":{\"@id\":\"https:\/\/zoo-land.az\/shop\/dog\/medications\/bars-spray-for-dogs-100-ml\/#primaryimage\"},\"thumbnailUrl\":\"https:\/\/zoo-land.az\/wp-content\/uploads\/2024\/06\/142400-15ab17fef141adedfd630d0c21989e79.webp\",\"datePublished\":\"2024-06-12T17:50:42+00:00\",\"breadcrumb\":{\"@id\":\"https:\/\/zoo-land.az\/shop\/dog\/medications\/bars-spray-for-dogs-100-ml\/#breadcrumb\"},\"inLanguage\":\"ru-RU\",\"potentialAction\":[{\"@type\":\"ReadAction\",\"target\":[\"https:\/\/zoo-land.az\/shop\/dog\/medications\/bars-spray-for-dogs-100-ml\/\"]}]},{\"@type\":\"ImageObject\",\"inLanguage\":\"ru-RU\",\"@id\":\"https:\/\/zoo-land.az\/shop\/dog\/medications\/bars-spray-for-dogs-100-ml\/#primaryimage\",\"url\":\"https:\/\/zoo-land.az\/wp-content\/uploads\/2024\/06\/142400-15ab17fef141adedfd630d0c21989e79.webp\",\"contentUrl\":\"https:\/\/zoo-land.az\/wp-content\/uploads\/2024\/06\/142400-15ab17fef141adedfd630d0c21989e79.webp\",\"width\":840,\"height\":840},{\"@type\":\"BreadcrumbList\",\"@id\":\"https:\/\/zoo-land.az\/shop\/dog\/medications\/bars-spray-for-dogs-100-ml\/#breadcrumb\",\"itemListElement\":[{\"@type\":\"ListItem\",\"position\":1,\"name\":\"Home\",\"item\":\"https:\/\/zoo-land.az\/ru\/\"},{\"@type\":\"ListItem\",\"position\":2,\"name\":\"Shop\",\"item\":\"https:\/\/zoo-land.az\/ru\/\"},{\"@type\":\"ListItem\",\"position\":3,\"name\":\"Bars Spray for Dogs 100 ml\"}]},{\"@type\":\"WebSite\",\"@id\":\"https:\/\/zoo-land.az\/#website\",\"url\":\"https:\/\/zoo-land.az\/\",\"name\":\"Zooland.az\",\"description\":\"Xo\u015fb\u0259xt ev heyvanlar\u0131n\u0131n \u00fcnvan\u0131 Zooland.az\",\"publisher\":{\"@id\":\"https:\/\/zoo-land.az\/#organization\"},\"potentialAction\":[{\"@type\":\"SearchAction\",\"target\":{\"@type\":\"EntryPoint\",\"urlTemplate\":\"https:\/\/zoo-land.az\/?s={search_term_string}\"},\"query-input\":{\"@type\":\"PropertyValueSpecification\",\"valueRequired\":true,\"valueName\":\"search_term_string\"}}],\"inLanguage\":\"ru-RU\"},{\"@type\":\"Organization\",\"@id\":\"https:\/\/zoo-land.az\/#organization\",\"name\":\"Zooland.az\",\"url\":\"https:\/\/zoo-land.az\/\",\"logo\":{\"@type\":\"ImageObject\",\"inLanguage\":\"ru-RU\",\"@id\":\"https:\/\/zoo-land.az\/#\/schema\/logo\/image\/\",\"url\":\"https:\/\/zoo-land.az\/wp-content\/uploads\/2022\/05\/logo.svg\",\"contentUrl\":\"https:\/\/zoo-land.az\/wp-content\/uploads\/2022\/05\/logo.svg\",\"width\":113,\"height\":46,\"caption\":\"Zooland.az\"},\"image\":{\"@id\":\"https:\/\/zoo-land.az\/#\/schema\/logo\/image\/\"}}]}<\/script>\n<!-- \/ Yoast SEO plugin. -->","yoast_head_json":{"title":"Bars Spray for Dogs 100 ml - Zooland.az","robots":{"index":"index","follow":"follow","max-snippet":"max-snippet:-1","max-image-preview":"max-image-preview:large","max-video-preview":"max-video-preview:-1"},"canonical":"https:\/\/zoo-land.az\/ru\/shop\/dog\/medications\/bars-spray-for-dogs-100-ml\/","og_locale":"ru_RU","og_type":"article","og_title":"Bars Spray for Dogs 100 ml - Zooland.az","og_description":"The Bars insectoacaricidal spray has both systemic and contact action, contributing to the rapid death of ectoparasites. Additionally, the product has a pleasant smell and does not cause skin irritation, even in pets with increased sensitivity. Specialists prescribe Bars insectoacaricidal spray for various entomoses and tick infestations.","og_url":"https:\/\/zoo-land.az\/ru\/shop\/dog\/medications\/bars-spray-for-dogs-100-ml\/","og_site_name":"Zooland.az","og_image":[{"width":840,"height":840,"url":"https:\/\/zoo-land.az\/wp-content\/uploads\/2024\/06\/142400-15ab17fef141adedfd630d0c21989e79.webp","type":"image\/webp"}],"twitter_card":"summary_large_image","twitter_misc":{"\u041f\u0440\u0438\u043c\u0435\u0440\u043d\u043e\u0435 \u0432\u0440\u0435\u043c\u044f \u0434\u043b\u044f \u0447\u0442\u0435\u043d\u0438\u044f":"1 \u043c\u0438\u043d\u0443\u0442\u0430"},"schema":{"@context":"https:\/\/schema.org","@graph":[{"@type":"WebPage","@id":"https:\/\/zoo-land.az\/shop\/dog\/medications\/bars-spray-for-dogs-100-ml\/","url":"https:\/\/zoo-land.az\/shop\/dog\/medications\/bars-spray-for-dogs-100-ml\/","name":"Bars Spray for Dogs 100 ml - Zooland.az","isPartOf":{"@id":"https:\/\/zoo-land.az\/#website"},"primaryImageOfPage":{"@id":"https:\/\/zoo-land.az\/shop\/dog\/medications\/bars-spray-for-dogs-100-ml\/#primaryimage"},"image":{"@id":"https:\/\/zoo-land.az\/shop\/dog\/medications\/bars-spray-for-dogs-100-ml\/#primaryimage"},"thumbnailUrl":"https:\/\/zoo-land.az\/wp-content\/uploads\/2024\/06\/142400-15ab17fef141adedfd630d0c21989e79.webp","datePublished":"2024-06-12T17:50:42+00:00","breadcrumb":{"@id":"https:\/\/zoo-land.az\/shop\/dog\/medications\/bars-spray-for-dogs-100-ml\/#breadcrumb"},"inLanguage":"ru-RU","potentialAction":[{"@type":"ReadAction","target":["https:\/\/zoo-land.az\/shop\/dog\/medications\/bars-spray-for-dogs-100-ml\/"]}]},{"@type":"ImageObject","inLanguage":"ru-RU","@id":"https:\/\/zoo-land.az\/shop\/dog\/medications\/bars-spray-for-dogs-100-ml\/#primaryimage","url":"https:\/\/zoo-land.az\/wp-content\/uploads\/2024\/06\/142400-15ab17fef141adedfd630d0c21989e79.webp","contentUrl":"https:\/\/zoo-land.az\/wp-content\/uploads\/2024\/06\/142400-15ab17fef141adedfd630d0c21989e79.webp","width":840,"height":840},{"@type":"BreadcrumbList","@id":"https:\/\/zoo-land.az\/shop\/dog\/medications\/bars-spray-for-dogs-100-ml\/#breadcrumb","itemListElement":[{"@type":"ListItem","position":1,"name":"Home","item":"https:\/\/zoo-land.az\/ru\/"},{"@type":"ListItem","position":2,"name":"Shop","item":"https:\/\/zoo-land.az\/ru\/"},{"@type":"ListItem","position":3,"name":"Bars Spray for Dogs 100 ml"}]},{"@type":"WebSite","@id":"https:\/\/zoo-land.az\/#website","url":"https:\/\/zoo-land.az\/","name":"Zooland.az","description":"Xo\u015fb\u0259xt ev heyvanlar\u0131n\u0131n \u00fcnvan\u0131 Zooland.az","publisher":{"@id":"https:\/\/zoo-land.az\/#organization"},"potentialAction":[{"@type":"SearchAction","target":{"@type":"EntryPoint","urlTemplate":"https:\/\/zoo-land.az\/?s={search_term_string}"},"query-input":{"@type":"PropertyValueSpecification","valueRequired":true,"valueName":"search_term_string"}}],"inLanguage":"ru-RU"},{"@type":"Organization","@id":"https:\/\/zoo-land.az\/#organization","name":"Zooland.az","url":"https:\/\/zoo-land.az\/","logo":{"@type":"ImageObject","inLanguage":"ru-RU","@id":"https:\/\/zoo-land.az\/#\/schema\/logo\/image\/","url":"https:\/\/zoo-land.az\/wp-content\/uploads\/2022\/05\/logo.svg","contentUrl":"https:\/\/zoo-land.az\/wp-content\/uploads\/2022\/05\/logo.svg","width":113,"height":46,"caption":"Zooland.az"},"image":{"@id":"https:\/\/zoo-land.az\/#\/schema\/logo\/image\/"}}]}},"_links":{"self":[{"href":"https:\/\/zoo-land.az\/ru\/wp-json\/wp\/v2\/product\/23487","targetHints":{"allow":["GET"]}}],"collection":[{"href":"https:\/\/zoo-land.az\/ru\/wp-json\/wp\/v2\/product"}],"about":[{"href":"https:\/\/zoo-land.az\/ru\/wp-json\/wp\/v2\/types\/product"}],"wp:featuredmedia":[{"embeddable":true,"href":"https:\/\/zoo-land.az\/ru\/wp-json\/wp\/v2\/media\/23511"}],"wp:attachment":[{"href":"https:\/\/zoo-land.az\/ru\/wp-json\/wp\/v2\/media?parent=23487"}],"wp:term":[{"taxonomy":"product_cat","embeddable":true,"href":"https:\/\/zoo-land.az\/ru\/wp-json\/wp\/v2\/product_cat?post=23487"},{"taxonomy":"product_tag","embeddable":true,"href":"https:\/\/zoo-land.az\/ru\/wp-json\/wp\/v2\/product_tag?post=23487"}],"curies":[{"name":"wp","href":"https:\/\/api.w.org\/{rel}","templated":true}]}}