{"id":23499,"date":"2024-06-12T12:48:41","date_gmt":"2024-06-12T12:48:41","guid":{"rendered":"https:\/\/lightsteelblue-zebra-299715.hostingersite.com\/?post_type=product&#038;p=23499"},"modified":"2024-06-12T12:48:41","modified_gmt":"2024-06-12T12:48:41","slug":"stop-itch-suspension-for-dogs","status":"publish","type":"product","link":"https:\/\/zoo-land.az\/ru\/shop\/dog\/medications\/stop-itch-suspension-for-dogs\/","title":{"rendered":"\u0421\u0443\u0441\u043f\u0435\u043d\u0437\u0438\u044f Stop-Itch \u0434\u043b\u044f \u0441\u043e\u0431\u0430\u043a"},"content":{"rendered":"<p>Stop-Itch Suspension for dogs, 15 mL.<\/p>\n<p>Indications for Use<br \/>\nStop-Itch Suspension is prescribed to dogs and cats for the treatment of inflammatory and allergic skin diseases (such as atopic dermatitis, eczema, diffuse neurodermatitis, itching, alopecia, reactions to insect bites).<\/p>\n<p>Administration<br \/>\nStop-Itch Suspension is administered orally to animals in the morning feeding with a small amount of food or forcibly using a dose syringe once a day.<\/p>\n<p>Contraindications<br \/>\nContraindications to the use of Stop-Itch Suspension include increased individual sensitivity of the animal to the components of the drug (including in the medical history), the vaccination period, viral diseases, and diabetes.<\/p>\n<p>Features and Benefits<br \/>\nReady-to-use medicinal form, easily dosed by weight and convenient for use even in small animals.<br \/>\nEnhanced skin-restorative action provided by the vitamins B (niacinamide, pyridoxine, riboflavin), methionine, and succinic acid, which inhibit inflammatory processes.<\/p>","protected":false},"excerpt":{"rendered":"<p>Stop-Itch Suspension is prescribed to dogs and cats for the treatment of inflammatory and allergic skin diseases (such as atopic dermatitis, eczema, diffuse neurodermatitis, itching, alopecia, reactions to insect bites).<\/p>","protected":false},"featured_media":23503,"template":"","meta":{"inline_featured_image":false,"_joinchat":[]},"product_cat":[107,388],"product_tag":[],"class_list":{"0":"post-23499","1":"product","2":"type-product","3":"status-publish","4":"has-post-thumbnail","6":"product_brand-apicenna","7":"product_cat-dog","8":"product_cat-medications","10":"first","11":"instock","12":"shipping-taxable","13":"purchasable","14":"product-type-simple"},"yoast_head":"<!-- This site is optimized with the Yoast SEO plugin v27.4 - https:\/\/yoast.com\/product\/yoast-seo-wordpress\/ -->\n<title>Stop-Itch Suspension for Dogs - Zooland.az<\/title>\n<meta name=\"robots\" content=\"index, follow, max-snippet:-1, max-image-preview:large, max-video-preview:-1\" \/>\n<link rel=\"canonical\" href=\"https:\/\/zoo-land.az\/ru\/shop\/dog\/medications\/stop-itch-suspension-for-dogs\/\" \/>\n<meta property=\"og:locale\" content=\"ru_RU\" \/>\n<meta property=\"og:type\" content=\"article\" \/>\n<meta property=\"og:title\" content=\"Stop-Itch Suspension for Dogs - Zooland.az\" \/>\n<meta property=\"og:description\" content=\"Stop-Itch Suspension is prescribed to dogs and cats for the treatment of inflammatory and allergic skin diseases (such as atopic dermatitis, eczema, diffuse neurodermatitis, itching, alopecia, reactions to insect bites).\" \/>\n<meta property=\"og:url\" content=\"https:\/\/zoo-land.az\/ru\/shop\/dog\/medications\/stop-itch-suspension-for-dogs\/\" \/>\n<meta property=\"og:site_name\" content=\"Zooland.az\" \/>\n<meta property=\"og:image\" content=\"https:\/\/zoo-land.az\/wp-content\/uploads\/2024\/06\/e6fc29d20ceff143111bacd86122dd48.jpg\" \/>\n\t<meta property=\"og:image:width\" content=\"775\" \/>\n\t<meta property=\"og:image:height\" content=\"800\" \/>\n\t<meta property=\"og:image:type\" content=\"image\/jpeg\" \/>\n<meta name=\"twitter:card\" content=\"summary_large_image\" \/>\n<meta name=\"twitter:label1\" content=\"\u041f\u0440\u0438\u043c\u0435\u0440\u043d\u043e\u0435 \u0432\u0440\u0435\u043c\u044f \u0434\u043b\u044f \u0447\u0442\u0435\u043d\u0438\u044f\" \/>\n\t<meta name=\"twitter:data1\" content=\"1 \u043c\u0438\u043d\u0443\u0442\u0430\" \/>\n<script type=\"application\/ld+json\" class=\"yoast-schema-graph\">{\"@context\":\"https:\\\/\\\/schema.org\",\"@graph\":[{\"@type\":\"WebPage\",\"@id\":\"https:\\\/\\\/zoo-land.az\\\/shop\\\/dog\\\/medications\\\/stop-itch-suspension-for-dogs\\\/\",\"url\":\"https:\\\/\\\/zoo-land.az\\\/shop\\\/dog\\\/medications\\\/stop-itch-suspension-for-dogs\\\/\",\"name\":\"Stop-Itch Suspension for Dogs - Zooland.az\",\"isPartOf\":{\"@id\":\"https:\\\/\\\/zoo-land.az\\\/#website\"},\"primaryImageOfPage\":{\"@id\":\"https:\\\/\\\/zoo-land.az\\\/shop\\\/dog\\\/medications\\\/stop-itch-suspension-for-dogs\\\/#primaryimage\"},\"image\":{\"@id\":\"https:\\\/\\\/zoo-land.az\\\/shop\\\/dog\\\/medications\\\/stop-itch-suspension-for-dogs\\\/#primaryimage\"},\"thumbnailUrl\":\"https:\\\/\\\/zoo-land.az\\\/wp-content\\\/uploads\\\/2024\\\/06\\\/e6fc29d20ceff143111bacd86122dd48.jpg\",\"datePublished\":\"2024-06-12T12:48:41+00:00\",\"breadcrumb\":{\"@id\":\"https:\\\/\\\/zoo-land.az\\\/shop\\\/dog\\\/medications\\\/stop-itch-suspension-for-dogs\\\/#breadcrumb\"},\"inLanguage\":\"ru-RU\",\"potentialAction\":[{\"@type\":\"ReadAction\",\"target\":[\"https:\\\/\\\/zoo-land.az\\\/shop\\\/dog\\\/medications\\\/stop-itch-suspension-for-dogs\\\/\"]}]},{\"@type\":\"ImageObject\",\"inLanguage\":\"ru-RU\",\"@id\":\"https:\\\/\\\/zoo-land.az\\\/shop\\\/dog\\\/medications\\\/stop-itch-suspension-for-dogs\\\/#primaryimage\",\"url\":\"https:\\\/\\\/zoo-land.az\\\/wp-content\\\/uploads\\\/2024\\\/06\\\/e6fc29d20ceff143111bacd86122dd48.jpg\",\"contentUrl\":\"https:\\\/\\\/zoo-land.az\\\/wp-content\\\/uploads\\\/2024\\\/06\\\/e6fc29d20ceff143111bacd86122dd48.jpg\",\"width\":775,\"height\":800},{\"@type\":\"BreadcrumbList\",\"@id\":\"https:\\\/\\\/zoo-land.az\\\/shop\\\/dog\\\/medications\\\/stop-itch-suspension-for-dogs\\\/#breadcrumb\",\"itemListElement\":[{\"@type\":\"ListItem\",\"position\":1,\"name\":\"Home\",\"item\":\"https:\\\/\\\/zoo-land.az\\\/ru\\\/\"},{\"@type\":\"ListItem\",\"position\":2,\"name\":\"Shop\",\"item\":\"https:\\\/\\\/zoo-land.az\\\/ru\\\/\"},{\"@type\":\"ListItem\",\"position\":3,\"name\":\"Stop-Itch Suspension for Dogs\"}]},{\"@type\":\"WebSite\",\"@id\":\"https:\\\/\\\/zoo-land.az\\\/#website\",\"url\":\"https:\\\/\\\/zoo-land.az\\\/\",\"name\":\"Zooland.az\",\"description\":\"Xo\u015fb\u0259xt ev heyvanlar\u0131n\u0131n \u00fcnvan\u0131 Zooland.az\",\"publisher\":{\"@id\":\"https:\\\/\\\/zoo-land.az\\\/#organization\"},\"potentialAction\":[{\"@type\":\"SearchAction\",\"target\":{\"@type\":\"EntryPoint\",\"urlTemplate\":\"https:\\\/\\\/zoo-land.az\\\/?s={search_term_string}\"},\"query-input\":{\"@type\":\"PropertyValueSpecification\",\"valueRequired\":true,\"valueName\":\"search_term_string\"}}],\"inLanguage\":\"ru-RU\"},{\"@type\":\"Organization\",\"@id\":\"https:\\\/\\\/zoo-land.az\\\/#organization\",\"name\":\"Zooland.az\",\"url\":\"https:\\\/\\\/zoo-land.az\\\/\",\"logo\":{\"@type\":\"ImageObject\",\"inLanguage\":\"ru-RU\",\"@id\":\"https:\\\/\\\/zoo-land.az\\\/#\\\/schema\\\/logo\\\/image\\\/\",\"url\":\"https:\\\/\\\/zoo-land.az\\\/wp-content\\\/uploads\\\/2022\\\/05\\\/logo.svg\",\"contentUrl\":\"https:\\\/\\\/zoo-land.az\\\/wp-content\\\/uploads\\\/2022\\\/05\\\/logo.svg\",\"width\":113,\"height\":46,\"caption\":\"Zooland.az\"},\"image\":{\"@id\":\"https:\\\/\\\/zoo-land.az\\\/#\\\/schema\\\/logo\\\/image\\\/\"}}]}<\/script>\n<!-- \/ Yoast SEO plugin. -->","yoast_head_json":{"title":"Stop-Itch Suspension for Dogs - Zooland.az","robots":{"index":"index","follow":"follow","max-snippet":"max-snippet:-1","max-image-preview":"max-image-preview:large","max-video-preview":"max-video-preview:-1"},"canonical":"https:\/\/zoo-land.az\/ru\/shop\/dog\/medications\/stop-itch-suspension-for-dogs\/","og_locale":"ru_RU","og_type":"article","og_title":"Stop-Itch Suspension for Dogs - Zooland.az","og_description":"Stop-Itch Suspension is prescribed to dogs and cats for the treatment of inflammatory and allergic skin diseases (such as atopic dermatitis, eczema, diffuse neurodermatitis, itching, alopecia, reactions to insect bites).","og_url":"https:\/\/zoo-land.az\/ru\/shop\/dog\/medications\/stop-itch-suspension-for-dogs\/","og_site_name":"Zooland.az","og_image":[{"width":775,"height":800,"url":"https:\/\/zoo-land.az\/wp-content\/uploads\/2024\/06\/e6fc29d20ceff143111bacd86122dd48.jpg","type":"image\/jpeg"}],"twitter_card":"summary_large_image","twitter_misc":{"\u041f\u0440\u0438\u043c\u0435\u0440\u043d\u043e\u0435 \u0432\u0440\u0435\u043c\u044f \u0434\u043b\u044f \u0447\u0442\u0435\u043d\u0438\u044f":"1 \u043c\u0438\u043d\u0443\u0442\u0430"},"schema":{"@context":"https:\/\/schema.org","@graph":[{"@type":"WebPage","@id":"https:\/\/zoo-land.az\/shop\/dog\/medications\/stop-itch-suspension-for-dogs\/","url":"https:\/\/zoo-land.az\/shop\/dog\/medications\/stop-itch-suspension-for-dogs\/","name":"Stop-Itch Suspension for Dogs - Zooland.az","isPartOf":{"@id":"https:\/\/zoo-land.az\/#website"},"primaryImageOfPage":{"@id":"https:\/\/zoo-land.az\/shop\/dog\/medications\/stop-itch-suspension-for-dogs\/#primaryimage"},"image":{"@id":"https:\/\/zoo-land.az\/shop\/dog\/medications\/stop-itch-suspension-for-dogs\/#primaryimage"},"thumbnailUrl":"https:\/\/zoo-land.az\/wp-content\/uploads\/2024\/06\/e6fc29d20ceff143111bacd86122dd48.jpg","datePublished":"2024-06-12T12:48:41+00:00","breadcrumb":{"@id":"https:\/\/zoo-land.az\/shop\/dog\/medications\/stop-itch-suspension-for-dogs\/#breadcrumb"},"inLanguage":"ru-RU","potentialAction":[{"@type":"ReadAction","target":["https:\/\/zoo-land.az\/shop\/dog\/medications\/stop-itch-suspension-for-dogs\/"]}]},{"@type":"ImageObject","inLanguage":"ru-RU","@id":"https:\/\/zoo-land.az\/shop\/dog\/medications\/stop-itch-suspension-for-dogs\/#primaryimage","url":"https:\/\/zoo-land.az\/wp-content\/uploads\/2024\/06\/e6fc29d20ceff143111bacd86122dd48.jpg","contentUrl":"https:\/\/zoo-land.az\/wp-content\/uploads\/2024\/06\/e6fc29d20ceff143111bacd86122dd48.jpg","width":775,"height":800},{"@type":"BreadcrumbList","@id":"https:\/\/zoo-land.az\/shop\/dog\/medications\/stop-itch-suspension-for-dogs\/#breadcrumb","itemListElement":[{"@type":"ListItem","position":1,"name":"Home","item":"https:\/\/zoo-land.az\/ru\/"},{"@type":"ListItem","position":2,"name":"Shop","item":"https:\/\/zoo-land.az\/ru\/"},{"@type":"ListItem","position":3,"name":"Stop-Itch Suspension for Dogs"}]},{"@type":"WebSite","@id":"https:\/\/zoo-land.az\/#website","url":"https:\/\/zoo-land.az\/","name":"Zooland.az","description":"Xo\u015fb\u0259xt ev heyvanlar\u0131n\u0131n \u00fcnvan\u0131 Zooland.az","publisher":{"@id":"https:\/\/zoo-land.az\/#organization"},"potentialAction":[{"@type":"SearchAction","target":{"@type":"EntryPoint","urlTemplate":"https:\/\/zoo-land.az\/?s={search_term_string}"},"query-input":{"@type":"PropertyValueSpecification","valueRequired":true,"valueName":"search_term_string"}}],"inLanguage":"ru-RU"},{"@type":"Organization","@id":"https:\/\/zoo-land.az\/#organization","name":"Zooland.az","url":"https:\/\/zoo-land.az\/","logo":{"@type":"ImageObject","inLanguage":"ru-RU","@id":"https:\/\/zoo-land.az\/#\/schema\/logo\/image\/","url":"https:\/\/zoo-land.az\/wp-content\/uploads\/2022\/05\/logo.svg","contentUrl":"https:\/\/zoo-land.az\/wp-content\/uploads\/2022\/05\/logo.svg","width":113,"height":46,"caption":"Zooland.az"},"image":{"@id":"https:\/\/zoo-land.az\/#\/schema\/logo\/image\/"}}]}},"_links":{"self":[{"href":"https:\/\/zoo-land.az\/ru\/wp-json\/wp\/v2\/product\/23499","targetHints":{"allow":["GET"]}}],"collection":[{"href":"https:\/\/zoo-land.az\/ru\/wp-json\/wp\/v2\/product"}],"about":[{"href":"https:\/\/zoo-land.az\/ru\/wp-json\/wp\/v2\/types\/product"}],"wp:featuredmedia":[{"embeddable":true,"href":"https:\/\/zoo-land.az\/ru\/wp-json\/wp\/v2\/media\/23503"}],"wp:attachment":[{"href":"https:\/\/zoo-land.az\/ru\/wp-json\/wp\/v2\/media?parent=23499"}],"wp:term":[{"taxonomy":"product_cat","embeddable":true,"href":"https:\/\/zoo-land.az\/ru\/wp-json\/wp\/v2\/product_cat?post=23499"},{"taxonomy":"product_tag","embeddable":true,"href":"https:\/\/zoo-land.az\/ru\/wp-json\/wp\/v2\/product_tag?post=23499"}],"curies":[{"name":"wp","href":"https:\/\/api.w.org\/{rel}","templated":true}]}}