{"id":23558,"date":"2024-06-14T07:08:25","date_gmt":"2024-06-14T07:08:25","guid":{"rendered":"https:\/\/lightsteelblue-zebra-299715.hostingersite.com\/?post_type=product&#038;p=23558"},"modified":"2024-06-14T07:08:26","modified_gmt":"2024-06-14T07:08:26","slug":"trixie-junior-soft-snack-dots-puppy-treat-with-calcium-140-g","status":"publish","type":"product","link":"https:\/\/zoo-land.az\/ru\/shop\/dog\/treats\/trixie-junior-soft-snack-dots-puppy-treat-with-calcium-140-g\/","title":{"rendered":"Trixie Junior Soft Snack Dots puppy treat with calcium 140 g"},"content":{"rendered":"<p>Friends for Life &#8211; Choosing TRIXIE means gaining a friend for life. Whether you&#8217;re active, cozy, or adventurous with your pet, in our assortment you&#8217;ll find the right product for every situation. We offer 6500 items with a very good price-to-quality ratio. From rabbit hutches to scratching posts to dog beds, our selection considers various breed preferences and needs, as well as current trends. In short: TRIXIE offers everything for the life of your pets at home!<\/p>","protected":false},"excerpt":{"rendered":"<p>Friends for Life &#8211; Choosing TRIXIE means gaining a friend for life. Whether you&#8217;re active, cozy, or adventurous with your pet, in our assortment you&#8217;ll find the right product for every situation. We offer 6500 items with a very good price-to-quality ratio. From rabbit hutches to scratching posts to dog beds, our selection considers various breed preferences and needs, as well as current trends. In short: TRIXIE offers everything for the life of your pets at home!<\/p>","protected":false},"featured_media":23561,"template":"","meta":{"inline_featured_image":false,"_joinchat":[]},"product_cat":[107,340],"product_tag":[],"class_list":{"0":"post-23558","1":"product","2":"type-product","3":"status-publish","4":"has-post-thumbnail","6":"product_brand-trixie","7":"product_cat-dog","8":"product_cat-treats","10":"first","11":"instock","12":"shipping-taxable","13":"purchasable","14":"product-type-simple"},"yoast_head":"<!-- This site is optimized with the Yoast SEO plugin v26.7 - https:\/\/yoast.com\/wordpress\/plugins\/seo\/ -->\n<title>Trixie Junior Soft Snack Dots puppy treat with calcium 140 g - Zooland.az<\/title>\n<meta name=\"robots\" content=\"index, follow, max-snippet:-1, max-image-preview:large, max-video-preview:-1\" \/>\n<link rel=\"canonical\" href=\"https:\/\/zoo-land.az\/ru\/shop\/dog\/treats\/trixie-junior-soft-snack-dots-puppy-treat-with-calcium-140-g\/\" \/>\n<meta property=\"og:locale\" content=\"ru_RU\" \/>\n<meta property=\"og:type\" content=\"article\" \/>\n<meta property=\"og:title\" content=\"Trixie Junior Soft Snack Dots puppy treat with calcium 140 g - Zooland.az\" \/>\n<meta property=\"og:description\" content=\"Friends for Life - Choosing TRIXIE means gaining a friend for life. Whether you&#039;re active, cozy, or adventurous with your pet, in our assortment you&#039;ll find the right product for every situation. We offer 6500 items with a very good price-to-quality ratio. From rabbit hutches to scratching posts to dog beds, our selection considers various breed preferences and needs, as well as current trends. In short: TRIXIE offers everything for the life of your pets at home!\" \/>\n<meta property=\"og:url\" content=\"https:\/\/zoo-land.az\/ru\/shop\/dog\/treats\/trixie-junior-soft-snack-dots-puppy-treat-with-calcium-140-g\/\" \/>\n<meta property=\"og:site_name\" content=\"Zooland.az\" \/>\n<meta property=\"article:modified_time\" content=\"2024-06-14T07:08:26+00:00\" \/>\n<meta property=\"og:image\" content=\"https:\/\/zoo-land.az\/wp-content\/uploads\/2024\/06\/7102LsMZjqL._AC_UF10001000_QL80_.jpg\" \/>\n\t<meta property=\"og:image:width\" content=\"1000\" \/>\n\t<meta property=\"og:image:height\" content=\"963\" \/>\n\t<meta property=\"og:image:type\" content=\"image\/jpeg\" \/>\n<meta name=\"twitter:card\" content=\"summary_large_image\" \/>\n<script type=\"application\/ld+json\" class=\"yoast-schema-graph\">{\"@context\":\"https:\/\/schema.org\",\"@graph\":[{\"@type\":\"WebPage\",\"@id\":\"https:\/\/zoo-land.az\/shop\/dog\/treats\/trixie-junior-soft-snack-dots-puppy-treat-with-calcium-140-g\/\",\"url\":\"https:\/\/zoo-land.az\/shop\/dog\/treats\/trixie-junior-soft-snack-dots-puppy-treat-with-calcium-140-g\/\",\"name\":\"Trixie Junior Soft Snack Dots puppy treat with calcium 140 g - Zooland.az\",\"isPartOf\":{\"@id\":\"https:\/\/zoo-land.az\/#website\"},\"primaryImageOfPage\":{\"@id\":\"https:\/\/zoo-land.az\/shop\/dog\/treats\/trixie-junior-soft-snack-dots-puppy-treat-with-calcium-140-g\/#primaryimage\"},\"image\":{\"@id\":\"https:\/\/zoo-land.az\/shop\/dog\/treats\/trixie-junior-soft-snack-dots-puppy-treat-with-calcium-140-g\/#primaryimage\"},\"thumbnailUrl\":\"https:\/\/zoo-land.az\/wp-content\/uploads\/2024\/06\/7102LsMZjqL._AC_UF10001000_QL80_.jpg\",\"datePublished\":\"2024-06-14T07:08:25+00:00\",\"dateModified\":\"2024-06-14T07:08:26+00:00\",\"breadcrumb\":{\"@id\":\"https:\/\/zoo-land.az\/shop\/dog\/treats\/trixie-junior-soft-snack-dots-puppy-treat-with-calcium-140-g\/#breadcrumb\"},\"inLanguage\":\"ru-RU\",\"potentialAction\":[{\"@type\":\"ReadAction\",\"target\":[\"https:\/\/zoo-land.az\/shop\/dog\/treats\/trixie-junior-soft-snack-dots-puppy-treat-with-calcium-140-g\/\"]}]},{\"@type\":\"ImageObject\",\"inLanguage\":\"ru-RU\",\"@id\":\"https:\/\/zoo-land.az\/shop\/dog\/treats\/trixie-junior-soft-snack-dots-puppy-treat-with-calcium-140-g\/#primaryimage\",\"url\":\"https:\/\/zoo-land.az\/wp-content\/uploads\/2024\/06\/7102LsMZjqL._AC_UF10001000_QL80_.jpg\",\"contentUrl\":\"https:\/\/zoo-land.az\/wp-content\/uploads\/2024\/06\/7102LsMZjqL._AC_UF10001000_QL80_.jpg\",\"width\":1000,\"height\":963},{\"@type\":\"BreadcrumbList\",\"@id\":\"https:\/\/zoo-land.az\/shop\/dog\/treats\/trixie-junior-soft-snack-dots-puppy-treat-with-calcium-140-g\/#breadcrumb\",\"itemListElement\":[{\"@type\":\"ListItem\",\"position\":1,\"name\":\"Home\",\"item\":\"https:\/\/zoo-land.az\/ru\/\"},{\"@type\":\"ListItem\",\"position\":2,\"name\":\"Shop\",\"item\":\"https:\/\/zoo-land.az\/ru\/\"},{\"@type\":\"ListItem\",\"position\":3,\"name\":\"Trixie Junior Soft Snack Dots puppy treat with calcium 140 g\"}]},{\"@type\":\"WebSite\",\"@id\":\"https:\/\/zoo-land.az\/#website\",\"url\":\"https:\/\/zoo-land.az\/\",\"name\":\"Zooland.az\",\"description\":\"Xo\u015fb\u0259xt ev heyvanlar\u0131n\u0131n \u00fcnvan\u0131 Zooland.az\",\"publisher\":{\"@id\":\"https:\/\/zoo-land.az\/#organization\"},\"potentialAction\":[{\"@type\":\"SearchAction\",\"target\":{\"@type\":\"EntryPoint\",\"urlTemplate\":\"https:\/\/zoo-land.az\/?s={search_term_string}\"},\"query-input\":{\"@type\":\"PropertyValueSpecification\",\"valueRequired\":true,\"valueName\":\"search_term_string\"}}],\"inLanguage\":\"ru-RU\"},{\"@type\":\"Organization\",\"@id\":\"https:\/\/zoo-land.az\/#organization\",\"name\":\"Zooland.az\",\"url\":\"https:\/\/zoo-land.az\/\",\"logo\":{\"@type\":\"ImageObject\",\"inLanguage\":\"ru-RU\",\"@id\":\"https:\/\/zoo-land.az\/#\/schema\/logo\/image\/\",\"url\":\"https:\/\/zoo-land.az\/wp-content\/uploads\/2022\/05\/logo.svg\",\"contentUrl\":\"https:\/\/zoo-land.az\/wp-content\/uploads\/2022\/05\/logo.svg\",\"width\":113,\"height\":46,\"caption\":\"Zooland.az\"},\"image\":{\"@id\":\"https:\/\/zoo-land.az\/#\/schema\/logo\/image\/\"}}]}<\/script>\n<!-- \/ Yoast SEO plugin. -->","yoast_head_json":{"title":"Trixie Junior Soft Snack Dots puppy treat with calcium 140 g - Zooland.az","robots":{"index":"index","follow":"follow","max-snippet":"max-snippet:-1","max-image-preview":"max-image-preview:large","max-video-preview":"max-video-preview:-1"},"canonical":"https:\/\/zoo-land.az\/ru\/shop\/dog\/treats\/trixie-junior-soft-snack-dots-puppy-treat-with-calcium-140-g\/","og_locale":"ru_RU","og_type":"article","og_title":"Trixie Junior Soft Snack Dots puppy treat with calcium 140 g - Zooland.az","og_description":"Friends for Life - Choosing TRIXIE means gaining a friend for life. Whether you're active, cozy, or adventurous with your pet, in our assortment you'll find the right product for every situation. We offer 6500 items with a very good price-to-quality ratio. From rabbit hutches to scratching posts to dog beds, our selection considers various breed preferences and needs, as well as current trends. In short: TRIXIE offers everything for the life of your pets at home!","og_url":"https:\/\/zoo-land.az\/ru\/shop\/dog\/treats\/trixie-junior-soft-snack-dots-puppy-treat-with-calcium-140-g\/","og_site_name":"Zooland.az","article_modified_time":"2024-06-14T07:08:26+00:00","og_image":[{"width":1000,"height":963,"url":"https:\/\/zoo-land.az\/wp-content\/uploads\/2024\/06\/7102LsMZjqL._AC_UF10001000_QL80_.jpg","type":"image\/jpeg"}],"twitter_card":"summary_large_image","schema":{"@context":"https:\/\/schema.org","@graph":[{"@type":"WebPage","@id":"https:\/\/zoo-land.az\/shop\/dog\/treats\/trixie-junior-soft-snack-dots-puppy-treat-with-calcium-140-g\/","url":"https:\/\/zoo-land.az\/shop\/dog\/treats\/trixie-junior-soft-snack-dots-puppy-treat-with-calcium-140-g\/","name":"Trixie Junior Soft Snack Dots puppy treat with calcium 140 g - Zooland.az","isPartOf":{"@id":"https:\/\/zoo-land.az\/#website"},"primaryImageOfPage":{"@id":"https:\/\/zoo-land.az\/shop\/dog\/treats\/trixie-junior-soft-snack-dots-puppy-treat-with-calcium-140-g\/#primaryimage"},"image":{"@id":"https:\/\/zoo-land.az\/shop\/dog\/treats\/trixie-junior-soft-snack-dots-puppy-treat-with-calcium-140-g\/#primaryimage"},"thumbnailUrl":"https:\/\/zoo-land.az\/wp-content\/uploads\/2024\/06\/7102LsMZjqL._AC_UF10001000_QL80_.jpg","datePublished":"2024-06-14T07:08:25+00:00","dateModified":"2024-06-14T07:08:26+00:00","breadcrumb":{"@id":"https:\/\/zoo-land.az\/shop\/dog\/treats\/trixie-junior-soft-snack-dots-puppy-treat-with-calcium-140-g\/#breadcrumb"},"inLanguage":"ru-RU","potentialAction":[{"@type":"ReadAction","target":["https:\/\/zoo-land.az\/shop\/dog\/treats\/trixie-junior-soft-snack-dots-puppy-treat-with-calcium-140-g\/"]}]},{"@type":"ImageObject","inLanguage":"ru-RU","@id":"https:\/\/zoo-land.az\/shop\/dog\/treats\/trixie-junior-soft-snack-dots-puppy-treat-with-calcium-140-g\/#primaryimage","url":"https:\/\/zoo-land.az\/wp-content\/uploads\/2024\/06\/7102LsMZjqL._AC_UF10001000_QL80_.jpg","contentUrl":"https:\/\/zoo-land.az\/wp-content\/uploads\/2024\/06\/7102LsMZjqL._AC_UF10001000_QL80_.jpg","width":1000,"height":963},{"@type":"BreadcrumbList","@id":"https:\/\/zoo-land.az\/shop\/dog\/treats\/trixie-junior-soft-snack-dots-puppy-treat-with-calcium-140-g\/#breadcrumb","itemListElement":[{"@type":"ListItem","position":1,"name":"Home","item":"https:\/\/zoo-land.az\/ru\/"},{"@type":"ListItem","position":2,"name":"Shop","item":"https:\/\/zoo-land.az\/ru\/"},{"@type":"ListItem","position":3,"name":"Trixie Junior Soft Snack Dots puppy treat with calcium 140 g"}]},{"@type":"WebSite","@id":"https:\/\/zoo-land.az\/#website","url":"https:\/\/zoo-land.az\/","name":"Zooland.az","description":"Xo\u015fb\u0259xt ev heyvanlar\u0131n\u0131n \u00fcnvan\u0131 Zooland.az","publisher":{"@id":"https:\/\/zoo-land.az\/#organization"},"potentialAction":[{"@type":"SearchAction","target":{"@type":"EntryPoint","urlTemplate":"https:\/\/zoo-land.az\/?s={search_term_string}"},"query-input":{"@type":"PropertyValueSpecification","valueRequired":true,"valueName":"search_term_string"}}],"inLanguage":"ru-RU"},{"@type":"Organization","@id":"https:\/\/zoo-land.az\/#organization","name":"Zooland.az","url":"https:\/\/zoo-land.az\/","logo":{"@type":"ImageObject","inLanguage":"ru-RU","@id":"https:\/\/zoo-land.az\/#\/schema\/logo\/image\/","url":"https:\/\/zoo-land.az\/wp-content\/uploads\/2022\/05\/logo.svg","contentUrl":"https:\/\/zoo-land.az\/wp-content\/uploads\/2022\/05\/logo.svg","width":113,"height":46,"caption":"Zooland.az"},"image":{"@id":"https:\/\/zoo-land.az\/#\/schema\/logo\/image\/"}}]}},"_links":{"self":[{"href":"https:\/\/zoo-land.az\/ru\/wp-json\/wp\/v2\/product\/23558","targetHints":{"allow":["GET"]}}],"collection":[{"href":"https:\/\/zoo-land.az\/ru\/wp-json\/wp\/v2\/product"}],"about":[{"href":"https:\/\/zoo-land.az\/ru\/wp-json\/wp\/v2\/types\/product"}],"wp:featuredmedia":[{"embeddable":true,"href":"https:\/\/zoo-land.az\/ru\/wp-json\/wp\/v2\/media\/23561"}],"wp:attachment":[{"href":"https:\/\/zoo-land.az\/ru\/wp-json\/wp\/v2\/media?parent=23558"}],"wp:term":[{"taxonomy":"product_cat","embeddable":true,"href":"https:\/\/zoo-land.az\/ru\/wp-json\/wp\/v2\/product_cat?post=23558"},{"taxonomy":"product_tag","embeddable":true,"href":"https:\/\/zoo-land.az\/ru\/wp-json\/wp\/v2\/product_tag?post=23558"}],"curies":[{"name":"wp","href":"https:\/\/api.w.org\/{rel}","templated":true}]}}