{"id":23576,"date":"2024-06-14T07:39:40","date_gmt":"2024-06-14T07:39:40","guid":{"rendered":"https:\/\/lightsteelblue-zebra-299715.hostingersite.com\/?post_type=product&#038;p=23576"},"modified":"2024-06-14T07:39:41","modified_gmt":"2024-06-14T07:39:41","slug":"trixie-malt-plus-vitamin-paste-with-malt-for-cats-100-g","status":"publish","type":"product","link":"https:\/\/zoo-land.az\/ru\/shop\/cat\/cat-food-adds\/trixie-malt-plus-vitamin-paste-with-malt-for-cats-100-g\/","title":{"rendered":"\u0412\u0438\u0442\u0430\u043c\u0438\u043d\u043d\u0430\u044f \u043f\u0430\u0441\u0442\u0430 Trixie Malt Plus \u0441 \u0441\u043e\u043b\u043e\u0434\u043e\u043c \u0434\u043b\u044f \u043a\u043e\u0448\u0435\u043a 100 \u0433"},"content":{"rendered":"<p>This paste helps digestion and makes it easier to get rid of swallowed hair that become hairballs. With natural immunoglobulin and prebiotic ingredients, this paste supports health and well being and gut stability.<\/p>\n<ul>\n<li>Natural immunoglobulin and prebiotic ingredients<\/li>\n<li>Immunoglobulins boost the immune system<\/li>\n<li>Boosts digestion and prevents hair balls from swallowed hair<\/li>\n<li>100g paste<\/li>\n<\/ul>","protected":false},"excerpt":{"rendered":"<p>This paste helps digestion and makes it easier to get rid of swallowed hair that become hairballs. With natural immunoglobulin and prebiotic ingredients, this paste supports health and well being and gut stability.<\/p>","protected":false},"featured_media":23577,"template":"","meta":{"inline_featured_image":false,"_joinchat":[]},"product_cat":[191,188],"product_tag":[],"class_list":{"0":"post-23576","1":"product","2":"type-product","3":"status-publish","4":"has-post-thumbnail","6":"product_brand-trixie","7":"product_cat-cat-food-adds","8":"product_cat-cat","10":"first","11":"instock","12":"shipping-taxable","13":"purchasable","14":"product-type-simple"},"yoast_head":"<!-- This site is optimized with the Yoast SEO plugin v26.7 - https:\/\/yoast.com\/wordpress\/plugins\/seo\/ -->\n<title>Trixie Malt Plus vitamin paste with malt for cats 100 g - Zooland.az<\/title>\n<meta name=\"robots\" content=\"index, follow, max-snippet:-1, max-image-preview:large, max-video-preview:-1\" \/>\n<link rel=\"canonical\" href=\"https:\/\/zoo-land.az\/ru\/shop\/cat\/cat-food-adds\/trixie-malt-plus-vitamin-paste-with-malt-for-cats-100-g\/\" \/>\n<meta property=\"og:locale\" content=\"ru_RU\" \/>\n<meta property=\"og:type\" content=\"article\" \/>\n<meta property=\"og:title\" content=\"Trixie Malt Plus vitamin paste with malt for cats 100 g - Zooland.az\" \/>\n<meta property=\"og:description\" content=\"This paste helps digestion and makes it easier to get rid of swallowed hair that become hairballs. With natural immunoglobulin and prebiotic ingredients, this paste supports health and well being and gut stability.\" \/>\n<meta property=\"og:url\" content=\"https:\/\/zoo-land.az\/ru\/shop\/cat\/cat-food-adds\/trixie-malt-plus-vitamin-paste-with-malt-for-cats-100-g\/\" \/>\n<meta property=\"og:site_name\" content=\"Zooland.az\" \/>\n<meta property=\"article:modified_time\" content=\"2024-06-14T07:39:41+00:00\" \/>\n<meta property=\"og:image\" content=\"https:\/\/zoo-land.az\/wp-content\/uploads\/2024\/06\/trixie-cat-malt-plus.jpg\" \/>\n\t<meta property=\"og:image:width\" content=\"1000\" \/>\n\t<meta property=\"og:image:height\" content=\"1000\" \/>\n\t<meta property=\"og:image:type\" content=\"image\/jpeg\" \/>\n<meta name=\"twitter:card\" content=\"summary_large_image\" \/>\n<script type=\"application\/ld+json\" class=\"yoast-schema-graph\">{\"@context\":\"https:\/\/schema.org\",\"@graph\":[{\"@type\":\"WebPage\",\"@id\":\"https:\/\/zoo-land.az\/shop\/cat\/cat-food-adds\/trixie-malt-plus-vitamin-paste-with-malt-for-cats-100-g\/\",\"url\":\"https:\/\/zoo-land.az\/shop\/cat\/cat-food-adds\/trixie-malt-plus-vitamin-paste-with-malt-for-cats-100-g\/\",\"name\":\"Trixie Malt Plus vitamin paste with malt for cats 100 g - Zooland.az\",\"isPartOf\":{\"@id\":\"https:\/\/zoo-land.az\/#website\"},\"primaryImageOfPage\":{\"@id\":\"https:\/\/zoo-land.az\/shop\/cat\/cat-food-adds\/trixie-malt-plus-vitamin-paste-with-malt-for-cats-100-g\/#primaryimage\"},\"image\":{\"@id\":\"https:\/\/zoo-land.az\/shop\/cat\/cat-food-adds\/trixie-malt-plus-vitamin-paste-with-malt-for-cats-100-g\/#primaryimage\"},\"thumbnailUrl\":\"https:\/\/zoo-land.az\/wp-content\/uploads\/2024\/06\/trixie-cat-malt-plus.jpg\",\"datePublished\":\"2024-06-14T07:39:40+00:00\",\"dateModified\":\"2024-06-14T07:39:41+00:00\",\"breadcrumb\":{\"@id\":\"https:\/\/zoo-land.az\/shop\/cat\/cat-food-adds\/trixie-malt-plus-vitamin-paste-with-malt-for-cats-100-g\/#breadcrumb\"},\"inLanguage\":\"ru-RU\",\"potentialAction\":[{\"@type\":\"ReadAction\",\"target\":[\"https:\/\/zoo-land.az\/shop\/cat\/cat-food-adds\/trixie-malt-plus-vitamin-paste-with-malt-for-cats-100-g\/\"]}]},{\"@type\":\"ImageObject\",\"inLanguage\":\"ru-RU\",\"@id\":\"https:\/\/zoo-land.az\/shop\/cat\/cat-food-adds\/trixie-malt-plus-vitamin-paste-with-malt-for-cats-100-g\/#primaryimage\",\"url\":\"https:\/\/zoo-land.az\/wp-content\/uploads\/2024\/06\/trixie-cat-malt-plus.jpg\",\"contentUrl\":\"https:\/\/zoo-land.az\/wp-content\/uploads\/2024\/06\/trixie-cat-malt-plus.jpg\",\"width\":1000,\"height\":1000},{\"@type\":\"BreadcrumbList\",\"@id\":\"https:\/\/zoo-land.az\/shop\/cat\/cat-food-adds\/trixie-malt-plus-vitamin-paste-with-malt-for-cats-100-g\/#breadcrumb\",\"itemListElement\":[{\"@type\":\"ListItem\",\"position\":1,\"name\":\"Home\",\"item\":\"https:\/\/zoo-land.az\/ru\/\"},{\"@type\":\"ListItem\",\"position\":2,\"name\":\"Shop\",\"item\":\"https:\/\/zoo-land.az\/ru\/\"},{\"@type\":\"ListItem\",\"position\":3,\"name\":\"Trixie Malt Plus vitamin paste with malt for cats 100 g\"}]},{\"@type\":\"WebSite\",\"@id\":\"https:\/\/zoo-land.az\/#website\",\"url\":\"https:\/\/zoo-land.az\/\",\"name\":\"Zooland.az\",\"description\":\"Xo\u015fb\u0259xt ev heyvanlar\u0131n\u0131n \u00fcnvan\u0131 Zooland.az\",\"publisher\":{\"@id\":\"https:\/\/zoo-land.az\/#organization\"},\"potentialAction\":[{\"@type\":\"SearchAction\",\"target\":{\"@type\":\"EntryPoint\",\"urlTemplate\":\"https:\/\/zoo-land.az\/?s={search_term_string}\"},\"query-input\":{\"@type\":\"PropertyValueSpecification\",\"valueRequired\":true,\"valueName\":\"search_term_string\"}}],\"inLanguage\":\"ru-RU\"},{\"@type\":\"Organization\",\"@id\":\"https:\/\/zoo-land.az\/#organization\",\"name\":\"Zooland.az\",\"url\":\"https:\/\/zoo-land.az\/\",\"logo\":{\"@type\":\"ImageObject\",\"inLanguage\":\"ru-RU\",\"@id\":\"https:\/\/zoo-land.az\/#\/schema\/logo\/image\/\",\"url\":\"https:\/\/zoo-land.az\/wp-content\/uploads\/2022\/05\/logo.svg\",\"contentUrl\":\"https:\/\/zoo-land.az\/wp-content\/uploads\/2022\/05\/logo.svg\",\"width\":113,\"height\":46,\"caption\":\"Zooland.az\"},\"image\":{\"@id\":\"https:\/\/zoo-land.az\/#\/schema\/logo\/image\/\"}}]}<\/script>\n<!-- \/ Yoast SEO plugin. -->","yoast_head_json":{"title":"Trixie Malt Plus vitamin paste with malt for cats 100 g - Zooland.az","robots":{"index":"index","follow":"follow","max-snippet":"max-snippet:-1","max-image-preview":"max-image-preview:large","max-video-preview":"max-video-preview:-1"},"canonical":"https:\/\/zoo-land.az\/ru\/shop\/cat\/cat-food-adds\/trixie-malt-plus-vitamin-paste-with-malt-for-cats-100-g\/","og_locale":"ru_RU","og_type":"article","og_title":"Trixie Malt Plus vitamin paste with malt for cats 100 g - Zooland.az","og_description":"This paste helps digestion and makes it easier to get rid of swallowed hair that become hairballs. With natural immunoglobulin and prebiotic ingredients, this paste supports health and well being and gut stability.","og_url":"https:\/\/zoo-land.az\/ru\/shop\/cat\/cat-food-adds\/trixie-malt-plus-vitamin-paste-with-malt-for-cats-100-g\/","og_site_name":"Zooland.az","article_modified_time":"2024-06-14T07:39:41+00:00","og_image":[{"width":1000,"height":1000,"url":"https:\/\/zoo-land.az\/wp-content\/uploads\/2024\/06\/trixie-cat-malt-plus.jpg","type":"image\/jpeg"}],"twitter_card":"summary_large_image","schema":{"@context":"https:\/\/schema.org","@graph":[{"@type":"WebPage","@id":"https:\/\/zoo-land.az\/shop\/cat\/cat-food-adds\/trixie-malt-plus-vitamin-paste-with-malt-for-cats-100-g\/","url":"https:\/\/zoo-land.az\/shop\/cat\/cat-food-adds\/trixie-malt-plus-vitamin-paste-with-malt-for-cats-100-g\/","name":"Trixie Malt Plus vitamin paste with malt for cats 100 g - Zooland.az","isPartOf":{"@id":"https:\/\/zoo-land.az\/#website"},"primaryImageOfPage":{"@id":"https:\/\/zoo-land.az\/shop\/cat\/cat-food-adds\/trixie-malt-plus-vitamin-paste-with-malt-for-cats-100-g\/#primaryimage"},"image":{"@id":"https:\/\/zoo-land.az\/shop\/cat\/cat-food-adds\/trixie-malt-plus-vitamin-paste-with-malt-for-cats-100-g\/#primaryimage"},"thumbnailUrl":"https:\/\/zoo-land.az\/wp-content\/uploads\/2024\/06\/trixie-cat-malt-plus.jpg","datePublished":"2024-06-14T07:39:40+00:00","dateModified":"2024-06-14T07:39:41+00:00","breadcrumb":{"@id":"https:\/\/zoo-land.az\/shop\/cat\/cat-food-adds\/trixie-malt-plus-vitamin-paste-with-malt-for-cats-100-g\/#breadcrumb"},"inLanguage":"ru-RU","potentialAction":[{"@type":"ReadAction","target":["https:\/\/zoo-land.az\/shop\/cat\/cat-food-adds\/trixie-malt-plus-vitamin-paste-with-malt-for-cats-100-g\/"]}]},{"@type":"ImageObject","inLanguage":"ru-RU","@id":"https:\/\/zoo-land.az\/shop\/cat\/cat-food-adds\/trixie-malt-plus-vitamin-paste-with-malt-for-cats-100-g\/#primaryimage","url":"https:\/\/zoo-land.az\/wp-content\/uploads\/2024\/06\/trixie-cat-malt-plus.jpg","contentUrl":"https:\/\/zoo-land.az\/wp-content\/uploads\/2024\/06\/trixie-cat-malt-plus.jpg","width":1000,"height":1000},{"@type":"BreadcrumbList","@id":"https:\/\/zoo-land.az\/shop\/cat\/cat-food-adds\/trixie-malt-plus-vitamin-paste-with-malt-for-cats-100-g\/#breadcrumb","itemListElement":[{"@type":"ListItem","position":1,"name":"Home","item":"https:\/\/zoo-land.az\/ru\/"},{"@type":"ListItem","position":2,"name":"Shop","item":"https:\/\/zoo-land.az\/ru\/"},{"@type":"ListItem","position":3,"name":"Trixie Malt Plus vitamin paste with malt for cats 100 g"}]},{"@type":"WebSite","@id":"https:\/\/zoo-land.az\/#website","url":"https:\/\/zoo-land.az\/","name":"Zooland.az","description":"Xo\u015fb\u0259xt ev heyvanlar\u0131n\u0131n \u00fcnvan\u0131 Zooland.az","publisher":{"@id":"https:\/\/zoo-land.az\/#organization"},"potentialAction":[{"@type":"SearchAction","target":{"@type":"EntryPoint","urlTemplate":"https:\/\/zoo-land.az\/?s={search_term_string}"},"query-input":{"@type":"PropertyValueSpecification","valueRequired":true,"valueName":"search_term_string"}}],"inLanguage":"ru-RU"},{"@type":"Organization","@id":"https:\/\/zoo-land.az\/#organization","name":"Zooland.az","url":"https:\/\/zoo-land.az\/","logo":{"@type":"ImageObject","inLanguage":"ru-RU","@id":"https:\/\/zoo-land.az\/#\/schema\/logo\/image\/","url":"https:\/\/zoo-land.az\/wp-content\/uploads\/2022\/05\/logo.svg","contentUrl":"https:\/\/zoo-land.az\/wp-content\/uploads\/2022\/05\/logo.svg","width":113,"height":46,"caption":"Zooland.az"},"image":{"@id":"https:\/\/zoo-land.az\/#\/schema\/logo\/image\/"}}]}},"_links":{"self":[{"href":"https:\/\/zoo-land.az\/ru\/wp-json\/wp\/v2\/product\/23576","targetHints":{"allow":["GET"]}}],"collection":[{"href":"https:\/\/zoo-land.az\/ru\/wp-json\/wp\/v2\/product"}],"about":[{"href":"https:\/\/zoo-land.az\/ru\/wp-json\/wp\/v2\/types\/product"}],"wp:featuredmedia":[{"embeddable":true,"href":"https:\/\/zoo-land.az\/ru\/wp-json\/wp\/v2\/media\/23577"}],"wp:attachment":[{"href":"https:\/\/zoo-land.az\/ru\/wp-json\/wp\/v2\/media?parent=23576"}],"wp:term":[{"taxonomy":"product_cat","embeddable":true,"href":"https:\/\/zoo-land.az\/ru\/wp-json\/wp\/v2\/product_cat?post=23576"},{"taxonomy":"product_tag","embeddable":true,"href":"https:\/\/zoo-land.az\/ru\/wp-json\/wp\/v2\/product_tag?post=23576"}],"curies":[{"name":"wp","href":"https:\/\/api.w.org\/{rel}","templated":true}]}}