{"id":23592,"date":"2024-06-14T08:23:54","date_gmt":"2024-06-14T08:23:54","guid":{"rendered":"https:\/\/lightsteelblue-zebra-299715.hostingersite.com\/?post_type=product&#038;p=23592"},"modified":"2024-06-14T08:23:55","modified_gmt":"2024-06-14T08:23:55","slug":"trixie-stick-quintett-lamb-turkey-cat-treats-5-pcs","status":"publish","type":"product","link":"https:\/\/zoo-land.az\/ru\/shop\/cat\/treats-cat\/trixie-stick-quintett-lamb-turkey-cat-treats-5-pcs\/","title":{"rendered":"Trixie Stick Quintett Lamb-Turkey cat treats 5 pcs"},"content":{"rendered":"<p>Trixie Premio Stick Quintett made from lamb and turkey meat is not only a delicious but also a nutritious addition to your pet&#8217;s diet.<\/p>\n<p>The taste and aroma will satisfy even the most finicky eater.<\/p>\n<p>This treat is rich in protein, which supports your pet&#8217;s overall health, proper body system functioning, and maintains healthy skin and coat.<\/p>\n<p>With the lamb and turkey treat, your cat will feel great and look fantastic!<\/p>\n<p>Reasons to buy:<\/p>\n<ul>\n<li>Aroma and taste that even finicky eaters will love<\/li>\n<li>Allows you to pamper or reward your cat<\/li>\n<li>Contains 95% meat<\/li>\n<li>Sugar-free and gluten-free<\/li>\n<li>Includes taurine<\/li>\n<li>A great way to diversify your pet&#8217;s diet<\/li>\n<li>Packaging keeps the product fresh<\/li>\n<\/ul>","protected":false},"excerpt":{"rendered":"<p>Trixie Premio Stick Quintett made from lamb and turkey meat is not only a delicious but also a nutritious addition to your pet&#8217;s diet.<\/p>\n<p>The taste and aroma will satisfy even the most finicky eater.<\/p>\n<p>This treat is rich in protein, which supports your pet&#8217;s overall health, proper body system functioning, and maintains healthy skin and coat.<\/p>\n<p>With the lamb and turkey treat, your cat will feel great and look fantastic!<\/p>","protected":false},"featured_media":23593,"template":"","meta":{"inline_featured_image":false,"_joinchat":[]},"product_cat":[188,374],"product_tag":[],"class_list":{"0":"post-23592","1":"product","2":"type-product","3":"status-publish","4":"has-post-thumbnail","6":"product_brand-trixie","7":"product_cat-cat","8":"product_cat-treats-cat","10":"first","11":"instock","12":"shipping-taxable","13":"purchasable","14":"product-type-simple"},"yoast_head":"<!-- This site is optimized with the Yoast SEO plugin v27.4 - https:\/\/yoast.com\/product\/yoast-seo-wordpress\/ -->\n<title>Trixie Stick Quintett Lamb-Turkey cat treats 5 pcs - Zooland.az<\/title>\n<meta name=\"robots\" content=\"index, follow, max-snippet:-1, max-image-preview:large, max-video-preview:-1\" \/>\n<link rel=\"canonical\" href=\"https:\/\/zoo-land.az\/ru\/shop\/cat\/treats-cat\/trixie-stick-quintett-lamb-turkey-cat-treats-5-pcs\/\" \/>\n<meta property=\"og:locale\" content=\"ru_RU\" \/>\n<meta property=\"og:type\" content=\"article\" \/>\n<meta property=\"og:title\" content=\"Trixie Stick Quintett Lamb-Turkey cat treats 5 pcs - Zooland.az\" \/>\n<meta property=\"og:description\" content=\"Trixie Premio Stick Quintett made from lamb and turkey meat is not only a delicious but also a nutritious addition to your pet&#039;s diet.  The taste and aroma will satisfy even the most finicky eater.  This treat is rich in protein, which supports your pet&#039;s overall health, proper body system functioning, and maintains healthy skin and coat.  With the lamb and turkey treat, your cat will feel great and look fantastic!\" \/>\n<meta property=\"og:url\" content=\"https:\/\/zoo-land.az\/ru\/shop\/cat\/treats-cat\/trixie-stick-quintett-lamb-turkey-cat-treats-5-pcs\/\" \/>\n<meta property=\"og:site_name\" content=\"Zooland.az\" \/>\n<meta property=\"article:modified_time\" content=\"2024-06-14T08:23:55+00:00\" \/>\n<meta property=\"og:image\" content=\"https:\/\/zoo-land.az\/wp-content\/uploads\/2024\/06\/trixie_quintett_sticks__1.jpg\" \/>\n\t<meta property=\"og:image:width\" content=\"800\" \/>\n\t<meta property=\"og:image:height\" content=\"600\" \/>\n\t<meta property=\"og:image:type\" content=\"image\/jpeg\" \/>\n<meta name=\"twitter:card\" content=\"summary_large_image\" \/>\n<meta name=\"twitter:label1\" content=\"\u041f\u0440\u0438\u043c\u0435\u0440\u043d\u043e\u0435 \u0432\u0440\u0435\u043c\u044f \u0434\u043b\u044f \u0447\u0442\u0435\u043d\u0438\u044f\" \/>\n\t<meta name=\"twitter:data1\" content=\"1 \u043c\u0438\u043d\u0443\u0442\u0430\" \/>\n<script type=\"application\/ld+json\" class=\"yoast-schema-graph\">{\"@context\":\"https:\\\/\\\/schema.org\",\"@graph\":[{\"@type\":\"WebPage\",\"@id\":\"https:\\\/\\\/zoo-land.az\\\/shop\\\/cat\\\/treats-cat\\\/trixie-stick-quintett-lamb-turkey-cat-treats-5-pcs\\\/\",\"url\":\"https:\\\/\\\/zoo-land.az\\\/shop\\\/cat\\\/treats-cat\\\/trixie-stick-quintett-lamb-turkey-cat-treats-5-pcs\\\/\",\"name\":\"Trixie Stick Quintett Lamb-Turkey cat treats 5 pcs - Zooland.az\",\"isPartOf\":{\"@id\":\"https:\\\/\\\/zoo-land.az\\\/ru\\\/#website\"},\"primaryImageOfPage\":{\"@id\":\"https:\\\/\\\/zoo-land.az\\\/shop\\\/cat\\\/treats-cat\\\/trixie-stick-quintett-lamb-turkey-cat-treats-5-pcs\\\/#primaryimage\"},\"image\":{\"@id\":\"https:\\\/\\\/zoo-land.az\\\/shop\\\/cat\\\/treats-cat\\\/trixie-stick-quintett-lamb-turkey-cat-treats-5-pcs\\\/#primaryimage\"},\"thumbnailUrl\":\"https:\\\/\\\/zoo-land.az\\\/wp-content\\\/uploads\\\/2024\\\/06\\\/trixie_quintett_sticks__1.jpg\",\"datePublished\":\"2024-06-14T08:23:54+00:00\",\"dateModified\":\"2024-06-14T08:23:55+00:00\",\"breadcrumb\":{\"@id\":\"https:\\\/\\\/zoo-land.az\\\/shop\\\/cat\\\/treats-cat\\\/trixie-stick-quintett-lamb-turkey-cat-treats-5-pcs\\\/#breadcrumb\"},\"inLanguage\":\"ru-RU\",\"potentialAction\":[{\"@type\":\"ReadAction\",\"target\":[\"https:\\\/\\\/zoo-land.az\\\/shop\\\/cat\\\/treats-cat\\\/trixie-stick-quintett-lamb-turkey-cat-treats-5-pcs\\\/\"]}]},{\"@type\":\"ImageObject\",\"inLanguage\":\"ru-RU\",\"@id\":\"https:\\\/\\\/zoo-land.az\\\/shop\\\/cat\\\/treats-cat\\\/trixie-stick-quintett-lamb-turkey-cat-treats-5-pcs\\\/#primaryimage\",\"url\":\"https:\\\/\\\/zoo-land.az\\\/wp-content\\\/uploads\\\/2024\\\/06\\\/trixie_quintett_sticks__1.jpg\",\"contentUrl\":\"https:\\\/\\\/zoo-land.az\\\/wp-content\\\/uploads\\\/2024\\\/06\\\/trixie_quintett_sticks__1.jpg\",\"width\":800,\"height\":600},{\"@type\":\"BreadcrumbList\",\"@id\":\"https:\\\/\\\/zoo-land.az\\\/shop\\\/cat\\\/treats-cat\\\/trixie-stick-quintett-lamb-turkey-cat-treats-5-pcs\\\/#breadcrumb\",\"itemListElement\":[{\"@type\":\"ListItem\",\"position\":1,\"name\":\"Home\",\"item\":\"https:\\\/\\\/zoo-land.az\\\/ru\\\/\"},{\"@type\":\"ListItem\",\"position\":2,\"name\":\"Shop\",\"item\":\"https:\\\/\\\/zoo-land.az\\\/ru\\\/\"},{\"@type\":\"ListItem\",\"position\":3,\"name\":\"Trixie Stick Quintett Lamb-Turkey cat treats 5 pcs\"}]},{\"@type\":\"WebSite\",\"@id\":\"https:\\\/\\\/zoo-land.az\\\/ru\\\/#website\",\"url\":\"https:\\\/\\\/zoo-land.az\\\/ru\\\/\",\"name\":\"Zooland.az\",\"description\":\"Xo\u015fb\u0259xt ev heyvanlar\u0131n\u0131n \u00fcnvan\u0131 Zooland.az\",\"publisher\":{\"@id\":\"https:\\\/\\\/zoo-land.az\\\/ru\\\/#organization\"},\"potentialAction\":[{\"@type\":\"SearchAction\",\"target\":{\"@type\":\"EntryPoint\",\"urlTemplate\":\"https:\\\/\\\/zoo-land.az\\\/ru\\\/?s={search_term_string}\"},\"query-input\":{\"@type\":\"PropertyValueSpecification\",\"valueRequired\":true,\"valueName\":\"search_term_string\"}}],\"inLanguage\":\"ru-RU\"},{\"@type\":\"Organization\",\"@id\":\"https:\\\/\\\/zoo-land.az\\\/ru\\\/#organization\",\"name\":\"Zooland.az\",\"url\":\"https:\\\/\\\/zoo-land.az\\\/ru\\\/\",\"logo\":{\"@type\":\"ImageObject\",\"inLanguage\":\"ru-RU\",\"@id\":\"https:\\\/\\\/zoo-land.az\\\/ru\\\/#\\\/schema\\\/logo\\\/image\\\/\",\"url\":\"https:\\\/\\\/zoo-land.az\\\/wp-content\\\/uploads\\\/2022\\\/05\\\/logo.svg\",\"contentUrl\":\"https:\\\/\\\/zoo-land.az\\\/wp-content\\\/uploads\\\/2022\\\/05\\\/logo.svg\",\"width\":113,\"height\":46,\"caption\":\"Zooland.az\"},\"image\":{\"@id\":\"https:\\\/\\\/zoo-land.az\\\/ru\\\/#\\\/schema\\\/logo\\\/image\\\/\"}}]}<\/script>\n<!-- \/ Yoast SEO plugin. -->","yoast_head_json":{"title":"Trixie Stick Quintett Lamb-Turkey cat treats 5 pcs - Zooland.az","robots":{"index":"index","follow":"follow","max-snippet":"max-snippet:-1","max-image-preview":"max-image-preview:large","max-video-preview":"max-video-preview:-1"},"canonical":"https:\/\/zoo-land.az\/ru\/shop\/cat\/treats-cat\/trixie-stick-quintett-lamb-turkey-cat-treats-5-pcs\/","og_locale":"ru_RU","og_type":"article","og_title":"Trixie Stick Quintett Lamb-Turkey cat treats 5 pcs - Zooland.az","og_description":"Trixie Premio Stick Quintett made from lamb and turkey meat is not only a delicious but also a nutritious addition to your pet's diet.  The taste and aroma will satisfy even the most finicky eater.  This treat is rich in protein, which supports your pet's overall health, proper body system functioning, and maintains healthy skin and coat.  With the lamb and turkey treat, your cat will feel great and look fantastic!","og_url":"https:\/\/zoo-land.az\/ru\/shop\/cat\/treats-cat\/trixie-stick-quintett-lamb-turkey-cat-treats-5-pcs\/","og_site_name":"Zooland.az","article_modified_time":"2024-06-14T08:23:55+00:00","og_image":[{"width":800,"height":600,"url":"https:\/\/zoo-land.az\/wp-content\/uploads\/2024\/06\/trixie_quintett_sticks__1.jpg","type":"image\/jpeg"}],"twitter_card":"summary_large_image","twitter_misc":{"\u041f\u0440\u0438\u043c\u0435\u0440\u043d\u043e\u0435 \u0432\u0440\u0435\u043c\u044f \u0434\u043b\u044f \u0447\u0442\u0435\u043d\u0438\u044f":"1 \u043c\u0438\u043d\u0443\u0442\u0430"},"schema":{"@context":"https:\/\/schema.org","@graph":[{"@type":"WebPage","@id":"https:\/\/zoo-land.az\/shop\/cat\/treats-cat\/trixie-stick-quintett-lamb-turkey-cat-treats-5-pcs\/","url":"https:\/\/zoo-land.az\/shop\/cat\/treats-cat\/trixie-stick-quintett-lamb-turkey-cat-treats-5-pcs\/","name":"Trixie Stick Quintett Lamb-Turkey cat treats 5 pcs - Zooland.az","isPartOf":{"@id":"https:\/\/zoo-land.az\/ru\/#website"},"primaryImageOfPage":{"@id":"https:\/\/zoo-land.az\/shop\/cat\/treats-cat\/trixie-stick-quintett-lamb-turkey-cat-treats-5-pcs\/#primaryimage"},"image":{"@id":"https:\/\/zoo-land.az\/shop\/cat\/treats-cat\/trixie-stick-quintett-lamb-turkey-cat-treats-5-pcs\/#primaryimage"},"thumbnailUrl":"https:\/\/zoo-land.az\/wp-content\/uploads\/2024\/06\/trixie_quintett_sticks__1.jpg","datePublished":"2024-06-14T08:23:54+00:00","dateModified":"2024-06-14T08:23:55+00:00","breadcrumb":{"@id":"https:\/\/zoo-land.az\/shop\/cat\/treats-cat\/trixie-stick-quintett-lamb-turkey-cat-treats-5-pcs\/#breadcrumb"},"inLanguage":"ru-RU","potentialAction":[{"@type":"ReadAction","target":["https:\/\/zoo-land.az\/shop\/cat\/treats-cat\/trixie-stick-quintett-lamb-turkey-cat-treats-5-pcs\/"]}]},{"@type":"ImageObject","inLanguage":"ru-RU","@id":"https:\/\/zoo-land.az\/shop\/cat\/treats-cat\/trixie-stick-quintett-lamb-turkey-cat-treats-5-pcs\/#primaryimage","url":"https:\/\/zoo-land.az\/wp-content\/uploads\/2024\/06\/trixie_quintett_sticks__1.jpg","contentUrl":"https:\/\/zoo-land.az\/wp-content\/uploads\/2024\/06\/trixie_quintett_sticks__1.jpg","width":800,"height":600},{"@type":"BreadcrumbList","@id":"https:\/\/zoo-land.az\/shop\/cat\/treats-cat\/trixie-stick-quintett-lamb-turkey-cat-treats-5-pcs\/#breadcrumb","itemListElement":[{"@type":"ListItem","position":1,"name":"Home","item":"https:\/\/zoo-land.az\/ru\/"},{"@type":"ListItem","position":2,"name":"Shop","item":"https:\/\/zoo-land.az\/ru\/"},{"@type":"ListItem","position":3,"name":"Trixie Stick Quintett Lamb-Turkey cat treats 5 pcs"}]},{"@type":"WebSite","@id":"https:\/\/zoo-land.az\/ru\/#website","url":"https:\/\/zoo-land.az\/ru\/","name":"Zooland.az","description":"Xo\u015fb\u0259xt ev heyvanlar\u0131n\u0131n \u00fcnvan\u0131 Zooland.az","publisher":{"@id":"https:\/\/zoo-land.az\/ru\/#organization"},"potentialAction":[{"@type":"SearchAction","target":{"@type":"EntryPoint","urlTemplate":"https:\/\/zoo-land.az\/ru\/?s={search_term_string}"},"query-input":{"@type":"PropertyValueSpecification","valueRequired":true,"valueName":"search_term_string"}}],"inLanguage":"ru-RU"},{"@type":"Organization","@id":"https:\/\/zoo-land.az\/ru\/#organization","name":"Zooland.az","url":"https:\/\/zoo-land.az\/ru\/","logo":{"@type":"ImageObject","inLanguage":"ru-RU","@id":"https:\/\/zoo-land.az\/ru\/#\/schema\/logo\/image\/","url":"https:\/\/zoo-land.az\/wp-content\/uploads\/2022\/05\/logo.svg","contentUrl":"https:\/\/zoo-land.az\/wp-content\/uploads\/2022\/05\/logo.svg","width":113,"height":46,"caption":"Zooland.az"},"image":{"@id":"https:\/\/zoo-land.az\/ru\/#\/schema\/logo\/image\/"}}]}},"_links":{"self":[{"href":"https:\/\/zoo-land.az\/ru\/wp-json\/wp\/v2\/product\/23592","targetHints":{"allow":["GET"]}}],"collection":[{"href":"https:\/\/zoo-land.az\/ru\/wp-json\/wp\/v2\/product"}],"about":[{"href":"https:\/\/zoo-land.az\/ru\/wp-json\/wp\/v2\/types\/product"}],"wp:featuredmedia":[{"embeddable":true,"href":"https:\/\/zoo-land.az\/ru\/wp-json\/wp\/v2\/media\/23593"}],"wp:attachment":[{"href":"https:\/\/zoo-land.az\/ru\/wp-json\/wp\/v2\/media?parent=23592"}],"wp:term":[{"taxonomy":"product_cat","embeddable":true,"href":"https:\/\/zoo-land.az\/ru\/wp-json\/wp\/v2\/product_cat?post=23592"},{"taxonomy":"product_tag","embeddable":true,"href":"https:\/\/zoo-land.az\/ru\/wp-json\/wp\/v2\/product_tag?post=23592"}],"curies":[{"name":"wp","href":"https:\/\/api.w.org\/{rel}","templated":true}]}}