{"id":23610,"date":"2024-06-14T10:00:55","date_gmt":"2024-06-14T10:00:55","guid":{"rendered":"https:\/\/lightsteelblue-zebra-299715.hostingersite.com\/?post_type=product&#038;p=23610"},"modified":"2024-06-14T10:00:55","modified_gmt":"2024-06-14T10:00:55","slug":"flexi-blue-retractable-leash-cord-m-5m-for-dogs-up-to-20-kg","status":"publish","type":"product","link":"https:\/\/zoo-land.az\/ru\/shop\/dog\/dog-accesories\/leash\/flexi-blue-retractable-leash-cord-m-5m-for-dogs-up-to-20-kg\/","title":{"rendered":"Flexi Blue retractable leash Cord M, 5m, for dogs up to 20 kg"},"content":{"rendered":"<p>The new high-quality Flexi New CLASSIC retractable leashes feature a special ergonomic handle and an innovative braking system. This makes walking your pet not only safe but also enjoyable.<\/p>\n<p>Quality, functionality, safety, and exclusive design are the distinctive features of Flexi leashes. Millions of dog owners worldwide admire the company&#8217;s original products.<\/p>\n<p>The high-tech spring system of the retractable leashes gives the owner an unparalleled sense of confidence and control in any situation. In addition to reliability and smooth operation, the leashes boast ease of handling, high-quality materials, and exemplary hand assembly.<\/p>\n<p>The sturdy plastic handle is durable and impact-resistant, capable of withstanding falls and mechanical damage.<\/p>\n<p>The leash does not stretch, tear, or wear out. It ends with a ribbon and carabiner, making it very convenient to keep your dog close.<\/p>\n<p>Key features:<\/p>\n<ul>\n<li>Cord leash<\/li>\n<li>Brake system with shortened stroke length<\/li>\n<li>Reflective elements<\/li>\n<li>Chrome-plated snap hook<\/li>\n<\/ul>\n<p>Special features:<\/p>\n<ul>\n<li>Easy to use<\/li>\n<li>Patented fixation system for effective control in every situation<\/li>\n<li>Innovative design \u2013 classic, fashionable, elegant<\/li>\n<li>Reliable retraction system that prevents the leash from sagging<\/li>\n<li>Maximum load capacity due to high-tech materials<\/li>\n<\/ul>\n<p>Length up to 5 meters, for dogs weighing up to 20 kg. Designed for medium-sized dogs.<\/p>","protected":false},"excerpt":{"rendered":"<p>The new high-quality Flexi New CLASSIC retractable leashes feature a special ergonomic handle and an innovative braking system. This makes walking your pet not only safe but also enjoyable.<\/p>\n<p>Quality, functionality, safety, and exclusive design are the distinctive features of Flexi leashes. Millions of dog owners worldwide admire the company&#8217;s original products.<\/p>\n<p>The high-tech spring system of the retractable leashes gives the owner an unparalleled sense of confidence and control in any situation. In addition to reliability and smooth operation, the leashes boast ease of handling, high-quality materials, and exemplary hand assembly.<\/p>","protected":false},"featured_media":23611,"template":"","meta":{"inline_featured_image":false,"_joinchat":[]},"product_cat":[159,107,396],"product_tag":[],"class_list":{"0":"post-23610","1":"product","2":"type-product","3":"status-publish","4":"has-post-thumbnail","6":"product_brand-flexi","7":"product_cat-dog-accesories","8":"product_cat-dog","9":"product_cat-leash","11":"first","12":"instock","13":"shipping-taxable","14":"purchasable","15":"product-type-simple"},"yoast_head":"<!-- This site is optimized with the Yoast SEO plugin v26.7 - https:\/\/yoast.com\/wordpress\/plugins\/seo\/ -->\n<title>Flexi Blue retractable leash Cord M, 5m, for dogs up to 20 kg - Zooland.az<\/title>\n<meta name=\"robots\" content=\"index, follow, max-snippet:-1, max-image-preview:large, max-video-preview:-1\" \/>\n<link rel=\"canonical\" href=\"https:\/\/zoo-land.az\/ru\/shop\/dog\/dog-accesories\/leash\/flexi-blue-retractable-leash-cord-m-5m-for-dogs-up-to-20-kg\/\" \/>\n<meta property=\"og:locale\" content=\"ru_RU\" \/>\n<meta property=\"og:type\" content=\"article\" \/>\n<meta property=\"og:title\" content=\"Flexi Blue retractable leash Cord M, 5m, for dogs up to 20 kg - Zooland.az\" \/>\n<meta property=\"og:description\" content=\"The new high-quality Flexi New CLASSIC retractable leashes feature a special ergonomic handle and an innovative braking system. This makes walking your pet not only safe but also enjoyable.  Quality, functionality, safety, and exclusive design are the distinctive features of Flexi leashes. Millions of dog owners worldwide admire the company&#039;s original products.  The high-tech spring system of the retractable leashes gives the owner an unparalleled sense of confidence and control in any situation. In addition to reliability and smooth operation, the leashes boast ease of handling, high-quality materials, and exemplary hand assembly.\" \/>\n<meta property=\"og:url\" content=\"https:\/\/zoo-land.az\/ru\/shop\/dog\/dog-accesories\/leash\/flexi-blue-retractable-leash-cord-m-5m-for-dogs-up-to-20-kg\/\" \/>\n<meta property=\"og:site_name\" content=\"Zooland.az\" \/>\n<meta property=\"og:image\" content=\"https:\/\/zoo-land.az\/wp-content\/uploads\/2024\/06\/b8wg0f2bxt3wh6w7denm3tcc8c7fpjcq.jpg\" \/>\n\t<meta property=\"og:image:width\" content=\"1450\" \/>\n\t<meta property=\"og:image:height\" content=\"1450\" \/>\n\t<meta property=\"og:image:type\" content=\"image\/jpeg\" \/>\n<meta name=\"twitter:card\" content=\"summary_large_image\" \/>\n<meta name=\"twitter:label1\" content=\"\u041f\u0440\u0438\u043c\u0435\u0440\u043d\u043e\u0435 \u0432\u0440\u0435\u043c\u044f \u0434\u043b\u044f \u0447\u0442\u0435\u043d\u0438\u044f\" \/>\n\t<meta name=\"twitter:data1\" content=\"1 \u043c\u0438\u043d\u0443\u0442\u0430\" \/>\n<script type=\"application\/ld+json\" class=\"yoast-schema-graph\">{\"@context\":\"https:\/\/schema.org\",\"@graph\":[{\"@type\":\"WebPage\",\"@id\":\"https:\/\/zoo-land.az\/az\/shop\/dog\/dog-accesories\/leash\/flexi-blue-retractable-leash-cord-m-5m-for-dogs-up-to-20-kg\/\",\"url\":\"https:\/\/zoo-land.az\/az\/shop\/dog\/dog-accesories\/leash\/flexi-blue-retractable-leash-cord-m-5m-for-dogs-up-to-20-kg\/\",\"name\":\"Flexi Blue retractable leash Cord M, 5m, for dogs up to 20 kg - Zooland.az\",\"isPartOf\":{\"@id\":\"https:\/\/zoo-land.az\/#website\"},\"primaryImageOfPage\":{\"@id\":\"https:\/\/zoo-land.az\/az\/shop\/dog\/dog-accesories\/leash\/flexi-blue-retractable-leash-cord-m-5m-for-dogs-up-to-20-kg\/#primaryimage\"},\"image\":{\"@id\":\"https:\/\/zoo-land.az\/az\/shop\/dog\/dog-accesories\/leash\/flexi-blue-retractable-leash-cord-m-5m-for-dogs-up-to-20-kg\/#primaryimage\"},\"thumbnailUrl\":\"https:\/\/zoo-land.az\/wp-content\/uploads\/2024\/06\/b8wg0f2bxt3wh6w7denm3tcc8c7fpjcq.jpg\",\"datePublished\":\"2024-06-14T10:00:55+00:00\",\"breadcrumb\":{\"@id\":\"https:\/\/zoo-land.az\/az\/shop\/dog\/dog-accesories\/leash\/flexi-blue-retractable-leash-cord-m-5m-for-dogs-up-to-20-kg\/#breadcrumb\"},\"inLanguage\":\"ru-RU\",\"potentialAction\":[{\"@type\":\"ReadAction\",\"target\":[\"https:\/\/zoo-land.az\/az\/shop\/dog\/dog-accesories\/leash\/flexi-blue-retractable-leash-cord-m-5m-for-dogs-up-to-20-kg\/\"]}]},{\"@type\":\"ImageObject\",\"inLanguage\":\"ru-RU\",\"@id\":\"https:\/\/zoo-land.az\/az\/shop\/dog\/dog-accesories\/leash\/flexi-blue-retractable-leash-cord-m-5m-for-dogs-up-to-20-kg\/#primaryimage\",\"url\":\"https:\/\/zoo-land.az\/wp-content\/uploads\/2024\/06\/b8wg0f2bxt3wh6w7denm3tcc8c7fpjcq.jpg\",\"contentUrl\":\"https:\/\/zoo-land.az\/wp-content\/uploads\/2024\/06\/b8wg0f2bxt3wh6w7denm3tcc8c7fpjcq.jpg\",\"width\":1450,\"height\":1450},{\"@type\":\"BreadcrumbList\",\"@id\":\"https:\/\/zoo-land.az\/az\/shop\/dog\/dog-accesories\/leash\/flexi-blue-retractable-leash-cord-m-5m-for-dogs-up-to-20-kg\/#breadcrumb\",\"itemListElement\":[{\"@type\":\"ListItem\",\"position\":1,\"name\":\"Home\",\"item\":\"https:\/\/zoo-land.az\/ru\/\"},{\"@type\":\"ListItem\",\"position\":2,\"name\":\"Shop\",\"item\":\"https:\/\/zoo-land.az\/ru\/\"},{\"@type\":\"ListItem\",\"position\":3,\"name\":\"Flexi Blue retractable leash Cord M, 5m, for dogs up to 20 kg\"}]},{\"@type\":\"WebSite\",\"@id\":\"https:\/\/zoo-land.az\/#website\",\"url\":\"https:\/\/zoo-land.az\/\",\"name\":\"Zooland.az\",\"description\":\"Xo\u015fb\u0259xt ev heyvanlar\u0131n\u0131n \u00fcnvan\u0131 Zooland.az\",\"publisher\":{\"@id\":\"https:\/\/zoo-land.az\/#organization\"},\"potentialAction\":[{\"@type\":\"SearchAction\",\"target\":{\"@type\":\"EntryPoint\",\"urlTemplate\":\"https:\/\/zoo-land.az\/?s={search_term_string}\"},\"query-input\":{\"@type\":\"PropertyValueSpecification\",\"valueRequired\":true,\"valueName\":\"search_term_string\"}}],\"inLanguage\":\"ru-RU\"},{\"@type\":\"Organization\",\"@id\":\"https:\/\/zoo-land.az\/#organization\",\"name\":\"Zooland.az\",\"url\":\"https:\/\/zoo-land.az\/\",\"logo\":{\"@type\":\"ImageObject\",\"inLanguage\":\"ru-RU\",\"@id\":\"https:\/\/zoo-land.az\/#\/schema\/logo\/image\/\",\"url\":\"https:\/\/zoo-land.az\/wp-content\/uploads\/2022\/05\/logo.svg\",\"contentUrl\":\"https:\/\/zoo-land.az\/wp-content\/uploads\/2022\/05\/logo.svg\",\"width\":113,\"height\":46,\"caption\":\"Zooland.az\"},\"image\":{\"@id\":\"https:\/\/zoo-land.az\/#\/schema\/logo\/image\/\"}}]}<\/script>\n<!-- \/ Yoast SEO plugin. -->","yoast_head_json":{"title":"Flexi Blue retractable leash Cord M, 5m, for dogs up to 20 kg - Zooland.az","robots":{"index":"index","follow":"follow","max-snippet":"max-snippet:-1","max-image-preview":"max-image-preview:large","max-video-preview":"max-video-preview:-1"},"canonical":"https:\/\/zoo-land.az\/ru\/shop\/dog\/dog-accesories\/leash\/flexi-blue-retractable-leash-cord-m-5m-for-dogs-up-to-20-kg\/","og_locale":"ru_RU","og_type":"article","og_title":"Flexi Blue retractable leash Cord M, 5m, for dogs up to 20 kg - Zooland.az","og_description":"The new high-quality Flexi New CLASSIC retractable leashes feature a special ergonomic handle and an innovative braking system. This makes walking your pet not only safe but also enjoyable.  Quality, functionality, safety, and exclusive design are the distinctive features of Flexi leashes. Millions of dog owners worldwide admire the company's original products.  The high-tech spring system of the retractable leashes gives the owner an unparalleled sense of confidence and control in any situation. In addition to reliability and smooth operation, the leashes boast ease of handling, high-quality materials, and exemplary hand assembly.","og_url":"https:\/\/zoo-land.az\/ru\/shop\/dog\/dog-accesories\/leash\/flexi-blue-retractable-leash-cord-m-5m-for-dogs-up-to-20-kg\/","og_site_name":"Zooland.az","og_image":[{"width":1450,"height":1450,"url":"https:\/\/zoo-land.az\/wp-content\/uploads\/2024\/06\/b8wg0f2bxt3wh6w7denm3tcc8c7fpjcq.jpg","type":"image\/jpeg"}],"twitter_card":"summary_large_image","twitter_misc":{"\u041f\u0440\u0438\u043c\u0435\u0440\u043d\u043e\u0435 \u0432\u0440\u0435\u043c\u044f \u0434\u043b\u044f \u0447\u0442\u0435\u043d\u0438\u044f":"1 \u043c\u0438\u043d\u0443\u0442\u0430"},"schema":{"@context":"https:\/\/schema.org","@graph":[{"@type":"WebPage","@id":"https:\/\/zoo-land.az\/az\/shop\/dog\/dog-accesories\/leash\/flexi-blue-retractable-leash-cord-m-5m-for-dogs-up-to-20-kg\/","url":"https:\/\/zoo-land.az\/az\/shop\/dog\/dog-accesories\/leash\/flexi-blue-retractable-leash-cord-m-5m-for-dogs-up-to-20-kg\/","name":"Flexi Blue retractable leash Cord M, 5m, for dogs up to 20 kg - Zooland.az","isPartOf":{"@id":"https:\/\/zoo-land.az\/#website"},"primaryImageOfPage":{"@id":"https:\/\/zoo-land.az\/az\/shop\/dog\/dog-accesories\/leash\/flexi-blue-retractable-leash-cord-m-5m-for-dogs-up-to-20-kg\/#primaryimage"},"image":{"@id":"https:\/\/zoo-land.az\/az\/shop\/dog\/dog-accesories\/leash\/flexi-blue-retractable-leash-cord-m-5m-for-dogs-up-to-20-kg\/#primaryimage"},"thumbnailUrl":"https:\/\/zoo-land.az\/wp-content\/uploads\/2024\/06\/b8wg0f2bxt3wh6w7denm3tcc8c7fpjcq.jpg","datePublished":"2024-06-14T10:00:55+00:00","breadcrumb":{"@id":"https:\/\/zoo-land.az\/az\/shop\/dog\/dog-accesories\/leash\/flexi-blue-retractable-leash-cord-m-5m-for-dogs-up-to-20-kg\/#breadcrumb"},"inLanguage":"ru-RU","potentialAction":[{"@type":"ReadAction","target":["https:\/\/zoo-land.az\/az\/shop\/dog\/dog-accesories\/leash\/flexi-blue-retractable-leash-cord-m-5m-for-dogs-up-to-20-kg\/"]}]},{"@type":"ImageObject","inLanguage":"ru-RU","@id":"https:\/\/zoo-land.az\/az\/shop\/dog\/dog-accesories\/leash\/flexi-blue-retractable-leash-cord-m-5m-for-dogs-up-to-20-kg\/#primaryimage","url":"https:\/\/zoo-land.az\/wp-content\/uploads\/2024\/06\/b8wg0f2bxt3wh6w7denm3tcc8c7fpjcq.jpg","contentUrl":"https:\/\/zoo-land.az\/wp-content\/uploads\/2024\/06\/b8wg0f2bxt3wh6w7denm3tcc8c7fpjcq.jpg","width":1450,"height":1450},{"@type":"BreadcrumbList","@id":"https:\/\/zoo-land.az\/az\/shop\/dog\/dog-accesories\/leash\/flexi-blue-retractable-leash-cord-m-5m-for-dogs-up-to-20-kg\/#breadcrumb","itemListElement":[{"@type":"ListItem","position":1,"name":"Home","item":"https:\/\/zoo-land.az\/ru\/"},{"@type":"ListItem","position":2,"name":"Shop","item":"https:\/\/zoo-land.az\/ru\/"},{"@type":"ListItem","position":3,"name":"Flexi Blue retractable leash Cord M, 5m, for dogs up to 20 kg"}]},{"@type":"WebSite","@id":"https:\/\/zoo-land.az\/#website","url":"https:\/\/zoo-land.az\/","name":"Zooland.az","description":"Xo\u015fb\u0259xt ev heyvanlar\u0131n\u0131n \u00fcnvan\u0131 Zooland.az","publisher":{"@id":"https:\/\/zoo-land.az\/#organization"},"potentialAction":[{"@type":"SearchAction","target":{"@type":"EntryPoint","urlTemplate":"https:\/\/zoo-land.az\/?s={search_term_string}"},"query-input":{"@type":"PropertyValueSpecification","valueRequired":true,"valueName":"search_term_string"}}],"inLanguage":"ru-RU"},{"@type":"Organization","@id":"https:\/\/zoo-land.az\/#organization","name":"Zooland.az","url":"https:\/\/zoo-land.az\/","logo":{"@type":"ImageObject","inLanguage":"ru-RU","@id":"https:\/\/zoo-land.az\/#\/schema\/logo\/image\/","url":"https:\/\/zoo-land.az\/wp-content\/uploads\/2022\/05\/logo.svg","contentUrl":"https:\/\/zoo-land.az\/wp-content\/uploads\/2022\/05\/logo.svg","width":113,"height":46,"caption":"Zooland.az"},"image":{"@id":"https:\/\/zoo-land.az\/#\/schema\/logo\/image\/"}}]}},"_links":{"self":[{"href":"https:\/\/zoo-land.az\/ru\/wp-json\/wp\/v2\/product\/23610","targetHints":{"allow":["GET"]}}],"collection":[{"href":"https:\/\/zoo-land.az\/ru\/wp-json\/wp\/v2\/product"}],"about":[{"href":"https:\/\/zoo-land.az\/ru\/wp-json\/wp\/v2\/types\/product"}],"wp:featuredmedia":[{"embeddable":true,"href":"https:\/\/zoo-land.az\/ru\/wp-json\/wp\/v2\/media\/23611"}],"wp:attachment":[{"href":"https:\/\/zoo-land.az\/ru\/wp-json\/wp\/v2\/media?parent=23610"}],"wp:term":[{"taxonomy":"product_cat","embeddable":true,"href":"https:\/\/zoo-land.az\/ru\/wp-json\/wp\/v2\/product_cat?post=23610"},{"taxonomy":"product_tag","embeddable":true,"href":"https:\/\/zoo-land.az\/ru\/wp-json\/wp\/v2\/product_tag?post=23610"}],"curies":[{"name":"wp","href":"https:\/\/api.w.org\/{rel}","templated":true}]}}