{"id":23614,"date":"2024-06-14T11:10:50","date_gmt":"2024-06-14T11:10:50","guid":{"rendered":"https:\/\/lightsteelblue-zebra-299715.hostingersite.com\/?post_type=product&#038;p=23614"},"modified":"2024-06-14T11:10:50","modified_gmt":"2024-06-14T11:10:50","slug":"flexi-red-retractable-leash-cord-s-8-m-12-kg","status":"publish","type":"product","link":"https:\/\/zoo-land.az\/ru\/shop\/dog\/dog-accesories\/leash\/flexi-red-retractable-leash-cord-s-8-m-12-kg\/","title":{"rendered":"Flexi Red retractable leash Cord S 8 m 12 kg"},"content":{"rendered":"<p>New high-quality Flexi New CLASSIC retractable leashes feature a special ergonomic handle and an innovative braking system. This makes walking your pet not only safe but also enjoyable.<\/p>\n<p>Quality, functionality, safety, and exclusive design are the distinguishing features of Flexi leashes. Millions of dog owners worldwide admire the company&#8217;s original products.<\/p>\n<p>The high-tech spring system of these retractable leashes provides the owner with an unparalleled sense of confidence and control in any situation. In addition to the reliability and smoothness of the mechanism, the leashes boast ease of handling, high-quality materials, and exemplary hand assembly.<\/p>\n<p>The plastic handle is strong, durable, and impact-resistant, capable of withstanding drops and mechanical damage.<\/p>\n<p>The cord does not stretch, break, or wear out.<\/p>\n<p>The leash ends with a tape and snap hook, making it very convenient to keep the dog close.<\/p>\n<p>Key features:<\/p>\n<ul>\n<li>Cord leash<\/li>\n<li>Brake system with shortened stroke length<\/li>\n<li>Reflective elements<\/li>\n<li>Chrome-plated snap hook<\/li>\n<\/ul>\n<p>\u0424\u0443\u043d\u043a\u0446\u0438\u0438:<\/p>\n<ul>\n<li>Ease of use<\/li>\n<li>Patented locking system for effective control in every situation<\/li>\n<li>Innovative design \u2013 classic, fashionable, elegant<\/li>\n<li>Reliable retraction system to prevent leash sagging<\/li>\n<li>Maximum load capacity thanks to high-tech materials<\/li>\n<\/ul>\n<p>Length up to 8 meters, for dogs weighing up to 12 kg.<\/p>\n<p>Designed for small breed dogs.<\/p>","protected":false},"excerpt":{"rendered":"<p>New high-quality Flexi New CLASSIC retractable leashes feature a special ergonomic handle and an innovative braking system. This makes walking your pet not only safe but also enjoyable.<\/p>\n<p>Quality, functionality, safety, and exclusive design are the distinguishing features of Flexi leashes. Millions of dog owners worldwide admire the company&#8217;s original products.<\/p>\n<p>The high-tech spring system of these retractable leashes provides the owner with an unparalleled sense of confidence and control in any situation. In addition to the reliability and smoothness of the mechanism, the leashes boast ease of handling, high-quality materials, and exemplary hand assembly.<\/p>","protected":false},"featured_media":23615,"template":"","meta":{"inline_featured_image":false,"_joinchat":[]},"product_cat":[159,107,396],"product_tag":[],"class_list":{"0":"post-23614","1":"product","2":"type-product","3":"status-publish","4":"has-post-thumbnail","6":"product_brand-flexi","7":"product_cat-dog-accesories","8":"product_cat-dog","9":"product_cat-leash","11":"first","12":"instock","13":"shipping-taxable","14":"purchasable","15":"product-type-simple"},"yoast_head":"<!-- This site is optimized with the Yoast SEO plugin v26.7 - https:\/\/yoast.com\/wordpress\/plugins\/seo\/ -->\n<title>Flexi Red retractable leash Cord S 8 m 12 kg - Zooland.az<\/title>\n<meta name=\"robots\" content=\"index, follow, max-snippet:-1, max-image-preview:large, max-video-preview:-1\" \/>\n<link rel=\"canonical\" href=\"https:\/\/zoo-land.az\/ru\/shop\/dog\/dog-accesories\/leash\/flexi-red-retractable-leash-cord-s-8-m-12-kg\/\" \/>\n<meta property=\"og:locale\" content=\"ru_RU\" \/>\n<meta property=\"og:type\" content=\"article\" \/>\n<meta property=\"og:title\" content=\"Flexi Red retractable leash Cord S 8 m 12 kg - Zooland.az\" \/>\n<meta property=\"og:description\" content=\"New high-quality Flexi New CLASSIC retractable leashes feature a special ergonomic handle and an innovative braking system. This makes walking your pet not only safe but also enjoyable.  Quality, functionality, safety, and exclusive design are the distinguishing features of Flexi leashes. Millions of dog owners worldwide admire the company&#039;s original products.  The high-tech spring system of these retractable leashes provides the owner with an unparalleled sense of confidence and control in any situation. In addition to the reliability and smoothness of the mechanism, the leashes boast ease of handling, high-quality materials, and exemplary hand assembly.\" \/>\n<meta property=\"og:url\" content=\"https:\/\/zoo-land.az\/ru\/shop\/dog\/dog-accesories\/leash\/flexi-red-retractable-leash-cord-s-8-m-12-kg\/\" \/>\n<meta property=\"og:site_name\" content=\"Zooland.az\" \/>\n<meta property=\"og:image\" content=\"https:\/\/zoo-land.az\/wp-content\/uploads\/2024\/06\/flexi_new_classic_s_cord_8m_red.jpg\" \/>\n\t<meta property=\"og:image:width\" content=\"2450\" \/>\n\t<meta property=\"og:image:height\" content=\"2450\" \/>\n\t<meta property=\"og:image:type\" content=\"image\/jpeg\" \/>\n<meta name=\"twitter:card\" content=\"summary_large_image\" \/>\n<meta name=\"twitter:label1\" content=\"\u041f\u0440\u0438\u043c\u0435\u0440\u043d\u043e\u0435 \u0432\u0440\u0435\u043c\u044f \u0434\u043b\u044f \u0447\u0442\u0435\u043d\u0438\u044f\" \/>\n\t<meta name=\"twitter:data1\" content=\"1 \u043c\u0438\u043d\u0443\u0442\u0430\" \/>\n<script type=\"application\/ld+json\" class=\"yoast-schema-graph\">{\"@context\":\"https:\/\/schema.org\",\"@graph\":[{\"@type\":\"WebPage\",\"@id\":\"https:\/\/zoo-land.az\/ru\/shop\/dog\/dog-accesories\/leash\/flexi-red-retractable-leash-cord-s-8-m-12-kg\/\",\"url\":\"https:\/\/zoo-land.az\/ru\/shop\/dog\/dog-accesories\/leash\/flexi-red-retractable-leash-cord-s-8-m-12-kg\/\",\"name\":\"Flexi Red retractable leash Cord S 8 m 12 kg - Zooland.az\",\"isPartOf\":{\"@id\":\"https:\/\/zoo-land.az\/#website\"},\"primaryImageOfPage\":{\"@id\":\"https:\/\/zoo-land.az\/ru\/shop\/dog\/dog-accesories\/leash\/flexi-red-retractable-leash-cord-s-8-m-12-kg\/#primaryimage\"},\"image\":{\"@id\":\"https:\/\/zoo-land.az\/ru\/shop\/dog\/dog-accesories\/leash\/flexi-red-retractable-leash-cord-s-8-m-12-kg\/#primaryimage\"},\"thumbnailUrl\":\"https:\/\/zoo-land.az\/wp-content\/uploads\/2024\/06\/flexi_new_classic_s_cord_8m_red.jpg\",\"datePublished\":\"2024-06-14T11:10:50+00:00\",\"breadcrumb\":{\"@id\":\"https:\/\/zoo-land.az\/ru\/shop\/dog\/dog-accesories\/leash\/flexi-red-retractable-leash-cord-s-8-m-12-kg\/#breadcrumb\"},\"inLanguage\":\"ru-RU\",\"potentialAction\":[{\"@type\":\"ReadAction\",\"target\":[\"https:\/\/zoo-land.az\/ru\/shop\/dog\/dog-accesories\/leash\/flexi-red-retractable-leash-cord-s-8-m-12-kg\/\"]}]},{\"@type\":\"ImageObject\",\"inLanguage\":\"ru-RU\",\"@id\":\"https:\/\/zoo-land.az\/ru\/shop\/dog\/dog-accesories\/leash\/flexi-red-retractable-leash-cord-s-8-m-12-kg\/#primaryimage\",\"url\":\"https:\/\/zoo-land.az\/wp-content\/uploads\/2024\/06\/flexi_new_classic_s_cord_8m_red.jpg\",\"contentUrl\":\"https:\/\/zoo-land.az\/wp-content\/uploads\/2024\/06\/flexi_new_classic_s_cord_8m_red.jpg\",\"width\":2450,\"height\":2450},{\"@type\":\"BreadcrumbList\",\"@id\":\"https:\/\/zoo-land.az\/ru\/shop\/dog\/dog-accesories\/leash\/flexi-red-retractable-leash-cord-s-8-m-12-kg\/#breadcrumb\",\"itemListElement\":[{\"@type\":\"ListItem\",\"position\":1,\"name\":\"Home\",\"item\":\"https:\/\/zoo-land.az\/ru\/\"},{\"@type\":\"ListItem\",\"position\":2,\"name\":\"Shop\",\"item\":\"https:\/\/zoo-land.az\/ru\/\"},{\"@type\":\"ListItem\",\"position\":3,\"name\":\"Flexi Red retractable leash Cord S 8 m 12 kg\"}]},{\"@type\":\"WebSite\",\"@id\":\"https:\/\/zoo-land.az\/#website\",\"url\":\"https:\/\/zoo-land.az\/\",\"name\":\"Zooland.az\",\"description\":\"Xo\u015fb\u0259xt ev heyvanlar\u0131n\u0131n \u00fcnvan\u0131 Zooland.az\",\"publisher\":{\"@id\":\"https:\/\/zoo-land.az\/#organization\"},\"potentialAction\":[{\"@type\":\"SearchAction\",\"target\":{\"@type\":\"EntryPoint\",\"urlTemplate\":\"https:\/\/zoo-land.az\/?s={search_term_string}\"},\"query-input\":{\"@type\":\"PropertyValueSpecification\",\"valueRequired\":true,\"valueName\":\"search_term_string\"}}],\"inLanguage\":\"ru-RU\"},{\"@type\":\"Organization\",\"@id\":\"https:\/\/zoo-land.az\/#organization\",\"name\":\"Zooland.az\",\"url\":\"https:\/\/zoo-land.az\/\",\"logo\":{\"@type\":\"ImageObject\",\"inLanguage\":\"ru-RU\",\"@id\":\"https:\/\/zoo-land.az\/#\/schema\/logo\/image\/\",\"url\":\"https:\/\/zoo-land.az\/wp-content\/uploads\/2022\/05\/logo.svg\",\"contentUrl\":\"https:\/\/zoo-land.az\/wp-content\/uploads\/2022\/05\/logo.svg\",\"width\":113,\"height\":46,\"caption\":\"Zooland.az\"},\"image\":{\"@id\":\"https:\/\/zoo-land.az\/#\/schema\/logo\/image\/\"}}]}<\/script>\n<!-- \/ Yoast SEO plugin. -->","yoast_head_json":{"title":"Flexi Red retractable leash Cord S 8 m 12 kg - Zooland.az","robots":{"index":"index","follow":"follow","max-snippet":"max-snippet:-1","max-image-preview":"max-image-preview:large","max-video-preview":"max-video-preview:-1"},"canonical":"https:\/\/zoo-land.az\/ru\/shop\/dog\/dog-accesories\/leash\/flexi-red-retractable-leash-cord-s-8-m-12-kg\/","og_locale":"ru_RU","og_type":"article","og_title":"Flexi Red retractable leash Cord S 8 m 12 kg - Zooland.az","og_description":"New high-quality Flexi New CLASSIC retractable leashes feature a special ergonomic handle and an innovative braking system. This makes walking your pet not only safe but also enjoyable.  Quality, functionality, safety, and exclusive design are the distinguishing features of Flexi leashes. Millions of dog owners worldwide admire the company's original products.  The high-tech spring system of these retractable leashes provides the owner with an unparalleled sense of confidence and control in any situation. In addition to the reliability and smoothness of the mechanism, the leashes boast ease of handling, high-quality materials, and exemplary hand assembly.","og_url":"https:\/\/zoo-land.az\/ru\/shop\/dog\/dog-accesories\/leash\/flexi-red-retractable-leash-cord-s-8-m-12-kg\/","og_site_name":"Zooland.az","og_image":[{"width":2450,"height":2450,"url":"https:\/\/zoo-land.az\/wp-content\/uploads\/2024\/06\/flexi_new_classic_s_cord_8m_red.jpg","type":"image\/jpeg"}],"twitter_card":"summary_large_image","twitter_misc":{"\u041f\u0440\u0438\u043c\u0435\u0440\u043d\u043e\u0435 \u0432\u0440\u0435\u043c\u044f \u0434\u043b\u044f \u0447\u0442\u0435\u043d\u0438\u044f":"1 \u043c\u0438\u043d\u0443\u0442\u0430"},"schema":{"@context":"https:\/\/schema.org","@graph":[{"@type":"WebPage","@id":"https:\/\/zoo-land.az\/ru\/shop\/dog\/dog-accesories\/leash\/flexi-red-retractable-leash-cord-s-8-m-12-kg\/","url":"https:\/\/zoo-land.az\/ru\/shop\/dog\/dog-accesories\/leash\/flexi-red-retractable-leash-cord-s-8-m-12-kg\/","name":"Flexi Red retractable leash Cord S 8 m 12 kg - Zooland.az","isPartOf":{"@id":"https:\/\/zoo-land.az\/#website"},"primaryImageOfPage":{"@id":"https:\/\/zoo-land.az\/ru\/shop\/dog\/dog-accesories\/leash\/flexi-red-retractable-leash-cord-s-8-m-12-kg\/#primaryimage"},"image":{"@id":"https:\/\/zoo-land.az\/ru\/shop\/dog\/dog-accesories\/leash\/flexi-red-retractable-leash-cord-s-8-m-12-kg\/#primaryimage"},"thumbnailUrl":"https:\/\/zoo-land.az\/wp-content\/uploads\/2024\/06\/flexi_new_classic_s_cord_8m_red.jpg","datePublished":"2024-06-14T11:10:50+00:00","breadcrumb":{"@id":"https:\/\/zoo-land.az\/ru\/shop\/dog\/dog-accesories\/leash\/flexi-red-retractable-leash-cord-s-8-m-12-kg\/#breadcrumb"},"inLanguage":"ru-RU","potentialAction":[{"@type":"ReadAction","target":["https:\/\/zoo-land.az\/ru\/shop\/dog\/dog-accesories\/leash\/flexi-red-retractable-leash-cord-s-8-m-12-kg\/"]}]},{"@type":"ImageObject","inLanguage":"ru-RU","@id":"https:\/\/zoo-land.az\/ru\/shop\/dog\/dog-accesories\/leash\/flexi-red-retractable-leash-cord-s-8-m-12-kg\/#primaryimage","url":"https:\/\/zoo-land.az\/wp-content\/uploads\/2024\/06\/flexi_new_classic_s_cord_8m_red.jpg","contentUrl":"https:\/\/zoo-land.az\/wp-content\/uploads\/2024\/06\/flexi_new_classic_s_cord_8m_red.jpg","width":2450,"height":2450},{"@type":"BreadcrumbList","@id":"https:\/\/zoo-land.az\/ru\/shop\/dog\/dog-accesories\/leash\/flexi-red-retractable-leash-cord-s-8-m-12-kg\/#breadcrumb","itemListElement":[{"@type":"ListItem","position":1,"name":"Home","item":"https:\/\/zoo-land.az\/ru\/"},{"@type":"ListItem","position":2,"name":"Shop","item":"https:\/\/zoo-land.az\/ru\/"},{"@type":"ListItem","position":3,"name":"Flexi Red retractable leash Cord S 8 m 12 kg"}]},{"@type":"WebSite","@id":"https:\/\/zoo-land.az\/#website","url":"https:\/\/zoo-land.az\/","name":"Zooland.az","description":"Xo\u015fb\u0259xt ev heyvanlar\u0131n\u0131n \u00fcnvan\u0131 Zooland.az","publisher":{"@id":"https:\/\/zoo-land.az\/#organization"},"potentialAction":[{"@type":"SearchAction","target":{"@type":"EntryPoint","urlTemplate":"https:\/\/zoo-land.az\/?s={search_term_string}"},"query-input":{"@type":"PropertyValueSpecification","valueRequired":true,"valueName":"search_term_string"}}],"inLanguage":"ru-RU"},{"@type":"Organization","@id":"https:\/\/zoo-land.az\/#organization","name":"Zooland.az","url":"https:\/\/zoo-land.az\/","logo":{"@type":"ImageObject","inLanguage":"ru-RU","@id":"https:\/\/zoo-land.az\/#\/schema\/logo\/image\/","url":"https:\/\/zoo-land.az\/wp-content\/uploads\/2022\/05\/logo.svg","contentUrl":"https:\/\/zoo-land.az\/wp-content\/uploads\/2022\/05\/logo.svg","width":113,"height":46,"caption":"Zooland.az"},"image":{"@id":"https:\/\/zoo-land.az\/#\/schema\/logo\/image\/"}}]}},"_links":{"self":[{"href":"https:\/\/zoo-land.az\/ru\/wp-json\/wp\/v2\/product\/23614","targetHints":{"allow":["GET"]}}],"collection":[{"href":"https:\/\/zoo-land.az\/ru\/wp-json\/wp\/v2\/product"}],"about":[{"href":"https:\/\/zoo-land.az\/ru\/wp-json\/wp\/v2\/types\/product"}],"wp:featuredmedia":[{"embeddable":true,"href":"https:\/\/zoo-land.az\/ru\/wp-json\/wp\/v2\/media\/23615"}],"wp:attachment":[{"href":"https:\/\/zoo-land.az\/ru\/wp-json\/wp\/v2\/media?parent=23614"}],"wp:term":[{"taxonomy":"product_cat","embeddable":true,"href":"https:\/\/zoo-land.az\/ru\/wp-json\/wp\/v2\/product_cat?post=23614"},{"taxonomy":"product_tag","embeddable":true,"href":"https:\/\/zoo-land.az\/ru\/wp-json\/wp\/v2\/product_tag?post=23614"}],"curies":[{"name":"wp","href":"https:\/\/api.w.org\/{rel}","templated":true}]}}