{"id":23620,"date":"2024-06-14T11:17:56","date_gmt":"2024-06-14T11:17:56","guid":{"rendered":"https:\/\/lightsteelblue-zebra-299715.hostingersite.com\/?post_type=product&#038;p=23620"},"modified":"2024-06-14T11:17:56","modified_gmt":"2024-06-14T11:17:56","slug":"flexi-pink-retractable-leash-xs-3-m-12-kg","status":"publish","type":"product","link":"https:\/\/zoo-land.az\/ru\/shop\/dog\/dog-accesories\/leash\/flexi-pink-retractable-leash-xs-3-m-12-kg\/","title":{"rendered":"Flexi Pink retractable leash XS 3 m 12 kg"},"content":{"rendered":"<p>New high-quality Flexi New CLASSIC retractable leashes feature a special ergonomic handle and an innovative braking system, ensuring a safe and enjoyable walk with your pet.<\/p>\n<p>Quality, functionality, safety, and exclusive design are the distinguishing features of Flexi leashes, admired by millions of dog owners worldwide for the company&#8217;s original products.<\/p>\n<p>The high-tech spring system of these retractable leashes provides the owner with an unparalleled sense of confidence and control in any situation. In addition to the reliability and smooth operation of the mechanism, these leashes boast ease of handling, high-quality materials, and meticulous hand assembly.<\/p>\n<p>The plastic handle is sturdy, durable, and impact-resistant, designed to withstand drops and mechanical damage.<\/p>\n<p>The nylon tape does not stretch, tear, or fray.<\/p>\n<p>\u041a\u043b\u044e\u0447\u0435\u0432\u0430\u044f \u043e\u0441\u043e\u0431\u0435\u043d\u043d\u043e\u0441\u0442\u044c:<\/p>\n<ul>\n<li>Tape leash<\/li>\n<li>Brake system with shortened stroke length<\/li>\n<li>Lightweight design<\/li>\n<li>Chrome-plated snap hook<\/li>\n<\/ul>\n<p>Special Features:<\/p>\n<ul>\n<li>Easy to use<\/li>\n<li>Patented locking system for effective control in every situation<\/li>\n<li>Innovative design \u2013 classic, fashionable, elegant<\/li>\n<li>Reliable retraction system to prevent leash sagging<\/li>\n<li>Maximum load capacity thanks to high-tech materials<\/li>\n<\/ul>\n<p>Length up to 3 meters, suitable for dogs weighing up to 12 kg.<\/p>\n<p>Designed for small breed dogs.<\/p>","protected":false},"excerpt":{"rendered":"<p>New high-quality Flexi New CLASSIC retractable leashes feature a special ergonomic handle and an innovative braking system, ensuring a safe and enjoyable walk with your pet.<\/p>\n<p>Quality, functionality, safety, and exclusive design are the distinguishing features of Flexi leashes, admired by millions of dog owners worldwide for the company&#8217;s original products.<\/p>\n<p>The high-tech spring system of these retractable leashes provides the owner with an unparalleled sense of confidence and control in any situation. In addition to the reliability and smooth operation of the mechanism, these leashes boast ease of handling, high-quality materials, and meticulous hand assembly.<\/p>\n<p>The plastic handle is sturdy, durable, and impact-resistant, designed to withstand drops and mechanical damage.<\/p>","protected":false},"featured_media":23621,"template":"","meta":{"inline_featured_image":false,"_joinchat":[]},"product_cat":[159,107,396],"product_tag":[],"class_list":{"0":"post-23620","1":"product","2":"type-product","3":"status-publish","4":"has-post-thumbnail","6":"product_brand-flexi","7":"product_cat-dog-accesories","8":"product_cat-dog","9":"product_cat-leash","11":"first","12":"instock","13":"shipping-taxable","14":"purchasable","15":"product-type-simple"},"yoast_head":"<!-- This site is optimized with the Yoast SEO plugin v27.4 - https:\/\/yoast.com\/product\/yoast-seo-wordpress\/ -->\n<title>Flexi Pink retractable leash XS 3 m 12 kg - Zooland.az<\/title>\n<meta name=\"robots\" content=\"index, follow, max-snippet:-1, max-image-preview:large, max-video-preview:-1\" \/>\n<link rel=\"canonical\" href=\"https:\/\/zoo-land.az\/ru\/shop\/dog\/dog-accesories\/leash\/flexi-pink-retractable-leash-xs-3-m-12-kg\/\" \/>\n<meta property=\"og:locale\" content=\"ru_RU\" \/>\n<meta property=\"og:type\" content=\"article\" \/>\n<meta property=\"og:title\" content=\"Flexi Pink retractable leash XS 3 m 12 kg - Zooland.az\" \/>\n<meta property=\"og:description\" content=\"New high-quality Flexi New CLASSIC retractable leashes feature a special ergonomic handle and an innovative braking system, ensuring a safe and enjoyable walk with your pet.  Quality, functionality, safety, and exclusive design are the distinguishing features of Flexi leashes, admired by millions of dog owners worldwide for the company&#039;s original products.  The high-tech spring system of these retractable leashes provides the owner with an unparalleled sense of confidence and control in any situation. In addition to the reliability and smooth operation of the mechanism, these leashes boast ease of handling, high-quality materials, and meticulous hand assembly.  The plastic handle is sturdy, durable, and impact-resistant, designed to withstand drops and mechanical damage.\" \/>\n<meta property=\"og:url\" content=\"https:\/\/zoo-land.az\/ru\/shop\/dog\/dog-accesories\/leash\/flexi-pink-retractable-leash-xs-3-m-12-kg\/\" \/>\n<meta property=\"og:site_name\" content=\"Zooland.az\" \/>\n<meta property=\"og:image\" content=\"https:\/\/zoo-land.az\/wp-content\/uploads\/2024\/06\/flexi_new_classic_xs_tape_3m_pink.jpg\" \/>\n\t<meta property=\"og:image:width\" content=\"2450\" \/>\n\t<meta property=\"og:image:height\" content=\"2450\" \/>\n\t<meta property=\"og:image:type\" content=\"image\/jpeg\" \/>\n<meta name=\"twitter:card\" content=\"summary_large_image\" \/>\n<meta name=\"twitter:label1\" content=\"\u041f\u0440\u0438\u043c\u0435\u0440\u043d\u043e\u0435 \u0432\u0440\u0435\u043c\u044f \u0434\u043b\u044f \u0447\u0442\u0435\u043d\u0438\u044f\" \/>\n\t<meta name=\"twitter:data1\" content=\"1 \u043c\u0438\u043d\u0443\u0442\u0430\" \/>\n<script type=\"application\/ld+json\" class=\"yoast-schema-graph\">{\"@context\":\"https:\\\/\\\/schema.org\",\"@graph\":[{\"@type\":\"WebPage\",\"@id\":\"https:\\\/\\\/zoo-land.az\\\/shop\\\/dog\\\/dog-accesories\\\/leash\\\/flexi-pink-retractable-leash-xs-3-m-12-kg\\\/\",\"url\":\"https:\\\/\\\/zoo-land.az\\\/shop\\\/dog\\\/dog-accesories\\\/leash\\\/flexi-pink-retractable-leash-xs-3-m-12-kg\\\/\",\"name\":\"Flexi Pink retractable leash XS 3 m 12 kg - Zooland.az\",\"isPartOf\":{\"@id\":\"https:\\\/\\\/zoo-land.az\\\/#website\"},\"primaryImageOfPage\":{\"@id\":\"https:\\\/\\\/zoo-land.az\\\/shop\\\/dog\\\/dog-accesories\\\/leash\\\/flexi-pink-retractable-leash-xs-3-m-12-kg\\\/#primaryimage\"},\"image\":{\"@id\":\"https:\\\/\\\/zoo-land.az\\\/shop\\\/dog\\\/dog-accesories\\\/leash\\\/flexi-pink-retractable-leash-xs-3-m-12-kg\\\/#primaryimage\"},\"thumbnailUrl\":\"https:\\\/\\\/zoo-land.az\\\/wp-content\\\/uploads\\\/2024\\\/06\\\/flexi_new_classic_xs_tape_3m_pink.jpg\",\"datePublished\":\"2024-06-14T11:17:56+00:00\",\"breadcrumb\":{\"@id\":\"https:\\\/\\\/zoo-land.az\\\/shop\\\/dog\\\/dog-accesories\\\/leash\\\/flexi-pink-retractable-leash-xs-3-m-12-kg\\\/#breadcrumb\"},\"inLanguage\":\"ru-RU\",\"potentialAction\":[{\"@type\":\"ReadAction\",\"target\":[\"https:\\\/\\\/zoo-land.az\\\/shop\\\/dog\\\/dog-accesories\\\/leash\\\/flexi-pink-retractable-leash-xs-3-m-12-kg\\\/\"]}]},{\"@type\":\"ImageObject\",\"inLanguage\":\"ru-RU\",\"@id\":\"https:\\\/\\\/zoo-land.az\\\/shop\\\/dog\\\/dog-accesories\\\/leash\\\/flexi-pink-retractable-leash-xs-3-m-12-kg\\\/#primaryimage\",\"url\":\"https:\\\/\\\/zoo-land.az\\\/wp-content\\\/uploads\\\/2024\\\/06\\\/flexi_new_classic_xs_tape_3m_pink.jpg\",\"contentUrl\":\"https:\\\/\\\/zoo-land.az\\\/wp-content\\\/uploads\\\/2024\\\/06\\\/flexi_new_classic_xs_tape_3m_pink.jpg\",\"width\":2450,\"height\":2450},{\"@type\":\"BreadcrumbList\",\"@id\":\"https:\\\/\\\/zoo-land.az\\\/shop\\\/dog\\\/dog-accesories\\\/leash\\\/flexi-pink-retractable-leash-xs-3-m-12-kg\\\/#breadcrumb\",\"itemListElement\":[{\"@type\":\"ListItem\",\"position\":1,\"name\":\"Home\",\"item\":\"https:\\\/\\\/zoo-land.az\\\/ru\\\/\"},{\"@type\":\"ListItem\",\"position\":2,\"name\":\"Shop\",\"item\":\"https:\\\/\\\/zoo-land.az\\\/ru\\\/\"},{\"@type\":\"ListItem\",\"position\":3,\"name\":\"Flexi Pink retractable leash XS 3 m 12 kg\"}]},{\"@type\":\"WebSite\",\"@id\":\"https:\\\/\\\/zoo-land.az\\\/#website\",\"url\":\"https:\\\/\\\/zoo-land.az\\\/\",\"name\":\"Zooland.az\",\"description\":\"Xo\u015fb\u0259xt ev heyvanlar\u0131n\u0131n \u00fcnvan\u0131 Zooland.az\",\"publisher\":{\"@id\":\"https:\\\/\\\/zoo-land.az\\\/#organization\"},\"potentialAction\":[{\"@type\":\"SearchAction\",\"target\":{\"@type\":\"EntryPoint\",\"urlTemplate\":\"https:\\\/\\\/zoo-land.az\\\/?s={search_term_string}\"},\"query-input\":{\"@type\":\"PropertyValueSpecification\",\"valueRequired\":true,\"valueName\":\"search_term_string\"}}],\"inLanguage\":\"ru-RU\"},{\"@type\":\"Organization\",\"@id\":\"https:\\\/\\\/zoo-land.az\\\/#organization\",\"name\":\"Zooland.az\",\"url\":\"https:\\\/\\\/zoo-land.az\\\/\",\"logo\":{\"@type\":\"ImageObject\",\"inLanguage\":\"ru-RU\",\"@id\":\"https:\\\/\\\/zoo-land.az\\\/#\\\/schema\\\/logo\\\/image\\\/\",\"url\":\"https:\\\/\\\/zoo-land.az\\\/wp-content\\\/uploads\\\/2022\\\/05\\\/logo.svg\",\"contentUrl\":\"https:\\\/\\\/zoo-land.az\\\/wp-content\\\/uploads\\\/2022\\\/05\\\/logo.svg\",\"width\":113,\"height\":46,\"caption\":\"Zooland.az\"},\"image\":{\"@id\":\"https:\\\/\\\/zoo-land.az\\\/#\\\/schema\\\/logo\\\/image\\\/\"}}]}<\/script>\n<!-- \/ Yoast SEO plugin. -->","yoast_head_json":{"title":"Flexi Pink retractable leash XS 3 m 12 kg - Zooland.az","robots":{"index":"index","follow":"follow","max-snippet":"max-snippet:-1","max-image-preview":"max-image-preview:large","max-video-preview":"max-video-preview:-1"},"canonical":"https:\/\/zoo-land.az\/ru\/shop\/dog\/dog-accesories\/leash\/flexi-pink-retractable-leash-xs-3-m-12-kg\/","og_locale":"ru_RU","og_type":"article","og_title":"Flexi Pink retractable leash XS 3 m 12 kg - Zooland.az","og_description":"New high-quality Flexi New CLASSIC retractable leashes feature a special ergonomic handle and an innovative braking system, ensuring a safe and enjoyable walk with your pet.  Quality, functionality, safety, and exclusive design are the distinguishing features of Flexi leashes, admired by millions of dog owners worldwide for the company's original products.  The high-tech spring system of these retractable leashes provides the owner with an unparalleled sense of confidence and control in any situation. In addition to the reliability and smooth operation of the mechanism, these leashes boast ease of handling, high-quality materials, and meticulous hand assembly.  The plastic handle is sturdy, durable, and impact-resistant, designed to withstand drops and mechanical damage.","og_url":"https:\/\/zoo-land.az\/ru\/shop\/dog\/dog-accesories\/leash\/flexi-pink-retractable-leash-xs-3-m-12-kg\/","og_site_name":"Zooland.az","og_image":[{"width":2450,"height":2450,"url":"https:\/\/zoo-land.az\/wp-content\/uploads\/2024\/06\/flexi_new_classic_xs_tape_3m_pink.jpg","type":"image\/jpeg"}],"twitter_card":"summary_large_image","twitter_misc":{"\u041f\u0440\u0438\u043c\u0435\u0440\u043d\u043e\u0435 \u0432\u0440\u0435\u043c\u044f \u0434\u043b\u044f \u0447\u0442\u0435\u043d\u0438\u044f":"1 \u043c\u0438\u043d\u0443\u0442\u0430"},"schema":{"@context":"https:\/\/schema.org","@graph":[{"@type":"WebPage","@id":"https:\/\/zoo-land.az\/shop\/dog\/dog-accesories\/leash\/flexi-pink-retractable-leash-xs-3-m-12-kg\/","url":"https:\/\/zoo-land.az\/shop\/dog\/dog-accesories\/leash\/flexi-pink-retractable-leash-xs-3-m-12-kg\/","name":"Flexi Pink retractable leash XS 3 m 12 kg - Zooland.az","isPartOf":{"@id":"https:\/\/zoo-land.az\/#website"},"primaryImageOfPage":{"@id":"https:\/\/zoo-land.az\/shop\/dog\/dog-accesories\/leash\/flexi-pink-retractable-leash-xs-3-m-12-kg\/#primaryimage"},"image":{"@id":"https:\/\/zoo-land.az\/shop\/dog\/dog-accesories\/leash\/flexi-pink-retractable-leash-xs-3-m-12-kg\/#primaryimage"},"thumbnailUrl":"https:\/\/zoo-land.az\/wp-content\/uploads\/2024\/06\/flexi_new_classic_xs_tape_3m_pink.jpg","datePublished":"2024-06-14T11:17:56+00:00","breadcrumb":{"@id":"https:\/\/zoo-land.az\/shop\/dog\/dog-accesories\/leash\/flexi-pink-retractable-leash-xs-3-m-12-kg\/#breadcrumb"},"inLanguage":"ru-RU","potentialAction":[{"@type":"ReadAction","target":["https:\/\/zoo-land.az\/shop\/dog\/dog-accesories\/leash\/flexi-pink-retractable-leash-xs-3-m-12-kg\/"]}]},{"@type":"ImageObject","inLanguage":"ru-RU","@id":"https:\/\/zoo-land.az\/shop\/dog\/dog-accesories\/leash\/flexi-pink-retractable-leash-xs-3-m-12-kg\/#primaryimage","url":"https:\/\/zoo-land.az\/wp-content\/uploads\/2024\/06\/flexi_new_classic_xs_tape_3m_pink.jpg","contentUrl":"https:\/\/zoo-land.az\/wp-content\/uploads\/2024\/06\/flexi_new_classic_xs_tape_3m_pink.jpg","width":2450,"height":2450},{"@type":"BreadcrumbList","@id":"https:\/\/zoo-land.az\/shop\/dog\/dog-accesories\/leash\/flexi-pink-retractable-leash-xs-3-m-12-kg\/#breadcrumb","itemListElement":[{"@type":"ListItem","position":1,"name":"Home","item":"https:\/\/zoo-land.az\/ru\/"},{"@type":"ListItem","position":2,"name":"Shop","item":"https:\/\/zoo-land.az\/ru\/"},{"@type":"ListItem","position":3,"name":"Flexi Pink retractable leash XS 3 m 12 kg"}]},{"@type":"WebSite","@id":"https:\/\/zoo-land.az\/#website","url":"https:\/\/zoo-land.az\/","name":"Zooland.az","description":"Xo\u015fb\u0259xt ev heyvanlar\u0131n\u0131n \u00fcnvan\u0131 Zooland.az","publisher":{"@id":"https:\/\/zoo-land.az\/#organization"},"potentialAction":[{"@type":"SearchAction","target":{"@type":"EntryPoint","urlTemplate":"https:\/\/zoo-land.az\/?s={search_term_string}"},"query-input":{"@type":"PropertyValueSpecification","valueRequired":true,"valueName":"search_term_string"}}],"inLanguage":"ru-RU"},{"@type":"Organization","@id":"https:\/\/zoo-land.az\/#organization","name":"Zooland.az","url":"https:\/\/zoo-land.az\/","logo":{"@type":"ImageObject","inLanguage":"ru-RU","@id":"https:\/\/zoo-land.az\/#\/schema\/logo\/image\/","url":"https:\/\/zoo-land.az\/wp-content\/uploads\/2022\/05\/logo.svg","contentUrl":"https:\/\/zoo-land.az\/wp-content\/uploads\/2022\/05\/logo.svg","width":113,"height":46,"caption":"Zooland.az"},"image":{"@id":"https:\/\/zoo-land.az\/#\/schema\/logo\/image\/"}}]}},"_links":{"self":[{"href":"https:\/\/zoo-land.az\/ru\/wp-json\/wp\/v2\/product\/23620","targetHints":{"allow":["GET"]}}],"collection":[{"href":"https:\/\/zoo-land.az\/ru\/wp-json\/wp\/v2\/product"}],"about":[{"href":"https:\/\/zoo-land.az\/ru\/wp-json\/wp\/v2\/types\/product"}],"wp:featuredmedia":[{"embeddable":true,"href":"https:\/\/zoo-land.az\/ru\/wp-json\/wp\/v2\/media\/23621"}],"wp:attachment":[{"href":"https:\/\/zoo-land.az\/ru\/wp-json\/wp\/v2\/media?parent=23620"}],"wp:term":[{"taxonomy":"product_cat","embeddable":true,"href":"https:\/\/zoo-land.az\/ru\/wp-json\/wp\/v2\/product_cat?post=23620"},{"taxonomy":"product_tag","embeddable":true,"href":"https:\/\/zoo-land.az\/ru\/wp-json\/wp\/v2\/product_tag?post=23620"}],"curies":[{"name":"wp","href":"https:\/\/api.w.org\/{rel}","templated":true}]}}