{"id":23634,"date":"2024-06-14T12:21:04","date_gmt":"2024-06-14T12:21:04","guid":{"rendered":"https:\/\/lightsteelblue-zebra-299715.hostingersite.com\/?post_type=product&#038;p=23634"},"modified":"2024-06-14T12:22:11","modified_gmt":"2024-06-14T12:22:11","slug":"veda-%d0%ba%d0%be%d1%82-%d0%b1%d0%b0%d1%8e%d0%bd-infusion-1-pcs-copy","status":"publish","type":"product","link":"https:\/\/zoo-land.az\/ru\/shop\/cat\/medications-cat\/veda-%d0%ba%d0%be%d1%82-%d0%b1%d0%b0%d1%8e%d0%bd-infusion-1-pcs-copy\/","title":{"rendered":"\u041d\u0430\u0441\u0442\u043e\u0439 \u0412\u0415\u0414\u0410 \u041a\u043e\u0442 \u0411\u0430\u044e\u043d 1 \u0448\u0442."},"content":{"rendered":"<p>Kot Bayun infusion by VEDA is made from environmentally friendly herbs. It helps calm cats and dogs in home environments. This product effectively corrects pet behavior in stress-induced situations. The medicinal ingredients, with antispasmodic, analgesic, and sedative properties, positively affect the overall condition of the animal.<\/p>","protected":false},"excerpt":{"rendered":"<p>Kot Bayun infusion by VEDA is made from environmentally friendly herbs. It helps calm cats and dogs in home environments. This product effectively corrects pet behavior in stress-induced situations. The medicinal ingredients, with antispasmodic, analgesic, and sedative properties, positively affect the overall condition of the animal.<\/p>","protected":false},"featured_media":23631,"template":"","meta":{"inline_featured_image":false,"_joinchat":[]},"product_cat":[188,390],"product_tag":[],"class_list":{"0":"post-23634","1":"product","2":"type-product","3":"status-publish","4":"has-post-thumbnail","6":"product_brand-veda","7":"product_cat-cat","8":"product_cat-medications-cat","10":"first","11":"instock","12":"shipping-taxable","13":"purchasable","14":"product-type-simple"},"yoast_head":"<!-- This site is optimized with the Yoast SEO plugin v27.4 - https:\/\/yoast.com\/product\/yoast-seo-wordpress\/ -->\n<title>VEDA \u041a\u043e\u0442 \u0411\u0430\u044e\u043d infusion 1 pcs - Zooland.az<\/title>\n<meta name=\"robots\" content=\"index, follow, max-snippet:-1, max-image-preview:large, max-video-preview:-1\" \/>\n<link rel=\"canonical\" href=\"https:\/\/zoo-land.az\/ru\/shop\/cat\/medications-cat\/veda-\u043a\u043e\u0442-\u0431\u0430\u044e\u043d-infusion-1-pcs-copy\/\" \/>\n<meta property=\"og:locale\" content=\"ru_RU\" \/>\n<meta property=\"og:type\" content=\"article\" \/>\n<meta property=\"og:title\" content=\"VEDA \u041a\u043e\u0442 \u0411\u0430\u044e\u043d infusion 1 pcs - Zooland.az\" \/>\n<meta property=\"og:description\" content=\"Kot Bayun infusion by VEDA is made from environmentally friendly herbs. It helps calm cats and dogs in home environments. This product effectively corrects pet behavior in stress-induced situations. The medicinal ingredients, with antispasmodic, analgesic, and sedative properties, positively affect the overall condition of the animal.\" \/>\n<meta property=\"og:url\" content=\"https:\/\/zoo-land.az\/ru\/shop\/cat\/medications-cat\/veda-\u043a\u043e\u0442-\u0431\u0430\u044e\u043d-infusion-1-pcs-copy\/\" \/>\n<meta property=\"og:site_name\" content=\"Zooland.az\" \/>\n<meta property=\"article:modified_time\" content=\"2024-06-14T12:22:11+00:00\" \/>\n<meta property=\"og:image\" content=\"https:\/\/zoo-land.az\/wp-content\/uploads\/2024\/06\/423zfexdxp71lgzs1b3gdwm7zo1t60cg.jpg\" \/>\n\t<meta property=\"og:image:width\" content=\"772\" \/>\n\t<meta property=\"og:image:height\" content=\"770\" \/>\n\t<meta property=\"og:image:type\" content=\"image\/jpeg\" \/>\n<meta name=\"twitter:card\" content=\"summary_large_image\" \/>\n<script type=\"application\/ld+json\" class=\"yoast-schema-graph\">{\"@context\":\"https:\\\/\\\/schema.org\",\"@graph\":[{\"@type\":\"WebPage\",\"@id\":\"https:\\\/\\\/zoo-land.az\\\/az\\\/shop\\\/cat\\\/medications-cat\\\/veda-%d0%ba%d0%be%d1%82-%d0%b1%d0%b0%d1%8e%d0%bd-infusion-1-pcs-copy\\\/\",\"url\":\"https:\\\/\\\/zoo-land.az\\\/az\\\/shop\\\/cat\\\/medications-cat\\\/veda-%d0%ba%d0%be%d1%82-%d0%b1%d0%b0%d1%8e%d0%bd-infusion-1-pcs-copy\\\/\",\"name\":\"VEDA \u041a\u043e\u0442 \u0411\u0430\u044e\u043d infusion 1 pcs - Zooland.az\",\"isPartOf\":{\"@id\":\"https:\\\/\\\/zoo-land.az\\\/#website\"},\"primaryImageOfPage\":{\"@id\":\"https:\\\/\\\/zoo-land.az\\\/az\\\/shop\\\/cat\\\/medications-cat\\\/veda-%d0%ba%d0%be%d1%82-%d0%b1%d0%b0%d1%8e%d0%bd-infusion-1-pcs-copy\\\/#primaryimage\"},\"image\":{\"@id\":\"https:\\\/\\\/zoo-land.az\\\/az\\\/shop\\\/cat\\\/medications-cat\\\/veda-%d0%ba%d0%be%d1%82-%d0%b1%d0%b0%d1%8e%d0%bd-infusion-1-pcs-copy\\\/#primaryimage\"},\"thumbnailUrl\":\"https:\\\/\\\/zoo-land.az\\\/wp-content\\\/uploads\\\/2024\\\/06\\\/423zfexdxp71lgzs1b3gdwm7zo1t60cg.jpg\",\"datePublished\":\"2024-06-14T12:21:04+00:00\",\"dateModified\":\"2024-06-14T12:22:11+00:00\",\"breadcrumb\":{\"@id\":\"https:\\\/\\\/zoo-land.az\\\/az\\\/shop\\\/cat\\\/medications-cat\\\/veda-%d0%ba%d0%be%d1%82-%d0%b1%d0%b0%d1%8e%d0%bd-infusion-1-pcs-copy\\\/#breadcrumb\"},\"inLanguage\":\"ru-RU\",\"potentialAction\":[{\"@type\":\"ReadAction\",\"target\":[\"https:\\\/\\\/zoo-land.az\\\/az\\\/shop\\\/cat\\\/medications-cat\\\/veda-%d0%ba%d0%be%d1%82-%d0%b1%d0%b0%d1%8e%d0%bd-infusion-1-pcs-copy\\\/\"]}]},{\"@type\":\"ImageObject\",\"inLanguage\":\"ru-RU\",\"@id\":\"https:\\\/\\\/zoo-land.az\\\/az\\\/shop\\\/cat\\\/medications-cat\\\/veda-%d0%ba%d0%be%d1%82-%d0%b1%d0%b0%d1%8e%d0%bd-infusion-1-pcs-copy\\\/#primaryimage\",\"url\":\"https:\\\/\\\/zoo-land.az\\\/wp-content\\\/uploads\\\/2024\\\/06\\\/423zfexdxp71lgzs1b3gdwm7zo1t60cg.jpg\",\"contentUrl\":\"https:\\\/\\\/zoo-land.az\\\/wp-content\\\/uploads\\\/2024\\\/06\\\/423zfexdxp71lgzs1b3gdwm7zo1t60cg.jpg\",\"width\":772,\"height\":770},{\"@type\":\"BreadcrumbList\",\"@id\":\"https:\\\/\\\/zoo-land.az\\\/az\\\/shop\\\/cat\\\/medications-cat\\\/veda-%d0%ba%d0%be%d1%82-%d0%b1%d0%b0%d1%8e%d0%bd-infusion-1-pcs-copy\\\/#breadcrumb\",\"itemListElement\":[{\"@type\":\"ListItem\",\"position\":1,\"name\":\"Home\",\"item\":\"https:\\\/\\\/zoo-land.az\\\/ru\\\/\"},{\"@type\":\"ListItem\",\"position\":2,\"name\":\"Shop\",\"item\":\"https:\\\/\\\/zoo-land.az\\\/ru\\\/\"},{\"@type\":\"ListItem\",\"position\":3,\"name\":\"VEDA \u041a\u043e\u0442 \u0411\u0430\u044e\u043d infusion 1 pcs\"}]},{\"@type\":\"WebSite\",\"@id\":\"https:\\\/\\\/zoo-land.az\\\/#website\",\"url\":\"https:\\\/\\\/zoo-land.az\\\/\",\"name\":\"Zooland.az\",\"description\":\"Xo\u015fb\u0259xt ev heyvanlar\u0131n\u0131n \u00fcnvan\u0131 Zooland.az\",\"publisher\":{\"@id\":\"https:\\\/\\\/zoo-land.az\\\/#organization\"},\"potentialAction\":[{\"@type\":\"SearchAction\",\"target\":{\"@type\":\"EntryPoint\",\"urlTemplate\":\"https:\\\/\\\/zoo-land.az\\\/?s={search_term_string}\"},\"query-input\":{\"@type\":\"PropertyValueSpecification\",\"valueRequired\":true,\"valueName\":\"search_term_string\"}}],\"inLanguage\":\"ru-RU\"},{\"@type\":\"Organization\",\"@id\":\"https:\\\/\\\/zoo-land.az\\\/#organization\",\"name\":\"Zooland.az\",\"url\":\"https:\\\/\\\/zoo-land.az\\\/\",\"logo\":{\"@type\":\"ImageObject\",\"inLanguage\":\"ru-RU\",\"@id\":\"https:\\\/\\\/zoo-land.az\\\/#\\\/schema\\\/logo\\\/image\\\/\",\"url\":\"https:\\\/\\\/zoo-land.az\\\/wp-content\\\/uploads\\\/2022\\\/05\\\/logo.svg\",\"contentUrl\":\"https:\\\/\\\/zoo-land.az\\\/wp-content\\\/uploads\\\/2022\\\/05\\\/logo.svg\",\"width\":113,\"height\":46,\"caption\":\"Zooland.az\"},\"image\":{\"@id\":\"https:\\\/\\\/zoo-land.az\\\/#\\\/schema\\\/logo\\\/image\\\/\"}}]}<\/script>\n<!-- \/ Yoast SEO plugin. -->","yoast_head_json":{"title":"VEDA \u041a\u043e\u0442 \u0411\u0430\u044e\u043d infusion 1 pcs - Zooland.az","robots":{"index":"index","follow":"follow","max-snippet":"max-snippet:-1","max-image-preview":"max-image-preview:large","max-video-preview":"max-video-preview:-1"},"canonical":"https:\/\/zoo-land.az\/ru\/shop\/cat\/medications-cat\/veda-\u043a\u043e\u0442-\u0431\u0430\u044e\u043d-infusion-1-pcs-copy\/","og_locale":"ru_RU","og_type":"article","og_title":"VEDA \u041a\u043e\u0442 \u0411\u0430\u044e\u043d infusion 1 pcs - Zooland.az","og_description":"Kot Bayun infusion by VEDA is made from environmentally friendly herbs. It helps calm cats and dogs in home environments. This product effectively corrects pet behavior in stress-induced situations. The medicinal ingredients, with antispasmodic, analgesic, and sedative properties, positively affect the overall condition of the animal.","og_url":"https:\/\/zoo-land.az\/ru\/shop\/cat\/medications-cat\/veda-\u043a\u043e\u0442-\u0431\u0430\u044e\u043d-infusion-1-pcs-copy\/","og_site_name":"Zooland.az","article_modified_time":"2024-06-14T12:22:11+00:00","og_image":[{"width":772,"height":770,"url":"https:\/\/zoo-land.az\/wp-content\/uploads\/2024\/06\/423zfexdxp71lgzs1b3gdwm7zo1t60cg.jpg","type":"image\/jpeg"}],"twitter_card":"summary_large_image","schema":{"@context":"https:\/\/schema.org","@graph":[{"@type":"WebPage","@id":"https:\/\/zoo-land.az\/az\/shop\/cat\/medications-cat\/veda-%d0%ba%d0%be%d1%82-%d0%b1%d0%b0%d1%8e%d0%bd-infusion-1-pcs-copy\/","url":"https:\/\/zoo-land.az\/az\/shop\/cat\/medications-cat\/veda-%d0%ba%d0%be%d1%82-%d0%b1%d0%b0%d1%8e%d0%bd-infusion-1-pcs-copy\/","name":"VEDA \u041a\u043e\u0442 \u0411\u0430\u044e\u043d infusion 1 pcs - Zooland.az","isPartOf":{"@id":"https:\/\/zoo-land.az\/#website"},"primaryImageOfPage":{"@id":"https:\/\/zoo-land.az\/az\/shop\/cat\/medications-cat\/veda-%d0%ba%d0%be%d1%82-%d0%b1%d0%b0%d1%8e%d0%bd-infusion-1-pcs-copy\/#primaryimage"},"image":{"@id":"https:\/\/zoo-land.az\/az\/shop\/cat\/medications-cat\/veda-%d0%ba%d0%be%d1%82-%d0%b1%d0%b0%d1%8e%d0%bd-infusion-1-pcs-copy\/#primaryimage"},"thumbnailUrl":"https:\/\/zoo-land.az\/wp-content\/uploads\/2024\/06\/423zfexdxp71lgzs1b3gdwm7zo1t60cg.jpg","datePublished":"2024-06-14T12:21:04+00:00","dateModified":"2024-06-14T12:22:11+00:00","breadcrumb":{"@id":"https:\/\/zoo-land.az\/az\/shop\/cat\/medications-cat\/veda-%d0%ba%d0%be%d1%82-%d0%b1%d0%b0%d1%8e%d0%bd-infusion-1-pcs-copy\/#breadcrumb"},"inLanguage":"ru-RU","potentialAction":[{"@type":"ReadAction","target":["https:\/\/zoo-land.az\/az\/shop\/cat\/medications-cat\/veda-%d0%ba%d0%be%d1%82-%d0%b1%d0%b0%d1%8e%d0%bd-infusion-1-pcs-copy\/"]}]},{"@type":"ImageObject","inLanguage":"ru-RU","@id":"https:\/\/zoo-land.az\/az\/shop\/cat\/medications-cat\/veda-%d0%ba%d0%be%d1%82-%d0%b1%d0%b0%d1%8e%d0%bd-infusion-1-pcs-copy\/#primaryimage","url":"https:\/\/zoo-land.az\/wp-content\/uploads\/2024\/06\/423zfexdxp71lgzs1b3gdwm7zo1t60cg.jpg","contentUrl":"https:\/\/zoo-land.az\/wp-content\/uploads\/2024\/06\/423zfexdxp71lgzs1b3gdwm7zo1t60cg.jpg","width":772,"height":770},{"@type":"BreadcrumbList","@id":"https:\/\/zoo-land.az\/az\/shop\/cat\/medications-cat\/veda-%d0%ba%d0%be%d1%82-%d0%b1%d0%b0%d1%8e%d0%bd-infusion-1-pcs-copy\/#breadcrumb","itemListElement":[{"@type":"ListItem","position":1,"name":"Home","item":"https:\/\/zoo-land.az\/ru\/"},{"@type":"ListItem","position":2,"name":"Shop","item":"https:\/\/zoo-land.az\/ru\/"},{"@type":"ListItem","position":3,"name":"VEDA \u041a\u043e\u0442 \u0411\u0430\u044e\u043d infusion 1 pcs"}]},{"@type":"WebSite","@id":"https:\/\/zoo-land.az\/#website","url":"https:\/\/zoo-land.az\/","name":"Zooland.az","description":"Xo\u015fb\u0259xt ev heyvanlar\u0131n\u0131n \u00fcnvan\u0131 Zooland.az","publisher":{"@id":"https:\/\/zoo-land.az\/#organization"},"potentialAction":[{"@type":"SearchAction","target":{"@type":"EntryPoint","urlTemplate":"https:\/\/zoo-land.az\/?s={search_term_string}"},"query-input":{"@type":"PropertyValueSpecification","valueRequired":true,"valueName":"search_term_string"}}],"inLanguage":"ru-RU"},{"@type":"Organization","@id":"https:\/\/zoo-land.az\/#organization","name":"Zooland.az","url":"https:\/\/zoo-land.az\/","logo":{"@type":"ImageObject","inLanguage":"ru-RU","@id":"https:\/\/zoo-land.az\/#\/schema\/logo\/image\/","url":"https:\/\/zoo-land.az\/wp-content\/uploads\/2022\/05\/logo.svg","contentUrl":"https:\/\/zoo-land.az\/wp-content\/uploads\/2022\/05\/logo.svg","width":113,"height":46,"caption":"Zooland.az"},"image":{"@id":"https:\/\/zoo-land.az\/#\/schema\/logo\/image\/"}}]}},"_links":{"self":[{"href":"https:\/\/zoo-land.az\/ru\/wp-json\/wp\/v2\/product\/23634","targetHints":{"allow":["GET"]}}],"collection":[{"href":"https:\/\/zoo-land.az\/ru\/wp-json\/wp\/v2\/product"}],"about":[{"href":"https:\/\/zoo-land.az\/ru\/wp-json\/wp\/v2\/types\/product"}],"wp:featuredmedia":[{"embeddable":true,"href":"https:\/\/zoo-land.az\/ru\/wp-json\/wp\/v2\/media\/23631"}],"wp:attachment":[{"href":"https:\/\/zoo-land.az\/ru\/wp-json\/wp\/v2\/media?parent=23634"}],"wp:term":[{"taxonomy":"product_cat","embeddable":true,"href":"https:\/\/zoo-land.az\/ru\/wp-json\/wp\/v2\/product_cat?post=23634"},{"taxonomy":"product_tag","embeddable":true,"href":"https:\/\/zoo-land.az\/ru\/wp-json\/wp\/v2\/product_tag?post=23634"}],"curies":[{"name":"wp","href":"https:\/\/api.w.org\/{rel}","templated":true}]}}