{"id":23678,"date":"2024-06-14T16:05:31","date_gmt":"2024-06-14T16:05:31","guid":{"rendered":"https:\/\/lightsteelblue-zebra-299715.hostingersite.com\/?post_type=product&#038;p=23678"},"modified":"2024-06-14T16:05:32","modified_gmt":"2024-06-14T16:05:32","slug":"flexi-pink-leash-s-5-m-12-kg","status":"publish","type":"product","link":"https:\/\/zoo-land.az\/ru\/shop\/dog\/dog-accesories\/leash\/flexi-pink-leash-s-5-m-12-kg\/","title":{"rendered":"Flexi Pink Leash S 5 m 12 kg"},"content":{"rendered":"<p>The new high-quality Flexi New Classic retractable leashes feature a special ergonomic handle and an innovative braking system, making your walks with your pet not only safe but also enjoyable. Quality, functionality, safety, and exclusive design are the distinctive features of Flexi leashes. Millions of dog owners worldwide admire the original products of the brand.<\/p>\n<p>The high-tech spring system of the retractable leashes provides the owner with an unparalleled sense of confidence and control. Alongside the reliability and smoothness of the mechanism, these leashes boast comfort in handling, high-quality materials, and exemplary craftsmanship.<\/p>\n<p>The plastic handle is durable, wear-resistant, and impact-resistant, unaffected by drops and mechanical damage. The leash cord does not stretch, tear, or fray. The leash ends with a strap and a carabiner, making it easy to keep your dog close.<\/p>\n<p><strong>\u041a\u043b\u044e\u0447\u0435\u0432\u0430\u044f \u043e\u0441\u043e\u0431\u0435\u043d\u043d\u043e\u0441\u0442\u044c:<\/strong><\/p>\n<ul>\n<li>Cord leash<\/li>\n<li>Braking system with a shortened stroke length<\/li>\n<li>Reflective elements<\/li>\n<li>Chrome clasp<\/li>\n<\/ul>\n<p><strong>Special Features:<\/strong><\/p>\n<ul>\n<li>Ease of use<\/li>\n<li>Patented locking system for effective control in any situation<\/li>\n<li>Innovative design &#8211; classic, stylish, elegant<\/li>\n<li>Reliable retraction system to avoid leash sagging<\/li>\n<li>Maximum load capacity thanks to high-tech materials<\/li>\n<\/ul>\n<p>Length: Up to 5 meters, for dogs weighing up to 12 kg. Designed for small breed dogs.<\/p>","protected":false},"excerpt":{"rendered":"<p>The new high-quality Flexi New Classic retractable leashes feature a special ergonomic handle and an innovative braking system, making your walks with your pet not only safe but also enjoyable. Quality, functionality, safety, and exclusive design are the distinctive features of Flexi leashes. Millions of dog owners worldwide admire the original products of the brand.<\/p>","protected":false},"featured_media":23679,"template":"","meta":{"inline_featured_image":false,"_joinchat":[]},"product_cat":[159,107,396],"product_tag":[],"class_list":{"0":"post-23678","1":"product","2":"type-product","3":"status-publish","4":"has-post-thumbnail","6":"product_brand-flexi","7":"product_cat-dog-accesories","8":"product_cat-dog","9":"product_cat-leash","11":"first","12":"instock","13":"shipping-taxable","14":"purchasable","15":"product-type-simple"},"yoast_head":"<!-- This site is optimized with the Yoast SEO plugin v26.7 - https:\/\/yoast.com\/wordpress\/plugins\/seo\/ -->\n<title>Flexi Pink Leash S 5 m 12 kg - Zooland.az<\/title>\n<meta name=\"robots\" content=\"index, follow, max-snippet:-1, max-image-preview:large, max-video-preview:-1\" \/>\n<link rel=\"canonical\" href=\"https:\/\/zoo-land.az\/ru\/shop\/dog\/dog-accesories\/leash\/flexi-pink-leash-s-5-m-12-kg\/\" \/>\n<meta property=\"og:locale\" content=\"ru_RU\" \/>\n<meta property=\"og:type\" content=\"article\" \/>\n<meta property=\"og:title\" content=\"Flexi Pink Leash S 5 m 12 kg - Zooland.az\" \/>\n<meta property=\"og:description\" content=\"The new high-quality Flexi New Classic retractable leashes feature a special ergonomic handle and an innovative braking system, making your walks with your pet not only safe but also enjoyable. Quality, functionality, safety, and exclusive design are the distinctive features of Flexi leashes. Millions of dog owners worldwide admire the original products of the brand.\" \/>\n<meta property=\"og:url\" content=\"https:\/\/zoo-land.az\/ru\/shop\/dog\/dog-accesories\/leash\/flexi-pink-leash-s-5-m-12-kg\/\" \/>\n<meta property=\"og:site_name\" content=\"Zooland.az\" \/>\n<meta property=\"article:modified_time\" content=\"2024-06-14T16:05:32+00:00\" \/>\n<meta property=\"og:image\" content=\"https:\/\/zoo-land.az\/wp-content\/uploads\/2024\/06\/1qfsapu8s0ue9x27ov80c02hi83jvqy5.jpg\" \/>\n\t<meta property=\"og:image:width\" content=\"2000\" \/>\n\t<meta property=\"og:image:height\" content=\"2000\" \/>\n\t<meta property=\"og:image:type\" content=\"image\/jpeg\" \/>\n<meta name=\"twitter:card\" content=\"summary_large_image\" \/>\n<meta name=\"twitter:label1\" content=\"\u041f\u0440\u0438\u043c\u0435\u0440\u043d\u043e\u0435 \u0432\u0440\u0435\u043c\u044f \u0434\u043b\u044f \u0447\u0442\u0435\u043d\u0438\u044f\" \/>\n\t<meta name=\"twitter:data1\" content=\"1 \u043c\u0438\u043d\u0443\u0442\u0430\" \/>\n<script type=\"application\/ld+json\" class=\"yoast-schema-graph\">{\"@context\":\"https:\/\/schema.org\",\"@graph\":[{\"@type\":\"WebPage\",\"@id\":\"https:\/\/zoo-land.az\/shop\/dog\/dog-accesories\/leash\/flexi-pink-leash-s-5-m-12-kg\/\",\"url\":\"https:\/\/zoo-land.az\/shop\/dog\/dog-accesories\/leash\/flexi-pink-leash-s-5-m-12-kg\/\",\"name\":\"Flexi Pink Leash S 5 m 12 kg - Zooland.az\",\"isPartOf\":{\"@id\":\"https:\/\/zoo-land.az\/#website\"},\"primaryImageOfPage\":{\"@id\":\"https:\/\/zoo-land.az\/shop\/dog\/dog-accesories\/leash\/flexi-pink-leash-s-5-m-12-kg\/#primaryimage\"},\"image\":{\"@id\":\"https:\/\/zoo-land.az\/shop\/dog\/dog-accesories\/leash\/flexi-pink-leash-s-5-m-12-kg\/#primaryimage\"},\"thumbnailUrl\":\"https:\/\/zoo-land.az\/wp-content\/uploads\/2024\/06\/1qfsapu8s0ue9x27ov80c02hi83jvqy5.jpg\",\"datePublished\":\"2024-06-14T16:05:31+00:00\",\"dateModified\":\"2024-06-14T16:05:32+00:00\",\"breadcrumb\":{\"@id\":\"https:\/\/zoo-land.az\/shop\/dog\/dog-accesories\/leash\/flexi-pink-leash-s-5-m-12-kg\/#breadcrumb\"},\"inLanguage\":\"ru-RU\",\"potentialAction\":[{\"@type\":\"ReadAction\",\"target\":[\"https:\/\/zoo-land.az\/shop\/dog\/dog-accesories\/leash\/flexi-pink-leash-s-5-m-12-kg\/\"]}]},{\"@type\":\"ImageObject\",\"inLanguage\":\"ru-RU\",\"@id\":\"https:\/\/zoo-land.az\/shop\/dog\/dog-accesories\/leash\/flexi-pink-leash-s-5-m-12-kg\/#primaryimage\",\"url\":\"https:\/\/zoo-land.az\/wp-content\/uploads\/2024\/06\/1qfsapu8s0ue9x27ov80c02hi83jvqy5.jpg\",\"contentUrl\":\"https:\/\/zoo-land.az\/wp-content\/uploads\/2024\/06\/1qfsapu8s0ue9x27ov80c02hi83jvqy5.jpg\",\"width\":2000,\"height\":2000},{\"@type\":\"BreadcrumbList\",\"@id\":\"https:\/\/zoo-land.az\/shop\/dog\/dog-accesories\/leash\/flexi-pink-leash-s-5-m-12-kg\/#breadcrumb\",\"itemListElement\":[{\"@type\":\"ListItem\",\"position\":1,\"name\":\"Home\",\"item\":\"https:\/\/zoo-land.az\/ru\/\"},{\"@type\":\"ListItem\",\"position\":2,\"name\":\"Shop\",\"item\":\"https:\/\/zoo-land.az\/ru\/\"},{\"@type\":\"ListItem\",\"position\":3,\"name\":\"Flexi Pink Leash S 5 m 12 kg\"}]},{\"@type\":\"WebSite\",\"@id\":\"https:\/\/zoo-land.az\/#website\",\"url\":\"https:\/\/zoo-land.az\/\",\"name\":\"Zooland.az\",\"description\":\"Xo\u015fb\u0259xt ev heyvanlar\u0131n\u0131n \u00fcnvan\u0131 Zooland.az\",\"publisher\":{\"@id\":\"https:\/\/zoo-land.az\/#organization\"},\"potentialAction\":[{\"@type\":\"SearchAction\",\"target\":{\"@type\":\"EntryPoint\",\"urlTemplate\":\"https:\/\/zoo-land.az\/?s={search_term_string}\"},\"query-input\":{\"@type\":\"PropertyValueSpecification\",\"valueRequired\":true,\"valueName\":\"search_term_string\"}}],\"inLanguage\":\"ru-RU\"},{\"@type\":\"Organization\",\"@id\":\"https:\/\/zoo-land.az\/#organization\",\"name\":\"Zooland.az\",\"url\":\"https:\/\/zoo-land.az\/\",\"logo\":{\"@type\":\"ImageObject\",\"inLanguage\":\"ru-RU\",\"@id\":\"https:\/\/zoo-land.az\/#\/schema\/logo\/image\/\",\"url\":\"https:\/\/zoo-land.az\/wp-content\/uploads\/2022\/05\/logo.svg\",\"contentUrl\":\"https:\/\/zoo-land.az\/wp-content\/uploads\/2022\/05\/logo.svg\",\"width\":113,\"height\":46,\"caption\":\"Zooland.az\"},\"image\":{\"@id\":\"https:\/\/zoo-land.az\/#\/schema\/logo\/image\/\"}}]}<\/script>\n<!-- \/ Yoast SEO plugin. -->","yoast_head_json":{"title":"Flexi Pink Leash S 5 m 12 kg - Zooland.az","robots":{"index":"index","follow":"follow","max-snippet":"max-snippet:-1","max-image-preview":"max-image-preview:large","max-video-preview":"max-video-preview:-1"},"canonical":"https:\/\/zoo-land.az\/ru\/shop\/dog\/dog-accesories\/leash\/flexi-pink-leash-s-5-m-12-kg\/","og_locale":"ru_RU","og_type":"article","og_title":"Flexi Pink Leash S 5 m 12 kg - Zooland.az","og_description":"The new high-quality Flexi New Classic retractable leashes feature a special ergonomic handle and an innovative braking system, making your walks with your pet not only safe but also enjoyable. Quality, functionality, safety, and exclusive design are the distinctive features of Flexi leashes. Millions of dog owners worldwide admire the original products of the brand.","og_url":"https:\/\/zoo-land.az\/ru\/shop\/dog\/dog-accesories\/leash\/flexi-pink-leash-s-5-m-12-kg\/","og_site_name":"Zooland.az","article_modified_time":"2024-06-14T16:05:32+00:00","og_image":[{"width":2000,"height":2000,"url":"https:\/\/zoo-land.az\/wp-content\/uploads\/2024\/06\/1qfsapu8s0ue9x27ov80c02hi83jvqy5.jpg","type":"image\/jpeg"}],"twitter_card":"summary_large_image","twitter_misc":{"\u041f\u0440\u0438\u043c\u0435\u0440\u043d\u043e\u0435 \u0432\u0440\u0435\u043c\u044f \u0434\u043b\u044f \u0447\u0442\u0435\u043d\u0438\u044f":"1 \u043c\u0438\u043d\u0443\u0442\u0430"},"schema":{"@context":"https:\/\/schema.org","@graph":[{"@type":"WebPage","@id":"https:\/\/zoo-land.az\/shop\/dog\/dog-accesories\/leash\/flexi-pink-leash-s-5-m-12-kg\/","url":"https:\/\/zoo-land.az\/shop\/dog\/dog-accesories\/leash\/flexi-pink-leash-s-5-m-12-kg\/","name":"Flexi Pink Leash S 5 m 12 kg - Zooland.az","isPartOf":{"@id":"https:\/\/zoo-land.az\/#website"},"primaryImageOfPage":{"@id":"https:\/\/zoo-land.az\/shop\/dog\/dog-accesories\/leash\/flexi-pink-leash-s-5-m-12-kg\/#primaryimage"},"image":{"@id":"https:\/\/zoo-land.az\/shop\/dog\/dog-accesories\/leash\/flexi-pink-leash-s-5-m-12-kg\/#primaryimage"},"thumbnailUrl":"https:\/\/zoo-land.az\/wp-content\/uploads\/2024\/06\/1qfsapu8s0ue9x27ov80c02hi83jvqy5.jpg","datePublished":"2024-06-14T16:05:31+00:00","dateModified":"2024-06-14T16:05:32+00:00","breadcrumb":{"@id":"https:\/\/zoo-land.az\/shop\/dog\/dog-accesories\/leash\/flexi-pink-leash-s-5-m-12-kg\/#breadcrumb"},"inLanguage":"ru-RU","potentialAction":[{"@type":"ReadAction","target":["https:\/\/zoo-land.az\/shop\/dog\/dog-accesories\/leash\/flexi-pink-leash-s-5-m-12-kg\/"]}]},{"@type":"ImageObject","inLanguage":"ru-RU","@id":"https:\/\/zoo-land.az\/shop\/dog\/dog-accesories\/leash\/flexi-pink-leash-s-5-m-12-kg\/#primaryimage","url":"https:\/\/zoo-land.az\/wp-content\/uploads\/2024\/06\/1qfsapu8s0ue9x27ov80c02hi83jvqy5.jpg","contentUrl":"https:\/\/zoo-land.az\/wp-content\/uploads\/2024\/06\/1qfsapu8s0ue9x27ov80c02hi83jvqy5.jpg","width":2000,"height":2000},{"@type":"BreadcrumbList","@id":"https:\/\/zoo-land.az\/shop\/dog\/dog-accesories\/leash\/flexi-pink-leash-s-5-m-12-kg\/#breadcrumb","itemListElement":[{"@type":"ListItem","position":1,"name":"Home","item":"https:\/\/zoo-land.az\/ru\/"},{"@type":"ListItem","position":2,"name":"Shop","item":"https:\/\/zoo-land.az\/ru\/"},{"@type":"ListItem","position":3,"name":"Flexi Pink Leash S 5 m 12 kg"}]},{"@type":"WebSite","@id":"https:\/\/zoo-land.az\/#website","url":"https:\/\/zoo-land.az\/","name":"Zooland.az","description":"Xo\u015fb\u0259xt ev heyvanlar\u0131n\u0131n \u00fcnvan\u0131 Zooland.az","publisher":{"@id":"https:\/\/zoo-land.az\/#organization"},"potentialAction":[{"@type":"SearchAction","target":{"@type":"EntryPoint","urlTemplate":"https:\/\/zoo-land.az\/?s={search_term_string}"},"query-input":{"@type":"PropertyValueSpecification","valueRequired":true,"valueName":"search_term_string"}}],"inLanguage":"ru-RU"},{"@type":"Organization","@id":"https:\/\/zoo-land.az\/#organization","name":"Zooland.az","url":"https:\/\/zoo-land.az\/","logo":{"@type":"ImageObject","inLanguage":"ru-RU","@id":"https:\/\/zoo-land.az\/#\/schema\/logo\/image\/","url":"https:\/\/zoo-land.az\/wp-content\/uploads\/2022\/05\/logo.svg","contentUrl":"https:\/\/zoo-land.az\/wp-content\/uploads\/2022\/05\/logo.svg","width":113,"height":46,"caption":"Zooland.az"},"image":{"@id":"https:\/\/zoo-land.az\/#\/schema\/logo\/image\/"}}]}},"_links":{"self":[{"href":"https:\/\/zoo-land.az\/ru\/wp-json\/wp\/v2\/product\/23678","targetHints":{"allow":["GET"]}}],"collection":[{"href":"https:\/\/zoo-land.az\/ru\/wp-json\/wp\/v2\/product"}],"about":[{"href":"https:\/\/zoo-land.az\/ru\/wp-json\/wp\/v2\/types\/product"}],"wp:featuredmedia":[{"embeddable":true,"href":"https:\/\/zoo-land.az\/ru\/wp-json\/wp\/v2\/media\/23679"}],"wp:attachment":[{"href":"https:\/\/zoo-land.az\/ru\/wp-json\/wp\/v2\/media?parent=23678"}],"wp:term":[{"taxonomy":"product_cat","embeddable":true,"href":"https:\/\/zoo-land.az\/ru\/wp-json\/wp\/v2\/product_cat?post=23678"},{"taxonomy":"product_tag","embeddable":true,"href":"https:\/\/zoo-land.az\/ru\/wp-json\/wp\/v2\/product_tag?post=23678"}],"curies":[{"name":"wp","href":"https:\/\/api.w.org\/{rel}","templated":true}]}}