{"id":23695,"date":"2024-06-14T16:26:12","date_gmt":"2024-06-14T16:26:12","guid":{"rendered":"https:\/\/lightsteelblue-zebra-299715.hostingersite.com\/?post_type=product&#038;p=23695"},"modified":"2024-06-14T16:26:42","modified_gmt":"2024-06-14T16:26:42","slug":"np-sensitive-digestion-poultry-1-kg","status":"publish","type":"product","link":"https:\/\/zoo-land.az\/ru\/shop\/cat\/cat-foods\/np-sensitive-digestion-poultry-1-kg\/","title":{"rendered":"NP Sensitive Digestion Poultry 1 kg"},"content":{"rendered":"<p><strong>Nature&#8217;s Protection Sensitive Digestion Poultry<\/strong> <strong>COMPLETE DRY FOOD WITH POULTRY FOR ADULT CATS WITH SENSITIVE DIGESTIVE SYSTEMS<\/strong><\/p>\n<p>From 1 year of age.<\/p>\n<ul>\n<li>100% complete and balanced nutrition specifically designed for cats with particularly delicate digestive systems.<\/li>\n<li>All ingredients are specially selected to avoid overloading the stomach or intestines.<\/li>\n<li>Special easily digestible sources of protein (turkey) and carbohydrates (potatoes, barley).<\/li>\n<li>Plant extracts, nutraceuticals, and natural sources of fiber further enhance the digestibility of the food.<\/li>\n<li>Exceptionally tasty and highly digestible food.<\/li>\n<li>Properly balanced ingredients help support the body&#8217;s natural defense system.<\/li>\n<\/ul>\n<p><strong>\u0418\u043d\u0433\u0440\u0435\u0434\u0438\u0435\u043d\u0442\u044b:<\/strong> poultry meat 43% (dried and finely ground), dried potato pulp, rice, poultry fat, corn, beet pulp, hydrolyzed chicken liver, dynamically micronized clinoptilolite (1%), brewer&#8217;s yeast, salmon oil, chicory extract, mannan-oligosaccharides (MOS), potassium chloride, yucca extract.<\/p>\n<p><strong>Additives per kg:<\/strong> dietary additives: vitamin A (3a672a) \u2013 25,000 IU, vitamin D3 (3a671) \u2013 1,875 IU, vitamin E (3a700) \u2013 688 mg, folic acid (3a316) \u2013 2.5 mg, biotin (3a880) \u2013 0.19 mg, niacin (3a314) \u2013 94 mg, vitamin B6 (3a831) \u2013 5 mg, vitamin B1 \u2013 6.25 mg, iron(II) sulfate monohydrate (3b103) \u2013 62.5 mg, anhydrous calcium iodate (3b202) \u2013 1.9 mg, copper(II) sulfate pentahydrate (3b405) \u2013 6.3 mg, manganese(II) sulfate monohydrate (3b503) \u2013 25 mg, zinc sulfate monohydrate (3b605) \u2013 144 mg, sodium selenite (3b801) \u2013 0.13 mg, taurine (3a370) \u2013 1,250 mg, DL-methionine, technologically pure (3c301) \u2013 5 g, L-carnitine (3a910) \u2013 100 mg.<\/p>\n<p><strong>Technological additives:<\/strong> rosemary extract, tocopherol extracts from vegetable oils (1b306(i)).<\/p>\n<p><strong>Analytical Constituents:<\/strong> crude protein \u2013 32%, crude oils and fats \u2013 20%, crude ash \u2013 8.4%, crude fiber \u2013 2.4%, calcium \u2013 1.4%, phosphorus \u2013 1%, potassium \u2013 0.7%, sodium \u2013 0.4%, omega-3 fatty acids \u2013 0.38%, omega-6 fatty acids \u2013 2.72%.<\/p>","protected":false},"excerpt":{"rendered":"<p><strong>Nature&#8217;s Protection Sensitive Digestion Poultry<\/strong> <strong>COMPLETE DRY FOOD WITH POULTRY FOR ADULT CATS WITH SENSITIVE DIGESTIVE SYSTEMS<\/strong><\/p>\n<p>From 1 year of age.<\/p>\n<ul>\n<li>100% complete and balanced nutrition specifically designed for cats with particularly delicate digestive systems.<\/li>\n<li>All ingredients are specially selected to avoid overloading the stomach or intestines.<\/li>\n<li>Special easily digestible sources of protein (turkey) and carbohydrates (potatoes, barley).<\/li>\n<li>Plant extracts, nutraceuticals, and natural sources of fiber further enhance the digestibility of the food.<\/li>\n<li>Exceptionally tasty and highly digestible food.<\/li>\n<li>Properly balanced ingredients help support the body&#8217;s natural defense system.<\/li>\n<\/ul>","protected":false},"featured_media":22950,"template":"","meta":{"inline_featured_image":false,"_joinchat":[]},"product_cat":[189,188],"product_tag":[],"class_list":{"0":"post-23695","1":"product","2":"type-product","3":"status-publish","4":"has-post-thumbnail","6":"product_brand-natures-protection","7":"product_cat-cat-foods","8":"product_cat-cat","10":"first","11":"instock","12":"shipping-taxable","13":"purchasable","14":"product-type-simple"},"yoast_head":"<!-- This site is optimized with the Yoast SEO plugin v26.7 - https:\/\/yoast.com\/wordpress\/plugins\/seo\/ -->\n<title>NP Sensitive Digestion Poultry 1 kg - Zooland.az<\/title>\n<meta name=\"robots\" content=\"index, follow, max-snippet:-1, max-image-preview:large, max-video-preview:-1\" \/>\n<link rel=\"canonical\" href=\"https:\/\/zoo-land.az\/ru\/shop\/cat\/cat-foods\/np-sensitive-digestion-poultry-1-kg\/\" \/>\n<meta property=\"og:locale\" content=\"ru_RU\" \/>\n<meta property=\"og:type\" content=\"article\" \/>\n<meta property=\"og:title\" content=\"NP Sensitive Digestion Poultry 1 kg - Zooland.az\" \/>\n<meta property=\"og:description\" content=\"Nature&#039;s Protection Sensitive Digestion Poultry COMPLETE DRY FOOD WITH POULTRY FOR ADULT CATS WITH SENSITIVE DIGESTIVE SYSTEMS  From 1 year of age.   100% complete and balanced nutrition specifically designed for cats with particularly delicate digestive systems.  All ingredients are specially selected to avoid overloading the stomach or intestines.  Special easily digestible sources of protein (turkey) and carbohydrates (potatoes, barley).  Plant extracts, nutraceuticals, and natural sources of fiber further enhance the digestibility of the food.  Exceptionally tasty and highly digestible food.  Properly balanced ingredients help support the body&#039;s natural defense system.\" \/>\n<meta property=\"og:url\" content=\"https:\/\/zoo-land.az\/ru\/shop\/cat\/cat-foods\/np-sensitive-digestion-poultry-1-kg\/\" \/>\n<meta property=\"og:site_name\" content=\"Zooland.az\" \/>\n<meta property=\"article:modified_time\" content=\"2024-06-14T16:26:42+00:00\" \/>\n<meta property=\"og:image\" content=\"https:\/\/zoo-land.az\/wp-content\/uploads\/2024\/06\/020223_np_sensitive_digestion_7kg.jpg\" \/>\n\t<meta property=\"og:image:width\" content=\"1000\" \/>\n\t<meta property=\"og:image:height\" content=\"1320\" \/>\n\t<meta property=\"og:image:type\" content=\"image\/jpeg\" \/>\n<meta name=\"twitter:card\" content=\"summary_large_image\" \/>\n<meta name=\"twitter:label1\" content=\"\u041f\u0440\u0438\u043c\u0435\u0440\u043d\u043e\u0435 \u0432\u0440\u0435\u043c\u044f \u0434\u043b\u044f \u0447\u0442\u0435\u043d\u0438\u044f\" \/>\n\t<meta name=\"twitter:data1\" content=\"1 \u043c\u0438\u043d\u0443\u0442\u0430\" \/>\n<script type=\"application\/ld+json\" class=\"yoast-schema-graph\">{\"@context\":\"https:\/\/schema.org\",\"@graph\":[{\"@type\":\"WebPage\",\"@id\":\"https:\/\/zoo-land.az\/az\/shop\/cat\/cat-foods\/np-sensitive-digestion-poultry-1-kg\/\",\"url\":\"https:\/\/zoo-land.az\/az\/shop\/cat\/cat-foods\/np-sensitive-digestion-poultry-1-kg\/\",\"name\":\"NP Sensitive Digestion Poultry 1 kg - Zooland.az\",\"isPartOf\":{\"@id\":\"https:\/\/zoo-land.az\/#website\"},\"primaryImageOfPage\":{\"@id\":\"https:\/\/zoo-land.az\/az\/shop\/cat\/cat-foods\/np-sensitive-digestion-poultry-1-kg\/#primaryimage\"},\"image\":{\"@id\":\"https:\/\/zoo-land.az\/az\/shop\/cat\/cat-foods\/np-sensitive-digestion-poultry-1-kg\/#primaryimage\"},\"thumbnailUrl\":\"https:\/\/zoo-land.az\/wp-content\/uploads\/2024\/06\/020223_np_sensitive_digestion_7kg.jpg\",\"datePublished\":\"2024-06-14T16:26:12+00:00\",\"dateModified\":\"2024-06-14T16:26:42+00:00\",\"breadcrumb\":{\"@id\":\"https:\/\/zoo-land.az\/az\/shop\/cat\/cat-foods\/np-sensitive-digestion-poultry-1-kg\/#breadcrumb\"},\"inLanguage\":\"ru-RU\",\"potentialAction\":[{\"@type\":\"ReadAction\",\"target\":[\"https:\/\/zoo-land.az\/az\/shop\/cat\/cat-foods\/np-sensitive-digestion-poultry-1-kg\/\"]}]},{\"@type\":\"ImageObject\",\"inLanguage\":\"ru-RU\",\"@id\":\"https:\/\/zoo-land.az\/az\/shop\/cat\/cat-foods\/np-sensitive-digestion-poultry-1-kg\/#primaryimage\",\"url\":\"https:\/\/zoo-land.az\/wp-content\/uploads\/2024\/06\/020223_np_sensitive_digestion_7kg.jpg\",\"contentUrl\":\"https:\/\/zoo-land.az\/wp-content\/uploads\/2024\/06\/020223_np_sensitive_digestion_7kg.jpg\",\"width\":1000,\"height\":1320},{\"@type\":\"BreadcrumbList\",\"@id\":\"https:\/\/zoo-land.az\/az\/shop\/cat\/cat-foods\/np-sensitive-digestion-poultry-1-kg\/#breadcrumb\",\"itemListElement\":[{\"@type\":\"ListItem\",\"position\":1,\"name\":\"Home\",\"item\":\"https:\/\/zoo-land.az\/ru\/\"},{\"@type\":\"ListItem\",\"position\":2,\"name\":\"Shop\",\"item\":\"https:\/\/zoo-land.az\/ru\/\"},{\"@type\":\"ListItem\",\"position\":3,\"name\":\"NP Sensitive Digestion Poultry 1 kg\"}]},{\"@type\":\"WebSite\",\"@id\":\"https:\/\/zoo-land.az\/#website\",\"url\":\"https:\/\/zoo-land.az\/\",\"name\":\"Zooland.az\",\"description\":\"Xo\u015fb\u0259xt ev heyvanlar\u0131n\u0131n \u00fcnvan\u0131 Zooland.az\",\"publisher\":{\"@id\":\"https:\/\/zoo-land.az\/#organization\"},\"potentialAction\":[{\"@type\":\"SearchAction\",\"target\":{\"@type\":\"EntryPoint\",\"urlTemplate\":\"https:\/\/zoo-land.az\/?s={search_term_string}\"},\"query-input\":{\"@type\":\"PropertyValueSpecification\",\"valueRequired\":true,\"valueName\":\"search_term_string\"}}],\"inLanguage\":\"ru-RU\"},{\"@type\":\"Organization\",\"@id\":\"https:\/\/zoo-land.az\/#organization\",\"name\":\"Zooland.az\",\"url\":\"https:\/\/zoo-land.az\/\",\"logo\":{\"@type\":\"ImageObject\",\"inLanguage\":\"ru-RU\",\"@id\":\"https:\/\/zoo-land.az\/#\/schema\/logo\/image\/\",\"url\":\"https:\/\/zoo-land.az\/wp-content\/uploads\/2022\/05\/logo.svg\",\"contentUrl\":\"https:\/\/zoo-land.az\/wp-content\/uploads\/2022\/05\/logo.svg\",\"width\":113,\"height\":46,\"caption\":\"Zooland.az\"},\"image\":{\"@id\":\"https:\/\/zoo-land.az\/#\/schema\/logo\/image\/\"}}]}<\/script>\n<!-- \/ Yoast SEO plugin. -->","yoast_head_json":{"title":"NP Sensitive Digestion Poultry 1 kg - Zooland.az","robots":{"index":"index","follow":"follow","max-snippet":"max-snippet:-1","max-image-preview":"max-image-preview:large","max-video-preview":"max-video-preview:-1"},"canonical":"https:\/\/zoo-land.az\/ru\/shop\/cat\/cat-foods\/np-sensitive-digestion-poultry-1-kg\/","og_locale":"ru_RU","og_type":"article","og_title":"NP Sensitive Digestion Poultry 1 kg - Zooland.az","og_description":"Nature's Protection Sensitive Digestion Poultry COMPLETE DRY FOOD WITH POULTRY FOR ADULT CATS WITH SENSITIVE DIGESTIVE SYSTEMS  From 1 year of age.   100% complete and balanced nutrition specifically designed for cats with particularly delicate digestive systems.  All ingredients are specially selected to avoid overloading the stomach or intestines.  Special easily digestible sources of protein (turkey) and carbohydrates (potatoes, barley).  Plant extracts, nutraceuticals, and natural sources of fiber further enhance the digestibility of the food.  Exceptionally tasty and highly digestible food.  Properly balanced ingredients help support the body's natural defense system.","og_url":"https:\/\/zoo-land.az\/ru\/shop\/cat\/cat-foods\/np-sensitive-digestion-poultry-1-kg\/","og_site_name":"Zooland.az","article_modified_time":"2024-06-14T16:26:42+00:00","og_image":[{"width":1000,"height":1320,"url":"https:\/\/zoo-land.az\/wp-content\/uploads\/2024\/06\/020223_np_sensitive_digestion_7kg.jpg","type":"image\/jpeg"}],"twitter_card":"summary_large_image","twitter_misc":{"\u041f\u0440\u0438\u043c\u0435\u0440\u043d\u043e\u0435 \u0432\u0440\u0435\u043c\u044f \u0434\u043b\u044f \u0447\u0442\u0435\u043d\u0438\u044f":"1 \u043c\u0438\u043d\u0443\u0442\u0430"},"schema":{"@context":"https:\/\/schema.org","@graph":[{"@type":"WebPage","@id":"https:\/\/zoo-land.az\/az\/shop\/cat\/cat-foods\/np-sensitive-digestion-poultry-1-kg\/","url":"https:\/\/zoo-land.az\/az\/shop\/cat\/cat-foods\/np-sensitive-digestion-poultry-1-kg\/","name":"NP Sensitive Digestion Poultry 1 kg - Zooland.az","isPartOf":{"@id":"https:\/\/zoo-land.az\/#website"},"primaryImageOfPage":{"@id":"https:\/\/zoo-land.az\/az\/shop\/cat\/cat-foods\/np-sensitive-digestion-poultry-1-kg\/#primaryimage"},"image":{"@id":"https:\/\/zoo-land.az\/az\/shop\/cat\/cat-foods\/np-sensitive-digestion-poultry-1-kg\/#primaryimage"},"thumbnailUrl":"https:\/\/zoo-land.az\/wp-content\/uploads\/2024\/06\/020223_np_sensitive_digestion_7kg.jpg","datePublished":"2024-06-14T16:26:12+00:00","dateModified":"2024-06-14T16:26:42+00:00","breadcrumb":{"@id":"https:\/\/zoo-land.az\/az\/shop\/cat\/cat-foods\/np-sensitive-digestion-poultry-1-kg\/#breadcrumb"},"inLanguage":"ru-RU","potentialAction":[{"@type":"ReadAction","target":["https:\/\/zoo-land.az\/az\/shop\/cat\/cat-foods\/np-sensitive-digestion-poultry-1-kg\/"]}]},{"@type":"ImageObject","inLanguage":"ru-RU","@id":"https:\/\/zoo-land.az\/az\/shop\/cat\/cat-foods\/np-sensitive-digestion-poultry-1-kg\/#primaryimage","url":"https:\/\/zoo-land.az\/wp-content\/uploads\/2024\/06\/020223_np_sensitive_digestion_7kg.jpg","contentUrl":"https:\/\/zoo-land.az\/wp-content\/uploads\/2024\/06\/020223_np_sensitive_digestion_7kg.jpg","width":1000,"height":1320},{"@type":"BreadcrumbList","@id":"https:\/\/zoo-land.az\/az\/shop\/cat\/cat-foods\/np-sensitive-digestion-poultry-1-kg\/#breadcrumb","itemListElement":[{"@type":"ListItem","position":1,"name":"Home","item":"https:\/\/zoo-land.az\/ru\/"},{"@type":"ListItem","position":2,"name":"Shop","item":"https:\/\/zoo-land.az\/ru\/"},{"@type":"ListItem","position":3,"name":"NP Sensitive Digestion Poultry 1 kg"}]},{"@type":"WebSite","@id":"https:\/\/zoo-land.az\/#website","url":"https:\/\/zoo-land.az\/","name":"Zooland.az","description":"Xo\u015fb\u0259xt ev heyvanlar\u0131n\u0131n \u00fcnvan\u0131 Zooland.az","publisher":{"@id":"https:\/\/zoo-land.az\/#organization"},"potentialAction":[{"@type":"SearchAction","target":{"@type":"EntryPoint","urlTemplate":"https:\/\/zoo-land.az\/?s={search_term_string}"},"query-input":{"@type":"PropertyValueSpecification","valueRequired":true,"valueName":"search_term_string"}}],"inLanguage":"ru-RU"},{"@type":"Organization","@id":"https:\/\/zoo-land.az\/#organization","name":"Zooland.az","url":"https:\/\/zoo-land.az\/","logo":{"@type":"ImageObject","inLanguage":"ru-RU","@id":"https:\/\/zoo-land.az\/#\/schema\/logo\/image\/","url":"https:\/\/zoo-land.az\/wp-content\/uploads\/2022\/05\/logo.svg","contentUrl":"https:\/\/zoo-land.az\/wp-content\/uploads\/2022\/05\/logo.svg","width":113,"height":46,"caption":"Zooland.az"},"image":{"@id":"https:\/\/zoo-land.az\/#\/schema\/logo\/image\/"}}]}},"_links":{"self":[{"href":"https:\/\/zoo-land.az\/ru\/wp-json\/wp\/v2\/product\/23695","targetHints":{"allow":["GET"]}}],"collection":[{"href":"https:\/\/zoo-land.az\/ru\/wp-json\/wp\/v2\/product"}],"about":[{"href":"https:\/\/zoo-land.az\/ru\/wp-json\/wp\/v2\/types\/product"}],"wp:featuredmedia":[{"embeddable":true,"href":"https:\/\/zoo-land.az\/ru\/wp-json\/wp\/v2\/media\/22950"}],"wp:attachment":[{"href":"https:\/\/zoo-land.az\/ru\/wp-json\/wp\/v2\/media?parent=23695"}],"wp:term":[{"taxonomy":"product_cat","embeddable":true,"href":"https:\/\/zoo-land.az\/ru\/wp-json\/wp\/v2\/product_cat?post=23695"},{"taxonomy":"product_tag","embeddable":true,"href":"https:\/\/zoo-land.az\/ru\/wp-json\/wp\/v2\/product_tag?post=23695"}],"curies":[{"name":"wp","href":"https:\/\/api.w.org\/{rel}","templated":true}]}}