{"id":23785,"date":"2024-06-17T08:31:56","date_gmt":"2024-06-17T08:31:56","guid":{"rendered":"https:\/\/lightsteelblue-zebra-299715.hostingersite.com\/?post_type=product&#038;p=23785"},"modified":"2024-06-17T08:31:56","modified_gmt":"2024-06-17T08:31:56","slug":"sex-barrier-tablets-for-cats-and-female-dogs","status":"publish","type":"product","link":"https:\/\/zoo-land.az\/ru\/shop\/cat\/medications-cat\/sex-barrier-tablets-for-cats-and-female-dogs\/","title":{"rendered":"Sex-Barrier tablets for cats and female dogs"},"content":{"rendered":"<p>Composition: Each tablet contains:<\/p>\n<ul>\n<li>Mepranolone acetate water-soluble \u2013 0.1 mg<\/li>\n<li>Ethinylestradiol \u2013 0.001 mg<\/li>\n<\/ul>\n<p>Contraindications: The product is contraindicated for use in pregnant and lactating animals, Greyhound dogs. It is not recommended for animals that have not reached sexual maturity, or those with diabetes mellitus or urolithiasis. Sex Barrier tablets are contraindicated in the presence of tumors in the urogenital system and mammary glands.<\/p>\n<p>Side Effects: No side effects are observed when used in recommended doses and correctly applied.<\/p>\n<p>Dosage and Administration: Sexual arousal in cats and bitches should be alleviated at the first signs of its occurrence. For this purpose, administer Sex Barrier tablets daily for 3-5 days.<\/p>\n<p>The daily dosage is calculated based on the body weight of the cat or bitch:<\/p>\n<ul>\n<li>Up to 5 kg \u2013 1 tablet<\/li>\n<li>5 to 10 kg \u2013 1-2 tablets<\/li>\n<li>10 to 30 kg \u2013 2-4 tablets<\/li>\n<li>Over 30 kg \u2013 4 tablets plus 1 tablet for every additional 10 kg of body weight.<\/li>\n<\/ul>\n<p>The product is recommended for maintaining a calming effect. To maintain a low level of sexual activity in cats, administer 1 tablet regularly every 2 weeks. For bitches, administer the tablets 7-14 days before the expected heat cycle for 5-7 days, based on the animal&#8217;s weight in the specified dosage above.<\/p>\n<p>To prevent unwanted pregnancy after accidental mating:<\/p>\n<ul>\n<li>Cats \u2013 administer 2 tablets once.<\/li>\n<li>Bitches \u2013 based on the weight of the animal:\n<ul>\n<li>Up to 5 kg \u2013 1 tablet<\/li>\n<li>5 to 10 kg \u2013 2-3 tablets<\/li>\n<li>10 to 30 kg \u2013 3-4 tablets<\/li>\n<li>Over 30 kg \u2013 4 tablets plus 1 tablet for every additional 10 kg of body weight.<\/li>\n<\/ul>\n<\/li>\n<\/ul>\n<p>Indications: Behavior correction, Contraception, Hormonal<\/p>\n<p>Description: Sex Barrier tablets are a modern bihormonal preparation for regulating sexual heat and preventing unwanted pregnancy in cats and bitches.<\/p>\n<p>Active ingredients: Mepranolone acetate, ethinylestradiol<\/p>","protected":false},"excerpt":{"rendered":"<p>The product is contraindicated for use in pregnant and lactating animals, Greyhound dogs. It is not recommended for animals that have not reached sexual maturity, or those with diabetes mellitus or urolithiasis. Sex Barrier tablets are contraindicated in the presence of tumors in the urogenital system and mammary glands.<\/p>","protected":false},"featured_media":23786,"template":"","meta":{"inline_featured_image":false,"_joinchat":[]},"product_cat":[188,107,388,390],"product_tag":[],"class_list":{"0":"post-23785","1":"product","2":"type-product","3":"status-publish","4":"has-post-thumbnail","6":"product_brand-408","7":"product_cat-cat","8":"product_cat-dog","9":"product_cat-medications","10":"product_cat-medications-cat","12":"first","13":"instock","14":"shipping-taxable","15":"purchasable","16":"product-type-simple"},"yoast_head":"<!-- This site is optimized with the Yoast SEO plugin v26.7 - https:\/\/yoast.com\/wordpress\/plugins\/seo\/ -->\n<title>Sex-Barrier tablets for cats and female dogs - Zooland.az<\/title>\n<meta name=\"robots\" content=\"index, follow, max-snippet:-1, max-image-preview:large, max-video-preview:-1\" \/>\n<link rel=\"canonical\" href=\"https:\/\/zoo-land.az\/ru\/shop\/cat\/medications-cat\/sex-barrier-tablets-for-cats-and-female-dogs\/\" \/>\n<meta property=\"og:locale\" content=\"ru_RU\" \/>\n<meta property=\"og:type\" content=\"article\" \/>\n<meta property=\"og:title\" content=\"Sex-Barrier tablets for cats and female dogs - Zooland.az\" \/>\n<meta property=\"og:description\" content=\"The product is contraindicated for use in pregnant and lactating animals, Greyhound dogs. It is not recommended for animals that have not reached sexual maturity, or those with diabetes mellitus or urolithiasis. Sex Barrier tablets are contraindicated in the presence of tumors in the urogenital system and mammary glands.\" \/>\n<meta property=\"og:url\" content=\"https:\/\/zoo-land.az\/ru\/shop\/cat\/medications-cat\/sex-barrier-tablets-for-cats-and-female-dogs\/\" \/>\n<meta property=\"og:site_name\" content=\"Zooland.az\" \/>\n<meta property=\"og:image\" content=\"https:\/\/zoo-land.az\/wp-content\/uploads\/2024\/06\/1_fea44be51ac5f4b0b97d745e5e79c71f.jpg\" \/>\n\t<meta property=\"og:image:width\" content=\"1024\" \/>\n\t<meta property=\"og:image:height\" content=\"1024\" \/>\n\t<meta property=\"og:image:type\" content=\"image\/jpeg\" \/>\n<meta name=\"twitter:card\" content=\"summary_large_image\" \/>\n<meta name=\"twitter:label1\" content=\"\u041f\u0440\u0438\u043c\u0435\u0440\u043d\u043e\u0435 \u0432\u0440\u0435\u043c\u044f \u0434\u043b\u044f \u0447\u0442\u0435\u043d\u0438\u044f\" \/>\n\t<meta name=\"twitter:data1\" content=\"2 \u043c\u0438\u043d\u0443\u0442\u044b\" \/>\n<script type=\"application\/ld+json\" class=\"yoast-schema-graph\">{\"@context\":\"https:\/\/schema.org\",\"@graph\":[{\"@type\":\"WebPage\",\"@id\":\"https:\/\/zoo-land.az\/shop\/cat\/medications-cat\/sex-barrier-tablets-for-cats-and-female-dogs\/\",\"url\":\"https:\/\/zoo-land.az\/shop\/cat\/medications-cat\/sex-barrier-tablets-for-cats-and-female-dogs\/\",\"name\":\"Sex-Barrier tablets for cats and female dogs - Zooland.az\",\"isPartOf\":{\"@id\":\"https:\/\/zoo-land.az\/#website\"},\"primaryImageOfPage\":{\"@id\":\"https:\/\/zoo-land.az\/shop\/cat\/medications-cat\/sex-barrier-tablets-for-cats-and-female-dogs\/#primaryimage\"},\"image\":{\"@id\":\"https:\/\/zoo-land.az\/shop\/cat\/medications-cat\/sex-barrier-tablets-for-cats-and-female-dogs\/#primaryimage\"},\"thumbnailUrl\":\"https:\/\/zoo-land.az\/wp-content\/uploads\/2024\/06\/1_fea44be51ac5f4b0b97d745e5e79c71f.jpg\",\"datePublished\":\"2024-06-17T08:31:56+00:00\",\"breadcrumb\":{\"@id\":\"https:\/\/zoo-land.az\/shop\/cat\/medications-cat\/sex-barrier-tablets-for-cats-and-female-dogs\/#breadcrumb\"},\"inLanguage\":\"ru-RU\",\"potentialAction\":[{\"@type\":\"ReadAction\",\"target\":[\"https:\/\/zoo-land.az\/shop\/cat\/medications-cat\/sex-barrier-tablets-for-cats-and-female-dogs\/\"]}]},{\"@type\":\"ImageObject\",\"inLanguage\":\"ru-RU\",\"@id\":\"https:\/\/zoo-land.az\/shop\/cat\/medications-cat\/sex-barrier-tablets-for-cats-and-female-dogs\/#primaryimage\",\"url\":\"https:\/\/zoo-land.az\/wp-content\/uploads\/2024\/06\/1_fea44be51ac5f4b0b97d745e5e79c71f.jpg\",\"contentUrl\":\"https:\/\/zoo-land.az\/wp-content\/uploads\/2024\/06\/1_fea44be51ac5f4b0b97d745e5e79c71f.jpg\",\"width\":1024,\"height\":1024},{\"@type\":\"BreadcrumbList\",\"@id\":\"https:\/\/zoo-land.az\/shop\/cat\/medications-cat\/sex-barrier-tablets-for-cats-and-female-dogs\/#breadcrumb\",\"itemListElement\":[{\"@type\":\"ListItem\",\"position\":1,\"name\":\"Home\",\"item\":\"https:\/\/zoo-land.az\/ru\/\"},{\"@type\":\"ListItem\",\"position\":2,\"name\":\"Shop\",\"item\":\"https:\/\/zoo-land.az\/ru\/\"},{\"@type\":\"ListItem\",\"position\":3,\"name\":\"Sex-Barrier tablets for cats and female dogs\"}]},{\"@type\":\"WebSite\",\"@id\":\"https:\/\/zoo-land.az\/#website\",\"url\":\"https:\/\/zoo-land.az\/\",\"name\":\"Zooland.az\",\"description\":\"Xo\u015fb\u0259xt ev heyvanlar\u0131n\u0131n \u00fcnvan\u0131 Zooland.az\",\"publisher\":{\"@id\":\"https:\/\/zoo-land.az\/#organization\"},\"potentialAction\":[{\"@type\":\"SearchAction\",\"target\":{\"@type\":\"EntryPoint\",\"urlTemplate\":\"https:\/\/zoo-land.az\/?s={search_term_string}\"},\"query-input\":{\"@type\":\"PropertyValueSpecification\",\"valueRequired\":true,\"valueName\":\"search_term_string\"}}],\"inLanguage\":\"ru-RU\"},{\"@type\":\"Organization\",\"@id\":\"https:\/\/zoo-land.az\/#organization\",\"name\":\"Zooland.az\",\"url\":\"https:\/\/zoo-land.az\/\",\"logo\":{\"@type\":\"ImageObject\",\"inLanguage\":\"ru-RU\",\"@id\":\"https:\/\/zoo-land.az\/#\/schema\/logo\/image\/\",\"url\":\"https:\/\/zoo-land.az\/wp-content\/uploads\/2022\/05\/logo.svg\",\"contentUrl\":\"https:\/\/zoo-land.az\/wp-content\/uploads\/2022\/05\/logo.svg\",\"width\":113,\"height\":46,\"caption\":\"Zooland.az\"},\"image\":{\"@id\":\"https:\/\/zoo-land.az\/#\/schema\/logo\/image\/\"}}]}<\/script>\n<!-- \/ Yoast SEO plugin. -->","yoast_head_json":{"title":"Sex-Barrier tablets for cats and female dogs - Zooland.az","robots":{"index":"index","follow":"follow","max-snippet":"max-snippet:-1","max-image-preview":"max-image-preview:large","max-video-preview":"max-video-preview:-1"},"canonical":"https:\/\/zoo-land.az\/ru\/shop\/cat\/medications-cat\/sex-barrier-tablets-for-cats-and-female-dogs\/","og_locale":"ru_RU","og_type":"article","og_title":"Sex-Barrier tablets for cats and female dogs - Zooland.az","og_description":"The product is contraindicated for use in pregnant and lactating animals, Greyhound dogs. It is not recommended for animals that have not reached sexual maturity, or those with diabetes mellitus or urolithiasis. Sex Barrier tablets are contraindicated in the presence of tumors in the urogenital system and mammary glands.","og_url":"https:\/\/zoo-land.az\/ru\/shop\/cat\/medications-cat\/sex-barrier-tablets-for-cats-and-female-dogs\/","og_site_name":"Zooland.az","og_image":[{"width":1024,"height":1024,"url":"https:\/\/zoo-land.az\/wp-content\/uploads\/2024\/06\/1_fea44be51ac5f4b0b97d745e5e79c71f.jpg","type":"image\/jpeg"}],"twitter_card":"summary_large_image","twitter_misc":{"\u041f\u0440\u0438\u043c\u0435\u0440\u043d\u043e\u0435 \u0432\u0440\u0435\u043c\u044f \u0434\u043b\u044f \u0447\u0442\u0435\u043d\u0438\u044f":"2 \u043c\u0438\u043d\u0443\u0442\u044b"},"schema":{"@context":"https:\/\/schema.org","@graph":[{"@type":"WebPage","@id":"https:\/\/zoo-land.az\/shop\/cat\/medications-cat\/sex-barrier-tablets-for-cats-and-female-dogs\/","url":"https:\/\/zoo-land.az\/shop\/cat\/medications-cat\/sex-barrier-tablets-for-cats-and-female-dogs\/","name":"Sex-Barrier tablets for cats and female dogs - Zooland.az","isPartOf":{"@id":"https:\/\/zoo-land.az\/#website"},"primaryImageOfPage":{"@id":"https:\/\/zoo-land.az\/shop\/cat\/medications-cat\/sex-barrier-tablets-for-cats-and-female-dogs\/#primaryimage"},"image":{"@id":"https:\/\/zoo-land.az\/shop\/cat\/medications-cat\/sex-barrier-tablets-for-cats-and-female-dogs\/#primaryimage"},"thumbnailUrl":"https:\/\/zoo-land.az\/wp-content\/uploads\/2024\/06\/1_fea44be51ac5f4b0b97d745e5e79c71f.jpg","datePublished":"2024-06-17T08:31:56+00:00","breadcrumb":{"@id":"https:\/\/zoo-land.az\/shop\/cat\/medications-cat\/sex-barrier-tablets-for-cats-and-female-dogs\/#breadcrumb"},"inLanguage":"ru-RU","potentialAction":[{"@type":"ReadAction","target":["https:\/\/zoo-land.az\/shop\/cat\/medications-cat\/sex-barrier-tablets-for-cats-and-female-dogs\/"]}]},{"@type":"ImageObject","inLanguage":"ru-RU","@id":"https:\/\/zoo-land.az\/shop\/cat\/medications-cat\/sex-barrier-tablets-for-cats-and-female-dogs\/#primaryimage","url":"https:\/\/zoo-land.az\/wp-content\/uploads\/2024\/06\/1_fea44be51ac5f4b0b97d745e5e79c71f.jpg","contentUrl":"https:\/\/zoo-land.az\/wp-content\/uploads\/2024\/06\/1_fea44be51ac5f4b0b97d745e5e79c71f.jpg","width":1024,"height":1024},{"@type":"BreadcrumbList","@id":"https:\/\/zoo-land.az\/shop\/cat\/medications-cat\/sex-barrier-tablets-for-cats-and-female-dogs\/#breadcrumb","itemListElement":[{"@type":"ListItem","position":1,"name":"Home","item":"https:\/\/zoo-land.az\/ru\/"},{"@type":"ListItem","position":2,"name":"Shop","item":"https:\/\/zoo-land.az\/ru\/"},{"@type":"ListItem","position":3,"name":"Sex-Barrier tablets for cats and female dogs"}]},{"@type":"WebSite","@id":"https:\/\/zoo-land.az\/#website","url":"https:\/\/zoo-land.az\/","name":"Zooland.az","description":"Xo\u015fb\u0259xt ev heyvanlar\u0131n\u0131n \u00fcnvan\u0131 Zooland.az","publisher":{"@id":"https:\/\/zoo-land.az\/#organization"},"potentialAction":[{"@type":"SearchAction","target":{"@type":"EntryPoint","urlTemplate":"https:\/\/zoo-land.az\/?s={search_term_string}"},"query-input":{"@type":"PropertyValueSpecification","valueRequired":true,"valueName":"search_term_string"}}],"inLanguage":"ru-RU"},{"@type":"Organization","@id":"https:\/\/zoo-land.az\/#organization","name":"Zooland.az","url":"https:\/\/zoo-land.az\/","logo":{"@type":"ImageObject","inLanguage":"ru-RU","@id":"https:\/\/zoo-land.az\/#\/schema\/logo\/image\/","url":"https:\/\/zoo-land.az\/wp-content\/uploads\/2022\/05\/logo.svg","contentUrl":"https:\/\/zoo-land.az\/wp-content\/uploads\/2022\/05\/logo.svg","width":113,"height":46,"caption":"Zooland.az"},"image":{"@id":"https:\/\/zoo-land.az\/#\/schema\/logo\/image\/"}}]}},"_links":{"self":[{"href":"https:\/\/zoo-land.az\/ru\/wp-json\/wp\/v2\/product\/23785","targetHints":{"allow":["GET"]}}],"collection":[{"href":"https:\/\/zoo-land.az\/ru\/wp-json\/wp\/v2\/product"}],"about":[{"href":"https:\/\/zoo-land.az\/ru\/wp-json\/wp\/v2\/types\/product"}],"wp:featuredmedia":[{"embeddable":true,"href":"https:\/\/zoo-land.az\/ru\/wp-json\/wp\/v2\/media\/23786"}],"wp:attachment":[{"href":"https:\/\/zoo-land.az\/ru\/wp-json\/wp\/v2\/media?parent=23785"}],"wp:term":[{"taxonomy":"product_cat","embeddable":true,"href":"https:\/\/zoo-land.az\/ru\/wp-json\/wp\/v2\/product_cat?post=23785"},{"taxonomy":"product_tag","embeddable":true,"href":"https:\/\/zoo-land.az\/ru\/wp-json\/wp\/v2\/product_tag?post=23785"}],"curies":[{"name":"wp","href":"https:\/\/api.w.org\/{rel}","templated":true}]}}