{"id":23819,"date":"2024-06-17T10:23:09","date_gmt":"2024-06-17T10:23:09","guid":{"rendered":"https:\/\/lightsteelblue-zebra-299715.hostingersite.com\/?post_type=product&#038;p=23819"},"modified":"2024-06-17T10:23:10","modified_gmt":"2024-06-17T10:23:10","slug":"gran-carno-adult-rind-hirsch-400-g","status":"publish","type":"product","link":"https:\/\/zoo-land.az\/ru\/shop\/dog\/dog-wetfoods-conserves\/gran-carno-adult-rind-hirsch-400-g\/","title":{"rendered":"Gran Carno Adult Rind Hirsch 400 g"},"content":{"rendered":"<p>Wet food made from fresh meat ingredients that provides unparalleled enjoyment for dogs. This diet is formulated to meet the nutritional needs of pets aged 1 to 6 years. GranCarno Adult Beef + Venison with Apple ensures your pet receives all essential nutrients they need daily. It combines apples with hearty and delicious ingredients such as beef and venison. Produced in Germany, GranCarno Adult Beef + Venison with Apple is grain-free and does not contain soy or sugar. Key features of the food include:<\/p>\n<ul>\n<li>100% fresh meat ingredients: beef and venison, a natural source of calcium<\/li>\n<li>Grain-free, soy-free, and sugar-free<\/li>\n<li>No artificial colors or preservatives<\/li>\n<li>Suitable for dogs aged 1 to 6 years<\/li>\n<\/ul>\n<p>GranCarno wet food is known for its fresh meat, which dogs love!<\/p>","protected":false},"excerpt":{"rendered":"<p>Wet food made from fresh meat ingredients that provides unparalleled enjoyment for dogs. This diet is formulated to meet the nutritional needs of pets aged 1 to 6 years. GranCarno Adult Beef + Venison with Apple ensures your pet receives all essential nutrients they need daily. It combines apples with hearty and delicious ingredients such as beef and venison. Produced in Germany, GranCarno Adult Beef + Venison with Apple is grain-free and does not contain soy or sugar.<\/p>","protected":false},"featured_media":23820,"template":"","meta":{"inline_featured_image":false,"_joinchat":[]},"product_cat":[107,154],"product_tag":[],"class_list":{"0":"post-23819","1":"product","2":"type-product","3":"status-publish","4":"has-post-thumbnail","6":"product_brand-animonda","7":"product_cat-dog","8":"product_cat-dog-wetfoods-conserves","10":"first","11":"instock","12":"shipping-taxable","13":"purchasable","14":"product-type-simple"},"yoast_head":"<!-- This site is optimized with the Yoast SEO plugin v26.7 - https:\/\/yoast.com\/wordpress\/plugins\/seo\/ -->\n<title>Gran Carno Adult Rind Hirsch 400 g - Zooland.az<\/title>\n<meta name=\"robots\" content=\"index, follow, max-snippet:-1, max-image-preview:large, max-video-preview:-1\" \/>\n<link rel=\"canonical\" href=\"https:\/\/zoo-land.az\/ru\/shop\/dog\/dog-wetfoods-conserves\/gran-carno-adult-rind-hirsch-400-g\/\" \/>\n<meta property=\"og:locale\" content=\"ru_RU\" \/>\n<meta property=\"og:type\" content=\"article\" \/>\n<meta property=\"og:title\" content=\"Gran Carno Adult Rind Hirsch 400 g - Zooland.az\" \/>\n<meta property=\"og:description\" content=\"Wet food made from fresh meat ingredients that provides unparalleled enjoyment for dogs. This diet is formulated to meet the nutritional needs of pets aged 1 to 6 years. GranCarno Adult Beef + Venison with Apple ensures your pet receives all essential nutrients they need daily. It combines apples with hearty and delicious ingredients such as beef and venison. Produced in Germany, GranCarno Adult Beef + Venison with Apple is grain-free and does not contain soy or sugar.\" \/>\n<meta property=\"og:url\" content=\"https:\/\/zoo-land.az\/ru\/shop\/dog\/dog-wetfoods-conserves\/gran-carno-adult-rind-hirsch-400-g\/\" \/>\n<meta property=\"og:site_name\" content=\"Zooland.az\" \/>\n<meta property=\"article:modified_time\" content=\"2024-06-17T10:23:10+00:00\" \/>\n<meta property=\"og:image\" content=\"https:\/\/zoo-land.az\/wp-content\/uploads\/2024\/06\/4487781269_w300_h300_animonda-gran-carno.webp\" \/>\n\t<meta property=\"og:image:width\" content=\"300\" \/>\n\t<meta property=\"og:image:height\" content=\"300\" \/>\n\t<meta property=\"og:image:type\" content=\"image\/webp\" \/>\n<meta name=\"twitter:card\" content=\"summary_large_image\" \/>\n<meta name=\"twitter:label1\" content=\"\u041f\u0440\u0438\u043c\u0435\u0440\u043d\u043e\u0435 \u0432\u0440\u0435\u043c\u044f \u0434\u043b\u044f \u0447\u0442\u0435\u043d\u0438\u044f\" \/>\n\t<meta name=\"twitter:data1\" content=\"1 \u043c\u0438\u043d\u0443\u0442\u0430\" \/>\n<script type=\"application\/ld+json\" class=\"yoast-schema-graph\">{\"@context\":\"https:\/\/schema.org\",\"@graph\":[{\"@type\":\"WebPage\",\"@id\":\"https:\/\/zoo-land.az\/shop\/dog\/dog-wetfoods-conserves\/gran-carno-adult-rind-hirsch-400-g\/\",\"url\":\"https:\/\/zoo-land.az\/shop\/dog\/dog-wetfoods-conserves\/gran-carno-adult-rind-hirsch-400-g\/\",\"name\":\"Gran Carno Adult Rind Hirsch 400 g - Zooland.az\",\"isPartOf\":{\"@id\":\"https:\/\/zoo-land.az\/#website\"},\"primaryImageOfPage\":{\"@id\":\"https:\/\/zoo-land.az\/shop\/dog\/dog-wetfoods-conserves\/gran-carno-adult-rind-hirsch-400-g\/#primaryimage\"},\"image\":{\"@id\":\"https:\/\/zoo-land.az\/shop\/dog\/dog-wetfoods-conserves\/gran-carno-adult-rind-hirsch-400-g\/#primaryimage\"},\"thumbnailUrl\":\"https:\/\/zoo-land.az\/wp-content\/uploads\/2024\/06\/4487781269_w300_h300_animonda-gran-carno.webp\",\"datePublished\":\"2024-06-17T10:23:09+00:00\",\"dateModified\":\"2024-06-17T10:23:10+00:00\",\"breadcrumb\":{\"@id\":\"https:\/\/zoo-land.az\/shop\/dog\/dog-wetfoods-conserves\/gran-carno-adult-rind-hirsch-400-g\/#breadcrumb\"},\"inLanguage\":\"ru-RU\",\"potentialAction\":[{\"@type\":\"ReadAction\",\"target\":[\"https:\/\/zoo-land.az\/shop\/dog\/dog-wetfoods-conserves\/gran-carno-adult-rind-hirsch-400-g\/\"]}]},{\"@type\":\"ImageObject\",\"inLanguage\":\"ru-RU\",\"@id\":\"https:\/\/zoo-land.az\/shop\/dog\/dog-wetfoods-conserves\/gran-carno-adult-rind-hirsch-400-g\/#primaryimage\",\"url\":\"https:\/\/zoo-land.az\/wp-content\/uploads\/2024\/06\/4487781269_w300_h300_animonda-gran-carno.webp\",\"contentUrl\":\"https:\/\/zoo-land.az\/wp-content\/uploads\/2024\/06\/4487781269_w300_h300_animonda-gran-carno.webp\",\"width\":300,\"height\":300},{\"@type\":\"BreadcrumbList\",\"@id\":\"https:\/\/zoo-land.az\/shop\/dog\/dog-wetfoods-conserves\/gran-carno-adult-rind-hirsch-400-g\/#breadcrumb\",\"itemListElement\":[{\"@type\":\"ListItem\",\"position\":1,\"name\":\"Home\",\"item\":\"https:\/\/zoo-land.az\/ru\/\"},{\"@type\":\"ListItem\",\"position\":2,\"name\":\"Shop\",\"item\":\"https:\/\/zoo-land.az\/ru\/\"},{\"@type\":\"ListItem\",\"position\":3,\"name\":\"Gran Carno Adult Rind Hirsch 400 g\"}]},{\"@type\":\"WebSite\",\"@id\":\"https:\/\/zoo-land.az\/#website\",\"url\":\"https:\/\/zoo-land.az\/\",\"name\":\"Zooland.az\",\"description\":\"Xo\u015fb\u0259xt ev heyvanlar\u0131n\u0131n \u00fcnvan\u0131 Zooland.az\",\"publisher\":{\"@id\":\"https:\/\/zoo-land.az\/#organization\"},\"potentialAction\":[{\"@type\":\"SearchAction\",\"target\":{\"@type\":\"EntryPoint\",\"urlTemplate\":\"https:\/\/zoo-land.az\/?s={search_term_string}\"},\"query-input\":{\"@type\":\"PropertyValueSpecification\",\"valueRequired\":true,\"valueName\":\"search_term_string\"}}],\"inLanguage\":\"ru-RU\"},{\"@type\":\"Organization\",\"@id\":\"https:\/\/zoo-land.az\/#organization\",\"name\":\"Zooland.az\",\"url\":\"https:\/\/zoo-land.az\/\",\"logo\":{\"@type\":\"ImageObject\",\"inLanguage\":\"ru-RU\",\"@id\":\"https:\/\/zoo-land.az\/#\/schema\/logo\/image\/\",\"url\":\"https:\/\/zoo-land.az\/wp-content\/uploads\/2022\/05\/logo.svg\",\"contentUrl\":\"https:\/\/zoo-land.az\/wp-content\/uploads\/2022\/05\/logo.svg\",\"width\":113,\"height\":46,\"caption\":\"Zooland.az\"},\"image\":{\"@id\":\"https:\/\/zoo-land.az\/#\/schema\/logo\/image\/\"}}]}<\/script>\n<!-- \/ Yoast SEO plugin. -->","yoast_head_json":{"title":"Gran Carno Adult Rind Hirsch 400 g - Zooland.az","robots":{"index":"index","follow":"follow","max-snippet":"max-snippet:-1","max-image-preview":"max-image-preview:large","max-video-preview":"max-video-preview:-1"},"canonical":"https:\/\/zoo-land.az\/ru\/shop\/dog\/dog-wetfoods-conserves\/gran-carno-adult-rind-hirsch-400-g\/","og_locale":"ru_RU","og_type":"article","og_title":"Gran Carno Adult Rind Hirsch 400 g - Zooland.az","og_description":"Wet food made from fresh meat ingredients that provides unparalleled enjoyment for dogs. This diet is formulated to meet the nutritional needs of pets aged 1 to 6 years. GranCarno Adult Beef + Venison with Apple ensures your pet receives all essential nutrients they need daily. It combines apples with hearty and delicious ingredients such as beef and venison. Produced in Germany, GranCarno Adult Beef + Venison with Apple is grain-free and does not contain soy or sugar.","og_url":"https:\/\/zoo-land.az\/ru\/shop\/dog\/dog-wetfoods-conserves\/gran-carno-adult-rind-hirsch-400-g\/","og_site_name":"Zooland.az","article_modified_time":"2024-06-17T10:23:10+00:00","og_image":[{"width":300,"height":300,"url":"https:\/\/zoo-land.az\/wp-content\/uploads\/2024\/06\/4487781269_w300_h300_animonda-gran-carno.webp","type":"image\/webp"}],"twitter_card":"summary_large_image","twitter_misc":{"\u041f\u0440\u0438\u043c\u0435\u0440\u043d\u043e\u0435 \u0432\u0440\u0435\u043c\u044f \u0434\u043b\u044f \u0447\u0442\u0435\u043d\u0438\u044f":"1 \u043c\u0438\u043d\u0443\u0442\u0430"},"schema":{"@context":"https:\/\/schema.org","@graph":[{"@type":"WebPage","@id":"https:\/\/zoo-land.az\/shop\/dog\/dog-wetfoods-conserves\/gran-carno-adult-rind-hirsch-400-g\/","url":"https:\/\/zoo-land.az\/shop\/dog\/dog-wetfoods-conserves\/gran-carno-adult-rind-hirsch-400-g\/","name":"Gran Carno Adult Rind Hirsch 400 g - Zooland.az","isPartOf":{"@id":"https:\/\/zoo-land.az\/#website"},"primaryImageOfPage":{"@id":"https:\/\/zoo-land.az\/shop\/dog\/dog-wetfoods-conserves\/gran-carno-adult-rind-hirsch-400-g\/#primaryimage"},"image":{"@id":"https:\/\/zoo-land.az\/shop\/dog\/dog-wetfoods-conserves\/gran-carno-adult-rind-hirsch-400-g\/#primaryimage"},"thumbnailUrl":"https:\/\/zoo-land.az\/wp-content\/uploads\/2024\/06\/4487781269_w300_h300_animonda-gran-carno.webp","datePublished":"2024-06-17T10:23:09+00:00","dateModified":"2024-06-17T10:23:10+00:00","breadcrumb":{"@id":"https:\/\/zoo-land.az\/shop\/dog\/dog-wetfoods-conserves\/gran-carno-adult-rind-hirsch-400-g\/#breadcrumb"},"inLanguage":"ru-RU","potentialAction":[{"@type":"ReadAction","target":["https:\/\/zoo-land.az\/shop\/dog\/dog-wetfoods-conserves\/gran-carno-adult-rind-hirsch-400-g\/"]}]},{"@type":"ImageObject","inLanguage":"ru-RU","@id":"https:\/\/zoo-land.az\/shop\/dog\/dog-wetfoods-conserves\/gran-carno-adult-rind-hirsch-400-g\/#primaryimage","url":"https:\/\/zoo-land.az\/wp-content\/uploads\/2024\/06\/4487781269_w300_h300_animonda-gran-carno.webp","contentUrl":"https:\/\/zoo-land.az\/wp-content\/uploads\/2024\/06\/4487781269_w300_h300_animonda-gran-carno.webp","width":300,"height":300},{"@type":"BreadcrumbList","@id":"https:\/\/zoo-land.az\/shop\/dog\/dog-wetfoods-conserves\/gran-carno-adult-rind-hirsch-400-g\/#breadcrumb","itemListElement":[{"@type":"ListItem","position":1,"name":"Home","item":"https:\/\/zoo-land.az\/ru\/"},{"@type":"ListItem","position":2,"name":"Shop","item":"https:\/\/zoo-land.az\/ru\/"},{"@type":"ListItem","position":3,"name":"Gran Carno Adult Rind Hirsch 400 g"}]},{"@type":"WebSite","@id":"https:\/\/zoo-land.az\/#website","url":"https:\/\/zoo-land.az\/","name":"Zooland.az","description":"Xo\u015fb\u0259xt ev heyvanlar\u0131n\u0131n \u00fcnvan\u0131 Zooland.az","publisher":{"@id":"https:\/\/zoo-land.az\/#organization"},"potentialAction":[{"@type":"SearchAction","target":{"@type":"EntryPoint","urlTemplate":"https:\/\/zoo-land.az\/?s={search_term_string}"},"query-input":{"@type":"PropertyValueSpecification","valueRequired":true,"valueName":"search_term_string"}}],"inLanguage":"ru-RU"},{"@type":"Organization","@id":"https:\/\/zoo-land.az\/#organization","name":"Zooland.az","url":"https:\/\/zoo-land.az\/","logo":{"@type":"ImageObject","inLanguage":"ru-RU","@id":"https:\/\/zoo-land.az\/#\/schema\/logo\/image\/","url":"https:\/\/zoo-land.az\/wp-content\/uploads\/2022\/05\/logo.svg","contentUrl":"https:\/\/zoo-land.az\/wp-content\/uploads\/2022\/05\/logo.svg","width":113,"height":46,"caption":"Zooland.az"},"image":{"@id":"https:\/\/zoo-land.az\/#\/schema\/logo\/image\/"}}]}},"_links":{"self":[{"href":"https:\/\/zoo-land.az\/ru\/wp-json\/wp\/v2\/product\/23819","targetHints":{"allow":["GET"]}}],"collection":[{"href":"https:\/\/zoo-land.az\/ru\/wp-json\/wp\/v2\/product"}],"about":[{"href":"https:\/\/zoo-land.az\/ru\/wp-json\/wp\/v2\/types\/product"}],"wp:featuredmedia":[{"embeddable":true,"href":"https:\/\/zoo-land.az\/ru\/wp-json\/wp\/v2\/media\/23820"}],"wp:attachment":[{"href":"https:\/\/zoo-land.az\/ru\/wp-json\/wp\/v2\/media?parent=23819"}],"wp:term":[{"taxonomy":"product_cat","embeddable":true,"href":"https:\/\/zoo-land.az\/ru\/wp-json\/wp\/v2\/product_cat?post=23819"},{"taxonomy":"product_tag","embeddable":true,"href":"https:\/\/zoo-land.az\/ru\/wp-json\/wp\/v2\/product_tag?post=23819"}],"curies":[{"name":"wp","href":"https:\/\/api.w.org\/{rel}","templated":true}]}}