{"id":23976,"date":"2024-06-17T17:23:22","date_gmt":"2024-06-17T17:23:22","guid":{"rendered":"https:\/\/lightsteelblue-zebra-299715.hostingersite.com\/?post_type=product&#038;p=23976"},"modified":"2024-06-17T17:23:22","modified_gmt":"2024-06-17T17:23:22","slug":"amiplay-crown-2-in-1-hyge-s-dog-bed","status":"publish","type":"product","link":"https:\/\/zoo-land.az\/ru\/shop\/dog\/dog-beds\/amiplay-crown-2-in-1-hyge-s-dog-bed\/","title":{"rendered":"Amiplay Crown 2-in-1 Hyge S Dog Bed"},"content":{"rendered":"<p>The Amiplay Hygge series represents the latest fashion trend in Scandinavian style. It blends well with both modern and classic interiors, characterized by its elegant simplicity. The Hygge series is crafted from high-quality materials, including eco-friendly, durable felt made from recycled polyester fibers. Felt is flexible, lightweight, and does not crease.<\/p>\n<p>The dog bed features a removable reversible pillow: one side is polyester fabric with a pattern, while the other side is soft fleece, providing good insulation and comfort. It&#8217;s easy to maintain cleanliness as it can be hand-washed at 30 degrees Celsius.<\/p>","protected":false},"excerpt":{"rendered":"<p>The Amiplay Hygge series represents the latest fashion trend in Scandinavian style. It blends well with both modern and classic interiors, characterized by its elegant simplicity. The Hygge series is crafted from high-quality materials, including eco-friendly, durable felt made from recycled polyester fibers. Felt is flexible, lightweight, and does not crease.<\/p>","protected":false},"featured_media":23977,"template":"","meta":{"inline_featured_image":false,"_joinchat":[]},"product_cat":[130,107],"product_tag":[],"class_list":{"0":"post-23976","1":"product","2":"type-product","3":"status-publish","4":"has-post-thumbnail","6":"product_brand-amiplay","7":"product_cat-dog-beds","8":"product_cat-dog","10":"first","11":"instock","12":"shipping-taxable","13":"purchasable","14":"product-type-simple"},"yoast_head":"<!-- This site is optimized with the Yoast SEO plugin v27.4 - https:\/\/yoast.com\/product\/yoast-seo-wordpress\/ -->\n<title>Amiplay Crown 2-in-1 Hyge S Dog Bed - Zooland.az<\/title>\n<meta name=\"robots\" content=\"index, follow, max-snippet:-1, max-image-preview:large, max-video-preview:-1\" \/>\n<link rel=\"canonical\" href=\"https:\/\/zoo-land.az\/ru\/shop\/dog\/dog-beds\/amiplay-crown-2-in-1-hyge-s-dog-bed\/\" \/>\n<meta property=\"og:locale\" content=\"ru_RU\" \/>\n<meta property=\"og:type\" content=\"article\" \/>\n<meta property=\"og:title\" content=\"Amiplay Crown 2-in-1 Hyge S Dog Bed - Zooland.az\" \/>\n<meta property=\"og:description\" content=\"The Amiplay Hygge series represents the latest fashion trend in Scandinavian style. It blends well with both modern and classic interiors, characterized by its elegant simplicity. The Hygge series is crafted from high-quality materials, including eco-friendly, durable felt made from recycled polyester fibers. Felt is flexible, lightweight, and does not crease.\" \/>\n<meta property=\"og:url\" content=\"https:\/\/zoo-land.az\/ru\/shop\/dog\/dog-beds\/amiplay-crown-2-in-1-hyge-s-dog-bed\/\" \/>\n<meta property=\"og:site_name\" content=\"Zooland.az\" \/>\n<meta property=\"og:image\" content=\"https:\/\/zoo-land.az\/wp-content\/uploads\/2024\/06\/455863-80f8557de21c2e5ac9bf2214b69809f5.jpg\" \/>\n\t<meta property=\"og:image:width\" content=\"1680\" \/>\n\t<meta property=\"og:image:height\" content=\"1680\" \/>\n\t<meta property=\"og:image:type\" content=\"image\/jpeg\" \/>\n<meta name=\"twitter:card\" content=\"summary_large_image\" \/>\n<meta name=\"twitter:label1\" content=\"\u041f\u0440\u0438\u043c\u0435\u0440\u043d\u043e\u0435 \u0432\u0440\u0435\u043c\u044f \u0434\u043b\u044f \u0447\u0442\u0435\u043d\u0438\u044f\" \/>\n\t<meta name=\"twitter:data1\" content=\"1 \u043c\u0438\u043d\u0443\u0442\u0430\" \/>\n<script type=\"application\/ld+json\" class=\"yoast-schema-graph\">{\"@context\":\"https:\\\/\\\/schema.org\",\"@graph\":[{\"@type\":\"WebPage\",\"@id\":\"https:\\\/\\\/zoo-land.az\\\/shop\\\/dog\\\/dog-beds\\\/amiplay-crown-2-in-1-hyge-s-dog-bed\\\/\",\"url\":\"https:\\\/\\\/zoo-land.az\\\/shop\\\/dog\\\/dog-beds\\\/amiplay-crown-2-in-1-hyge-s-dog-bed\\\/\",\"name\":\"Amiplay Crown 2-in-1 Hyge S Dog Bed - Zooland.az\",\"isPartOf\":{\"@id\":\"https:\\\/\\\/zoo-land.az\\\/#website\"},\"primaryImageOfPage\":{\"@id\":\"https:\\\/\\\/zoo-land.az\\\/shop\\\/dog\\\/dog-beds\\\/amiplay-crown-2-in-1-hyge-s-dog-bed\\\/#primaryimage\"},\"image\":{\"@id\":\"https:\\\/\\\/zoo-land.az\\\/shop\\\/dog\\\/dog-beds\\\/amiplay-crown-2-in-1-hyge-s-dog-bed\\\/#primaryimage\"},\"thumbnailUrl\":\"https:\\\/\\\/zoo-land.az\\\/wp-content\\\/uploads\\\/2024\\\/06\\\/455863-80f8557de21c2e5ac9bf2214b69809f5.jpg\",\"datePublished\":\"2024-06-17T17:23:22+00:00\",\"breadcrumb\":{\"@id\":\"https:\\\/\\\/zoo-land.az\\\/shop\\\/dog\\\/dog-beds\\\/amiplay-crown-2-in-1-hyge-s-dog-bed\\\/#breadcrumb\"},\"inLanguage\":\"ru-RU\",\"potentialAction\":[{\"@type\":\"ReadAction\",\"target\":[\"https:\\\/\\\/zoo-land.az\\\/shop\\\/dog\\\/dog-beds\\\/amiplay-crown-2-in-1-hyge-s-dog-bed\\\/\"]}]},{\"@type\":\"ImageObject\",\"inLanguage\":\"ru-RU\",\"@id\":\"https:\\\/\\\/zoo-land.az\\\/shop\\\/dog\\\/dog-beds\\\/amiplay-crown-2-in-1-hyge-s-dog-bed\\\/#primaryimage\",\"url\":\"https:\\\/\\\/zoo-land.az\\\/wp-content\\\/uploads\\\/2024\\\/06\\\/455863-80f8557de21c2e5ac9bf2214b69809f5.jpg\",\"contentUrl\":\"https:\\\/\\\/zoo-land.az\\\/wp-content\\\/uploads\\\/2024\\\/06\\\/455863-80f8557de21c2e5ac9bf2214b69809f5.jpg\",\"width\":1680,\"height\":1680},{\"@type\":\"BreadcrumbList\",\"@id\":\"https:\\\/\\\/zoo-land.az\\\/shop\\\/dog\\\/dog-beds\\\/amiplay-crown-2-in-1-hyge-s-dog-bed\\\/#breadcrumb\",\"itemListElement\":[{\"@type\":\"ListItem\",\"position\":1,\"name\":\"Home\",\"item\":\"https:\\\/\\\/zoo-land.az\\\/ru\\\/\"},{\"@type\":\"ListItem\",\"position\":2,\"name\":\"Shop\",\"item\":\"https:\\\/\\\/zoo-land.az\\\/ru\\\/\"},{\"@type\":\"ListItem\",\"position\":3,\"name\":\"Amiplay Crown 2-in-1 Hyge S Dog Bed\"}]},{\"@type\":\"WebSite\",\"@id\":\"https:\\\/\\\/zoo-land.az\\\/#website\",\"url\":\"https:\\\/\\\/zoo-land.az\\\/\",\"name\":\"Zooland.az\",\"description\":\"Xo\u015fb\u0259xt ev heyvanlar\u0131n\u0131n \u00fcnvan\u0131 Zooland.az\",\"publisher\":{\"@id\":\"https:\\\/\\\/zoo-land.az\\\/#organization\"},\"potentialAction\":[{\"@type\":\"SearchAction\",\"target\":{\"@type\":\"EntryPoint\",\"urlTemplate\":\"https:\\\/\\\/zoo-land.az\\\/?s={search_term_string}\"},\"query-input\":{\"@type\":\"PropertyValueSpecification\",\"valueRequired\":true,\"valueName\":\"search_term_string\"}}],\"inLanguage\":\"ru-RU\"},{\"@type\":\"Organization\",\"@id\":\"https:\\\/\\\/zoo-land.az\\\/#organization\",\"name\":\"Zooland.az\",\"url\":\"https:\\\/\\\/zoo-land.az\\\/\",\"logo\":{\"@type\":\"ImageObject\",\"inLanguage\":\"ru-RU\",\"@id\":\"https:\\\/\\\/zoo-land.az\\\/#\\\/schema\\\/logo\\\/image\\\/\",\"url\":\"https:\\\/\\\/zoo-land.az\\\/wp-content\\\/uploads\\\/2022\\\/05\\\/logo.svg\",\"contentUrl\":\"https:\\\/\\\/zoo-land.az\\\/wp-content\\\/uploads\\\/2022\\\/05\\\/logo.svg\",\"width\":113,\"height\":46,\"caption\":\"Zooland.az\"},\"image\":{\"@id\":\"https:\\\/\\\/zoo-land.az\\\/#\\\/schema\\\/logo\\\/image\\\/\"}}]}<\/script>\n<!-- \/ Yoast SEO plugin. -->","yoast_head_json":{"title":"Amiplay Crown 2-in-1 Hyge S Dog Bed - Zooland.az","robots":{"index":"index","follow":"follow","max-snippet":"max-snippet:-1","max-image-preview":"max-image-preview:large","max-video-preview":"max-video-preview:-1"},"canonical":"https:\/\/zoo-land.az\/ru\/shop\/dog\/dog-beds\/amiplay-crown-2-in-1-hyge-s-dog-bed\/","og_locale":"ru_RU","og_type":"article","og_title":"Amiplay Crown 2-in-1 Hyge S Dog Bed - Zooland.az","og_description":"The Amiplay Hygge series represents the latest fashion trend in Scandinavian style. It blends well with both modern and classic interiors, characterized by its elegant simplicity. The Hygge series is crafted from high-quality materials, including eco-friendly, durable felt made from recycled polyester fibers. Felt is flexible, lightweight, and does not crease.","og_url":"https:\/\/zoo-land.az\/ru\/shop\/dog\/dog-beds\/amiplay-crown-2-in-1-hyge-s-dog-bed\/","og_site_name":"Zooland.az","og_image":[{"width":1680,"height":1680,"url":"https:\/\/zoo-land.az\/wp-content\/uploads\/2024\/06\/455863-80f8557de21c2e5ac9bf2214b69809f5.jpg","type":"image\/jpeg"}],"twitter_card":"summary_large_image","twitter_misc":{"\u041f\u0440\u0438\u043c\u0435\u0440\u043d\u043e\u0435 \u0432\u0440\u0435\u043c\u044f \u0434\u043b\u044f \u0447\u0442\u0435\u043d\u0438\u044f":"1 \u043c\u0438\u043d\u0443\u0442\u0430"},"schema":{"@context":"https:\/\/schema.org","@graph":[{"@type":"WebPage","@id":"https:\/\/zoo-land.az\/shop\/dog\/dog-beds\/amiplay-crown-2-in-1-hyge-s-dog-bed\/","url":"https:\/\/zoo-land.az\/shop\/dog\/dog-beds\/amiplay-crown-2-in-1-hyge-s-dog-bed\/","name":"Amiplay Crown 2-in-1 Hyge S Dog Bed - Zooland.az","isPartOf":{"@id":"https:\/\/zoo-land.az\/#website"},"primaryImageOfPage":{"@id":"https:\/\/zoo-land.az\/shop\/dog\/dog-beds\/amiplay-crown-2-in-1-hyge-s-dog-bed\/#primaryimage"},"image":{"@id":"https:\/\/zoo-land.az\/shop\/dog\/dog-beds\/amiplay-crown-2-in-1-hyge-s-dog-bed\/#primaryimage"},"thumbnailUrl":"https:\/\/zoo-land.az\/wp-content\/uploads\/2024\/06\/455863-80f8557de21c2e5ac9bf2214b69809f5.jpg","datePublished":"2024-06-17T17:23:22+00:00","breadcrumb":{"@id":"https:\/\/zoo-land.az\/shop\/dog\/dog-beds\/amiplay-crown-2-in-1-hyge-s-dog-bed\/#breadcrumb"},"inLanguage":"ru-RU","potentialAction":[{"@type":"ReadAction","target":["https:\/\/zoo-land.az\/shop\/dog\/dog-beds\/amiplay-crown-2-in-1-hyge-s-dog-bed\/"]}]},{"@type":"ImageObject","inLanguage":"ru-RU","@id":"https:\/\/zoo-land.az\/shop\/dog\/dog-beds\/amiplay-crown-2-in-1-hyge-s-dog-bed\/#primaryimage","url":"https:\/\/zoo-land.az\/wp-content\/uploads\/2024\/06\/455863-80f8557de21c2e5ac9bf2214b69809f5.jpg","contentUrl":"https:\/\/zoo-land.az\/wp-content\/uploads\/2024\/06\/455863-80f8557de21c2e5ac9bf2214b69809f5.jpg","width":1680,"height":1680},{"@type":"BreadcrumbList","@id":"https:\/\/zoo-land.az\/shop\/dog\/dog-beds\/amiplay-crown-2-in-1-hyge-s-dog-bed\/#breadcrumb","itemListElement":[{"@type":"ListItem","position":1,"name":"Home","item":"https:\/\/zoo-land.az\/ru\/"},{"@type":"ListItem","position":2,"name":"Shop","item":"https:\/\/zoo-land.az\/ru\/"},{"@type":"ListItem","position":3,"name":"Amiplay Crown 2-in-1 Hyge S Dog Bed"}]},{"@type":"WebSite","@id":"https:\/\/zoo-land.az\/#website","url":"https:\/\/zoo-land.az\/","name":"Zooland.az","description":"Xo\u015fb\u0259xt ev heyvanlar\u0131n\u0131n \u00fcnvan\u0131 Zooland.az","publisher":{"@id":"https:\/\/zoo-land.az\/#organization"},"potentialAction":[{"@type":"SearchAction","target":{"@type":"EntryPoint","urlTemplate":"https:\/\/zoo-land.az\/?s={search_term_string}"},"query-input":{"@type":"PropertyValueSpecification","valueRequired":true,"valueName":"search_term_string"}}],"inLanguage":"ru-RU"},{"@type":"Organization","@id":"https:\/\/zoo-land.az\/#organization","name":"Zooland.az","url":"https:\/\/zoo-land.az\/","logo":{"@type":"ImageObject","inLanguage":"ru-RU","@id":"https:\/\/zoo-land.az\/#\/schema\/logo\/image\/","url":"https:\/\/zoo-land.az\/wp-content\/uploads\/2022\/05\/logo.svg","contentUrl":"https:\/\/zoo-land.az\/wp-content\/uploads\/2022\/05\/logo.svg","width":113,"height":46,"caption":"Zooland.az"},"image":{"@id":"https:\/\/zoo-land.az\/#\/schema\/logo\/image\/"}}]}},"_links":{"self":[{"href":"https:\/\/zoo-land.az\/ru\/wp-json\/wp\/v2\/product\/23976","targetHints":{"allow":["GET"]}}],"collection":[{"href":"https:\/\/zoo-land.az\/ru\/wp-json\/wp\/v2\/product"}],"about":[{"href":"https:\/\/zoo-land.az\/ru\/wp-json\/wp\/v2\/types\/product"}],"wp:featuredmedia":[{"embeddable":true,"href":"https:\/\/zoo-land.az\/ru\/wp-json\/wp\/v2\/media\/23977"}],"wp:attachment":[{"href":"https:\/\/zoo-land.az\/ru\/wp-json\/wp\/v2\/media?parent=23976"}],"wp:term":[{"taxonomy":"product_cat","embeddable":true,"href":"https:\/\/zoo-land.az\/ru\/wp-json\/wp\/v2\/product_cat?post=23976"},{"taxonomy":"product_tag","embeddable":true,"href":"https:\/\/zoo-land.az\/ru\/wp-json\/wp\/v2\/product_tag?post=23976"}],"curies":[{"name":"wp","href":"https:\/\/api.w.org\/{rel}","templated":true}]}}