{"id":24002,"date":"2024-06-18T07:43:43","date_gmt":"2024-06-18T07:43:43","guid":{"rendered":"https:\/\/lightsteelblue-zebra-299715.hostingersite.com\/?post_type=product&#038;p=24002"},"modified":"2024-06-18T07:43:43","modified_gmt":"2024-06-18T07:43:43","slug":"beaphar-veto-pure-dog-drops-15-kg-3-pipettes","status":"publish","type":"product","link":"https:\/\/zoo-land.az\/ru\/shop\/dog\/medications\/beaphar-veto-pure-dog-drops-15-kg-3-pipettes\/","title":{"rendered":"Beaphar Veto Pure Dog Drops, 15 kg, 3 pipettes"},"content":{"rendered":"<p>Beaphar Bio Spot On VETO Pure Drops for small dogs (up to 15 kg) from 12 weeks of age. This product is a clear oily liquid designed to repel fleas, ticks, and mosquitoes. The natural drops are effective from 12 weeks of age, repelling parasites while also benefiting the animal&#8217;s skin, maintaining a well-groomed coat, and reducing itching from insect bites. Active ingredients include Margosa oil, Cedarwood oil, and Citronella.<\/p>\n<p>Application method: Before use, break off the tip of the pipette. Part the fur and apply the drops directly onto the skin at the base of the neck. Repeat treatment every 4 weeks. The drops are waterproof, and the animal can be washed three days after application. Use caution when applying to animals with white fur, as the fur may slightly discolor at the application site. Do not use on sick or recovering animals. Avoid contact with the animal&#8217;s eyes and nose.<\/p>","protected":false},"excerpt":{"rendered":"<p>Beaphar Bio Spot On VETO Pure Drops for small dogs (up to 15 kg) from 12 weeks of age. This product is a clear oily liquid designed to repel fleas, ticks, and mosquitoes. The natural drops are effective from 12 weeks of age, repelling parasites while also benefiting the animal&#8217;s skin, maintaining a well-groomed coat, and reducing itching from insect bites. Active ingredients include Margosa oil, Cedarwood oil, and Citronella.<\/p>","protected":false},"featured_media":24003,"template":"","meta":{"inline_featured_image":false,"_joinchat":[]},"product_cat":[107,388],"product_tag":[],"class_list":{"0":"post-24002","1":"product","2":"type-product","3":"status-publish","4":"has-post-thumbnail","6":"product_brand-beaphar","7":"product_cat-dog","8":"product_cat-medications","10":"first","11":"instock","12":"shipping-taxable","13":"purchasable","14":"product-type-simple"},"yoast_head":"<!-- This site is optimized with the Yoast SEO plugin v27.4 - https:\/\/yoast.com\/product\/yoast-seo-wordpress\/ -->\n<title>Beaphar Veto Pure Dog Drops, 15 kg, 3 pipettes - Zooland.az<\/title>\n<meta name=\"robots\" content=\"index, follow, max-snippet:-1, max-image-preview:large, max-video-preview:-1\" \/>\n<link rel=\"canonical\" href=\"https:\/\/zoo-land.az\/ru\/shop\/dog\/medications\/beaphar-veto-pure-dog-drops-15-kg-3-pipettes\/\" \/>\n<meta property=\"og:locale\" content=\"ru_RU\" \/>\n<meta property=\"og:type\" content=\"article\" \/>\n<meta property=\"og:title\" content=\"Beaphar Veto Pure Dog Drops, 15 kg, 3 pipettes - Zooland.az\" \/>\n<meta property=\"og:description\" content=\"Beaphar Bio Spot On VETO Pure Drops for small dogs (up to 15 kg) from 12 weeks of age. This product is a clear oily liquid designed to repel fleas, ticks, and mosquitoes. The natural drops are effective from 12 weeks of age, repelling parasites while also benefiting the animal&#039;s skin, maintaining a well-groomed coat, and reducing itching from insect bites. Active ingredients include Margosa oil, Cedarwood oil, and Citronella.\" \/>\n<meta property=\"og:url\" content=\"https:\/\/zoo-land.az\/ru\/shop\/dog\/medications\/beaphar-veto-pure-dog-drops-15-kg-3-pipettes\/\" \/>\n<meta property=\"og:site_name\" content=\"Zooland.az\" \/>\n<meta property=\"og:image\" content=\"https:\/\/zoo-land.az\/wp-content\/uploads\/2024\/06\/97613-94f3b2fe8152a908c718dfe7c9ed3062.jpg\" \/>\n\t<meta property=\"og:image:width\" content=\"840\" \/>\n\t<meta property=\"og:image:height\" content=\"773\" \/>\n\t<meta property=\"og:image:type\" content=\"image\/jpeg\" \/>\n<meta name=\"twitter:card\" content=\"summary_large_image\" \/>\n<meta name=\"twitter:label1\" content=\"\u041f\u0440\u0438\u043c\u0435\u0440\u043d\u043e\u0435 \u0432\u0440\u0435\u043c\u044f \u0434\u043b\u044f \u0447\u0442\u0435\u043d\u0438\u044f\" \/>\n\t<meta name=\"twitter:data1\" content=\"1 \u043c\u0438\u043d\u0443\u0442\u0430\" \/>\n<script type=\"application\/ld+json\" class=\"yoast-schema-graph\">{\"@context\":\"https:\\\/\\\/schema.org\",\"@graph\":[{\"@type\":\"WebPage\",\"@id\":\"https:\\\/\\\/zoo-land.az\\\/ru\\\/shop\\\/dog\\\/medications\\\/beaphar-veto-pure-dog-drops-15-kg-3-pipettes\\\/\",\"url\":\"https:\\\/\\\/zoo-land.az\\\/ru\\\/shop\\\/dog\\\/medications\\\/beaphar-veto-pure-dog-drops-15-kg-3-pipettes\\\/\",\"name\":\"Beaphar Veto Pure Dog Drops, 15 kg, 3 pipettes - Zooland.az\",\"isPartOf\":{\"@id\":\"https:\\\/\\\/zoo-land.az\\\/#website\"},\"primaryImageOfPage\":{\"@id\":\"https:\\\/\\\/zoo-land.az\\\/ru\\\/shop\\\/dog\\\/medications\\\/beaphar-veto-pure-dog-drops-15-kg-3-pipettes\\\/#primaryimage\"},\"image\":{\"@id\":\"https:\\\/\\\/zoo-land.az\\\/ru\\\/shop\\\/dog\\\/medications\\\/beaphar-veto-pure-dog-drops-15-kg-3-pipettes\\\/#primaryimage\"},\"thumbnailUrl\":\"https:\\\/\\\/zoo-land.az\\\/wp-content\\\/uploads\\\/2024\\\/06\\\/97613-94f3b2fe8152a908c718dfe7c9ed3062.jpg\",\"datePublished\":\"2024-06-18T07:43:43+00:00\",\"breadcrumb\":{\"@id\":\"https:\\\/\\\/zoo-land.az\\\/ru\\\/shop\\\/dog\\\/medications\\\/beaphar-veto-pure-dog-drops-15-kg-3-pipettes\\\/#breadcrumb\"},\"inLanguage\":\"ru-RU\",\"potentialAction\":[{\"@type\":\"ReadAction\",\"target\":[\"https:\\\/\\\/zoo-land.az\\\/ru\\\/shop\\\/dog\\\/medications\\\/beaphar-veto-pure-dog-drops-15-kg-3-pipettes\\\/\"]}]},{\"@type\":\"ImageObject\",\"inLanguage\":\"ru-RU\",\"@id\":\"https:\\\/\\\/zoo-land.az\\\/ru\\\/shop\\\/dog\\\/medications\\\/beaphar-veto-pure-dog-drops-15-kg-3-pipettes\\\/#primaryimage\",\"url\":\"https:\\\/\\\/zoo-land.az\\\/wp-content\\\/uploads\\\/2024\\\/06\\\/97613-94f3b2fe8152a908c718dfe7c9ed3062.jpg\",\"contentUrl\":\"https:\\\/\\\/zoo-land.az\\\/wp-content\\\/uploads\\\/2024\\\/06\\\/97613-94f3b2fe8152a908c718dfe7c9ed3062.jpg\",\"width\":840,\"height\":773},{\"@type\":\"BreadcrumbList\",\"@id\":\"https:\\\/\\\/zoo-land.az\\\/ru\\\/shop\\\/dog\\\/medications\\\/beaphar-veto-pure-dog-drops-15-kg-3-pipettes\\\/#breadcrumb\",\"itemListElement\":[{\"@type\":\"ListItem\",\"position\":1,\"name\":\"Home\",\"item\":\"https:\\\/\\\/zoo-land.az\\\/ru\\\/\"},{\"@type\":\"ListItem\",\"position\":2,\"name\":\"Shop\",\"item\":\"https:\\\/\\\/zoo-land.az\\\/ru\\\/\"},{\"@type\":\"ListItem\",\"position\":3,\"name\":\"Beaphar Veto Pure Dog Drops, 15 kg, 3 pipettes\"}]},{\"@type\":\"WebSite\",\"@id\":\"https:\\\/\\\/zoo-land.az\\\/#website\",\"url\":\"https:\\\/\\\/zoo-land.az\\\/\",\"name\":\"Zooland.az\",\"description\":\"Xo\u015fb\u0259xt ev heyvanlar\u0131n\u0131n \u00fcnvan\u0131 Zooland.az\",\"publisher\":{\"@id\":\"https:\\\/\\\/zoo-land.az\\\/#organization\"},\"potentialAction\":[{\"@type\":\"SearchAction\",\"target\":{\"@type\":\"EntryPoint\",\"urlTemplate\":\"https:\\\/\\\/zoo-land.az\\\/?s={search_term_string}\"},\"query-input\":{\"@type\":\"PropertyValueSpecification\",\"valueRequired\":true,\"valueName\":\"search_term_string\"}}],\"inLanguage\":\"ru-RU\"},{\"@type\":\"Organization\",\"@id\":\"https:\\\/\\\/zoo-land.az\\\/#organization\",\"name\":\"Zooland.az\",\"url\":\"https:\\\/\\\/zoo-land.az\\\/\",\"logo\":{\"@type\":\"ImageObject\",\"inLanguage\":\"ru-RU\",\"@id\":\"https:\\\/\\\/zoo-land.az\\\/#\\\/schema\\\/logo\\\/image\\\/\",\"url\":\"https:\\\/\\\/zoo-land.az\\\/wp-content\\\/uploads\\\/2022\\\/05\\\/logo.svg\",\"contentUrl\":\"https:\\\/\\\/zoo-land.az\\\/wp-content\\\/uploads\\\/2022\\\/05\\\/logo.svg\",\"width\":113,\"height\":46,\"caption\":\"Zooland.az\"},\"image\":{\"@id\":\"https:\\\/\\\/zoo-land.az\\\/#\\\/schema\\\/logo\\\/image\\\/\"}}]}<\/script>\n<!-- \/ Yoast SEO plugin. -->","yoast_head_json":{"title":"Beaphar Veto Pure Dog Drops, 15 kg, 3 pipettes - Zooland.az","robots":{"index":"index","follow":"follow","max-snippet":"max-snippet:-1","max-image-preview":"max-image-preview:large","max-video-preview":"max-video-preview:-1"},"canonical":"https:\/\/zoo-land.az\/ru\/shop\/dog\/medications\/beaphar-veto-pure-dog-drops-15-kg-3-pipettes\/","og_locale":"ru_RU","og_type":"article","og_title":"Beaphar Veto Pure Dog Drops, 15 kg, 3 pipettes - Zooland.az","og_description":"Beaphar Bio Spot On VETO Pure Drops for small dogs (up to 15 kg) from 12 weeks of age. This product is a clear oily liquid designed to repel fleas, ticks, and mosquitoes. The natural drops are effective from 12 weeks of age, repelling parasites while also benefiting the animal's skin, maintaining a well-groomed coat, and reducing itching from insect bites. Active ingredients include Margosa oil, Cedarwood oil, and Citronella.","og_url":"https:\/\/zoo-land.az\/ru\/shop\/dog\/medications\/beaphar-veto-pure-dog-drops-15-kg-3-pipettes\/","og_site_name":"Zooland.az","og_image":[{"width":840,"height":773,"url":"https:\/\/zoo-land.az\/wp-content\/uploads\/2024\/06\/97613-94f3b2fe8152a908c718dfe7c9ed3062.jpg","type":"image\/jpeg"}],"twitter_card":"summary_large_image","twitter_misc":{"\u041f\u0440\u0438\u043c\u0435\u0440\u043d\u043e\u0435 \u0432\u0440\u0435\u043c\u044f \u0434\u043b\u044f \u0447\u0442\u0435\u043d\u0438\u044f":"1 \u043c\u0438\u043d\u0443\u0442\u0430"},"schema":{"@context":"https:\/\/schema.org","@graph":[{"@type":"WebPage","@id":"https:\/\/zoo-land.az\/ru\/shop\/dog\/medications\/beaphar-veto-pure-dog-drops-15-kg-3-pipettes\/","url":"https:\/\/zoo-land.az\/ru\/shop\/dog\/medications\/beaphar-veto-pure-dog-drops-15-kg-3-pipettes\/","name":"Beaphar Veto Pure Dog Drops, 15 kg, 3 pipettes - Zooland.az","isPartOf":{"@id":"https:\/\/zoo-land.az\/#website"},"primaryImageOfPage":{"@id":"https:\/\/zoo-land.az\/ru\/shop\/dog\/medications\/beaphar-veto-pure-dog-drops-15-kg-3-pipettes\/#primaryimage"},"image":{"@id":"https:\/\/zoo-land.az\/ru\/shop\/dog\/medications\/beaphar-veto-pure-dog-drops-15-kg-3-pipettes\/#primaryimage"},"thumbnailUrl":"https:\/\/zoo-land.az\/wp-content\/uploads\/2024\/06\/97613-94f3b2fe8152a908c718dfe7c9ed3062.jpg","datePublished":"2024-06-18T07:43:43+00:00","breadcrumb":{"@id":"https:\/\/zoo-land.az\/ru\/shop\/dog\/medications\/beaphar-veto-pure-dog-drops-15-kg-3-pipettes\/#breadcrumb"},"inLanguage":"ru-RU","potentialAction":[{"@type":"ReadAction","target":["https:\/\/zoo-land.az\/ru\/shop\/dog\/medications\/beaphar-veto-pure-dog-drops-15-kg-3-pipettes\/"]}]},{"@type":"ImageObject","inLanguage":"ru-RU","@id":"https:\/\/zoo-land.az\/ru\/shop\/dog\/medications\/beaphar-veto-pure-dog-drops-15-kg-3-pipettes\/#primaryimage","url":"https:\/\/zoo-land.az\/wp-content\/uploads\/2024\/06\/97613-94f3b2fe8152a908c718dfe7c9ed3062.jpg","contentUrl":"https:\/\/zoo-land.az\/wp-content\/uploads\/2024\/06\/97613-94f3b2fe8152a908c718dfe7c9ed3062.jpg","width":840,"height":773},{"@type":"BreadcrumbList","@id":"https:\/\/zoo-land.az\/ru\/shop\/dog\/medications\/beaphar-veto-pure-dog-drops-15-kg-3-pipettes\/#breadcrumb","itemListElement":[{"@type":"ListItem","position":1,"name":"Home","item":"https:\/\/zoo-land.az\/ru\/"},{"@type":"ListItem","position":2,"name":"Shop","item":"https:\/\/zoo-land.az\/ru\/"},{"@type":"ListItem","position":3,"name":"Beaphar Veto Pure Dog Drops, 15 kg, 3 pipettes"}]},{"@type":"WebSite","@id":"https:\/\/zoo-land.az\/#website","url":"https:\/\/zoo-land.az\/","name":"Zooland.az","description":"Xo\u015fb\u0259xt ev heyvanlar\u0131n\u0131n \u00fcnvan\u0131 Zooland.az","publisher":{"@id":"https:\/\/zoo-land.az\/#organization"},"potentialAction":[{"@type":"SearchAction","target":{"@type":"EntryPoint","urlTemplate":"https:\/\/zoo-land.az\/?s={search_term_string}"},"query-input":{"@type":"PropertyValueSpecification","valueRequired":true,"valueName":"search_term_string"}}],"inLanguage":"ru-RU"},{"@type":"Organization","@id":"https:\/\/zoo-land.az\/#organization","name":"Zooland.az","url":"https:\/\/zoo-land.az\/","logo":{"@type":"ImageObject","inLanguage":"ru-RU","@id":"https:\/\/zoo-land.az\/#\/schema\/logo\/image\/","url":"https:\/\/zoo-land.az\/wp-content\/uploads\/2022\/05\/logo.svg","contentUrl":"https:\/\/zoo-land.az\/wp-content\/uploads\/2022\/05\/logo.svg","width":113,"height":46,"caption":"Zooland.az"},"image":{"@id":"https:\/\/zoo-land.az\/#\/schema\/logo\/image\/"}}]}},"_links":{"self":[{"href":"https:\/\/zoo-land.az\/ru\/wp-json\/wp\/v2\/product\/24002","targetHints":{"allow":["GET"]}}],"collection":[{"href":"https:\/\/zoo-land.az\/ru\/wp-json\/wp\/v2\/product"}],"about":[{"href":"https:\/\/zoo-land.az\/ru\/wp-json\/wp\/v2\/types\/product"}],"wp:featuredmedia":[{"embeddable":true,"href":"https:\/\/zoo-land.az\/ru\/wp-json\/wp\/v2\/media\/24003"}],"wp:attachment":[{"href":"https:\/\/zoo-land.az\/ru\/wp-json\/wp\/v2\/media?parent=24002"}],"wp:term":[{"taxonomy":"product_cat","embeddable":true,"href":"https:\/\/zoo-land.az\/ru\/wp-json\/wp\/v2\/product_cat?post=24002"},{"taxonomy":"product_tag","embeddable":true,"href":"https:\/\/zoo-land.az\/ru\/wp-json\/wp\/v2\/product_tag?post=24002"}],"curies":[{"name":"wp","href":"https:\/\/api.w.org\/{rel}","templated":true}]}}