{"id":24049,"date":"2024-06-18T08:56:10","date_gmt":"2024-06-18T08:56:10","guid":{"rendered":"https:\/\/lightsteelblue-zebra-299715.hostingersite.com\/?post_type=product&#038;p=24049"},"modified":"2024-06-18T08:56:11","modified_gmt":"2024-06-18T08:56:11","slug":"beaphar-kittys-biotin-taurine-180-tab","status":"publish","type":"product","link":"https:\/\/zoo-land.az\/ru\/shop\/cat\/vitamins\/beaphar-kittys-biotin-taurine-180-tab\/","title":{"rendered":"Beaphar Kittys \u0411\u0438\u043e\u0442\u0438\u043d \u0422\u0430\u0443\u0440\u0438\u043d 180 \u0442\u0430\u0431."},"content":{"rendered":"<p><strong>Nutritious and Tasty Supplement for Everyday Feeding<\/strong><\/p>\n<p>This tasty and beneficial supplement is designed to complement your cat&#8217;s daily diet, providing essential vitamins and minerals that help strengthen her health and support her immune system.<\/p>\n<p>The vitamin complex in treat form offers a wide selection of flavors and beneficial additives for cats. Each package contains three different types of tablets: beige tablets with yogurt flavor enriched with taurine and biotin, pink tablets with fish flavor enriched with protein, and yellow tablets with cheese flavor. Taurine supports the heart, gallbladder, brain, and eyes of the cat; biotin promotes healthy skin and coat; protein has a general strengthening effect on your cat&#8217;s health, and cheese adds variety to her daily menu.<\/p>\n<p><strong>\u0418\u043d\u0433\u0440\u0435\u0434\u0438\u0435\u043d\u0442\u044b:<\/strong><\/p>\n<ul>\n<li>Milk and dairy products (minimum 1.4% cheese content)<\/li>\n<li>Sugars<\/li>\n<li>Minerals<\/li>\n<li>Mollusks and crustaceans (minimum 2.7% shrimp)<\/li>\n<li>Meat and animal products<\/li>\n<li>Fish and fish products (minimum 1.3% cod)<\/li>\n<li>Yeast<\/li>\n<li>Plant-based products<\/li>\n<\/ul>\n<p><strong>Dosage:<\/strong> 1 to 4 tablets daily per kilogram of your pet&#8217;s weight.<\/p>\n<p>This supplement not only enhances your cat&#8217;s health but also provides a delicious variety that she will enjoy as part of her daily routine.<\/p>","protected":false},"excerpt":{"rendered":"<p>This tasty and beneficial supplement is designed to complement your cat&#8217;s daily diet, providing essential vitamins and minerals that help strengthen her health and support her immune system.<\/p>","protected":false},"featured_media":24050,"template":"","meta":{"inline_featured_image":false,"_joinchat":[]},"product_cat":[188,374,364],"product_tag":[],"class_list":{"0":"post-24049","1":"product","2":"type-product","3":"status-publish","4":"has-post-thumbnail","6":"product_brand-beaphar","7":"product_cat-cat","8":"product_cat-treats-cat","9":"product_cat-vitamins","11":"first","12":"instock","13":"shipping-taxable","14":"purchasable","15":"product-type-simple"},"yoast_head":"<!-- This site is optimized with the Yoast SEO plugin v26.7 - https:\/\/yoast.com\/wordpress\/plugins\/seo\/ -->\n<title>Beaphar Kittys Biotin Taurine 180 tab - Zooland.az<\/title>\n<meta name=\"robots\" content=\"index, follow, max-snippet:-1, max-image-preview:large, max-video-preview:-1\" \/>\n<link rel=\"canonical\" href=\"https:\/\/zoo-land.az\/ru\/shop\/cat\/vitamins\/beaphar-kittys-biotin-taurine-180-tab\/\" \/>\n<meta property=\"og:locale\" content=\"ru_RU\" \/>\n<meta property=\"og:type\" content=\"article\" \/>\n<meta property=\"og:title\" content=\"Beaphar Kittys Biotin Taurine 180 tab - Zooland.az\" \/>\n<meta property=\"og:description\" content=\"This tasty and beneficial supplement is designed to complement your cat&#039;s daily diet, providing essential vitamins and minerals that help strengthen her health and support her immune system.\" \/>\n<meta property=\"og:url\" content=\"https:\/\/zoo-land.az\/ru\/shop\/cat\/vitamins\/beaphar-kittys-biotin-taurine-180-tab\/\" \/>\n<meta property=\"og:site_name\" content=\"Zooland.az\" \/>\n<meta property=\"article:modified_time\" content=\"2024-06-18T08:56:11+00:00\" \/>\n<meta property=\"og:image\" content=\"https:\/\/zoo-land.az\/wp-content\/uploads\/2024\/06\/6060407850.jpg\" \/>\n\t<meta property=\"og:image:width\" content=\"1000\" \/>\n\t<meta property=\"og:image:height\" content=\"1000\" \/>\n\t<meta property=\"og:image:type\" content=\"image\/jpeg\" \/>\n<meta name=\"twitter:card\" content=\"summary_large_image\" \/>\n<meta name=\"twitter:label1\" content=\"\u041f\u0440\u0438\u043c\u0435\u0440\u043d\u043e\u0435 \u0432\u0440\u0435\u043c\u044f \u0434\u043b\u044f \u0447\u0442\u0435\u043d\u0438\u044f\" \/>\n\t<meta name=\"twitter:data1\" content=\"2 \u043c\u0438\u043d\u0443\u0442\u044b\" \/>\n<script type=\"application\/ld+json\" class=\"yoast-schema-graph\">{\"@context\":\"https:\/\/schema.org\",\"@graph\":[{\"@type\":\"WebPage\",\"@id\":\"https:\/\/zoo-land.az\/shop\/cat\/vitamins\/beaphar-kittys-biotin-taurine-180-tab\/\",\"url\":\"https:\/\/zoo-land.az\/shop\/cat\/vitamins\/beaphar-kittys-biotin-taurine-180-tab\/\",\"name\":\"Beaphar Kittys Biotin Taurine 180 tab - Zooland.az\",\"isPartOf\":{\"@id\":\"https:\/\/zoo-land.az\/#website\"},\"primaryImageOfPage\":{\"@id\":\"https:\/\/zoo-land.az\/shop\/cat\/vitamins\/beaphar-kittys-biotin-taurine-180-tab\/#primaryimage\"},\"image\":{\"@id\":\"https:\/\/zoo-land.az\/shop\/cat\/vitamins\/beaphar-kittys-biotin-taurine-180-tab\/#primaryimage\"},\"thumbnailUrl\":\"https:\/\/zoo-land.az\/wp-content\/uploads\/2024\/06\/6060407850.jpg\",\"datePublished\":\"2024-06-18T08:56:10+00:00\",\"dateModified\":\"2024-06-18T08:56:11+00:00\",\"breadcrumb\":{\"@id\":\"https:\/\/zoo-land.az\/shop\/cat\/vitamins\/beaphar-kittys-biotin-taurine-180-tab\/#breadcrumb\"},\"inLanguage\":\"ru-RU\",\"potentialAction\":[{\"@type\":\"ReadAction\",\"target\":[\"https:\/\/zoo-land.az\/shop\/cat\/vitamins\/beaphar-kittys-biotin-taurine-180-tab\/\"]}]},{\"@type\":\"ImageObject\",\"inLanguage\":\"ru-RU\",\"@id\":\"https:\/\/zoo-land.az\/shop\/cat\/vitamins\/beaphar-kittys-biotin-taurine-180-tab\/#primaryimage\",\"url\":\"https:\/\/zoo-land.az\/wp-content\/uploads\/2024\/06\/6060407850.jpg\",\"contentUrl\":\"https:\/\/zoo-land.az\/wp-content\/uploads\/2024\/06\/6060407850.jpg\",\"width\":1000,\"height\":1000},{\"@type\":\"BreadcrumbList\",\"@id\":\"https:\/\/zoo-land.az\/shop\/cat\/vitamins\/beaphar-kittys-biotin-taurine-180-tab\/#breadcrumb\",\"itemListElement\":[{\"@type\":\"ListItem\",\"position\":1,\"name\":\"Home\",\"item\":\"https:\/\/zoo-land.az\/ru\/\"},{\"@type\":\"ListItem\",\"position\":2,\"name\":\"Shop\",\"item\":\"https:\/\/zoo-land.az\/ru\/\"},{\"@type\":\"ListItem\",\"position\":3,\"name\":\"Beaphar Kittys Biotin Taurine 180 tab\"}]},{\"@type\":\"WebSite\",\"@id\":\"https:\/\/zoo-land.az\/#website\",\"url\":\"https:\/\/zoo-land.az\/\",\"name\":\"Zooland.az\",\"description\":\"Xo\u015fb\u0259xt ev heyvanlar\u0131n\u0131n \u00fcnvan\u0131 Zooland.az\",\"publisher\":{\"@id\":\"https:\/\/zoo-land.az\/#organization\"},\"potentialAction\":[{\"@type\":\"SearchAction\",\"target\":{\"@type\":\"EntryPoint\",\"urlTemplate\":\"https:\/\/zoo-land.az\/?s={search_term_string}\"},\"query-input\":{\"@type\":\"PropertyValueSpecification\",\"valueRequired\":true,\"valueName\":\"search_term_string\"}}],\"inLanguage\":\"ru-RU\"},{\"@type\":\"Organization\",\"@id\":\"https:\/\/zoo-land.az\/#organization\",\"name\":\"Zooland.az\",\"url\":\"https:\/\/zoo-land.az\/\",\"logo\":{\"@type\":\"ImageObject\",\"inLanguage\":\"ru-RU\",\"@id\":\"https:\/\/zoo-land.az\/#\/schema\/logo\/image\/\",\"url\":\"https:\/\/zoo-land.az\/wp-content\/uploads\/2022\/05\/logo.svg\",\"contentUrl\":\"https:\/\/zoo-land.az\/wp-content\/uploads\/2022\/05\/logo.svg\",\"width\":113,\"height\":46,\"caption\":\"Zooland.az\"},\"image\":{\"@id\":\"https:\/\/zoo-land.az\/#\/schema\/logo\/image\/\"}}]}<\/script>\n<!-- \/ Yoast SEO plugin. -->","yoast_head_json":{"title":"Beaphar Kittys Biotin Taurine 180 tab - Zooland.az","robots":{"index":"index","follow":"follow","max-snippet":"max-snippet:-1","max-image-preview":"max-image-preview:large","max-video-preview":"max-video-preview:-1"},"canonical":"https:\/\/zoo-land.az\/ru\/shop\/cat\/vitamins\/beaphar-kittys-biotin-taurine-180-tab\/","og_locale":"ru_RU","og_type":"article","og_title":"Beaphar Kittys Biotin Taurine 180 tab - Zooland.az","og_description":"This tasty and beneficial supplement is designed to complement your cat's daily diet, providing essential vitamins and minerals that help strengthen her health and support her immune system.","og_url":"https:\/\/zoo-land.az\/ru\/shop\/cat\/vitamins\/beaphar-kittys-biotin-taurine-180-tab\/","og_site_name":"Zooland.az","article_modified_time":"2024-06-18T08:56:11+00:00","og_image":[{"width":1000,"height":1000,"url":"https:\/\/zoo-land.az\/wp-content\/uploads\/2024\/06\/6060407850.jpg","type":"image\/jpeg"}],"twitter_card":"summary_large_image","twitter_misc":{"\u041f\u0440\u0438\u043c\u0435\u0440\u043d\u043e\u0435 \u0432\u0440\u0435\u043c\u044f \u0434\u043b\u044f \u0447\u0442\u0435\u043d\u0438\u044f":"2 \u043c\u0438\u043d\u0443\u0442\u044b"},"schema":{"@context":"https:\/\/schema.org","@graph":[{"@type":"WebPage","@id":"https:\/\/zoo-land.az\/shop\/cat\/vitamins\/beaphar-kittys-biotin-taurine-180-tab\/","url":"https:\/\/zoo-land.az\/shop\/cat\/vitamins\/beaphar-kittys-biotin-taurine-180-tab\/","name":"Beaphar Kittys Biotin Taurine 180 tab - Zooland.az","isPartOf":{"@id":"https:\/\/zoo-land.az\/#website"},"primaryImageOfPage":{"@id":"https:\/\/zoo-land.az\/shop\/cat\/vitamins\/beaphar-kittys-biotin-taurine-180-tab\/#primaryimage"},"image":{"@id":"https:\/\/zoo-land.az\/shop\/cat\/vitamins\/beaphar-kittys-biotin-taurine-180-tab\/#primaryimage"},"thumbnailUrl":"https:\/\/zoo-land.az\/wp-content\/uploads\/2024\/06\/6060407850.jpg","datePublished":"2024-06-18T08:56:10+00:00","dateModified":"2024-06-18T08:56:11+00:00","breadcrumb":{"@id":"https:\/\/zoo-land.az\/shop\/cat\/vitamins\/beaphar-kittys-biotin-taurine-180-tab\/#breadcrumb"},"inLanguage":"ru-RU","potentialAction":[{"@type":"ReadAction","target":["https:\/\/zoo-land.az\/shop\/cat\/vitamins\/beaphar-kittys-biotin-taurine-180-tab\/"]}]},{"@type":"ImageObject","inLanguage":"ru-RU","@id":"https:\/\/zoo-land.az\/shop\/cat\/vitamins\/beaphar-kittys-biotin-taurine-180-tab\/#primaryimage","url":"https:\/\/zoo-land.az\/wp-content\/uploads\/2024\/06\/6060407850.jpg","contentUrl":"https:\/\/zoo-land.az\/wp-content\/uploads\/2024\/06\/6060407850.jpg","width":1000,"height":1000},{"@type":"BreadcrumbList","@id":"https:\/\/zoo-land.az\/shop\/cat\/vitamins\/beaphar-kittys-biotin-taurine-180-tab\/#breadcrumb","itemListElement":[{"@type":"ListItem","position":1,"name":"Home","item":"https:\/\/zoo-land.az\/ru\/"},{"@type":"ListItem","position":2,"name":"Shop","item":"https:\/\/zoo-land.az\/ru\/"},{"@type":"ListItem","position":3,"name":"Beaphar Kittys Biotin Taurine 180 tab"}]},{"@type":"WebSite","@id":"https:\/\/zoo-land.az\/#website","url":"https:\/\/zoo-land.az\/","name":"Zooland.az","description":"Xo\u015fb\u0259xt ev heyvanlar\u0131n\u0131n \u00fcnvan\u0131 Zooland.az","publisher":{"@id":"https:\/\/zoo-land.az\/#organization"},"potentialAction":[{"@type":"SearchAction","target":{"@type":"EntryPoint","urlTemplate":"https:\/\/zoo-land.az\/?s={search_term_string}"},"query-input":{"@type":"PropertyValueSpecification","valueRequired":true,"valueName":"search_term_string"}}],"inLanguage":"ru-RU"},{"@type":"Organization","@id":"https:\/\/zoo-land.az\/#organization","name":"Zooland.az","url":"https:\/\/zoo-land.az\/","logo":{"@type":"ImageObject","inLanguage":"ru-RU","@id":"https:\/\/zoo-land.az\/#\/schema\/logo\/image\/","url":"https:\/\/zoo-land.az\/wp-content\/uploads\/2022\/05\/logo.svg","contentUrl":"https:\/\/zoo-land.az\/wp-content\/uploads\/2022\/05\/logo.svg","width":113,"height":46,"caption":"Zooland.az"},"image":{"@id":"https:\/\/zoo-land.az\/#\/schema\/logo\/image\/"}}]}},"_links":{"self":[{"href":"https:\/\/zoo-land.az\/ru\/wp-json\/wp\/v2\/product\/24049","targetHints":{"allow":["GET"]}}],"collection":[{"href":"https:\/\/zoo-land.az\/ru\/wp-json\/wp\/v2\/product"}],"about":[{"href":"https:\/\/zoo-land.az\/ru\/wp-json\/wp\/v2\/types\/product"}],"wp:featuredmedia":[{"embeddable":true,"href":"https:\/\/zoo-land.az\/ru\/wp-json\/wp\/v2\/media\/24050"}],"wp:attachment":[{"href":"https:\/\/zoo-land.az\/ru\/wp-json\/wp\/v2\/media?parent=24049"}],"wp:term":[{"taxonomy":"product_cat","embeddable":true,"href":"https:\/\/zoo-land.az\/ru\/wp-json\/wp\/v2\/product_cat?post=24049"},{"taxonomy":"product_tag","embeddable":true,"href":"https:\/\/zoo-land.az\/ru\/wp-json\/wp\/v2\/product_tag?post=24049"}],"curies":[{"name":"wp","href":"https:\/\/api.w.org\/{rel}","templated":true}]}}