{"id":24054,"date":"2024-06-18T09:16:01","date_gmt":"2024-06-18T09:16:01","guid":{"rendered":"https:\/\/lightsteelblue-zebra-299715.hostingersite.com\/?post_type=product&#038;p=24054"},"modified":"2024-06-18T09:16:01","modified_gmt":"2024-06-18T09:16:01","slug":"beaphar-top-10-dog-multivit-180-tab","status":"publish","type":"product","link":"https:\/\/zoo-land.az\/ru\/shop\/dog\/vitamins-dog\/beaphar-top-10-dog-multivit-180-tab\/","title":{"rendered":"Beaphar Top 10 Dog MultiVit 180 tab"},"content":{"rendered":"<p>Beaphar Top 10 are highly palatable, easy-to-use, multi-vitamin tablets for dogs. Beaphar Top 10 contains 10 vitamins, including Vitamin A, B, D and E, to support optimum health, promote vitality and a glossy coat, and essential minerals to support the natural development of bones and teeth. In addition, Beaphar Top 10 contains L-carnitine which is known to help the body to effectively utilise fatty acids and convert them into energy, and increase stamina. Suitable for all breeds of dog.<\/p>","protected":false},"excerpt":{"rendered":"<p>Beaphar Top 10 are highly palatable, easy-to-use, multi-vitamin tablets for dogs. Beaphar Top 10 contains 10 vitamins, including Vitamin A, B, D and E, to support optimum health, promote vitality and a glossy coat, and essential minerals to support the natural development of bones and teeth. In addition, Beaphar Top 10 contains L-carnitine which is known to help the body to effectively utilise fatty acids and convert them into energy, and increase stamina. Suitable for all breeds of dog.<\/p>","protected":false},"featured_media":24056,"template":"","meta":{"inline_featured_image":false,"_joinchat":[]},"product_cat":[107,366],"product_tag":[],"class_list":{"0":"post-24054","1":"product","2":"type-product","3":"status-publish","4":"has-post-thumbnail","6":"product_brand-beaphar","7":"product_cat-dog","8":"product_cat-vitamins-dog","10":"first","11":"instock","12":"shipping-taxable","13":"purchasable","14":"product-type-simple"},"yoast_head":"<!-- This site is optimized with the Yoast SEO plugin v26.7 - https:\/\/yoast.com\/wordpress\/plugins\/seo\/ -->\n<title>Beaphar Top 10 Dog MultiVit 180 tab - Zooland.az<\/title>\n<meta name=\"robots\" content=\"index, follow, max-snippet:-1, max-image-preview:large, max-video-preview:-1\" \/>\n<link rel=\"canonical\" href=\"https:\/\/zoo-land.az\/ru\/shop\/dog\/vitamins-dog\/beaphar-top-10-dog-multivit-180-tab\/\" \/>\n<meta property=\"og:locale\" content=\"ru_RU\" \/>\n<meta property=\"og:type\" content=\"article\" \/>\n<meta property=\"og:title\" content=\"Beaphar Top 10 Dog MultiVit 180 tab - Zooland.az\" \/>\n<meta property=\"og:description\" content=\"Beaphar Top 10 are highly palatable, easy-to-use, multi-vitamin tablets for dogs. Beaphar Top 10 contains 10 vitamins, including Vitamin A, B, D and E, to support optimum health, promote vitality and a glossy coat, and essential minerals to support the natural development of bones and teeth. In addition, Beaphar Top 10 contains L-carnitine which is known to help the body to effectively utilise fatty acids and convert them into energy, and increase stamina. Suitable for all breeds of dog.\" \/>\n<meta property=\"og:url\" content=\"https:\/\/zoo-land.az\/ru\/shop\/dog\/vitamins-dog\/beaphar-top-10-dog-multivit-180-tab\/\" \/>\n<meta property=\"og:site_name\" content=\"Zooland.az\" \/>\n<meta property=\"og:image\" content=\"https:\/\/zoo-land.az\/wp-content\/uploads\/2024\/06\/10394-hero_1605885394-1.jpg\" \/>\n\t<meta property=\"og:image:width\" content=\"1000\" \/>\n\t<meta property=\"og:image:height\" content=\"761\" \/>\n\t<meta property=\"og:image:type\" content=\"image\/jpeg\" \/>\n<meta name=\"twitter:card\" content=\"summary_large_image\" \/>\n<meta name=\"twitter:label1\" content=\"\u041f\u0440\u0438\u043c\u0435\u0440\u043d\u043e\u0435 \u0432\u0440\u0435\u043c\u044f \u0434\u043b\u044f \u0447\u0442\u0435\u043d\u0438\u044f\" \/>\n\t<meta name=\"twitter:data1\" content=\"1 \u043c\u0438\u043d\u0443\u0442\u0430\" \/>\n<script type=\"application\/ld+json\" class=\"yoast-schema-graph\">{\"@context\":\"https:\/\/schema.org\",\"@graph\":[{\"@type\":\"WebPage\",\"@id\":\"https:\/\/zoo-land.az\/shop\/dog\/vitamins-dog\/beaphar-top-10-dog-multivit-180-tab\/\",\"url\":\"https:\/\/zoo-land.az\/shop\/dog\/vitamins-dog\/beaphar-top-10-dog-multivit-180-tab\/\",\"name\":\"Beaphar Top 10 Dog MultiVit 180 tab - Zooland.az\",\"isPartOf\":{\"@id\":\"https:\/\/zoo-land.az\/#website\"},\"primaryImageOfPage\":{\"@id\":\"https:\/\/zoo-land.az\/shop\/dog\/vitamins-dog\/beaphar-top-10-dog-multivit-180-tab\/#primaryimage\"},\"image\":{\"@id\":\"https:\/\/zoo-land.az\/shop\/dog\/vitamins-dog\/beaphar-top-10-dog-multivit-180-tab\/#primaryimage\"},\"thumbnailUrl\":\"https:\/\/zoo-land.az\/wp-content\/uploads\/2024\/06\/10394-hero_1605885394-1.jpg\",\"datePublished\":\"2024-06-18T09:16:01+00:00\",\"breadcrumb\":{\"@id\":\"https:\/\/zoo-land.az\/shop\/dog\/vitamins-dog\/beaphar-top-10-dog-multivit-180-tab\/#breadcrumb\"},\"inLanguage\":\"ru-RU\",\"potentialAction\":[{\"@type\":\"ReadAction\",\"target\":[\"https:\/\/zoo-land.az\/shop\/dog\/vitamins-dog\/beaphar-top-10-dog-multivit-180-tab\/\"]}]},{\"@type\":\"ImageObject\",\"inLanguage\":\"ru-RU\",\"@id\":\"https:\/\/zoo-land.az\/shop\/dog\/vitamins-dog\/beaphar-top-10-dog-multivit-180-tab\/#primaryimage\",\"url\":\"https:\/\/zoo-land.az\/wp-content\/uploads\/2024\/06\/10394-hero_1605885394-1.jpg\",\"contentUrl\":\"https:\/\/zoo-land.az\/wp-content\/uploads\/2024\/06\/10394-hero_1605885394-1.jpg\",\"width\":1000,\"height\":761},{\"@type\":\"BreadcrumbList\",\"@id\":\"https:\/\/zoo-land.az\/shop\/dog\/vitamins-dog\/beaphar-top-10-dog-multivit-180-tab\/#breadcrumb\",\"itemListElement\":[{\"@type\":\"ListItem\",\"position\":1,\"name\":\"Home\",\"item\":\"https:\/\/zoo-land.az\/ru\/\"},{\"@type\":\"ListItem\",\"position\":2,\"name\":\"Shop\",\"item\":\"https:\/\/zoo-land.az\/ru\/\"},{\"@type\":\"ListItem\",\"position\":3,\"name\":\"Beaphar Top 10 Dog MultiVit 180 tab\"}]},{\"@type\":\"WebSite\",\"@id\":\"https:\/\/zoo-land.az\/#website\",\"url\":\"https:\/\/zoo-land.az\/\",\"name\":\"Zooland.az\",\"description\":\"Xo\u015fb\u0259xt ev heyvanlar\u0131n\u0131n \u00fcnvan\u0131 Zooland.az\",\"publisher\":{\"@id\":\"https:\/\/zoo-land.az\/#organization\"},\"potentialAction\":[{\"@type\":\"SearchAction\",\"target\":{\"@type\":\"EntryPoint\",\"urlTemplate\":\"https:\/\/zoo-land.az\/?s={search_term_string}\"},\"query-input\":{\"@type\":\"PropertyValueSpecification\",\"valueRequired\":true,\"valueName\":\"search_term_string\"}}],\"inLanguage\":\"ru-RU\"},{\"@type\":\"Organization\",\"@id\":\"https:\/\/zoo-land.az\/#organization\",\"name\":\"Zooland.az\",\"url\":\"https:\/\/zoo-land.az\/\",\"logo\":{\"@type\":\"ImageObject\",\"inLanguage\":\"ru-RU\",\"@id\":\"https:\/\/zoo-land.az\/#\/schema\/logo\/image\/\",\"url\":\"https:\/\/zoo-land.az\/wp-content\/uploads\/2022\/05\/logo.svg\",\"contentUrl\":\"https:\/\/zoo-land.az\/wp-content\/uploads\/2022\/05\/logo.svg\",\"width\":113,\"height\":46,\"caption\":\"Zooland.az\"},\"image\":{\"@id\":\"https:\/\/zoo-land.az\/#\/schema\/logo\/image\/\"}}]}<\/script>\n<!-- \/ Yoast SEO plugin. -->","yoast_head_json":{"title":"Beaphar Top 10 Dog MultiVit 180 tab - Zooland.az","robots":{"index":"index","follow":"follow","max-snippet":"max-snippet:-1","max-image-preview":"max-image-preview:large","max-video-preview":"max-video-preview:-1"},"canonical":"https:\/\/zoo-land.az\/ru\/shop\/dog\/vitamins-dog\/beaphar-top-10-dog-multivit-180-tab\/","og_locale":"ru_RU","og_type":"article","og_title":"Beaphar Top 10 Dog MultiVit 180 tab - Zooland.az","og_description":"Beaphar Top 10 are highly palatable, easy-to-use, multi-vitamin tablets for dogs. Beaphar Top 10 contains 10 vitamins, including Vitamin A, B, D and E, to support optimum health, promote vitality and a glossy coat, and essential minerals to support the natural development of bones and teeth. In addition, Beaphar Top 10 contains L-carnitine which is known to help the body to effectively utilise fatty acids and convert them into energy, and increase stamina. Suitable for all breeds of dog.","og_url":"https:\/\/zoo-land.az\/ru\/shop\/dog\/vitamins-dog\/beaphar-top-10-dog-multivit-180-tab\/","og_site_name":"Zooland.az","og_image":[{"width":1000,"height":761,"url":"https:\/\/zoo-land.az\/wp-content\/uploads\/2024\/06\/10394-hero_1605885394-1.jpg","type":"image\/jpeg"}],"twitter_card":"summary_large_image","twitter_misc":{"\u041f\u0440\u0438\u043c\u0435\u0440\u043d\u043e\u0435 \u0432\u0440\u0435\u043c\u044f \u0434\u043b\u044f \u0447\u0442\u0435\u043d\u0438\u044f":"1 \u043c\u0438\u043d\u0443\u0442\u0430"},"schema":{"@context":"https:\/\/schema.org","@graph":[{"@type":"WebPage","@id":"https:\/\/zoo-land.az\/shop\/dog\/vitamins-dog\/beaphar-top-10-dog-multivit-180-tab\/","url":"https:\/\/zoo-land.az\/shop\/dog\/vitamins-dog\/beaphar-top-10-dog-multivit-180-tab\/","name":"Beaphar Top 10 Dog MultiVit 180 tab - Zooland.az","isPartOf":{"@id":"https:\/\/zoo-land.az\/#website"},"primaryImageOfPage":{"@id":"https:\/\/zoo-land.az\/shop\/dog\/vitamins-dog\/beaphar-top-10-dog-multivit-180-tab\/#primaryimage"},"image":{"@id":"https:\/\/zoo-land.az\/shop\/dog\/vitamins-dog\/beaphar-top-10-dog-multivit-180-tab\/#primaryimage"},"thumbnailUrl":"https:\/\/zoo-land.az\/wp-content\/uploads\/2024\/06\/10394-hero_1605885394-1.jpg","datePublished":"2024-06-18T09:16:01+00:00","breadcrumb":{"@id":"https:\/\/zoo-land.az\/shop\/dog\/vitamins-dog\/beaphar-top-10-dog-multivit-180-tab\/#breadcrumb"},"inLanguage":"ru-RU","potentialAction":[{"@type":"ReadAction","target":["https:\/\/zoo-land.az\/shop\/dog\/vitamins-dog\/beaphar-top-10-dog-multivit-180-tab\/"]}]},{"@type":"ImageObject","inLanguage":"ru-RU","@id":"https:\/\/zoo-land.az\/shop\/dog\/vitamins-dog\/beaphar-top-10-dog-multivit-180-tab\/#primaryimage","url":"https:\/\/zoo-land.az\/wp-content\/uploads\/2024\/06\/10394-hero_1605885394-1.jpg","contentUrl":"https:\/\/zoo-land.az\/wp-content\/uploads\/2024\/06\/10394-hero_1605885394-1.jpg","width":1000,"height":761},{"@type":"BreadcrumbList","@id":"https:\/\/zoo-land.az\/shop\/dog\/vitamins-dog\/beaphar-top-10-dog-multivit-180-tab\/#breadcrumb","itemListElement":[{"@type":"ListItem","position":1,"name":"Home","item":"https:\/\/zoo-land.az\/ru\/"},{"@type":"ListItem","position":2,"name":"Shop","item":"https:\/\/zoo-land.az\/ru\/"},{"@type":"ListItem","position":3,"name":"Beaphar Top 10 Dog MultiVit 180 tab"}]},{"@type":"WebSite","@id":"https:\/\/zoo-land.az\/#website","url":"https:\/\/zoo-land.az\/","name":"Zooland.az","description":"Xo\u015fb\u0259xt ev heyvanlar\u0131n\u0131n \u00fcnvan\u0131 Zooland.az","publisher":{"@id":"https:\/\/zoo-land.az\/#organization"},"potentialAction":[{"@type":"SearchAction","target":{"@type":"EntryPoint","urlTemplate":"https:\/\/zoo-land.az\/?s={search_term_string}"},"query-input":{"@type":"PropertyValueSpecification","valueRequired":true,"valueName":"search_term_string"}}],"inLanguage":"ru-RU"},{"@type":"Organization","@id":"https:\/\/zoo-land.az\/#organization","name":"Zooland.az","url":"https:\/\/zoo-land.az\/","logo":{"@type":"ImageObject","inLanguage":"ru-RU","@id":"https:\/\/zoo-land.az\/#\/schema\/logo\/image\/","url":"https:\/\/zoo-land.az\/wp-content\/uploads\/2022\/05\/logo.svg","contentUrl":"https:\/\/zoo-land.az\/wp-content\/uploads\/2022\/05\/logo.svg","width":113,"height":46,"caption":"Zooland.az"},"image":{"@id":"https:\/\/zoo-land.az\/#\/schema\/logo\/image\/"}}]}},"_links":{"self":[{"href":"https:\/\/zoo-land.az\/ru\/wp-json\/wp\/v2\/product\/24054","targetHints":{"allow":["GET"]}}],"collection":[{"href":"https:\/\/zoo-land.az\/ru\/wp-json\/wp\/v2\/product"}],"about":[{"href":"https:\/\/zoo-land.az\/ru\/wp-json\/wp\/v2\/types\/product"}],"wp:featuredmedia":[{"embeddable":true,"href":"https:\/\/zoo-land.az\/ru\/wp-json\/wp\/v2\/media\/24056"}],"wp:attachment":[{"href":"https:\/\/zoo-land.az\/ru\/wp-json\/wp\/v2\/media?parent=24054"}],"wp:term":[{"taxonomy":"product_cat","embeddable":true,"href":"https:\/\/zoo-land.az\/ru\/wp-json\/wp\/v2\/product_cat?post=24054"},{"taxonomy":"product_tag","embeddable":true,"href":"https:\/\/zoo-land.az\/ru\/wp-json\/wp\/v2\/product_tag?post=24054"}],"curies":[{"name":"wp","href":"https:\/\/api.w.org\/{rel}","templated":true}]}}