{"id":24104,"date":"2024-06-18T10:33:00","date_gmt":"2024-06-18T10:33:00","guid":{"rendered":"https:\/\/lightsteelblue-zebra-299715.hostingersite.com\/?post_type=product&#038;p=24104"},"modified":"2024-06-18T10:33:00","modified_gmt":"2024-06-18T10:33:00","slug":"beaphar-cat-toilet-deodorant-150-ml","status":"publish","type":"product","link":"https:\/\/zoo-land.az\/ru\/shop\/cat\/cat-hygenic\/cat-parfum\/beaphar-cat-toilet-deodorant-150-ml\/","title":{"rendered":"\u0414\u0435\u0437\u043e\u0434\u043e\u0440\u0430\u043d\u0442 \u0434\u043b\u044f \u0442\u0443\u0430\u043b\u0435\u0442\u0430 Beaphar Cat 150 \u043c\u043b"},"content":{"rendered":"<p>Cat Toilet Deodorant Neutralizer eliminates unpleasant odors from cat litter boxes.<\/p>\n<ul>\n<li>Pleasant fragrance freshens the area around your pet&#8217;s toilet.<\/li>\n<li>Helps remove stains from cat litter boxes and prevents buildup.<\/li>\n<li>Directions for use: Shake well before use. Clean the cat litter box and thoroughly spray the inside with the deodorant spray. Allow to dry. Sprinkle cat litter into the box and spray over it. Repeat application daily.<\/li>\n<li>Do not use on animals.<\/li>\n<\/ul>\n<p>Composition: Water, perfume, polysorbate 80, sodium lauryl sulfate, propylene glycol, 5-bromo-5-nitro-1,3-dioxane.<\/p>\n<p>Caution: Keep out of reach of children. Avoid spraying into eyes. Do not inhale. Use in well-ventilated areas. Store at room temperature.<\/p>","protected":false},"excerpt":{"rendered":"<p>Cat Toilet Deodorant Neutralizer eliminates unpleasant odors from cat litter boxes.<\/p>","protected":false},"featured_media":24105,"template":"","meta":{"inline_featured_image":false,"_joinchat":[]},"product_cat":[188,199,214],"product_tag":[],"class_list":{"0":"post-24104","1":"product","2":"type-product","3":"status-publish","4":"has-post-thumbnail","6":"product_brand-beaphar","7":"product_cat-cat","8":"product_cat-cat-hygenic","9":"product_cat-cat-parfum","11":"first","12":"instock","13":"shipping-taxable","14":"purchasable","15":"product-type-simple"},"yoast_head":"<!-- This site is optimized with the Yoast SEO plugin v27.4 - https:\/\/yoast.com\/product\/yoast-seo-wordpress\/ -->\n<title>Beaphar Cat Toilet Deodorant 150 ml - Zooland.az<\/title>\n<meta name=\"robots\" content=\"index, follow, max-snippet:-1, max-image-preview:large, max-video-preview:-1\" \/>\n<link rel=\"canonical\" href=\"https:\/\/zoo-land.az\/ru\/shop\/cat\/cat-hygenic\/cat-parfum\/beaphar-cat-toilet-deodorant-150-ml\/\" \/>\n<meta property=\"og:locale\" content=\"ru_RU\" \/>\n<meta property=\"og:type\" content=\"article\" \/>\n<meta property=\"og:title\" content=\"Beaphar Cat Toilet Deodorant 150 ml - Zooland.az\" \/>\n<meta property=\"og:description\" content=\"Cat Toilet Deodorant Neutralizer eliminates unpleasant odors from cat litter boxes.\" \/>\n<meta property=\"og:url\" content=\"https:\/\/zoo-land.az\/ru\/shop\/cat\/cat-hygenic\/cat-parfum\/beaphar-cat-toilet-deodorant-150-ml\/\" \/>\n<meta property=\"og:site_name\" content=\"Zooland.az\" \/>\n<meta property=\"og:image\" content=\"https:\/\/zoo-land.az\/wp-content\/uploads\/2024\/06\/neutralizer-beaphar-cat-toilet-deodorant-150ml.jpg\" \/>\n\t<meta property=\"og:image:width\" content=\"1200\" \/>\n\t<meta property=\"og:image:height\" content=\"630\" \/>\n\t<meta property=\"og:image:type\" content=\"image\/jpeg\" \/>\n<meta name=\"twitter:card\" content=\"summary_large_image\" \/>\n<meta name=\"twitter:label1\" content=\"\u041f\u0440\u0438\u043c\u0435\u0440\u043d\u043e\u0435 \u0432\u0440\u0435\u043c\u044f \u0434\u043b\u044f \u0447\u0442\u0435\u043d\u0438\u044f\" \/>\n\t<meta name=\"twitter:data1\" content=\"1 \u043c\u0438\u043d\u0443\u0442\u0430\" \/>\n<script type=\"application\/ld+json\" class=\"yoast-schema-graph\">{\"@context\":\"https:\\\/\\\/schema.org\",\"@graph\":[{\"@type\":\"WebPage\",\"@id\":\"https:\\\/\\\/zoo-land.az\\\/az\\\/shop\\\/cat\\\/cat-hygenic\\\/cat-parfum\\\/beaphar-cat-toilet-deodorant-150-ml\\\/\",\"url\":\"https:\\\/\\\/zoo-land.az\\\/az\\\/shop\\\/cat\\\/cat-hygenic\\\/cat-parfum\\\/beaphar-cat-toilet-deodorant-150-ml\\\/\",\"name\":\"Beaphar Cat Toilet Deodorant 150 ml - Zooland.az\",\"isPartOf\":{\"@id\":\"https:\\\/\\\/zoo-land.az\\\/#website\"},\"primaryImageOfPage\":{\"@id\":\"https:\\\/\\\/zoo-land.az\\\/az\\\/shop\\\/cat\\\/cat-hygenic\\\/cat-parfum\\\/beaphar-cat-toilet-deodorant-150-ml\\\/#primaryimage\"},\"image\":{\"@id\":\"https:\\\/\\\/zoo-land.az\\\/az\\\/shop\\\/cat\\\/cat-hygenic\\\/cat-parfum\\\/beaphar-cat-toilet-deodorant-150-ml\\\/#primaryimage\"},\"thumbnailUrl\":\"https:\\\/\\\/zoo-land.az\\\/wp-content\\\/uploads\\\/2024\\\/06\\\/neutralizer-beaphar-cat-toilet-deodorant-150ml.jpg\",\"datePublished\":\"2024-06-18T10:33:00+00:00\",\"breadcrumb\":{\"@id\":\"https:\\\/\\\/zoo-land.az\\\/az\\\/shop\\\/cat\\\/cat-hygenic\\\/cat-parfum\\\/beaphar-cat-toilet-deodorant-150-ml\\\/#breadcrumb\"},\"inLanguage\":\"ru-RU\",\"potentialAction\":[{\"@type\":\"ReadAction\",\"target\":[\"https:\\\/\\\/zoo-land.az\\\/az\\\/shop\\\/cat\\\/cat-hygenic\\\/cat-parfum\\\/beaphar-cat-toilet-deodorant-150-ml\\\/\"]}]},{\"@type\":\"ImageObject\",\"inLanguage\":\"ru-RU\",\"@id\":\"https:\\\/\\\/zoo-land.az\\\/az\\\/shop\\\/cat\\\/cat-hygenic\\\/cat-parfum\\\/beaphar-cat-toilet-deodorant-150-ml\\\/#primaryimage\",\"url\":\"https:\\\/\\\/zoo-land.az\\\/wp-content\\\/uploads\\\/2024\\\/06\\\/neutralizer-beaphar-cat-toilet-deodorant-150ml.jpg\",\"contentUrl\":\"https:\\\/\\\/zoo-land.az\\\/wp-content\\\/uploads\\\/2024\\\/06\\\/neutralizer-beaphar-cat-toilet-deodorant-150ml.jpg\",\"width\":1200,\"height\":630},{\"@type\":\"BreadcrumbList\",\"@id\":\"https:\\\/\\\/zoo-land.az\\\/az\\\/shop\\\/cat\\\/cat-hygenic\\\/cat-parfum\\\/beaphar-cat-toilet-deodorant-150-ml\\\/#breadcrumb\",\"itemListElement\":[{\"@type\":\"ListItem\",\"position\":1,\"name\":\"Home\",\"item\":\"https:\\\/\\\/zoo-land.az\\\/ru\\\/\"},{\"@type\":\"ListItem\",\"position\":2,\"name\":\"Shop\",\"item\":\"https:\\\/\\\/zoo-land.az\\\/ru\\\/\"},{\"@type\":\"ListItem\",\"position\":3,\"name\":\"Beaphar Cat Toilet Deodorant 150 ml\"}]},{\"@type\":\"WebSite\",\"@id\":\"https:\\\/\\\/zoo-land.az\\\/#website\",\"url\":\"https:\\\/\\\/zoo-land.az\\\/\",\"name\":\"Zooland.az\",\"description\":\"Xo\u015fb\u0259xt ev heyvanlar\u0131n\u0131n \u00fcnvan\u0131 Zooland.az\",\"publisher\":{\"@id\":\"https:\\\/\\\/zoo-land.az\\\/#organization\"},\"potentialAction\":[{\"@type\":\"SearchAction\",\"target\":{\"@type\":\"EntryPoint\",\"urlTemplate\":\"https:\\\/\\\/zoo-land.az\\\/?s={search_term_string}\"},\"query-input\":{\"@type\":\"PropertyValueSpecification\",\"valueRequired\":true,\"valueName\":\"search_term_string\"}}],\"inLanguage\":\"ru-RU\"},{\"@type\":\"Organization\",\"@id\":\"https:\\\/\\\/zoo-land.az\\\/#organization\",\"name\":\"Zooland.az\",\"url\":\"https:\\\/\\\/zoo-land.az\\\/\",\"logo\":{\"@type\":\"ImageObject\",\"inLanguage\":\"ru-RU\",\"@id\":\"https:\\\/\\\/zoo-land.az\\\/#\\\/schema\\\/logo\\\/image\\\/\",\"url\":\"https:\\\/\\\/zoo-land.az\\\/wp-content\\\/uploads\\\/2022\\\/05\\\/logo.svg\",\"contentUrl\":\"https:\\\/\\\/zoo-land.az\\\/wp-content\\\/uploads\\\/2022\\\/05\\\/logo.svg\",\"width\":113,\"height\":46,\"caption\":\"Zooland.az\"},\"image\":{\"@id\":\"https:\\\/\\\/zoo-land.az\\\/#\\\/schema\\\/logo\\\/image\\\/\"}}]}<\/script>\n<!-- \/ Yoast SEO plugin. -->","yoast_head_json":{"title":"Beaphar Cat Toilet Deodorant 150 ml - Zooland.az","robots":{"index":"index","follow":"follow","max-snippet":"max-snippet:-1","max-image-preview":"max-image-preview:large","max-video-preview":"max-video-preview:-1"},"canonical":"https:\/\/zoo-land.az\/ru\/shop\/cat\/cat-hygenic\/cat-parfum\/beaphar-cat-toilet-deodorant-150-ml\/","og_locale":"ru_RU","og_type":"article","og_title":"Beaphar Cat Toilet Deodorant 150 ml - Zooland.az","og_description":"Cat Toilet Deodorant Neutralizer eliminates unpleasant odors from cat litter boxes.","og_url":"https:\/\/zoo-land.az\/ru\/shop\/cat\/cat-hygenic\/cat-parfum\/beaphar-cat-toilet-deodorant-150-ml\/","og_site_name":"Zooland.az","og_image":[{"width":1200,"height":630,"url":"https:\/\/zoo-land.az\/wp-content\/uploads\/2024\/06\/neutralizer-beaphar-cat-toilet-deodorant-150ml.jpg","type":"image\/jpeg"}],"twitter_card":"summary_large_image","twitter_misc":{"\u041f\u0440\u0438\u043c\u0435\u0440\u043d\u043e\u0435 \u0432\u0440\u0435\u043c\u044f \u0434\u043b\u044f \u0447\u0442\u0435\u043d\u0438\u044f":"1 \u043c\u0438\u043d\u0443\u0442\u0430"},"schema":{"@context":"https:\/\/schema.org","@graph":[{"@type":"WebPage","@id":"https:\/\/zoo-land.az\/az\/shop\/cat\/cat-hygenic\/cat-parfum\/beaphar-cat-toilet-deodorant-150-ml\/","url":"https:\/\/zoo-land.az\/az\/shop\/cat\/cat-hygenic\/cat-parfum\/beaphar-cat-toilet-deodorant-150-ml\/","name":"Beaphar Cat Toilet Deodorant 150 ml - Zooland.az","isPartOf":{"@id":"https:\/\/zoo-land.az\/#website"},"primaryImageOfPage":{"@id":"https:\/\/zoo-land.az\/az\/shop\/cat\/cat-hygenic\/cat-parfum\/beaphar-cat-toilet-deodorant-150-ml\/#primaryimage"},"image":{"@id":"https:\/\/zoo-land.az\/az\/shop\/cat\/cat-hygenic\/cat-parfum\/beaphar-cat-toilet-deodorant-150-ml\/#primaryimage"},"thumbnailUrl":"https:\/\/zoo-land.az\/wp-content\/uploads\/2024\/06\/neutralizer-beaphar-cat-toilet-deodorant-150ml.jpg","datePublished":"2024-06-18T10:33:00+00:00","breadcrumb":{"@id":"https:\/\/zoo-land.az\/az\/shop\/cat\/cat-hygenic\/cat-parfum\/beaphar-cat-toilet-deodorant-150-ml\/#breadcrumb"},"inLanguage":"ru-RU","potentialAction":[{"@type":"ReadAction","target":["https:\/\/zoo-land.az\/az\/shop\/cat\/cat-hygenic\/cat-parfum\/beaphar-cat-toilet-deodorant-150-ml\/"]}]},{"@type":"ImageObject","inLanguage":"ru-RU","@id":"https:\/\/zoo-land.az\/az\/shop\/cat\/cat-hygenic\/cat-parfum\/beaphar-cat-toilet-deodorant-150-ml\/#primaryimage","url":"https:\/\/zoo-land.az\/wp-content\/uploads\/2024\/06\/neutralizer-beaphar-cat-toilet-deodorant-150ml.jpg","contentUrl":"https:\/\/zoo-land.az\/wp-content\/uploads\/2024\/06\/neutralizer-beaphar-cat-toilet-deodorant-150ml.jpg","width":1200,"height":630},{"@type":"BreadcrumbList","@id":"https:\/\/zoo-land.az\/az\/shop\/cat\/cat-hygenic\/cat-parfum\/beaphar-cat-toilet-deodorant-150-ml\/#breadcrumb","itemListElement":[{"@type":"ListItem","position":1,"name":"Home","item":"https:\/\/zoo-land.az\/ru\/"},{"@type":"ListItem","position":2,"name":"Shop","item":"https:\/\/zoo-land.az\/ru\/"},{"@type":"ListItem","position":3,"name":"Beaphar Cat Toilet Deodorant 150 ml"}]},{"@type":"WebSite","@id":"https:\/\/zoo-land.az\/#website","url":"https:\/\/zoo-land.az\/","name":"Zooland.az","description":"Xo\u015fb\u0259xt ev heyvanlar\u0131n\u0131n \u00fcnvan\u0131 Zooland.az","publisher":{"@id":"https:\/\/zoo-land.az\/#organization"},"potentialAction":[{"@type":"SearchAction","target":{"@type":"EntryPoint","urlTemplate":"https:\/\/zoo-land.az\/?s={search_term_string}"},"query-input":{"@type":"PropertyValueSpecification","valueRequired":true,"valueName":"search_term_string"}}],"inLanguage":"ru-RU"},{"@type":"Organization","@id":"https:\/\/zoo-land.az\/#organization","name":"Zooland.az","url":"https:\/\/zoo-land.az\/","logo":{"@type":"ImageObject","inLanguage":"ru-RU","@id":"https:\/\/zoo-land.az\/#\/schema\/logo\/image\/","url":"https:\/\/zoo-land.az\/wp-content\/uploads\/2022\/05\/logo.svg","contentUrl":"https:\/\/zoo-land.az\/wp-content\/uploads\/2022\/05\/logo.svg","width":113,"height":46,"caption":"Zooland.az"},"image":{"@id":"https:\/\/zoo-land.az\/#\/schema\/logo\/image\/"}}]}},"_links":{"self":[{"href":"https:\/\/zoo-land.az\/ru\/wp-json\/wp\/v2\/product\/24104","targetHints":{"allow":["GET"]}}],"collection":[{"href":"https:\/\/zoo-land.az\/ru\/wp-json\/wp\/v2\/product"}],"about":[{"href":"https:\/\/zoo-land.az\/ru\/wp-json\/wp\/v2\/types\/product"}],"wp:featuredmedia":[{"embeddable":true,"href":"https:\/\/zoo-land.az\/ru\/wp-json\/wp\/v2\/media\/24105"}],"wp:attachment":[{"href":"https:\/\/zoo-land.az\/ru\/wp-json\/wp\/v2\/media?parent=24104"}],"wp:term":[{"taxonomy":"product_cat","embeddable":true,"href":"https:\/\/zoo-land.az\/ru\/wp-json\/wp\/v2\/product_cat?post=24104"},{"taxonomy":"product_tag","embeddable":true,"href":"https:\/\/zoo-land.az\/ru\/wp-json\/wp\/v2\/product_tag?post=24104"}],"curies":[{"name":"wp","href":"https:\/\/api.w.org\/{rel}","templated":true}]}}