{"id":24107,"date":"2024-06-18T11:13:36","date_gmt":"2024-06-18T11:13:36","guid":{"rendered":"https:\/\/lightsteelblue-zebra-299715.hostingersite.com\/?post_type=product&#038;p=24107"},"modified":"2024-06-18T11:13:36","modified_gmt":"2024-06-18T11:13:36","slug":"beaphar-provitamin-shampoo-anti-tangle-dog-250-ml","status":"publish","type":"product","link":"https:\/\/zoo-land.az\/ru\/shop\/dog\/dog-hygenic\/shampoo\/beaphar-provitamin-shampoo-anti-tangle-dog-250-ml\/","title":{"rendered":"Beaphar ProVitamin Shampoo Anti Tangle Dog 250 ml"},"content":{"rendered":"<p>The provitamin shampoo is specially designed for gentle care of dogs with long hair. It nourishes the hair from the roots, leaving it with a special shine and well-groomed appearance after use. It facilitates easier combing, prevents the formation of mats, and protects long hair from damage. The shampoo is pH-neutral for animal skin, making it suitable for dogs with sensitive skin. It features a pleasant fruity aroma and comes in a 250 ml volume.<\/p>\n<p>\u0421\u043e\u0441\u0442\u0430\u0432:<br \/>\nWater, sodium laureth sulfate, cocamide DEA, cocamidopropyl betaine, PEG-15 cocopolyamine, sodium hydrophosphate, sodium chloride, glycerin, glycol distearate, cocamide MEA, potassium dihydrogen phosphate, 1,2-propanediol, orthophosphoric acid, laureth-10, 5-bromo-5-nitro-1,3-dioxane, colors E 102 and E 122.<\/p>\n<p>Directions for use:<br \/>\nThe shampoo is concentrated and can be diluted with water at a 1:1 ratio. The amount of shampoo used depends on the size of the dog. Wet the hair with warm water and apply the shampoo, gently massaging to lather. Leave it on for 2-3 minutes and rinse thoroughly. Towel dry the coat after rinsing.<\/p>\n<p>&nbsp;<\/p>","protected":false},"excerpt":{"rendered":"<p>The provitamin shampoo is specially designed for gentle care of dogs with long hair. It nourishes the hair from the roots, leaving it with a special shine and well-groomed appearance after use. It facilitates easier combing, prevents the formation of mats, and protects long hair from damage. The shampoo is pH-neutral for animal skin, making it suitable for dogs with sensitive skin. It features a pleasant fruity aroma and comes in a 250 ml volume.<\/p>","protected":false},"featured_media":24108,"template":"","meta":{"inline_featured_image":false,"_joinchat":[]},"product_cat":[107,166,355],"product_tag":[],"class_list":{"0":"post-24107","1":"product","2":"type-product","3":"status-publish","4":"has-post-thumbnail","6":"product_brand-beaphar","7":"product_cat-dog","8":"product_cat-dog-hygenic","9":"product_cat-shampoo","11":"first","12":"instock","13":"shipping-taxable","14":"purchasable","15":"product-type-simple"},"yoast_head":"<!-- This site is optimized with the Yoast SEO plugin v26.7 - https:\/\/yoast.com\/wordpress\/plugins\/seo\/ -->\n<title>Beaphar ProVitamin Shampoo Anti Tangle Dog 250 ml - Zooland.az<\/title>\n<meta name=\"robots\" content=\"index, follow, max-snippet:-1, max-image-preview:large, max-video-preview:-1\" \/>\n<link rel=\"canonical\" href=\"https:\/\/zoo-land.az\/ru\/shop\/dog\/dog-hygenic\/shampoo\/beaphar-provitamin-shampoo-anti-tangle-dog-250-ml\/\" \/>\n<meta property=\"og:locale\" content=\"ru_RU\" \/>\n<meta property=\"og:type\" content=\"article\" \/>\n<meta property=\"og:title\" content=\"Beaphar ProVitamin Shampoo Anti Tangle Dog 250 ml - Zooland.az\" \/>\n<meta property=\"og:description\" content=\"The provitamin shampoo is specially designed for gentle care of dogs with long hair. It nourishes the hair from the roots, leaving it with a special shine and well-groomed appearance after use. It facilitates easier combing, prevents the formation of mats, and protects long hair from damage. The shampoo is pH-neutral for animal skin, making it suitable for dogs with sensitive skin. It features a pleasant fruity aroma and comes in a 250 ml volume.\" \/>\n<meta property=\"og:url\" content=\"https:\/\/zoo-land.az\/ru\/shop\/dog\/dog-hygenic\/shampoo\/beaphar-provitamin-shampoo-anti-tangle-dog-250-ml\/\" \/>\n<meta property=\"og:site_name\" content=\"Zooland.az\" \/>\n<meta property=\"og:image\" content=\"https:\/\/zoo-land.az\/wp-content\/uploads\/2024\/06\/261942-9331ceacf9934cfa17e0ff6a0cc20590.jpg\" \/>\n\t<meta property=\"og:image:width\" content=\"840\" \/>\n\t<meta property=\"og:image:height\" content=\"840\" \/>\n\t<meta property=\"og:image:type\" content=\"image\/jpeg\" \/>\n<meta name=\"twitter:card\" content=\"summary_large_image\" \/>\n<meta name=\"twitter:label1\" content=\"\u041f\u0440\u0438\u043c\u0435\u0440\u043d\u043e\u0435 \u0432\u0440\u0435\u043c\u044f \u0434\u043b\u044f \u0447\u0442\u0435\u043d\u0438\u044f\" \/>\n\t<meta name=\"twitter:data1\" content=\"1 \u043c\u0438\u043d\u0443\u0442\u0430\" \/>\n<script type=\"application\/ld+json\" class=\"yoast-schema-graph\">{\"@context\":\"https:\/\/schema.org\",\"@graph\":[{\"@type\":\"WebPage\",\"@id\":\"https:\/\/zoo-land.az\/az\/shop\/dog\/dog-hygenic\/shampoo\/beaphar-provitamin-shampoo-anti-tangle-dog-250-ml\/\",\"url\":\"https:\/\/zoo-land.az\/az\/shop\/dog\/dog-hygenic\/shampoo\/beaphar-provitamin-shampoo-anti-tangle-dog-250-ml\/\",\"name\":\"Beaphar ProVitamin Shampoo Anti Tangle Dog 250 ml - Zooland.az\",\"isPartOf\":{\"@id\":\"https:\/\/zoo-land.az\/#website\"},\"primaryImageOfPage\":{\"@id\":\"https:\/\/zoo-land.az\/az\/shop\/dog\/dog-hygenic\/shampoo\/beaphar-provitamin-shampoo-anti-tangle-dog-250-ml\/#primaryimage\"},\"image\":{\"@id\":\"https:\/\/zoo-land.az\/az\/shop\/dog\/dog-hygenic\/shampoo\/beaphar-provitamin-shampoo-anti-tangle-dog-250-ml\/#primaryimage\"},\"thumbnailUrl\":\"https:\/\/zoo-land.az\/wp-content\/uploads\/2024\/06\/261942-9331ceacf9934cfa17e0ff6a0cc20590.jpg\",\"datePublished\":\"2024-06-18T11:13:36+00:00\",\"breadcrumb\":{\"@id\":\"https:\/\/zoo-land.az\/az\/shop\/dog\/dog-hygenic\/shampoo\/beaphar-provitamin-shampoo-anti-tangle-dog-250-ml\/#breadcrumb\"},\"inLanguage\":\"ru-RU\",\"potentialAction\":[{\"@type\":\"ReadAction\",\"target\":[\"https:\/\/zoo-land.az\/az\/shop\/dog\/dog-hygenic\/shampoo\/beaphar-provitamin-shampoo-anti-tangle-dog-250-ml\/\"]}]},{\"@type\":\"ImageObject\",\"inLanguage\":\"ru-RU\",\"@id\":\"https:\/\/zoo-land.az\/az\/shop\/dog\/dog-hygenic\/shampoo\/beaphar-provitamin-shampoo-anti-tangle-dog-250-ml\/#primaryimage\",\"url\":\"https:\/\/zoo-land.az\/wp-content\/uploads\/2024\/06\/261942-9331ceacf9934cfa17e0ff6a0cc20590.jpg\",\"contentUrl\":\"https:\/\/zoo-land.az\/wp-content\/uploads\/2024\/06\/261942-9331ceacf9934cfa17e0ff6a0cc20590.jpg\",\"width\":840,\"height\":840},{\"@type\":\"BreadcrumbList\",\"@id\":\"https:\/\/zoo-land.az\/az\/shop\/dog\/dog-hygenic\/shampoo\/beaphar-provitamin-shampoo-anti-tangle-dog-250-ml\/#breadcrumb\",\"itemListElement\":[{\"@type\":\"ListItem\",\"position\":1,\"name\":\"Home\",\"item\":\"https:\/\/zoo-land.az\/ru\/\"},{\"@type\":\"ListItem\",\"position\":2,\"name\":\"Shop\",\"item\":\"https:\/\/zoo-land.az\/ru\/\"},{\"@type\":\"ListItem\",\"position\":3,\"name\":\"Beaphar ProVitamin Shampoo Anti Tangle Dog 250 ml\"}]},{\"@type\":\"WebSite\",\"@id\":\"https:\/\/zoo-land.az\/#website\",\"url\":\"https:\/\/zoo-land.az\/\",\"name\":\"Zooland.az\",\"description\":\"Xo\u015fb\u0259xt ev heyvanlar\u0131n\u0131n \u00fcnvan\u0131 Zooland.az\",\"publisher\":{\"@id\":\"https:\/\/zoo-land.az\/#organization\"},\"potentialAction\":[{\"@type\":\"SearchAction\",\"target\":{\"@type\":\"EntryPoint\",\"urlTemplate\":\"https:\/\/zoo-land.az\/?s={search_term_string}\"},\"query-input\":{\"@type\":\"PropertyValueSpecification\",\"valueRequired\":true,\"valueName\":\"search_term_string\"}}],\"inLanguage\":\"ru-RU\"},{\"@type\":\"Organization\",\"@id\":\"https:\/\/zoo-land.az\/#organization\",\"name\":\"Zooland.az\",\"url\":\"https:\/\/zoo-land.az\/\",\"logo\":{\"@type\":\"ImageObject\",\"inLanguage\":\"ru-RU\",\"@id\":\"https:\/\/zoo-land.az\/#\/schema\/logo\/image\/\",\"url\":\"https:\/\/zoo-land.az\/wp-content\/uploads\/2022\/05\/logo.svg\",\"contentUrl\":\"https:\/\/zoo-land.az\/wp-content\/uploads\/2022\/05\/logo.svg\",\"width\":113,\"height\":46,\"caption\":\"Zooland.az\"},\"image\":{\"@id\":\"https:\/\/zoo-land.az\/#\/schema\/logo\/image\/\"}}]}<\/script>\n<!-- \/ Yoast SEO plugin. -->","yoast_head_json":{"title":"Beaphar ProVitamin Shampoo Anti Tangle Dog 250 ml - Zooland.az","robots":{"index":"index","follow":"follow","max-snippet":"max-snippet:-1","max-image-preview":"max-image-preview:large","max-video-preview":"max-video-preview:-1"},"canonical":"https:\/\/zoo-land.az\/ru\/shop\/dog\/dog-hygenic\/shampoo\/beaphar-provitamin-shampoo-anti-tangle-dog-250-ml\/","og_locale":"ru_RU","og_type":"article","og_title":"Beaphar ProVitamin Shampoo Anti Tangle Dog 250 ml - Zooland.az","og_description":"The provitamin shampoo is specially designed for gentle care of dogs with long hair. It nourishes the hair from the roots, leaving it with a special shine and well-groomed appearance after use. It facilitates easier combing, prevents the formation of mats, and protects long hair from damage. The shampoo is pH-neutral for animal skin, making it suitable for dogs with sensitive skin. It features a pleasant fruity aroma and comes in a 250 ml volume.","og_url":"https:\/\/zoo-land.az\/ru\/shop\/dog\/dog-hygenic\/shampoo\/beaphar-provitamin-shampoo-anti-tangle-dog-250-ml\/","og_site_name":"Zooland.az","og_image":[{"width":840,"height":840,"url":"https:\/\/zoo-land.az\/wp-content\/uploads\/2024\/06\/261942-9331ceacf9934cfa17e0ff6a0cc20590.jpg","type":"image\/jpeg"}],"twitter_card":"summary_large_image","twitter_misc":{"\u041f\u0440\u0438\u043c\u0435\u0440\u043d\u043e\u0435 \u0432\u0440\u0435\u043c\u044f \u0434\u043b\u044f \u0447\u0442\u0435\u043d\u0438\u044f":"1 \u043c\u0438\u043d\u0443\u0442\u0430"},"schema":{"@context":"https:\/\/schema.org","@graph":[{"@type":"WebPage","@id":"https:\/\/zoo-land.az\/az\/shop\/dog\/dog-hygenic\/shampoo\/beaphar-provitamin-shampoo-anti-tangle-dog-250-ml\/","url":"https:\/\/zoo-land.az\/az\/shop\/dog\/dog-hygenic\/shampoo\/beaphar-provitamin-shampoo-anti-tangle-dog-250-ml\/","name":"Beaphar ProVitamin Shampoo Anti Tangle Dog 250 ml - Zooland.az","isPartOf":{"@id":"https:\/\/zoo-land.az\/#website"},"primaryImageOfPage":{"@id":"https:\/\/zoo-land.az\/az\/shop\/dog\/dog-hygenic\/shampoo\/beaphar-provitamin-shampoo-anti-tangle-dog-250-ml\/#primaryimage"},"image":{"@id":"https:\/\/zoo-land.az\/az\/shop\/dog\/dog-hygenic\/shampoo\/beaphar-provitamin-shampoo-anti-tangle-dog-250-ml\/#primaryimage"},"thumbnailUrl":"https:\/\/zoo-land.az\/wp-content\/uploads\/2024\/06\/261942-9331ceacf9934cfa17e0ff6a0cc20590.jpg","datePublished":"2024-06-18T11:13:36+00:00","breadcrumb":{"@id":"https:\/\/zoo-land.az\/az\/shop\/dog\/dog-hygenic\/shampoo\/beaphar-provitamin-shampoo-anti-tangle-dog-250-ml\/#breadcrumb"},"inLanguage":"ru-RU","potentialAction":[{"@type":"ReadAction","target":["https:\/\/zoo-land.az\/az\/shop\/dog\/dog-hygenic\/shampoo\/beaphar-provitamin-shampoo-anti-tangle-dog-250-ml\/"]}]},{"@type":"ImageObject","inLanguage":"ru-RU","@id":"https:\/\/zoo-land.az\/az\/shop\/dog\/dog-hygenic\/shampoo\/beaphar-provitamin-shampoo-anti-tangle-dog-250-ml\/#primaryimage","url":"https:\/\/zoo-land.az\/wp-content\/uploads\/2024\/06\/261942-9331ceacf9934cfa17e0ff6a0cc20590.jpg","contentUrl":"https:\/\/zoo-land.az\/wp-content\/uploads\/2024\/06\/261942-9331ceacf9934cfa17e0ff6a0cc20590.jpg","width":840,"height":840},{"@type":"BreadcrumbList","@id":"https:\/\/zoo-land.az\/az\/shop\/dog\/dog-hygenic\/shampoo\/beaphar-provitamin-shampoo-anti-tangle-dog-250-ml\/#breadcrumb","itemListElement":[{"@type":"ListItem","position":1,"name":"Home","item":"https:\/\/zoo-land.az\/ru\/"},{"@type":"ListItem","position":2,"name":"Shop","item":"https:\/\/zoo-land.az\/ru\/"},{"@type":"ListItem","position":3,"name":"Beaphar ProVitamin Shampoo Anti Tangle Dog 250 ml"}]},{"@type":"WebSite","@id":"https:\/\/zoo-land.az\/#website","url":"https:\/\/zoo-land.az\/","name":"Zooland.az","description":"Xo\u015fb\u0259xt ev heyvanlar\u0131n\u0131n \u00fcnvan\u0131 Zooland.az","publisher":{"@id":"https:\/\/zoo-land.az\/#organization"},"potentialAction":[{"@type":"SearchAction","target":{"@type":"EntryPoint","urlTemplate":"https:\/\/zoo-land.az\/?s={search_term_string}"},"query-input":{"@type":"PropertyValueSpecification","valueRequired":true,"valueName":"search_term_string"}}],"inLanguage":"ru-RU"},{"@type":"Organization","@id":"https:\/\/zoo-land.az\/#organization","name":"Zooland.az","url":"https:\/\/zoo-land.az\/","logo":{"@type":"ImageObject","inLanguage":"ru-RU","@id":"https:\/\/zoo-land.az\/#\/schema\/logo\/image\/","url":"https:\/\/zoo-land.az\/wp-content\/uploads\/2022\/05\/logo.svg","contentUrl":"https:\/\/zoo-land.az\/wp-content\/uploads\/2022\/05\/logo.svg","width":113,"height":46,"caption":"Zooland.az"},"image":{"@id":"https:\/\/zoo-land.az\/#\/schema\/logo\/image\/"}}]}},"_links":{"self":[{"href":"https:\/\/zoo-land.az\/ru\/wp-json\/wp\/v2\/product\/24107","targetHints":{"allow":["GET"]}}],"collection":[{"href":"https:\/\/zoo-land.az\/ru\/wp-json\/wp\/v2\/product"}],"about":[{"href":"https:\/\/zoo-land.az\/ru\/wp-json\/wp\/v2\/types\/product"}],"wp:featuredmedia":[{"embeddable":true,"href":"https:\/\/zoo-land.az\/ru\/wp-json\/wp\/v2\/media\/24108"}],"wp:attachment":[{"href":"https:\/\/zoo-land.az\/ru\/wp-json\/wp\/v2\/media?parent=24107"}],"wp:term":[{"taxonomy":"product_cat","embeddable":true,"href":"https:\/\/zoo-land.az\/ru\/wp-json\/wp\/v2\/product_cat?post=24107"},{"taxonomy":"product_tag","embeddable":true,"href":"https:\/\/zoo-land.az\/ru\/wp-json\/wp\/v2\/product_tag?post=24107"}],"curies":[{"name":"wp","href":"https:\/\/api.w.org\/{rel}","templated":true}]}}