{"id":24115,"date":"2024-06-18T11:21:07","date_gmt":"2024-06-18T11:21:07","guid":{"rendered":"https:\/\/lightsteelblue-zebra-299715.hostingersite.com\/?post_type=product&#038;p=24115"},"modified":"2024-06-18T11:21:08","modified_gmt":"2024-06-18T11:21:08","slug":"beaphar-bio-dry-shampoo-spray-200-ml","status":"publish","type":"product","link":"https:\/\/zoo-land.az\/ru\/shop\/cat\/cat-hygenic\/cat-hairwashes\/beaphar-bio-dry-shampoo-spray-200-ml\/","title":{"rendered":"Beaphar Bio \u0421\u0443\u0445\u043e\u0439 \u0448\u0430\u043c\u043f\u0443\u043d\u044c-\u0441\u043f\u0440\u0435\u0439 200 \u043c\u043b"},"content":{"rendered":"<p>Beaphar BIO Dry Shampoo Spray, 200 ml<\/p>\n<ul>\n<li>Cleans and moisturizes the fur of dogs and cats without additional bathing.<\/li>\n<li>Contains aloe vera gel, gently moisturizing the skin and giving fur a glossy appearance.<\/li>\n<li>Enriched with organic extracts of pomegranate and poppy flowers, which enhance fur shine and help restore its elasticity.<\/li>\n<li>Neutral pH level.<\/li>\n<li>Free from parabens, silicones, and artificial colors.<\/li>\n<li>Contains plant-derived bioactive components and holds an ECOCERT ecological certification.<\/li>\n<li>Packaging is fully recyclable.<\/li>\n<\/ul>\n<p>Ingredients: Water, aloe leaf extract, glycerin, ammonium lauryl sulfate, benzyl alcohol, tomato fruit extract, perfume composition, aqueous poppy flower extract, gluconolactone, dehydroacetic acid, benzoic acid, sodium benzoate, sodium hydroxide, linalool, limonene, citric acid, calcium gluconate, eugenol, citronellol, common pomegranate fruit extract, potassium sorbate. Active components obtained through environmentally friendly cultivation.<\/p>\n<p>Directions for use: Shake well before use. Apply the spray onto the fur from a distance of 20 cm. Massage into the fur and leave for several minutes. Then, thoroughly brush the fur.<\/p>\n<p>Volume: 200 ml<\/p>","protected":false},"excerpt":{"rendered":"<p>Directions for use: Shake well before use. Apply the spray onto the fur from a distance of 20 cm. Massage into the fur and leave for several minutes. Then, thoroughly brush the fur.<\/p>","protected":false},"featured_media":24116,"template":"","meta":{"inline_featured_image":false,"_joinchat":[]},"product_cat":[188,107,166,199,355,200],"product_tag":[],"class_list":{"0":"post-24115","1":"product","2":"type-product","3":"status-publish","4":"has-post-thumbnail","6":"product_brand-beaphar","7":"product_cat-cat","8":"product_cat-dog","9":"product_cat-dog-hygenic","10":"product_cat-cat-hygenic","11":"product_cat-shampoo","12":"product_cat-cat-hairwashes","14":"first","15":"instock","16":"shipping-taxable","17":"purchasable","18":"product-type-simple"},"yoast_head":"<!-- This site is optimized with the Yoast SEO plugin v26.7 - https:\/\/yoast.com\/wordpress\/plugins\/seo\/ -->\n<title>Beaphar Bio Dry Shampoo spray 200 ml - Zooland.az<\/title>\n<meta name=\"robots\" content=\"index, follow, max-snippet:-1, max-image-preview:large, max-video-preview:-1\" \/>\n<link rel=\"canonical\" href=\"https:\/\/zoo-land.az\/ru\/shop\/cat\/cat-hygenic\/cat-hairwashes\/beaphar-bio-dry-shampoo-spray-200-ml\/\" \/>\n<meta property=\"og:locale\" content=\"ru_RU\" \/>\n<meta property=\"og:type\" content=\"article\" \/>\n<meta property=\"og:title\" content=\"Beaphar Bio Dry Shampoo spray 200 ml - Zooland.az\" \/>\n<meta property=\"og:description\" content=\"Directions for use: Shake well before use. Apply the spray onto the fur from a distance of 20 cm. Massage into the fur and leave for several minutes. Then, thoroughly brush the fur.\" \/>\n<meta property=\"og:url\" content=\"https:\/\/zoo-land.az\/ru\/shop\/cat\/cat-hygenic\/cat-hairwashes\/beaphar-bio-dry-shampoo-spray-200-ml\/\" \/>\n<meta property=\"og:site_name\" content=\"Zooland.az\" \/>\n<meta property=\"article:modified_time\" content=\"2024-06-18T11:21:08+00:00\" \/>\n<meta property=\"og:image\" content=\"https:\/\/zoo-land.az\/wp-content\/uploads\/2024\/06\/sredstvo-dlja-ukhoda-za-sherstju-beaphar-bio-dry-shampoo-spray-200-ml-original.jpg\" \/>\n\t<meta property=\"og:image:width\" content=\"900\" \/>\n\t<meta property=\"og:image:height\" content=\"900\" \/>\n\t<meta property=\"og:image:type\" content=\"image\/jpeg\" \/>\n<meta name=\"twitter:card\" content=\"summary_large_image\" \/>\n<meta name=\"twitter:label1\" content=\"\u041f\u0440\u0438\u043c\u0435\u0440\u043d\u043e\u0435 \u0432\u0440\u0435\u043c\u044f \u0434\u043b\u044f \u0447\u0442\u0435\u043d\u0438\u044f\" \/>\n\t<meta name=\"twitter:data1\" content=\"1 \u043c\u0438\u043d\u0443\u0442\u0430\" \/>\n<script type=\"application\/ld+json\" class=\"yoast-schema-graph\">{\"@context\":\"https:\/\/schema.org\",\"@graph\":[{\"@type\":\"WebPage\",\"@id\":\"https:\/\/zoo-land.az\/shop\/cat\/cat-hygenic\/cat-hairwashes\/beaphar-bio-dry-shampoo-spray-200-ml\/\",\"url\":\"https:\/\/zoo-land.az\/shop\/cat\/cat-hygenic\/cat-hairwashes\/beaphar-bio-dry-shampoo-spray-200-ml\/\",\"name\":\"Beaphar Bio Dry Shampoo spray 200 ml - Zooland.az\",\"isPartOf\":{\"@id\":\"https:\/\/zoo-land.az\/#website\"},\"primaryImageOfPage\":{\"@id\":\"https:\/\/zoo-land.az\/shop\/cat\/cat-hygenic\/cat-hairwashes\/beaphar-bio-dry-shampoo-spray-200-ml\/#primaryimage\"},\"image\":{\"@id\":\"https:\/\/zoo-land.az\/shop\/cat\/cat-hygenic\/cat-hairwashes\/beaphar-bio-dry-shampoo-spray-200-ml\/#primaryimage\"},\"thumbnailUrl\":\"https:\/\/zoo-land.az\/wp-content\/uploads\/2024\/06\/sredstvo-dlja-ukhoda-za-sherstju-beaphar-bio-dry-shampoo-spray-200-ml-original.jpg\",\"datePublished\":\"2024-06-18T11:21:07+00:00\",\"dateModified\":\"2024-06-18T11:21:08+00:00\",\"breadcrumb\":{\"@id\":\"https:\/\/zoo-land.az\/shop\/cat\/cat-hygenic\/cat-hairwashes\/beaphar-bio-dry-shampoo-spray-200-ml\/#breadcrumb\"},\"inLanguage\":\"ru-RU\",\"potentialAction\":[{\"@type\":\"ReadAction\",\"target\":[\"https:\/\/zoo-land.az\/shop\/cat\/cat-hygenic\/cat-hairwashes\/beaphar-bio-dry-shampoo-spray-200-ml\/\"]}]},{\"@type\":\"ImageObject\",\"inLanguage\":\"ru-RU\",\"@id\":\"https:\/\/zoo-land.az\/shop\/cat\/cat-hygenic\/cat-hairwashes\/beaphar-bio-dry-shampoo-spray-200-ml\/#primaryimage\",\"url\":\"https:\/\/zoo-land.az\/wp-content\/uploads\/2024\/06\/sredstvo-dlja-ukhoda-za-sherstju-beaphar-bio-dry-shampoo-spray-200-ml-original.jpg\",\"contentUrl\":\"https:\/\/zoo-land.az\/wp-content\/uploads\/2024\/06\/sredstvo-dlja-ukhoda-za-sherstju-beaphar-bio-dry-shampoo-spray-200-ml-original.jpg\",\"width\":900,\"height\":900},{\"@type\":\"BreadcrumbList\",\"@id\":\"https:\/\/zoo-land.az\/shop\/cat\/cat-hygenic\/cat-hairwashes\/beaphar-bio-dry-shampoo-spray-200-ml\/#breadcrumb\",\"itemListElement\":[{\"@type\":\"ListItem\",\"position\":1,\"name\":\"Home\",\"item\":\"https:\/\/zoo-land.az\/ru\/\"},{\"@type\":\"ListItem\",\"position\":2,\"name\":\"Shop\",\"item\":\"https:\/\/zoo-land.az\/ru\/\"},{\"@type\":\"ListItem\",\"position\":3,\"name\":\"Beaphar Bio Dry Shampoo spray 200 ml\"}]},{\"@type\":\"WebSite\",\"@id\":\"https:\/\/zoo-land.az\/#website\",\"url\":\"https:\/\/zoo-land.az\/\",\"name\":\"Zooland.az\",\"description\":\"Xo\u015fb\u0259xt ev heyvanlar\u0131n\u0131n \u00fcnvan\u0131 Zooland.az\",\"publisher\":{\"@id\":\"https:\/\/zoo-land.az\/#organization\"},\"potentialAction\":[{\"@type\":\"SearchAction\",\"target\":{\"@type\":\"EntryPoint\",\"urlTemplate\":\"https:\/\/zoo-land.az\/?s={search_term_string}\"},\"query-input\":{\"@type\":\"PropertyValueSpecification\",\"valueRequired\":true,\"valueName\":\"search_term_string\"}}],\"inLanguage\":\"ru-RU\"},{\"@type\":\"Organization\",\"@id\":\"https:\/\/zoo-land.az\/#organization\",\"name\":\"Zooland.az\",\"url\":\"https:\/\/zoo-land.az\/\",\"logo\":{\"@type\":\"ImageObject\",\"inLanguage\":\"ru-RU\",\"@id\":\"https:\/\/zoo-land.az\/#\/schema\/logo\/image\/\",\"url\":\"https:\/\/zoo-land.az\/wp-content\/uploads\/2022\/05\/logo.svg\",\"contentUrl\":\"https:\/\/zoo-land.az\/wp-content\/uploads\/2022\/05\/logo.svg\",\"width\":113,\"height\":46,\"caption\":\"Zooland.az\"},\"image\":{\"@id\":\"https:\/\/zoo-land.az\/#\/schema\/logo\/image\/\"}}]}<\/script>\n<!-- \/ Yoast SEO plugin. -->","yoast_head_json":{"title":"Beaphar Bio Dry Shampoo spray 200 ml - Zooland.az","robots":{"index":"index","follow":"follow","max-snippet":"max-snippet:-1","max-image-preview":"max-image-preview:large","max-video-preview":"max-video-preview:-1"},"canonical":"https:\/\/zoo-land.az\/ru\/shop\/cat\/cat-hygenic\/cat-hairwashes\/beaphar-bio-dry-shampoo-spray-200-ml\/","og_locale":"ru_RU","og_type":"article","og_title":"Beaphar Bio Dry Shampoo spray 200 ml - Zooland.az","og_description":"Directions for use: Shake well before use. Apply the spray onto the fur from a distance of 20 cm. Massage into the fur and leave for several minutes. Then, thoroughly brush the fur.","og_url":"https:\/\/zoo-land.az\/ru\/shop\/cat\/cat-hygenic\/cat-hairwashes\/beaphar-bio-dry-shampoo-spray-200-ml\/","og_site_name":"Zooland.az","article_modified_time":"2024-06-18T11:21:08+00:00","og_image":[{"width":900,"height":900,"url":"https:\/\/zoo-land.az\/wp-content\/uploads\/2024\/06\/sredstvo-dlja-ukhoda-za-sherstju-beaphar-bio-dry-shampoo-spray-200-ml-original.jpg","type":"image\/jpeg"}],"twitter_card":"summary_large_image","twitter_misc":{"\u041f\u0440\u0438\u043c\u0435\u0440\u043d\u043e\u0435 \u0432\u0440\u0435\u043c\u044f \u0434\u043b\u044f \u0447\u0442\u0435\u043d\u0438\u044f":"1 \u043c\u0438\u043d\u0443\u0442\u0430"},"schema":{"@context":"https:\/\/schema.org","@graph":[{"@type":"WebPage","@id":"https:\/\/zoo-land.az\/shop\/cat\/cat-hygenic\/cat-hairwashes\/beaphar-bio-dry-shampoo-spray-200-ml\/","url":"https:\/\/zoo-land.az\/shop\/cat\/cat-hygenic\/cat-hairwashes\/beaphar-bio-dry-shampoo-spray-200-ml\/","name":"Beaphar Bio Dry Shampoo spray 200 ml - Zooland.az","isPartOf":{"@id":"https:\/\/zoo-land.az\/#website"},"primaryImageOfPage":{"@id":"https:\/\/zoo-land.az\/shop\/cat\/cat-hygenic\/cat-hairwashes\/beaphar-bio-dry-shampoo-spray-200-ml\/#primaryimage"},"image":{"@id":"https:\/\/zoo-land.az\/shop\/cat\/cat-hygenic\/cat-hairwashes\/beaphar-bio-dry-shampoo-spray-200-ml\/#primaryimage"},"thumbnailUrl":"https:\/\/zoo-land.az\/wp-content\/uploads\/2024\/06\/sredstvo-dlja-ukhoda-za-sherstju-beaphar-bio-dry-shampoo-spray-200-ml-original.jpg","datePublished":"2024-06-18T11:21:07+00:00","dateModified":"2024-06-18T11:21:08+00:00","breadcrumb":{"@id":"https:\/\/zoo-land.az\/shop\/cat\/cat-hygenic\/cat-hairwashes\/beaphar-bio-dry-shampoo-spray-200-ml\/#breadcrumb"},"inLanguage":"ru-RU","potentialAction":[{"@type":"ReadAction","target":["https:\/\/zoo-land.az\/shop\/cat\/cat-hygenic\/cat-hairwashes\/beaphar-bio-dry-shampoo-spray-200-ml\/"]}]},{"@type":"ImageObject","inLanguage":"ru-RU","@id":"https:\/\/zoo-land.az\/shop\/cat\/cat-hygenic\/cat-hairwashes\/beaphar-bio-dry-shampoo-spray-200-ml\/#primaryimage","url":"https:\/\/zoo-land.az\/wp-content\/uploads\/2024\/06\/sredstvo-dlja-ukhoda-za-sherstju-beaphar-bio-dry-shampoo-spray-200-ml-original.jpg","contentUrl":"https:\/\/zoo-land.az\/wp-content\/uploads\/2024\/06\/sredstvo-dlja-ukhoda-za-sherstju-beaphar-bio-dry-shampoo-spray-200-ml-original.jpg","width":900,"height":900},{"@type":"BreadcrumbList","@id":"https:\/\/zoo-land.az\/shop\/cat\/cat-hygenic\/cat-hairwashes\/beaphar-bio-dry-shampoo-spray-200-ml\/#breadcrumb","itemListElement":[{"@type":"ListItem","position":1,"name":"Home","item":"https:\/\/zoo-land.az\/ru\/"},{"@type":"ListItem","position":2,"name":"Shop","item":"https:\/\/zoo-land.az\/ru\/"},{"@type":"ListItem","position":3,"name":"Beaphar Bio Dry Shampoo spray 200 ml"}]},{"@type":"WebSite","@id":"https:\/\/zoo-land.az\/#website","url":"https:\/\/zoo-land.az\/","name":"Zooland.az","description":"Xo\u015fb\u0259xt ev heyvanlar\u0131n\u0131n \u00fcnvan\u0131 Zooland.az","publisher":{"@id":"https:\/\/zoo-land.az\/#organization"},"potentialAction":[{"@type":"SearchAction","target":{"@type":"EntryPoint","urlTemplate":"https:\/\/zoo-land.az\/?s={search_term_string}"},"query-input":{"@type":"PropertyValueSpecification","valueRequired":true,"valueName":"search_term_string"}}],"inLanguage":"ru-RU"},{"@type":"Organization","@id":"https:\/\/zoo-land.az\/#organization","name":"Zooland.az","url":"https:\/\/zoo-land.az\/","logo":{"@type":"ImageObject","inLanguage":"ru-RU","@id":"https:\/\/zoo-land.az\/#\/schema\/logo\/image\/","url":"https:\/\/zoo-land.az\/wp-content\/uploads\/2022\/05\/logo.svg","contentUrl":"https:\/\/zoo-land.az\/wp-content\/uploads\/2022\/05\/logo.svg","width":113,"height":46,"caption":"Zooland.az"},"image":{"@id":"https:\/\/zoo-land.az\/#\/schema\/logo\/image\/"}}]}},"_links":{"self":[{"href":"https:\/\/zoo-land.az\/ru\/wp-json\/wp\/v2\/product\/24115","targetHints":{"allow":["GET"]}}],"collection":[{"href":"https:\/\/zoo-land.az\/ru\/wp-json\/wp\/v2\/product"}],"about":[{"href":"https:\/\/zoo-land.az\/ru\/wp-json\/wp\/v2\/types\/product"}],"wp:featuredmedia":[{"embeddable":true,"href":"https:\/\/zoo-land.az\/ru\/wp-json\/wp\/v2\/media\/24116"}],"wp:attachment":[{"href":"https:\/\/zoo-land.az\/ru\/wp-json\/wp\/v2\/media?parent=24115"}],"wp:term":[{"taxonomy":"product_cat","embeddable":true,"href":"https:\/\/zoo-land.az\/ru\/wp-json\/wp\/v2\/product_cat?post=24115"},{"taxonomy":"product_tag","embeddable":true,"href":"https:\/\/zoo-land.az\/ru\/wp-json\/wp\/v2\/product_tag?post=24115"}],"curies":[{"name":"wp","href":"https:\/\/api.w.org\/{rel}","templated":true}]}}