{"id":24117,"date":"2024-06-18T11:23:22","date_gmt":"2024-06-18T11:23:22","guid":{"rendered":"https:\/\/lightsteelblue-zebra-299715.hostingersite.com\/?post_type=product&#038;p=24117"},"modified":"2024-06-18T11:23:23","modified_gmt":"2024-06-18T11:23:23","slug":"beaphar-spray-anti-tangle-200-ml","status":"publish","type":"product","link":"https:\/\/zoo-land.az\/ru\/shop\/cat\/cat-hygenic\/cat-ceams-sprays\/beaphar-spray-anti-tangle-200-ml\/","title":{"rendered":"Beaphar \u0421\u043f\u0440\u0435\u0439 \u043f\u0440\u043e\u0442\u0438\u0432 \u0441\u043f\u0443\u0442\u044b\u0432\u0430\u043d\u0438\u044f \u0432\u043e\u043b\u043e\u0441 200 \u043c\u043b"},"content":{"rendered":"<div class=\"product-bottom__paragraph\" data-v-b3ce31de=\"\">\n<p class=\"whitespace-pre-line\" data-v-b3ce31de=\"\">The Beaphar Detangling Spray for dogs and cats facilitates the removal of tangles in the coat, without rinsing. The spray contains Aloe Vera Gel from biological agriculture, which moisturizes the skin and softens the coat. The Ecocert label guarantees the natural origin of the ingredients used. The spray, enriched with borage oil and mint, nourishes, strengthens and revitalizes the coat. The spray restores the suppleness of the hair, making it easier to detangle. The neutral pH value of this anti-tangling spray respects your animal&#8217;s coat.<\/p>\n<\/div>\n<div class=\"product-bottom__paragraph\" data-v-b3ce31de=\"\">\n<h3 class=\"product-bottom__paragraph-title\" data-v-b3ce31de=\"\">Instructions<\/h3>\n<p class=\"whitespace-pre-line\" data-v-b3ce31de=\"\">Shake the bottle well before use. Spray your pet\u2019s coat thoroughly from a distance of approximately 20cm. Gently massage, leave for a few minutes and comb through. No rinsing required.<\/p>\n<\/div>\n<div class=\"product-bottom__paragraph\" data-v-b3ce31de=\"\">\n<h3 class=\"product-bottom__paragraph-title\" data-v-b3ce31de=\"\">\u0421\u043e\u0441\u0442\u0430\u0432<\/h3>\n<ul class=\"mb-6 list-reset\" data-v-b3ce31de=\"\">\n<li data-v-b3ce31de=\"\"><strong data-v-b3ce31de=\"\">\u0418\u043d\u0433\u0440\u0435\u0434\u0438\u0435\u043d\u0442\u044b<\/strong>:\u00a0<span data-v-b3ce31de=\"\">Aqua, aloe barbadensis leaf extract*, polyglyceryl- 4 caprate, benzyl alcohol, mentha piperita leaf water*, parfum, gluconolactone, guar hydroxypropyltrimonium chloride, dehydroacetic acid, sodium hydroxide, sodium benzoate, citric acid, linalool, borago officinalis seed oil*, citronellol, limonene, hordeum vulgare extract*, calcium gluconate, potassium sorbate<\/span><\/li>\n<\/ul>\n<\/div>\n<div class=\"product-bottom__paragraph\" data-v-b3ce31de=\"\"><\/div>","protected":false},"excerpt":{"rendered":"<p>The Beaphar Detangling Spray for dogs and cats facilitates the removal of tangles in the coat, without rinsing. The spray contains Aloe Vera Gel from biological agriculture, which moisturizes the skin and softens the coat. The Ecocert label guarantees the natural origin of the ingredients used. The spray, enriched with borage oil and mint, nourishes, strengthens and revitalizes the coat. The spray restores the suppleness of the hair, making it easier to detangle. The neutral pH value of this anti-tangling spray respects your animal&#8217;s coat.<\/p>","protected":false},"featured_media":24118,"template":"","meta":{"inline_featured_image":false,"_joinchat":[]},"product_cat":[208,174,188,107,199,166],"product_tag":[],"class_list":{"0":"post-24117","1":"product","2":"type-product","3":"status-publish","4":"has-post-thumbnail","6":"product_brand-beaphar","7":"product_cat-cat-ceams-sprays","8":"product_cat-dog-creams-sprays","9":"product_cat-cat","10":"product_cat-dog","11":"product_cat-cat-hygenic","12":"product_cat-dog-hygenic","14":"first","15":"instock","16":"shipping-taxable","17":"purchasable","18":"product-type-simple"},"yoast_head":"<!-- This site is optimized with the Yoast SEO plugin v26.7 - https:\/\/yoast.com\/wordpress\/plugins\/seo\/ -->\n<title>Beaphar Spray Anti Tangle 200 ml - Zooland.az<\/title>\n<meta name=\"robots\" content=\"index, follow, max-snippet:-1, max-image-preview:large, max-video-preview:-1\" \/>\n<link rel=\"canonical\" href=\"https:\/\/zoo-land.az\/ru\/shop\/cat\/cat-hygenic\/cat-ceams-sprays\/beaphar-spray-anti-tangle-200-ml\/\" \/>\n<meta property=\"og:locale\" content=\"ru_RU\" \/>\n<meta property=\"og:type\" content=\"article\" \/>\n<meta property=\"og:title\" content=\"Beaphar Spray Anti Tangle 200 ml - Zooland.az\" \/>\n<meta property=\"og:description\" content=\"The Beaphar Detangling Spray for dogs and cats facilitates the removal of tangles in the coat, without rinsing. The spray contains Aloe Vera Gel from biological agriculture, which moisturizes the skin and softens the coat. The Ecocert label guarantees the natural origin of the ingredients used. The spray, enriched with borage oil and mint, nourishes, strengthens and revitalizes the coat. The spray restores the suppleness of the hair, making it easier to detangle. The neutral pH value of this anti-tangling spray respects your animal&#039;s coat.\" \/>\n<meta property=\"og:url\" content=\"https:\/\/zoo-land.az\/ru\/shop\/cat\/cat-hygenic\/cat-ceams-sprays\/beaphar-spray-anti-tangle-200-ml\/\" \/>\n<meta property=\"og:site_name\" content=\"Zooland.az\" \/>\n<meta property=\"article:modified_time\" content=\"2024-06-18T11:23:23+00:00\" \/>\n<meta property=\"og:image\" content=\"https:\/\/zoo-land.az\/wp-content\/uploads\/2024\/06\/17748-hero_1613833341.jpg\" \/>\n\t<meta property=\"og:image:width\" content=\"269\" \/>\n\t<meta property=\"og:image:height\" content=\"1000\" \/>\n\t<meta property=\"og:image:type\" content=\"image\/jpeg\" \/>\n<meta name=\"twitter:card\" content=\"summary_large_image\" \/>\n<meta name=\"twitter:label1\" content=\"\u041f\u0440\u0438\u043c\u0435\u0440\u043d\u043e\u0435 \u0432\u0440\u0435\u043c\u044f \u0434\u043b\u044f \u0447\u0442\u0435\u043d\u0438\u044f\" \/>\n\t<meta name=\"twitter:data1\" content=\"1 \u043c\u0438\u043d\u0443\u0442\u0430\" \/>\n<script type=\"application\/ld+json\" class=\"yoast-schema-graph\">{\"@context\":\"https:\/\/schema.org\",\"@graph\":[{\"@type\":\"WebPage\",\"@id\":\"https:\/\/zoo-land.az\/shop\/cat\/cat-hygenic\/cat-ceams-sprays\/beaphar-spray-anti-tangle-200-ml\/\",\"url\":\"https:\/\/zoo-land.az\/shop\/cat\/cat-hygenic\/cat-ceams-sprays\/beaphar-spray-anti-tangle-200-ml\/\",\"name\":\"Beaphar Spray Anti Tangle 200 ml - Zooland.az\",\"isPartOf\":{\"@id\":\"https:\/\/zoo-land.az\/#website\"},\"primaryImageOfPage\":{\"@id\":\"https:\/\/zoo-land.az\/shop\/cat\/cat-hygenic\/cat-ceams-sprays\/beaphar-spray-anti-tangle-200-ml\/#primaryimage\"},\"image\":{\"@id\":\"https:\/\/zoo-land.az\/shop\/cat\/cat-hygenic\/cat-ceams-sprays\/beaphar-spray-anti-tangle-200-ml\/#primaryimage\"},\"thumbnailUrl\":\"https:\/\/zoo-land.az\/wp-content\/uploads\/2024\/06\/17748-hero_1613833341.jpg\",\"datePublished\":\"2024-06-18T11:23:22+00:00\",\"dateModified\":\"2024-06-18T11:23:23+00:00\",\"breadcrumb\":{\"@id\":\"https:\/\/zoo-land.az\/shop\/cat\/cat-hygenic\/cat-ceams-sprays\/beaphar-spray-anti-tangle-200-ml\/#breadcrumb\"},\"inLanguage\":\"ru-RU\",\"potentialAction\":[{\"@type\":\"ReadAction\",\"target\":[\"https:\/\/zoo-land.az\/shop\/cat\/cat-hygenic\/cat-ceams-sprays\/beaphar-spray-anti-tangle-200-ml\/\"]}]},{\"@type\":\"ImageObject\",\"inLanguage\":\"ru-RU\",\"@id\":\"https:\/\/zoo-land.az\/shop\/cat\/cat-hygenic\/cat-ceams-sprays\/beaphar-spray-anti-tangle-200-ml\/#primaryimage\",\"url\":\"https:\/\/zoo-land.az\/wp-content\/uploads\/2024\/06\/17748-hero_1613833341.jpg\",\"contentUrl\":\"https:\/\/zoo-land.az\/wp-content\/uploads\/2024\/06\/17748-hero_1613833341.jpg\",\"width\":269,\"height\":1000},{\"@type\":\"BreadcrumbList\",\"@id\":\"https:\/\/zoo-land.az\/shop\/cat\/cat-hygenic\/cat-ceams-sprays\/beaphar-spray-anti-tangle-200-ml\/#breadcrumb\",\"itemListElement\":[{\"@type\":\"ListItem\",\"position\":1,\"name\":\"Home\",\"item\":\"https:\/\/zoo-land.az\/ru\/\"},{\"@type\":\"ListItem\",\"position\":2,\"name\":\"Shop\",\"item\":\"https:\/\/zoo-land.az\/ru\/\"},{\"@type\":\"ListItem\",\"position\":3,\"name\":\"Beaphar Spray Anti Tangle 200 ml\"}]},{\"@type\":\"WebSite\",\"@id\":\"https:\/\/zoo-land.az\/#website\",\"url\":\"https:\/\/zoo-land.az\/\",\"name\":\"Zooland.az\",\"description\":\"Xo\u015fb\u0259xt ev heyvanlar\u0131n\u0131n \u00fcnvan\u0131 Zooland.az\",\"publisher\":{\"@id\":\"https:\/\/zoo-land.az\/#organization\"},\"potentialAction\":[{\"@type\":\"SearchAction\",\"target\":{\"@type\":\"EntryPoint\",\"urlTemplate\":\"https:\/\/zoo-land.az\/?s={search_term_string}\"},\"query-input\":{\"@type\":\"PropertyValueSpecification\",\"valueRequired\":true,\"valueName\":\"search_term_string\"}}],\"inLanguage\":\"ru-RU\"},{\"@type\":\"Organization\",\"@id\":\"https:\/\/zoo-land.az\/#organization\",\"name\":\"Zooland.az\",\"url\":\"https:\/\/zoo-land.az\/\",\"logo\":{\"@type\":\"ImageObject\",\"inLanguage\":\"ru-RU\",\"@id\":\"https:\/\/zoo-land.az\/#\/schema\/logo\/image\/\",\"url\":\"https:\/\/zoo-land.az\/wp-content\/uploads\/2022\/05\/logo.svg\",\"contentUrl\":\"https:\/\/zoo-land.az\/wp-content\/uploads\/2022\/05\/logo.svg\",\"width\":113,\"height\":46,\"caption\":\"Zooland.az\"},\"image\":{\"@id\":\"https:\/\/zoo-land.az\/#\/schema\/logo\/image\/\"}}]}<\/script>\n<!-- \/ Yoast SEO plugin. -->","yoast_head_json":{"title":"Beaphar Spray Anti Tangle 200 ml - Zooland.az","robots":{"index":"index","follow":"follow","max-snippet":"max-snippet:-1","max-image-preview":"max-image-preview:large","max-video-preview":"max-video-preview:-1"},"canonical":"https:\/\/zoo-land.az\/ru\/shop\/cat\/cat-hygenic\/cat-ceams-sprays\/beaphar-spray-anti-tangle-200-ml\/","og_locale":"ru_RU","og_type":"article","og_title":"Beaphar Spray Anti Tangle 200 ml - Zooland.az","og_description":"The Beaphar Detangling Spray for dogs and cats facilitates the removal of tangles in the coat, without rinsing. The spray contains Aloe Vera Gel from biological agriculture, which moisturizes the skin and softens the coat. The Ecocert label guarantees the natural origin of the ingredients used. The spray, enriched with borage oil and mint, nourishes, strengthens and revitalizes the coat. The spray restores the suppleness of the hair, making it easier to detangle. The neutral pH value of this anti-tangling spray respects your animal's coat.","og_url":"https:\/\/zoo-land.az\/ru\/shop\/cat\/cat-hygenic\/cat-ceams-sprays\/beaphar-spray-anti-tangle-200-ml\/","og_site_name":"Zooland.az","article_modified_time":"2024-06-18T11:23:23+00:00","og_image":[{"width":269,"height":1000,"url":"https:\/\/zoo-land.az\/wp-content\/uploads\/2024\/06\/17748-hero_1613833341.jpg","type":"image\/jpeg"}],"twitter_card":"summary_large_image","twitter_misc":{"\u041f\u0440\u0438\u043c\u0435\u0440\u043d\u043e\u0435 \u0432\u0440\u0435\u043c\u044f \u0434\u043b\u044f \u0447\u0442\u0435\u043d\u0438\u044f":"1 \u043c\u0438\u043d\u0443\u0442\u0430"},"schema":{"@context":"https:\/\/schema.org","@graph":[{"@type":"WebPage","@id":"https:\/\/zoo-land.az\/shop\/cat\/cat-hygenic\/cat-ceams-sprays\/beaphar-spray-anti-tangle-200-ml\/","url":"https:\/\/zoo-land.az\/shop\/cat\/cat-hygenic\/cat-ceams-sprays\/beaphar-spray-anti-tangle-200-ml\/","name":"Beaphar Spray Anti Tangle 200 ml - Zooland.az","isPartOf":{"@id":"https:\/\/zoo-land.az\/#website"},"primaryImageOfPage":{"@id":"https:\/\/zoo-land.az\/shop\/cat\/cat-hygenic\/cat-ceams-sprays\/beaphar-spray-anti-tangle-200-ml\/#primaryimage"},"image":{"@id":"https:\/\/zoo-land.az\/shop\/cat\/cat-hygenic\/cat-ceams-sprays\/beaphar-spray-anti-tangle-200-ml\/#primaryimage"},"thumbnailUrl":"https:\/\/zoo-land.az\/wp-content\/uploads\/2024\/06\/17748-hero_1613833341.jpg","datePublished":"2024-06-18T11:23:22+00:00","dateModified":"2024-06-18T11:23:23+00:00","breadcrumb":{"@id":"https:\/\/zoo-land.az\/shop\/cat\/cat-hygenic\/cat-ceams-sprays\/beaphar-spray-anti-tangle-200-ml\/#breadcrumb"},"inLanguage":"ru-RU","potentialAction":[{"@type":"ReadAction","target":["https:\/\/zoo-land.az\/shop\/cat\/cat-hygenic\/cat-ceams-sprays\/beaphar-spray-anti-tangle-200-ml\/"]}]},{"@type":"ImageObject","inLanguage":"ru-RU","@id":"https:\/\/zoo-land.az\/shop\/cat\/cat-hygenic\/cat-ceams-sprays\/beaphar-spray-anti-tangle-200-ml\/#primaryimage","url":"https:\/\/zoo-land.az\/wp-content\/uploads\/2024\/06\/17748-hero_1613833341.jpg","contentUrl":"https:\/\/zoo-land.az\/wp-content\/uploads\/2024\/06\/17748-hero_1613833341.jpg","width":269,"height":1000},{"@type":"BreadcrumbList","@id":"https:\/\/zoo-land.az\/shop\/cat\/cat-hygenic\/cat-ceams-sprays\/beaphar-spray-anti-tangle-200-ml\/#breadcrumb","itemListElement":[{"@type":"ListItem","position":1,"name":"Home","item":"https:\/\/zoo-land.az\/ru\/"},{"@type":"ListItem","position":2,"name":"Shop","item":"https:\/\/zoo-land.az\/ru\/"},{"@type":"ListItem","position":3,"name":"Beaphar Spray Anti Tangle 200 ml"}]},{"@type":"WebSite","@id":"https:\/\/zoo-land.az\/#website","url":"https:\/\/zoo-land.az\/","name":"Zooland.az","description":"Xo\u015fb\u0259xt ev heyvanlar\u0131n\u0131n \u00fcnvan\u0131 Zooland.az","publisher":{"@id":"https:\/\/zoo-land.az\/#organization"},"potentialAction":[{"@type":"SearchAction","target":{"@type":"EntryPoint","urlTemplate":"https:\/\/zoo-land.az\/?s={search_term_string}"},"query-input":{"@type":"PropertyValueSpecification","valueRequired":true,"valueName":"search_term_string"}}],"inLanguage":"ru-RU"},{"@type":"Organization","@id":"https:\/\/zoo-land.az\/#organization","name":"Zooland.az","url":"https:\/\/zoo-land.az\/","logo":{"@type":"ImageObject","inLanguage":"ru-RU","@id":"https:\/\/zoo-land.az\/#\/schema\/logo\/image\/","url":"https:\/\/zoo-land.az\/wp-content\/uploads\/2022\/05\/logo.svg","contentUrl":"https:\/\/zoo-land.az\/wp-content\/uploads\/2022\/05\/logo.svg","width":113,"height":46,"caption":"Zooland.az"},"image":{"@id":"https:\/\/zoo-land.az\/#\/schema\/logo\/image\/"}}]}},"_links":{"self":[{"href":"https:\/\/zoo-land.az\/ru\/wp-json\/wp\/v2\/product\/24117","targetHints":{"allow":["GET"]}}],"collection":[{"href":"https:\/\/zoo-land.az\/ru\/wp-json\/wp\/v2\/product"}],"about":[{"href":"https:\/\/zoo-land.az\/ru\/wp-json\/wp\/v2\/types\/product"}],"wp:featuredmedia":[{"embeddable":true,"href":"https:\/\/zoo-land.az\/ru\/wp-json\/wp\/v2\/media\/24118"}],"wp:attachment":[{"href":"https:\/\/zoo-land.az\/ru\/wp-json\/wp\/v2\/media?parent=24117"}],"wp:term":[{"taxonomy":"product_cat","embeddable":true,"href":"https:\/\/zoo-land.az\/ru\/wp-json\/wp\/v2\/product_cat?post=24117"},{"taxonomy":"product_tag","embeddable":true,"href":"https:\/\/zoo-land.az\/ru\/wp-json\/wp\/v2\/product_tag?post=24117"}],"curies":[{"name":"wp","href":"https:\/\/api.w.org\/{rel}","templated":true}]}}